{"id":96251,"date":"2023-08-30T11:25:15","date_gmt":"2023-08-30T11:25:15","guid":{"rendered":"https:\/\/bobimarket.pl\/index.php\/produkt\/spinki-opaski-zaciskowe-do-roslin-ogrodowe-40szt\/"},"modified":"2025-02-27T16:50:53","modified_gmt":"2025-02-27T16:50:53","slug":"spinki-opaski-zaciskowe-do-roslin-ogrodowe-40szt","status":"publish","type":"product","link":"https:\/\/bobimarket.pl\/index.php\/produkt\/spinki-opaski-zaciskowe-do-roslin-ogrodowe-40szt\/","title":{"rendered":"SPINKI OPASKI ZACISKOWE DO RO\u015aLIN OGRODOWE 40szt."},"content":{"rendered":"<section class=\"section\">\n<div class=\"item item-12\">\n<section class=\"text-item\">\n<h2>SPINKI OPASKI ZACISKOWE DO RO\u015aLIN OGRODOWE 40 szt.<\/h2>\n<p><b>Informacje og\u00f3lne:\u00a0<\/b><\/p>\n<ul>\n<li>Ilo\u015b\u0107 spinek:<b> 40 szt.<\/b><\/li>\n<li>\u015arednica spinki:<b> ok. 2,5 cm<\/b><\/li>\n<li>Kolor: <b>prze\u017aroczysty <\/b><\/li>\n<li>Materia\u0142:<b>\u00a0tworzywo sztuczne<\/b><\/li>\n<li><b>Wygodne zapinanie<\/b><\/li>\n<\/ul>\n<h2>Jak stosowa\u0107 klips ?<\/h2>\n<p>Aby przypi\u0105\u0107 zapink\u0119 do sznurka, nale\u017cy umie\u015bci\u0107 go pomi\u0119dzy z\u0105bkami znajduj\u0105cymi si\u0119 na \u015brodku roz\u0142o\u017conej zapinki. Po zamkni\u0119ciu klipsa, \u017cabki zacisn\u0105 si\u0119 na sznurku, co uniemo\u017cliwi ich przesuwanie si\u0119. Zapink\u0119 mo\u017cna stosowa\u0107 tak\u017ce do \u0142\u0105czenia \u0142odyg ze sob\u0105 lub z podpor\u0105.<\/p>\n<\/section><\/div>\n<\/section>\n<section class=\"section\">\n<div class=\"item item-12\">\n<section class=\"image-item\">\n            <img decoding=\"async\" src=\"https:\/\/upload.cdn.baselinker.com\/products\/14476\/cbeb127d0f8f5be5098d742b32417c8b.jpg\" \/><br \/>\n        <\/section>\n<\/p><\/div>\n<\/section>\n<section class=\"section\">\n<div class=\"item item-12\">\n<section class=\"text-item\">\n<h2>Spinki ogrodowe to doskona\u0142e rozwi\u0105zanie do Twojego ogrodu!<\/h2>\n<p>Uniwersalne spinki ogrodowe do ro\u015blin i nie tylko. Praktyczna w zastosowaniu.\u00a0Za ich pomoc\u0105 mo\u017cna przymocowa\u0107 ro\u015blin\u0119 do tyczki, pergoli, lub podp\u00f3rki. S\u0142u\u017c\u0105cy do mocowania p\u0119d\u00f3w ro\u015blin. Zapewnia pionowy wzrost \u0142odygi chroni\u0105c j\u0105 przed z\u0142amaniem. G\u0142adka powierzchnia nie uszkadza ro\u015bliny a budowa zapewnia lepszy przep\u0142yw powietrza w miejscu mocowania. Dzi\u0119ki wysokiej jako\u015bci wykonaniu, klips mo\u017ce by\u0107 u\u017cywany wielokrotnie.<\/p>\n<ul>\n<li>W <b>szybki i prosty spos\u00f3b mo\u017cna je za\u0142o\u017cy\u0107 i zdj\u0105\u0107<\/b>.<\/li>\n<li>Doskonale nadaje si\u0119 do podtrzymywania\u00a0<b>r\u00f3\u017cnego rodzaju\u00a0ro\u015blin i warzyw<\/b> hodowanych w ogrodach, na dzia\u0142kach itp..\u00a0Przydatna do uprawy ro\u015blin maj\u0105cych tendencj\u0119 do krzywienie si\u0119.<\/li>\n<li><b>Chroni\u0105 delikatne p\u0119dy przed uszkodzeniem<\/b> jednocze\u015bnie pe\u0142ni\u0105c funkcj\u0119 dekoracyjn\u0105. Z ich pomoc\u0105 mo\u017cemy stworzy\u0107 \u0142adn\u0105 kompozycj\u0119, kt\u00f3re b\u0119dzie upi\u0119ksza\u0142a ogr\u00f3d lub rabatk\u0119 z kwiatami.\u00a0<\/li>\n<\/ul>\n<\/section><\/div>\n<\/section>\n<section class=\"section\">\n<div class=\"item item-12\">\n<section class=\"image-item\">\n            <img decoding=\"async\" src=\"https:\/\/upload.cdn.baselinker.com\/products\/14476\/c6a019c7b826edef1707714ca1508c49.jpg\" \/><br \/>\n        <\/section>\n<\/p><\/div>\n<\/section>\n<section class=\"section\">\n<div class=\"item item-12\">\n<section class=\"text-item\">\n<h2>Zastanawiasz si\u0119, czy ogrodowe opaski zaciskowe to rozwi\u0105zanie dla Ciebie ? Zdecydowanie tak!<\/h2>\n<p>\u2705 Sprawdz\u0105 si\u0119 <b>w okresie wczesnego wzrostu<\/b> <b>ro\u015blin<\/b> lub aby pom\u00f3c im utrzyma\u0107 si\u0119 w stabilnej pozycji. Mo\u017cna j\u0105 wykorzysta\u0107 do ro\u015blin doniczkowych, ogrodowych oraz uprawnych.<\/p>\n<p><b>\u2705 <\/b>To bardzo praktyczny element, kt\u00f3ry ma <b>pozytywny wp\u0142yw na ro\u015blin<\/b>y. Przeciwdzia\u0142a \u0142amaniu si\u0119 ro\u015blin oraz gwarantuje prawid\u0142owy wzrost kwiat\u00f3w.<\/p>\n<p>\u2705 Naturalny kolor sprawia, \u017ce jest<b> niemal niewidoczna po\u015br\u00f3d ro\u015blin<\/b>, idealnie si\u0119 z nimi komponuje. Z ich pomoc\u0105 stworzysz oryginaln\u0105 aran\u017cacj\u0119. Ro\u015bliny b\u0119d\u0105 si\u0119 pi\u0119\u0142y si\u0119 w g\u00f3r\u0119 i zdrowo ros\u0142y.<\/p>\n<p>\u2705 Mo\u017cna je wykorzysta\u0107 do monta\u017cu siatek i innych\u00a0 akcesori\u00f3w w ogrodzie.\u00a0<\/p>\n<\/section><\/div>\n<\/section>\n<section class=\"section\">\n<div class=\"item item-12\">\n<section class=\"image-item\">\n            <img decoding=\"async\" src=\"https:\/\/upload.cdn.baselinker.com\/products\/14476\/a2634900d267de3cc573a9c10367edfe.jpg\" \/><br \/>\n        <\/section>\n<\/p><\/div>\n<\/section>\n","protected":false},"excerpt":{"rendered":"<p>SPINKI OPASKI ZACISKOWE DO RO\u015aLIN OGRODOWE 40 szt. Informacje og\u00f3lne:\u00a0 Ilo\u015b\u0107 spinek: 40 szt. \u015arednica spinki: ok. 2,5 cm Kolor: prze\u017aroczysty Materia\u0142:\u00a0tworzywo sztuczne Wygodne zapinanie Jak stosowa\u0107 klips ? Aby przypi\u0105\u0107 zapink\u0119 do sznurka, nale\u017cy umie\u015bci\u0107 go pomi\u0119dzy z\u0105bkami znajduj\u0105cymi si\u0119 na \u015brodku roz\u0142o\u017conej zapinki. Po zamkni\u0119ciu klipsa, \u017cabki zacisn\u0105 si\u0119 na sznurku, co uniemo\u017cliwi<br \/><a class=\"more-link\" href=\"https:\/\/bobimarket.pl\/index.php\/produkt\/spinki-opaski-zaciskowe-do-roslin-ogrodowe-40szt\/\"><br \/>\n        Czytaj wi\u0119cej<span class=\"screen-reader-text\"> &#8222;SPINKI OPASKI ZACISKOWE DO RO\u015aLIN OGRODOWE 40szt.&#8221;<\/span><\/a><\/p>\n","protected":false},"featured_media":96243,"template":"","meta":[],"product_cat":[8331],"product_tag":[],"yoast_head":"<!-- This site is optimized with the Yoast SEO plugin v21.0 - https:\/\/yoast.com\/wordpress\/plugins\/seo\/ -->\n<title>SPINKI OPASKI ZACISKOWE DO RO\u015aLIN OGRODOWE 40szt. - BOBIMARKET.pl - Remontuj i urz\u0105dzaj z nami<\/title>\n<meta name=\"robots\" content=\"index, follow, max-snippet:-1, max-image-preview:large, max-video-preview:-1\" \/>\n<link rel=\"canonical\" href=\"https:\/\/bobimarket.pl\/index.php\/produkt\/spinki-opaski-zaciskowe-do-roslin-ogrodowe-40szt\/\" \/>\n<meta property=\"og:locale\" content=\"pl_PL\" \/>\n<meta property=\"og:type\" content=\"article\" \/>\n<meta property=\"og:title\" content=\"SPINKI OPASKI ZACISKOWE DO RO\u015aLIN OGRODOWE 40szt. - BOBIMARKET.pl - Remontuj i urz\u0105dzaj z nami\" \/>\n<meta property=\"og:description\" content=\"SPINKI OPASKI ZACISKOWE DO RO\u015aLIN OGRODOWE 40 szt. Informacje og\u00f3lne:\u00a0 Ilo\u015b\u0107 spinek: 40 szt. \u015arednica spinki: ok. 2,5 cm Kolor: prze\u017aroczysty Materia\u0142:\u00a0tworzywo sztuczne Wygodne zapinanie Jak stosowa\u0107 klips ? Aby przypi\u0105\u0107 zapink\u0119 do sznurka, nale\u017cy umie\u015bci\u0107 go pomi\u0119dzy z\u0105bkami znajduj\u0105cymi si\u0119 na \u015brodku roz\u0142o\u017conej zapinki. Po zamkni\u0119ciu klipsa, \u017cabki zacisn\u0105 si\u0119 na sznurku, co uniemo\u017cliwi     Czytaj wi\u0119cej &quot;SPINKI OPASKI ZACISKOWE DO RO\u015aLIN OGRODOWE 40szt.&quot;\" \/>\n<meta property=\"og:url\" content=\"https:\/\/bobimarket.pl\/index.php\/produkt\/spinki-opaski-zaciskowe-do-roslin-ogrodowe-40szt\/\" \/>\n<meta property=\"og:site_name\" content=\"BOBIMARKET.pl - Remontuj i urz\u0105dzaj z nami\" \/>\n<meta property=\"article:modified_time\" content=\"2025-02-27T16:50:53+00:00\" \/>\n<meta property=\"og:image\" content=\"https:\/\/upload.cdn.baselinker.com\/products\/14476\/cbeb127d0f8f5be5098d742b32417c8b.jpg\" \/>\n<meta name=\"twitter:card\" content=\"summary_large_image\" \/>\n<meta name=\"twitter:label1\" content=\"Szacowany czas czytania\" \/>\n\t<meta name=\"twitter:data1\" content=\"2 minuty\" \/>\n<script type=\"application\/ld+json\" class=\"yoast-schema-graph\">{\"@context\":\"https:\/\/schema.org\",\"@graph\":[{\"@type\":\"WebPage\",\"@id\":\"https:\/\/bobimarket.pl\/index.php\/produkt\/spinki-opaski-zaciskowe-do-roslin-ogrodowe-40szt\/\",\"url\":\"https:\/\/bobimarket.pl\/index.php\/produkt\/spinki-opaski-zaciskowe-do-roslin-ogrodowe-40szt\/\",\"name\":\"SPINKI OPASKI ZACISKOWE DO RO\u015aLIN OGRODOWE 40szt. - BOBIMARKET.pl - Remontuj i urz\u0105dzaj z nami\",\"isPartOf\":{\"@id\":\"https:\/\/bobimarket.pl\/#website\"},\"datePublished\":\"2023-08-30T11:25:15+00:00\",\"dateModified\":\"2025-02-27T16:50:53+00:00\",\"breadcrumb\":{\"@id\":\"https:\/\/bobimarket.pl\/index.php\/produkt\/spinki-opaski-zaciskowe-do-roslin-ogrodowe-40szt\/#breadcrumb\"},\"inLanguage\":\"pl-PL\",\"potentialAction\":[{\"@type\":\"ReadAction\",\"target\":[\"https:\/\/bobimarket.pl\/index.php\/produkt\/spinki-opaski-zaciskowe-do-roslin-ogrodowe-40szt\/\"]}]},{\"@type\":\"BreadcrumbList\",\"@id\":\"https:\/\/bobimarket.pl\/index.php\/produkt\/spinki-opaski-zaciskowe-do-roslin-ogrodowe-40szt\/#breadcrumb\",\"itemListElement\":[{\"@type\":\"ListItem\",\"position\":1,\"name\":\"Strona g\u0142\u00f3wna\",\"item\":\"https:\/\/bobimarket.pl\/\"},{\"@type\":\"ListItem\",\"position\":2,\"name\":\"Sklep\",\"item\":\"https:\/\/bobimarket.pl\/index.php\/shop\/\"},{\"@type\":\"ListItem\",\"position\":3,\"name\":\"SPINKI OPASKI ZACISKOWE DO RO\u015aLIN OGRODOWE 40szt.\"}]},{\"@type\":\"WebSite\",\"@id\":\"https:\/\/bobimarket.pl\/#website\",\"url\":\"https:\/\/bobimarket.pl\/\",\"name\":\"BOBIMARKET.pl - Remontuj i urz\u0105dzaj z nami\",\"description\":\"Remontuj i urz\u0105dzaj z nami\",\"publisher\":{\"@id\":\"https:\/\/bobimarket.pl\/#organization\"},\"potentialAction\":[{\"@type\":\"SearchAction\",\"target\":{\"@type\":\"EntryPoint\",\"urlTemplate\":\"https:\/\/bobimarket.pl\/?s={search_term_string}\"},\"query-input\":\"required name=search_term_string\"}],\"inLanguage\":\"pl-PL\"},{\"@type\":\"Organization\",\"@id\":\"https:\/\/bobimarket.pl\/#organization\",\"name\":\"BOBIMARKET.pl\",\"url\":\"https:\/\/bobimarket.pl\/\",\"logo\":{\"@type\":\"ImageObject\",\"inLanguage\":\"pl-PL\",\"@id\":\"https:\/\/bobimarket.pl\/#\/schema\/logo\/image\/\",\"url\":\"https:\/\/bobimarket.pl\/wp-content\/uploads\/2021\/11\/slogan.png\",\"contentUrl\":\"https:\/\/bobimarket.pl\/wp-content\/uploads\/2021\/11\/slogan.png\",\"width\":2000,\"height\":384,\"caption\":\"BOBIMARKET.pl\"},\"image\":{\"@id\":\"https:\/\/bobimarket.pl\/#\/schema\/logo\/image\/\"}}]}<\/script>\n<!-- \/ Yoast SEO plugin. -->","yoast_head_json":{"title":"SPINKI OPASKI ZACISKOWE DO RO\u015aLIN OGRODOWE 40szt. - BOBIMARKET.pl - Remontuj i urz\u0105dzaj z nami","robots":{"index":"index","follow":"follow","max-snippet":"max-snippet:-1","max-image-preview":"max-image-preview:large","max-video-preview":"max-video-preview:-1"},"canonical":"https:\/\/bobimarket.pl\/index.php\/produkt\/spinki-opaski-zaciskowe-do-roslin-ogrodowe-40szt\/","og_locale":"pl_PL","og_type":"article","og_title":"SPINKI OPASKI ZACISKOWE DO RO\u015aLIN OGRODOWE 40szt. - BOBIMARKET.pl - Remontuj i urz\u0105dzaj z nami","og_description":"SPINKI OPASKI ZACISKOWE DO RO\u015aLIN OGRODOWE 40 szt. Informacje og\u00f3lne:\u00a0 Ilo\u015b\u0107 spinek: 40 szt. \u015arednica spinki: ok. 2,5 cm Kolor: prze\u017aroczysty Materia\u0142:\u00a0tworzywo sztuczne Wygodne zapinanie Jak stosowa\u0107 klips ? Aby przypi\u0105\u0107 zapink\u0119 do sznurka, nale\u017cy umie\u015bci\u0107 go pomi\u0119dzy z\u0105bkami znajduj\u0105cymi si\u0119 na \u015brodku roz\u0142o\u017conej zapinki. Po zamkni\u0119ciu klipsa, \u017cabki zacisn\u0105 si\u0119 na sznurku, co uniemo\u017cliwi     Czytaj wi\u0119cej \"SPINKI OPASKI ZACISKOWE DO RO\u015aLIN OGRODOWE 40szt.\"","og_url":"https:\/\/bobimarket.pl\/index.php\/produkt\/spinki-opaski-zaciskowe-do-roslin-ogrodowe-40szt\/","og_site_name":"BOBIMARKET.pl - Remontuj i urz\u0105dzaj z nami","article_modified_time":"2025-02-27T16:50:53+00:00","og_image":[{"url":"https:\/\/upload.cdn.baselinker.com\/products\/14476\/cbeb127d0f8f5be5098d742b32417c8b.jpg"}],"twitter_card":"summary_large_image","twitter_misc":{"Szacowany czas czytania":"2 minuty"},"schema":{"@context":"https:\/\/schema.org","@graph":[{"@type":"WebPage","@id":"https:\/\/bobimarket.pl\/index.php\/produkt\/spinki-opaski-zaciskowe-do-roslin-ogrodowe-40szt\/","url":"https:\/\/bobimarket.pl\/index.php\/produkt\/spinki-opaski-zaciskowe-do-roslin-ogrodowe-40szt\/","name":"SPINKI OPASKI ZACISKOWE DO RO\u015aLIN OGRODOWE 40szt. - BOBIMARKET.pl - Remontuj i urz\u0105dzaj z nami","isPartOf":{"@id":"https:\/\/bobimarket.pl\/#website"},"datePublished":"2023-08-30T11:25:15+00:00","dateModified":"2025-02-27T16:50:53+00:00","breadcrumb":{"@id":"https:\/\/bobimarket.pl\/index.php\/produkt\/spinki-opaski-zaciskowe-do-roslin-ogrodowe-40szt\/#breadcrumb"},"inLanguage":"pl-PL","potentialAction":[{"@type":"ReadAction","target":["https:\/\/bobimarket.pl\/index.php\/produkt\/spinki-opaski-zaciskowe-do-roslin-ogrodowe-40szt\/"]}]},{"@type":"BreadcrumbList","@id":"https:\/\/bobimarket.pl\/index.php\/produkt\/spinki-opaski-zaciskowe-do-roslin-ogrodowe-40szt\/#breadcrumb","itemListElement":[{"@type":"ListItem","position":1,"name":"Strona g\u0142\u00f3wna","item":"https:\/\/bobimarket.pl\/"},{"@type":"ListItem","position":2,"name":"Sklep","item":"https:\/\/bobimarket.pl\/index.php\/shop\/"},{"@type":"ListItem","position":3,"name":"SPINKI OPASKI ZACISKOWE DO RO\u015aLIN OGRODOWE 40szt."}]},{"@type":"WebSite","@id":"https:\/\/bobimarket.pl\/#website","url":"https:\/\/bobimarket.pl\/","name":"BOBIMARKET.pl - Remontuj i urz\u0105dzaj z nami","description":"Remontuj i urz\u0105dzaj z nami","publisher":{"@id":"https:\/\/bobimarket.pl\/#organization"},"potentialAction":[{"@type":"SearchAction","target":{"@type":"EntryPoint","urlTemplate":"https:\/\/bobimarket.pl\/?s={search_term_string}"},"query-input":"required name=search_term_string"}],"inLanguage":"pl-PL"},{"@type":"Organization","@id":"https:\/\/bobimarket.pl\/#organization","name":"BOBIMARKET.pl","url":"https:\/\/bobimarket.pl\/","logo":{"@type":"ImageObject","inLanguage":"pl-PL","@id":"https:\/\/bobimarket.pl\/#\/schema\/logo\/image\/","url":"https:\/\/bobimarket.pl\/wp-content\/uploads\/2021\/11\/slogan.png","contentUrl":"https:\/\/bobimarket.pl\/wp-content\/uploads\/2021\/11\/slogan.png","width":2000,"height":384,"caption":"BOBIMARKET.pl"},"image":{"@id":"https:\/\/bobimarket.pl\/#\/schema\/logo\/image\/"}}]}},"_links":{"self":[{"href":"https:\/\/bobimarket.pl\/index.php\/wp-json\/wp\/v2\/product\/96251"}],"collection":[{"href":"https:\/\/bobimarket.pl\/index.php\/wp-json\/wp\/v2\/product"}],"about":[{"href":"https:\/\/bobimarket.pl\/index.php\/wp-json\/wp\/v2\/types\/product"}],"wp:featuredmedia":[{"embeddable":true,"href":"https:\/\/bobimarket.pl\/index.php\/wp-json\/wp\/v2\/media\/96243"}],"wp:attachment":[{"href":"https:\/\/bobimarket.pl\/index.php\/wp-json\/wp\/v2\/media?parent=96251"}],"wp:term":[{"taxonomy":"product_cat","embeddable":true,"href":"https:\/\/bobimarket.pl\/index.php\/wp-json\/wp\/v2\/product_cat?post=96251"},{"taxonomy":"product_tag","embeddable":true,"href":"https:\/\/bobimarket.pl\/index.php\/wp-json\/wp\/v2\/product_tag?post=96251"}],"curies":[{"name":"wp","href":"https:\/\/api.w.org\/{rel}","templated":true}]}}