{"id":96273,"date":"2023-08-30T11:26:42","date_gmt":"2023-08-30T11:26:42","guid":{"rendered":"https:\/\/bobimarket.pl\/index.php\/produkt\/lopatka-do-kuwety-szufelka-do-zwirku-dla-kota\/"},"modified":"2025-02-27T16:24:57","modified_gmt":"2025-02-27T16:24:57","slug":"lopatka-do-kuwety-szufelka-do-zwirku-dla-kota","status":"publish","type":"product","link":"https:\/\/bobimarket.pl\/index.php\/produkt\/lopatka-do-kuwety-szufelka-do-zwirku-dla-kota\/","title":{"rendered":"\u0141OPATKA DO KUWETY SZUFELKA DO \u017bWIRKU DLA KOTA"},"content":{"rendered":"<section class=\"section\">\n<div class=\"item item-12\">\n<section class=\"text-item\">\n<h2>\u0141OPATKA DO KUWETY SZUFELKA DO \u017bWIRKU DLA KOTA<\/h2>\n<p><b>Informacje og\u00f3lne:<\/b><\/p>\n<ul>\n<li>Materia\u0142: <b>tworzywo sztuczne<\/b><\/li>\n<li>D\u0142ugo\u015b\u0107 ca\u0142kowita: <b>33,2 cm<\/b><\/li>\n<li>Szeroko\u015b\u0107 \u0142opatki: <b>15,3 cm<\/b><\/li>\n<li>Wysoko\u015b\u0107 ( w najwy\u017cszym punkcie \u0142opatki): <b>4,5 cm<\/b><\/li>\n<\/ul>\n<h2>UWAGA!<\/h2>\n<p>Produkt wyst\u0119puje w kilku wersjach kolorystycznych. Po dokonaniu zakupu prosimy o informacj\u0119 odno\u015bnie wybranego koloru. W przypadku braku informacji kolor zostanie wybrany losowo.<\/p>\n<p><b>Aktualnie dost\u0119pne kolory:<\/b><\/p>\n<ul>\n<li>be\u017cowy<\/li>\n<li>b\u0142\u0119kitny<\/li>\n<li>mi\u0119towy<\/li>\n<\/ul>\n<\/section><\/div>\n<\/section>\n<section class=\"section\">\n<div class=\"item item-12\">\n<section class=\"image-item\">\n            <img decoding=\"async\" src=\"https:\/\/upload.cdn.baselinker.com\/products\/14476\/10362214b7b05bab1efb848e664c3ae3.jpg\" \/><br \/>\n        <\/section>\n<\/p><\/div>\n<\/section>\n<section class=\"section\">\n<div class=\"item item-12\">\n<section class=\"text-item\">\n<h2>\u0141opatka do \u017cwirku u\u0142atwi zachowanie higieny w kociej toalecie!<\/h2>\n<p>Klasyczna \u0142opatka przeznaczona do \u017cwirku, kt\u00f3ra<b> u\u0142atwi sprz\u0105tanie po mrucz\u0105cym przyjacielu<\/b>. \u0141opatka wykonana z solidnego tworzywa, co b\u0119dzie owocowa\u0142o d\u0142ugim okresem u\u017cytkowania. Posiada \u015bredniej wielko\u015bci otwory i jest uniwersalnym akcesorium. Pozwalaj\u0105 na dok\u0142adne przesianie drobnego \u017cwirku bentonitowego, silikonowego i umo\u017cliwia usuni\u0119cie wi\u0119kszej ilo\u015bci zanieczyszcze\u0144. Wyposa\u017cona w otw\u00f3r w r\u0105czce, \u0142opatk\u0119 mo\u017cna z \u0142atwo\u015bci\u0105 zawiesi\u0107 na haczyku obok kuwety lub w innym dowolnie wybranym miejscu.<\/p>\n<\/section><\/div>\n<\/section>\n<section class=\"section\">\n<div class=\"item item-12\">\n<section class=\"image-item\">\n            <img decoding=\"async\" src=\"https:\/\/upload.cdn.baselinker.com\/products\/14476\/1c450db72eefa03dedfc3789dec4c640.jpg\" \/><br \/>\n        <\/section>\n<\/p><\/div>\n<\/section>\n<section class=\"section\">\n<div class=\"item item-12\">\n<section class=\"text-item\">\n<h2>Zadbaj o otoczenia swojego pupila! \u0141opatka do \u017cwirku pomo\u017ce skutecznie i sprawnie posprz\u0105ta\u0107 kuwet\u0119.<\/h2>\n<p>\u2705 \u0141opatka jest <b>odpowiednio wyprofilowana i wygodna w u\u017cytkowaniu.<\/b> Zaokr\u0105glone dno oraz podwy\u017cszone boczne \u015bcianki zapobiegaj\u0105 wysypywani si\u0119 nieczysto\u015bci. Po nape\u0142nieniu \u0142opatki z \u0142atwo\u015bci\u0105 pozb\u0119dziesz zawarto\u015bci.<\/p>\n<p>\u2705 \u0141opatk\u0119 dzi\u0119ki swojemu kszta\u0142towi <b>dociera w najmniejsze zakamarki i<\/b> pozwala usun\u0105\u0107 z kuwety wszelkie zanieczyszczenia. Du\u017ca powierzchnia znacznie <b>przy\u015bpiesza wykonywanie sprz\u0105tanie<\/b> kuwety pupila. I cho\u0107 pewnie nie polubisz tego zaj\u0119cia to z \u0142opatk\u0105 stanie si\u0119 ono nieco prostsze!<\/p>\n<p>\u2705 Otwory w \u0142opatce pozwalaj\u0105 na <b>odsianie zanieczyszczonego \u017cwirku od czystego<\/b>. Mo\u017cesz w ten spos\u00f3b zaoszcz\u0119dzi\u0107, poniewa\u017c przy sprz\u0105tanie nie wyrzucasz czystego \u017cwirku, a jedynie pozbywasz si\u0119 nieczysto\u015bci.<\/p>\n<\/section><\/div>\n<\/section>\n<section class=\"section\">\n<div class=\"item item-6\">\n<section class=\"image-item\">\n            <img decoding=\"async\" src=\"https:\/\/upload.cdn.baselinker.com\/products\/14476\/afc6a93a922bcdef967d0bb007f31ce6.jpg\" \/><br \/>\n        <\/section>\n<\/p><\/div>\n<div class=\"item item-6\">\n<section class=\"image-item\">\n            <img decoding=\"async\" src=\"https:\/\/upload.cdn.baselinker.com\/products\/14476\/c4339e8e35511b49d31df7ac7c05d984.jpg\" \/><br \/>\n        <\/section>\n<\/p><\/div>\n<\/section>\n","protected":false},"excerpt":{"rendered":"<p>\u0141OPATKA DO KUWETY SZUFELKA DO \u017bWIRKU DLA KOTA Informacje og\u00f3lne: Materia\u0142: tworzywo sztuczne D\u0142ugo\u015b\u0107 ca\u0142kowita: 33,2 cm Szeroko\u015b\u0107 \u0142opatki: 15,3 cm Wysoko\u015b\u0107 ( w najwy\u017cszym punkcie \u0142opatki): 4,5 cm UWAGA! Produkt wyst\u0119puje w kilku wersjach kolorystycznych. Po dokonaniu zakupu prosimy o informacj\u0119 odno\u015bnie wybranego koloru. W przypadku braku informacji kolor zostanie wybrany losowo. Aktualnie dost\u0119pne<br \/><a class=\"more-link\" href=\"https:\/\/bobimarket.pl\/index.php\/produkt\/lopatka-do-kuwety-szufelka-do-zwirku-dla-kota\/\"><br \/>\n        Czytaj wi\u0119cej<span class=\"screen-reader-text\"> &#8222;\u0141OPATKA DO KUWETY SZUFELKA DO \u017bWIRKU DLA KOTA&#8221;<\/span><\/a><\/p>\n","protected":false},"featured_media":96265,"template":"","meta":[],"product_cat":[8096],"product_tag":[],"yoast_head":"<!-- This site is optimized with the Yoast SEO plugin v21.0 - https:\/\/yoast.com\/wordpress\/plugins\/seo\/ -->\n<title>\u0141OPATKA DO KUWETY SZUFELKA DO \u017bWIRKU DLA KOTA - BOBIMARKET.pl - Remontuj i urz\u0105dzaj z nami<\/title>\n<meta name=\"robots\" content=\"index, follow, max-snippet:-1, max-image-preview:large, max-video-preview:-1\" \/>\n<link rel=\"canonical\" href=\"https:\/\/bobimarket.pl\/index.php\/produkt\/lopatka-do-kuwety-szufelka-do-zwirku-dla-kota\/\" \/>\n<meta property=\"og:locale\" content=\"pl_PL\" \/>\n<meta property=\"og:type\" content=\"article\" \/>\n<meta property=\"og:title\" content=\"\u0141OPATKA DO KUWETY SZUFELKA DO \u017bWIRKU DLA KOTA - BOBIMARKET.pl - Remontuj i urz\u0105dzaj z nami\" \/>\n<meta property=\"og:description\" content=\"\u0141OPATKA DO KUWETY SZUFELKA DO \u017bWIRKU DLA KOTA Informacje og\u00f3lne: Materia\u0142: tworzywo sztuczne D\u0142ugo\u015b\u0107 ca\u0142kowita: 33,2 cm Szeroko\u015b\u0107 \u0142opatki: 15,3 cm Wysoko\u015b\u0107 ( w najwy\u017cszym punkcie \u0142opatki): 4,5 cm UWAGA! Produkt wyst\u0119puje w kilku wersjach kolorystycznych. Po dokonaniu zakupu prosimy o informacj\u0119 odno\u015bnie wybranego koloru. W przypadku braku informacji kolor zostanie wybrany losowo. Aktualnie dost\u0119pne     Czytaj wi\u0119cej &quot;\u0141OPATKA DO KUWETY SZUFELKA DO \u017bWIRKU DLA KOTA&quot;\" \/>\n<meta property=\"og:url\" content=\"https:\/\/bobimarket.pl\/index.php\/produkt\/lopatka-do-kuwety-szufelka-do-zwirku-dla-kota\/\" \/>\n<meta property=\"og:site_name\" content=\"BOBIMARKET.pl - Remontuj i urz\u0105dzaj z nami\" \/>\n<meta property=\"article:modified_time\" content=\"2025-02-27T16:24:57+00:00\" \/>\n<meta property=\"og:image\" content=\"https:\/\/upload.cdn.baselinker.com\/products\/14476\/10362214b7b05bab1efb848e664c3ae3.jpg\" \/>\n<meta name=\"twitter:card\" content=\"summary_large_image\" \/>\n<meta name=\"twitter:label1\" content=\"Szacowany czas czytania\" \/>\n\t<meta name=\"twitter:data1\" content=\"1 minuta\" \/>\n<script type=\"application\/ld+json\" class=\"yoast-schema-graph\">{\"@context\":\"https:\/\/schema.org\",\"@graph\":[{\"@type\":\"WebPage\",\"@id\":\"https:\/\/bobimarket.pl\/index.php\/produkt\/lopatka-do-kuwety-szufelka-do-zwirku-dla-kota\/\",\"url\":\"https:\/\/bobimarket.pl\/index.php\/produkt\/lopatka-do-kuwety-szufelka-do-zwirku-dla-kota\/\",\"name\":\"\u0141OPATKA DO KUWETY SZUFELKA DO \u017bWIRKU DLA KOTA - BOBIMARKET.pl - Remontuj i urz\u0105dzaj z nami\",\"isPartOf\":{\"@id\":\"https:\/\/bobimarket.pl\/#website\"},\"datePublished\":\"2023-08-30T11:26:42+00:00\",\"dateModified\":\"2025-02-27T16:24:57+00:00\",\"breadcrumb\":{\"@id\":\"https:\/\/bobimarket.pl\/index.php\/produkt\/lopatka-do-kuwety-szufelka-do-zwirku-dla-kota\/#breadcrumb\"},\"inLanguage\":\"pl-PL\",\"potentialAction\":[{\"@type\":\"ReadAction\",\"target\":[\"https:\/\/bobimarket.pl\/index.php\/produkt\/lopatka-do-kuwety-szufelka-do-zwirku-dla-kota\/\"]}]},{\"@type\":\"BreadcrumbList\",\"@id\":\"https:\/\/bobimarket.pl\/index.php\/produkt\/lopatka-do-kuwety-szufelka-do-zwirku-dla-kota\/#breadcrumb\",\"itemListElement\":[{\"@type\":\"ListItem\",\"position\":1,\"name\":\"Strona g\u0142\u00f3wna\",\"item\":\"https:\/\/bobimarket.pl\/\"},{\"@type\":\"ListItem\",\"position\":2,\"name\":\"Sklep\",\"item\":\"https:\/\/bobimarket.pl\/index.php\/shop\/\"},{\"@type\":\"ListItem\",\"position\":3,\"name\":\"\u0141OPATKA DO KUWETY SZUFELKA DO \u017bWIRKU DLA KOTA\"}]},{\"@type\":\"WebSite\",\"@id\":\"https:\/\/bobimarket.pl\/#website\",\"url\":\"https:\/\/bobimarket.pl\/\",\"name\":\"BOBIMARKET.pl - Remontuj i urz\u0105dzaj z nami\",\"description\":\"Remontuj i urz\u0105dzaj z nami\",\"publisher\":{\"@id\":\"https:\/\/bobimarket.pl\/#organization\"},\"potentialAction\":[{\"@type\":\"SearchAction\",\"target\":{\"@type\":\"EntryPoint\",\"urlTemplate\":\"https:\/\/bobimarket.pl\/?s={search_term_string}\"},\"query-input\":\"required name=search_term_string\"}],\"inLanguage\":\"pl-PL\"},{\"@type\":\"Organization\",\"@id\":\"https:\/\/bobimarket.pl\/#organization\",\"name\":\"BOBIMARKET.pl\",\"url\":\"https:\/\/bobimarket.pl\/\",\"logo\":{\"@type\":\"ImageObject\",\"inLanguage\":\"pl-PL\",\"@id\":\"https:\/\/bobimarket.pl\/#\/schema\/logo\/image\/\",\"url\":\"https:\/\/bobimarket.pl\/wp-content\/uploads\/2021\/11\/slogan.png\",\"contentUrl\":\"https:\/\/bobimarket.pl\/wp-content\/uploads\/2021\/11\/slogan.png\",\"width\":2000,\"height\":384,\"caption\":\"BOBIMARKET.pl\"},\"image\":{\"@id\":\"https:\/\/bobimarket.pl\/#\/schema\/logo\/image\/\"}}]}<\/script>\n<!-- \/ Yoast SEO plugin. -->","yoast_head_json":{"title":"\u0141OPATKA DO KUWETY SZUFELKA DO \u017bWIRKU DLA KOTA - BOBIMARKET.pl - Remontuj i urz\u0105dzaj z nami","robots":{"index":"index","follow":"follow","max-snippet":"max-snippet:-1","max-image-preview":"max-image-preview:large","max-video-preview":"max-video-preview:-1"},"canonical":"https:\/\/bobimarket.pl\/index.php\/produkt\/lopatka-do-kuwety-szufelka-do-zwirku-dla-kota\/","og_locale":"pl_PL","og_type":"article","og_title":"\u0141OPATKA DO KUWETY SZUFELKA DO \u017bWIRKU DLA KOTA - BOBIMARKET.pl - Remontuj i urz\u0105dzaj z nami","og_description":"\u0141OPATKA DO KUWETY SZUFELKA DO \u017bWIRKU DLA KOTA Informacje og\u00f3lne: Materia\u0142: tworzywo sztuczne D\u0142ugo\u015b\u0107 ca\u0142kowita: 33,2 cm Szeroko\u015b\u0107 \u0142opatki: 15,3 cm Wysoko\u015b\u0107 ( w najwy\u017cszym punkcie \u0142opatki): 4,5 cm UWAGA! Produkt wyst\u0119puje w kilku wersjach kolorystycznych. Po dokonaniu zakupu prosimy o informacj\u0119 odno\u015bnie wybranego koloru. W przypadku braku informacji kolor zostanie wybrany losowo. Aktualnie dost\u0119pne     Czytaj wi\u0119cej \"\u0141OPATKA DO KUWETY SZUFELKA DO \u017bWIRKU DLA KOTA\"","og_url":"https:\/\/bobimarket.pl\/index.php\/produkt\/lopatka-do-kuwety-szufelka-do-zwirku-dla-kota\/","og_site_name":"BOBIMARKET.pl - Remontuj i urz\u0105dzaj z nami","article_modified_time":"2025-02-27T16:24:57+00:00","og_image":[{"url":"https:\/\/upload.cdn.baselinker.com\/products\/14476\/10362214b7b05bab1efb848e664c3ae3.jpg"}],"twitter_card":"summary_large_image","twitter_misc":{"Szacowany czas czytania":"1 minuta"},"schema":{"@context":"https:\/\/schema.org","@graph":[{"@type":"WebPage","@id":"https:\/\/bobimarket.pl\/index.php\/produkt\/lopatka-do-kuwety-szufelka-do-zwirku-dla-kota\/","url":"https:\/\/bobimarket.pl\/index.php\/produkt\/lopatka-do-kuwety-szufelka-do-zwirku-dla-kota\/","name":"\u0141OPATKA DO KUWETY SZUFELKA DO \u017bWIRKU DLA KOTA - BOBIMARKET.pl - Remontuj i urz\u0105dzaj z nami","isPartOf":{"@id":"https:\/\/bobimarket.pl\/#website"},"datePublished":"2023-08-30T11:26:42+00:00","dateModified":"2025-02-27T16:24:57+00:00","breadcrumb":{"@id":"https:\/\/bobimarket.pl\/index.php\/produkt\/lopatka-do-kuwety-szufelka-do-zwirku-dla-kota\/#breadcrumb"},"inLanguage":"pl-PL","potentialAction":[{"@type":"ReadAction","target":["https:\/\/bobimarket.pl\/index.php\/produkt\/lopatka-do-kuwety-szufelka-do-zwirku-dla-kota\/"]}]},{"@type":"BreadcrumbList","@id":"https:\/\/bobimarket.pl\/index.php\/produkt\/lopatka-do-kuwety-szufelka-do-zwirku-dla-kota\/#breadcrumb","itemListElement":[{"@type":"ListItem","position":1,"name":"Strona g\u0142\u00f3wna","item":"https:\/\/bobimarket.pl\/"},{"@type":"ListItem","position":2,"name":"Sklep","item":"https:\/\/bobimarket.pl\/index.php\/shop\/"},{"@type":"ListItem","position":3,"name":"\u0141OPATKA DO KUWETY SZUFELKA DO \u017bWIRKU DLA KOTA"}]},{"@type":"WebSite","@id":"https:\/\/bobimarket.pl\/#website","url":"https:\/\/bobimarket.pl\/","name":"BOBIMARKET.pl - Remontuj i urz\u0105dzaj z nami","description":"Remontuj i urz\u0105dzaj z nami","publisher":{"@id":"https:\/\/bobimarket.pl\/#organization"},"potentialAction":[{"@type":"SearchAction","target":{"@type":"EntryPoint","urlTemplate":"https:\/\/bobimarket.pl\/?s={search_term_string}"},"query-input":"required name=search_term_string"}],"inLanguage":"pl-PL"},{"@type":"Organization","@id":"https:\/\/bobimarket.pl\/#organization","name":"BOBIMARKET.pl","url":"https:\/\/bobimarket.pl\/","logo":{"@type":"ImageObject","inLanguage":"pl-PL","@id":"https:\/\/bobimarket.pl\/#\/schema\/logo\/image\/","url":"https:\/\/bobimarket.pl\/wp-content\/uploads\/2021\/11\/slogan.png","contentUrl":"https:\/\/bobimarket.pl\/wp-content\/uploads\/2021\/11\/slogan.png","width":2000,"height":384,"caption":"BOBIMARKET.pl"},"image":{"@id":"https:\/\/bobimarket.pl\/#\/schema\/logo\/image\/"}}]}},"_links":{"self":[{"href":"https:\/\/bobimarket.pl\/index.php\/wp-json\/wp\/v2\/product\/96273"}],"collection":[{"href":"https:\/\/bobimarket.pl\/index.php\/wp-json\/wp\/v2\/product"}],"about":[{"href":"https:\/\/bobimarket.pl\/index.php\/wp-json\/wp\/v2\/types\/product"}],"wp:featuredmedia":[{"embeddable":true,"href":"https:\/\/bobimarket.pl\/index.php\/wp-json\/wp\/v2\/media\/96265"}],"wp:attachment":[{"href":"https:\/\/bobimarket.pl\/index.php\/wp-json\/wp\/v2\/media?parent=96273"}],"wp:term":[{"taxonomy":"product_cat","embeddable":true,"href":"https:\/\/bobimarket.pl\/index.php\/wp-json\/wp\/v2\/product_cat?post=96273"},{"taxonomy":"product_tag","embeddable":true,"href":"https:\/\/bobimarket.pl\/index.php\/wp-json\/wp\/v2\/product_tag?post=96273"}],"curies":[{"name":"wp","href":"https:\/\/api.w.org\/{rel}","templated":true}]}}