{"id":96475,"date":"2023-08-30T11:38:38","date_gmt":"2023-08-30T11:38:38","guid":{"rendered":"https:\/\/bobimarket.pl\/index.php\/produkt\/deska-materac-dmuchany-do-plywania-plazowy-3\/"},"modified":"2025-02-27T16:26:37","modified_gmt":"2025-02-27T16:26:37","slug":"deska-materac-dmuchany-do-plywania-plazowy-3","status":"publish","type":"product","link":"https:\/\/bobimarket.pl\/index.php\/produkt\/deska-materac-dmuchany-do-plywania-plazowy-3\/","title":{"rendered":"DESKA MATERAC DMUCHANY DO P\u0141YWANIA PLA\u017bOWY"},"content":{"rendered":"<section class=\"section\">\n<div class=\"item item-12\">\n<section class=\"text-item\">\n<h2>DESKA MATERAC DMUCHANY DO P\u0141YWANIA PLA\u017bOWY<\/h2>\n<p><b>Informacje og\u00f3lne: <\/b><\/p>\n<ul>\n<li>D\u0142ugo\u015b\u0107:<b> 84 cm\u00a0<\/b><\/li>\n<li>Szeroko\u015b\u0107: <b>56 cm<\/b><\/li>\n<li>Wiek: <b>3-6<\/b><\/li>\n<\/ul>\n<h2>Zestaw zawiera materac i \u0142atk\u0119 naprawcz\u0105.<\/h2>\n<\/section><\/div>\n<\/section>\n<section class=\"section\">\n<div class=\"item item-12\">\n<section class=\"image-item\">\n            <img decoding=\"async\" src=\"https:\/\/upload.cdn.baselinker.com\/products\/14476\/7e649692e6aa0f58c121235e0a269c1b.jpg\" \/><br \/>\n        <\/section>\n<\/p><\/div>\n<\/section>\n<section class=\"section\">\n<div class=\"item item-12\">\n<section class=\"text-item\">\n<h2>Wakacyjny hit! Idealny do p\u0142ywania, zabawy i wylegiwania si\u0119!<\/h2>\n<p>Kolorowa <b>dmuchany deska pla\u017cowa do p\u0142ywania <\/b>to gad\u017cet, kt\u00f3ry doskonale sprawdzi si\u0119 podczas upalnych, letnich dni! Idealnie nadaje si\u0119 zar\u00f3wno dla dzieci jak i m\u0142odzie\u017cy. Pokochasz j\u0105 za wakacyjn\u0105 grafik\u0119, wygod\u0119 i kszta\u0142t.<\/p>\n<p>\u2705 Mo\u017cna j\u0105 ze sob\u0105 zabra\u0107 na\u00a0<b>wakacyjne wyjazdy<\/b>\u00a0czy\u00a0<b>weekendowe wycieczki<\/b>. Sprawdzi si\u0119 na pla\u017cy lub\u00a0 basenie. Przyda si\u0119 r\u00f3wnie\u017c nad jeziorem!<\/p>\n<p><b>\u2705 Deska charakteryzuje si\u0119 niebanalnym i ciekawym wzorem<\/b>, kt\u00f3ry pozwoli Ci wyr\u00f3\u017cni\u0107 si\u0119 na pla\u017cy i przyci\u0105gn\u0105\u0107 wzrok wszystkich dooko\u0142a!<\/p>\n<ul>\n<li>Dla wszystkich, kt\u00f3rzy ceni\u0105 sobie wygod\u0119 podczas wypoczynku! Deska ma <b>du\u017c\u0105 i mi\u0119kk\u0105 powierzchni\u0119,<\/b> kt\u00f3ra zapewnia komfort u\u017cytkowania.<\/li>\n<li>Gwarantuje\u00a0<b>dobr\u0105 zabaw\u0119<\/b>\u00a0i mile sp\u0119dzony czas! Pozwala jeszcze bardziej nacieszy\u0107 si\u0119 czasem sp\u0119dzonym nad wod\u0105!<\/li>\n<\/ul>\n<\/section><\/div>\n<\/section>\n<section class=\"section\">\n<div class=\"item item-12\">\n<section class=\"image-item\">\n            <img decoding=\"async\" src=\"https:\/\/upload.cdn.baselinker.com\/products\/14476\/1d2dc254c11c37967838ee89429c5ba1.jpg\" \/><br \/>\n        <\/section>\n<\/p><\/div>\n<\/section>\n<section class=\"section\">\n<div class=\"item item-12\">\n<section class=\"text-item\">\n<h2>\u2705\u00a0Komfortowa<\/h2>\n<ul>\n<li>Ta jednoosobowa dmuchana deska zosta\u0142a wykonana z <b>solidnych materia\u0142\u00f3w. <\/b>Ponton jest przeznaczony dla dzieci.<\/li>\n<li>Komory powietrza sprawiaj\u0105, \u017ce materac s<b>tabilnie unosi si\u0119 na wodzie<\/b>. Dodatkowo zosta\u0142 wyposa\u017cony w dwa uchwyty, kt\u00f3re u\u0142atwiaj\u0105 przenoszenie i korzystanie z materaca.<\/li>\n<li>Ko\u0142o posiada dodatkowo <b>dwa wytrzyma\u0142e uchwyty<\/b>, kt\u00f3re u\u0142atwiaj\u0105 przenoszenie i korzystanie z materaca.<\/li>\n<\/ul>\n<h2>\u2705\u00a0Praktyczna<\/h2>\n<ul>\n<li>Materac pla\u017cowy jest\u00a0<b>lekki i \u0142atwy w obs\u0142udze<\/b>.\u00a0\u00a0Szybko i bez trudu mo\u017cna go napompowa\u0107 i wypompowa\u0107 z niego powietrze.<\/li>\n<li><b>Nie zajmuje du\u017co miejsca<\/b>\u00a0i mo\u017cna go ze sob\u0105 zabra\u0107 w dowolnie wybran\u0105 lokalizacj\u0119 i cieszy\u0107 si\u0119 urokami lata. A po sko\u0144czonej zabawie spakowa\u0107 do torebki lub plecaka.<\/li>\n<\/ul>\n<h2>\u2705\u00a0Wytrzyma\u0142a<\/h2>\n<ul>\n<li>Materac zosta\u0142 wykonany z wytrzyma\u0142ego testowanego winyl o grubo\u015bci minimum 0,21 mm.<\/li>\n<li>Ma\u00a0<b>solidn\u0105 i trwa\u0142\u0105 konstrukcj\u0119<\/b>. Dodatkowo posiada zawory bezpiecze\u0144stwa.\u00a0<\/li>\n<li>Materac mo\u017ce pos\u0142u\u017cy\u0107 przez kilka sezon\u00f3w, a w razie drobnych uszkodze\u0144 do materaca do\u0142\u0105czono<b>\u00a0zestaw naprawczy. <\/b>\u0141atka pozwoli na napraw\u0119 drobnych uszkodze\u0144.<\/li>\n<\/ul>\n<\/section><\/div>\n<\/section>\n<section class=\"section\">\n<div class=\"item item-12\">\n<section class=\"image-item\">\n            <img decoding=\"async\" src=\"https:\/\/upload.cdn.baselinker.com\/products\/14476\/3f20beaf27db46fae1603f69cfb70b42.jpg\" \/><br \/>\n        <\/section>\n<\/p><\/div>\n<\/section>\n<section class=\"section\">\n<div class=\"item item-12\">\n<section class=\"text-item\">\n<h2>Zabierz j\u0105 ze sob\u0105 gdzie tylko chcesz i baw si\u0119 dobrze!<\/h2>\n<p>\u2705 Materac nadaje si\u0119 na pla\u017ce lub nad jezioro. Doskonale sprawdzi si\u0119 r\u00f3wnie\u017c w basenie ogrodowym.<\/p>\n<p>\u2705 Pozwoli Ci wygodnie odpocz\u0105\u0107 i w pe\u0142ni wykorzysta\u0107 wakacyjn\u0105, s\u0142oneczn\u0105 pogod\u0119.\u00a0<\/p>\n<p>\u2705 Weso\u0142y, kolorowy wz\u00f3r sprawia, \u017ce mi\u0142o\u015bnicy s\u0142o\u0144ca mog\u0105 sp\u0119dzi\u0107 dzie\u0144 w dobrym stylu.<\/p>\n<\/section><\/div>\n<\/section>\n<section class=\"section\">\n<div class=\"item item-12\">\n<section class=\"image-item\">\n            <img decoding=\"async\" src=\"https:\/\/upload.cdn.baselinker.com\/products\/14476\/790eb274c431258e36a54f7cf3a0c419.jpg\" \/><br \/>\n        <\/section>\n<\/p><\/div>\n<\/section>\n<section class=\"section\">\n<div class=\"item item-12\">\n<section class=\"text-item\">\n<h2>Odpoczynek nad wod\u0105 nie mo\u017ce oby\u0107 si\u0119 bez dmuchanego materaca!\u00a0<\/h2>\n<ul>\n<li>Komfort i wygoda u\u017cytkowania.\u00a0<\/li>\n<li>Mi\u0119kka i delikatna powierzchnia.\u00a0<\/li>\n<li>Wytrzyma\u0142y, wykonany z mocnego tworzywa.<\/li>\n<li>Solidna konstrukcja. Wykonany z\u00a0dwu-komorowych poduszek.<\/li>\n<li>Lekki i por\u0119czny. \u0141atwy w transporcie.<\/li>\n<li>Do\u0142\u0105czony zestaw naprawczy.\u00a0<\/li>\n<\/ul>\n<h2>Je\u017celi szukasz niebanalnego wakacyjnego gad\u017cetu &#8211; nie czekaj i ju\u017c dzi\u015b zam\u00f3w materac!<\/h2>\n<\/section><\/div>\n<\/section>\n","protected":false},"excerpt":{"rendered":"<p>DESKA MATERAC DMUCHANY DO P\u0141YWANIA PLA\u017bOWY Informacje og\u00f3lne: D\u0142ugo\u015b\u0107: 84 cm\u00a0 Szeroko\u015b\u0107: 56 cm Wiek: 3-6 Zestaw zawiera materac i \u0142atk\u0119 naprawcz\u0105. Wakacyjny hit! Idealny do p\u0142ywania, zabawy i wylegiwania si\u0119! Kolorowa dmuchany deska pla\u017cowa do p\u0142ywania to gad\u017cet, kt\u00f3ry doskonale sprawdzi si\u0119 podczas upalnych, letnich dni! Idealnie nadaje si\u0119 zar\u00f3wno dla dzieci jak i<br \/><a class=\"more-link\" href=\"https:\/\/bobimarket.pl\/index.php\/produkt\/deska-materac-dmuchany-do-plywania-plazowy-3\/\"><br \/>\n        Czytaj wi\u0119cej<span class=\"screen-reader-text\"> &#8222;DESKA MATERAC DMUCHANY DO P\u0141YWANIA PLA\u017bOWY&#8221;<\/span><\/a><\/p>\n","protected":false},"featured_media":96468,"template":"","meta":[],"product_cat":[8106],"product_tag":[],"yoast_head":"<!-- This site is optimized with the Yoast SEO plugin v21.0 - https:\/\/yoast.com\/wordpress\/plugins\/seo\/ -->\n<title>DESKA MATERAC DMUCHANY DO P\u0141YWANIA PLA\u017bOWY - BOBIMARKET.pl - Remontuj i urz\u0105dzaj z nami<\/title>\n<meta name=\"robots\" content=\"index, follow, max-snippet:-1, max-image-preview:large, max-video-preview:-1\" \/>\n<link rel=\"canonical\" href=\"https:\/\/bobimarket.pl\/index.php\/produkt\/deska-materac-dmuchany-do-plywania-plazowy-3\/\" \/>\n<meta property=\"og:locale\" content=\"pl_PL\" \/>\n<meta property=\"og:type\" content=\"article\" \/>\n<meta property=\"og:title\" content=\"DESKA MATERAC DMUCHANY DO P\u0141YWANIA PLA\u017bOWY - BOBIMARKET.pl - Remontuj i urz\u0105dzaj z nami\" \/>\n<meta property=\"og:description\" content=\"DESKA MATERAC DMUCHANY DO P\u0141YWANIA PLA\u017bOWY Informacje og\u00f3lne: D\u0142ugo\u015b\u0107: 84 cm\u00a0 Szeroko\u015b\u0107: 56 cm Wiek: 3-6 Zestaw zawiera materac i \u0142atk\u0119 naprawcz\u0105. Wakacyjny hit! Idealny do p\u0142ywania, zabawy i wylegiwania si\u0119! Kolorowa dmuchany deska pla\u017cowa do p\u0142ywania to gad\u017cet, kt\u00f3ry doskonale sprawdzi si\u0119 podczas upalnych, letnich dni! Idealnie nadaje si\u0119 zar\u00f3wno dla dzieci jak i     Czytaj wi\u0119cej &quot;DESKA MATERAC DMUCHANY DO P\u0141YWANIA PLA\u017bOWY&quot;\" \/>\n<meta property=\"og:url\" content=\"https:\/\/bobimarket.pl\/index.php\/produkt\/deska-materac-dmuchany-do-plywania-plazowy-3\/\" \/>\n<meta property=\"og:site_name\" content=\"BOBIMARKET.pl - Remontuj i urz\u0105dzaj z nami\" \/>\n<meta property=\"article:modified_time\" content=\"2025-02-27T16:26:37+00:00\" \/>\n<meta property=\"og:image\" content=\"https:\/\/upload.cdn.baselinker.com\/products\/14476\/7e649692e6aa0f58c121235e0a269c1b.jpg\" \/>\n<meta name=\"twitter:card\" content=\"summary_large_image\" \/>\n<meta name=\"twitter:label1\" content=\"Szacowany czas czytania\" \/>\n\t<meta name=\"twitter:data1\" content=\"2 minuty\" \/>\n<script type=\"application\/ld+json\" class=\"yoast-schema-graph\">{\"@context\":\"https:\/\/schema.org\",\"@graph\":[{\"@type\":\"WebPage\",\"@id\":\"https:\/\/bobimarket.pl\/index.php\/produkt\/deska-materac-dmuchany-do-plywania-plazowy-3\/\",\"url\":\"https:\/\/bobimarket.pl\/index.php\/produkt\/deska-materac-dmuchany-do-plywania-plazowy-3\/\",\"name\":\"DESKA MATERAC DMUCHANY DO P\u0141YWANIA PLA\u017bOWY - BOBIMARKET.pl - Remontuj i urz\u0105dzaj z nami\",\"isPartOf\":{\"@id\":\"https:\/\/bobimarket.pl\/#website\"},\"datePublished\":\"2023-08-30T11:38:38+00:00\",\"dateModified\":\"2025-02-27T16:26:37+00:00\",\"breadcrumb\":{\"@id\":\"https:\/\/bobimarket.pl\/index.php\/produkt\/deska-materac-dmuchany-do-plywania-plazowy-3\/#breadcrumb\"},\"inLanguage\":\"pl-PL\",\"potentialAction\":[{\"@type\":\"ReadAction\",\"target\":[\"https:\/\/bobimarket.pl\/index.php\/produkt\/deska-materac-dmuchany-do-plywania-plazowy-3\/\"]}]},{\"@type\":\"BreadcrumbList\",\"@id\":\"https:\/\/bobimarket.pl\/index.php\/produkt\/deska-materac-dmuchany-do-plywania-plazowy-3\/#breadcrumb\",\"itemListElement\":[{\"@type\":\"ListItem\",\"position\":1,\"name\":\"Strona g\u0142\u00f3wna\",\"item\":\"https:\/\/bobimarket.pl\/\"},{\"@type\":\"ListItem\",\"position\":2,\"name\":\"Sklep\",\"item\":\"https:\/\/bobimarket.pl\/index.php\/shop\/\"},{\"@type\":\"ListItem\",\"position\":3,\"name\":\"DESKA MATERAC DMUCHANY DO P\u0141YWANIA PLA\u017bOWY\"}]},{\"@type\":\"WebSite\",\"@id\":\"https:\/\/bobimarket.pl\/#website\",\"url\":\"https:\/\/bobimarket.pl\/\",\"name\":\"BOBIMARKET.pl - Remontuj i urz\u0105dzaj z nami\",\"description\":\"Remontuj i urz\u0105dzaj z nami\",\"publisher\":{\"@id\":\"https:\/\/bobimarket.pl\/#organization\"},\"potentialAction\":[{\"@type\":\"SearchAction\",\"target\":{\"@type\":\"EntryPoint\",\"urlTemplate\":\"https:\/\/bobimarket.pl\/?s={search_term_string}\"},\"query-input\":\"required name=search_term_string\"}],\"inLanguage\":\"pl-PL\"},{\"@type\":\"Organization\",\"@id\":\"https:\/\/bobimarket.pl\/#organization\",\"name\":\"BOBIMARKET.pl\",\"url\":\"https:\/\/bobimarket.pl\/\",\"logo\":{\"@type\":\"ImageObject\",\"inLanguage\":\"pl-PL\",\"@id\":\"https:\/\/bobimarket.pl\/#\/schema\/logo\/image\/\",\"url\":\"https:\/\/bobimarket.pl\/wp-content\/uploads\/2021\/11\/slogan.png\",\"contentUrl\":\"https:\/\/bobimarket.pl\/wp-content\/uploads\/2021\/11\/slogan.png\",\"width\":2000,\"height\":384,\"caption\":\"BOBIMARKET.pl\"},\"image\":{\"@id\":\"https:\/\/bobimarket.pl\/#\/schema\/logo\/image\/\"}}]}<\/script>\n<!-- \/ Yoast SEO plugin. -->","yoast_head_json":{"title":"DESKA MATERAC DMUCHANY DO P\u0141YWANIA PLA\u017bOWY - BOBIMARKET.pl - Remontuj i urz\u0105dzaj z nami","robots":{"index":"index","follow":"follow","max-snippet":"max-snippet:-1","max-image-preview":"max-image-preview:large","max-video-preview":"max-video-preview:-1"},"canonical":"https:\/\/bobimarket.pl\/index.php\/produkt\/deska-materac-dmuchany-do-plywania-plazowy-3\/","og_locale":"pl_PL","og_type":"article","og_title":"DESKA MATERAC DMUCHANY DO P\u0141YWANIA PLA\u017bOWY - BOBIMARKET.pl - Remontuj i urz\u0105dzaj z nami","og_description":"DESKA MATERAC DMUCHANY DO P\u0141YWANIA PLA\u017bOWY Informacje og\u00f3lne: D\u0142ugo\u015b\u0107: 84 cm\u00a0 Szeroko\u015b\u0107: 56 cm Wiek: 3-6 Zestaw zawiera materac i \u0142atk\u0119 naprawcz\u0105. Wakacyjny hit! Idealny do p\u0142ywania, zabawy i wylegiwania si\u0119! Kolorowa dmuchany deska pla\u017cowa do p\u0142ywania to gad\u017cet, kt\u00f3ry doskonale sprawdzi si\u0119 podczas upalnych, letnich dni! Idealnie nadaje si\u0119 zar\u00f3wno dla dzieci jak i     Czytaj wi\u0119cej \"DESKA MATERAC DMUCHANY DO P\u0141YWANIA PLA\u017bOWY\"","og_url":"https:\/\/bobimarket.pl\/index.php\/produkt\/deska-materac-dmuchany-do-plywania-plazowy-3\/","og_site_name":"BOBIMARKET.pl - Remontuj i urz\u0105dzaj z nami","article_modified_time":"2025-02-27T16:26:37+00:00","og_image":[{"url":"https:\/\/upload.cdn.baselinker.com\/products\/14476\/7e649692e6aa0f58c121235e0a269c1b.jpg"}],"twitter_card":"summary_large_image","twitter_misc":{"Szacowany czas czytania":"2 minuty"},"schema":{"@context":"https:\/\/schema.org","@graph":[{"@type":"WebPage","@id":"https:\/\/bobimarket.pl\/index.php\/produkt\/deska-materac-dmuchany-do-plywania-plazowy-3\/","url":"https:\/\/bobimarket.pl\/index.php\/produkt\/deska-materac-dmuchany-do-plywania-plazowy-3\/","name":"DESKA MATERAC DMUCHANY DO P\u0141YWANIA PLA\u017bOWY - BOBIMARKET.pl - Remontuj i urz\u0105dzaj z nami","isPartOf":{"@id":"https:\/\/bobimarket.pl\/#website"},"datePublished":"2023-08-30T11:38:38+00:00","dateModified":"2025-02-27T16:26:37+00:00","breadcrumb":{"@id":"https:\/\/bobimarket.pl\/index.php\/produkt\/deska-materac-dmuchany-do-plywania-plazowy-3\/#breadcrumb"},"inLanguage":"pl-PL","potentialAction":[{"@type":"ReadAction","target":["https:\/\/bobimarket.pl\/index.php\/produkt\/deska-materac-dmuchany-do-plywania-plazowy-3\/"]}]},{"@type":"BreadcrumbList","@id":"https:\/\/bobimarket.pl\/index.php\/produkt\/deska-materac-dmuchany-do-plywania-plazowy-3\/#breadcrumb","itemListElement":[{"@type":"ListItem","position":1,"name":"Strona g\u0142\u00f3wna","item":"https:\/\/bobimarket.pl\/"},{"@type":"ListItem","position":2,"name":"Sklep","item":"https:\/\/bobimarket.pl\/index.php\/shop\/"},{"@type":"ListItem","position":3,"name":"DESKA MATERAC DMUCHANY DO P\u0141YWANIA PLA\u017bOWY"}]},{"@type":"WebSite","@id":"https:\/\/bobimarket.pl\/#website","url":"https:\/\/bobimarket.pl\/","name":"BOBIMARKET.pl - Remontuj i urz\u0105dzaj z nami","description":"Remontuj i urz\u0105dzaj z nami","publisher":{"@id":"https:\/\/bobimarket.pl\/#organization"},"potentialAction":[{"@type":"SearchAction","target":{"@type":"EntryPoint","urlTemplate":"https:\/\/bobimarket.pl\/?s={search_term_string}"},"query-input":"required name=search_term_string"}],"inLanguage":"pl-PL"},{"@type":"Organization","@id":"https:\/\/bobimarket.pl\/#organization","name":"BOBIMARKET.pl","url":"https:\/\/bobimarket.pl\/","logo":{"@type":"ImageObject","inLanguage":"pl-PL","@id":"https:\/\/bobimarket.pl\/#\/schema\/logo\/image\/","url":"https:\/\/bobimarket.pl\/wp-content\/uploads\/2021\/11\/slogan.png","contentUrl":"https:\/\/bobimarket.pl\/wp-content\/uploads\/2021\/11\/slogan.png","width":2000,"height":384,"caption":"BOBIMARKET.pl"},"image":{"@id":"https:\/\/bobimarket.pl\/#\/schema\/logo\/image\/"}}]}},"_links":{"self":[{"href":"https:\/\/bobimarket.pl\/index.php\/wp-json\/wp\/v2\/product\/96475"}],"collection":[{"href":"https:\/\/bobimarket.pl\/index.php\/wp-json\/wp\/v2\/product"}],"about":[{"href":"https:\/\/bobimarket.pl\/index.php\/wp-json\/wp\/v2\/types\/product"}],"wp:featuredmedia":[{"embeddable":true,"href":"https:\/\/bobimarket.pl\/index.php\/wp-json\/wp\/v2\/media\/96468"}],"wp:attachment":[{"href":"https:\/\/bobimarket.pl\/index.php\/wp-json\/wp\/v2\/media?parent=96475"}],"wp:term":[{"taxonomy":"product_cat","embeddable":true,"href":"https:\/\/bobimarket.pl\/index.php\/wp-json\/wp\/v2\/product_cat?post=96475"},{"taxonomy":"product_tag","embeddable":true,"href":"https:\/\/bobimarket.pl\/index.php\/wp-json\/wp\/v2\/product_tag?post=96475"}],"curies":[{"name":"wp","href":"https:\/\/api.w.org\/{rel}","templated":true}]}}