{"id":96566,"date":"2023-08-30T11:43:45","date_gmt":"2023-08-30T11:43:45","guid":{"rendered":"https:\/\/bobimarket.pl\/index.php\/produkt\/agrowloknina-wiosenna-biala-16x20m-17g-otulina-agrowloknina-biala-16x20m-ochrona-mroz-owady-uv\/"},"modified":"2025-02-27T16:27:30","modified_gmt":"2025-02-27T16:27:30","slug":"agrowloknina-wiosenna-biala-16x20m-17g-otulina-agrowloknina-biala-16x20m-ochrona-mroz-owady-uv","status":"publish","type":"product","link":"https:\/\/bobimarket.pl\/index.php\/produkt\/agrowloknina-wiosenna-biala-16x20m-17g-otulina-agrowloknina-biala-16x20m-ochrona-mroz-owady-uv\/","title":{"rendered":"AGROW\u0141\u00d3KNINA WIOSENNA BIA\u0141A 1,6x20m 17g OTULINA \/ AGROW\u0141\u00d3KNINA BIA\u0141A 1,6x20m OCHRONA MR\u00d3Z OWADY UV"},"content":{"rendered":"<section class=\"section\">\n<div class=\"item item-12\">\n<section class=\"text-item\">\n<h2>AGROW\u0141\u00d3KNINA WIOSENNA BIA\u0141A 1,6x20m 17g OTULINA<\/h2>\n<p><b>Informacje og\u00f3lne:<\/b><\/p>\n<ul>\n<li>Szeroko\u015b\u0107: <b>1,6 m<\/b><\/li>\n<li>D\u0142ugo\u015b\u0107: <b>20 m<\/b><\/li>\n<li>Rodzaj:<b> agrow\u0142\u00f3knina <\/b>wiosenna P17<\/li>\n<li>Kolor:<b> bia\u0142y<\/b><\/li>\n<\/ul>\n<\/section><\/div>\n<\/section>\n<section class=\"section\">\n<div class=\"item item-12\">\n<section class=\"image-item\">\n            <img decoding=\"async\" src=\"https:\/\/upload.cdn.baselinker.com\/products\/14476\/bc7e636f65fa0e64e910429b542cb726.jpg\" \/><br \/>\n        <\/section>\n<\/p><\/div>\n<\/section>\n<section class=\"section\">\n<div class=\"item item-12\">\n<section class=\"text-item\">\n<h2>Najlepsze rozwi\u0105zanie dla Twoich ro\u015blin!<\/h2>\n<p>Agrow\u0142\u00f3knina wiosenna P17, to produkt wykonany <b>z lekkiego nie uszkadzaj\u0105cego ro\u015bliny materia\u0142u<\/b>. Produkt \u015bwietnie sprawdza si\u0119 przede wszystkim do ochrony ro\u015blin ozdobnych ogrodowych oraz w rolnictwie zabezpieczaj\u0105c wcze\u015bniej rosn\u0105ce ro\u015bliny warzywnicze. W\u0142\u00f3knina cz\u0119\u015bciowo przepuszcza powietrze, \u015bwiat\u0142o oraz wilgo\u0107 <b>nie hamuj\u0105c proces\u00f3w wegetacyjnych<\/b>, okrywanych ro\u015blin.<\/p>\n<ul>\n<li>Agrow\u0142\u00f3knina jest<b> lekka<\/b>. Nie musisz si\u0119 obawia\u0107, \u017ce uszkodzi lub obci\u0105\u017cy ro\u015bliny.<\/li>\n<li>Jest \u0142atwa w monta\u017cu &#8211; wystarczy j\u0105 lu\u017ano roz\u0142o\u017cy\u0107 i przysypa\u0107 ziemi\u0105, woreczkami z ziemi\u0105 lub obci\u0105\u017cy\u0107 w inny spos\u00f3b.<\/li>\n<li>Agrow\u0142\u00f3knina jest bia\u0142a. Barwa bia\u0142a przepuszczaj\u0105c promienie s\u0142oneczne, umo\u017cliwia ro\u015blinom swobodn\u0105 fotosyntez\u0119.<\/li>\n<li>Bez trudu dopasujesz j\u0105 do swoich <b>aktualnych potrzeb<\/b>. \u0141atwa do ci\u0119cia, mo\u017cna z niej utworzy\u0107 kilka mniejszych p\u0142acht o konkretnej powierzchni.<\/li>\n<\/ul>\n<\/section><\/div>\n<\/section>\n<section class=\"section\">\n<div class=\"item item-12\">\n<section class=\"image-item\">\n            <img decoding=\"async\" src=\"https:\/\/upload.cdn.baselinker.com\/products\/14476\/a1bf695d9b3240ab23df7df66c8ac60a.jpg\" \/><br \/>\n        <\/section>\n<\/p><\/div>\n<\/section>\n<section class=\"section\">\n<div class=\"item item-12\">\n<section class=\"text-item\">\n<h2>Dlaczego warto zaopatrzy\u0107 si\u0119 w agrow\u0142\u00f3knin\u0119 ?<\/h2>\n<p>\u2705 Agrow\u0142\u00f3knina \u015bwietnie sprawdzi si\u0119<b> do wiosennego okrywanie ro\u015blin<\/b> warzywniczych oraz ozdobnych ogrodowych. Ochroni ro\u015bliny przed przymrozkami, silnym s\u0142o\u0144cem, ch\u0142odnym wiatrem oraz owadami.<\/p>\n<p>\u2705 W\u0142\u00f3knina posiada r\u00f3wnie\u017c drugie zastosowanie. Po okryciu ro\u015blin warzywniczych<b> stwarza im naturalne warunki cieplarniane<\/b>. Szczeg\u00f3lnie takie warunki wymagane s\u0105 przez warzywa ciep\u0142olubne tj. sa\u0142aty czy og\u00f3rki.<\/p>\n<p>\u2705 W\u0142\u00f3knina \u015bwietnie z<b>abezpiecza pod\u0142o\u017ce przed nadmiernym parowaniem wody<\/b> z gruntu.\u00a0Os\u0142aniane ro\u015bliny daj\u0105 znacznie wcze\u015bniejsze (od kilku do nawet 21 dni) i wi\u0119ksze plony o podwy\u017cszonej jako\u015bci i zdrowotno\u015bci.\u00a0<\/p>\n<\/section><\/div>\n<\/section>\n<section class=\"section\">\n<div class=\"item item-12\">\n<section class=\"image-item\">\n            <img decoding=\"async\" src=\"https:\/\/upload.cdn.baselinker.com\/products\/14476\/0fc59895f80d4812c5a6653e66755e07.jpg\" \/><br \/>\n        <\/section>\n<\/p><\/div>\n<\/section>\n<section class=\"section\">\n<div class=\"item item-12\">\n<section class=\"text-item\">\n<h2>Agrow\u0142\u00f3knina to produkt znacznie skuteczniejszy od swoich tradycyjnych odpowiednik\u00f3w.<\/h2>\n<h2>Uprawianie ogrodu przy\u00a0 jej zastosowaniu tego jest \u0142atwiejsze i przyjemniejsze. Zadowoli nawet najbardziej wymagaj\u0105cych ogrodnik\u00f3w.<\/h2>\n<\/section><\/div>\n<\/section>\n","protected":false},"excerpt":{"rendered":"<p>AGROW\u0141\u00d3KNINA WIOSENNA BIA\u0141A 1,6x20m 17g OTULINA Informacje og\u00f3lne: Szeroko\u015b\u0107: 1,6 m D\u0142ugo\u015b\u0107: 20 m Rodzaj: agrow\u0142\u00f3knina wiosenna P17 Kolor: bia\u0142y Najlepsze rozwi\u0105zanie dla Twoich ro\u015blin! Agrow\u0142\u00f3knina wiosenna P17, to produkt wykonany z lekkiego nie uszkadzaj\u0105cego ro\u015bliny materia\u0142u. Produkt \u015bwietnie sprawdza si\u0119 przede wszystkim do ochrony ro\u015blin ozdobnych ogrodowych oraz w rolnictwie zabezpieczaj\u0105c wcze\u015bniej rosn\u0105ce ro\u015bliny<br \/><a class=\"more-link\" href=\"https:\/\/bobimarket.pl\/index.php\/produkt\/agrowloknina-wiosenna-biala-16x20m-17g-otulina-agrowloknina-biala-16x20m-ochrona-mroz-owady-uv\/\"><br \/>\n        Czytaj wi\u0119cej<span class=\"screen-reader-text\"> &#8222;AGROW\u0141\u00d3KNINA WIOSENNA BIA\u0141A 1,6x20m 17g OTULINA \/ AGROW\u0141\u00d3KNINA BIA\u0141A 1,6x20m OCHRONA MR\u00d3Z OWADY UV&#8221;<\/span><\/a><\/p>\n","protected":false},"featured_media":96559,"template":"","meta":[],"product_cat":[8096],"product_tag":[],"yoast_head":"<!-- This site is optimized with the Yoast SEO plugin v21.0 - https:\/\/yoast.com\/wordpress\/plugins\/seo\/ -->\n<title>AGROW\u0141\u00d3KNINA WIOSENNA BIA\u0141A 1,6x20m 17g OTULINA \/ AGROW\u0141\u00d3KNINA BIA\u0141A 1,6x20m OCHRONA MR\u00d3Z OWADY UV - BOBIMARKET.pl - Remontuj i urz\u0105dzaj z nami<\/title>\n<meta name=\"robots\" content=\"index, follow, max-snippet:-1, max-image-preview:large, max-video-preview:-1\" \/>\n<link rel=\"canonical\" href=\"https:\/\/bobimarket.pl\/index.php\/produkt\/agrowloknina-wiosenna-biala-16x20m-17g-otulina-agrowloknina-biala-16x20m-ochrona-mroz-owady-uv\/\" \/>\n<meta property=\"og:locale\" content=\"pl_PL\" \/>\n<meta property=\"og:type\" content=\"article\" \/>\n<meta property=\"og:title\" content=\"AGROW\u0141\u00d3KNINA WIOSENNA BIA\u0141A 1,6x20m 17g OTULINA \/ AGROW\u0141\u00d3KNINA BIA\u0141A 1,6x20m OCHRONA MR\u00d3Z OWADY UV - BOBIMARKET.pl - Remontuj i urz\u0105dzaj z nami\" \/>\n<meta property=\"og:description\" content=\"AGROW\u0141\u00d3KNINA WIOSENNA BIA\u0141A 1,6x20m 17g OTULINA Informacje og\u00f3lne: Szeroko\u015b\u0107: 1,6 m D\u0142ugo\u015b\u0107: 20 m Rodzaj: agrow\u0142\u00f3knina wiosenna P17 Kolor: bia\u0142y Najlepsze rozwi\u0105zanie dla Twoich ro\u015blin! Agrow\u0142\u00f3knina wiosenna P17, to produkt wykonany z lekkiego nie uszkadzaj\u0105cego ro\u015bliny materia\u0142u. Produkt \u015bwietnie sprawdza si\u0119 przede wszystkim do ochrony ro\u015blin ozdobnych ogrodowych oraz w rolnictwie zabezpieczaj\u0105c wcze\u015bniej rosn\u0105ce ro\u015bliny     Czytaj wi\u0119cej &quot;AGROW\u0141\u00d3KNINA WIOSENNA BIA\u0141A 1,6x20m 17g OTULINA \/ AGROW\u0141\u00d3KNINA BIA\u0141A 1,6x20m OCHRONA MR\u00d3Z OWADY UV&quot;\" \/>\n<meta property=\"og:url\" content=\"https:\/\/bobimarket.pl\/index.php\/produkt\/agrowloknina-wiosenna-biala-16x20m-17g-otulina-agrowloknina-biala-16x20m-ochrona-mroz-owady-uv\/\" \/>\n<meta property=\"og:site_name\" content=\"BOBIMARKET.pl - Remontuj i urz\u0105dzaj z nami\" \/>\n<meta property=\"article:modified_time\" content=\"2025-02-27T16:27:30+00:00\" \/>\n<meta property=\"og:image\" content=\"https:\/\/upload.cdn.baselinker.com\/products\/14476\/bc7e636f65fa0e64e910429b542cb726.jpg\" \/>\n<meta name=\"twitter:card\" content=\"summary_large_image\" \/>\n<meta name=\"twitter:label1\" content=\"Szacowany czas czytania\" \/>\n\t<meta name=\"twitter:data1\" content=\"2 minuty\" \/>\n<script type=\"application\/ld+json\" class=\"yoast-schema-graph\">{\"@context\":\"https:\/\/schema.org\",\"@graph\":[{\"@type\":\"WebPage\",\"@id\":\"https:\/\/bobimarket.pl\/index.php\/produkt\/agrowloknina-wiosenna-biala-16x20m-17g-otulina-agrowloknina-biala-16x20m-ochrona-mroz-owady-uv\/\",\"url\":\"https:\/\/bobimarket.pl\/index.php\/produkt\/agrowloknina-wiosenna-biala-16x20m-17g-otulina-agrowloknina-biala-16x20m-ochrona-mroz-owady-uv\/\",\"name\":\"AGROW\u0141\u00d3KNINA WIOSENNA BIA\u0141A 1,6x20m 17g OTULINA \/ AGROW\u0141\u00d3KNINA BIA\u0141A 1,6x20m OCHRONA MR\u00d3Z OWADY UV - BOBIMARKET.pl - Remontuj i urz\u0105dzaj z nami\",\"isPartOf\":{\"@id\":\"https:\/\/bobimarket.pl\/#website\"},\"datePublished\":\"2023-08-30T11:43:45+00:00\",\"dateModified\":\"2025-02-27T16:27:30+00:00\",\"breadcrumb\":{\"@id\":\"https:\/\/bobimarket.pl\/index.php\/produkt\/agrowloknina-wiosenna-biala-16x20m-17g-otulina-agrowloknina-biala-16x20m-ochrona-mroz-owady-uv\/#breadcrumb\"},\"inLanguage\":\"pl-PL\",\"potentialAction\":[{\"@type\":\"ReadAction\",\"target\":[\"https:\/\/bobimarket.pl\/index.php\/produkt\/agrowloknina-wiosenna-biala-16x20m-17g-otulina-agrowloknina-biala-16x20m-ochrona-mroz-owady-uv\/\"]}]},{\"@type\":\"BreadcrumbList\",\"@id\":\"https:\/\/bobimarket.pl\/index.php\/produkt\/agrowloknina-wiosenna-biala-16x20m-17g-otulina-agrowloknina-biala-16x20m-ochrona-mroz-owady-uv\/#breadcrumb\",\"itemListElement\":[{\"@type\":\"ListItem\",\"position\":1,\"name\":\"Strona g\u0142\u00f3wna\",\"item\":\"https:\/\/bobimarket.pl\/\"},{\"@type\":\"ListItem\",\"position\":2,\"name\":\"Sklep\",\"item\":\"https:\/\/bobimarket.pl\/index.php\/shop\/\"},{\"@type\":\"ListItem\",\"position\":3,\"name\":\"AGROW\u0141\u00d3KNINA WIOSENNA BIA\u0141A 1,6x20m 17g OTULINA \/ AGROW\u0141\u00d3KNINA BIA\u0141A 1,6x20m OCHRONA MR\u00d3Z OWADY UV\"}]},{\"@type\":\"WebSite\",\"@id\":\"https:\/\/bobimarket.pl\/#website\",\"url\":\"https:\/\/bobimarket.pl\/\",\"name\":\"BOBIMARKET.pl - Remontuj i urz\u0105dzaj z nami\",\"description\":\"Remontuj i urz\u0105dzaj z nami\",\"publisher\":{\"@id\":\"https:\/\/bobimarket.pl\/#organization\"},\"potentialAction\":[{\"@type\":\"SearchAction\",\"target\":{\"@type\":\"EntryPoint\",\"urlTemplate\":\"https:\/\/bobimarket.pl\/?s={search_term_string}\"},\"query-input\":\"required name=search_term_string\"}],\"inLanguage\":\"pl-PL\"},{\"@type\":\"Organization\",\"@id\":\"https:\/\/bobimarket.pl\/#organization\",\"name\":\"BOBIMARKET.pl\",\"url\":\"https:\/\/bobimarket.pl\/\",\"logo\":{\"@type\":\"ImageObject\",\"inLanguage\":\"pl-PL\",\"@id\":\"https:\/\/bobimarket.pl\/#\/schema\/logo\/image\/\",\"url\":\"https:\/\/bobimarket.pl\/wp-content\/uploads\/2021\/11\/slogan.png\",\"contentUrl\":\"https:\/\/bobimarket.pl\/wp-content\/uploads\/2021\/11\/slogan.png\",\"width\":2000,\"height\":384,\"caption\":\"BOBIMARKET.pl\"},\"image\":{\"@id\":\"https:\/\/bobimarket.pl\/#\/schema\/logo\/image\/\"}}]}<\/script>\n<!-- \/ Yoast SEO plugin. -->","yoast_head_json":{"title":"AGROW\u0141\u00d3KNINA WIOSENNA BIA\u0141A 1,6x20m 17g OTULINA \/ AGROW\u0141\u00d3KNINA BIA\u0141A 1,6x20m OCHRONA MR\u00d3Z OWADY UV - BOBIMARKET.pl - Remontuj i urz\u0105dzaj z nami","robots":{"index":"index","follow":"follow","max-snippet":"max-snippet:-1","max-image-preview":"max-image-preview:large","max-video-preview":"max-video-preview:-1"},"canonical":"https:\/\/bobimarket.pl\/index.php\/produkt\/agrowloknina-wiosenna-biala-16x20m-17g-otulina-agrowloknina-biala-16x20m-ochrona-mroz-owady-uv\/","og_locale":"pl_PL","og_type":"article","og_title":"AGROW\u0141\u00d3KNINA WIOSENNA BIA\u0141A 1,6x20m 17g OTULINA \/ AGROW\u0141\u00d3KNINA BIA\u0141A 1,6x20m OCHRONA MR\u00d3Z OWADY UV - BOBIMARKET.pl - Remontuj i urz\u0105dzaj z nami","og_description":"AGROW\u0141\u00d3KNINA WIOSENNA BIA\u0141A 1,6x20m 17g OTULINA Informacje og\u00f3lne: Szeroko\u015b\u0107: 1,6 m D\u0142ugo\u015b\u0107: 20 m Rodzaj: agrow\u0142\u00f3knina wiosenna P17 Kolor: bia\u0142y Najlepsze rozwi\u0105zanie dla Twoich ro\u015blin! Agrow\u0142\u00f3knina wiosenna P17, to produkt wykonany z lekkiego nie uszkadzaj\u0105cego ro\u015bliny materia\u0142u. Produkt \u015bwietnie sprawdza si\u0119 przede wszystkim do ochrony ro\u015blin ozdobnych ogrodowych oraz w rolnictwie zabezpieczaj\u0105c wcze\u015bniej rosn\u0105ce ro\u015bliny     Czytaj wi\u0119cej \"AGROW\u0141\u00d3KNINA WIOSENNA BIA\u0141A 1,6x20m 17g OTULINA \/ AGROW\u0141\u00d3KNINA BIA\u0141A 1,6x20m OCHRONA MR\u00d3Z OWADY UV\"","og_url":"https:\/\/bobimarket.pl\/index.php\/produkt\/agrowloknina-wiosenna-biala-16x20m-17g-otulina-agrowloknina-biala-16x20m-ochrona-mroz-owady-uv\/","og_site_name":"BOBIMARKET.pl - Remontuj i urz\u0105dzaj z nami","article_modified_time":"2025-02-27T16:27:30+00:00","og_image":[{"url":"https:\/\/upload.cdn.baselinker.com\/products\/14476\/bc7e636f65fa0e64e910429b542cb726.jpg"}],"twitter_card":"summary_large_image","twitter_misc":{"Szacowany czas czytania":"2 minuty"},"schema":{"@context":"https:\/\/schema.org","@graph":[{"@type":"WebPage","@id":"https:\/\/bobimarket.pl\/index.php\/produkt\/agrowloknina-wiosenna-biala-16x20m-17g-otulina-agrowloknina-biala-16x20m-ochrona-mroz-owady-uv\/","url":"https:\/\/bobimarket.pl\/index.php\/produkt\/agrowloknina-wiosenna-biala-16x20m-17g-otulina-agrowloknina-biala-16x20m-ochrona-mroz-owady-uv\/","name":"AGROW\u0141\u00d3KNINA WIOSENNA BIA\u0141A 1,6x20m 17g OTULINA \/ AGROW\u0141\u00d3KNINA BIA\u0141A 1,6x20m OCHRONA MR\u00d3Z OWADY UV - BOBIMARKET.pl - Remontuj i urz\u0105dzaj z nami","isPartOf":{"@id":"https:\/\/bobimarket.pl\/#website"},"datePublished":"2023-08-30T11:43:45+00:00","dateModified":"2025-02-27T16:27:30+00:00","breadcrumb":{"@id":"https:\/\/bobimarket.pl\/index.php\/produkt\/agrowloknina-wiosenna-biala-16x20m-17g-otulina-agrowloknina-biala-16x20m-ochrona-mroz-owady-uv\/#breadcrumb"},"inLanguage":"pl-PL","potentialAction":[{"@type":"ReadAction","target":["https:\/\/bobimarket.pl\/index.php\/produkt\/agrowloknina-wiosenna-biala-16x20m-17g-otulina-agrowloknina-biala-16x20m-ochrona-mroz-owady-uv\/"]}]},{"@type":"BreadcrumbList","@id":"https:\/\/bobimarket.pl\/index.php\/produkt\/agrowloknina-wiosenna-biala-16x20m-17g-otulina-agrowloknina-biala-16x20m-ochrona-mroz-owady-uv\/#breadcrumb","itemListElement":[{"@type":"ListItem","position":1,"name":"Strona g\u0142\u00f3wna","item":"https:\/\/bobimarket.pl\/"},{"@type":"ListItem","position":2,"name":"Sklep","item":"https:\/\/bobimarket.pl\/index.php\/shop\/"},{"@type":"ListItem","position":3,"name":"AGROW\u0141\u00d3KNINA WIOSENNA BIA\u0141A 1,6x20m 17g OTULINA \/ AGROW\u0141\u00d3KNINA BIA\u0141A 1,6x20m OCHRONA MR\u00d3Z OWADY UV"}]},{"@type":"WebSite","@id":"https:\/\/bobimarket.pl\/#website","url":"https:\/\/bobimarket.pl\/","name":"BOBIMARKET.pl - Remontuj i urz\u0105dzaj z nami","description":"Remontuj i urz\u0105dzaj z nami","publisher":{"@id":"https:\/\/bobimarket.pl\/#organization"},"potentialAction":[{"@type":"SearchAction","target":{"@type":"EntryPoint","urlTemplate":"https:\/\/bobimarket.pl\/?s={search_term_string}"},"query-input":"required name=search_term_string"}],"inLanguage":"pl-PL"},{"@type":"Organization","@id":"https:\/\/bobimarket.pl\/#organization","name":"BOBIMARKET.pl","url":"https:\/\/bobimarket.pl\/","logo":{"@type":"ImageObject","inLanguage":"pl-PL","@id":"https:\/\/bobimarket.pl\/#\/schema\/logo\/image\/","url":"https:\/\/bobimarket.pl\/wp-content\/uploads\/2021\/11\/slogan.png","contentUrl":"https:\/\/bobimarket.pl\/wp-content\/uploads\/2021\/11\/slogan.png","width":2000,"height":384,"caption":"BOBIMARKET.pl"},"image":{"@id":"https:\/\/bobimarket.pl\/#\/schema\/logo\/image\/"}}]}},"_links":{"self":[{"href":"https:\/\/bobimarket.pl\/index.php\/wp-json\/wp\/v2\/product\/96566"}],"collection":[{"href":"https:\/\/bobimarket.pl\/index.php\/wp-json\/wp\/v2\/product"}],"about":[{"href":"https:\/\/bobimarket.pl\/index.php\/wp-json\/wp\/v2\/types\/product"}],"wp:featuredmedia":[{"embeddable":true,"href":"https:\/\/bobimarket.pl\/index.php\/wp-json\/wp\/v2\/media\/96559"}],"wp:attachment":[{"href":"https:\/\/bobimarket.pl\/index.php\/wp-json\/wp\/v2\/media?parent=96566"}],"wp:term":[{"taxonomy":"product_cat","embeddable":true,"href":"https:\/\/bobimarket.pl\/index.php\/wp-json\/wp\/v2\/product_cat?post=96566"},{"taxonomy":"product_tag","embeddable":true,"href":"https:\/\/bobimarket.pl\/index.php\/wp-json\/wp\/v2\/product_tag?post=96566"}],"curies":[{"name":"wp","href":"https:\/\/api.w.org\/{rel}","templated":true}]}}