{"id":96599,"date":"2023-08-30T11:46:04","date_gmt":"2023-08-30T11:46:04","guid":{"rendered":"https:\/\/bobimarket.pl\/index.php\/produkt\/sztuczne-kwiaty-sukulent-w-szkle-sloiku-10-cm\/"},"modified":"2025-02-27T16:27:57","modified_gmt":"2025-02-27T16:27:57","slug":"sztuczne-kwiaty-sukulent-w-szkle-sloiku-10-cm","status":"publish","type":"product","link":"https:\/\/bobimarket.pl\/index.php\/produkt\/sztuczne-kwiaty-sukulent-w-szkle-sloiku-10-cm\/","title":{"rendered":"SZTUCZNE KWIATY SUKULENT W SZKLE S\u0141OIKU 10 cm"},"content":{"rendered":"<section class=\"section\">\n<div class=\"item item-12\">\n<section class=\"text-item\">\n<h2><b>SZTUCZNE KWIATY SUKULENT W SZKLE S\u0141OIKU 10 cm<\/b><\/h2>\n<p><b>Informacje og\u00f3lne:<\/b><\/p>\n<ul>\n<li><b>Wymiary:<\/b> 10 x 10 x 10 CM<\/li>\n<li><b>Materia\u0142:<\/b> szklana doniczka, sukulent z tworzywa sztucznego<\/li>\n<li><b>Rodzaj:<\/b> ozdoba w szkle<\/li>\n<\/ul>\n<\/section><\/div>\n<\/section>\n<section class=\"section\">\n<div class=\"item item-12\">\n<section class=\"image-item\">\n            <img decoding=\"async\" src=\"https:\/\/upload.cdn.baselinker.com\/products\/14476\/40e52873b9a17ae0233b02e92d290205.jpg\" \/><br \/>\n        <\/section>\n<\/p><\/div>\n<\/section>\n<section class=\"section\">\n<div class=\"item item-12\">\n<section class=\"text-item\">\n<h2>Wyj\u0105tkowa dekoracja, kt\u00f3ra ozdobi ka\u017cde wn\u0119trze!<\/h2>\n<p>Sukulent umieszczony w szklanej doniczce to niespotykana ozdoba, kt\u00f3r\u0105 mo\u017cna wykorzysta\u0107 na wiele sposob\u00f3w. Ma\u0142a szklana dekoracja wykonana jest przezroczystego szk\u0142a dekoracyjnego. Szk\u0142o, mimo delikatnej formy, jest wytrzyma\u0142e i \u0142atwo utrzyma\u0107 je w czysto\u015bci. Ozdob\u0119<b>\u00a0 <\/b>wystarczy wyp\u0142uka\u0107 ciep\u0142\u0105 wod\u0105 i pozostawi\u0107 do wysuszenia. Znajduj\u0105ca si\u0119 wewn\u0105trz sukulent zosta\u0142a wykonany z tworzywa sztucznego i jest imitacj\u0105 \u017cywej ro\u015bliny.<\/p>\n<\/section><\/div>\n<\/section>\n<section class=\"section\">\n<div class=\"item item-12\">\n<section class=\"image-item\">\n            <img decoding=\"async\" src=\"https:\/\/upload.cdn.baselinker.com\/products\/14476\/40e52873b9a17ae0233b02e92d290205.jpg\" \/><br \/>\n        <\/section>\n<\/p><\/div>\n<\/section>\n<section class=\"section\">\n<div class=\"item item-12\">\n<section class=\"text-item\">\n<p>\u2705 Niewielka kompozycja kwiatowa to dobre rozwi\u0105zanie <b>do os\u00f3b ceni\u0105cych praktyczne rozwi\u0105zania<\/b>. Umieszczona wewn\u0105trz szklanej doniczki sztuczna ro\u015blina nie wymaga piel\u0119gnacji. Nie musimy si\u0119 martwi\u0107 o jej cykliczne podlewania, nawo\u017cenia itp. Sukulent b\u0119dzie zawsze zielony niezale\u017cnie od pory roku.<\/p>\n<p>\u2705 Ro\u015blinka zosta\u0142a osadzona na pod\u0142o\u017cu imituj\u0105cym bardzo drobny kolorowy kamie\u0144. Ca\u0142o\u015b\u0107 kompozycja \u0142adnie si\u0119 prezentuje i z \u0142atwo\u015bci\u0105 b\u0119dzie j\u0105 <b>mo\u017cna dopasowa\u0107 do pozosta\u0142ych element\u00f3w wystroju<\/b> salonu, kuchni czy \u0142azienki.<\/p>\n<p>\u2705 Taka ozdoba to dodatkowo \u015bwietne <b>rozwi\u0105zanie dla os\u00f3b, kt\u00f3ra posiadaj\u0105 koty<\/b>. Mo\u017cesz bez obawa pozostawi\u0107 kociego przyjaciele samego w mieszkanie. \u015awietna\u00a0 alternatywa do \u017cywych kwiat\u00f3w, poniewa\u017c\u00a0 futrzak nie zaszkodzi sobie obgryzaniem truj\u0105cych dla niego gatunk\u00f3w ro\u015blin.<\/p>\n<\/section><\/div>\n<\/section>\n<section class=\"section\">\n<div class=\"item item-12\">\n<section class=\"image-item\">\n            <img decoding=\"async\" src=\"https:\/\/upload.cdn.baselinker.com\/products\/14476\/40e52873b9a17ae0233b02e92d290205.jpg\" \/><br \/>\n        <\/section>\n<\/p><\/div>\n<\/section>\n<section class=\"section\">\n<div class=\"item item-12\">\n<section class=\"text-item\">\n<h2>Jedna ozdoba, a wiele zastosowa\u0144!<\/h2>\n<p>Ro\u015blina ozdobna w szkle to<b> wyj\u0105tkowa, ale jednocze\u015bnie bardzo uniwersalna dekoracja.<\/b> Dzi\u0119ki swojej subtelno\u015bci idealnie wpasuje si\u0119 w Twoje wn\u0119trze. Doskona\u0142e rozwi\u0105zanie dla os\u00f3b ceni\u0105cych sobie ziele\u0144 i efekt o\u017cywienia, jaki daje we wn\u0119trzu. Doskona\u0142e rozwi\u0105zanie dla tych, kt\u00f3rzy nie chc\u0105 lub nie mog\u0105 mie\u0107 \u017cywych kwiat\u00f3w w domu lub mieszkaniu.<\/p>\n<p>\u2705 Oto kilka pomys\u0142\u00f3w, jak mo\u017cna wykorzysta\u0107 ro\u015blink\u0119 w prze\u017aroczystym szkle.<\/p>\n<ol>\n<li>Doniczk\u0119 mo\u017cesz <b>umie\u015bci\u0107 w oknie na parapecie <\/b>lub jako element dekoracyjny sto\u0142\u00f3w na sali weselnej.<\/li>\n<li>Ro\u015blina nadaje si\u0119 nie tyko do wn\u0119trz, mo\u017ce zosta\u0107 r\u00f3wnie\u017c wykorzystana <b>w ogrodowych altanach<\/b> lub na otwartej przestrzeni.<\/li>\n<li>Mo\u017cesz j\u0105<b> postawi\u0107 na blacie<\/b> w kuchni lub komodzie w salonie. Dodatkowo nic nie stoi na przeszkodzie, aby zosta\u0142a umieszczona np. w \u0142azience. <b>postawi\u0107 na blacie<\/b> w kuchni lub komodzie w salonie.<\/li>\n<\/ol>\n<\/section><\/div>\n<\/section>\n","protected":false},"excerpt":{"rendered":"<p>SZTUCZNE KWIATY SUKULENT W SZKLE S\u0141OIKU 10 cm Informacje og\u00f3lne: Wymiary: 10 x 10 x 10 CM Materia\u0142: szklana doniczka, sukulent z tworzywa sztucznego Rodzaj: ozdoba w szkle Wyj\u0105tkowa dekoracja, kt\u00f3ra ozdobi ka\u017cde wn\u0119trze! Sukulent umieszczony w szklanej doniczce to niespotykana ozdoba, kt\u00f3r\u0105 mo\u017cna wykorzysta\u0107 na wiele sposob\u00f3w. Ma\u0142a szklana dekoracja wykonana jest przezroczystego szk\u0142a<br \/><a class=\"more-link\" href=\"https:\/\/bobimarket.pl\/index.php\/produkt\/sztuczne-kwiaty-sukulent-w-szkle-sloiku-10-cm\/\"><br \/>\n        Czytaj wi\u0119cej<span class=\"screen-reader-text\"> &#8222;SZTUCZNE KWIATY SUKULENT W SZKLE S\u0141OIKU 10 cm&#8221;<\/span><\/a><\/p>\n","protected":false},"featured_media":96598,"template":"","meta":[],"product_cat":[8096],"product_tag":[],"yoast_head":"<!-- This site is optimized with the Yoast SEO plugin v21.0 - https:\/\/yoast.com\/wordpress\/plugins\/seo\/ -->\n<title>SZTUCZNE KWIATY SUKULENT W SZKLE S\u0141OIKU 10 cm - BOBIMARKET.pl - Remontuj i urz\u0105dzaj z nami<\/title>\n<meta name=\"robots\" content=\"index, follow, max-snippet:-1, max-image-preview:large, max-video-preview:-1\" \/>\n<link rel=\"canonical\" href=\"https:\/\/bobimarket.pl\/index.php\/produkt\/sztuczne-kwiaty-sukulent-w-szkle-sloiku-10-cm\/\" \/>\n<meta property=\"og:locale\" content=\"pl_PL\" \/>\n<meta property=\"og:type\" content=\"article\" \/>\n<meta property=\"og:title\" content=\"SZTUCZNE KWIATY SUKULENT W SZKLE S\u0141OIKU 10 cm - BOBIMARKET.pl - Remontuj i urz\u0105dzaj z nami\" \/>\n<meta property=\"og:description\" content=\"SZTUCZNE KWIATY SUKULENT W SZKLE S\u0141OIKU 10 cm Informacje og\u00f3lne: Wymiary: 10 x 10 x 10 CM Materia\u0142: szklana doniczka, sukulent z tworzywa sztucznego Rodzaj: ozdoba w szkle Wyj\u0105tkowa dekoracja, kt\u00f3ra ozdobi ka\u017cde wn\u0119trze! Sukulent umieszczony w szklanej doniczce to niespotykana ozdoba, kt\u00f3r\u0105 mo\u017cna wykorzysta\u0107 na wiele sposob\u00f3w. Ma\u0142a szklana dekoracja wykonana jest przezroczystego szk\u0142a     Czytaj wi\u0119cej &quot;SZTUCZNE KWIATY SUKULENT W SZKLE S\u0141OIKU 10 cm&quot;\" \/>\n<meta property=\"og:url\" content=\"https:\/\/bobimarket.pl\/index.php\/produkt\/sztuczne-kwiaty-sukulent-w-szkle-sloiku-10-cm\/\" \/>\n<meta property=\"og:site_name\" content=\"BOBIMARKET.pl - Remontuj i urz\u0105dzaj z nami\" \/>\n<meta property=\"article:modified_time\" content=\"2025-02-27T16:27:57+00:00\" \/>\n<meta property=\"og:image\" content=\"https:\/\/upload.cdn.baselinker.com\/products\/14476\/40e52873b9a17ae0233b02e92d290205.jpg\" \/>\n<meta name=\"twitter:card\" content=\"summary_large_image\" \/>\n<meta name=\"twitter:label1\" content=\"Szacowany czas czytania\" \/>\n\t<meta name=\"twitter:data1\" content=\"2 minuty\" \/>\n<script type=\"application\/ld+json\" class=\"yoast-schema-graph\">{\"@context\":\"https:\/\/schema.org\",\"@graph\":[{\"@type\":\"WebPage\",\"@id\":\"https:\/\/bobimarket.pl\/index.php\/produkt\/sztuczne-kwiaty-sukulent-w-szkle-sloiku-10-cm\/\",\"url\":\"https:\/\/bobimarket.pl\/index.php\/produkt\/sztuczne-kwiaty-sukulent-w-szkle-sloiku-10-cm\/\",\"name\":\"SZTUCZNE KWIATY SUKULENT W SZKLE S\u0141OIKU 10 cm - BOBIMARKET.pl - Remontuj i urz\u0105dzaj z nami\",\"isPartOf\":{\"@id\":\"https:\/\/bobimarket.pl\/#website\"},\"datePublished\":\"2023-08-30T11:46:04+00:00\",\"dateModified\":\"2025-02-27T16:27:57+00:00\",\"breadcrumb\":{\"@id\":\"https:\/\/bobimarket.pl\/index.php\/produkt\/sztuczne-kwiaty-sukulent-w-szkle-sloiku-10-cm\/#breadcrumb\"},\"inLanguage\":\"pl-PL\",\"potentialAction\":[{\"@type\":\"ReadAction\",\"target\":[\"https:\/\/bobimarket.pl\/index.php\/produkt\/sztuczne-kwiaty-sukulent-w-szkle-sloiku-10-cm\/\"]}]},{\"@type\":\"BreadcrumbList\",\"@id\":\"https:\/\/bobimarket.pl\/index.php\/produkt\/sztuczne-kwiaty-sukulent-w-szkle-sloiku-10-cm\/#breadcrumb\",\"itemListElement\":[{\"@type\":\"ListItem\",\"position\":1,\"name\":\"Strona g\u0142\u00f3wna\",\"item\":\"https:\/\/bobimarket.pl\/\"},{\"@type\":\"ListItem\",\"position\":2,\"name\":\"Sklep\",\"item\":\"https:\/\/bobimarket.pl\/index.php\/shop\/\"},{\"@type\":\"ListItem\",\"position\":3,\"name\":\"SZTUCZNE KWIATY SUKULENT W SZKLE S\u0141OIKU 10 cm\"}]},{\"@type\":\"WebSite\",\"@id\":\"https:\/\/bobimarket.pl\/#website\",\"url\":\"https:\/\/bobimarket.pl\/\",\"name\":\"BOBIMARKET.pl - Remontuj i urz\u0105dzaj z nami\",\"description\":\"Remontuj i urz\u0105dzaj z nami\",\"publisher\":{\"@id\":\"https:\/\/bobimarket.pl\/#organization\"},\"potentialAction\":[{\"@type\":\"SearchAction\",\"target\":{\"@type\":\"EntryPoint\",\"urlTemplate\":\"https:\/\/bobimarket.pl\/?s={search_term_string}\"},\"query-input\":\"required name=search_term_string\"}],\"inLanguage\":\"pl-PL\"},{\"@type\":\"Organization\",\"@id\":\"https:\/\/bobimarket.pl\/#organization\",\"name\":\"BOBIMARKET.pl\",\"url\":\"https:\/\/bobimarket.pl\/\",\"logo\":{\"@type\":\"ImageObject\",\"inLanguage\":\"pl-PL\",\"@id\":\"https:\/\/bobimarket.pl\/#\/schema\/logo\/image\/\",\"url\":\"https:\/\/bobimarket.pl\/wp-content\/uploads\/2021\/11\/slogan.png\",\"contentUrl\":\"https:\/\/bobimarket.pl\/wp-content\/uploads\/2021\/11\/slogan.png\",\"width\":2000,\"height\":384,\"caption\":\"BOBIMARKET.pl\"},\"image\":{\"@id\":\"https:\/\/bobimarket.pl\/#\/schema\/logo\/image\/\"}}]}<\/script>\n<!-- \/ Yoast SEO plugin. -->","yoast_head_json":{"title":"SZTUCZNE KWIATY SUKULENT W SZKLE S\u0141OIKU 10 cm - BOBIMARKET.pl - Remontuj i urz\u0105dzaj z nami","robots":{"index":"index","follow":"follow","max-snippet":"max-snippet:-1","max-image-preview":"max-image-preview:large","max-video-preview":"max-video-preview:-1"},"canonical":"https:\/\/bobimarket.pl\/index.php\/produkt\/sztuczne-kwiaty-sukulent-w-szkle-sloiku-10-cm\/","og_locale":"pl_PL","og_type":"article","og_title":"SZTUCZNE KWIATY SUKULENT W SZKLE S\u0141OIKU 10 cm - BOBIMARKET.pl - Remontuj i urz\u0105dzaj z nami","og_description":"SZTUCZNE KWIATY SUKULENT W SZKLE S\u0141OIKU 10 cm Informacje og\u00f3lne: Wymiary: 10 x 10 x 10 CM Materia\u0142: szklana doniczka, sukulent z tworzywa sztucznego Rodzaj: ozdoba w szkle Wyj\u0105tkowa dekoracja, kt\u00f3ra ozdobi ka\u017cde wn\u0119trze! Sukulent umieszczony w szklanej doniczce to niespotykana ozdoba, kt\u00f3r\u0105 mo\u017cna wykorzysta\u0107 na wiele sposob\u00f3w. Ma\u0142a szklana dekoracja wykonana jest przezroczystego szk\u0142a     Czytaj wi\u0119cej \"SZTUCZNE KWIATY SUKULENT W SZKLE S\u0141OIKU 10 cm\"","og_url":"https:\/\/bobimarket.pl\/index.php\/produkt\/sztuczne-kwiaty-sukulent-w-szkle-sloiku-10-cm\/","og_site_name":"BOBIMARKET.pl - Remontuj i urz\u0105dzaj z nami","article_modified_time":"2025-02-27T16:27:57+00:00","og_image":[{"url":"https:\/\/upload.cdn.baselinker.com\/products\/14476\/40e52873b9a17ae0233b02e92d290205.jpg"}],"twitter_card":"summary_large_image","twitter_misc":{"Szacowany czas czytania":"2 minuty"},"schema":{"@context":"https:\/\/schema.org","@graph":[{"@type":"WebPage","@id":"https:\/\/bobimarket.pl\/index.php\/produkt\/sztuczne-kwiaty-sukulent-w-szkle-sloiku-10-cm\/","url":"https:\/\/bobimarket.pl\/index.php\/produkt\/sztuczne-kwiaty-sukulent-w-szkle-sloiku-10-cm\/","name":"SZTUCZNE KWIATY SUKULENT W SZKLE S\u0141OIKU 10 cm - BOBIMARKET.pl - Remontuj i urz\u0105dzaj z nami","isPartOf":{"@id":"https:\/\/bobimarket.pl\/#website"},"datePublished":"2023-08-30T11:46:04+00:00","dateModified":"2025-02-27T16:27:57+00:00","breadcrumb":{"@id":"https:\/\/bobimarket.pl\/index.php\/produkt\/sztuczne-kwiaty-sukulent-w-szkle-sloiku-10-cm\/#breadcrumb"},"inLanguage":"pl-PL","potentialAction":[{"@type":"ReadAction","target":["https:\/\/bobimarket.pl\/index.php\/produkt\/sztuczne-kwiaty-sukulent-w-szkle-sloiku-10-cm\/"]}]},{"@type":"BreadcrumbList","@id":"https:\/\/bobimarket.pl\/index.php\/produkt\/sztuczne-kwiaty-sukulent-w-szkle-sloiku-10-cm\/#breadcrumb","itemListElement":[{"@type":"ListItem","position":1,"name":"Strona g\u0142\u00f3wna","item":"https:\/\/bobimarket.pl\/"},{"@type":"ListItem","position":2,"name":"Sklep","item":"https:\/\/bobimarket.pl\/index.php\/shop\/"},{"@type":"ListItem","position":3,"name":"SZTUCZNE KWIATY SUKULENT W SZKLE S\u0141OIKU 10 cm"}]},{"@type":"WebSite","@id":"https:\/\/bobimarket.pl\/#website","url":"https:\/\/bobimarket.pl\/","name":"BOBIMARKET.pl - Remontuj i urz\u0105dzaj z nami","description":"Remontuj i urz\u0105dzaj z nami","publisher":{"@id":"https:\/\/bobimarket.pl\/#organization"},"potentialAction":[{"@type":"SearchAction","target":{"@type":"EntryPoint","urlTemplate":"https:\/\/bobimarket.pl\/?s={search_term_string}"},"query-input":"required name=search_term_string"}],"inLanguage":"pl-PL"},{"@type":"Organization","@id":"https:\/\/bobimarket.pl\/#organization","name":"BOBIMARKET.pl","url":"https:\/\/bobimarket.pl\/","logo":{"@type":"ImageObject","inLanguage":"pl-PL","@id":"https:\/\/bobimarket.pl\/#\/schema\/logo\/image\/","url":"https:\/\/bobimarket.pl\/wp-content\/uploads\/2021\/11\/slogan.png","contentUrl":"https:\/\/bobimarket.pl\/wp-content\/uploads\/2021\/11\/slogan.png","width":2000,"height":384,"caption":"BOBIMARKET.pl"},"image":{"@id":"https:\/\/bobimarket.pl\/#\/schema\/logo\/image\/"}}]}},"_links":{"self":[{"href":"https:\/\/bobimarket.pl\/index.php\/wp-json\/wp\/v2\/product\/96599"}],"collection":[{"href":"https:\/\/bobimarket.pl\/index.php\/wp-json\/wp\/v2\/product"}],"about":[{"href":"https:\/\/bobimarket.pl\/index.php\/wp-json\/wp\/v2\/types\/product"}],"wp:featuredmedia":[{"embeddable":true,"href":"https:\/\/bobimarket.pl\/index.php\/wp-json\/wp\/v2\/media\/96598"}],"wp:attachment":[{"href":"https:\/\/bobimarket.pl\/index.php\/wp-json\/wp\/v2\/media?parent=96599"}],"wp:term":[{"taxonomy":"product_cat","embeddable":true,"href":"https:\/\/bobimarket.pl\/index.php\/wp-json\/wp\/v2\/product_cat?post=96599"},{"taxonomy":"product_tag","embeddable":true,"href":"https:\/\/bobimarket.pl\/index.php\/wp-json\/wp\/v2\/product_tag?post=96599"}],"curies":[{"name":"wp","href":"https:\/\/api.w.org\/{rel}","templated":true}]}}