{"id":96612,"date":"2023-08-30T11:46:44","date_gmt":"2023-08-30T11:46:44","guid":{"rendered":"https:\/\/bobimarket.pl\/index.php\/produkt\/motyka-kopaczka-z-widelkami-hartowana-do-kopania\/"},"modified":"2025-02-27T16:28:17","modified_gmt":"2025-02-27T16:28:17","slug":"motyka-kopaczka-z-widelkami-hartowana-do-kopania","status":"publish","type":"product","link":"https:\/\/bobimarket.pl\/index.php\/produkt\/motyka-kopaczka-z-widelkami-hartowana-do-kopania\/","title":{"rendered":"MOTYKA KOPACZKA Z WIDE\u0141KAMI HARTOWANA DO KOPANIA"},"content":{"rendered":"<section class=\"section\">\n<div class=\"item item-12\">\n<section class=\"text-item\">\n<h2>MOTYKA KOPACZKA Z WIDE\u0141KAMI HARTOWANA DO KOPANIA<\/h2>\n<p><b>Informacje og\u00f3lne:<\/b><\/p>\n<ul>\n<li>Materia\u0142 ostrza: <b>stal hartowana<\/b><\/li>\n<li>Materia\u0142 trzonka: <b>drewno<\/b><\/li>\n<li>Wymiary motyki: <b>98 x 11,5 cm <\/b><\/li>\n<li>Wymiary wide\u0142ek:<b> 12 x 10,5 cm <\/b><\/li>\n<li>\u015arednica trzonka: <b>2,7 cm<\/b><\/li>\n<li>D\u0142ugo\u015b\u0107 trzonka: <b>118 cm <\/b><\/li>\n<\/ul>\n<\/section><\/div>\n<\/section>\n<section class=\"section\">\n<div class=\"item item-12\">\n<section class=\"image-item\">\n            <img decoding=\"async\" src=\"https:\/\/upload.cdn.baselinker.com\/products\/14476\/caa5ba12d08fddbd4e307268e7b32374.jpg\" \/><br \/>\n        <\/section>\n<\/p><\/div>\n<\/section>\n<section class=\"section\">\n<div class=\"item item-12\">\n<section class=\"text-item\">\n<h2>Idealna motyka do prac w ogrodzie o ka\u017cdej porze roku!<\/h2>\n<p>Praktyczna i solidna motyka z wide\u0142kami, kt\u00f3ra przyda si\u0119 o ka\u017cdej porze roku. Motyka wyposa\u017cona w solidny drewniany trzonek W sezonie letnim pomo\u017ce w przygotowaniu pod\u0142o\u017ca do sadzenia ro\u015blin, a w sezonie jesiennym sprawdzi si\u0119 do porz\u0105dkowania ogrodu.\u00a0 Narz\u0119dzie mo\u017ce zosta\u0107 u\u017cyte podczas praw w ogrodzie, dzia\u0142ce lub sadzie. Twoja praca b\u0119dzie przebiega\u0142a sprawnie i szybko.<\/p>\n<p>Motyka jest niezwykle funkcjonalna i charakteryzuje si\u0119 dwustronn\u0105 cz\u0119\u015b\u0107 robocz\u0105. Wid\u0142y i motyka to jedno narz\u0119dzie &#8211; nie musisz si\u0119 odrywa\u0107 od pracy i zmienia\u0107 narz\u0119dzia na inne. Z \u0142atwo\u015bci\u0105 usuniesz chwasty, spulchnisz ziemi\u0119\u00a0 rozlu\u017anisz gleb\u0119 lub wykonasz grz\u0105dki pod sadzonki.<\/p>\n<ul>\n<li><b>Wytrzyma\u0142a i solidna.<\/b> Ostrze jest hartowane, co b\u0119dzie owocowa\u0142o d\u0142ugim okresem u\u017cytkowania. Narz\u0119dzie pos\u0142u\u017cy nie jeden, a kilka sezon\u00f3w.<\/li>\n<li>Do\u0142\u0105czony do motyki<b> drewniany trzonek<\/b> sprawia, \u017ce\u00a0 nie musisz mocno pochyla\u0107 si\u0119 podczas okopywania grz\u0105dek, wi\u0119c nie nadwyr\u0119\u017casz kr\u0119gos\u0142upa. Jego\u00a0 uniwersalny kszta\u0142t i d\u0142ugo\u015b\u0107 sprawiaj\u0105, \u017ce korzystanie z tego narz\u0119dzia jest \u0142atwe i nie prowadzi do szybkiego zm\u0119czenia mi\u0119\u015bni.<\/li>\n<\/ul>\n<\/section><\/div>\n<\/section>\n<section class=\"section\">\n<div class=\"item item-12\">\n<section class=\"image-item\">\n            <img decoding=\"async\" src=\"https:\/\/upload.cdn.baselinker.com\/products\/14476\/9f952bf8054bb677c8f9d77f5c5892d7.jpg\" \/><br \/>\n        <\/section>\n<\/p><\/div>\n<\/section>\n<section class=\"section\">\n<div class=\"item item-12\">\n<section class=\"text-item\">\n<h1>Pomocnik przy pracach w ogrodzie!<\/h1>\n<p>\u2705 Charakterystyczne dla motyki ostro zako\u0144czone ostrza pozwala na precyzyjne ucinanie drobnych korzonk\u00f3w albo usuwanie pojedynczych chwast\u00f3w z trawnika.<\/p>\n<p>\u2705 Dzi\u0119ki motyce <b>rozbijesz r\u00f3wnie\u017c twarde bry\u0142y ziemi<\/b>. Ostre kraw\u0119dzie doskonale przecinaj\u0105 gleb\u0119, dzi\u0119ki czemu spulchnianie i plewienie staje si\u0119 o wiele \u0142atwiejsze.<\/p>\n<p>\u2705 Narz\u0119dzie umo\u017cliwia <b>sprawne wykonanie grz\u0105dek<\/b> pod wysiew nasion. Kwiaty pi\u0119knie zakwitn\u0105, a warzywa wydadz\u0105 obfite plony. Opr\u00f3cz tego motyka mo\u017ce zosta\u0107 u\u017cyta\u00a0 tak\u017ce pomocne przy kopczykowaniu ro\u015blin.<\/p>\n<p>\u2705 <b>Wide\u0142ki <\/b>pomog\u0105 w dbaniu o ro\u015bliny. Z ich pomoc\u0105 b\u0119dziesz m\u00f3g\u0142 spulchni\u0107 i napowietrzy\u0107 gleb\u0119, aby Twoje ro\u015bliny mog\u0142y rosn\u0105\u0107 w jak najlepszych warunkach. Przydadz\u0105 si\u0119 r\u00f3wnie\u017c podczas odchwaszczania grz\u0105dek lub zbierania \u015bci\u0119tych p\u0119d\u00f3w.<\/p>\n<\/section><\/div>\n<\/section>\n<section class=\"section\">\n<div class=\"item item-12\">\n<section class=\"text-item\">\n<h2>MOTYKA KOPACZKA Z WIDE\u0141KAMI HARTOWANA DO KOPANIA<\/h2>\n<p><b>Informacje og\u00f3lne:<\/b><\/p>\n<ul>\n<li>Materia\u0142 ostrza: <b>stal hartowana<\/b><\/li>\n<li>Materia\u0142 trzonka: <b>drewno<\/b><\/li>\n<li>Wymiary motyki: <b>98 x 11,5 cm <\/b><\/li>\n<li>Wymiary wide\u0142ek:<b> 12 x 10,5 cm <\/b><\/li>\n<li>\u015arednica trzonka: <b>2,7 cm<\/b><\/li>\n<li>D\u0142ugo\u015b\u0107 trzonka: <b>118 cm <\/b><\/li>\n<\/ul>\n<\/section><\/div>\n<\/section>\n<section class=\"section\">\n<div class=\"item item-12\">\n<section class=\"image-item\">\n<\/section><\/div>\n<\/section>\n<section class=\"section\">\n<div class=\"item item-12\">\n<section class=\"text-item\">\n<h2>Idealna motyka do prac w ogrodzie o ka\u017cdej porze roku!<\/h2>\n<p>Praktyczna i solidna motyka z wide\u0142kami, kt\u00f3ra przyda si\u0119 o ka\u017cdej porze roku. Motyka wyposa\u017cona w solidny drewniany trzonek W sezonie letnim pomo\u017ce w przygotowaniu pod\u0142o\u017ca do sadzenia ro\u015blin, a w sezonie jesiennym sprawdzi si\u0119 do porz\u0105dkowania ogrodu.\u00a0 Narz\u0119dzie mo\u017ce zosta\u0107 u\u017cyte podczas praw w ogrodzie, dzia\u0142ce lub sadzie. Twoja praca b\u0119dzie przebiega\u0142a sprawnie i szybko.<\/p>\n<p>Motyka jest niezwykle funkcjonalna i charakteryzuje si\u0119 dwustronn\u0105 cz\u0119\u015b\u0107 robocz\u0105. Wid\u0142y i motyka to jedno narz\u0119dzie &#8211; nie musisz si\u0119 odrywa\u0107 od pracy i zmienia\u0107 narz\u0119dzia na inne. Z \u0142atwo\u015bci\u0105 usuniesz chwasty, spulchnisz ziemi\u0119\u00a0 rozlu\u017anisz gleb\u0119 lub wykonasz grz\u0105dki pod sadzonki.<\/p>\n<ul>\n<li><b>Wytrzyma\u0142a i solidna.<\/b> Ostrze jest hartowane, co b\u0119dzie owocowa\u0142o d\u0142ugim okresem u\u017cytkowania. Narz\u0119dzie pos\u0142u\u017cy nie jeden, a kilka sezon\u00f3w.<\/li>\n<li>Do\u0142\u0105czony do motyki<b> drewniany trzonek<\/b> sprawia, \u017ce\u00a0 nie musisz mocno pochyla\u0107 si\u0119 podczas okopywania grz\u0105dek, wi\u0119c nie nadwyr\u0119\u017casz kr\u0119gos\u0142upa. Jego\u00a0 uniwersalny kszta\u0142t i d\u0142ugo\u015b\u0107 sprawiaj\u0105, \u017ce korzystanie z tego narz\u0119dzia jest \u0142atwe i nie prowadzi do szybkiego zm\u0119czenia mi\u0119\u015bni.<\/li>\n<\/ul>\n<\/section><\/div>\n<\/section>\n<section class=\"section\">\n<div class=\"item item-12\">\n<section class=\"image-item\">\n<\/section><\/div>\n<\/section>\n<section class=\"section\">\n<div class=\"item item-12\">\n<section class=\"text-item\">\n<h1>Pomocnik przy pracach w ogrodzie!<\/h1>\n<p>\u2705 Charakterystyczne dla motyki ostro zako\u0144czone ostrza pozwala na precyzyjne ucinanie drobnych korzonk\u00f3w albo usuwanie pojedynczych chwast\u00f3w z trawnika.<\/p>\n<p>\u2705 Dzi\u0119ki motyce <b>rozbijesz r\u00f3wnie\u017c twarde bry\u0142y ziemi<\/b>. Ostre kraw\u0119dzie doskonale przecinaj\u0105 gleb\u0119, dzi\u0119ki czemu spulchnianie i plewienie staje si\u0119 o wiele \u0142atwiejsze.<\/p>\n<p>\u2705 Narz\u0119dzie umo\u017cliwia <b>sprawne wykonanie grz\u0105dek<\/b> pod wysiew nasion. Kwiaty pi\u0119knie zakwitn\u0105, a warzywa wydadz\u0105 obfite plony. Opr\u00f3cz tego motyka mo\u017ce zosta\u0107 u\u017cyta\u00a0 tak\u017ce pomocne przy kopczykowaniu ro\u015blin.<\/p>\n<p>\u2705 <b>Wide\u0142ki <\/b>pomog\u0105 w dbaniu o ro\u015bliny. Z ich pomoc\u0105 b\u0119dziesz m\u00f3g\u0142 spulchni\u0107 i napowietrzy\u0107 gleb\u0119, aby Twoje ro\u015bliny mog\u0142y rosn\u0105\u0107 w jak najlepszych warunkach. Przydadz\u0105 si\u0119 r\u00f3wnie\u017c podczas odchwaszczania grz\u0105dek lub zbierania \u015bci\u0119tych p\u0119d\u00f3w.<\/p>\n<\/section><\/div>\n<\/section>\n","protected":false},"excerpt":{"rendered":"<p>MOTYKA KOPACZKA Z WIDE\u0141KAMI HARTOWANA DO KOPANIA Informacje og\u00f3lne: Materia\u0142 ostrza: stal hartowana Materia\u0142 trzonka: drewno Wymiary motyki: 98 x 11,5 cm Wymiary wide\u0142ek: 12 x 10,5 cm \u015arednica trzonka: 2,7 cm D\u0142ugo\u015b\u0107 trzonka: 118 cm Idealna motyka do prac w ogrodzie o ka\u017cdej porze roku! Praktyczna i solidna motyka z wide\u0142kami, kt\u00f3ra przyda si\u0119<br \/><a class=\"more-link\" href=\"https:\/\/bobimarket.pl\/index.php\/produkt\/motyka-kopaczka-z-widelkami-hartowana-do-kopania\/\"><br \/>\n        Czytaj wi\u0119cej<span class=\"screen-reader-text\"> &#8222;MOTYKA KOPACZKA Z WIDE\u0141KAMI HARTOWANA DO KOPANIA&#8221;<\/span><\/a><\/p>\n","protected":false},"featured_media":96608,"template":"","meta":[],"product_cat":[8229],"product_tag":[],"yoast_head":"<!-- This site is optimized with the Yoast SEO plugin v21.0 - https:\/\/yoast.com\/wordpress\/plugins\/seo\/ -->\n<title>MOTYKA KOPACZKA Z WIDE\u0141KAMI HARTOWANA DO KOPANIA - BOBIMARKET.pl - Remontuj i urz\u0105dzaj z nami<\/title>\n<meta name=\"robots\" content=\"index, follow, max-snippet:-1, max-image-preview:large, max-video-preview:-1\" \/>\n<link rel=\"canonical\" href=\"https:\/\/bobimarket.pl\/index.php\/produkt\/motyka-kopaczka-z-widelkami-hartowana-do-kopania\/\" \/>\n<meta property=\"og:locale\" content=\"pl_PL\" \/>\n<meta property=\"og:type\" content=\"article\" \/>\n<meta property=\"og:title\" content=\"MOTYKA KOPACZKA Z WIDE\u0141KAMI HARTOWANA DO KOPANIA - BOBIMARKET.pl - Remontuj i urz\u0105dzaj z nami\" \/>\n<meta property=\"og:description\" content=\"MOTYKA KOPACZKA Z WIDE\u0141KAMI HARTOWANA DO KOPANIA Informacje og\u00f3lne: Materia\u0142 ostrza: stal hartowana Materia\u0142 trzonka: drewno Wymiary motyki: 98 x 11,5 cm Wymiary wide\u0142ek: 12 x 10,5 cm \u015arednica trzonka: 2,7 cm D\u0142ugo\u015b\u0107 trzonka: 118 cm Idealna motyka do prac w ogrodzie o ka\u017cdej porze roku! Praktyczna i solidna motyka z wide\u0142kami, kt\u00f3ra przyda si\u0119     Czytaj wi\u0119cej &quot;MOTYKA KOPACZKA Z WIDE\u0141KAMI HARTOWANA DO KOPANIA&quot;\" \/>\n<meta property=\"og:url\" content=\"https:\/\/bobimarket.pl\/index.php\/produkt\/motyka-kopaczka-z-widelkami-hartowana-do-kopania\/\" \/>\n<meta property=\"og:site_name\" content=\"BOBIMARKET.pl - Remontuj i urz\u0105dzaj z nami\" \/>\n<meta property=\"article:modified_time\" content=\"2025-02-27T16:28:17+00:00\" \/>\n<meta property=\"og:image\" content=\"https:\/\/upload.cdn.baselinker.com\/products\/14476\/caa5ba12d08fddbd4e307268e7b32374.jpg\" \/>\n<meta name=\"twitter:card\" content=\"summary_large_image\" \/>\n<meta name=\"twitter:label1\" content=\"Szacowany czas czytania\" \/>\n\t<meta name=\"twitter:data1\" content=\"4 minuty\" \/>\n<script type=\"application\/ld+json\" class=\"yoast-schema-graph\">{\"@context\":\"https:\/\/schema.org\",\"@graph\":[{\"@type\":\"WebPage\",\"@id\":\"https:\/\/bobimarket.pl\/index.php\/produkt\/motyka-kopaczka-z-widelkami-hartowana-do-kopania\/\",\"url\":\"https:\/\/bobimarket.pl\/index.php\/produkt\/motyka-kopaczka-z-widelkami-hartowana-do-kopania\/\",\"name\":\"MOTYKA KOPACZKA Z WIDE\u0141KAMI HARTOWANA DO KOPANIA - BOBIMARKET.pl - Remontuj i urz\u0105dzaj z nami\",\"isPartOf\":{\"@id\":\"https:\/\/bobimarket.pl\/#website\"},\"datePublished\":\"2023-08-30T11:46:44+00:00\",\"dateModified\":\"2025-02-27T16:28:17+00:00\",\"breadcrumb\":{\"@id\":\"https:\/\/bobimarket.pl\/index.php\/produkt\/motyka-kopaczka-z-widelkami-hartowana-do-kopania\/#breadcrumb\"},\"inLanguage\":\"pl-PL\",\"potentialAction\":[{\"@type\":\"ReadAction\",\"target\":[\"https:\/\/bobimarket.pl\/index.php\/produkt\/motyka-kopaczka-z-widelkami-hartowana-do-kopania\/\"]}]},{\"@type\":\"BreadcrumbList\",\"@id\":\"https:\/\/bobimarket.pl\/index.php\/produkt\/motyka-kopaczka-z-widelkami-hartowana-do-kopania\/#breadcrumb\",\"itemListElement\":[{\"@type\":\"ListItem\",\"position\":1,\"name\":\"Strona g\u0142\u00f3wna\",\"item\":\"https:\/\/bobimarket.pl\/\"},{\"@type\":\"ListItem\",\"position\":2,\"name\":\"Sklep\",\"item\":\"https:\/\/bobimarket.pl\/index.php\/shop\/\"},{\"@type\":\"ListItem\",\"position\":3,\"name\":\"MOTYKA KOPACZKA Z WIDE\u0141KAMI HARTOWANA DO KOPANIA\"}]},{\"@type\":\"WebSite\",\"@id\":\"https:\/\/bobimarket.pl\/#website\",\"url\":\"https:\/\/bobimarket.pl\/\",\"name\":\"BOBIMARKET.pl - Remontuj i urz\u0105dzaj z nami\",\"description\":\"Remontuj i urz\u0105dzaj z nami\",\"publisher\":{\"@id\":\"https:\/\/bobimarket.pl\/#organization\"},\"potentialAction\":[{\"@type\":\"SearchAction\",\"target\":{\"@type\":\"EntryPoint\",\"urlTemplate\":\"https:\/\/bobimarket.pl\/?s={search_term_string}\"},\"query-input\":\"required name=search_term_string\"}],\"inLanguage\":\"pl-PL\"},{\"@type\":\"Organization\",\"@id\":\"https:\/\/bobimarket.pl\/#organization\",\"name\":\"BOBIMARKET.pl\",\"url\":\"https:\/\/bobimarket.pl\/\",\"logo\":{\"@type\":\"ImageObject\",\"inLanguage\":\"pl-PL\",\"@id\":\"https:\/\/bobimarket.pl\/#\/schema\/logo\/image\/\",\"url\":\"https:\/\/bobimarket.pl\/wp-content\/uploads\/2021\/11\/slogan.png\",\"contentUrl\":\"https:\/\/bobimarket.pl\/wp-content\/uploads\/2021\/11\/slogan.png\",\"width\":2000,\"height\":384,\"caption\":\"BOBIMARKET.pl\"},\"image\":{\"@id\":\"https:\/\/bobimarket.pl\/#\/schema\/logo\/image\/\"}}]}<\/script>\n<!-- \/ Yoast SEO plugin. -->","yoast_head_json":{"title":"MOTYKA KOPACZKA Z WIDE\u0141KAMI HARTOWANA DO KOPANIA - BOBIMARKET.pl - Remontuj i urz\u0105dzaj z nami","robots":{"index":"index","follow":"follow","max-snippet":"max-snippet:-1","max-image-preview":"max-image-preview:large","max-video-preview":"max-video-preview:-1"},"canonical":"https:\/\/bobimarket.pl\/index.php\/produkt\/motyka-kopaczka-z-widelkami-hartowana-do-kopania\/","og_locale":"pl_PL","og_type":"article","og_title":"MOTYKA KOPACZKA Z WIDE\u0141KAMI HARTOWANA DO KOPANIA - BOBIMARKET.pl - Remontuj i urz\u0105dzaj z nami","og_description":"MOTYKA KOPACZKA Z WIDE\u0141KAMI HARTOWANA DO KOPANIA Informacje og\u00f3lne: Materia\u0142 ostrza: stal hartowana Materia\u0142 trzonka: drewno Wymiary motyki: 98 x 11,5 cm Wymiary wide\u0142ek: 12 x 10,5 cm \u015arednica trzonka: 2,7 cm D\u0142ugo\u015b\u0107 trzonka: 118 cm Idealna motyka do prac w ogrodzie o ka\u017cdej porze roku! Praktyczna i solidna motyka z wide\u0142kami, kt\u00f3ra przyda si\u0119     Czytaj wi\u0119cej \"MOTYKA KOPACZKA Z WIDE\u0141KAMI HARTOWANA DO KOPANIA\"","og_url":"https:\/\/bobimarket.pl\/index.php\/produkt\/motyka-kopaczka-z-widelkami-hartowana-do-kopania\/","og_site_name":"BOBIMARKET.pl - Remontuj i urz\u0105dzaj z nami","article_modified_time":"2025-02-27T16:28:17+00:00","og_image":[{"url":"https:\/\/upload.cdn.baselinker.com\/products\/14476\/caa5ba12d08fddbd4e307268e7b32374.jpg"}],"twitter_card":"summary_large_image","twitter_misc":{"Szacowany czas czytania":"4 minuty"},"schema":{"@context":"https:\/\/schema.org","@graph":[{"@type":"WebPage","@id":"https:\/\/bobimarket.pl\/index.php\/produkt\/motyka-kopaczka-z-widelkami-hartowana-do-kopania\/","url":"https:\/\/bobimarket.pl\/index.php\/produkt\/motyka-kopaczka-z-widelkami-hartowana-do-kopania\/","name":"MOTYKA KOPACZKA Z WIDE\u0141KAMI HARTOWANA DO KOPANIA - BOBIMARKET.pl - Remontuj i urz\u0105dzaj z nami","isPartOf":{"@id":"https:\/\/bobimarket.pl\/#website"},"datePublished":"2023-08-30T11:46:44+00:00","dateModified":"2025-02-27T16:28:17+00:00","breadcrumb":{"@id":"https:\/\/bobimarket.pl\/index.php\/produkt\/motyka-kopaczka-z-widelkami-hartowana-do-kopania\/#breadcrumb"},"inLanguage":"pl-PL","potentialAction":[{"@type":"ReadAction","target":["https:\/\/bobimarket.pl\/index.php\/produkt\/motyka-kopaczka-z-widelkami-hartowana-do-kopania\/"]}]},{"@type":"BreadcrumbList","@id":"https:\/\/bobimarket.pl\/index.php\/produkt\/motyka-kopaczka-z-widelkami-hartowana-do-kopania\/#breadcrumb","itemListElement":[{"@type":"ListItem","position":1,"name":"Strona g\u0142\u00f3wna","item":"https:\/\/bobimarket.pl\/"},{"@type":"ListItem","position":2,"name":"Sklep","item":"https:\/\/bobimarket.pl\/index.php\/shop\/"},{"@type":"ListItem","position":3,"name":"MOTYKA KOPACZKA Z WIDE\u0141KAMI HARTOWANA DO KOPANIA"}]},{"@type":"WebSite","@id":"https:\/\/bobimarket.pl\/#website","url":"https:\/\/bobimarket.pl\/","name":"BOBIMARKET.pl - Remontuj i urz\u0105dzaj z nami","description":"Remontuj i urz\u0105dzaj z nami","publisher":{"@id":"https:\/\/bobimarket.pl\/#organization"},"potentialAction":[{"@type":"SearchAction","target":{"@type":"EntryPoint","urlTemplate":"https:\/\/bobimarket.pl\/?s={search_term_string}"},"query-input":"required name=search_term_string"}],"inLanguage":"pl-PL"},{"@type":"Organization","@id":"https:\/\/bobimarket.pl\/#organization","name":"BOBIMARKET.pl","url":"https:\/\/bobimarket.pl\/","logo":{"@type":"ImageObject","inLanguage":"pl-PL","@id":"https:\/\/bobimarket.pl\/#\/schema\/logo\/image\/","url":"https:\/\/bobimarket.pl\/wp-content\/uploads\/2021\/11\/slogan.png","contentUrl":"https:\/\/bobimarket.pl\/wp-content\/uploads\/2021\/11\/slogan.png","width":2000,"height":384,"caption":"BOBIMARKET.pl"},"image":{"@id":"https:\/\/bobimarket.pl\/#\/schema\/logo\/image\/"}}]}},"_links":{"self":[{"href":"https:\/\/bobimarket.pl\/index.php\/wp-json\/wp\/v2\/product\/96612"}],"collection":[{"href":"https:\/\/bobimarket.pl\/index.php\/wp-json\/wp\/v2\/product"}],"about":[{"href":"https:\/\/bobimarket.pl\/index.php\/wp-json\/wp\/v2\/types\/product"}],"wp:featuredmedia":[{"embeddable":true,"href":"https:\/\/bobimarket.pl\/index.php\/wp-json\/wp\/v2\/media\/96608"}],"wp:attachment":[{"href":"https:\/\/bobimarket.pl\/index.php\/wp-json\/wp\/v2\/media?parent=96612"}],"wp:term":[{"taxonomy":"product_cat","embeddable":true,"href":"https:\/\/bobimarket.pl\/index.php\/wp-json\/wp\/v2\/product_cat?post=96612"},{"taxonomy":"product_tag","embeddable":true,"href":"https:\/\/bobimarket.pl\/index.php\/wp-json\/wp\/v2\/product_tag?post=96612"}],"curies":[{"name":"wp","href":"https:\/\/api.w.org\/{rel}","templated":true}]}}