{"id":96651,"date":"2023-08-30T11:48:54","date_gmt":"2023-08-30T11:48:54","guid":{"rendered":"https:\/\/bobimarket.pl\/index.php\/produkt\/papryka-rokita-ostra-na-przetwory-nasiona-bez-gmo-05g\/"},"modified":"2025-02-27T16:28:33","modified_gmt":"2025-02-27T16:28:33","slug":"papryka-rokita-ostra-na-przetwory-nasiona-bez-gmo-05g","status":"publish","type":"product","link":"https:\/\/bobimarket.pl\/index.php\/produkt\/papryka-rokita-ostra-na-przetwory-nasiona-bez-gmo-05g\/","title":{"rendered":"PAPRYKA ROKITA OSTRA NA PRZETWORY NASIONA BEZ GMO 0,5g"},"content":{"rendered":"<section class=\"section\">\n<div class=\"item item-12\">\n<section class=\"text-item\">\n<p><b>PAPRYKA ROKITA OSTRA NA PRZETWORY NASIONA BEZ GMO 0,5g<\/b><\/p>\n<p><b>\u2705 Informacje og\u00f3lne: <\/b><\/p>\n<ul>\n<li>Liczba nasion: 170-200 szt. w gramie<\/li>\n<li>Norma wysiewu: 0,5 kg\/ha<\/li>\n<\/ul>\n<p>\u2705 <b>Terminy wysiewu\/zbioru:<\/b><\/p>\n<ul>\n<li>Termin wysiewu: 1 dekada I;1 dekada IV<\/li>\n<li>Termin sadzenia: 2 dekada II;3 dekada V<\/li>\n<li>Rozstawa: na og\u00f3\u0142 50 x 40 cm; inna rozstawa zale\u017cy od mo\u017cliwo\u015bci maszyn do uprawy<\/li>\n<li>Termin zbioru: 3 dekada IV-3 dekada I<\/li>\n<\/ul>\n<p>\u2705 Wegetacja: <b>70 dni <\/b><\/p>\n<p>\u2705 Opakowanie:<b> 0,5g<\/b><\/p>\n<h1>NASIONA BEZ GMO OD POLSKIEGO PRODUCENTA!<\/h1>\n<\/section><\/div>\n<\/section>\n<section class=\"section\">\n<div class=\"item item-12\">\n<section class=\"image-item\">\n            <img decoding=\"async\" src=\"https:\/\/upload.cdn.baselinker.com\/products\/14476\/dbf765d2145da9fe9aef06e31db81efc.jpg\" \/><br \/>\n        <\/section>\n<\/p><\/div>\n<\/section>\n<section class=\"section\">\n<div class=\"item item-12\">\n<section class=\"text-item\">\n<h2>Papryka 'ROKITA&#8217; nasiona<\/h2>\n<p>Papryka &#8222;Rokita&#8221; to gatunek polecany do uprawy w gruncie lub tunelach foliowych. Ro\u015bliny wysoko\u015bci ok. 50 cm nie wymagaj\u0105 podp\u00f3r. Owoce bardzo d\u0142ugie (12-18 cm), czerwone, o masie 25-45 g, nieco ostre w smaku, bardzo smaczne. Wy\u015bmienita na przetwory (konserwowanie w ca\u0142o\u015bci, dodatek do sa\u0142atek) i do bezpo\u015bredniego spo\u017cycia.<\/p>\n<p><b>\u2705<\/b><b> Cechy og\u00f3lne odmiany:<\/b><\/p>\n<p>Dojrza\u0142e papryki maj\u0105 sk\u00f3rk\u0119 o \u017cywym, czerwonym kolorze, nieco po\u0142yskliw\u0105 i niezbyt szerok\u0105 \u015bciank\u0119.\u00a0<\/p>\n<ul>\n<li>Jest bardzo smaczna i nadaje si\u0119 do spo\u017cycia bezpo\u015bredniego, zar\u00f3wno na surowo, w formie duszonej lub grillowanej.<\/li>\n<li>Dobrze nadaje si\u0119 tak\u017ce do przetworzenia<\/li>\n<\/ul>\n<\/section><\/div>\n<\/section>\n<section class=\"section\">\n<div class=\"item item-12\">\n<section class=\"image-item\">\n            <img decoding=\"async\" src=\"https:\/\/upload.cdn.baselinker.com\/products\/14476\/5482b7b6fadae9242159f62eb34c42bb.jpg\" \/><br \/>\n        <\/section>\n<\/p><\/div>\n<\/section>\n<section class=\"section\">\n<div class=\"item item-12\">\n<section class=\"text-item\">\n<h2>\u2705 Kupuj\u0105c u nas zyskujesz wi\u0119cej nasion!<\/h2>\n<p>Zwr\u00f3ci\u0107 uwag\u0119 na mas\u0119 nasion w torebce! Cz\u0119sto ta\u0144sze oferty zawieraj\u0105 jedynie kilka nasion, dlatego bardziej op\u0142acalny jest zakup wi\u0119kszej masy nasion w opakowaniu, kt\u00f3re w przeliczeniu ceny i wagi mog\u0105 okaza\u0107 si\u0119 tak naprawd\u0119 ta\u0144sze!<\/p>\n<ul>\n<li>Kupuj\u0105c wi\u0119ksze opakowanie z<b> jednej paczuszki mo\u017cesz uzyska\u0107 wi\u0119ksz\u0105 liczb\u0119 rozsad<\/b>, przy mniejszym nak\u0142adzie finansowym!<\/li>\n<\/ul>\n<\/section><\/div>\n<\/section>\n<section class=\"section\">\n<div class=\"item item-12\">\n<section class=\"text-item\">\n<h1>WI\u0118KSZE OPAKOWANIE = WI\u0118CEJ NASION = LEPSZA CENA<\/h1>\n<\/section><\/div>\n<\/section>\n<section class=\"section\">\n<div class=\"item item-12\">\n<section class=\"image-item\">\n            <img decoding=\"async\" src=\"https:\/\/upload.cdn.baselinker.com\/products\/14476\/37608d67a62e9ddf40913124f8eea3f7.jpg\" \/><br \/>\n        <\/section>\n<\/p><\/div>\n<\/section>\n<section class=\"section\">\n<div class=\"item item-12\">\n<section class=\"text-item\">\n<h1>Kup sprawdzone nasiona!<\/h1>\n<ul>\n<li>Nasiona renomowanego<b> POLSKIEGO PRODUCENTA<\/b>!<\/li>\n<li>Sklep wpisany do rejestru i podlegaj\u0105cy pod Wojew\u00f3dzki Inspektorat Ochrony Ro\u015blin i Nasiennictwa.<\/li>\n<li>Ka\u017cda torebka nasion posiada <b>PASZPORT RO\u015aLINY, <\/b>kt\u00f3ry jest gwarancj\u0105, \u017ce nasiona zosta\u0142y skontrolowane\u00a0 i s\u0105 wolne od organizm\u00f3w szkodliwych.<\/li>\n<li>Nasiona, z kt\u00f3rych wyrosn\u0105 Twoje ro\u015bliny powsta\u0142y w tradycyjnej hodowli <b>bez udzia\u0142u genetycznej modyfikacji (BEZ GMO!!! ).<\/b><\/li>\n<\/ul>\n<\/section><\/div>\n<\/section>\n<section class=\"section\">\n<div class=\"item item-12\">\n<section class=\"image-item\">\n            <img decoding=\"async\" src=\"https:\/\/upload.cdn.baselinker.com\/products\/14476\/a7659ba76ff1bf96cc7852f8def8741c.png\" \/><br \/>\n        <\/section>\n<\/p><\/div>\n<\/section>\n<section class=\"section\">\n<div class=\"item item-12\">\n<section class=\"text-item\">\n<h1>Ju\u017c nied\u0142ugo puste grz\u0105dki zape\u0142ni\u0105 si\u0119 warzywami!<\/h1>\n<p>\u2705 <b>Wyhoduj w\u0142asne warzywa<\/b>, kt\u00f3re b\u0119d\u0105 zdrowe, smaczne \u00a0i ekologiczne. Spraw, \u017ce z ka\u017cdego nasionka wyro\u015bnie upragnione warzywo, kt\u00f3re b\u0119dzie \u017ar\u00f3d\u0142em \u00a0wielu witamin, soli mineralnych i innych sk\u0142adnik\u00f3w od\u017cywczych.<\/p>\n<p>\u2705 Samodzielna uprawa ro\u015blin to<b> gwarancja, \u017ce warzywa s\u0105 zdrowe<\/b>, nie zawieraj\u0105 pestycyd\u00f3w ani innych szkodliwych zwi\u0105zk\u00f3w chemicznych.<\/p>\n<\/section><\/div>\n<\/section>\n<section class=\"section\">\n<div class=\"item item-12\">\n<section class=\"image-item\">\n            <img decoding=\"async\" src=\"https:\/\/upload.cdn.baselinker.com\/products\/14476\/e2382185afb3b289696dcb68c4a6ce28.jpg\" \/><br \/>\n        <\/section>\n<\/p><\/div>\n<\/section>\n","protected":false},"excerpt":{"rendered":"<p>PAPRYKA ROKITA OSTRA NA PRZETWORY NASIONA BEZ GMO 0,5g \u2705 Informacje og\u00f3lne: Liczba nasion: 170-200 szt. w gramie Norma wysiewu: 0,5 kg\/ha \u2705 Terminy wysiewu\/zbioru: Termin wysiewu: 1 dekada I;1 dekada IV Termin sadzenia: 2 dekada II;3 dekada V Rozstawa: na og\u00f3\u0142 50 x 40 cm; inna rozstawa zale\u017cy od mo\u017cliwo\u015bci maszyn do uprawy Termin<br \/><a class=\"more-link\" href=\"https:\/\/bobimarket.pl\/index.php\/produkt\/papryka-rokita-ostra-na-przetwory-nasiona-bez-gmo-05g\/\"><br \/>\n        Czytaj wi\u0119cej<span class=\"screen-reader-text\"> &#8222;PAPRYKA ROKITA OSTRA NA PRZETWORY NASIONA BEZ GMO 0,5g&#8221;<\/span><\/a><\/p>\n","protected":false},"featured_media":96642,"template":"","meta":[],"product_cat":[8125],"product_tag":[],"yoast_head":"<!-- This site is optimized with the Yoast SEO plugin v21.0 - https:\/\/yoast.com\/wordpress\/plugins\/seo\/ -->\n<title>PAPRYKA ROKITA OSTRA NA PRZETWORY NASIONA BEZ GMO 0,5g - BOBIMARKET.pl - Remontuj i urz\u0105dzaj z nami<\/title>\n<meta name=\"robots\" content=\"index, follow, max-snippet:-1, max-image-preview:large, max-video-preview:-1\" \/>\n<link rel=\"canonical\" href=\"https:\/\/bobimarket.pl\/index.php\/produkt\/papryka-rokita-ostra-na-przetwory-nasiona-bez-gmo-05g\/\" \/>\n<meta property=\"og:locale\" content=\"pl_PL\" \/>\n<meta property=\"og:type\" content=\"article\" \/>\n<meta property=\"og:title\" content=\"PAPRYKA ROKITA OSTRA NA PRZETWORY NASIONA BEZ GMO 0,5g - BOBIMARKET.pl - Remontuj i urz\u0105dzaj z nami\" \/>\n<meta property=\"og:description\" content=\"PAPRYKA ROKITA OSTRA NA PRZETWORY NASIONA BEZ GMO 0,5g \u2705 Informacje og\u00f3lne: Liczba nasion: 170-200 szt. w gramie Norma wysiewu: 0,5 kg\/ha \u2705 Terminy wysiewu\/zbioru: Termin wysiewu: 1 dekada I;1 dekada IV Termin sadzenia: 2 dekada II;3 dekada V Rozstawa: na og\u00f3\u0142 50 x 40 cm; inna rozstawa zale\u017cy od mo\u017cliwo\u015bci maszyn do uprawy Termin     Czytaj wi\u0119cej &quot;PAPRYKA ROKITA OSTRA NA PRZETWORY NASIONA BEZ GMO 0,5g&quot;\" \/>\n<meta property=\"og:url\" content=\"https:\/\/bobimarket.pl\/index.php\/produkt\/papryka-rokita-ostra-na-przetwory-nasiona-bez-gmo-05g\/\" \/>\n<meta property=\"og:site_name\" content=\"BOBIMARKET.pl - Remontuj i urz\u0105dzaj z nami\" \/>\n<meta property=\"article:modified_time\" content=\"2025-02-27T16:28:33+00:00\" \/>\n<meta property=\"og:image\" content=\"https:\/\/upload.cdn.baselinker.com\/products\/14476\/dbf765d2145da9fe9aef06e31db81efc.jpg\" \/>\n<meta name=\"twitter:card\" content=\"summary_large_image\" \/>\n<meta name=\"twitter:label1\" content=\"Szacowany czas czytania\" \/>\n\t<meta name=\"twitter:data1\" content=\"2 minuty\" \/>\n<script type=\"application\/ld+json\" class=\"yoast-schema-graph\">{\"@context\":\"https:\/\/schema.org\",\"@graph\":[{\"@type\":\"WebPage\",\"@id\":\"https:\/\/bobimarket.pl\/index.php\/produkt\/papryka-rokita-ostra-na-przetwory-nasiona-bez-gmo-05g\/\",\"url\":\"https:\/\/bobimarket.pl\/index.php\/produkt\/papryka-rokita-ostra-na-przetwory-nasiona-bez-gmo-05g\/\",\"name\":\"PAPRYKA ROKITA OSTRA NA PRZETWORY NASIONA BEZ GMO 0,5g - BOBIMARKET.pl - Remontuj i urz\u0105dzaj z nami\",\"isPartOf\":{\"@id\":\"https:\/\/bobimarket.pl\/#website\"},\"datePublished\":\"2023-08-30T11:48:54+00:00\",\"dateModified\":\"2025-02-27T16:28:33+00:00\",\"breadcrumb\":{\"@id\":\"https:\/\/bobimarket.pl\/index.php\/produkt\/papryka-rokita-ostra-na-przetwory-nasiona-bez-gmo-05g\/#breadcrumb\"},\"inLanguage\":\"pl-PL\",\"potentialAction\":[{\"@type\":\"ReadAction\",\"target\":[\"https:\/\/bobimarket.pl\/index.php\/produkt\/papryka-rokita-ostra-na-przetwory-nasiona-bez-gmo-05g\/\"]}]},{\"@type\":\"BreadcrumbList\",\"@id\":\"https:\/\/bobimarket.pl\/index.php\/produkt\/papryka-rokita-ostra-na-przetwory-nasiona-bez-gmo-05g\/#breadcrumb\",\"itemListElement\":[{\"@type\":\"ListItem\",\"position\":1,\"name\":\"Strona g\u0142\u00f3wna\",\"item\":\"https:\/\/bobimarket.pl\/\"},{\"@type\":\"ListItem\",\"position\":2,\"name\":\"Sklep\",\"item\":\"https:\/\/bobimarket.pl\/index.php\/shop\/\"},{\"@type\":\"ListItem\",\"position\":3,\"name\":\"PAPRYKA ROKITA OSTRA NA PRZETWORY NASIONA BEZ GMO 0,5g\"}]},{\"@type\":\"WebSite\",\"@id\":\"https:\/\/bobimarket.pl\/#website\",\"url\":\"https:\/\/bobimarket.pl\/\",\"name\":\"BOBIMARKET.pl - Remontuj i urz\u0105dzaj z nami\",\"description\":\"Remontuj i urz\u0105dzaj z nami\",\"publisher\":{\"@id\":\"https:\/\/bobimarket.pl\/#organization\"},\"potentialAction\":[{\"@type\":\"SearchAction\",\"target\":{\"@type\":\"EntryPoint\",\"urlTemplate\":\"https:\/\/bobimarket.pl\/?s={search_term_string}\"},\"query-input\":\"required name=search_term_string\"}],\"inLanguage\":\"pl-PL\"},{\"@type\":\"Organization\",\"@id\":\"https:\/\/bobimarket.pl\/#organization\",\"name\":\"BOBIMARKET.pl\",\"url\":\"https:\/\/bobimarket.pl\/\",\"logo\":{\"@type\":\"ImageObject\",\"inLanguage\":\"pl-PL\",\"@id\":\"https:\/\/bobimarket.pl\/#\/schema\/logo\/image\/\",\"url\":\"https:\/\/bobimarket.pl\/wp-content\/uploads\/2021\/11\/slogan.png\",\"contentUrl\":\"https:\/\/bobimarket.pl\/wp-content\/uploads\/2021\/11\/slogan.png\",\"width\":2000,\"height\":384,\"caption\":\"BOBIMARKET.pl\"},\"image\":{\"@id\":\"https:\/\/bobimarket.pl\/#\/schema\/logo\/image\/\"}}]}<\/script>\n<!-- \/ Yoast SEO plugin. -->","yoast_head_json":{"title":"PAPRYKA ROKITA OSTRA NA PRZETWORY NASIONA BEZ GMO 0,5g - BOBIMARKET.pl - Remontuj i urz\u0105dzaj z nami","robots":{"index":"index","follow":"follow","max-snippet":"max-snippet:-1","max-image-preview":"max-image-preview:large","max-video-preview":"max-video-preview:-1"},"canonical":"https:\/\/bobimarket.pl\/index.php\/produkt\/papryka-rokita-ostra-na-przetwory-nasiona-bez-gmo-05g\/","og_locale":"pl_PL","og_type":"article","og_title":"PAPRYKA ROKITA OSTRA NA PRZETWORY NASIONA BEZ GMO 0,5g - BOBIMARKET.pl - Remontuj i urz\u0105dzaj z nami","og_description":"PAPRYKA ROKITA OSTRA NA PRZETWORY NASIONA BEZ GMO 0,5g \u2705 Informacje og\u00f3lne: Liczba nasion: 170-200 szt. w gramie Norma wysiewu: 0,5 kg\/ha \u2705 Terminy wysiewu\/zbioru: Termin wysiewu: 1 dekada I;1 dekada IV Termin sadzenia: 2 dekada II;3 dekada V Rozstawa: na og\u00f3\u0142 50 x 40 cm; inna rozstawa zale\u017cy od mo\u017cliwo\u015bci maszyn do uprawy Termin     Czytaj wi\u0119cej \"PAPRYKA ROKITA OSTRA NA PRZETWORY NASIONA BEZ GMO 0,5g\"","og_url":"https:\/\/bobimarket.pl\/index.php\/produkt\/papryka-rokita-ostra-na-przetwory-nasiona-bez-gmo-05g\/","og_site_name":"BOBIMARKET.pl - Remontuj i urz\u0105dzaj z nami","article_modified_time":"2025-02-27T16:28:33+00:00","og_image":[{"url":"https:\/\/upload.cdn.baselinker.com\/products\/14476\/dbf765d2145da9fe9aef06e31db81efc.jpg"}],"twitter_card":"summary_large_image","twitter_misc":{"Szacowany czas czytania":"2 minuty"},"schema":{"@context":"https:\/\/schema.org","@graph":[{"@type":"WebPage","@id":"https:\/\/bobimarket.pl\/index.php\/produkt\/papryka-rokita-ostra-na-przetwory-nasiona-bez-gmo-05g\/","url":"https:\/\/bobimarket.pl\/index.php\/produkt\/papryka-rokita-ostra-na-przetwory-nasiona-bez-gmo-05g\/","name":"PAPRYKA ROKITA OSTRA NA PRZETWORY NASIONA BEZ GMO 0,5g - BOBIMARKET.pl - Remontuj i urz\u0105dzaj z nami","isPartOf":{"@id":"https:\/\/bobimarket.pl\/#website"},"datePublished":"2023-08-30T11:48:54+00:00","dateModified":"2025-02-27T16:28:33+00:00","breadcrumb":{"@id":"https:\/\/bobimarket.pl\/index.php\/produkt\/papryka-rokita-ostra-na-przetwory-nasiona-bez-gmo-05g\/#breadcrumb"},"inLanguage":"pl-PL","potentialAction":[{"@type":"ReadAction","target":["https:\/\/bobimarket.pl\/index.php\/produkt\/papryka-rokita-ostra-na-przetwory-nasiona-bez-gmo-05g\/"]}]},{"@type":"BreadcrumbList","@id":"https:\/\/bobimarket.pl\/index.php\/produkt\/papryka-rokita-ostra-na-przetwory-nasiona-bez-gmo-05g\/#breadcrumb","itemListElement":[{"@type":"ListItem","position":1,"name":"Strona g\u0142\u00f3wna","item":"https:\/\/bobimarket.pl\/"},{"@type":"ListItem","position":2,"name":"Sklep","item":"https:\/\/bobimarket.pl\/index.php\/shop\/"},{"@type":"ListItem","position":3,"name":"PAPRYKA ROKITA OSTRA NA PRZETWORY NASIONA BEZ GMO 0,5g"}]},{"@type":"WebSite","@id":"https:\/\/bobimarket.pl\/#website","url":"https:\/\/bobimarket.pl\/","name":"BOBIMARKET.pl - Remontuj i urz\u0105dzaj z nami","description":"Remontuj i urz\u0105dzaj z nami","publisher":{"@id":"https:\/\/bobimarket.pl\/#organization"},"potentialAction":[{"@type":"SearchAction","target":{"@type":"EntryPoint","urlTemplate":"https:\/\/bobimarket.pl\/?s={search_term_string}"},"query-input":"required name=search_term_string"}],"inLanguage":"pl-PL"},{"@type":"Organization","@id":"https:\/\/bobimarket.pl\/#organization","name":"BOBIMARKET.pl","url":"https:\/\/bobimarket.pl\/","logo":{"@type":"ImageObject","inLanguage":"pl-PL","@id":"https:\/\/bobimarket.pl\/#\/schema\/logo\/image\/","url":"https:\/\/bobimarket.pl\/wp-content\/uploads\/2021\/11\/slogan.png","contentUrl":"https:\/\/bobimarket.pl\/wp-content\/uploads\/2021\/11\/slogan.png","width":2000,"height":384,"caption":"BOBIMARKET.pl"},"image":{"@id":"https:\/\/bobimarket.pl\/#\/schema\/logo\/image\/"}}]}},"_links":{"self":[{"href":"https:\/\/bobimarket.pl\/index.php\/wp-json\/wp\/v2\/product\/96651"}],"collection":[{"href":"https:\/\/bobimarket.pl\/index.php\/wp-json\/wp\/v2\/product"}],"about":[{"href":"https:\/\/bobimarket.pl\/index.php\/wp-json\/wp\/v2\/types\/product"}],"wp:featuredmedia":[{"embeddable":true,"href":"https:\/\/bobimarket.pl\/index.php\/wp-json\/wp\/v2\/media\/96642"}],"wp:attachment":[{"href":"https:\/\/bobimarket.pl\/index.php\/wp-json\/wp\/v2\/media?parent=96651"}],"wp:term":[{"taxonomy":"product_cat","embeddable":true,"href":"https:\/\/bobimarket.pl\/index.php\/wp-json\/wp\/v2\/product_cat?post=96651"},{"taxonomy":"product_tag","embeddable":true,"href":"https:\/\/bobimarket.pl\/index.php\/wp-json\/wp\/v2\/product_tag?post=96651"}],"curies":[{"name":"wp","href":"https:\/\/api.w.org\/{rel}","templated":true}]}}