{"id":96658,"date":"2023-08-30T11:49:11","date_gmt":"2023-08-30T11:49:11","guid":{"rendered":"https:\/\/bobimarket.pl\/index.php\/produkt\/wyciskacz-pistolet-do-mas-uszczelniajacych-24cm\/"},"modified":"2025-02-27T16:28:36","modified_gmt":"2025-02-27T16:28:36","slug":"wyciskacz-pistolet-do-mas-uszczelniajacych-24cm","status":"publish","type":"product","link":"https:\/\/bobimarket.pl\/index.php\/produkt\/wyciskacz-pistolet-do-mas-uszczelniajacych-24cm\/","title":{"rendered":"WYCISKACZ PISTOLET DO MAS USZCZELNIAJ\u0104CYCH 24cm"},"content":{"rendered":"<section class=\"section\">\n<div class=\"item item-12\">\n<section class=\"text-item\">\n<h2>WYCISKACZ PISTOLET DO MAS USZCZELNIAJ\u0104CYCH 24cm\u00a0<\/h2>\n<p><b>Dane techniczne:<\/b><\/p>\n<ul>\n<li>D\u0142ugo\u015b\u0107 ca\u0142kowita: <b>240 mm<\/b><\/li>\n<li>Rodzaj: wyciskacz do mas plastycznych\u00a0<\/li>\n<\/ul>\n<\/section><\/div>\n<\/section>\n<section class=\"section\">\n<div class=\"item item-12\">\n<section class=\"image-item\">\n            <img decoding=\"async\" src=\"https:\/\/upload.cdn.baselinker.com\/products\/14476\/52b0e6321600e5f5cd0881aae2c35973.jpg\" \/><br \/>\n        <\/section>\n<\/p><\/div>\n<\/section>\n<section class=\"section\">\n<div class=\"item item-12\">\n<section class=\"text-item\">\n<p><b>\u00a0Wyciskacz do mas plastycznych, kt\u00f3ry u\u0142atwi Twoj\u0105 prac\u0119! <\/b><\/p>\n<p>Solidny pistolet do mas plastycznych wykonany z wytrzyma\u0142ego tworzywa. Narz\u0119dzie sprawdzi si\u0119 podczas wszelkich prac remontowych i budowlanych.\u00a0Z jego pomoc\u0105 w precyzyjny spos\u00f3b zaaplikujesz kleje, silikony i inne masy plastyczne. Zalet\u0105\u00a0 wyciskacza jest to, \u017ce mo\u017cna go\u00a0u\u017cywa\u0107 wielokrotnie podczas r\u00f3\u017cnego rodzaju prac, poniewa\u017c jest\u00a0przystosowany do obs\u0142ugi wk\u0142ad\u00f3w wype\u0142nionych rozmaitymi preparatami.<\/p>\n<ul>\n<li>Szeroki korpus zapewnia du\u017c\u0105 sztywno\u015b\u0107 u\u0142atwiaj\u0105c aplikacj\u0119 masy.\u00a0<\/li>\n<li>Narz\u0119dzie jest wyposa\u017cone w <b>wygodny uchwyt<\/b>, kt\u00f3ry gwarantuje komfortowe przeprowadzenie prac.<\/li>\n<li><b>Zapadka<\/b> w tylnej cz\u0119\u015bci wyciskacza s\u0142u\u017cy do odblokowywania t\u0142oka przed jego wycofaniem.<\/li>\n<li>Wyciskacz zosta\u0142 zaopatrzony o<b> silniejszy mechanizm \u015bciskowy.<\/b><\/li>\n<\/ul>\n<\/section><\/div>\n<\/section>\n<section class=\"section\">\n<div class=\"item item-12\">\n<section class=\"image-item\">\n            <img decoding=\"async\" src=\"https:\/\/upload.cdn.baselinker.com\/products\/14476\/5e7968ac873ef99cd2bfef98bc0a8894.jpg\" \/><br \/>\n        <\/section>\n<\/p><\/div>\n<\/section>\n<section class=\"section\">\n<div class=\"item item-12\">\n<section class=\"text-item\">\n<h2>Zastosowanie:<\/h2>\n<p><b>\u2705 <\/b>Przeznaczony do<b> \u0142atwego aplikowania<\/b> mas g\u0119stych np. silikon\u00f3w, klej\u00f3w, uszczelniaczy, smar\u00f3w, akryli itp.<\/p>\n<p>\u2705 Narz\u0119dzie pomaga w <b>wygodnym dozowaniu<\/b> mas plastycznych w wyznaczonym miejscu. Umo\u017cliwia przeprowadzenie czystych i szybkich prac remontowych.<\/p>\n<p>\u2705 Pistolet b\u0119dzie przydatne podczas wykonywania wielu prac. Sprawdzi si\u0119 szczeg\u00f3lnie w budownictwie, podczas przeprowadzania prac remontowych, przy instalacjach technicznych i serwisach mechanicznych.<\/p>\n<\/section><\/div>\n<\/section>\n<section class=\"section\">\n<div class=\"item item-12\">\n<section class=\"image-item\">\n            <img decoding=\"async\" src=\"https:\/\/upload.cdn.baselinker.com\/products\/14476\/8d75792f1abe92dd2203c6da0d4e3d0e.jpg\" \/><br \/>\n        <\/section>\n<\/p><\/div>\n<\/section>\n","protected":false},"excerpt":{"rendered":"<p>WYCISKACZ PISTOLET DO MAS USZCZELNIAJ\u0104CYCH 24cm\u00a0 Dane techniczne: D\u0142ugo\u015b\u0107 ca\u0142kowita: 240 mm Rodzaj: wyciskacz do mas plastycznych\u00a0 \u00a0Wyciskacz do mas plastycznych, kt\u00f3ry u\u0142atwi Twoj\u0105 prac\u0119! Solidny pistolet do mas plastycznych wykonany z wytrzyma\u0142ego tworzywa. Narz\u0119dzie sprawdzi si\u0119 podczas wszelkich prac remontowych i budowlanych.\u00a0Z jego pomoc\u0105 w precyzyjny spos\u00f3b zaaplikujesz kleje, silikony i inne masy plastyczne.<br \/><a class=\"more-link\" href=\"https:\/\/bobimarket.pl\/index.php\/produkt\/wyciskacz-pistolet-do-mas-uszczelniajacych-24cm\/\"><br \/>\n        Czytaj wi\u0119cej<span class=\"screen-reader-text\"> &#8222;WYCISKACZ PISTOLET DO MAS USZCZELNIAJ\u0104CYCH 24cm&#8221;<\/span><\/a><\/p>\n","protected":false},"featured_media":96652,"template":"","meta":[],"product_cat":[8175],"product_tag":[],"yoast_head":"<!-- This site is optimized with the Yoast SEO plugin v21.0 - https:\/\/yoast.com\/wordpress\/plugins\/seo\/ -->\n<title>WYCISKACZ PISTOLET DO MAS USZCZELNIAJ\u0104CYCH 24cm - BOBIMARKET.pl - Remontuj i urz\u0105dzaj z nami<\/title>\n<meta name=\"robots\" content=\"index, follow, max-snippet:-1, max-image-preview:large, max-video-preview:-1\" \/>\n<link rel=\"canonical\" href=\"https:\/\/bobimarket.pl\/index.php\/produkt\/wyciskacz-pistolet-do-mas-uszczelniajacych-24cm\/\" \/>\n<meta property=\"og:locale\" content=\"pl_PL\" \/>\n<meta property=\"og:type\" content=\"article\" \/>\n<meta property=\"og:title\" content=\"WYCISKACZ PISTOLET DO MAS USZCZELNIAJ\u0104CYCH 24cm - BOBIMARKET.pl - Remontuj i urz\u0105dzaj z nami\" \/>\n<meta property=\"og:description\" content=\"WYCISKACZ PISTOLET DO MAS USZCZELNIAJ\u0104CYCH 24cm\u00a0 Dane techniczne: D\u0142ugo\u015b\u0107 ca\u0142kowita: 240 mm Rodzaj: wyciskacz do mas plastycznych\u00a0 \u00a0Wyciskacz do mas plastycznych, kt\u00f3ry u\u0142atwi Twoj\u0105 prac\u0119! Solidny pistolet do mas plastycznych wykonany z wytrzyma\u0142ego tworzywa. Narz\u0119dzie sprawdzi si\u0119 podczas wszelkich prac remontowych i budowlanych.\u00a0Z jego pomoc\u0105 w precyzyjny spos\u00f3b zaaplikujesz kleje, silikony i inne masy plastyczne.     Czytaj wi\u0119cej &quot;WYCISKACZ PISTOLET DO MAS USZCZELNIAJ\u0104CYCH 24cm&quot;\" \/>\n<meta property=\"og:url\" content=\"https:\/\/bobimarket.pl\/index.php\/produkt\/wyciskacz-pistolet-do-mas-uszczelniajacych-24cm\/\" \/>\n<meta property=\"og:site_name\" content=\"BOBIMARKET.pl - Remontuj i urz\u0105dzaj z nami\" \/>\n<meta property=\"article:modified_time\" content=\"2025-02-27T16:28:36+00:00\" \/>\n<meta property=\"og:image\" content=\"https:\/\/upload.cdn.baselinker.com\/products\/14476\/52b0e6321600e5f5cd0881aae2c35973.jpg\" \/>\n<meta name=\"twitter:card\" content=\"summary_large_image\" \/>\n<meta name=\"twitter:label1\" content=\"Szacowany czas czytania\" \/>\n\t<meta name=\"twitter:data1\" content=\"1 minuta\" \/>\n<script type=\"application\/ld+json\" class=\"yoast-schema-graph\">{\"@context\":\"https:\/\/schema.org\",\"@graph\":[{\"@type\":\"WebPage\",\"@id\":\"https:\/\/bobimarket.pl\/index.php\/produkt\/wyciskacz-pistolet-do-mas-uszczelniajacych-24cm\/\",\"url\":\"https:\/\/bobimarket.pl\/index.php\/produkt\/wyciskacz-pistolet-do-mas-uszczelniajacych-24cm\/\",\"name\":\"WYCISKACZ PISTOLET DO MAS USZCZELNIAJ\u0104CYCH 24cm - BOBIMARKET.pl - Remontuj i urz\u0105dzaj z nami\",\"isPartOf\":{\"@id\":\"https:\/\/bobimarket.pl\/#website\"},\"datePublished\":\"2023-08-30T11:49:11+00:00\",\"dateModified\":\"2025-02-27T16:28:36+00:00\",\"breadcrumb\":{\"@id\":\"https:\/\/bobimarket.pl\/index.php\/produkt\/wyciskacz-pistolet-do-mas-uszczelniajacych-24cm\/#breadcrumb\"},\"inLanguage\":\"pl-PL\",\"potentialAction\":[{\"@type\":\"ReadAction\",\"target\":[\"https:\/\/bobimarket.pl\/index.php\/produkt\/wyciskacz-pistolet-do-mas-uszczelniajacych-24cm\/\"]}]},{\"@type\":\"BreadcrumbList\",\"@id\":\"https:\/\/bobimarket.pl\/index.php\/produkt\/wyciskacz-pistolet-do-mas-uszczelniajacych-24cm\/#breadcrumb\",\"itemListElement\":[{\"@type\":\"ListItem\",\"position\":1,\"name\":\"Strona g\u0142\u00f3wna\",\"item\":\"https:\/\/bobimarket.pl\/\"},{\"@type\":\"ListItem\",\"position\":2,\"name\":\"Sklep\",\"item\":\"https:\/\/bobimarket.pl\/index.php\/shop\/\"},{\"@type\":\"ListItem\",\"position\":3,\"name\":\"WYCISKACZ PISTOLET DO MAS USZCZELNIAJ\u0104CYCH 24cm\"}]},{\"@type\":\"WebSite\",\"@id\":\"https:\/\/bobimarket.pl\/#website\",\"url\":\"https:\/\/bobimarket.pl\/\",\"name\":\"BOBIMARKET.pl - Remontuj i urz\u0105dzaj z nami\",\"description\":\"Remontuj i urz\u0105dzaj z nami\",\"publisher\":{\"@id\":\"https:\/\/bobimarket.pl\/#organization\"},\"potentialAction\":[{\"@type\":\"SearchAction\",\"target\":{\"@type\":\"EntryPoint\",\"urlTemplate\":\"https:\/\/bobimarket.pl\/?s={search_term_string}\"},\"query-input\":\"required name=search_term_string\"}],\"inLanguage\":\"pl-PL\"},{\"@type\":\"Organization\",\"@id\":\"https:\/\/bobimarket.pl\/#organization\",\"name\":\"BOBIMARKET.pl\",\"url\":\"https:\/\/bobimarket.pl\/\",\"logo\":{\"@type\":\"ImageObject\",\"inLanguage\":\"pl-PL\",\"@id\":\"https:\/\/bobimarket.pl\/#\/schema\/logo\/image\/\",\"url\":\"https:\/\/bobimarket.pl\/wp-content\/uploads\/2021\/11\/slogan.png\",\"contentUrl\":\"https:\/\/bobimarket.pl\/wp-content\/uploads\/2021\/11\/slogan.png\",\"width\":2000,\"height\":384,\"caption\":\"BOBIMARKET.pl\"},\"image\":{\"@id\":\"https:\/\/bobimarket.pl\/#\/schema\/logo\/image\/\"}}]}<\/script>\n<!-- \/ Yoast SEO plugin. -->","yoast_head_json":{"title":"WYCISKACZ PISTOLET DO MAS USZCZELNIAJ\u0104CYCH 24cm - BOBIMARKET.pl - Remontuj i urz\u0105dzaj z nami","robots":{"index":"index","follow":"follow","max-snippet":"max-snippet:-1","max-image-preview":"max-image-preview:large","max-video-preview":"max-video-preview:-1"},"canonical":"https:\/\/bobimarket.pl\/index.php\/produkt\/wyciskacz-pistolet-do-mas-uszczelniajacych-24cm\/","og_locale":"pl_PL","og_type":"article","og_title":"WYCISKACZ PISTOLET DO MAS USZCZELNIAJ\u0104CYCH 24cm - BOBIMARKET.pl - Remontuj i urz\u0105dzaj z nami","og_description":"WYCISKACZ PISTOLET DO MAS USZCZELNIAJ\u0104CYCH 24cm\u00a0 Dane techniczne: D\u0142ugo\u015b\u0107 ca\u0142kowita: 240 mm Rodzaj: wyciskacz do mas plastycznych\u00a0 \u00a0Wyciskacz do mas plastycznych, kt\u00f3ry u\u0142atwi Twoj\u0105 prac\u0119! Solidny pistolet do mas plastycznych wykonany z wytrzyma\u0142ego tworzywa. Narz\u0119dzie sprawdzi si\u0119 podczas wszelkich prac remontowych i budowlanych.\u00a0Z jego pomoc\u0105 w precyzyjny spos\u00f3b zaaplikujesz kleje, silikony i inne masy plastyczne.     Czytaj wi\u0119cej \"WYCISKACZ PISTOLET DO MAS USZCZELNIAJ\u0104CYCH 24cm\"","og_url":"https:\/\/bobimarket.pl\/index.php\/produkt\/wyciskacz-pistolet-do-mas-uszczelniajacych-24cm\/","og_site_name":"BOBIMARKET.pl - Remontuj i urz\u0105dzaj z nami","article_modified_time":"2025-02-27T16:28:36+00:00","og_image":[{"url":"https:\/\/upload.cdn.baselinker.com\/products\/14476\/52b0e6321600e5f5cd0881aae2c35973.jpg"}],"twitter_card":"summary_large_image","twitter_misc":{"Szacowany czas czytania":"1 minuta"},"schema":{"@context":"https:\/\/schema.org","@graph":[{"@type":"WebPage","@id":"https:\/\/bobimarket.pl\/index.php\/produkt\/wyciskacz-pistolet-do-mas-uszczelniajacych-24cm\/","url":"https:\/\/bobimarket.pl\/index.php\/produkt\/wyciskacz-pistolet-do-mas-uszczelniajacych-24cm\/","name":"WYCISKACZ PISTOLET DO MAS USZCZELNIAJ\u0104CYCH 24cm - BOBIMARKET.pl - Remontuj i urz\u0105dzaj z nami","isPartOf":{"@id":"https:\/\/bobimarket.pl\/#website"},"datePublished":"2023-08-30T11:49:11+00:00","dateModified":"2025-02-27T16:28:36+00:00","breadcrumb":{"@id":"https:\/\/bobimarket.pl\/index.php\/produkt\/wyciskacz-pistolet-do-mas-uszczelniajacych-24cm\/#breadcrumb"},"inLanguage":"pl-PL","potentialAction":[{"@type":"ReadAction","target":["https:\/\/bobimarket.pl\/index.php\/produkt\/wyciskacz-pistolet-do-mas-uszczelniajacych-24cm\/"]}]},{"@type":"BreadcrumbList","@id":"https:\/\/bobimarket.pl\/index.php\/produkt\/wyciskacz-pistolet-do-mas-uszczelniajacych-24cm\/#breadcrumb","itemListElement":[{"@type":"ListItem","position":1,"name":"Strona g\u0142\u00f3wna","item":"https:\/\/bobimarket.pl\/"},{"@type":"ListItem","position":2,"name":"Sklep","item":"https:\/\/bobimarket.pl\/index.php\/shop\/"},{"@type":"ListItem","position":3,"name":"WYCISKACZ PISTOLET DO MAS USZCZELNIAJ\u0104CYCH 24cm"}]},{"@type":"WebSite","@id":"https:\/\/bobimarket.pl\/#website","url":"https:\/\/bobimarket.pl\/","name":"BOBIMARKET.pl - Remontuj i urz\u0105dzaj z nami","description":"Remontuj i urz\u0105dzaj z nami","publisher":{"@id":"https:\/\/bobimarket.pl\/#organization"},"potentialAction":[{"@type":"SearchAction","target":{"@type":"EntryPoint","urlTemplate":"https:\/\/bobimarket.pl\/?s={search_term_string}"},"query-input":"required name=search_term_string"}],"inLanguage":"pl-PL"},{"@type":"Organization","@id":"https:\/\/bobimarket.pl\/#organization","name":"BOBIMARKET.pl","url":"https:\/\/bobimarket.pl\/","logo":{"@type":"ImageObject","inLanguage":"pl-PL","@id":"https:\/\/bobimarket.pl\/#\/schema\/logo\/image\/","url":"https:\/\/bobimarket.pl\/wp-content\/uploads\/2021\/11\/slogan.png","contentUrl":"https:\/\/bobimarket.pl\/wp-content\/uploads\/2021\/11\/slogan.png","width":2000,"height":384,"caption":"BOBIMARKET.pl"},"image":{"@id":"https:\/\/bobimarket.pl\/#\/schema\/logo\/image\/"}}]}},"_links":{"self":[{"href":"https:\/\/bobimarket.pl\/index.php\/wp-json\/wp\/v2\/product\/96658"}],"collection":[{"href":"https:\/\/bobimarket.pl\/index.php\/wp-json\/wp\/v2\/product"}],"about":[{"href":"https:\/\/bobimarket.pl\/index.php\/wp-json\/wp\/v2\/types\/product"}],"wp:featuredmedia":[{"embeddable":true,"href":"https:\/\/bobimarket.pl\/index.php\/wp-json\/wp\/v2\/media\/96652"}],"wp:attachment":[{"href":"https:\/\/bobimarket.pl\/index.php\/wp-json\/wp\/v2\/media?parent=96658"}],"wp:term":[{"taxonomy":"product_cat","embeddable":true,"href":"https:\/\/bobimarket.pl\/index.php\/wp-json\/wp\/v2\/product_cat?post=96658"},{"taxonomy":"product_tag","embeddable":true,"href":"https:\/\/bobimarket.pl\/index.php\/wp-json\/wp\/v2\/product_tag?post=96658"}],"curies":[{"name":"wp","href":"https:\/\/api.w.org\/{rel}","templated":true}]}}