{"id":96673,"date":"2023-08-30T11:49:47","date_gmt":"2023-08-30T11:49:47","guid":{"rendered":"https:\/\/bobimarket.pl\/index.php\/produkt\/lutownica-transformatorowa-zestaw-cyna-grot-100w\/"},"modified":"2025-02-27T16:28:44","modified_gmt":"2025-02-27T16:28:44","slug":"lutownica-transformatorowa-zestaw-cyna-grot-100w","status":"publish","type":"product","link":"https:\/\/bobimarket.pl\/index.php\/produkt\/lutownica-transformatorowa-zestaw-cyna-grot-100w\/","title":{"rendered":"LUTOWNICA TRANSFORMATOROWA ZESTAW CYNA GROT 100W"},"content":{"rendered":"<section class=\"section\">\n<div class=\"item item-12\">\n<section class=\"text-item\">\n<h2>LUTOWNICA TRANSFORMATOROWA ZESTAW CYNA GROT 100W<\/h2>\n<p><b>Informacje og\u00f3lne:<\/b><\/p>\n<ul>\n<li>Moc: <b>100 W<\/b><\/li>\n<li>Wyposa\u017cenie dodatkowe:\u00a02 x grot, cyna, topnik, walizka<\/li>\n<\/ul>\n<\/section><\/div>\n<\/section>\n<section class=\"section\">\n<div class=\"item item-12\">\n<section class=\"image-item\">\n            <img decoding=\"async\" src=\"https:\/\/upload.cdn.baselinker.com\/products\/14476\/cafe2f9e4dffcefde92b6679df0b4e33.jpg\" \/><br \/>\n        <\/section>\n<\/p><\/div>\n<\/section>\n<section class=\"section\">\n<div class=\"item item-12\">\n<section class=\"text-item\">\n<p>Lutownica transformatorowa o mocy 100 W. Narz\u0119dzie wykonano z wysokiej jako\u015bci materia\u0142\u00f3w, co b\u0119dzie owocowa\u0142o d\u0142ugim okresem u\u017cytkowania. Konstrukcja lutownicy powsta\u0142a z my\u015bl\u0105 o zachowaniu ergonomicznego kszta\u0142tu i zapewnieniu komfortu podczas pracy. Do lutownica zosta\u0142y do\u0142\u0105czone\u00a0 niezb\u0119dne akcesoria lutownicze\u00a0<\/p>\n<ul>\n<li>Lampa o\u015bwietla powierzchni\u0119 obrabianego przedmiotu.\u00a0Punktowe pod\u015bwietlenie miejsca roboczego pozwala na precyzyjne wykonywanie prac.\u00a0<\/li>\n<li>Antypo\u015blizgowy materia\u0142 na r\u0105czce pozytywnie wp\u0142ywa na komfort pracy, narz\u0119dzie nie wy\u015blizguje si\u0119 z rok.<\/li>\n<\/ul>\n<\/section><\/div>\n<\/section>\n<section class=\"section\">\n<div class=\"item item-12\">\n<section class=\"image-item\">\n            <img decoding=\"async\" src=\"https:\/\/upload.cdn.baselinker.com\/products\/14476\/c87a6f12214acd184730b625ce52e101.jpg\" \/><br \/>\n        <\/section>\n<\/p><\/div>\n<\/section>\n<section class=\"section\">\n<div class=\"item item-12\">\n<section class=\"text-item\">\n<p><b>\u2705\u00a0<\/b><b>Gotowa do pracy w kilka sekund!<\/b><\/p>\n<p>Moc narz\u0119dzie gwarantuje <b>szybkie nagrzewanie<\/b>. Producent podaje, \u017ce do osi\u0105gni\u0119cia temperatury oko\u0142o 350\u00b0C przy zastosowaniu za\u0142o\u017conego na pierwszy monta\u017c grota lutownica potrzebuje mniej ni\u017c 20 sekund.\u00a0 Nie musisz traci\u0107 czasu i czeka\u0107 d\u0142ugich kilku minut na mo\u017cliwo\u015b\u0107 u\u017cytkowania!<\/p>\n<p><b>\u2705 Do\u00a0naprawy lub modyfikacji r\u00f3\u017cnego rodzaju sprz\u0119t\u00f3w<\/b><\/p>\n<p>Narz\u0119dzie ma do\u015b\u0107 uniwersalne zastosowanie.\u00a0Doskonale pos\u0142u\u017cy do lutowania mi\u0119kkiego za pomoc\u0105 spoiwa lutowniczego.\u00a0\u00a0Lutownic\u0119\u00a0 z powodzeniem wykorzystasz podczas wykonywania prac naprawczych przy samochodach i domowych instalacjach elektrycznych. W swojej prostocie, niezawodno\u015bci i \u0142atwej obs\u0142udze, lutownica transformatorowa jest najlepszym typem lutownic dla amator\u00f3w.<\/p>\n<\/section><\/div>\n<\/section>\n<section class=\"section\">\n<div class=\"item item-12\">\n<section class=\"image-item\">\n            <img decoding=\"async\" src=\"https:\/\/upload.cdn.baselinker.com\/products\/14476\/a311141b02849bd5169353f67b05906e.jpg\" \/><br \/>\n        <\/section>\n<\/p><\/div>\n<\/section>\n<section class=\"section\">\n<div class=\"item item-12\">\n<section class=\"text-item\">\n<h2>\u2705 Walizka transportowa w zestawie!<\/h2>\n<p>Zestaw umieszczono w\u00a0<b>por\u0119cznej walizce.\u00a0<\/b><b>Szczelnie zamykane<\/b>\u00a0pude\u0142ko zapobiega gubieniu si\u0119 poszczeg\u00f3lnych element\u00f3w zestawu. Ponadto u\u0142atwia\u00a0<b>utrzymanie porz\u0105dku<\/b>\u00a0w warsztacie oraz pozwala na swobodne przenoszenie ca\u0142ego kompletu.<\/p>\n<p>W sk\u0142ad zestawu wchodz\u0105:\u00a0<\/p>\n<ul>\n<li>lutownica transformatorowa<\/li>\n<li>2 wymienne groty<\/li>\n<li>cyna,<\/li>\n<li>topnik<\/li>\n<li>walizka<\/li>\n<\/ul>\n<\/section><\/div>\n<\/section>\n<section class=\"section\">\n<div class=\"item item-12\">\n<section class=\"image-item\">\n            <img decoding=\"async\" src=\"https:\/\/upload.cdn.baselinker.com\/products\/14476\/0698d6fab50a905e33410d9b60720030.jpg\" \/><br \/>\n        <\/section>\n<\/p><\/div>\n<\/section>\n","protected":false},"excerpt":{"rendered":"<p>LUTOWNICA TRANSFORMATOROWA ZESTAW CYNA GROT 100W Informacje og\u00f3lne: Moc: 100 W Wyposa\u017cenie dodatkowe:\u00a02 x grot, cyna, topnik, walizka Lutownica transformatorowa o mocy 100 W. Narz\u0119dzie wykonano z wysokiej jako\u015bci materia\u0142\u00f3w, co b\u0119dzie owocowa\u0142o d\u0142ugim okresem u\u017cytkowania. Konstrukcja lutownicy powsta\u0142a z my\u015bl\u0105 o zachowaniu ergonomicznego kszta\u0142tu i zapewnieniu komfortu podczas pracy. Do lutownica zosta\u0142y do\u0142\u0105czone\u00a0 niezb\u0119dne<br \/><a class=\"more-link\" href=\"https:\/\/bobimarket.pl\/index.php\/produkt\/lutownica-transformatorowa-zestaw-cyna-grot-100w\/\"><br \/>\n        Czytaj wi\u0119cej<span class=\"screen-reader-text\"> &#8222;LUTOWNICA TRANSFORMATOROWA ZESTAW CYNA GROT 100W&#8221;<\/span><\/a><\/p>\n","protected":false},"featured_media":96664,"template":"","meta":[],"product_cat":[8148],"product_tag":[],"yoast_head":"<!-- This site is optimized with the Yoast SEO plugin v21.0 - https:\/\/yoast.com\/wordpress\/plugins\/seo\/ -->\n<title>LUTOWNICA TRANSFORMATOROWA ZESTAW CYNA GROT 100W - BOBIMARKET.pl - Remontuj i urz\u0105dzaj z nami<\/title>\n<meta name=\"robots\" content=\"index, follow, max-snippet:-1, max-image-preview:large, max-video-preview:-1\" \/>\n<link rel=\"canonical\" href=\"https:\/\/bobimarket.pl\/index.php\/produkt\/lutownica-transformatorowa-zestaw-cyna-grot-100w\/\" \/>\n<meta property=\"og:locale\" content=\"pl_PL\" \/>\n<meta property=\"og:type\" content=\"article\" \/>\n<meta property=\"og:title\" content=\"LUTOWNICA TRANSFORMATOROWA ZESTAW CYNA GROT 100W - BOBIMARKET.pl - Remontuj i urz\u0105dzaj z nami\" \/>\n<meta property=\"og:description\" content=\"LUTOWNICA TRANSFORMATOROWA ZESTAW CYNA GROT 100W Informacje og\u00f3lne: Moc: 100 W Wyposa\u017cenie dodatkowe:\u00a02 x grot, cyna, topnik, walizka Lutownica transformatorowa o mocy 100 W. Narz\u0119dzie wykonano z wysokiej jako\u015bci materia\u0142\u00f3w, co b\u0119dzie owocowa\u0142o d\u0142ugim okresem u\u017cytkowania. Konstrukcja lutownicy powsta\u0142a z my\u015bl\u0105 o zachowaniu ergonomicznego kszta\u0142tu i zapewnieniu komfortu podczas pracy. Do lutownica zosta\u0142y do\u0142\u0105czone\u00a0 niezb\u0119dne     Czytaj wi\u0119cej &quot;LUTOWNICA TRANSFORMATOROWA ZESTAW CYNA GROT 100W&quot;\" \/>\n<meta property=\"og:url\" content=\"https:\/\/bobimarket.pl\/index.php\/produkt\/lutownica-transformatorowa-zestaw-cyna-grot-100w\/\" \/>\n<meta property=\"og:site_name\" content=\"BOBIMARKET.pl - Remontuj i urz\u0105dzaj z nami\" \/>\n<meta property=\"article:modified_time\" content=\"2025-02-27T16:28:44+00:00\" \/>\n<meta property=\"og:image\" content=\"https:\/\/upload.cdn.baselinker.com\/products\/14476\/cafe2f9e4dffcefde92b6679df0b4e33.jpg\" \/>\n<meta name=\"twitter:card\" content=\"summary_large_image\" \/>\n<meta name=\"twitter:label1\" content=\"Szacowany czas czytania\" \/>\n\t<meta name=\"twitter:data1\" content=\"1 minuta\" \/>\n<script type=\"application\/ld+json\" class=\"yoast-schema-graph\">{\"@context\":\"https:\/\/schema.org\",\"@graph\":[{\"@type\":\"WebPage\",\"@id\":\"https:\/\/bobimarket.pl\/index.php\/produkt\/lutownica-transformatorowa-zestaw-cyna-grot-100w\/\",\"url\":\"https:\/\/bobimarket.pl\/index.php\/produkt\/lutownica-transformatorowa-zestaw-cyna-grot-100w\/\",\"name\":\"LUTOWNICA TRANSFORMATOROWA ZESTAW CYNA GROT 100W - BOBIMARKET.pl - Remontuj i urz\u0105dzaj z nami\",\"isPartOf\":{\"@id\":\"https:\/\/bobimarket.pl\/#website\"},\"datePublished\":\"2023-08-30T11:49:47+00:00\",\"dateModified\":\"2025-02-27T16:28:44+00:00\",\"breadcrumb\":{\"@id\":\"https:\/\/bobimarket.pl\/index.php\/produkt\/lutownica-transformatorowa-zestaw-cyna-grot-100w\/#breadcrumb\"},\"inLanguage\":\"pl-PL\",\"potentialAction\":[{\"@type\":\"ReadAction\",\"target\":[\"https:\/\/bobimarket.pl\/index.php\/produkt\/lutownica-transformatorowa-zestaw-cyna-grot-100w\/\"]}]},{\"@type\":\"BreadcrumbList\",\"@id\":\"https:\/\/bobimarket.pl\/index.php\/produkt\/lutownica-transformatorowa-zestaw-cyna-grot-100w\/#breadcrumb\",\"itemListElement\":[{\"@type\":\"ListItem\",\"position\":1,\"name\":\"Strona g\u0142\u00f3wna\",\"item\":\"https:\/\/bobimarket.pl\/\"},{\"@type\":\"ListItem\",\"position\":2,\"name\":\"Sklep\",\"item\":\"https:\/\/bobimarket.pl\/index.php\/shop\/\"},{\"@type\":\"ListItem\",\"position\":3,\"name\":\"LUTOWNICA TRANSFORMATOROWA ZESTAW CYNA GROT 100W\"}]},{\"@type\":\"WebSite\",\"@id\":\"https:\/\/bobimarket.pl\/#website\",\"url\":\"https:\/\/bobimarket.pl\/\",\"name\":\"BOBIMARKET.pl - Remontuj i urz\u0105dzaj z nami\",\"description\":\"Remontuj i urz\u0105dzaj z nami\",\"publisher\":{\"@id\":\"https:\/\/bobimarket.pl\/#organization\"},\"potentialAction\":[{\"@type\":\"SearchAction\",\"target\":{\"@type\":\"EntryPoint\",\"urlTemplate\":\"https:\/\/bobimarket.pl\/?s={search_term_string}\"},\"query-input\":\"required name=search_term_string\"}],\"inLanguage\":\"pl-PL\"},{\"@type\":\"Organization\",\"@id\":\"https:\/\/bobimarket.pl\/#organization\",\"name\":\"BOBIMARKET.pl\",\"url\":\"https:\/\/bobimarket.pl\/\",\"logo\":{\"@type\":\"ImageObject\",\"inLanguage\":\"pl-PL\",\"@id\":\"https:\/\/bobimarket.pl\/#\/schema\/logo\/image\/\",\"url\":\"https:\/\/bobimarket.pl\/wp-content\/uploads\/2021\/11\/slogan.png\",\"contentUrl\":\"https:\/\/bobimarket.pl\/wp-content\/uploads\/2021\/11\/slogan.png\",\"width\":2000,\"height\":384,\"caption\":\"BOBIMARKET.pl\"},\"image\":{\"@id\":\"https:\/\/bobimarket.pl\/#\/schema\/logo\/image\/\"}}]}<\/script>\n<!-- \/ Yoast SEO plugin. -->","yoast_head_json":{"title":"LUTOWNICA TRANSFORMATOROWA ZESTAW CYNA GROT 100W - BOBIMARKET.pl - Remontuj i urz\u0105dzaj z nami","robots":{"index":"index","follow":"follow","max-snippet":"max-snippet:-1","max-image-preview":"max-image-preview:large","max-video-preview":"max-video-preview:-1"},"canonical":"https:\/\/bobimarket.pl\/index.php\/produkt\/lutownica-transformatorowa-zestaw-cyna-grot-100w\/","og_locale":"pl_PL","og_type":"article","og_title":"LUTOWNICA TRANSFORMATOROWA ZESTAW CYNA GROT 100W - BOBIMARKET.pl - Remontuj i urz\u0105dzaj z nami","og_description":"LUTOWNICA TRANSFORMATOROWA ZESTAW CYNA GROT 100W Informacje og\u00f3lne: Moc: 100 W Wyposa\u017cenie dodatkowe:\u00a02 x grot, cyna, topnik, walizka Lutownica transformatorowa o mocy 100 W. Narz\u0119dzie wykonano z wysokiej jako\u015bci materia\u0142\u00f3w, co b\u0119dzie owocowa\u0142o d\u0142ugim okresem u\u017cytkowania. Konstrukcja lutownicy powsta\u0142a z my\u015bl\u0105 o zachowaniu ergonomicznego kszta\u0142tu i zapewnieniu komfortu podczas pracy. Do lutownica zosta\u0142y do\u0142\u0105czone\u00a0 niezb\u0119dne     Czytaj wi\u0119cej \"LUTOWNICA TRANSFORMATOROWA ZESTAW CYNA GROT 100W\"","og_url":"https:\/\/bobimarket.pl\/index.php\/produkt\/lutownica-transformatorowa-zestaw-cyna-grot-100w\/","og_site_name":"BOBIMARKET.pl - Remontuj i urz\u0105dzaj z nami","article_modified_time":"2025-02-27T16:28:44+00:00","og_image":[{"url":"https:\/\/upload.cdn.baselinker.com\/products\/14476\/cafe2f9e4dffcefde92b6679df0b4e33.jpg"}],"twitter_card":"summary_large_image","twitter_misc":{"Szacowany czas czytania":"1 minuta"},"schema":{"@context":"https:\/\/schema.org","@graph":[{"@type":"WebPage","@id":"https:\/\/bobimarket.pl\/index.php\/produkt\/lutownica-transformatorowa-zestaw-cyna-grot-100w\/","url":"https:\/\/bobimarket.pl\/index.php\/produkt\/lutownica-transformatorowa-zestaw-cyna-grot-100w\/","name":"LUTOWNICA TRANSFORMATOROWA ZESTAW CYNA GROT 100W - BOBIMARKET.pl - Remontuj i urz\u0105dzaj z nami","isPartOf":{"@id":"https:\/\/bobimarket.pl\/#website"},"datePublished":"2023-08-30T11:49:47+00:00","dateModified":"2025-02-27T16:28:44+00:00","breadcrumb":{"@id":"https:\/\/bobimarket.pl\/index.php\/produkt\/lutownica-transformatorowa-zestaw-cyna-grot-100w\/#breadcrumb"},"inLanguage":"pl-PL","potentialAction":[{"@type":"ReadAction","target":["https:\/\/bobimarket.pl\/index.php\/produkt\/lutownica-transformatorowa-zestaw-cyna-grot-100w\/"]}]},{"@type":"BreadcrumbList","@id":"https:\/\/bobimarket.pl\/index.php\/produkt\/lutownica-transformatorowa-zestaw-cyna-grot-100w\/#breadcrumb","itemListElement":[{"@type":"ListItem","position":1,"name":"Strona g\u0142\u00f3wna","item":"https:\/\/bobimarket.pl\/"},{"@type":"ListItem","position":2,"name":"Sklep","item":"https:\/\/bobimarket.pl\/index.php\/shop\/"},{"@type":"ListItem","position":3,"name":"LUTOWNICA TRANSFORMATOROWA ZESTAW CYNA GROT 100W"}]},{"@type":"WebSite","@id":"https:\/\/bobimarket.pl\/#website","url":"https:\/\/bobimarket.pl\/","name":"BOBIMARKET.pl - Remontuj i urz\u0105dzaj z nami","description":"Remontuj i urz\u0105dzaj z nami","publisher":{"@id":"https:\/\/bobimarket.pl\/#organization"},"potentialAction":[{"@type":"SearchAction","target":{"@type":"EntryPoint","urlTemplate":"https:\/\/bobimarket.pl\/?s={search_term_string}"},"query-input":"required name=search_term_string"}],"inLanguage":"pl-PL"},{"@type":"Organization","@id":"https:\/\/bobimarket.pl\/#organization","name":"BOBIMARKET.pl","url":"https:\/\/bobimarket.pl\/","logo":{"@type":"ImageObject","inLanguage":"pl-PL","@id":"https:\/\/bobimarket.pl\/#\/schema\/logo\/image\/","url":"https:\/\/bobimarket.pl\/wp-content\/uploads\/2021\/11\/slogan.png","contentUrl":"https:\/\/bobimarket.pl\/wp-content\/uploads\/2021\/11\/slogan.png","width":2000,"height":384,"caption":"BOBIMARKET.pl"},"image":{"@id":"https:\/\/bobimarket.pl\/#\/schema\/logo\/image\/"}}]}},"_links":{"self":[{"href":"https:\/\/bobimarket.pl\/index.php\/wp-json\/wp\/v2\/product\/96673"}],"collection":[{"href":"https:\/\/bobimarket.pl\/index.php\/wp-json\/wp\/v2\/product"}],"about":[{"href":"https:\/\/bobimarket.pl\/index.php\/wp-json\/wp\/v2\/types\/product"}],"wp:featuredmedia":[{"embeddable":true,"href":"https:\/\/bobimarket.pl\/index.php\/wp-json\/wp\/v2\/media\/96664"}],"wp:attachment":[{"href":"https:\/\/bobimarket.pl\/index.php\/wp-json\/wp\/v2\/media?parent=96673"}],"wp:term":[{"taxonomy":"product_cat","embeddable":true,"href":"https:\/\/bobimarket.pl\/index.php\/wp-json\/wp\/v2\/product_cat?post=96673"},{"taxonomy":"product_tag","embeddable":true,"href":"https:\/\/bobimarket.pl\/index.php\/wp-json\/wp\/v2\/product_tag?post=96673"}],"curies":[{"name":"wp","href":"https:\/\/api.w.org\/{rel}","templated":true}]}}