{"id":96679,"date":"2023-08-30T11:50:01","date_gmt":"2023-08-30T11:50:01","guid":{"rendered":"https:\/\/bobimarket.pl\/index.php\/produkt\/uchwyt-do-bitow-magnetycznych-szybki-60mm\/"},"modified":"2025-02-27T16:28:47","modified_gmt":"2025-02-27T16:28:47","slug":"uchwyt-do-bitow-magnetycznych-szybki-60mm","status":"publish","type":"product","link":"https:\/\/bobimarket.pl\/index.php\/produkt\/uchwyt-do-bitow-magnetycznych-szybki-60mm\/","title":{"rendered":"UCHWYT DO BIT\u00d3W MAGNETYCZNYCH SZYBKI 60mm"},"content":{"rendered":"<section class=\"section\">\n<div class=\"item item-12\">\n<section class=\"text-item\">\n<h2>UCHWYT DO BIT\u00d3W MAGNETYCZNYCH SZYBKI 60mm<\/h2>\n<p><b>Informacje og\u00f3lne:\u00a0<\/b><\/p>\n<ul>\n<li>D\u0142ugo\u015b\u0107 ca\u0142kowita: <b>60 mm<\/b><\/li>\n<li>Rodzaj uchwytu: <b>1\/4<\/b><\/li>\n<li>Magnetyczna ko\u0144c\u00f3wka<\/li>\n<li>Kompatybilny z wszystkimi bitami<\/li>\n<\/ul>\n<\/section><\/div>\n<\/section>\n<section class=\"section\">\n<div class=\"item item-12\">\n<section class=\"image-item\">\n            <img decoding=\"async\" src=\"https:\/\/upload.cdn.baselinker.com\/products\/14476\/b63693e7c3a4eed07506239f7d7ac273.jpg\" \/><br \/>\n        <\/section>\n<\/p><\/div>\n<\/section>\n<section class=\"section\">\n<div class=\"item item-12\">\n<section class=\"text-item\">\n<p><b>Praktyczne narz\u0119dzie, kt\u00f3re powinno si\u0119 znale\u017a\u0107 w Twojej skrzynce narz\u0119dziowej!<\/b><\/p>\n<p>Wytrzyma\u0142y i wykonany z wysokiej jako\u015bci materia\u0142\u00f3w magnetyczny uchwyt do bit\u00f3w. U\u017cyta do produkcji<b> stal <\/b>sprawia, \u017ce narz\u0119dzie b\u0119dzie nam s\u0142u\u017cy\u0142o przez d\u0142ugi okres. Uchwyt posiada sze\u015bciok\u0105tne mocowanie o przekroju 1\/4 i ma 6 cm d\u0142ugo\u015bci.<\/p>\n<ul>\n<li>Magnetyczna ko\u0144c\u00f3wka<\/li>\n<li>Uniwersalne zastosowanie<\/li>\n<li>\u0141atwy i komfortowy w u\u017cytkowaniu<\/li>\n<li>Pozwala na szybk\u0105 wymian\u0119 grot\u00f3w<\/li>\n<\/ul>\n<\/section><\/div>\n<\/section>\n<section class=\"section\">\n<div class=\"item item-12\">\n<section class=\"image-item\">\n            <img decoding=\"async\" src=\"https:\/\/upload.cdn.baselinker.com\/products\/14476\/068dedcdeadf4b335ced998b40d3ee50.jpg\" \/><br \/>\n        <\/section>\n<\/p><\/div>\n<\/section>\n<section class=\"section\">\n<div class=\"item item-12\">\n<section class=\"text-item\">\n<h2>\u2705 Solidne wykonanie<\/h2>\n<p>Mocna stal, z kt\u00f3rej wykonano narz\u0119dzie podnosi jako\u015b\u0107 produktu. Uchwyt wyposa\u017cono w bardzo mocny magnes, kt\u00f3ry zapobiega wy\u015blizganiu si\u0119 bita. Ponadto obrotowy uchwyt znacznie u\u0142atwi i podnosi komfort u\u017cytkowania uchwytu.<\/p>\n<h2>\u2705 Praktyczny i uniwersalny<\/h2>\n<p>Uchwyt pasuje do wszystkich rodzaj\u00f3w bit\u00f3w, co czyni go bardzo przydatnym narz\u0119dziem. Pozwala na mocowanie bit\u00f3w wkr\u0119takowych, ale nie bezpo\u015brednio w zacisku wkr\u0119tarki.<\/p>\n<ul>\n<li>Pozwala na wyd\u0142u\u017cenie ko\u0144c\u00f3wki, co u\u0142atwia dost\u0119p do trudno dost\u0119pnych miejsc.<\/li>\n<li>Umo\u017cliwia szybk\u0105 wymian\u0119 bita o sze\u015bciok\u0105tnym przekroju w rozmiarze 1\/4&#8243;. Ko\u0144c\u00f3wka jest podtrzymywana na magnesie.<\/li>\n<li>Dodatkowo magnes umo\u017cliwia i pomaga w poprawnym zamontowaniu bitu.<\/li>\n<\/ul>\n<\/section><\/div>\n<\/section>\n<section class=\"section\">\n<div class=\"item item-12\">\n<section class=\"image-item\">\n            <img decoding=\"async\" src=\"https:\/\/upload.cdn.baselinker.com\/products\/14476\/eb8e3d730888a808e963b1015d69009b.jpg\" \/><br \/>\n        <\/section>\n<\/p><\/div>\n<\/section>\n","protected":false},"excerpt":{"rendered":"<p>UCHWYT DO BIT\u00d3W MAGNETYCZNYCH SZYBKI 60mm Informacje og\u00f3lne:\u00a0 D\u0142ugo\u015b\u0107 ca\u0142kowita: 60 mm Rodzaj uchwytu: 1\/4 Magnetyczna ko\u0144c\u00f3wka Kompatybilny z wszystkimi bitami Praktyczne narz\u0119dzie, kt\u00f3re powinno si\u0119 znale\u017a\u0107 w Twojej skrzynce narz\u0119dziowej! Wytrzyma\u0142y i wykonany z wysokiej jako\u015bci materia\u0142\u00f3w magnetyczny uchwyt do bit\u00f3w. U\u017cyta do produkcji stal sprawia, \u017ce narz\u0119dzie b\u0119dzie nam s\u0142u\u017cy\u0142o przez d\u0142ugi okres.<br \/><a class=\"more-link\" href=\"https:\/\/bobimarket.pl\/index.php\/produkt\/uchwyt-do-bitow-magnetycznych-szybki-60mm\/\"><br \/>\n        Czytaj wi\u0119cej<span class=\"screen-reader-text\"> &#8222;UCHWYT DO BIT\u00d3W MAGNETYCZNYCH SZYBKI 60mm&#8221;<\/span><\/a><\/p>\n","protected":false},"featured_media":96674,"template":"","meta":[],"product_cat":[8054],"product_tag":[],"yoast_head":"<!-- This site is optimized with the Yoast SEO plugin v21.0 - https:\/\/yoast.com\/wordpress\/plugins\/seo\/ -->\n<title>UCHWYT DO BIT\u00d3W MAGNETYCZNYCH SZYBKI 60mm - BOBIMARKET.pl - Remontuj i urz\u0105dzaj z nami<\/title>\n<meta name=\"robots\" content=\"index, follow, max-snippet:-1, max-image-preview:large, max-video-preview:-1\" \/>\n<link rel=\"canonical\" href=\"https:\/\/bobimarket.pl\/index.php\/produkt\/uchwyt-do-bitow-magnetycznych-szybki-60mm\/\" \/>\n<meta property=\"og:locale\" content=\"pl_PL\" \/>\n<meta property=\"og:type\" content=\"article\" \/>\n<meta property=\"og:title\" content=\"UCHWYT DO BIT\u00d3W MAGNETYCZNYCH SZYBKI 60mm - BOBIMARKET.pl - Remontuj i urz\u0105dzaj z nami\" \/>\n<meta property=\"og:description\" content=\"UCHWYT DO BIT\u00d3W MAGNETYCZNYCH SZYBKI 60mm Informacje og\u00f3lne:\u00a0 D\u0142ugo\u015b\u0107 ca\u0142kowita: 60 mm Rodzaj uchwytu: 1\/4 Magnetyczna ko\u0144c\u00f3wka Kompatybilny z wszystkimi bitami Praktyczne narz\u0119dzie, kt\u00f3re powinno si\u0119 znale\u017a\u0107 w Twojej skrzynce narz\u0119dziowej! Wytrzyma\u0142y i wykonany z wysokiej jako\u015bci materia\u0142\u00f3w magnetyczny uchwyt do bit\u00f3w. U\u017cyta do produkcji stal sprawia, \u017ce narz\u0119dzie b\u0119dzie nam s\u0142u\u017cy\u0142o przez d\u0142ugi okres.     Czytaj wi\u0119cej &quot;UCHWYT DO BIT\u00d3W MAGNETYCZNYCH SZYBKI 60mm&quot;\" \/>\n<meta property=\"og:url\" content=\"https:\/\/bobimarket.pl\/index.php\/produkt\/uchwyt-do-bitow-magnetycznych-szybki-60mm\/\" \/>\n<meta property=\"og:site_name\" content=\"BOBIMARKET.pl - Remontuj i urz\u0105dzaj z nami\" \/>\n<meta property=\"article:modified_time\" content=\"2025-02-27T16:28:47+00:00\" \/>\n<meta property=\"og:image\" content=\"https:\/\/upload.cdn.baselinker.com\/products\/14476\/b63693e7c3a4eed07506239f7d7ac273.jpg\" \/>\n<meta name=\"twitter:card\" content=\"summary_large_image\" \/>\n<meta name=\"twitter:label1\" content=\"Szacowany czas czytania\" \/>\n\t<meta name=\"twitter:data1\" content=\"1 minuta\" \/>\n<script type=\"application\/ld+json\" class=\"yoast-schema-graph\">{\"@context\":\"https:\/\/schema.org\",\"@graph\":[{\"@type\":\"WebPage\",\"@id\":\"https:\/\/bobimarket.pl\/index.php\/produkt\/uchwyt-do-bitow-magnetycznych-szybki-60mm\/\",\"url\":\"https:\/\/bobimarket.pl\/index.php\/produkt\/uchwyt-do-bitow-magnetycznych-szybki-60mm\/\",\"name\":\"UCHWYT DO BIT\u00d3W MAGNETYCZNYCH SZYBKI 60mm - BOBIMARKET.pl - Remontuj i urz\u0105dzaj z nami\",\"isPartOf\":{\"@id\":\"https:\/\/bobimarket.pl\/#website\"},\"datePublished\":\"2023-08-30T11:50:01+00:00\",\"dateModified\":\"2025-02-27T16:28:47+00:00\",\"breadcrumb\":{\"@id\":\"https:\/\/bobimarket.pl\/index.php\/produkt\/uchwyt-do-bitow-magnetycznych-szybki-60mm\/#breadcrumb\"},\"inLanguage\":\"pl-PL\",\"potentialAction\":[{\"@type\":\"ReadAction\",\"target\":[\"https:\/\/bobimarket.pl\/index.php\/produkt\/uchwyt-do-bitow-magnetycznych-szybki-60mm\/\"]}]},{\"@type\":\"BreadcrumbList\",\"@id\":\"https:\/\/bobimarket.pl\/index.php\/produkt\/uchwyt-do-bitow-magnetycznych-szybki-60mm\/#breadcrumb\",\"itemListElement\":[{\"@type\":\"ListItem\",\"position\":1,\"name\":\"Strona g\u0142\u00f3wna\",\"item\":\"https:\/\/bobimarket.pl\/\"},{\"@type\":\"ListItem\",\"position\":2,\"name\":\"Sklep\",\"item\":\"https:\/\/bobimarket.pl\/index.php\/shop\/\"},{\"@type\":\"ListItem\",\"position\":3,\"name\":\"UCHWYT DO BIT\u00d3W MAGNETYCZNYCH SZYBKI 60mm\"}]},{\"@type\":\"WebSite\",\"@id\":\"https:\/\/bobimarket.pl\/#website\",\"url\":\"https:\/\/bobimarket.pl\/\",\"name\":\"BOBIMARKET.pl - Remontuj i urz\u0105dzaj z nami\",\"description\":\"Remontuj i urz\u0105dzaj z nami\",\"publisher\":{\"@id\":\"https:\/\/bobimarket.pl\/#organization\"},\"potentialAction\":[{\"@type\":\"SearchAction\",\"target\":{\"@type\":\"EntryPoint\",\"urlTemplate\":\"https:\/\/bobimarket.pl\/?s={search_term_string}\"},\"query-input\":\"required name=search_term_string\"}],\"inLanguage\":\"pl-PL\"},{\"@type\":\"Organization\",\"@id\":\"https:\/\/bobimarket.pl\/#organization\",\"name\":\"BOBIMARKET.pl\",\"url\":\"https:\/\/bobimarket.pl\/\",\"logo\":{\"@type\":\"ImageObject\",\"inLanguage\":\"pl-PL\",\"@id\":\"https:\/\/bobimarket.pl\/#\/schema\/logo\/image\/\",\"url\":\"https:\/\/bobimarket.pl\/wp-content\/uploads\/2021\/11\/slogan.png\",\"contentUrl\":\"https:\/\/bobimarket.pl\/wp-content\/uploads\/2021\/11\/slogan.png\",\"width\":2000,\"height\":384,\"caption\":\"BOBIMARKET.pl\"},\"image\":{\"@id\":\"https:\/\/bobimarket.pl\/#\/schema\/logo\/image\/\"}}]}<\/script>\n<!-- \/ Yoast SEO plugin. -->","yoast_head_json":{"title":"UCHWYT DO BIT\u00d3W MAGNETYCZNYCH SZYBKI 60mm - BOBIMARKET.pl - Remontuj i urz\u0105dzaj z nami","robots":{"index":"index","follow":"follow","max-snippet":"max-snippet:-1","max-image-preview":"max-image-preview:large","max-video-preview":"max-video-preview:-1"},"canonical":"https:\/\/bobimarket.pl\/index.php\/produkt\/uchwyt-do-bitow-magnetycznych-szybki-60mm\/","og_locale":"pl_PL","og_type":"article","og_title":"UCHWYT DO BIT\u00d3W MAGNETYCZNYCH SZYBKI 60mm - BOBIMARKET.pl - Remontuj i urz\u0105dzaj z nami","og_description":"UCHWYT DO BIT\u00d3W MAGNETYCZNYCH SZYBKI 60mm Informacje og\u00f3lne:\u00a0 D\u0142ugo\u015b\u0107 ca\u0142kowita: 60 mm Rodzaj uchwytu: 1\/4 Magnetyczna ko\u0144c\u00f3wka Kompatybilny z wszystkimi bitami Praktyczne narz\u0119dzie, kt\u00f3re powinno si\u0119 znale\u017a\u0107 w Twojej skrzynce narz\u0119dziowej! Wytrzyma\u0142y i wykonany z wysokiej jako\u015bci materia\u0142\u00f3w magnetyczny uchwyt do bit\u00f3w. U\u017cyta do produkcji stal sprawia, \u017ce narz\u0119dzie b\u0119dzie nam s\u0142u\u017cy\u0142o przez d\u0142ugi okres.     Czytaj wi\u0119cej \"UCHWYT DO BIT\u00d3W MAGNETYCZNYCH SZYBKI 60mm\"","og_url":"https:\/\/bobimarket.pl\/index.php\/produkt\/uchwyt-do-bitow-magnetycznych-szybki-60mm\/","og_site_name":"BOBIMARKET.pl - Remontuj i urz\u0105dzaj z nami","article_modified_time":"2025-02-27T16:28:47+00:00","og_image":[{"url":"https:\/\/upload.cdn.baselinker.com\/products\/14476\/b63693e7c3a4eed07506239f7d7ac273.jpg"}],"twitter_card":"summary_large_image","twitter_misc":{"Szacowany czas czytania":"1 minuta"},"schema":{"@context":"https:\/\/schema.org","@graph":[{"@type":"WebPage","@id":"https:\/\/bobimarket.pl\/index.php\/produkt\/uchwyt-do-bitow-magnetycznych-szybki-60mm\/","url":"https:\/\/bobimarket.pl\/index.php\/produkt\/uchwyt-do-bitow-magnetycznych-szybki-60mm\/","name":"UCHWYT DO BIT\u00d3W MAGNETYCZNYCH SZYBKI 60mm - BOBIMARKET.pl - Remontuj i urz\u0105dzaj z nami","isPartOf":{"@id":"https:\/\/bobimarket.pl\/#website"},"datePublished":"2023-08-30T11:50:01+00:00","dateModified":"2025-02-27T16:28:47+00:00","breadcrumb":{"@id":"https:\/\/bobimarket.pl\/index.php\/produkt\/uchwyt-do-bitow-magnetycznych-szybki-60mm\/#breadcrumb"},"inLanguage":"pl-PL","potentialAction":[{"@type":"ReadAction","target":["https:\/\/bobimarket.pl\/index.php\/produkt\/uchwyt-do-bitow-magnetycznych-szybki-60mm\/"]}]},{"@type":"BreadcrumbList","@id":"https:\/\/bobimarket.pl\/index.php\/produkt\/uchwyt-do-bitow-magnetycznych-szybki-60mm\/#breadcrumb","itemListElement":[{"@type":"ListItem","position":1,"name":"Strona g\u0142\u00f3wna","item":"https:\/\/bobimarket.pl\/"},{"@type":"ListItem","position":2,"name":"Sklep","item":"https:\/\/bobimarket.pl\/index.php\/shop\/"},{"@type":"ListItem","position":3,"name":"UCHWYT DO BIT\u00d3W MAGNETYCZNYCH SZYBKI 60mm"}]},{"@type":"WebSite","@id":"https:\/\/bobimarket.pl\/#website","url":"https:\/\/bobimarket.pl\/","name":"BOBIMARKET.pl - Remontuj i urz\u0105dzaj z nami","description":"Remontuj i urz\u0105dzaj z nami","publisher":{"@id":"https:\/\/bobimarket.pl\/#organization"},"potentialAction":[{"@type":"SearchAction","target":{"@type":"EntryPoint","urlTemplate":"https:\/\/bobimarket.pl\/?s={search_term_string}"},"query-input":"required name=search_term_string"}],"inLanguage":"pl-PL"},{"@type":"Organization","@id":"https:\/\/bobimarket.pl\/#organization","name":"BOBIMARKET.pl","url":"https:\/\/bobimarket.pl\/","logo":{"@type":"ImageObject","inLanguage":"pl-PL","@id":"https:\/\/bobimarket.pl\/#\/schema\/logo\/image\/","url":"https:\/\/bobimarket.pl\/wp-content\/uploads\/2021\/11\/slogan.png","contentUrl":"https:\/\/bobimarket.pl\/wp-content\/uploads\/2021\/11\/slogan.png","width":2000,"height":384,"caption":"BOBIMARKET.pl"},"image":{"@id":"https:\/\/bobimarket.pl\/#\/schema\/logo\/image\/"}}]}},"_links":{"self":[{"href":"https:\/\/bobimarket.pl\/index.php\/wp-json\/wp\/v2\/product\/96679"}],"collection":[{"href":"https:\/\/bobimarket.pl\/index.php\/wp-json\/wp\/v2\/product"}],"about":[{"href":"https:\/\/bobimarket.pl\/index.php\/wp-json\/wp\/v2\/types\/product"}],"wp:featuredmedia":[{"embeddable":true,"href":"https:\/\/bobimarket.pl\/index.php\/wp-json\/wp\/v2\/media\/96674"}],"wp:attachment":[{"href":"https:\/\/bobimarket.pl\/index.php\/wp-json\/wp\/v2\/media?parent=96679"}],"wp:term":[{"taxonomy":"product_cat","embeddable":true,"href":"https:\/\/bobimarket.pl\/index.php\/wp-json\/wp\/v2\/product_cat?post=96679"},{"taxonomy":"product_tag","embeddable":true,"href":"https:\/\/bobimarket.pl\/index.php\/wp-json\/wp\/v2\/product_tag?post=96679"}],"curies":[{"name":"wp","href":"https:\/\/api.w.org\/{rel}","templated":true}]}}