{"id":96780,"date":"2023-08-30T11:55:25","date_gmt":"2023-08-30T11:55:25","guid":{"rendered":"https:\/\/bobimarket.pl\/index.php\/produkt\/siatka-rosliny-pnace-ogorki-groch-fasola-18x18m\/"},"modified":"2025-02-27T16:29:26","modified_gmt":"2025-02-27T16:29:26","slug":"siatka-rosliny-pnace-ogorki-groch-fasola-18x18m","status":"publish","type":"product","link":"https:\/\/bobimarket.pl\/index.php\/produkt\/siatka-rosliny-pnace-ogorki-groch-fasola-18x18m\/","title":{"rendered":"SIATKA RO\u015aLINY PN\u0104CE OG\u00d3RKI GROCH FASOLA 1,8&#215;1,8m"},"content":{"rendered":"<section class=\"section\">\n<div class=\"item item-12\">\n<section class=\"text-item\">\n<h2>SIATKA RO\u015aLINY PN\u0104CE OG\u00d3RKI GROCH FASOLA 1,8&#215;1,8m<\/h2>\n<p><b>Informacje og\u00f3lne:<\/b><\/p>\n<ul>\n<li>Szeroko\u015b\u0107: <b>1,8 m<\/b><\/li>\n<li>D\u0142ugo\u015b\u0107:<b> 1,8 m<\/b><\/li>\n<li>Kolor: <b>zielony<\/b><\/li>\n<li>Rodzaj:<b> siatka ogrodowa do ro\u015blin pn\u0105cych<\/b><\/li>\n<\/ul>\n<\/section><\/div>\n<\/section>\n<section class=\"section\">\n<div class=\"item item-12\">\n<section class=\"image-item\">\n            <img decoding=\"async\" src=\"https:\/\/upload.cdn.baselinker.com\/products\/14476\/50e957738c7713a7b0aded9be2042e1b.jpg\" \/><br \/>\n        <\/section>\n<\/p><\/div>\n<\/section>\n<section class=\"section\">\n<div class=\"item item-12\">\n<section class=\"text-item\">\n<h2>Siatka ogrodowa to doskona\u0142e rozwi\u0105zanie do Twojego ogrodu!<\/h2>\n<p>Wytrzyma\u0142a siatka ogrodowa o du\u017cych oczkach. Zielona siatka na pn\u0105cza wykonana jest z mocnego i odpornego na UV tworzywa sztucznego (polipropylen). Ponadto siatka cechuje si\u0119 du\u017c\u0105 wytrzyma\u0142o\u015bci\u0105 na rozci\u0105ganie. Praktyczna w zastosowaniu. Wykorzystywana jest w celu wspierania wzrostu i rozwoju ro\u015blin pn\u0105cych ( tj. fasolka, groch, og\u00f3rki czy pomidory). nadaje si\u0119 r\u00f3wnie z pod r\u00f3\u017cnego rodzaju kwiaty pn\u0105ce.<\/p>\n<ul>\n<li><b>Siatka na pn\u0105cza<\/b> jest przeznaczona do podtrzymywania<b> ro\u015blin pn\u0105cych <\/b>podczas <b>ca\u0142ego okresu ich wzrostu i rozwoju. <\/b>Chroni p\u0119dy przed z\u0142amaniem i pomaga im utrzyma\u0107 si\u0119 w pionie.<\/li>\n<li><b>Chroni\u0105 delikatne p\u0119dy przed uszkodzeniem<\/b> jednocze\u015bnie pe\u0142ni\u0105c funkcj\u0119 dekoracyjn\u0105. Z jej pomoc\u0105 mo\u017cemy stworzy\u0107 \u0142adn\u0105 kompozycj\u0119, kt\u00f3re b\u0119dzie upi\u0119ksza\u0142a ogr\u00f3d lub rabatk\u0119 z kwiatami.<\/li>\n<li>Mo\u017cna j\u0105 zamontowa\u0107 w szybki i \u0142atwy spos\u00f3b, a du\u017ce oczka pozwalaj\u0105 <b>na \u0142atwy dost\u0119p do ro\u015blin. <\/b><\/li>\n<\/ul>\n<\/section><\/div>\n<\/section>\n<section class=\"section\">\n<div class=\"item item-12\">\n<section class=\"image-item\">\n            <img decoding=\"async\" src=\"https:\/\/upload.cdn.baselinker.com\/products\/14476\/c6274b999e18581b9dd02b47bfb40377.jpg\" \/><br \/>\n        <\/section>\n<\/p><\/div>\n<\/section>\n<section class=\"section\">\n<div class=\"item item-12\">\n<section class=\"text-item\">\n<h2>Zastanawiasz si\u0119, czy ogrodowa siatka to rozwi\u0105zanie dla Ciebie ? Zdecydowanie tak!<\/h2>\n<p>\u2705 Siatka sprawdzi si\u0119 <b>w okresie wczesnego wzrostu<\/b> <b>ro\u015blin<\/b> i na p\u00f3\u017aniejszych etapach rozwoju. Pomaga utrzyma\u0107 ro\u015bliny w stabilnej pozycji. Mo\u017cna j\u0105 wykorzysta\u0107 do r\u00f3\u017cnego rodzaju ro\u015blin pn\u0105cych. Sprawdzi si\u0119 zar\u00f3wno do kwiat\u00f3w jak i do warzyw\u00a0 ( np. grochu czy fasoli).<\/p>\n<p><b>\u2705 <\/b>To bardzo praktyczny element, kt\u00f3ry ma <b>pozytywny wp\u0142yw na ro\u015blin<\/b>y. Przeciwdzia\u0142a \u0142amaniu si\u0119 ro\u015blin oraz gwarantuje prawid\u0142owy wzrost kwiat\u00f3w.<\/p>\n<p>\u2705 Zielony kolor sprawia, \u017ce jest<b> niemal niewidoczna po\u015br\u00f3d ro\u015blin<\/b>, idealnie si\u0119 z nimi komponuje. Z ich pomoc\u0105 stworzysz oryginaln\u0105 aran\u017cacj\u0119. Ro\u015bliny b\u0119d\u0105 si\u0119 pi\u0119\u0142y si\u0119 w g\u00f3r\u0119 i zdrowo ros\u0142y.<\/p>\n<\/section><\/div>\n<\/section>\n<section class=\"section\">\n<div class=\"item item-12\">\n<section class=\"image-item\">\n            <img decoding=\"async\" src=\"https:\/\/upload.cdn.baselinker.com\/products\/14476\/5e2db91673dd5fb74ad369c30bd63118.jpg\" \/><br \/>\n        <\/section>\n<\/p><\/div>\n<\/section>\n","protected":false},"excerpt":{"rendered":"<p>SIATKA RO\u015aLINY PN\u0104CE OG\u00d3RKI GROCH FASOLA 1,8&#215;1,8m Informacje og\u00f3lne: Szeroko\u015b\u0107: 1,8 m D\u0142ugo\u015b\u0107: 1,8 m Kolor: zielony Rodzaj: siatka ogrodowa do ro\u015blin pn\u0105cych Siatka ogrodowa to doskona\u0142e rozwi\u0105zanie do Twojego ogrodu! Wytrzyma\u0142a siatka ogrodowa o du\u017cych oczkach. Zielona siatka na pn\u0105cza wykonana jest z mocnego i odpornego na UV tworzywa sztucznego (polipropylen). Ponadto siatka cechuje<br \/><a class=\"more-link\" href=\"https:\/\/bobimarket.pl\/index.php\/produkt\/siatka-rosliny-pnace-ogorki-groch-fasola-18x18m\/\"><br \/>\n        Czytaj wi\u0119cej<span class=\"screen-reader-text\"> &#8222;SIATKA RO\u015aLINY PN\u0104CE OG\u00d3RKI GROCH FASOLA 1,8&#215;1,8m&#8221;<\/span><\/a><\/p>\n","protected":false},"featured_media":96768,"template":"","meta":[],"product_cat":[8089],"product_tag":[],"yoast_head":"<!-- This site is optimized with the Yoast SEO plugin v21.0 - https:\/\/yoast.com\/wordpress\/plugins\/seo\/ -->\n<title>SIATKA RO\u015aLINY PN\u0104CE OG\u00d3RKI GROCH FASOLA 1,8x1,8m - BOBIMARKET.pl - Remontuj i urz\u0105dzaj z nami<\/title>\n<meta name=\"robots\" content=\"index, follow, max-snippet:-1, max-image-preview:large, max-video-preview:-1\" \/>\n<link rel=\"canonical\" href=\"https:\/\/bobimarket.pl\/index.php\/produkt\/siatka-rosliny-pnace-ogorki-groch-fasola-18x18m\/\" \/>\n<meta property=\"og:locale\" content=\"pl_PL\" \/>\n<meta property=\"og:type\" content=\"article\" \/>\n<meta property=\"og:title\" content=\"SIATKA RO\u015aLINY PN\u0104CE OG\u00d3RKI GROCH FASOLA 1,8x1,8m - BOBIMARKET.pl - Remontuj i urz\u0105dzaj z nami\" \/>\n<meta property=\"og:description\" content=\"SIATKA RO\u015aLINY PN\u0104CE OG\u00d3RKI GROCH FASOLA 1,8&#215;1,8m Informacje og\u00f3lne: Szeroko\u015b\u0107: 1,8 m D\u0142ugo\u015b\u0107: 1,8 m Kolor: zielony Rodzaj: siatka ogrodowa do ro\u015blin pn\u0105cych Siatka ogrodowa to doskona\u0142e rozwi\u0105zanie do Twojego ogrodu! Wytrzyma\u0142a siatka ogrodowa o du\u017cych oczkach. Zielona siatka na pn\u0105cza wykonana jest z mocnego i odpornego na UV tworzywa sztucznego (polipropylen). Ponadto siatka cechuje     Czytaj wi\u0119cej &quot;SIATKA RO\u015aLINY PN\u0104CE OG\u00d3RKI GROCH FASOLA 1,8&#215;1,8m&quot;\" \/>\n<meta property=\"og:url\" content=\"https:\/\/bobimarket.pl\/index.php\/produkt\/siatka-rosliny-pnace-ogorki-groch-fasola-18x18m\/\" \/>\n<meta property=\"og:site_name\" content=\"BOBIMARKET.pl - Remontuj i urz\u0105dzaj z nami\" \/>\n<meta property=\"article:modified_time\" content=\"2025-02-27T16:29:26+00:00\" \/>\n<meta property=\"og:image\" content=\"https:\/\/upload.cdn.baselinker.com\/products\/14476\/50e957738c7713a7b0aded9be2042e1b.jpg\" \/>\n<meta name=\"twitter:card\" content=\"summary_large_image\" \/>\n<meta name=\"twitter:label1\" content=\"Szacowany czas czytania\" \/>\n\t<meta name=\"twitter:data1\" content=\"2 minuty\" \/>\n<script type=\"application\/ld+json\" class=\"yoast-schema-graph\">{\"@context\":\"https:\/\/schema.org\",\"@graph\":[{\"@type\":\"WebPage\",\"@id\":\"https:\/\/bobimarket.pl\/index.php\/produkt\/siatka-rosliny-pnace-ogorki-groch-fasola-18x18m\/\",\"url\":\"https:\/\/bobimarket.pl\/index.php\/produkt\/siatka-rosliny-pnace-ogorki-groch-fasola-18x18m\/\",\"name\":\"SIATKA RO\u015aLINY PN\u0104CE OG\u00d3RKI GROCH FASOLA 1,8x1,8m - BOBIMARKET.pl - Remontuj i urz\u0105dzaj z nami\",\"isPartOf\":{\"@id\":\"https:\/\/bobimarket.pl\/#website\"},\"datePublished\":\"2023-08-30T11:55:25+00:00\",\"dateModified\":\"2025-02-27T16:29:26+00:00\",\"breadcrumb\":{\"@id\":\"https:\/\/bobimarket.pl\/index.php\/produkt\/siatka-rosliny-pnace-ogorki-groch-fasola-18x18m\/#breadcrumb\"},\"inLanguage\":\"pl-PL\",\"potentialAction\":[{\"@type\":\"ReadAction\",\"target\":[\"https:\/\/bobimarket.pl\/index.php\/produkt\/siatka-rosliny-pnace-ogorki-groch-fasola-18x18m\/\"]}]},{\"@type\":\"BreadcrumbList\",\"@id\":\"https:\/\/bobimarket.pl\/index.php\/produkt\/siatka-rosliny-pnace-ogorki-groch-fasola-18x18m\/#breadcrumb\",\"itemListElement\":[{\"@type\":\"ListItem\",\"position\":1,\"name\":\"Strona g\u0142\u00f3wna\",\"item\":\"https:\/\/bobimarket.pl\/\"},{\"@type\":\"ListItem\",\"position\":2,\"name\":\"Sklep\",\"item\":\"https:\/\/bobimarket.pl\/index.php\/shop\/\"},{\"@type\":\"ListItem\",\"position\":3,\"name\":\"SIATKA RO\u015aLINY PN\u0104CE OG\u00d3RKI GROCH FASOLA 1,8&#215;1,8m\"}]},{\"@type\":\"WebSite\",\"@id\":\"https:\/\/bobimarket.pl\/#website\",\"url\":\"https:\/\/bobimarket.pl\/\",\"name\":\"BOBIMARKET.pl - Remontuj i urz\u0105dzaj z nami\",\"description\":\"Remontuj i urz\u0105dzaj z nami\",\"publisher\":{\"@id\":\"https:\/\/bobimarket.pl\/#organization\"},\"potentialAction\":[{\"@type\":\"SearchAction\",\"target\":{\"@type\":\"EntryPoint\",\"urlTemplate\":\"https:\/\/bobimarket.pl\/?s={search_term_string}\"},\"query-input\":\"required name=search_term_string\"}],\"inLanguage\":\"pl-PL\"},{\"@type\":\"Organization\",\"@id\":\"https:\/\/bobimarket.pl\/#organization\",\"name\":\"BOBIMARKET.pl\",\"url\":\"https:\/\/bobimarket.pl\/\",\"logo\":{\"@type\":\"ImageObject\",\"inLanguage\":\"pl-PL\",\"@id\":\"https:\/\/bobimarket.pl\/#\/schema\/logo\/image\/\",\"url\":\"https:\/\/bobimarket.pl\/wp-content\/uploads\/2021\/11\/slogan.png\",\"contentUrl\":\"https:\/\/bobimarket.pl\/wp-content\/uploads\/2021\/11\/slogan.png\",\"width\":2000,\"height\":384,\"caption\":\"BOBIMARKET.pl\"},\"image\":{\"@id\":\"https:\/\/bobimarket.pl\/#\/schema\/logo\/image\/\"}}]}<\/script>\n<!-- \/ Yoast SEO plugin. -->","yoast_head_json":{"title":"SIATKA RO\u015aLINY PN\u0104CE OG\u00d3RKI GROCH FASOLA 1,8x1,8m - BOBIMARKET.pl - Remontuj i urz\u0105dzaj z nami","robots":{"index":"index","follow":"follow","max-snippet":"max-snippet:-1","max-image-preview":"max-image-preview:large","max-video-preview":"max-video-preview:-1"},"canonical":"https:\/\/bobimarket.pl\/index.php\/produkt\/siatka-rosliny-pnace-ogorki-groch-fasola-18x18m\/","og_locale":"pl_PL","og_type":"article","og_title":"SIATKA RO\u015aLINY PN\u0104CE OG\u00d3RKI GROCH FASOLA 1,8x1,8m - BOBIMARKET.pl - Remontuj i urz\u0105dzaj z nami","og_description":"SIATKA RO\u015aLINY PN\u0104CE OG\u00d3RKI GROCH FASOLA 1,8&#215;1,8m Informacje og\u00f3lne: Szeroko\u015b\u0107: 1,8 m D\u0142ugo\u015b\u0107: 1,8 m Kolor: zielony Rodzaj: siatka ogrodowa do ro\u015blin pn\u0105cych Siatka ogrodowa to doskona\u0142e rozwi\u0105zanie do Twojego ogrodu! Wytrzyma\u0142a siatka ogrodowa o du\u017cych oczkach. Zielona siatka na pn\u0105cza wykonana jest z mocnego i odpornego na UV tworzywa sztucznego (polipropylen). Ponadto siatka cechuje     Czytaj wi\u0119cej \"SIATKA RO\u015aLINY PN\u0104CE OG\u00d3RKI GROCH FASOLA 1,8&#215;1,8m\"","og_url":"https:\/\/bobimarket.pl\/index.php\/produkt\/siatka-rosliny-pnace-ogorki-groch-fasola-18x18m\/","og_site_name":"BOBIMARKET.pl - Remontuj i urz\u0105dzaj z nami","article_modified_time":"2025-02-27T16:29:26+00:00","og_image":[{"url":"https:\/\/upload.cdn.baselinker.com\/products\/14476\/50e957738c7713a7b0aded9be2042e1b.jpg"}],"twitter_card":"summary_large_image","twitter_misc":{"Szacowany czas czytania":"2 minuty"},"schema":{"@context":"https:\/\/schema.org","@graph":[{"@type":"WebPage","@id":"https:\/\/bobimarket.pl\/index.php\/produkt\/siatka-rosliny-pnace-ogorki-groch-fasola-18x18m\/","url":"https:\/\/bobimarket.pl\/index.php\/produkt\/siatka-rosliny-pnace-ogorki-groch-fasola-18x18m\/","name":"SIATKA RO\u015aLINY PN\u0104CE OG\u00d3RKI GROCH FASOLA 1,8x1,8m - BOBIMARKET.pl - Remontuj i urz\u0105dzaj z nami","isPartOf":{"@id":"https:\/\/bobimarket.pl\/#website"},"datePublished":"2023-08-30T11:55:25+00:00","dateModified":"2025-02-27T16:29:26+00:00","breadcrumb":{"@id":"https:\/\/bobimarket.pl\/index.php\/produkt\/siatka-rosliny-pnace-ogorki-groch-fasola-18x18m\/#breadcrumb"},"inLanguage":"pl-PL","potentialAction":[{"@type":"ReadAction","target":["https:\/\/bobimarket.pl\/index.php\/produkt\/siatka-rosliny-pnace-ogorki-groch-fasola-18x18m\/"]}]},{"@type":"BreadcrumbList","@id":"https:\/\/bobimarket.pl\/index.php\/produkt\/siatka-rosliny-pnace-ogorki-groch-fasola-18x18m\/#breadcrumb","itemListElement":[{"@type":"ListItem","position":1,"name":"Strona g\u0142\u00f3wna","item":"https:\/\/bobimarket.pl\/"},{"@type":"ListItem","position":2,"name":"Sklep","item":"https:\/\/bobimarket.pl\/index.php\/shop\/"},{"@type":"ListItem","position":3,"name":"SIATKA RO\u015aLINY PN\u0104CE OG\u00d3RKI GROCH FASOLA 1,8&#215;1,8m"}]},{"@type":"WebSite","@id":"https:\/\/bobimarket.pl\/#website","url":"https:\/\/bobimarket.pl\/","name":"BOBIMARKET.pl - Remontuj i urz\u0105dzaj z nami","description":"Remontuj i urz\u0105dzaj z nami","publisher":{"@id":"https:\/\/bobimarket.pl\/#organization"},"potentialAction":[{"@type":"SearchAction","target":{"@type":"EntryPoint","urlTemplate":"https:\/\/bobimarket.pl\/?s={search_term_string}"},"query-input":"required name=search_term_string"}],"inLanguage":"pl-PL"},{"@type":"Organization","@id":"https:\/\/bobimarket.pl\/#organization","name":"BOBIMARKET.pl","url":"https:\/\/bobimarket.pl\/","logo":{"@type":"ImageObject","inLanguage":"pl-PL","@id":"https:\/\/bobimarket.pl\/#\/schema\/logo\/image\/","url":"https:\/\/bobimarket.pl\/wp-content\/uploads\/2021\/11\/slogan.png","contentUrl":"https:\/\/bobimarket.pl\/wp-content\/uploads\/2021\/11\/slogan.png","width":2000,"height":384,"caption":"BOBIMARKET.pl"},"image":{"@id":"https:\/\/bobimarket.pl\/#\/schema\/logo\/image\/"}}]}},"_links":{"self":[{"href":"https:\/\/bobimarket.pl\/index.php\/wp-json\/wp\/v2\/product\/96780"}],"collection":[{"href":"https:\/\/bobimarket.pl\/index.php\/wp-json\/wp\/v2\/product"}],"about":[{"href":"https:\/\/bobimarket.pl\/index.php\/wp-json\/wp\/v2\/types\/product"}],"wp:featuredmedia":[{"embeddable":true,"href":"https:\/\/bobimarket.pl\/index.php\/wp-json\/wp\/v2\/media\/96768"}],"wp:attachment":[{"href":"https:\/\/bobimarket.pl\/index.php\/wp-json\/wp\/v2\/media?parent=96780"}],"wp:term":[{"taxonomy":"product_cat","embeddable":true,"href":"https:\/\/bobimarket.pl\/index.php\/wp-json\/wp\/v2\/product_cat?post=96780"},{"taxonomy":"product_tag","embeddable":true,"href":"https:\/\/bobimarket.pl\/index.php\/wp-json\/wp\/v2\/product_tag?post=96780"}],"curies":[{"name":"wp","href":"https:\/\/api.w.org\/{rel}","templated":true}]}}