{"id":96821,"date":"2023-08-30T11:57:53","date_gmt":"2023-08-30T11:57:53","guid":{"rendered":"https:\/\/bobimarket.pl\/index.php\/produkt\/podpora-do-roz-pergola-ogrodowa-90cm-fi7\/"},"modified":"2025-02-27T16:29:47","modified_gmt":"2025-02-27T16:29:47","slug":"podpora-do-roz-pergola-ogrodowa-90cm-fi7","status":"publish","type":"product","link":"https:\/\/bobimarket.pl\/index.php\/produkt\/podpora-do-roz-pergola-ogrodowa-90cm-fi7\/","title":{"rendered":"PODPORA DO R\u00d3\u017b PERGOLA OGRODOWA 90cm fi7"},"content":{"rendered":"<section class=\"section\">\n<div class=\"item item-12\">\n<section class=\"text-item\">\n<h2>PODPORA DO R\u00d3\u017b PERGOLA OGRODOWA 90cm fi7<\/h2>\n<ul>\n<li>D\u0142ugo\u015b\u0107 pojedynczej tyczki: <b>90 cm<\/b><\/li>\n<li>\u015arednicatyczki:<b> 7 mm<\/b><\/li>\n<li>Kolor: <b>zielony<\/b><\/li>\n<\/ul>\n<h2>Komplet sk\u0142ada si\u0119 z 3 sztuk tyczek oraz jednego \u0142\u0105cznika umo\u017cliwiaj\u0105cego zbudowanie podpory!<\/h2>\n<\/section><\/div>\n<\/section>\n<section class=\"section\">\n<div class=\"item item-12\">\n<section class=\"image-item\">\n            <img decoding=\"async\" src=\"https:\/\/upload.cdn.baselinker.com\/products\/14476\/6e89bbf3cf5481a568ac0b24bf350698.jpg\" \/><br \/>\n        <\/section>\n<\/p><\/div>\n<\/section>\n<section class=\"section\">\n<div class=\"item item-12\">\n<section class=\"text-item\">\n<h2>Podpora to idealny dla ro\u015blin pn\u0105cych!<\/h2>\n<p>Tr\u00f3jk\u0105tna podpora do ro\u015blin stanowi odpowiednio przystosowany stela\u017c dla ro\u015blin pn\u0105cych, r\u00f3\u017c. Poszczeg\u00f3lne tyczki s\u0105 wykonane z stali i pokryte tworzywem sztucznym w kolorze zielonym. Solidne wykonanie produktu b\u0119dzie owocowa\u0142o d\u0142ugim okresem u\u017cytkowania. Tyczki s\u0105 odporne na uszkodzenia i niesprzyjaj\u0105ce warunki atmosferyczne. Tyczek mo\u017cna u\u017cywa\u0107 do podpierania pn\u0105czy, krzew\u00f3w, delikatnych kwiat\u00f3w, ro\u015blin warzywnych i owocowych.<\/p>\n<p><b>\u2705 Spos\u00f3b u\u017cycia tyczki:<\/b><\/p>\n<p>W zestawie znajduj\u0105 si\u0119 3 tyczki oraz \u0142\u0105cznik tr\u00f3jk\u0105tny, pozwalaj\u0105cy uzyska\u0107 odpowiednio przystosowan\u0105 podpor\u0119 do ro\u015blin pn\u0105cych. Tyczki nale\u017cy wbi\u0107 w ziemi\u0119 i ustawi\u0107 \u0142\u0105cznik na wybranej wysoko\u015bci, tak by stworzy\u0107 podpor\u0119 idealn\u0105 dla naszej ro\u015bliny!<\/p>\n<\/section><\/div>\n<\/section>\n<section class=\"section\">\n<div class=\"item item-12\">\n<section class=\"image-item\">\n            <img decoding=\"async\" src=\"https:\/\/upload.cdn.baselinker.com\/products\/14476\/8403bb25fe0be7e42716af4b5b723a22.jpg\" \/><br \/>\n        <\/section>\n<\/p><\/div>\n<\/section>\n<section class=\"section\">\n<div class=\"item item-12\">\n<section class=\"text-item\">\n<p>\u2705 Podpora <b>umo\u017cliwia szybszy i zdrowszy wzrost<\/b> ro\u015blin. Chroni \u0142odyg\u0119 przed z\u0142amaniem i pomaga jej utrzyma\u0107 si\u0119 w pionie. Praktyczna w zastosowaniu i wielofunkcyjna. Mo\u017ce zosta\u0107 u\u017cyta <b>jako pojedyncza podpora<\/b> lub przy pomocy do\u0142\u0105czonego \u0142\u0105cznika mo\u017cemy z niej stworzy\u0107 tr\u00f3jk\u0105tn\u0105 podpor\u0119.<\/p>\n<ul>\n<li>Podpora u\u0142atwia upraw\u0119 zar\u00f3wno ni\u017cszych, jak i wy\u017cszych ro\u015blin gruntowych, warzyw, krzew\u00f3w czy drzewek w przydomowym ogrodzie.<\/li>\n<li>Chroni delikatne p\u0119dy przed uszkodzeniem jednocze\u015bnie pe\u0142ni\u0105c funkcj\u0119 dekoracyjn\u0105.<\/li>\n<li>Przydatna do uprawy ro\u015blin maj\u0105cych tendencj\u0119 do krzywienie si\u0119.<\/li>\n<\/ul>\n<\/section><\/div>\n<\/section>\n<section class=\"section\">\n<div class=\"item item-12\">\n<section class=\"image-item\">\n            <img decoding=\"async\" src=\"https:\/\/upload.cdn.baselinker.com\/products\/14476\/2a5945ef2ef867e71022b805b226655f.jpg\" \/><br \/>\n        <\/section>\n<\/p><\/div>\n<\/section>\n<section class=\"section\">\n<div class=\"item item-12\">\n<section class=\"text-item\">\n<h2>Zastanawiasz si\u0119, czy podpora to rozwi\u0105zanie dla Ciebie ? Zdecydowanie tak!<\/h2>\n<p>\u2705 Sprawdzi si\u0119 w okresie wczesnego wzrostu ro\u015blin i aby utrzyma\u0107 j\u0105 w stabilnej pozycji. Mo\u017cna j\u0105 wykorzysta\u0107 do ro\u015blin doniczkowych, ogrodowych oraz uprawnych.<\/p>\n<p><b>\u2705 <\/b>To nie tylko element ozdobny, ma r\u00f3wnie\u017c <b>pozytywny wp\u0142yw na ro\u015blin<\/b>\u0119. Przeciwdzia\u0142a \u0142amaniu si\u0119 oraz gwarantuje prawid\u0142owy wzrost.<\/p>\n<p>\u2705 Naturalny zielony kolor sprawia, \u017ce jest<b> niemal niewidoczna po\u015br\u00f3d ro\u015blin<\/b>, idealnie si\u0119 z nimi komponuje.<\/p>\n<p>\u2705 Z jej pomoc\u0105 stworzysz oryginaln\u0105 aran\u017cacj\u0119. Ro\u015bliny b\u0119d\u0105 si\u0119 pi\u0119\u0142y si\u0119 w g\u00f3r\u0119 i zdrowo ros\u0142y.<\/p>\n<p><b>\u2705 <\/b>Tyczka zosta\u0142a wykonana z <b>wytrzyma\u0142ego materia\u0142u w kolorze zielonym<\/b>. Stanowi ciekaw\u0105 alternatyw\u0119 dla r\u00f3\u017cnego rodzaju\u00a0 podp\u00f3r pier\u015bcieniowych lub drabinek.<\/p>\n<\/section><\/div>\n<\/section>\n","protected":false},"excerpt":{"rendered":"<p>PODPORA DO R\u00d3\u017b PERGOLA OGRODOWA 90cm fi7 D\u0142ugo\u015b\u0107 pojedynczej tyczki: 90 cm \u015arednicatyczki: 7 mm Kolor: zielony Komplet sk\u0142ada si\u0119 z 3 sztuk tyczek oraz jednego \u0142\u0105cznika umo\u017cliwiaj\u0105cego zbudowanie podpory! Podpora to idealny dla ro\u015blin pn\u0105cych! Tr\u00f3jk\u0105tna podpora do ro\u015blin stanowi odpowiednio przystosowany stela\u017c dla ro\u015blin pn\u0105cych, r\u00f3\u017c. Poszczeg\u00f3lne tyczki s\u0105 wykonane z stali i<br \/><a class=\"more-link\" href=\"https:\/\/bobimarket.pl\/index.php\/produkt\/podpora-do-roz-pergola-ogrodowa-90cm-fi7\/\"><br \/>\n        Czytaj wi\u0119cej<span class=\"screen-reader-text\"> &#8222;PODPORA DO R\u00d3\u017b PERGOLA OGRODOWA 90cm fi7&#8221;<\/span><\/a><\/p>\n","protected":false},"featured_media":96815,"template":"","meta":[],"product_cat":[8089],"product_tag":[],"yoast_head":"<!-- This site is optimized with the Yoast SEO plugin v21.0 - https:\/\/yoast.com\/wordpress\/plugins\/seo\/ -->\n<title>PODPORA DO R\u00d3\u017b PERGOLA OGRODOWA 90cm fi7 - BOBIMARKET.pl - Remontuj i urz\u0105dzaj z nami<\/title>\n<meta name=\"robots\" content=\"index, follow, max-snippet:-1, max-image-preview:large, max-video-preview:-1\" \/>\n<link rel=\"canonical\" href=\"https:\/\/bobimarket.pl\/index.php\/produkt\/podpora-do-roz-pergola-ogrodowa-90cm-fi7\/\" \/>\n<meta property=\"og:locale\" content=\"pl_PL\" \/>\n<meta property=\"og:type\" content=\"article\" \/>\n<meta property=\"og:title\" content=\"PODPORA DO R\u00d3\u017b PERGOLA OGRODOWA 90cm fi7 - BOBIMARKET.pl - Remontuj i urz\u0105dzaj z nami\" \/>\n<meta property=\"og:description\" content=\"PODPORA DO R\u00d3\u017b PERGOLA OGRODOWA 90cm fi7 D\u0142ugo\u015b\u0107 pojedynczej tyczki: 90 cm \u015arednicatyczki: 7 mm Kolor: zielony Komplet sk\u0142ada si\u0119 z 3 sztuk tyczek oraz jednego \u0142\u0105cznika umo\u017cliwiaj\u0105cego zbudowanie podpory! Podpora to idealny dla ro\u015blin pn\u0105cych! Tr\u00f3jk\u0105tna podpora do ro\u015blin stanowi odpowiednio przystosowany stela\u017c dla ro\u015blin pn\u0105cych, r\u00f3\u017c. Poszczeg\u00f3lne tyczki s\u0105 wykonane z stali i     Czytaj wi\u0119cej &quot;PODPORA DO R\u00d3\u017b PERGOLA OGRODOWA 90cm fi7&quot;\" \/>\n<meta property=\"og:url\" content=\"https:\/\/bobimarket.pl\/index.php\/produkt\/podpora-do-roz-pergola-ogrodowa-90cm-fi7\/\" \/>\n<meta property=\"og:site_name\" content=\"BOBIMARKET.pl - Remontuj i urz\u0105dzaj z nami\" \/>\n<meta property=\"article:modified_time\" content=\"2025-02-27T16:29:47+00:00\" \/>\n<meta property=\"og:image\" content=\"https:\/\/upload.cdn.baselinker.com\/products\/14476\/6e89bbf3cf5481a568ac0b24bf350698.jpg\" \/>\n<meta name=\"twitter:card\" content=\"summary_large_image\" \/>\n<meta name=\"twitter:label1\" content=\"Szacowany czas czytania\" \/>\n\t<meta name=\"twitter:data1\" content=\"2 minuty\" \/>\n<script type=\"application\/ld+json\" class=\"yoast-schema-graph\">{\"@context\":\"https:\/\/schema.org\",\"@graph\":[{\"@type\":\"WebPage\",\"@id\":\"https:\/\/bobimarket.pl\/index.php\/produkt\/podpora-do-roz-pergola-ogrodowa-90cm-fi7\/\",\"url\":\"https:\/\/bobimarket.pl\/index.php\/produkt\/podpora-do-roz-pergola-ogrodowa-90cm-fi7\/\",\"name\":\"PODPORA DO R\u00d3\u017b PERGOLA OGRODOWA 90cm fi7 - BOBIMARKET.pl - Remontuj i urz\u0105dzaj z nami\",\"isPartOf\":{\"@id\":\"https:\/\/bobimarket.pl\/#website\"},\"datePublished\":\"2023-08-30T11:57:53+00:00\",\"dateModified\":\"2025-02-27T16:29:47+00:00\",\"breadcrumb\":{\"@id\":\"https:\/\/bobimarket.pl\/index.php\/produkt\/podpora-do-roz-pergola-ogrodowa-90cm-fi7\/#breadcrumb\"},\"inLanguage\":\"pl-PL\",\"potentialAction\":[{\"@type\":\"ReadAction\",\"target\":[\"https:\/\/bobimarket.pl\/index.php\/produkt\/podpora-do-roz-pergola-ogrodowa-90cm-fi7\/\"]}]},{\"@type\":\"BreadcrumbList\",\"@id\":\"https:\/\/bobimarket.pl\/index.php\/produkt\/podpora-do-roz-pergola-ogrodowa-90cm-fi7\/#breadcrumb\",\"itemListElement\":[{\"@type\":\"ListItem\",\"position\":1,\"name\":\"Strona g\u0142\u00f3wna\",\"item\":\"https:\/\/bobimarket.pl\/\"},{\"@type\":\"ListItem\",\"position\":2,\"name\":\"Sklep\",\"item\":\"https:\/\/bobimarket.pl\/index.php\/shop\/\"},{\"@type\":\"ListItem\",\"position\":3,\"name\":\"PODPORA DO R\u00d3\u017b PERGOLA OGRODOWA 90cm fi7\"}]},{\"@type\":\"WebSite\",\"@id\":\"https:\/\/bobimarket.pl\/#website\",\"url\":\"https:\/\/bobimarket.pl\/\",\"name\":\"BOBIMARKET.pl - Remontuj i urz\u0105dzaj z nami\",\"description\":\"Remontuj i urz\u0105dzaj z nami\",\"publisher\":{\"@id\":\"https:\/\/bobimarket.pl\/#organization\"},\"potentialAction\":[{\"@type\":\"SearchAction\",\"target\":{\"@type\":\"EntryPoint\",\"urlTemplate\":\"https:\/\/bobimarket.pl\/?s={search_term_string}\"},\"query-input\":\"required name=search_term_string\"}],\"inLanguage\":\"pl-PL\"},{\"@type\":\"Organization\",\"@id\":\"https:\/\/bobimarket.pl\/#organization\",\"name\":\"BOBIMARKET.pl\",\"url\":\"https:\/\/bobimarket.pl\/\",\"logo\":{\"@type\":\"ImageObject\",\"inLanguage\":\"pl-PL\",\"@id\":\"https:\/\/bobimarket.pl\/#\/schema\/logo\/image\/\",\"url\":\"https:\/\/bobimarket.pl\/wp-content\/uploads\/2021\/11\/slogan.png\",\"contentUrl\":\"https:\/\/bobimarket.pl\/wp-content\/uploads\/2021\/11\/slogan.png\",\"width\":2000,\"height\":384,\"caption\":\"BOBIMARKET.pl\"},\"image\":{\"@id\":\"https:\/\/bobimarket.pl\/#\/schema\/logo\/image\/\"}}]}<\/script>\n<!-- \/ Yoast SEO plugin. -->","yoast_head_json":{"title":"PODPORA DO R\u00d3\u017b PERGOLA OGRODOWA 90cm fi7 - BOBIMARKET.pl - Remontuj i urz\u0105dzaj z nami","robots":{"index":"index","follow":"follow","max-snippet":"max-snippet:-1","max-image-preview":"max-image-preview:large","max-video-preview":"max-video-preview:-1"},"canonical":"https:\/\/bobimarket.pl\/index.php\/produkt\/podpora-do-roz-pergola-ogrodowa-90cm-fi7\/","og_locale":"pl_PL","og_type":"article","og_title":"PODPORA DO R\u00d3\u017b PERGOLA OGRODOWA 90cm fi7 - BOBIMARKET.pl - Remontuj i urz\u0105dzaj z nami","og_description":"PODPORA DO R\u00d3\u017b PERGOLA OGRODOWA 90cm fi7 D\u0142ugo\u015b\u0107 pojedynczej tyczki: 90 cm \u015arednicatyczki: 7 mm Kolor: zielony Komplet sk\u0142ada si\u0119 z 3 sztuk tyczek oraz jednego \u0142\u0105cznika umo\u017cliwiaj\u0105cego zbudowanie podpory! Podpora to idealny dla ro\u015blin pn\u0105cych! Tr\u00f3jk\u0105tna podpora do ro\u015blin stanowi odpowiednio przystosowany stela\u017c dla ro\u015blin pn\u0105cych, r\u00f3\u017c. Poszczeg\u00f3lne tyczki s\u0105 wykonane z stali i     Czytaj wi\u0119cej \"PODPORA DO R\u00d3\u017b PERGOLA OGRODOWA 90cm fi7\"","og_url":"https:\/\/bobimarket.pl\/index.php\/produkt\/podpora-do-roz-pergola-ogrodowa-90cm-fi7\/","og_site_name":"BOBIMARKET.pl - Remontuj i urz\u0105dzaj z nami","article_modified_time":"2025-02-27T16:29:47+00:00","og_image":[{"url":"https:\/\/upload.cdn.baselinker.com\/products\/14476\/6e89bbf3cf5481a568ac0b24bf350698.jpg"}],"twitter_card":"summary_large_image","twitter_misc":{"Szacowany czas czytania":"2 minuty"},"schema":{"@context":"https:\/\/schema.org","@graph":[{"@type":"WebPage","@id":"https:\/\/bobimarket.pl\/index.php\/produkt\/podpora-do-roz-pergola-ogrodowa-90cm-fi7\/","url":"https:\/\/bobimarket.pl\/index.php\/produkt\/podpora-do-roz-pergola-ogrodowa-90cm-fi7\/","name":"PODPORA DO R\u00d3\u017b PERGOLA OGRODOWA 90cm fi7 - BOBIMARKET.pl - Remontuj i urz\u0105dzaj z nami","isPartOf":{"@id":"https:\/\/bobimarket.pl\/#website"},"datePublished":"2023-08-30T11:57:53+00:00","dateModified":"2025-02-27T16:29:47+00:00","breadcrumb":{"@id":"https:\/\/bobimarket.pl\/index.php\/produkt\/podpora-do-roz-pergola-ogrodowa-90cm-fi7\/#breadcrumb"},"inLanguage":"pl-PL","potentialAction":[{"@type":"ReadAction","target":["https:\/\/bobimarket.pl\/index.php\/produkt\/podpora-do-roz-pergola-ogrodowa-90cm-fi7\/"]}]},{"@type":"BreadcrumbList","@id":"https:\/\/bobimarket.pl\/index.php\/produkt\/podpora-do-roz-pergola-ogrodowa-90cm-fi7\/#breadcrumb","itemListElement":[{"@type":"ListItem","position":1,"name":"Strona g\u0142\u00f3wna","item":"https:\/\/bobimarket.pl\/"},{"@type":"ListItem","position":2,"name":"Sklep","item":"https:\/\/bobimarket.pl\/index.php\/shop\/"},{"@type":"ListItem","position":3,"name":"PODPORA DO R\u00d3\u017b PERGOLA OGRODOWA 90cm fi7"}]},{"@type":"WebSite","@id":"https:\/\/bobimarket.pl\/#website","url":"https:\/\/bobimarket.pl\/","name":"BOBIMARKET.pl - Remontuj i urz\u0105dzaj z nami","description":"Remontuj i urz\u0105dzaj z nami","publisher":{"@id":"https:\/\/bobimarket.pl\/#organization"},"potentialAction":[{"@type":"SearchAction","target":{"@type":"EntryPoint","urlTemplate":"https:\/\/bobimarket.pl\/?s={search_term_string}"},"query-input":"required name=search_term_string"}],"inLanguage":"pl-PL"},{"@type":"Organization","@id":"https:\/\/bobimarket.pl\/#organization","name":"BOBIMARKET.pl","url":"https:\/\/bobimarket.pl\/","logo":{"@type":"ImageObject","inLanguage":"pl-PL","@id":"https:\/\/bobimarket.pl\/#\/schema\/logo\/image\/","url":"https:\/\/bobimarket.pl\/wp-content\/uploads\/2021\/11\/slogan.png","contentUrl":"https:\/\/bobimarket.pl\/wp-content\/uploads\/2021\/11\/slogan.png","width":2000,"height":384,"caption":"BOBIMARKET.pl"},"image":{"@id":"https:\/\/bobimarket.pl\/#\/schema\/logo\/image\/"}}]}},"_links":{"self":[{"href":"https:\/\/bobimarket.pl\/index.php\/wp-json\/wp\/v2\/product\/96821"}],"collection":[{"href":"https:\/\/bobimarket.pl\/index.php\/wp-json\/wp\/v2\/product"}],"about":[{"href":"https:\/\/bobimarket.pl\/index.php\/wp-json\/wp\/v2\/types\/product"}],"wp:featuredmedia":[{"embeddable":true,"href":"https:\/\/bobimarket.pl\/index.php\/wp-json\/wp\/v2\/media\/96815"}],"wp:attachment":[{"href":"https:\/\/bobimarket.pl\/index.php\/wp-json\/wp\/v2\/media?parent=96821"}],"wp:term":[{"taxonomy":"product_cat","embeddable":true,"href":"https:\/\/bobimarket.pl\/index.php\/wp-json\/wp\/v2\/product_cat?post=96821"},{"taxonomy":"product_tag","embeddable":true,"href":"https:\/\/bobimarket.pl\/index.php\/wp-json\/wp\/v2\/product_tag?post=96821"}],"curies":[{"name":"wp","href":"https:\/\/api.w.org\/{rel}","templated":true}]}}