{"id":96833,"date":"2023-08-30T11:58:40","date_gmt":"2023-08-30T11:58:40","guid":{"rendered":"https:\/\/bobimarket.pl\/index.php\/produkt\/tyczka-podpora-palik-do-pomidora-120-fi11-10szt-tyczka-do-roslin-pomidorow-papryk-gruba-120-10szt\/"},"modified":"2025-02-27T16:29:50","modified_gmt":"2025-02-27T16:29:50","slug":"tyczka-podpora-palik-do-pomidora-120-fi11-10szt-tyczka-do-roslin-pomidorow-papryk-gruba-120-10szt","status":"publish","type":"product","link":"https:\/\/bobimarket.pl\/index.php\/produkt\/tyczka-podpora-palik-do-pomidora-120-fi11-10szt-tyczka-do-roslin-pomidorow-papryk-gruba-120-10szt\/","title":{"rendered":"TYCZKA PODPORA PALIK DO POMIDORA 120 FI11 10szt \/ TYCZKA DO RO\u015aLIN POMIDOR\u00d3W PAPRYK GRUBA 120 10szt"},"content":{"rendered":"<section class=\"section\">\n<div class=\"item item-12\">\n<section class=\"text-item\">\n<h2>TYCZKA PODPORA PALIK DO POMIDORA 120 FI11 10szt<\/h2>\n<ul>\n<li>D\u0142ugo\u015b\u0107: <b>120 cm<\/b><\/li>\n<li>\u015arednica:<b> 11 mm<\/b><\/li>\n<li>Grubo\u015b\u0107: <b>0,24 mm<\/b><\/li>\n<li>Materia\u0142: <b>stal powlekana polietylenem<\/b><\/li>\n<li>Kolor: <b>zielony<\/b><\/li>\n<\/ul>\n<h2>Komplet sk\u0142ada si\u0119 z 10 sztuk tyczek!<\/h2>\n<\/section><\/div>\n<\/section>\n<section class=\"section\">\n<div class=\"item item-12\">\n<section class=\"image-item\">\n            <img decoding=\"async\" src=\"https:\/\/upload.cdn.baselinker.com\/products\/14476\/e35ff3ed40a2517b38c057ea1787e5a3.jpg\" \/><br \/>\n        <\/section>\n<\/p><\/div>\n<\/section>\n<section class=\"section\">\n<div class=\"item item-6\">\n<section class=\"text-item\">\n<h1>GRATIS!<\/h1>\n<p>\u2705 W gratisie do zam\u00f3wienia do\u0142\u0105czony zostanie sznurek jutowy 100g. Sznurek b\u0119dzie pomocny w uprawie ro\u015blin. Podwi\u0105zanie pn\u0105czy sznurkiem <b>zapobiega wyginaniu si\u0119 ro\u015blin<\/b>. Sprawia, \u017ce ro\u015bliny trzymaj\u0105 si\u0119\u00a0 w pionie, dodatkowo s\u0105 chroniona przed silnym wiatrem.<\/p>\n<ul>\n<li>Sznurek ma naturalny kolor, b\u0119dzie niemal niewidoczny po\u015br\u00f3d zielonych pn\u0105czy og\u00f3rk\u00f3w czy grochu.<\/li>\n<\/ul>\n<\/section><\/div>\n<div class=\"item item-6\">\n<section class=\"image-item\">\n            <img decoding=\"async\" src=\"https:\/\/upload.cdn.baselinker.com\/products\/14476\/9e4be355cf034eb3823b0bf35f20d269.jpg\" \/><br \/>\n        <\/section>\n<\/p><\/div>\n<\/section>\n<section class=\"section\">\n<div class=\"item item-12\">\n<section class=\"text-item\">\n<h2>Tyczka to idealny pomocnik w ogrodzie!<\/h2>\n<p>Je\u017celi chcesz odpowiednio<b> zadba\u0107 o swoje ro\u015bliny pn\u0105ce<\/b> to tyczka jest idealnym rozwi\u0105zanie. Nie wa\u017cne jakich rozmiar\u00f3w jest Tw\u00f3j ogr\u00f3d oraz czy dopiero zaczynasz przygod\u0119 z ogrodnictwem. Ten niepozorny element b\u0119dzie stanowi\u0142 idealn\u0105 <b>ochron\u0119 dla delikatnych p\u0119d\u00f3w pomidor\u00f3w, fasoli czy ro\u015blin ozdobnych<\/b>.<\/p>\n<p><b>\u2705 <\/b>Tyczki s\u0105 <b>wykonane z stali<\/b> i pokryte tworzywem sztucznym w kolorze zielonym.<\/p>\n<p><b>\u2705 <\/b>Solidne wykonanie produktu b\u0119dzie owocowa\u0142o <b>d\u0142ugim okresem u\u017cytkowania.<\/b><\/p>\n<p><b>\u2705 <\/b>Tyczki s\u0105<b> odporne na uszkodzenia<\/b> i niesprzyjaj\u0105ce warunki atmosferyczne.<\/p>\n<p><b>\u2705 <\/b>Mo\u017cna ich u\u017cywa\u0107 <b>do podpierania pn\u0105czy<\/b>, krzew\u00f3w, delikatnych kwiat\u00f3w, ro\u015blin warzywnych i owocowych.<\/p>\n<\/section><\/div>\n<\/section>\n<section class=\"section\">\n<div class=\"item item-12\">\n<section class=\"image-item\">\n            <img decoding=\"async\" src=\"https:\/\/upload.cdn.baselinker.com\/products\/14476\/07997f0c01b7eccc7f8a13e7cc6506a8.jpg\" \/><br \/>\n        <\/section>\n<\/p><\/div>\n<\/section>\n<section class=\"section\">\n<div class=\"item item-12\">\n<section class=\"text-item\">\n<h1>Monta\u017c tyczki ? To nic trudnego!<\/h1>\n<p>Pr\u0119t nale\u017cy umie\u015bci\u0107 w ziemi obok ro\u015bliny oraz przywi\u0105za\u0107 do niego \u0142odyg\u0119, w ten spos\u00f3b zapewnimy doskona\u0142\u0105 stabilizacj\u0119 i zabezpieczenie przed z\u0142amaniem nawet podczas wietrznej pogody. Nasza ukochana ro\u015blinka jest bezpieczna i nie straszne jej silniejszy podmuch wiatru.<\/p>\n<ol>\n<li><b>Zaostrzony koniec <\/b>u\u0142atwia utwierdzenie wspornika w ziemi, a niewielkie wypustki na ca\u0142ej d\u0142ugo\u015bci zapobiegaj\u0105 jego wypadni\u0119ciu.<\/li>\n<li>Dodatkowo <b>wyprofilowane wypustki<\/b> u\u0142atwiaj\u0105ce pi\u0119cie si\u0119 ro\u015bliny wzd\u0142u\u017c tyczki.<\/li>\n<\/ol>\n<\/section><\/div>\n<\/section>\n<section class=\"section\">\n<div class=\"item item-12\">\n<section class=\"image-item\">\n<\/section><\/div>\n<\/section>\n<section class=\"section\">\n<div class=\"item item-12\">\n<section class=\"text-item\">\n<h2>Zastanawiasz si\u0119, czy tyczka to rozwi\u0105zanie dla Ciebie ? Zdecydowanie tak!<\/h2>\n<p>\u2705 Sprawdzi si\u0119 w okresie wczesnego wzrostu ro\u015bliny i aby utrzyma\u0107 j\u0105 w stabilnej pozycji. Mo\u017cna j\u0105 wykorzysta\u0107 do ro\u015blin doniczkowych, ogrodowych oraz uprawnych.<\/p>\n<p><b>\u2705 <\/b>To nie tylko element ozdobny, ma r\u00f3wnie\u017c <b>pozytywny wp\u0142yw na ro\u015blin<\/b>\u0119. Przeciwdzia\u0142a \u0142amaniu si\u0119 oraz gwarantuje prawid\u0142owy wzrost.<\/p>\n<p>\u2705 Naturalny zielony kolor sprawia, \u017ce jest<b> niemal niewidoczna po\u015br\u00f3d ro\u015blin<\/b>, idealnie si\u0119 z nimi komponuje.<\/p>\n<p>\u2705 Z jej pomoc\u0105 stworzysz oryginaln\u0105 aran\u017cacj\u0119. Ro\u015bliny b\u0119d\u0105 si\u0119 pi\u0119\u0142y si\u0119 w g\u00f3r\u0119 i zdrowo ros\u0142y.<\/p>\n<p><b>\u2705 <\/b>Tyczka zosta\u0142a wykonana z <b>wytrzyma\u0142ego materia\u0142u w kolorze zielonym<\/b>. Stanowi ciekaw\u0105 alternatyw\u0119 dla r\u00f3\u017cnego rodzaju\u00a0 podp\u00f3r pier\u015bcieniowych lub drabinek.<\/p>\n<\/section><\/div>\n<\/section>\n<section class=\"section\">\n<div class=\"item item-12\">\n<section class=\"text-item\">\n<h1>Nie czekaj i ju\u017c dzisiaj odpowiednio przygotuj si\u0119 do uprawy ro\u015blin pn\u0105cych z praktycznym zestaw 10 sztuk tyczek.<\/h1>\n<\/section><\/div>\n<\/section>\n<section class=\"section\">\n<div class=\"item item-12\">\n<section class=\"image-item\">\n            <img decoding=\"async\" src=\"https:\/\/upload.cdn.baselinker.com\/products\/14476\/09d7e6bc2a81ecb404705246f80f1d42.jpg\" \/><br \/>\n        <\/section>\n<\/p><\/div>\n<\/section>\n","protected":false},"excerpt":{"rendered":"<p>TYCZKA PODPORA PALIK DO POMIDORA 120 FI11 10szt D\u0142ugo\u015b\u0107: 120 cm \u015arednica: 11 mm Grubo\u015b\u0107: 0,24 mm Materia\u0142: stal powlekana polietylenem Kolor: zielony Komplet sk\u0142ada si\u0119 z 10 sztuk tyczek! GRATIS! \u2705 W gratisie do zam\u00f3wienia do\u0142\u0105czony zostanie sznurek jutowy 100g. Sznurek b\u0119dzie pomocny w uprawie ro\u015blin. Podwi\u0105zanie pn\u0105czy sznurkiem zapobiega wyginaniu si\u0119 ro\u015blin. Sprawia,<br \/><a class=\"more-link\" href=\"https:\/\/bobimarket.pl\/index.php\/produkt\/tyczka-podpora-palik-do-pomidora-120-fi11-10szt-tyczka-do-roslin-pomidorow-papryk-gruba-120-10szt\/\"><br \/>\n        Czytaj wi\u0119cej<span class=\"screen-reader-text\"> &#8222;TYCZKA PODPORA PALIK DO POMIDORA 120 FI11 10szt \/ TYCZKA DO RO\u015aLIN POMIDOR\u00d3W PAPRYK GRUBA 120 10szt&#8221;<\/span><\/a><\/p>\n","protected":false},"featured_media":96822,"template":"","meta":[],"product_cat":[8330],"product_tag":[],"yoast_head":"<!-- This site is optimized with the Yoast SEO plugin v21.0 - https:\/\/yoast.com\/wordpress\/plugins\/seo\/ -->\n<title>TYCZKA PODPORA PALIK DO POMIDORA 120 FI11 10szt \/ TYCZKA DO RO\u015aLIN POMIDOR\u00d3W PAPRYK GRUBA 120 10szt - BOBIMARKET.pl - Remontuj i urz\u0105dzaj z nami<\/title>\n<meta name=\"robots\" content=\"index, follow, max-snippet:-1, max-image-preview:large, max-video-preview:-1\" \/>\n<link rel=\"canonical\" href=\"https:\/\/bobimarket.pl\/index.php\/produkt\/tyczka-podpora-palik-do-pomidora-120-fi11-10szt-tyczka-do-roslin-pomidorow-papryk-gruba-120-10szt\/\" \/>\n<meta property=\"og:locale\" content=\"pl_PL\" \/>\n<meta property=\"og:type\" content=\"article\" \/>\n<meta property=\"og:title\" content=\"TYCZKA PODPORA PALIK DO POMIDORA 120 FI11 10szt \/ TYCZKA DO RO\u015aLIN POMIDOR\u00d3W PAPRYK GRUBA 120 10szt - BOBIMARKET.pl - Remontuj i urz\u0105dzaj z nami\" \/>\n<meta property=\"og:description\" content=\"TYCZKA PODPORA PALIK DO POMIDORA 120 FI11 10szt D\u0142ugo\u015b\u0107: 120 cm \u015arednica: 11 mm Grubo\u015b\u0107: 0,24 mm Materia\u0142: stal powlekana polietylenem Kolor: zielony Komplet sk\u0142ada si\u0119 z 10 sztuk tyczek! GRATIS! \u2705 W gratisie do zam\u00f3wienia do\u0142\u0105czony zostanie sznurek jutowy 100g. Sznurek b\u0119dzie pomocny w uprawie ro\u015blin. Podwi\u0105zanie pn\u0105czy sznurkiem zapobiega wyginaniu si\u0119 ro\u015blin. Sprawia,     Czytaj wi\u0119cej &quot;TYCZKA PODPORA PALIK DO POMIDORA 120 FI11 10szt \/ TYCZKA DO RO\u015aLIN POMIDOR\u00d3W PAPRYK GRUBA 120 10szt&quot;\" \/>\n<meta property=\"og:url\" content=\"https:\/\/bobimarket.pl\/index.php\/produkt\/tyczka-podpora-palik-do-pomidora-120-fi11-10szt-tyczka-do-roslin-pomidorow-papryk-gruba-120-10szt\/\" \/>\n<meta property=\"og:site_name\" content=\"BOBIMARKET.pl - Remontuj i urz\u0105dzaj z nami\" \/>\n<meta property=\"article:modified_time\" content=\"2025-02-27T16:29:50+00:00\" \/>\n<meta property=\"og:image\" content=\"https:\/\/upload.cdn.baselinker.com\/products\/14476\/e35ff3ed40a2517b38c057ea1787e5a3.jpg\" \/>\n<meta name=\"twitter:card\" content=\"summary_large_image\" \/>\n<meta name=\"twitter:label1\" content=\"Szacowany czas czytania\" \/>\n\t<meta name=\"twitter:data1\" content=\"2 minuty\" \/>\n<script type=\"application\/ld+json\" class=\"yoast-schema-graph\">{\"@context\":\"https:\/\/schema.org\",\"@graph\":[{\"@type\":\"WebPage\",\"@id\":\"https:\/\/bobimarket.pl\/index.php\/produkt\/tyczka-podpora-palik-do-pomidora-120-fi11-10szt-tyczka-do-roslin-pomidorow-papryk-gruba-120-10szt\/\",\"url\":\"https:\/\/bobimarket.pl\/index.php\/produkt\/tyczka-podpora-palik-do-pomidora-120-fi11-10szt-tyczka-do-roslin-pomidorow-papryk-gruba-120-10szt\/\",\"name\":\"TYCZKA PODPORA PALIK DO POMIDORA 120 FI11 10szt \/ TYCZKA DO RO\u015aLIN POMIDOR\u00d3W PAPRYK GRUBA 120 10szt - BOBIMARKET.pl - Remontuj i urz\u0105dzaj z nami\",\"isPartOf\":{\"@id\":\"https:\/\/bobimarket.pl\/#website\"},\"datePublished\":\"2023-08-30T11:58:40+00:00\",\"dateModified\":\"2025-02-27T16:29:50+00:00\",\"breadcrumb\":{\"@id\":\"https:\/\/bobimarket.pl\/index.php\/produkt\/tyczka-podpora-palik-do-pomidora-120-fi11-10szt-tyczka-do-roslin-pomidorow-papryk-gruba-120-10szt\/#breadcrumb\"},\"inLanguage\":\"pl-PL\",\"potentialAction\":[{\"@type\":\"ReadAction\",\"target\":[\"https:\/\/bobimarket.pl\/index.php\/produkt\/tyczka-podpora-palik-do-pomidora-120-fi11-10szt-tyczka-do-roslin-pomidorow-papryk-gruba-120-10szt\/\"]}]},{\"@type\":\"BreadcrumbList\",\"@id\":\"https:\/\/bobimarket.pl\/index.php\/produkt\/tyczka-podpora-palik-do-pomidora-120-fi11-10szt-tyczka-do-roslin-pomidorow-papryk-gruba-120-10szt\/#breadcrumb\",\"itemListElement\":[{\"@type\":\"ListItem\",\"position\":1,\"name\":\"Strona g\u0142\u00f3wna\",\"item\":\"https:\/\/bobimarket.pl\/\"},{\"@type\":\"ListItem\",\"position\":2,\"name\":\"Sklep\",\"item\":\"https:\/\/bobimarket.pl\/index.php\/shop\/\"},{\"@type\":\"ListItem\",\"position\":3,\"name\":\"TYCZKA PODPORA PALIK DO POMIDORA 120 FI11 10szt \/ TYCZKA DO RO\u015aLIN POMIDOR\u00d3W PAPRYK GRUBA 120 10szt\"}]},{\"@type\":\"WebSite\",\"@id\":\"https:\/\/bobimarket.pl\/#website\",\"url\":\"https:\/\/bobimarket.pl\/\",\"name\":\"BOBIMARKET.pl - Remontuj i urz\u0105dzaj z nami\",\"description\":\"Remontuj i urz\u0105dzaj z nami\",\"publisher\":{\"@id\":\"https:\/\/bobimarket.pl\/#organization\"},\"potentialAction\":[{\"@type\":\"SearchAction\",\"target\":{\"@type\":\"EntryPoint\",\"urlTemplate\":\"https:\/\/bobimarket.pl\/?s={search_term_string}\"},\"query-input\":\"required name=search_term_string\"}],\"inLanguage\":\"pl-PL\"},{\"@type\":\"Organization\",\"@id\":\"https:\/\/bobimarket.pl\/#organization\",\"name\":\"BOBIMARKET.pl\",\"url\":\"https:\/\/bobimarket.pl\/\",\"logo\":{\"@type\":\"ImageObject\",\"inLanguage\":\"pl-PL\",\"@id\":\"https:\/\/bobimarket.pl\/#\/schema\/logo\/image\/\",\"url\":\"https:\/\/bobimarket.pl\/wp-content\/uploads\/2021\/11\/slogan.png\",\"contentUrl\":\"https:\/\/bobimarket.pl\/wp-content\/uploads\/2021\/11\/slogan.png\",\"width\":2000,\"height\":384,\"caption\":\"BOBIMARKET.pl\"},\"image\":{\"@id\":\"https:\/\/bobimarket.pl\/#\/schema\/logo\/image\/\"}}]}<\/script>\n<!-- \/ Yoast SEO plugin. -->","yoast_head_json":{"title":"TYCZKA PODPORA PALIK DO POMIDORA 120 FI11 10szt \/ TYCZKA DO RO\u015aLIN POMIDOR\u00d3W PAPRYK GRUBA 120 10szt - BOBIMARKET.pl - Remontuj i urz\u0105dzaj z nami","robots":{"index":"index","follow":"follow","max-snippet":"max-snippet:-1","max-image-preview":"max-image-preview:large","max-video-preview":"max-video-preview:-1"},"canonical":"https:\/\/bobimarket.pl\/index.php\/produkt\/tyczka-podpora-palik-do-pomidora-120-fi11-10szt-tyczka-do-roslin-pomidorow-papryk-gruba-120-10szt\/","og_locale":"pl_PL","og_type":"article","og_title":"TYCZKA PODPORA PALIK DO POMIDORA 120 FI11 10szt \/ TYCZKA DO RO\u015aLIN POMIDOR\u00d3W PAPRYK GRUBA 120 10szt - BOBIMARKET.pl - Remontuj i urz\u0105dzaj z nami","og_description":"TYCZKA PODPORA PALIK DO POMIDORA 120 FI11 10szt D\u0142ugo\u015b\u0107: 120 cm \u015arednica: 11 mm Grubo\u015b\u0107: 0,24 mm Materia\u0142: stal powlekana polietylenem Kolor: zielony Komplet sk\u0142ada si\u0119 z 10 sztuk tyczek! GRATIS! \u2705 W gratisie do zam\u00f3wienia do\u0142\u0105czony zostanie sznurek jutowy 100g. Sznurek b\u0119dzie pomocny w uprawie ro\u015blin. Podwi\u0105zanie pn\u0105czy sznurkiem zapobiega wyginaniu si\u0119 ro\u015blin. Sprawia,     Czytaj wi\u0119cej \"TYCZKA PODPORA PALIK DO POMIDORA 120 FI11 10szt \/ TYCZKA DO RO\u015aLIN POMIDOR\u00d3W PAPRYK GRUBA 120 10szt\"","og_url":"https:\/\/bobimarket.pl\/index.php\/produkt\/tyczka-podpora-palik-do-pomidora-120-fi11-10szt-tyczka-do-roslin-pomidorow-papryk-gruba-120-10szt\/","og_site_name":"BOBIMARKET.pl - Remontuj i urz\u0105dzaj z nami","article_modified_time":"2025-02-27T16:29:50+00:00","og_image":[{"url":"https:\/\/upload.cdn.baselinker.com\/products\/14476\/e35ff3ed40a2517b38c057ea1787e5a3.jpg"}],"twitter_card":"summary_large_image","twitter_misc":{"Szacowany czas czytania":"2 minuty"},"schema":{"@context":"https:\/\/schema.org","@graph":[{"@type":"WebPage","@id":"https:\/\/bobimarket.pl\/index.php\/produkt\/tyczka-podpora-palik-do-pomidora-120-fi11-10szt-tyczka-do-roslin-pomidorow-papryk-gruba-120-10szt\/","url":"https:\/\/bobimarket.pl\/index.php\/produkt\/tyczka-podpora-palik-do-pomidora-120-fi11-10szt-tyczka-do-roslin-pomidorow-papryk-gruba-120-10szt\/","name":"TYCZKA PODPORA PALIK DO POMIDORA 120 FI11 10szt \/ TYCZKA DO RO\u015aLIN POMIDOR\u00d3W PAPRYK GRUBA 120 10szt - BOBIMARKET.pl - Remontuj i urz\u0105dzaj z nami","isPartOf":{"@id":"https:\/\/bobimarket.pl\/#website"},"datePublished":"2023-08-30T11:58:40+00:00","dateModified":"2025-02-27T16:29:50+00:00","breadcrumb":{"@id":"https:\/\/bobimarket.pl\/index.php\/produkt\/tyczka-podpora-palik-do-pomidora-120-fi11-10szt-tyczka-do-roslin-pomidorow-papryk-gruba-120-10szt\/#breadcrumb"},"inLanguage":"pl-PL","potentialAction":[{"@type":"ReadAction","target":["https:\/\/bobimarket.pl\/index.php\/produkt\/tyczka-podpora-palik-do-pomidora-120-fi11-10szt-tyczka-do-roslin-pomidorow-papryk-gruba-120-10szt\/"]}]},{"@type":"BreadcrumbList","@id":"https:\/\/bobimarket.pl\/index.php\/produkt\/tyczka-podpora-palik-do-pomidora-120-fi11-10szt-tyczka-do-roslin-pomidorow-papryk-gruba-120-10szt\/#breadcrumb","itemListElement":[{"@type":"ListItem","position":1,"name":"Strona g\u0142\u00f3wna","item":"https:\/\/bobimarket.pl\/"},{"@type":"ListItem","position":2,"name":"Sklep","item":"https:\/\/bobimarket.pl\/index.php\/shop\/"},{"@type":"ListItem","position":3,"name":"TYCZKA PODPORA PALIK DO POMIDORA 120 FI11 10szt \/ TYCZKA DO RO\u015aLIN POMIDOR\u00d3W PAPRYK GRUBA 120 10szt"}]},{"@type":"WebSite","@id":"https:\/\/bobimarket.pl\/#website","url":"https:\/\/bobimarket.pl\/","name":"BOBIMARKET.pl - Remontuj i urz\u0105dzaj z nami","description":"Remontuj i urz\u0105dzaj z nami","publisher":{"@id":"https:\/\/bobimarket.pl\/#organization"},"potentialAction":[{"@type":"SearchAction","target":{"@type":"EntryPoint","urlTemplate":"https:\/\/bobimarket.pl\/?s={search_term_string}"},"query-input":"required name=search_term_string"}],"inLanguage":"pl-PL"},{"@type":"Organization","@id":"https:\/\/bobimarket.pl\/#organization","name":"BOBIMARKET.pl","url":"https:\/\/bobimarket.pl\/","logo":{"@type":"ImageObject","inLanguage":"pl-PL","@id":"https:\/\/bobimarket.pl\/#\/schema\/logo\/image\/","url":"https:\/\/bobimarket.pl\/wp-content\/uploads\/2021\/11\/slogan.png","contentUrl":"https:\/\/bobimarket.pl\/wp-content\/uploads\/2021\/11\/slogan.png","width":2000,"height":384,"caption":"BOBIMARKET.pl"},"image":{"@id":"https:\/\/bobimarket.pl\/#\/schema\/logo\/image\/"}}]}},"_links":{"self":[{"href":"https:\/\/bobimarket.pl\/index.php\/wp-json\/wp\/v2\/product\/96833"}],"collection":[{"href":"https:\/\/bobimarket.pl\/index.php\/wp-json\/wp\/v2\/product"}],"about":[{"href":"https:\/\/bobimarket.pl\/index.php\/wp-json\/wp\/v2\/types\/product"}],"wp:featuredmedia":[{"embeddable":true,"href":"https:\/\/bobimarket.pl\/index.php\/wp-json\/wp\/v2\/media\/96822"}],"wp:attachment":[{"href":"https:\/\/bobimarket.pl\/index.php\/wp-json\/wp\/v2\/media?parent=96833"}],"wp:term":[{"taxonomy":"product_cat","embeddable":true,"href":"https:\/\/bobimarket.pl\/index.php\/wp-json\/wp\/v2\/product_cat?post=96833"},{"taxonomy":"product_tag","embeddable":true,"href":"https:\/\/bobimarket.pl\/index.php\/wp-json\/wp\/v2\/product_tag?post=96833"}],"curies":[{"name":"wp","href":"https:\/\/api.w.org\/{rel}","templated":true}]}}