{"id":96860,"date":"2023-08-30T12:00:41","date_gmt":"2023-08-30T12:00:41","guid":{"rendered":"https:\/\/bobimarket.pl\/index.php\/produkt\/podnosnik-gazowy-silownik-meblowy-50n-gtv-zestaw\/"},"modified":"2025-11-02T09:36:30","modified_gmt":"2025-11-02T09:36:30","slug":"podnosnik-gazowy-silownik-meblowy-50n-gtv-zestaw","status":"publish","type":"product","link":"https:\/\/bobimarket.pl\/index.php\/produkt\/podnosnik-gazowy-silownik-meblowy-50n-gtv-zestaw\/","title":{"rendered":"PODNO\u015aNIK GAZOWY SI\u0141OWNIK MEBLOWY 50N GTV ZESTAW"},"content":{"rendered":"<section class=\"section\">\n<div class=\"item item-6\">\n<section class=\"image-item\">\n            <img decoding=\"async\" src=\"https:\/\/upload.cdn.baselinker.com\/products\/14476\/fcdbe85b3eba0f7c24e9287a375c0ed1.jpg\" \/><br \/>\n        <\/section>\n<\/p><\/div>\n<div class=\"item item-6\">\n<section class=\"text-item\">\n<h2>PODNO\u015aNIK MEBLOWY SI\u0141OWNIK GAZOWY PNEUMATYCZNY 50N GTV<\/h2>\n<p><b>Dane techniczne:<\/b><\/p>\n<ul>\n<li>Moc podno\u015bnika: <b>50 N<\/b><\/li>\n<li>D\u0142ugo\u015b\u0107 ca\u0142kowita:\u00a0<b>270mm<\/b><\/li>\n<li>Materia\u0142: Stal<\/li>\n<li>Kolor: <b>SREBRNY<\/b><\/li>\n<li>Wysoka jako\u015b\u0107 !!!<\/li>\n<li>Producent: <b>GTV<\/b><\/li>\n<li><b>Zestaw zawiera 2 szt. podno\u015bnik\u00f3w!<\/b><\/li>\n<\/ul>\n<h2>W ZESTAWIE TANIEJ!!!<\/h2>\n<\/section><\/div>\n<\/section>\n<section class=\"section\">\n<div class=\"item item-6\">\n<section class=\"image-item\">\n            <img decoding=\"async\" src=\"https:\/\/upload.cdn.baselinker.com\/products\/14476\/9fd1c1c395f19a80824e16d80243401b.jpg\" \/><br \/>\n        <\/section>\n<\/p><\/div>\n<div class=\"item item-6\">\n<section class=\"text-item\">\n<h2>JEST TO ORYGINALNY PRODUKT\u00a0 FIRMY GTV!!<\/h2>\n<p><b>\u2705 Zestaw zawiera:<\/b><\/p>\n<ul>\n<li><b>2 SZTUKI PODNO\u015aNIK\u00d3W GAZOWYCH 50 N<\/b><\/li>\n<li>Elementy mocuj\u0105ce<\/li>\n<li>Wkr\u0119ty<\/li>\n<li>Instrukcj\u0119 monta\u017cu<\/li>\n<\/ul>\n<p>\u2705 <b>Zastosowanie:<\/b><\/p>\n<p>Stosowany w frontach meblowych otwieranych do g\u00f3ry. Zaleca si\u0119 monta\u017c 2 podno\u015bnik\u00f3w po obu stronach frontu w celu r\u00f3wnomiernego podnoszenia.<\/p>\n<p><b>Uwaga!<\/b> Podno\u015bnik nie nadaje si\u0119 do front\u00f3w barkowych ( otwieranych w d\u00f3\u0142).<\/p>\n<\/section><\/div>\n<\/section>\n<section class=\"section\">\n<div class=\"item item-6\">\n<section class=\"image-item\">\n            <img decoding=\"async\" src=\"https:\/\/upload.cdn.baselinker.com\/products\/14476\/52ef1b2a70f64f03c4f84a67c7c92c86.jpg\" \/><br \/>\n        <\/section>\n<\/p><\/div>\n<div class=\"item item-6\">\n<section class=\"image-item\">\n            <img decoding=\"async\" src=\"https:\/\/upload.cdn.baselinker.com\/products\/14476\/4058d78cdb1e15da647f60eaec923896.jpg\" \/><br \/>\n        <\/section>\n<\/p><\/div>\n<\/section>\n<section class=\"section\">\n<div class=\"item item-6\">\n<section class=\"image-item\">\n            <img decoding=\"async\" src=\"https:\/\/upload.cdn.baselinker.com\/products\/14476\/ca889cc54b5049fd632824e3db5ffa81.jpg\" \/><br \/>\n        <\/section>\n<\/p><\/div>\n<div class=\"item item-6\">\n<section class=\"image-item\">\n            <img decoding=\"async\" src=\"https:\/\/upload.cdn.baselinker.com\/products\/14476\/a04f9aaced6f6861c8bc776d87ccc9f6.jpg\" \/><br \/>\n        <\/section>\n<\/p><\/div>\n<\/section>\n<section class=\"section\">\n<div class=\"item item-6\">\n<section class=\"image-item\">\n            <img decoding=\"async\" src=\"https:\/\/upload.cdn.baselinker.com\/products\/14476\/1666d4f1b2c2f312f055d31b83dfb0bb.jpg\" \/><br \/>\n        <\/section>\n<\/p><\/div>\n<div class=\"item item-6\">\n<section class=\"image-item\">\n            <img decoding=\"async\" src=\"https:\/\/upload.cdn.baselinker.com\/products\/14476\/52ef1b2a70f64f03c4f84a67c7c92c86.jpg\" \/><br \/>\n        <\/section>\n<\/p><\/div>\n<\/section>\n<section class=\"section\">\n<div class=\"item item-12\">\n<section class=\"image-item\">\n            <img decoding=\"async\" src=\"https:\/\/upload.cdn.baselinker.com\/products\/14476\/9fd1c1c395f19a80824e16d80243401b.jpg\" \/><br \/>\n        <\/section>\n<\/p><\/div>\n<\/section>\n<section class=\"section\">\n<div class=\"item item-12\">\n<section class=\"text-item\">\n<p>Wysokiej jako\u015bci podno\u015bnik gazowy firmy <b>GTV<\/b>. Stosowany w frontach meblowych otwieranych do g\u00f3ry. Zaleca si\u0119 monta\u017c 2 podno\u015bnik\u00f3w po obu stronach frontu w celu r\u00f3wnomiernego podnoszenia.<b>\u00a0<\/b><\/p>\n<\/section><\/div>\n<\/section>\n","protected":false},"excerpt":{"rendered":"<p>PODNO\u015aNIK MEBLOWY SI\u0141OWNIK GAZOWY PNEUMATYCZNY 50N GTV Dane techniczne: Moc podno\u015bnika: 50 N D\u0142ugo\u015b\u0107 ca\u0142kowita:\u00a0270mm Materia\u0142: Stal Kolor: SREBRNY Wysoka jako\u015b\u0107 !!! Producent: GTV Zestaw zawiera 2 szt. podno\u015bnik\u00f3w! W ZESTAWIE TANIEJ!!! JEST TO ORYGINALNY PRODUKT\u00a0 FIRMY GTV!! \u2705 Zestaw zawiera: 2 SZTUKI PODNO\u015aNIK\u00d3W GAZOWYCH 50 N Elementy mocuj\u0105ce Wkr\u0119ty Instrukcj\u0119 monta\u017cu \u2705 Zastosowanie: Stosowany<br \/><a class=\"more-link\" href=\"https:\/\/bobimarket.pl\/index.php\/produkt\/podnosnik-gazowy-silownik-meblowy-50n-gtv-zestaw\/\"><br \/>\n        Czytaj wi\u0119cej<span class=\"screen-reader-text\"> &#8222;PODNO\u015aNIK GAZOWY SI\u0141OWNIK MEBLOWY 50N GTV ZESTAW&#8221;<\/span><\/a><\/p>\n","protected":false},"featured_media":96847,"template":"","meta":[],"product_cat":[8309],"product_tag":[],"yoast_head":"<!-- This site is optimized with the Yoast SEO plugin v21.0 - https:\/\/yoast.com\/wordpress\/plugins\/seo\/ -->\n<title>PODNO\u015aNIK GAZOWY SI\u0141OWNIK MEBLOWY 50N GTV ZESTAW - BOBIMARKET.pl - Remontuj i urz\u0105dzaj z nami<\/title>\n<meta name=\"robots\" content=\"index, follow, max-snippet:-1, max-image-preview:large, max-video-preview:-1\" \/>\n<link rel=\"canonical\" href=\"https:\/\/bobimarket.pl\/index.php\/produkt\/podnosnik-gazowy-silownik-meblowy-50n-gtv-zestaw\/\" \/>\n<meta property=\"og:locale\" content=\"pl_PL\" \/>\n<meta property=\"og:type\" content=\"article\" \/>\n<meta property=\"og:title\" content=\"PODNO\u015aNIK GAZOWY SI\u0141OWNIK MEBLOWY 50N GTV ZESTAW - BOBIMARKET.pl - Remontuj i urz\u0105dzaj z nami\" \/>\n<meta property=\"og:description\" content=\"PODNO\u015aNIK MEBLOWY SI\u0141OWNIK GAZOWY PNEUMATYCZNY 50N GTV Dane techniczne: Moc podno\u015bnika: 50 N D\u0142ugo\u015b\u0107 ca\u0142kowita:\u00a0270mm Materia\u0142: Stal Kolor: SREBRNY Wysoka jako\u015b\u0107 !!! Producent: GTV Zestaw zawiera 2 szt. podno\u015bnik\u00f3w! W ZESTAWIE TANIEJ!!! JEST TO ORYGINALNY PRODUKT\u00a0 FIRMY GTV!! \u2705 Zestaw zawiera: 2 SZTUKI PODNO\u015aNIK\u00d3W GAZOWYCH 50 N Elementy mocuj\u0105ce Wkr\u0119ty Instrukcj\u0119 monta\u017cu \u2705 Zastosowanie: Stosowany     Czytaj wi\u0119cej &quot;PODNO\u015aNIK GAZOWY SI\u0141OWNIK MEBLOWY 50N GTV ZESTAW&quot;\" \/>\n<meta property=\"og:url\" content=\"https:\/\/bobimarket.pl\/index.php\/produkt\/podnosnik-gazowy-silownik-meblowy-50n-gtv-zestaw\/\" \/>\n<meta property=\"og:site_name\" content=\"BOBIMARKET.pl - Remontuj i urz\u0105dzaj z nami\" \/>\n<meta property=\"article:modified_time\" content=\"2025-11-02T09:36:30+00:00\" \/>\n<meta property=\"og:image\" content=\"https:\/\/upload.cdn.baselinker.com\/products\/14476\/fcdbe85b3eba0f7c24e9287a375c0ed1.jpg\" \/>\n<meta name=\"twitter:card\" content=\"summary_large_image\" \/>\n<meta name=\"twitter:label1\" content=\"Szacowany czas czytania\" \/>\n\t<meta name=\"twitter:data1\" content=\"1 minuta\" \/>\n<script type=\"application\/ld+json\" class=\"yoast-schema-graph\">{\"@context\":\"https:\/\/schema.org\",\"@graph\":[{\"@type\":\"WebPage\",\"@id\":\"https:\/\/bobimarket.pl\/index.php\/produkt\/podnosnik-gazowy-silownik-meblowy-50n-gtv-zestaw\/\",\"url\":\"https:\/\/bobimarket.pl\/index.php\/produkt\/podnosnik-gazowy-silownik-meblowy-50n-gtv-zestaw\/\",\"name\":\"PODNO\u015aNIK GAZOWY SI\u0141OWNIK MEBLOWY 50N GTV ZESTAW - BOBIMARKET.pl - Remontuj i urz\u0105dzaj z nami\",\"isPartOf\":{\"@id\":\"https:\/\/bobimarket.pl\/#website\"},\"datePublished\":\"2023-08-30T12:00:41+00:00\",\"dateModified\":\"2025-11-02T09:36:30+00:00\",\"breadcrumb\":{\"@id\":\"https:\/\/bobimarket.pl\/index.php\/produkt\/podnosnik-gazowy-silownik-meblowy-50n-gtv-zestaw\/#breadcrumb\"},\"inLanguage\":\"pl-PL\",\"potentialAction\":[{\"@type\":\"ReadAction\",\"target\":[\"https:\/\/bobimarket.pl\/index.php\/produkt\/podnosnik-gazowy-silownik-meblowy-50n-gtv-zestaw\/\"]}]},{\"@type\":\"BreadcrumbList\",\"@id\":\"https:\/\/bobimarket.pl\/index.php\/produkt\/podnosnik-gazowy-silownik-meblowy-50n-gtv-zestaw\/#breadcrumb\",\"itemListElement\":[{\"@type\":\"ListItem\",\"position\":1,\"name\":\"Strona g\u0142\u00f3wna\",\"item\":\"https:\/\/bobimarket.pl\/\"},{\"@type\":\"ListItem\",\"position\":2,\"name\":\"Sklep\",\"item\":\"https:\/\/bobimarket.pl\/index.php\/shop\/\"},{\"@type\":\"ListItem\",\"position\":3,\"name\":\"PODNO\u015aNIK GAZOWY SI\u0141OWNIK MEBLOWY 50N GTV ZESTAW\"}]},{\"@type\":\"WebSite\",\"@id\":\"https:\/\/bobimarket.pl\/#website\",\"url\":\"https:\/\/bobimarket.pl\/\",\"name\":\"BOBIMARKET.pl - Remontuj i urz\u0105dzaj z nami\",\"description\":\"Remontuj i urz\u0105dzaj z nami\",\"publisher\":{\"@id\":\"https:\/\/bobimarket.pl\/#organization\"},\"potentialAction\":[{\"@type\":\"SearchAction\",\"target\":{\"@type\":\"EntryPoint\",\"urlTemplate\":\"https:\/\/bobimarket.pl\/?s={search_term_string}\"},\"query-input\":\"required name=search_term_string\"}],\"inLanguage\":\"pl-PL\"},{\"@type\":\"Organization\",\"@id\":\"https:\/\/bobimarket.pl\/#organization\",\"name\":\"BOBIMARKET.pl\",\"url\":\"https:\/\/bobimarket.pl\/\",\"logo\":{\"@type\":\"ImageObject\",\"inLanguage\":\"pl-PL\",\"@id\":\"https:\/\/bobimarket.pl\/#\/schema\/logo\/image\/\",\"url\":\"https:\/\/bobimarket.pl\/wp-content\/uploads\/2021\/11\/slogan.png\",\"contentUrl\":\"https:\/\/bobimarket.pl\/wp-content\/uploads\/2021\/11\/slogan.png\",\"width\":2000,\"height\":384,\"caption\":\"BOBIMARKET.pl\"},\"image\":{\"@id\":\"https:\/\/bobimarket.pl\/#\/schema\/logo\/image\/\"}}]}<\/script>\n<!-- \/ Yoast SEO plugin. -->","yoast_head_json":{"title":"PODNO\u015aNIK GAZOWY SI\u0141OWNIK MEBLOWY 50N GTV ZESTAW - BOBIMARKET.pl - Remontuj i urz\u0105dzaj z nami","robots":{"index":"index","follow":"follow","max-snippet":"max-snippet:-1","max-image-preview":"max-image-preview:large","max-video-preview":"max-video-preview:-1"},"canonical":"https:\/\/bobimarket.pl\/index.php\/produkt\/podnosnik-gazowy-silownik-meblowy-50n-gtv-zestaw\/","og_locale":"pl_PL","og_type":"article","og_title":"PODNO\u015aNIK GAZOWY SI\u0141OWNIK MEBLOWY 50N GTV ZESTAW - BOBIMARKET.pl - Remontuj i urz\u0105dzaj z nami","og_description":"PODNO\u015aNIK MEBLOWY SI\u0141OWNIK GAZOWY PNEUMATYCZNY 50N GTV Dane techniczne: Moc podno\u015bnika: 50 N D\u0142ugo\u015b\u0107 ca\u0142kowita:\u00a0270mm Materia\u0142: Stal Kolor: SREBRNY Wysoka jako\u015b\u0107 !!! Producent: GTV Zestaw zawiera 2 szt. podno\u015bnik\u00f3w! W ZESTAWIE TANIEJ!!! JEST TO ORYGINALNY PRODUKT\u00a0 FIRMY GTV!! \u2705 Zestaw zawiera: 2 SZTUKI PODNO\u015aNIK\u00d3W GAZOWYCH 50 N Elementy mocuj\u0105ce Wkr\u0119ty Instrukcj\u0119 monta\u017cu \u2705 Zastosowanie: Stosowany     Czytaj wi\u0119cej \"PODNO\u015aNIK GAZOWY SI\u0141OWNIK MEBLOWY 50N GTV ZESTAW\"","og_url":"https:\/\/bobimarket.pl\/index.php\/produkt\/podnosnik-gazowy-silownik-meblowy-50n-gtv-zestaw\/","og_site_name":"BOBIMARKET.pl - Remontuj i urz\u0105dzaj z nami","article_modified_time":"2025-11-02T09:36:30+00:00","og_image":[{"url":"https:\/\/upload.cdn.baselinker.com\/products\/14476\/fcdbe85b3eba0f7c24e9287a375c0ed1.jpg"}],"twitter_card":"summary_large_image","twitter_misc":{"Szacowany czas czytania":"1 minuta"},"schema":{"@context":"https:\/\/schema.org","@graph":[{"@type":"WebPage","@id":"https:\/\/bobimarket.pl\/index.php\/produkt\/podnosnik-gazowy-silownik-meblowy-50n-gtv-zestaw\/","url":"https:\/\/bobimarket.pl\/index.php\/produkt\/podnosnik-gazowy-silownik-meblowy-50n-gtv-zestaw\/","name":"PODNO\u015aNIK GAZOWY SI\u0141OWNIK MEBLOWY 50N GTV ZESTAW - BOBIMARKET.pl - Remontuj i urz\u0105dzaj z nami","isPartOf":{"@id":"https:\/\/bobimarket.pl\/#website"},"datePublished":"2023-08-30T12:00:41+00:00","dateModified":"2025-11-02T09:36:30+00:00","breadcrumb":{"@id":"https:\/\/bobimarket.pl\/index.php\/produkt\/podnosnik-gazowy-silownik-meblowy-50n-gtv-zestaw\/#breadcrumb"},"inLanguage":"pl-PL","potentialAction":[{"@type":"ReadAction","target":["https:\/\/bobimarket.pl\/index.php\/produkt\/podnosnik-gazowy-silownik-meblowy-50n-gtv-zestaw\/"]}]},{"@type":"BreadcrumbList","@id":"https:\/\/bobimarket.pl\/index.php\/produkt\/podnosnik-gazowy-silownik-meblowy-50n-gtv-zestaw\/#breadcrumb","itemListElement":[{"@type":"ListItem","position":1,"name":"Strona g\u0142\u00f3wna","item":"https:\/\/bobimarket.pl\/"},{"@type":"ListItem","position":2,"name":"Sklep","item":"https:\/\/bobimarket.pl\/index.php\/shop\/"},{"@type":"ListItem","position":3,"name":"PODNO\u015aNIK GAZOWY SI\u0141OWNIK MEBLOWY 50N GTV ZESTAW"}]},{"@type":"WebSite","@id":"https:\/\/bobimarket.pl\/#website","url":"https:\/\/bobimarket.pl\/","name":"BOBIMARKET.pl - Remontuj i urz\u0105dzaj z nami","description":"Remontuj i urz\u0105dzaj z nami","publisher":{"@id":"https:\/\/bobimarket.pl\/#organization"},"potentialAction":[{"@type":"SearchAction","target":{"@type":"EntryPoint","urlTemplate":"https:\/\/bobimarket.pl\/?s={search_term_string}"},"query-input":"required name=search_term_string"}],"inLanguage":"pl-PL"},{"@type":"Organization","@id":"https:\/\/bobimarket.pl\/#organization","name":"BOBIMARKET.pl","url":"https:\/\/bobimarket.pl\/","logo":{"@type":"ImageObject","inLanguage":"pl-PL","@id":"https:\/\/bobimarket.pl\/#\/schema\/logo\/image\/","url":"https:\/\/bobimarket.pl\/wp-content\/uploads\/2021\/11\/slogan.png","contentUrl":"https:\/\/bobimarket.pl\/wp-content\/uploads\/2021\/11\/slogan.png","width":2000,"height":384,"caption":"BOBIMARKET.pl"},"image":{"@id":"https:\/\/bobimarket.pl\/#\/schema\/logo\/image\/"}}]}},"_links":{"self":[{"href":"https:\/\/bobimarket.pl\/index.php\/wp-json\/wp\/v2\/product\/96860"}],"collection":[{"href":"https:\/\/bobimarket.pl\/index.php\/wp-json\/wp\/v2\/product"}],"about":[{"href":"https:\/\/bobimarket.pl\/index.php\/wp-json\/wp\/v2\/types\/product"}],"wp:featuredmedia":[{"embeddable":true,"href":"https:\/\/bobimarket.pl\/index.php\/wp-json\/wp\/v2\/media\/96847"}],"wp:attachment":[{"href":"https:\/\/bobimarket.pl\/index.php\/wp-json\/wp\/v2\/media?parent=96860"}],"wp:term":[{"taxonomy":"product_cat","embeddable":true,"href":"https:\/\/bobimarket.pl\/index.php\/wp-json\/wp\/v2\/product_cat?post=96860"},{"taxonomy":"product_tag","embeddable":true,"href":"https:\/\/bobimarket.pl\/index.php\/wp-json\/wp\/v2\/product_tag?post=96860"}],"curies":[{"name":"wp","href":"https:\/\/api.w.org\/{rel}","templated":true}]}}