{"id":96879,"date":"2023-08-30T12:02:31","date_gmt":"2023-08-30T12:02:31","guid":{"rendered":"https:\/\/bobimarket.pl\/index.php\/produkt\/gaz-kartusz-naboj-gazowy-do-palnika-wklad-400ml\/"},"modified":"2026-02-18T14:22:07","modified_gmt":"2026-02-18T14:22:07","slug":"gaz-kartusz-naboj-gazowy-do-palnika-wklad-400ml","status":"publish","type":"product","link":"https:\/\/bobimarket.pl\/index.php\/produkt\/gaz-kartusz-naboj-gazowy-do-palnika-wklad-400ml\/","title":{"rendered":"GAZ KARTUSZ NAB\u00d3J GAZOWY DO PALNIKA WK\u0141AD 400ml"},"content":{"rendered":"<section class=\"section\">\n<div class=\"item item-12\">\n<section class=\"text-item\">\n<p><b>GAZ KARTUSZ NAB\u00d3J GAZOWY DO PALNIKA WK\u0141AD 400ml<\/b><\/p>\n<p><b>Informacje og\u00f3lne:<\/b><\/p>\n<ul>\n<li>Rodzaj gazu: I-butan<\/li>\n<li>Pojemno\u015b\u0107 jednej butli: 400 ml \/ 227g<\/li>\n<li>Zakres dzia\u0142ania od -10\u02dac do + 40\u02dac<\/li>\n<li>Certyfikat jako\u015bci: \u03c0 0875<\/li>\n<li>Zgodne z norm\u0105 UE nr EN417<\/li>\n<\/ul>\n<\/section><\/div>\n<\/section>\n<section class=\"section\">\n<div class=\"item item-12\">\n<section class=\"image-item\">\n            <img decoding=\"async\" src=\"https:\/\/upload.cdn.baselinker.com\/products\/14476\/908cc7a4fcc94f339a5243e1d2f8bc33.jpg\" \/><br \/>\n        <\/section>\n<\/p><\/div>\n<\/section>\n<section class=\"section\">\n<div class=\"item item-12\">\n<section class=\"text-item\">\n<h1>Kartusz renomowanej firmy Alpen Campin!<\/h1>\n<p>Nab\u00f3j gazowy to doskona\u0142y element uzupe\u0142niaj\u0105cy palnik lub kuchenki turystyczne, a przede wszystkim to wygodny pojemnik z gazem. Niewielki rozmiar sprawia, \u017ce jest idealnym rozwi\u0105zanie dla w\u0119dkarzy oraz podr\u00f3\u017cnik\u00f3w. Sprawdzi si\u0119 na biwakach lub kempingach. Pozwali w szybki, a przede wszystkim wygodny spos\u00f3b przygotowa\u0107 ciep\u0142y posi\u0142ek lub nap\u00f3j. Sprawdzi si\u0119 r\u00f3wnie\u017c w warsztacie gdzie mo\u017ce zosta\u0107 wykorzystany do palnik\u00f3w.<\/p>\n<ul>\n<li>Kartusz nape\u0142niony jest wysokokalorycznym butanem i posiada standardowe mocowanie.<\/li>\n<li>Dzi\u0119ki spe\u0142nieniu wszelakich norm nab\u00f3j jest w pe\u0142ni bezpieczny w u\u017cytkowaniu.<\/li>\n<li>Na pojemniku znajduj\u0105 si\u0119 wszystkie niezb\u0119dne informacje dotycz\u0105ce wymiany pojemnika, przechowywania oraz zasad BHP.<\/li>\n<\/ul>\n<\/section><\/div>\n<\/section>\n<section class=\"section\">\n<div class=\"item item-12\">\n<section class=\"image-item\">\n            <img decoding=\"async\" src=\"https:\/\/upload.cdn.baselinker.com\/products\/14476\/908cc7a4fcc94f339a5243e1d2f8bc33.jpg\" \/><br \/>\n        <\/section>\n<\/p><\/div>\n<\/section>\n<section class=\"section\">\n<div class=\"item item-12\">\n<section class=\"text-item\">\n<p>\u2705 Nab\u00f3j pasuje <b>do wi\u0119kszo\u015bci kuchenek turystycznych<\/b>. Niewielkie rozmiary sprawiaj\u0105, \u017ce bez trudu zmie\u015bci si\u0119 w baga\u017cu i mo\u017ce zosta\u0107 zabrany w teren. B\u0119dzie pomocny podczas przygotowywania ciep\u0142ych posi\u0142k\u00f3w na \u0142onie natury.<\/p>\n<p>\u2705 Sprawdzi si\u0119<b> u zawodowych kierowc\u00f3w,<\/b> kt\u00f3rzy wi\u0119kszo\u015b\u0107 czasu sp\u0119dzaj\u0105 w trasie. Oni r\u00f3wnie\u017c b\u0119d\u0105 go mogli u\u017cy\u0107 do podgrzania obiadu lub przygotowania kawy czy herbaty.<\/p>\n<p>\u2705 Gaz b\u0119dzie odpowiedni r\u00f3wnie\u017c <b>do palnik\u00f3w z piezo zap\u0142onem<\/b> dost\u0119pnych na rynku. Taki palnik to wielofunkcyjny i przydatny element wyposa\u017cenia przydomowego warsztatu i nie tylko.<\/p>\n<\/section><\/div>\n<\/section>\n<section class=\"section\">\n<div class=\"item item-12\">\n<section class=\"image-item\">\n            <img decoding=\"async\" src=\"https:\/\/upload.cdn.baselinker.com\/products\/14476\/d12ce8f2b8896609376a496e3307cac6.jpg\" \/><br \/>\n        <\/section>\n<\/p><\/div>\n<\/section>\n","protected":false},"excerpt":{"rendered":"<p>GAZ KARTUSZ NAB\u00d3J GAZOWY DO PALNIKA WK\u0141AD 400ml Informacje og\u00f3lne: Rodzaj gazu: I-butan Pojemno\u015b\u0107 jednej butli: 400 ml \/ 227g Zakres dzia\u0142ania od -10\u02dac do + 40\u02dac Certyfikat jako\u015bci: \u03c0 0875 Zgodne z norm\u0105 UE nr EN417 Kartusz renomowanej firmy Alpen Campin! Nab\u00f3j gazowy to doskona\u0142y element uzupe\u0142niaj\u0105cy palnik lub kuchenki turystyczne, a przede wszystkim<br \/><a class=\"more-link\" href=\"https:\/\/bobimarket.pl\/index.php\/produkt\/gaz-kartusz-naboj-gazowy-do-palnika-wklad-400ml\/\"><br \/>\n        Czytaj wi\u0119cej<span class=\"screen-reader-text\"> &#8222;GAZ KARTUSZ NAB\u00d3J GAZOWY DO PALNIKA WK\u0141AD 400ml&#8221;<\/span><\/a><\/p>\n","protected":false},"featured_media":96875,"template":"","meta":[],"product_cat":[8118],"product_tag":[],"yoast_head":"<!-- This site is optimized with the Yoast SEO plugin v21.0 - https:\/\/yoast.com\/wordpress\/plugins\/seo\/ -->\n<title>GAZ KARTUSZ NAB\u00d3J GAZOWY DO PALNIKA WK\u0141AD 400ml - BOBIMARKET.pl - Remontuj i urz\u0105dzaj z nami<\/title>\n<meta name=\"robots\" content=\"index, follow, max-snippet:-1, max-image-preview:large, max-video-preview:-1\" \/>\n<link rel=\"canonical\" href=\"https:\/\/bobimarket.pl\/index.php\/produkt\/gaz-kartusz-naboj-gazowy-do-palnika-wklad-400ml\/\" \/>\n<meta property=\"og:locale\" content=\"pl_PL\" \/>\n<meta property=\"og:type\" content=\"article\" \/>\n<meta property=\"og:title\" content=\"GAZ KARTUSZ NAB\u00d3J GAZOWY DO PALNIKA WK\u0141AD 400ml - BOBIMARKET.pl - Remontuj i urz\u0105dzaj z nami\" \/>\n<meta property=\"og:description\" content=\"GAZ KARTUSZ NAB\u00d3J GAZOWY DO PALNIKA WK\u0141AD 400ml Informacje og\u00f3lne: Rodzaj gazu: I-butan Pojemno\u015b\u0107 jednej butli: 400 ml \/ 227g Zakres dzia\u0142ania od -10\u02dac do + 40\u02dac Certyfikat jako\u015bci: \u03c0 0875 Zgodne z norm\u0105 UE nr EN417 Kartusz renomowanej firmy Alpen Campin! Nab\u00f3j gazowy to doskona\u0142y element uzupe\u0142niaj\u0105cy palnik lub kuchenki turystyczne, a przede wszystkim     Czytaj wi\u0119cej &quot;GAZ KARTUSZ NAB\u00d3J GAZOWY DO PALNIKA WK\u0141AD 400ml&quot;\" \/>\n<meta property=\"og:url\" content=\"https:\/\/bobimarket.pl\/index.php\/produkt\/gaz-kartusz-naboj-gazowy-do-palnika-wklad-400ml\/\" \/>\n<meta property=\"og:site_name\" content=\"BOBIMARKET.pl - Remontuj i urz\u0105dzaj z nami\" \/>\n<meta property=\"article:modified_time\" content=\"2026-02-18T14:22:07+00:00\" \/>\n<meta property=\"og:image\" content=\"https:\/\/upload.cdn.baselinker.com\/products\/14476\/908cc7a4fcc94f339a5243e1d2f8bc33.jpg\" \/>\n<meta name=\"twitter:card\" content=\"summary_large_image\" \/>\n<meta name=\"twitter:label1\" content=\"Szacowany czas czytania\" \/>\n\t<meta name=\"twitter:data1\" content=\"1 minuta\" \/>\n<script type=\"application\/ld+json\" class=\"yoast-schema-graph\">{\"@context\":\"https:\/\/schema.org\",\"@graph\":[{\"@type\":\"WebPage\",\"@id\":\"https:\/\/bobimarket.pl\/index.php\/produkt\/gaz-kartusz-naboj-gazowy-do-palnika-wklad-400ml\/\",\"url\":\"https:\/\/bobimarket.pl\/index.php\/produkt\/gaz-kartusz-naboj-gazowy-do-palnika-wklad-400ml\/\",\"name\":\"GAZ KARTUSZ NAB\u00d3J GAZOWY DO PALNIKA WK\u0141AD 400ml - BOBIMARKET.pl - Remontuj i urz\u0105dzaj z nami\",\"isPartOf\":{\"@id\":\"https:\/\/bobimarket.pl\/#website\"},\"datePublished\":\"2023-08-30T12:02:31+00:00\",\"dateModified\":\"2026-02-18T14:22:07+00:00\",\"breadcrumb\":{\"@id\":\"https:\/\/bobimarket.pl\/index.php\/produkt\/gaz-kartusz-naboj-gazowy-do-palnika-wklad-400ml\/#breadcrumb\"},\"inLanguage\":\"pl-PL\",\"potentialAction\":[{\"@type\":\"ReadAction\",\"target\":[\"https:\/\/bobimarket.pl\/index.php\/produkt\/gaz-kartusz-naboj-gazowy-do-palnika-wklad-400ml\/\"]}]},{\"@type\":\"BreadcrumbList\",\"@id\":\"https:\/\/bobimarket.pl\/index.php\/produkt\/gaz-kartusz-naboj-gazowy-do-palnika-wklad-400ml\/#breadcrumb\",\"itemListElement\":[{\"@type\":\"ListItem\",\"position\":1,\"name\":\"Strona g\u0142\u00f3wna\",\"item\":\"https:\/\/bobimarket.pl\/\"},{\"@type\":\"ListItem\",\"position\":2,\"name\":\"Sklep\",\"item\":\"https:\/\/bobimarket.pl\/index.php\/shop\/\"},{\"@type\":\"ListItem\",\"position\":3,\"name\":\"GAZ KARTUSZ NAB\u00d3J GAZOWY DO PALNIKA WK\u0141AD 400ml\"}]},{\"@type\":\"WebSite\",\"@id\":\"https:\/\/bobimarket.pl\/#website\",\"url\":\"https:\/\/bobimarket.pl\/\",\"name\":\"BOBIMARKET.pl - Remontuj i urz\u0105dzaj z nami\",\"description\":\"Remontuj i urz\u0105dzaj z nami\",\"publisher\":{\"@id\":\"https:\/\/bobimarket.pl\/#organization\"},\"potentialAction\":[{\"@type\":\"SearchAction\",\"target\":{\"@type\":\"EntryPoint\",\"urlTemplate\":\"https:\/\/bobimarket.pl\/?s={search_term_string}\"},\"query-input\":\"required name=search_term_string\"}],\"inLanguage\":\"pl-PL\"},{\"@type\":\"Organization\",\"@id\":\"https:\/\/bobimarket.pl\/#organization\",\"name\":\"BOBIMARKET.pl\",\"url\":\"https:\/\/bobimarket.pl\/\",\"logo\":{\"@type\":\"ImageObject\",\"inLanguage\":\"pl-PL\",\"@id\":\"https:\/\/bobimarket.pl\/#\/schema\/logo\/image\/\",\"url\":\"https:\/\/bobimarket.pl\/wp-content\/uploads\/2021\/11\/slogan.png\",\"contentUrl\":\"https:\/\/bobimarket.pl\/wp-content\/uploads\/2021\/11\/slogan.png\",\"width\":2000,\"height\":384,\"caption\":\"BOBIMARKET.pl\"},\"image\":{\"@id\":\"https:\/\/bobimarket.pl\/#\/schema\/logo\/image\/\"}}]}<\/script>\n<!-- \/ Yoast SEO plugin. -->","yoast_head_json":{"title":"GAZ KARTUSZ NAB\u00d3J GAZOWY DO PALNIKA WK\u0141AD 400ml - BOBIMARKET.pl - Remontuj i urz\u0105dzaj z nami","robots":{"index":"index","follow":"follow","max-snippet":"max-snippet:-1","max-image-preview":"max-image-preview:large","max-video-preview":"max-video-preview:-1"},"canonical":"https:\/\/bobimarket.pl\/index.php\/produkt\/gaz-kartusz-naboj-gazowy-do-palnika-wklad-400ml\/","og_locale":"pl_PL","og_type":"article","og_title":"GAZ KARTUSZ NAB\u00d3J GAZOWY DO PALNIKA WK\u0141AD 400ml - BOBIMARKET.pl - Remontuj i urz\u0105dzaj z nami","og_description":"GAZ KARTUSZ NAB\u00d3J GAZOWY DO PALNIKA WK\u0141AD 400ml Informacje og\u00f3lne: Rodzaj gazu: I-butan Pojemno\u015b\u0107 jednej butli: 400 ml \/ 227g Zakres dzia\u0142ania od -10\u02dac do + 40\u02dac Certyfikat jako\u015bci: \u03c0 0875 Zgodne z norm\u0105 UE nr EN417 Kartusz renomowanej firmy Alpen Campin! Nab\u00f3j gazowy to doskona\u0142y element uzupe\u0142niaj\u0105cy palnik lub kuchenki turystyczne, a przede wszystkim     Czytaj wi\u0119cej \"GAZ KARTUSZ NAB\u00d3J GAZOWY DO PALNIKA WK\u0141AD 400ml\"","og_url":"https:\/\/bobimarket.pl\/index.php\/produkt\/gaz-kartusz-naboj-gazowy-do-palnika-wklad-400ml\/","og_site_name":"BOBIMARKET.pl - Remontuj i urz\u0105dzaj z nami","article_modified_time":"2026-02-18T14:22:07+00:00","og_image":[{"url":"https:\/\/upload.cdn.baselinker.com\/products\/14476\/908cc7a4fcc94f339a5243e1d2f8bc33.jpg"}],"twitter_card":"summary_large_image","twitter_misc":{"Szacowany czas czytania":"1 minuta"},"schema":{"@context":"https:\/\/schema.org","@graph":[{"@type":"WebPage","@id":"https:\/\/bobimarket.pl\/index.php\/produkt\/gaz-kartusz-naboj-gazowy-do-palnika-wklad-400ml\/","url":"https:\/\/bobimarket.pl\/index.php\/produkt\/gaz-kartusz-naboj-gazowy-do-palnika-wklad-400ml\/","name":"GAZ KARTUSZ NAB\u00d3J GAZOWY DO PALNIKA WK\u0141AD 400ml - BOBIMARKET.pl - Remontuj i urz\u0105dzaj z nami","isPartOf":{"@id":"https:\/\/bobimarket.pl\/#website"},"datePublished":"2023-08-30T12:02:31+00:00","dateModified":"2026-02-18T14:22:07+00:00","breadcrumb":{"@id":"https:\/\/bobimarket.pl\/index.php\/produkt\/gaz-kartusz-naboj-gazowy-do-palnika-wklad-400ml\/#breadcrumb"},"inLanguage":"pl-PL","potentialAction":[{"@type":"ReadAction","target":["https:\/\/bobimarket.pl\/index.php\/produkt\/gaz-kartusz-naboj-gazowy-do-palnika-wklad-400ml\/"]}]},{"@type":"BreadcrumbList","@id":"https:\/\/bobimarket.pl\/index.php\/produkt\/gaz-kartusz-naboj-gazowy-do-palnika-wklad-400ml\/#breadcrumb","itemListElement":[{"@type":"ListItem","position":1,"name":"Strona g\u0142\u00f3wna","item":"https:\/\/bobimarket.pl\/"},{"@type":"ListItem","position":2,"name":"Sklep","item":"https:\/\/bobimarket.pl\/index.php\/shop\/"},{"@type":"ListItem","position":3,"name":"GAZ KARTUSZ NAB\u00d3J GAZOWY DO PALNIKA WK\u0141AD 400ml"}]},{"@type":"WebSite","@id":"https:\/\/bobimarket.pl\/#website","url":"https:\/\/bobimarket.pl\/","name":"BOBIMARKET.pl - Remontuj i urz\u0105dzaj z nami","description":"Remontuj i urz\u0105dzaj z nami","publisher":{"@id":"https:\/\/bobimarket.pl\/#organization"},"potentialAction":[{"@type":"SearchAction","target":{"@type":"EntryPoint","urlTemplate":"https:\/\/bobimarket.pl\/?s={search_term_string}"},"query-input":"required name=search_term_string"}],"inLanguage":"pl-PL"},{"@type":"Organization","@id":"https:\/\/bobimarket.pl\/#organization","name":"BOBIMARKET.pl","url":"https:\/\/bobimarket.pl\/","logo":{"@type":"ImageObject","inLanguage":"pl-PL","@id":"https:\/\/bobimarket.pl\/#\/schema\/logo\/image\/","url":"https:\/\/bobimarket.pl\/wp-content\/uploads\/2021\/11\/slogan.png","contentUrl":"https:\/\/bobimarket.pl\/wp-content\/uploads\/2021\/11\/slogan.png","width":2000,"height":384,"caption":"BOBIMARKET.pl"},"image":{"@id":"https:\/\/bobimarket.pl\/#\/schema\/logo\/image\/"}}]}},"_links":{"self":[{"href":"https:\/\/bobimarket.pl\/index.php\/wp-json\/wp\/v2\/product\/96879"}],"collection":[{"href":"https:\/\/bobimarket.pl\/index.php\/wp-json\/wp\/v2\/product"}],"about":[{"href":"https:\/\/bobimarket.pl\/index.php\/wp-json\/wp\/v2\/types\/product"}],"wp:featuredmedia":[{"embeddable":true,"href":"https:\/\/bobimarket.pl\/index.php\/wp-json\/wp\/v2\/media\/96875"}],"wp:attachment":[{"href":"https:\/\/bobimarket.pl\/index.php\/wp-json\/wp\/v2\/media?parent=96879"}],"wp:term":[{"taxonomy":"product_cat","embeddable":true,"href":"https:\/\/bobimarket.pl\/index.php\/wp-json\/wp\/v2\/product_cat?post=96879"},{"taxonomy":"product_tag","embeddable":true,"href":"https:\/\/bobimarket.pl\/index.php\/wp-json\/wp\/v2\/product_tag?post=96879"}],"curies":[{"name":"wp","href":"https:\/\/api.w.org\/{rel}","templated":true}]}}