{"id":96895,"date":"2023-08-30T12:04:26","date_gmt":"2023-08-30T12:04:26","guid":{"rendered":"https:\/\/bobimarket.pl\/index.php\/produkt\/smar-do-glowicy-przekladni-kos-spalinowych-120g\/"},"modified":"2025-02-27T16:30:19","modified_gmt":"2025-02-27T16:30:19","slug":"smar-do-glowicy-przekladni-kos-spalinowych-120g","status":"publish","type":"product","link":"https:\/\/bobimarket.pl\/index.php\/produkt\/smar-do-glowicy-przekladni-kos-spalinowych-120g\/","title":{"rendered":"SMAR DO G\u0141OWICY PRZEK\u0141ADNI KOS SPALINOWYCH 120G"},"content":{"rendered":"<section class=\"section\">\n<div class=\"item item-12\">\n<section class=\"text-item\">\n<h2>\u2728SMAR DO G\u0141OWICY PRZEK\u0141ADNI KOS SPALINOWYCH 120G\u2728<\/h2>\n<p><b>Informacje og\u00f3lne:<\/b><\/p>\n<ul>\n<li>Pojemno\u015b\u0107: <b>120 g<\/b><\/li>\n<li>Przeznaczony do prac w temperaturze:<b>\u00a0 -30 \u00b0C do 160 \u00b0C<\/b><\/li>\n<li>Dodatkowe informacje:<b> nanocz\u0105steczki, przeciw zatarciowy<\/b><\/li>\n<li>Zastosowanie: <b>smar\u00a0 do smarowania przek\u0142adni k\u0105towych podkaszarek i kos spalinowych<\/b><\/li>\n<\/ul>\n<\/section><\/div>\n<\/section>\n<section class=\"section\">\n<div class=\"item item-12\">\n<section class=\"image-item\">\n            <img decoding=\"async\" src=\"https:\/\/upload.cdn.baselinker.com\/products\/14476\/c090e5f83b0883a0b82f6602247a4345.jpg\" \/><br \/>\n        <\/section>\n<\/p><\/div>\n<\/section>\n<section class=\"section\">\n<div class=\"item item-12\">\n<section class=\"text-item\">\n<h2>Zadbaj o swoj\u0105 kosiark\u0119 i zaopatrz si\u0119 w smar do g\u0142owic!<\/h2>\n<p>Smar do g\u0142owic mo\u017ce by\u0107 powszechnie stosowany w gospodarstwie domowym oraz w warsztacie. S\u0142u\u017cy do zmniejszania tarcia podczas pracy wykaszarek. Przeznaczony jest do smarowania przek\u0142adni k\u0105towych kos spalinowych i elektrycznych podkaszarek.<\/p>\n<ul>\n<li>Zastosowanie <b>unikalnej formulacji<\/b> sprawia, \u017ce smar charakteryzuje si\u0119 wysok\u0105 odporno\u015bci\u0105 na korozj\u0119, utlenianie, wymywanie przez wod\u0119 oraz zapewnia doskona\u0142e w\u0142asno\u015bci przeciwzatarciowe.<\/li>\n<\/ul>\n<ul>\n<li>Dzi\u0119ki <b>zastosowaniu<\/b> technologii nanocz\u0105steczkowej idealnie przywiera do powierzchni jednocze\u015bnie tworz\u0105c warstw\u0119 ochronn\u0105 odporn\u0105 w bardzo wysokich temperaturach.<\/li>\n<\/ul>\n<\/section><\/div>\n<\/section>\n<section class=\"section\">\n<div class=\"item item-12\">\n<section class=\"image-item\">\n            <img decoding=\"async\" src=\"https:\/\/upload.cdn.baselinker.com\/products\/14476\/f0300e5d97c902bcb17d725a05e4ebec.jpg\" \/><br \/>\n        <\/section>\n<\/p><\/div>\n<\/section>\n<section class=\"section\">\n<div class=\"item item-12\">\n<section class=\"text-item\">\n<p><b>\u2705 Zastosowanie:<\/b><\/p>\n<p>Smar ma za zadanie skutecznie <b>zmniejszy\u0107 tarcie, a w rezultacie zadba\u0107 o prawid\u0142ow\u0105 prac\u0119 maszyny<\/b> i jej bezawaryjne dzia\u0142anie Jest\u00a0 przystosowany jest do dzia\u0142ania w wysokich temperaturach roboczych. Smar w tubce jest wygodny w u\u017cyciu i u\u0142atwia aplikacj\u0119 preparatu w trudno dost\u0119pnych miejscach.<\/p>\n<\/section><\/div>\n<\/section>\n","protected":false},"excerpt":{"rendered":"<p>\u2728SMAR DO G\u0141OWICY PRZEK\u0141ADNI KOS SPALINOWYCH 120G\u2728 Informacje og\u00f3lne: Pojemno\u015b\u0107: 120 g Przeznaczony do prac w temperaturze:\u00a0 -30 \u00b0C do 160 \u00b0C Dodatkowe informacje: nanocz\u0105steczki, przeciw zatarciowy Zastosowanie: smar\u00a0 do smarowania przek\u0142adni k\u0105towych podkaszarek i kos spalinowych Zadbaj o swoj\u0105 kosiark\u0119 i zaopatrz si\u0119 w smar do g\u0142owic! Smar do g\u0142owic mo\u017ce by\u0107 powszechnie stosowany<br \/><a class=\"more-link\" href=\"https:\/\/bobimarket.pl\/index.php\/produkt\/smar-do-glowicy-przekladni-kos-spalinowych-120g\/\"><br \/>\n        Czytaj wi\u0119cej<span class=\"screen-reader-text\"> &#8222;SMAR DO G\u0141OWICY PRZEK\u0141ADNI KOS SPALINOWYCH 120G&#8221;<\/span><\/a><\/p>\n","protected":false},"featured_media":96891,"template":"","meta":[],"product_cat":[8380],"product_tag":[],"yoast_head":"<!-- This site is optimized with the Yoast SEO plugin v21.0 - https:\/\/yoast.com\/wordpress\/plugins\/seo\/ -->\n<title>SMAR DO G\u0141OWICY PRZEK\u0141ADNI KOS SPALINOWYCH 120G - BOBIMARKET.pl - Remontuj i urz\u0105dzaj z nami<\/title>\n<meta name=\"robots\" content=\"index, follow, max-snippet:-1, max-image-preview:large, max-video-preview:-1\" \/>\n<link rel=\"canonical\" href=\"https:\/\/bobimarket.pl\/index.php\/produkt\/smar-do-glowicy-przekladni-kos-spalinowych-120g\/\" \/>\n<meta property=\"og:locale\" content=\"pl_PL\" \/>\n<meta property=\"og:type\" content=\"article\" \/>\n<meta property=\"og:title\" content=\"SMAR DO G\u0141OWICY PRZEK\u0141ADNI KOS SPALINOWYCH 120G - BOBIMARKET.pl - Remontuj i urz\u0105dzaj z nami\" \/>\n<meta property=\"og:description\" content=\"\u2728SMAR DO G\u0141OWICY PRZEK\u0141ADNI KOS SPALINOWYCH 120G\u2728 Informacje og\u00f3lne: Pojemno\u015b\u0107: 120 g Przeznaczony do prac w temperaturze:\u00a0 -30 \u00b0C do 160 \u00b0C Dodatkowe informacje: nanocz\u0105steczki, przeciw zatarciowy Zastosowanie: smar\u00a0 do smarowania przek\u0142adni k\u0105towych podkaszarek i kos spalinowych Zadbaj o swoj\u0105 kosiark\u0119 i zaopatrz si\u0119 w smar do g\u0142owic! Smar do g\u0142owic mo\u017ce by\u0107 powszechnie stosowany     Czytaj wi\u0119cej &quot;SMAR DO G\u0141OWICY PRZEK\u0141ADNI KOS SPALINOWYCH 120G&quot;\" \/>\n<meta property=\"og:url\" content=\"https:\/\/bobimarket.pl\/index.php\/produkt\/smar-do-glowicy-przekladni-kos-spalinowych-120g\/\" \/>\n<meta property=\"og:site_name\" content=\"BOBIMARKET.pl - Remontuj i urz\u0105dzaj z nami\" \/>\n<meta property=\"article:modified_time\" content=\"2025-02-27T16:30:19+00:00\" \/>\n<meta property=\"og:image\" content=\"https:\/\/upload.cdn.baselinker.com\/products\/14476\/c090e5f83b0883a0b82f6602247a4345.jpg\" \/>\n<meta name=\"twitter:card\" content=\"summary_large_image\" \/>\n<meta name=\"twitter:label1\" content=\"Szacowany czas czytania\" \/>\n\t<meta name=\"twitter:data1\" content=\"1 minuta\" \/>\n<script type=\"application\/ld+json\" class=\"yoast-schema-graph\">{\"@context\":\"https:\/\/schema.org\",\"@graph\":[{\"@type\":\"WebPage\",\"@id\":\"https:\/\/bobimarket.pl\/index.php\/produkt\/smar-do-glowicy-przekladni-kos-spalinowych-120g\/\",\"url\":\"https:\/\/bobimarket.pl\/index.php\/produkt\/smar-do-glowicy-przekladni-kos-spalinowych-120g\/\",\"name\":\"SMAR DO G\u0141OWICY PRZEK\u0141ADNI KOS SPALINOWYCH 120G - BOBIMARKET.pl - Remontuj i urz\u0105dzaj z nami\",\"isPartOf\":{\"@id\":\"https:\/\/bobimarket.pl\/#website\"},\"datePublished\":\"2023-08-30T12:04:26+00:00\",\"dateModified\":\"2025-02-27T16:30:19+00:00\",\"breadcrumb\":{\"@id\":\"https:\/\/bobimarket.pl\/index.php\/produkt\/smar-do-glowicy-przekladni-kos-spalinowych-120g\/#breadcrumb\"},\"inLanguage\":\"pl-PL\",\"potentialAction\":[{\"@type\":\"ReadAction\",\"target\":[\"https:\/\/bobimarket.pl\/index.php\/produkt\/smar-do-glowicy-przekladni-kos-spalinowych-120g\/\"]}]},{\"@type\":\"BreadcrumbList\",\"@id\":\"https:\/\/bobimarket.pl\/index.php\/produkt\/smar-do-glowicy-przekladni-kos-spalinowych-120g\/#breadcrumb\",\"itemListElement\":[{\"@type\":\"ListItem\",\"position\":1,\"name\":\"Strona g\u0142\u00f3wna\",\"item\":\"https:\/\/bobimarket.pl\/\"},{\"@type\":\"ListItem\",\"position\":2,\"name\":\"Sklep\",\"item\":\"https:\/\/bobimarket.pl\/index.php\/shop\/\"},{\"@type\":\"ListItem\",\"position\":3,\"name\":\"SMAR DO G\u0141OWICY PRZEK\u0141ADNI KOS SPALINOWYCH 120G\"}]},{\"@type\":\"WebSite\",\"@id\":\"https:\/\/bobimarket.pl\/#website\",\"url\":\"https:\/\/bobimarket.pl\/\",\"name\":\"BOBIMARKET.pl - Remontuj i urz\u0105dzaj z nami\",\"description\":\"Remontuj i urz\u0105dzaj z nami\",\"publisher\":{\"@id\":\"https:\/\/bobimarket.pl\/#organization\"},\"potentialAction\":[{\"@type\":\"SearchAction\",\"target\":{\"@type\":\"EntryPoint\",\"urlTemplate\":\"https:\/\/bobimarket.pl\/?s={search_term_string}\"},\"query-input\":\"required name=search_term_string\"}],\"inLanguage\":\"pl-PL\"},{\"@type\":\"Organization\",\"@id\":\"https:\/\/bobimarket.pl\/#organization\",\"name\":\"BOBIMARKET.pl\",\"url\":\"https:\/\/bobimarket.pl\/\",\"logo\":{\"@type\":\"ImageObject\",\"inLanguage\":\"pl-PL\",\"@id\":\"https:\/\/bobimarket.pl\/#\/schema\/logo\/image\/\",\"url\":\"https:\/\/bobimarket.pl\/wp-content\/uploads\/2021\/11\/slogan.png\",\"contentUrl\":\"https:\/\/bobimarket.pl\/wp-content\/uploads\/2021\/11\/slogan.png\",\"width\":2000,\"height\":384,\"caption\":\"BOBIMARKET.pl\"},\"image\":{\"@id\":\"https:\/\/bobimarket.pl\/#\/schema\/logo\/image\/\"}}]}<\/script>\n<!-- \/ Yoast SEO plugin. -->","yoast_head_json":{"title":"SMAR DO G\u0141OWICY PRZEK\u0141ADNI KOS SPALINOWYCH 120G - BOBIMARKET.pl - Remontuj i urz\u0105dzaj z nami","robots":{"index":"index","follow":"follow","max-snippet":"max-snippet:-1","max-image-preview":"max-image-preview:large","max-video-preview":"max-video-preview:-1"},"canonical":"https:\/\/bobimarket.pl\/index.php\/produkt\/smar-do-glowicy-przekladni-kos-spalinowych-120g\/","og_locale":"pl_PL","og_type":"article","og_title":"SMAR DO G\u0141OWICY PRZEK\u0141ADNI KOS SPALINOWYCH 120G - BOBIMARKET.pl - Remontuj i urz\u0105dzaj z nami","og_description":"\u2728SMAR DO G\u0141OWICY PRZEK\u0141ADNI KOS SPALINOWYCH 120G\u2728 Informacje og\u00f3lne: Pojemno\u015b\u0107: 120 g Przeznaczony do prac w temperaturze:\u00a0 -30 \u00b0C do 160 \u00b0C Dodatkowe informacje: nanocz\u0105steczki, przeciw zatarciowy Zastosowanie: smar\u00a0 do smarowania przek\u0142adni k\u0105towych podkaszarek i kos spalinowych Zadbaj o swoj\u0105 kosiark\u0119 i zaopatrz si\u0119 w smar do g\u0142owic! Smar do g\u0142owic mo\u017ce by\u0107 powszechnie stosowany     Czytaj wi\u0119cej \"SMAR DO G\u0141OWICY PRZEK\u0141ADNI KOS SPALINOWYCH 120G\"","og_url":"https:\/\/bobimarket.pl\/index.php\/produkt\/smar-do-glowicy-przekladni-kos-spalinowych-120g\/","og_site_name":"BOBIMARKET.pl - Remontuj i urz\u0105dzaj z nami","article_modified_time":"2025-02-27T16:30:19+00:00","og_image":[{"url":"https:\/\/upload.cdn.baselinker.com\/products\/14476\/c090e5f83b0883a0b82f6602247a4345.jpg"}],"twitter_card":"summary_large_image","twitter_misc":{"Szacowany czas czytania":"1 minuta"},"schema":{"@context":"https:\/\/schema.org","@graph":[{"@type":"WebPage","@id":"https:\/\/bobimarket.pl\/index.php\/produkt\/smar-do-glowicy-przekladni-kos-spalinowych-120g\/","url":"https:\/\/bobimarket.pl\/index.php\/produkt\/smar-do-glowicy-przekladni-kos-spalinowych-120g\/","name":"SMAR DO G\u0141OWICY PRZEK\u0141ADNI KOS SPALINOWYCH 120G - BOBIMARKET.pl - Remontuj i urz\u0105dzaj z nami","isPartOf":{"@id":"https:\/\/bobimarket.pl\/#website"},"datePublished":"2023-08-30T12:04:26+00:00","dateModified":"2025-02-27T16:30:19+00:00","breadcrumb":{"@id":"https:\/\/bobimarket.pl\/index.php\/produkt\/smar-do-glowicy-przekladni-kos-spalinowych-120g\/#breadcrumb"},"inLanguage":"pl-PL","potentialAction":[{"@type":"ReadAction","target":["https:\/\/bobimarket.pl\/index.php\/produkt\/smar-do-glowicy-przekladni-kos-spalinowych-120g\/"]}]},{"@type":"BreadcrumbList","@id":"https:\/\/bobimarket.pl\/index.php\/produkt\/smar-do-glowicy-przekladni-kos-spalinowych-120g\/#breadcrumb","itemListElement":[{"@type":"ListItem","position":1,"name":"Strona g\u0142\u00f3wna","item":"https:\/\/bobimarket.pl\/"},{"@type":"ListItem","position":2,"name":"Sklep","item":"https:\/\/bobimarket.pl\/index.php\/shop\/"},{"@type":"ListItem","position":3,"name":"SMAR DO G\u0141OWICY PRZEK\u0141ADNI KOS SPALINOWYCH 120G"}]},{"@type":"WebSite","@id":"https:\/\/bobimarket.pl\/#website","url":"https:\/\/bobimarket.pl\/","name":"BOBIMARKET.pl - Remontuj i urz\u0105dzaj z nami","description":"Remontuj i urz\u0105dzaj z nami","publisher":{"@id":"https:\/\/bobimarket.pl\/#organization"},"potentialAction":[{"@type":"SearchAction","target":{"@type":"EntryPoint","urlTemplate":"https:\/\/bobimarket.pl\/?s={search_term_string}"},"query-input":"required name=search_term_string"}],"inLanguage":"pl-PL"},{"@type":"Organization","@id":"https:\/\/bobimarket.pl\/#organization","name":"BOBIMARKET.pl","url":"https:\/\/bobimarket.pl\/","logo":{"@type":"ImageObject","inLanguage":"pl-PL","@id":"https:\/\/bobimarket.pl\/#\/schema\/logo\/image\/","url":"https:\/\/bobimarket.pl\/wp-content\/uploads\/2021\/11\/slogan.png","contentUrl":"https:\/\/bobimarket.pl\/wp-content\/uploads\/2021\/11\/slogan.png","width":2000,"height":384,"caption":"BOBIMARKET.pl"},"image":{"@id":"https:\/\/bobimarket.pl\/#\/schema\/logo\/image\/"}}]}},"_links":{"self":[{"href":"https:\/\/bobimarket.pl\/index.php\/wp-json\/wp\/v2\/product\/96895"}],"collection":[{"href":"https:\/\/bobimarket.pl\/index.php\/wp-json\/wp\/v2\/product"}],"about":[{"href":"https:\/\/bobimarket.pl\/index.php\/wp-json\/wp\/v2\/types\/product"}],"wp:featuredmedia":[{"embeddable":true,"href":"https:\/\/bobimarket.pl\/index.php\/wp-json\/wp\/v2\/media\/96891"}],"wp:attachment":[{"href":"https:\/\/bobimarket.pl\/index.php\/wp-json\/wp\/v2\/media?parent=96895"}],"wp:term":[{"taxonomy":"product_cat","embeddable":true,"href":"https:\/\/bobimarket.pl\/index.php\/wp-json\/wp\/v2\/product_cat?post=96895"},{"taxonomy":"product_tag","embeddable":true,"href":"https:\/\/bobimarket.pl\/index.php\/wp-json\/wp\/v2\/product_tag?post=96895"}],"curies":[{"name":"wp","href":"https:\/\/api.w.org\/{rel}","templated":true}]}}