{"id":96910,"date":"2023-08-30T12:05:29","date_gmt":"2023-08-30T12:05:29","guid":{"rendered":"https:\/\/bobimarket.pl\/index.php\/produkt\/olej-do-mieszanki-paliwa-2t-pily-stihl-dozownik-1l\/"},"modified":"2025-02-27T16:30:28","modified_gmt":"2025-02-27T16:30:28","slug":"olej-do-mieszanki-paliwa-2t-pily-stihl-dozownik-1l","status":"publish","type":"product","link":"https:\/\/bobimarket.pl\/index.php\/produkt\/olej-do-mieszanki-paliwa-2t-pily-stihl-dozownik-1l\/","title":{"rendered":"OLEJ DO MIESZANKI PALIWA 2T PI\u0141Y STIHL DOZOWNIK 1L"},"content":{"rendered":"<section class=\"section\">\n<div class=\"item item-12\">\n<section class=\"text-item\">\n<h2>\u2728OLEJ DO MIESZANKI PALIWA 2T PI\u0141Y STIHL DOZOWNIK 1L\u2728<\/h2>\n<p><b>Informacje og\u00f3lne:<\/b><\/p>\n<ul>\n<li>Pojemno\u015b\u0107:<b> 1 L<\/b><\/li>\n<li>API: <b>TC<\/b><\/li>\n<li><b>Typowe dozowanie: 1:50<\/b><\/li>\n<li>Zastosowanie: <b>olej do silnik\u00f3w dwusuwowych<\/b><\/li>\n<\/ul>\n<\/section><\/div>\n<\/section>\n<section class=\"section\">\n<div class=\"item item-12\">\n<section class=\"image-item\">\n            <img decoding=\"async\" src=\"https:\/\/upload.cdn.baselinker.com\/products\/14476\/b76c2dac02b7cb84d96d976de0dba57f.jpg\" \/><br \/>\n        <\/section>\n<\/p><\/div>\n<\/section>\n<section class=\"section\">\n<div class=\"item item-12\">\n<section class=\"text-item\">\n<h2>Ju\u017c dzi\u015b zadbaj o sw\u00f3j sprz\u0119t ogrodniczy!<\/h2>\n<p>P\u00f3\u0142syntetyczny olej <b>do silnik\u00f3w dwusuwowych<\/b> do smarowania mieszankowego i oddzielnego. Produkt ma zastosowanie w kosiarkach, motocyklach, urz\u0105dzeniach ogrodniczych itp. Podnosi wydajno\u015b\u0107 maszyny i stanowi ochron\u0119 przed zu\u017cyciem.<\/p>\n<ul>\n<li>Przeznaczony do smarowania silnik\u00f3w dwusuwowych z zap\u0142onem iskrowym stosowanych w pojazdach drogowych, skuterach \u015bnie\u017cnych, pilarkach i sprz\u0119cie ogrodniczym.<\/li>\n<li>Olej posiada dobre<b> cechy samomieszaj\u0105ce<\/b>. Sk\u0142ad mieszanki mo\u017cna \u0142atwo kontrolowa\u0107 dzi\u0119ki czerwonemu zabarwieniu.<\/li>\n<\/ul>\n<\/section><\/div>\n<\/section>\n<section class=\"section\">\n<div class=\"item item-12\">\n<section class=\"image-item\">\n            <img decoding=\"async\" src=\"https:\/\/upload.cdn.baselinker.com\/products\/14476\/6db17f29034f6f0cb32acc814060d36b.jpg\" \/><br \/>\n        <\/section>\n<\/p><\/div>\n<\/section>\n","protected":false},"excerpt":{"rendered":"<p>\u2728OLEJ DO MIESZANKI PALIWA 2T PI\u0141Y STIHL DOZOWNIK 1L\u2728 Informacje og\u00f3lne: Pojemno\u015b\u0107: 1 L API: TC Typowe dozowanie: 1:50 Zastosowanie: olej do silnik\u00f3w dwusuwowych Ju\u017c dzi\u015b zadbaj o sw\u00f3j sprz\u0119t ogrodniczy! P\u00f3\u0142syntetyczny olej do silnik\u00f3w dwusuwowych do smarowania mieszankowego i oddzielnego. Produkt ma zastosowanie w kosiarkach, motocyklach, urz\u0105dzeniach ogrodniczych itp. Podnosi wydajno\u015b\u0107 maszyny i stanowi<br \/><a class=\"more-link\" href=\"https:\/\/bobimarket.pl\/index.php\/produkt\/olej-do-mieszanki-paliwa-2t-pily-stihl-dozownik-1l\/\"><br \/>\n        Czytaj wi\u0119cej<span class=\"screen-reader-text\"> &#8222;OLEJ DO MIESZANKI PALIWA 2T PI\u0141Y STIHL DOZOWNIK 1L&#8221;<\/span><\/a><\/p>\n","protected":false},"featured_media":96903,"template":"","meta":[],"product_cat":[8380],"product_tag":[],"yoast_head":"<!-- This site is optimized with the Yoast SEO plugin v21.0 - https:\/\/yoast.com\/wordpress\/plugins\/seo\/ -->\n<title>OLEJ DO MIESZANKI PALIWA 2T PI\u0141Y STIHL DOZOWNIK 1L - BOBIMARKET.pl - Remontuj i urz\u0105dzaj z nami<\/title>\n<meta name=\"robots\" content=\"index, follow, max-snippet:-1, max-image-preview:large, max-video-preview:-1\" \/>\n<link rel=\"canonical\" href=\"https:\/\/bobimarket.pl\/index.php\/produkt\/olej-do-mieszanki-paliwa-2t-pily-stihl-dozownik-1l\/\" \/>\n<meta property=\"og:locale\" content=\"pl_PL\" \/>\n<meta property=\"og:type\" content=\"article\" \/>\n<meta property=\"og:title\" content=\"OLEJ DO MIESZANKI PALIWA 2T PI\u0141Y STIHL DOZOWNIK 1L - BOBIMARKET.pl - Remontuj i urz\u0105dzaj z nami\" \/>\n<meta property=\"og:description\" content=\"\u2728OLEJ DO MIESZANKI PALIWA 2T PI\u0141Y STIHL DOZOWNIK 1L\u2728 Informacje og\u00f3lne: Pojemno\u015b\u0107: 1 L API: TC Typowe dozowanie: 1:50 Zastosowanie: olej do silnik\u00f3w dwusuwowych Ju\u017c dzi\u015b zadbaj o sw\u00f3j sprz\u0119t ogrodniczy! P\u00f3\u0142syntetyczny olej do silnik\u00f3w dwusuwowych do smarowania mieszankowego i oddzielnego. Produkt ma zastosowanie w kosiarkach, motocyklach, urz\u0105dzeniach ogrodniczych itp. Podnosi wydajno\u015b\u0107 maszyny i stanowi     Czytaj wi\u0119cej &quot;OLEJ DO MIESZANKI PALIWA 2T PI\u0141Y STIHL DOZOWNIK 1L&quot;\" \/>\n<meta property=\"og:url\" content=\"https:\/\/bobimarket.pl\/index.php\/produkt\/olej-do-mieszanki-paliwa-2t-pily-stihl-dozownik-1l\/\" \/>\n<meta property=\"og:site_name\" content=\"BOBIMARKET.pl - Remontuj i urz\u0105dzaj z nami\" \/>\n<meta property=\"article:modified_time\" content=\"2025-02-27T16:30:28+00:00\" \/>\n<meta property=\"og:image\" content=\"https:\/\/upload.cdn.baselinker.com\/products\/14476\/b76c2dac02b7cb84d96d976de0dba57f.jpg\" \/>\n<meta name=\"twitter:card\" content=\"summary_large_image\" \/>\n<meta name=\"twitter:label1\" content=\"Szacowany czas czytania\" \/>\n\t<meta name=\"twitter:data1\" content=\"1 minuta\" \/>\n<script type=\"application\/ld+json\" class=\"yoast-schema-graph\">{\"@context\":\"https:\/\/schema.org\",\"@graph\":[{\"@type\":\"WebPage\",\"@id\":\"https:\/\/bobimarket.pl\/index.php\/produkt\/olej-do-mieszanki-paliwa-2t-pily-stihl-dozownik-1l\/\",\"url\":\"https:\/\/bobimarket.pl\/index.php\/produkt\/olej-do-mieszanki-paliwa-2t-pily-stihl-dozownik-1l\/\",\"name\":\"OLEJ DO MIESZANKI PALIWA 2T PI\u0141Y STIHL DOZOWNIK 1L - BOBIMARKET.pl - Remontuj i urz\u0105dzaj z nami\",\"isPartOf\":{\"@id\":\"https:\/\/bobimarket.pl\/#website\"},\"datePublished\":\"2023-08-30T12:05:29+00:00\",\"dateModified\":\"2025-02-27T16:30:28+00:00\",\"breadcrumb\":{\"@id\":\"https:\/\/bobimarket.pl\/index.php\/produkt\/olej-do-mieszanki-paliwa-2t-pily-stihl-dozownik-1l\/#breadcrumb\"},\"inLanguage\":\"pl-PL\",\"potentialAction\":[{\"@type\":\"ReadAction\",\"target\":[\"https:\/\/bobimarket.pl\/index.php\/produkt\/olej-do-mieszanki-paliwa-2t-pily-stihl-dozownik-1l\/\"]}]},{\"@type\":\"BreadcrumbList\",\"@id\":\"https:\/\/bobimarket.pl\/index.php\/produkt\/olej-do-mieszanki-paliwa-2t-pily-stihl-dozownik-1l\/#breadcrumb\",\"itemListElement\":[{\"@type\":\"ListItem\",\"position\":1,\"name\":\"Strona g\u0142\u00f3wna\",\"item\":\"https:\/\/bobimarket.pl\/\"},{\"@type\":\"ListItem\",\"position\":2,\"name\":\"Sklep\",\"item\":\"https:\/\/bobimarket.pl\/index.php\/shop\/\"},{\"@type\":\"ListItem\",\"position\":3,\"name\":\"OLEJ DO MIESZANKI PALIWA 2T PI\u0141Y STIHL DOZOWNIK 1L\"}]},{\"@type\":\"WebSite\",\"@id\":\"https:\/\/bobimarket.pl\/#website\",\"url\":\"https:\/\/bobimarket.pl\/\",\"name\":\"BOBIMARKET.pl - Remontuj i urz\u0105dzaj z nami\",\"description\":\"Remontuj i urz\u0105dzaj z nami\",\"publisher\":{\"@id\":\"https:\/\/bobimarket.pl\/#organization\"},\"potentialAction\":[{\"@type\":\"SearchAction\",\"target\":{\"@type\":\"EntryPoint\",\"urlTemplate\":\"https:\/\/bobimarket.pl\/?s={search_term_string}\"},\"query-input\":\"required name=search_term_string\"}],\"inLanguage\":\"pl-PL\"},{\"@type\":\"Organization\",\"@id\":\"https:\/\/bobimarket.pl\/#organization\",\"name\":\"BOBIMARKET.pl\",\"url\":\"https:\/\/bobimarket.pl\/\",\"logo\":{\"@type\":\"ImageObject\",\"inLanguage\":\"pl-PL\",\"@id\":\"https:\/\/bobimarket.pl\/#\/schema\/logo\/image\/\",\"url\":\"https:\/\/bobimarket.pl\/wp-content\/uploads\/2021\/11\/slogan.png\",\"contentUrl\":\"https:\/\/bobimarket.pl\/wp-content\/uploads\/2021\/11\/slogan.png\",\"width\":2000,\"height\":384,\"caption\":\"BOBIMARKET.pl\"},\"image\":{\"@id\":\"https:\/\/bobimarket.pl\/#\/schema\/logo\/image\/\"}}]}<\/script>\n<!-- \/ Yoast SEO plugin. -->","yoast_head_json":{"title":"OLEJ DO MIESZANKI PALIWA 2T PI\u0141Y STIHL DOZOWNIK 1L - BOBIMARKET.pl - Remontuj i urz\u0105dzaj z nami","robots":{"index":"index","follow":"follow","max-snippet":"max-snippet:-1","max-image-preview":"max-image-preview:large","max-video-preview":"max-video-preview:-1"},"canonical":"https:\/\/bobimarket.pl\/index.php\/produkt\/olej-do-mieszanki-paliwa-2t-pily-stihl-dozownik-1l\/","og_locale":"pl_PL","og_type":"article","og_title":"OLEJ DO MIESZANKI PALIWA 2T PI\u0141Y STIHL DOZOWNIK 1L - BOBIMARKET.pl - Remontuj i urz\u0105dzaj z nami","og_description":"\u2728OLEJ DO MIESZANKI PALIWA 2T PI\u0141Y STIHL DOZOWNIK 1L\u2728 Informacje og\u00f3lne: Pojemno\u015b\u0107: 1 L API: TC Typowe dozowanie: 1:50 Zastosowanie: olej do silnik\u00f3w dwusuwowych Ju\u017c dzi\u015b zadbaj o sw\u00f3j sprz\u0119t ogrodniczy! P\u00f3\u0142syntetyczny olej do silnik\u00f3w dwusuwowych do smarowania mieszankowego i oddzielnego. Produkt ma zastosowanie w kosiarkach, motocyklach, urz\u0105dzeniach ogrodniczych itp. Podnosi wydajno\u015b\u0107 maszyny i stanowi     Czytaj wi\u0119cej \"OLEJ DO MIESZANKI PALIWA 2T PI\u0141Y STIHL DOZOWNIK 1L\"","og_url":"https:\/\/bobimarket.pl\/index.php\/produkt\/olej-do-mieszanki-paliwa-2t-pily-stihl-dozownik-1l\/","og_site_name":"BOBIMARKET.pl - Remontuj i urz\u0105dzaj z nami","article_modified_time":"2025-02-27T16:30:28+00:00","og_image":[{"url":"https:\/\/upload.cdn.baselinker.com\/products\/14476\/b76c2dac02b7cb84d96d976de0dba57f.jpg"}],"twitter_card":"summary_large_image","twitter_misc":{"Szacowany czas czytania":"1 minuta"},"schema":{"@context":"https:\/\/schema.org","@graph":[{"@type":"WebPage","@id":"https:\/\/bobimarket.pl\/index.php\/produkt\/olej-do-mieszanki-paliwa-2t-pily-stihl-dozownik-1l\/","url":"https:\/\/bobimarket.pl\/index.php\/produkt\/olej-do-mieszanki-paliwa-2t-pily-stihl-dozownik-1l\/","name":"OLEJ DO MIESZANKI PALIWA 2T PI\u0141Y STIHL DOZOWNIK 1L - BOBIMARKET.pl - Remontuj i urz\u0105dzaj z nami","isPartOf":{"@id":"https:\/\/bobimarket.pl\/#website"},"datePublished":"2023-08-30T12:05:29+00:00","dateModified":"2025-02-27T16:30:28+00:00","breadcrumb":{"@id":"https:\/\/bobimarket.pl\/index.php\/produkt\/olej-do-mieszanki-paliwa-2t-pily-stihl-dozownik-1l\/#breadcrumb"},"inLanguage":"pl-PL","potentialAction":[{"@type":"ReadAction","target":["https:\/\/bobimarket.pl\/index.php\/produkt\/olej-do-mieszanki-paliwa-2t-pily-stihl-dozownik-1l\/"]}]},{"@type":"BreadcrumbList","@id":"https:\/\/bobimarket.pl\/index.php\/produkt\/olej-do-mieszanki-paliwa-2t-pily-stihl-dozownik-1l\/#breadcrumb","itemListElement":[{"@type":"ListItem","position":1,"name":"Strona g\u0142\u00f3wna","item":"https:\/\/bobimarket.pl\/"},{"@type":"ListItem","position":2,"name":"Sklep","item":"https:\/\/bobimarket.pl\/index.php\/shop\/"},{"@type":"ListItem","position":3,"name":"OLEJ DO MIESZANKI PALIWA 2T PI\u0141Y STIHL DOZOWNIK 1L"}]},{"@type":"WebSite","@id":"https:\/\/bobimarket.pl\/#website","url":"https:\/\/bobimarket.pl\/","name":"BOBIMARKET.pl - Remontuj i urz\u0105dzaj z nami","description":"Remontuj i urz\u0105dzaj z nami","publisher":{"@id":"https:\/\/bobimarket.pl\/#organization"},"potentialAction":[{"@type":"SearchAction","target":{"@type":"EntryPoint","urlTemplate":"https:\/\/bobimarket.pl\/?s={search_term_string}"},"query-input":"required name=search_term_string"}],"inLanguage":"pl-PL"},{"@type":"Organization","@id":"https:\/\/bobimarket.pl\/#organization","name":"BOBIMARKET.pl","url":"https:\/\/bobimarket.pl\/","logo":{"@type":"ImageObject","inLanguage":"pl-PL","@id":"https:\/\/bobimarket.pl\/#\/schema\/logo\/image\/","url":"https:\/\/bobimarket.pl\/wp-content\/uploads\/2021\/11\/slogan.png","contentUrl":"https:\/\/bobimarket.pl\/wp-content\/uploads\/2021\/11\/slogan.png","width":2000,"height":384,"caption":"BOBIMARKET.pl"},"image":{"@id":"https:\/\/bobimarket.pl\/#\/schema\/logo\/image\/"}}]}},"_links":{"self":[{"href":"https:\/\/bobimarket.pl\/index.php\/wp-json\/wp\/v2\/product\/96910"}],"collection":[{"href":"https:\/\/bobimarket.pl\/index.php\/wp-json\/wp\/v2\/product"}],"about":[{"href":"https:\/\/bobimarket.pl\/index.php\/wp-json\/wp\/v2\/types\/product"}],"wp:featuredmedia":[{"embeddable":true,"href":"https:\/\/bobimarket.pl\/index.php\/wp-json\/wp\/v2\/media\/96903"}],"wp:attachment":[{"href":"https:\/\/bobimarket.pl\/index.php\/wp-json\/wp\/v2\/media?parent=96910"}],"wp:term":[{"taxonomy":"product_cat","embeddable":true,"href":"https:\/\/bobimarket.pl\/index.php\/wp-json\/wp\/v2\/product_cat?post=96910"},{"taxonomy":"product_tag","embeddable":true,"href":"https:\/\/bobimarket.pl\/index.php\/wp-json\/wp\/v2\/product_tag?post=96910"}],"curies":[{"name":"wp","href":"https:\/\/api.w.org\/{rel}","templated":true}]}}