{"id":96916,"date":"2023-08-30T12:05:51","date_gmt":"2023-08-30T12:05:51","guid":{"rendered":"https:\/\/bobimarket.pl\/index.php\/produkt\/mlotek-spawalniczy-sprezynowy-rekojesc-sprezyna-300g\/"},"modified":"2025-02-27T16:30:36","modified_gmt":"2025-02-27T16:30:36","slug":"mlotek-spawalniczy-sprezynowy-rekojesc-sprezyna-300g","status":"publish","type":"product","link":"https:\/\/bobimarket.pl\/index.php\/produkt\/mlotek-spawalniczy-sprezynowy-rekojesc-sprezyna-300g\/","title":{"rendered":"M\u0141OTEK SPAWALNICZY SPR\u0118\u017bYNOWY R\u0118KOJE\u015a\u0106 SPR\u0118\u017bYNA 300g"},"content":{"rendered":"<section class=\"section\">\n<div class=\"item item-12\">\n<section class=\"text-item\">\n<h2>M\u0141OTEK SPAWALNICZY SPR\u0118\u017bYNOWY R\u0118KOJE\u015a\u0106 SPR\u0118\u017bYNA 300g<\/h2>\n<p><b>Informacje og\u00f3lne:<\/b><\/p>\n<ul>\n<li>Typ: <b>spawalniczy <\/b><\/li>\n<li>Waga: <b>300g<\/b><\/li>\n<li>R\u0119koje\u015b\u0107: spr\u0119\u017cyna<\/li>\n<li>Materia\u0142: stal narz\u0119dziowa, strefowo utwardzana termicznie<\/li>\n<li>Spr\u0119\u017cyna zwi\u0119kszaj\u0105ca si\u0142\u0119 uderzenia<\/li>\n<\/ul>\n<\/section><\/div>\n<\/section>\n<section class=\"section\">\n<div class=\"item item-12\">\n<section class=\"image-item\">\n            <img decoding=\"async\" src=\"https:\/\/upload.cdn.baselinker.com\/products\/14476\/de60e98c34146aa089058a5793eaf5ab.jpg\" \/><br \/>\n        <\/section>\n<\/p><\/div>\n<\/section>\n<section class=\"section\">\n<div class=\"item item-12\">\n<section class=\"text-item\">\n<h2>Niezb\u0119dne narz\u0119dzie w Twojej skrzynce!<\/h2>\n<p>Klasyczny m\u0142otek spawalniczy o wadze 300g. Narz\u0119dzie sprawdzi si\u0119 zar\u00f3wno w przydomowych warsztatach, jak i w podczas wykonywania profesjonalnych prac. Obuch m\u0142otka jest hartowany w formie przecinaka, a bijak zako\u0144czony jest sto\u017ckowo. Charakterystyczna raczka w kszta\u0142cie spr\u0119\u017cyny. zosta\u0142a zaprojektowana tak, aby zapewnia\u0107 maksymalny komfort pracy. Produkt ten b\u0119dzie przydatny podczas wykonywania r\u00f3\u017cnych prac spawalniczy<\/p>\n<ul>\n<li><b>Solidna i precyzyjna g\u0142owica<\/b> zapewnia wydajn\u0105 i wygodn\u0105 prac\u0119.<\/li>\n<li><b>Spr\u0119\u017cynowy uchwyt<\/b> redukuje dzia\u0142anie si\u0142y uderzenia na r\u0119k\u0119 u\u017cytkownika zwi\u0119kszaj\u0105c tym samym komfort pracy.<\/li>\n<\/ul>\n<\/section><\/div>\n<\/section>\n<section class=\"section\">\n<div class=\"item item-12\">\n<section class=\"image-item\">\n            <img decoding=\"async\" src=\"https:\/\/upload.cdn.baselinker.com\/products\/14476\/de60e98c34146aa089058a5793eaf5ab.jpg\" \/><br \/>\n        <\/section>\n<\/p><\/div>\n<\/section>\n<section class=\"section\">\n<div class=\"item item-12\">\n<section class=\"text-item\">\n<h2>\u2705 Zastosowanie:<\/h2>\n<p>M\u0142otek spawalniczy s\u0142u\u017cy do usuwania \u017cu\u017clu spawalniczego oraz odprysk\u00f3w powsta\u0142ych w procesie spawania elektrodowego oraz drutami spawalniczymi. Spr\u0119\u017cynowa r\u0119koje\u015b\u0107\u00a0 pozwala systematycznie oraz skutecznie oczyszcza\u0107 spawy. M\u0142otek jest lekki i wytrzyma\u0142y. Spr\u0119\u017cynowy uchwyt redukuje dzia\u0142anie si\u0142y uderzenia na r\u0119k\u0119 zwi\u0119kszaj\u0105c tym samym komfort pracy.<\/p>\n<\/section><\/div>\n<\/section>\n","protected":false},"excerpt":{"rendered":"<p>M\u0141OTEK SPAWALNICZY SPR\u0118\u017bYNOWY R\u0118KOJE\u015a\u0106 SPR\u0118\u017bYNA 300g Informacje og\u00f3lne: Typ: spawalniczy Waga: 300g R\u0119koje\u015b\u0107: spr\u0119\u017cyna Materia\u0142: stal narz\u0119dziowa, strefowo utwardzana termicznie Spr\u0119\u017cyna zwi\u0119kszaj\u0105ca si\u0142\u0119 uderzenia Niezb\u0119dne narz\u0119dzie w Twojej skrzynce! Klasyczny m\u0142otek spawalniczy o wadze 300g. Narz\u0119dzie sprawdzi si\u0119 zar\u00f3wno w przydomowych warsztatach, jak i w podczas wykonywania profesjonalnych prac. Obuch m\u0142otka jest hartowany w formie<br \/><a class=\"more-link\" href=\"https:\/\/bobimarket.pl\/index.php\/produkt\/mlotek-spawalniczy-sprezynowy-rekojesc-sprezyna-300g\/\"><br \/>\n        Czytaj wi\u0119cej<span class=\"screen-reader-text\"> &#8222;M\u0141OTEK SPAWALNICZY SPR\u0118\u017bYNOWY R\u0118KOJE\u015a\u0106 SPR\u0118\u017bYNA 300g&#8221;<\/span><\/a><\/p>\n","protected":false},"featured_media":96914,"template":"","meta":[],"product_cat":[8197],"product_tag":[],"yoast_head":"<!-- This site is optimized with the Yoast SEO plugin v21.0 - https:\/\/yoast.com\/wordpress\/plugins\/seo\/ -->\n<title>M\u0141OTEK SPAWALNICZY SPR\u0118\u017bYNOWY R\u0118KOJE\u015a\u0106 SPR\u0118\u017bYNA 300g - BOBIMARKET.pl - Remontuj i urz\u0105dzaj z nami<\/title>\n<meta name=\"robots\" content=\"index, follow, max-snippet:-1, max-image-preview:large, max-video-preview:-1\" \/>\n<link rel=\"canonical\" href=\"https:\/\/bobimarket.pl\/index.php\/produkt\/mlotek-spawalniczy-sprezynowy-rekojesc-sprezyna-300g\/\" \/>\n<meta property=\"og:locale\" content=\"pl_PL\" \/>\n<meta property=\"og:type\" content=\"article\" \/>\n<meta property=\"og:title\" content=\"M\u0141OTEK SPAWALNICZY SPR\u0118\u017bYNOWY R\u0118KOJE\u015a\u0106 SPR\u0118\u017bYNA 300g - BOBIMARKET.pl - Remontuj i urz\u0105dzaj z nami\" \/>\n<meta property=\"og:description\" content=\"M\u0141OTEK SPAWALNICZY SPR\u0118\u017bYNOWY R\u0118KOJE\u015a\u0106 SPR\u0118\u017bYNA 300g Informacje og\u00f3lne: Typ: spawalniczy Waga: 300g R\u0119koje\u015b\u0107: spr\u0119\u017cyna Materia\u0142: stal narz\u0119dziowa, strefowo utwardzana termicznie Spr\u0119\u017cyna zwi\u0119kszaj\u0105ca si\u0142\u0119 uderzenia Niezb\u0119dne narz\u0119dzie w Twojej skrzynce! Klasyczny m\u0142otek spawalniczy o wadze 300g. Narz\u0119dzie sprawdzi si\u0119 zar\u00f3wno w przydomowych warsztatach, jak i w podczas wykonywania profesjonalnych prac. Obuch m\u0142otka jest hartowany w formie     Czytaj wi\u0119cej &quot;M\u0141OTEK SPAWALNICZY SPR\u0118\u017bYNOWY R\u0118KOJE\u015a\u0106 SPR\u0118\u017bYNA 300g&quot;\" \/>\n<meta property=\"og:url\" content=\"https:\/\/bobimarket.pl\/index.php\/produkt\/mlotek-spawalniczy-sprezynowy-rekojesc-sprezyna-300g\/\" \/>\n<meta property=\"og:site_name\" content=\"BOBIMARKET.pl - Remontuj i urz\u0105dzaj z nami\" \/>\n<meta property=\"article:modified_time\" content=\"2025-02-27T16:30:36+00:00\" \/>\n<meta property=\"og:image\" content=\"https:\/\/upload.cdn.baselinker.com\/products\/14476\/de60e98c34146aa089058a5793eaf5ab.jpg\" \/>\n<meta name=\"twitter:card\" content=\"summary_large_image\" \/>\n<meta name=\"twitter:label1\" content=\"Szacowany czas czytania\" \/>\n\t<meta name=\"twitter:data1\" content=\"1 minuta\" \/>\n<script type=\"application\/ld+json\" class=\"yoast-schema-graph\">{\"@context\":\"https:\/\/schema.org\",\"@graph\":[{\"@type\":\"WebPage\",\"@id\":\"https:\/\/bobimarket.pl\/index.php\/produkt\/mlotek-spawalniczy-sprezynowy-rekojesc-sprezyna-300g\/\",\"url\":\"https:\/\/bobimarket.pl\/index.php\/produkt\/mlotek-spawalniczy-sprezynowy-rekojesc-sprezyna-300g\/\",\"name\":\"M\u0141OTEK SPAWALNICZY SPR\u0118\u017bYNOWY R\u0118KOJE\u015a\u0106 SPR\u0118\u017bYNA 300g - BOBIMARKET.pl - Remontuj i urz\u0105dzaj z nami\",\"isPartOf\":{\"@id\":\"https:\/\/bobimarket.pl\/#website\"},\"datePublished\":\"2023-08-30T12:05:51+00:00\",\"dateModified\":\"2025-02-27T16:30:36+00:00\",\"breadcrumb\":{\"@id\":\"https:\/\/bobimarket.pl\/index.php\/produkt\/mlotek-spawalniczy-sprezynowy-rekojesc-sprezyna-300g\/#breadcrumb\"},\"inLanguage\":\"pl-PL\",\"potentialAction\":[{\"@type\":\"ReadAction\",\"target\":[\"https:\/\/bobimarket.pl\/index.php\/produkt\/mlotek-spawalniczy-sprezynowy-rekojesc-sprezyna-300g\/\"]}]},{\"@type\":\"BreadcrumbList\",\"@id\":\"https:\/\/bobimarket.pl\/index.php\/produkt\/mlotek-spawalniczy-sprezynowy-rekojesc-sprezyna-300g\/#breadcrumb\",\"itemListElement\":[{\"@type\":\"ListItem\",\"position\":1,\"name\":\"Strona g\u0142\u00f3wna\",\"item\":\"https:\/\/bobimarket.pl\/\"},{\"@type\":\"ListItem\",\"position\":2,\"name\":\"Sklep\",\"item\":\"https:\/\/bobimarket.pl\/index.php\/shop\/\"},{\"@type\":\"ListItem\",\"position\":3,\"name\":\"M\u0141OTEK SPAWALNICZY SPR\u0118\u017bYNOWY R\u0118KOJE\u015a\u0106 SPR\u0118\u017bYNA 300g\"}]},{\"@type\":\"WebSite\",\"@id\":\"https:\/\/bobimarket.pl\/#website\",\"url\":\"https:\/\/bobimarket.pl\/\",\"name\":\"BOBIMARKET.pl - Remontuj i urz\u0105dzaj z nami\",\"description\":\"Remontuj i urz\u0105dzaj z nami\",\"publisher\":{\"@id\":\"https:\/\/bobimarket.pl\/#organization\"},\"potentialAction\":[{\"@type\":\"SearchAction\",\"target\":{\"@type\":\"EntryPoint\",\"urlTemplate\":\"https:\/\/bobimarket.pl\/?s={search_term_string}\"},\"query-input\":\"required name=search_term_string\"}],\"inLanguage\":\"pl-PL\"},{\"@type\":\"Organization\",\"@id\":\"https:\/\/bobimarket.pl\/#organization\",\"name\":\"BOBIMARKET.pl\",\"url\":\"https:\/\/bobimarket.pl\/\",\"logo\":{\"@type\":\"ImageObject\",\"inLanguage\":\"pl-PL\",\"@id\":\"https:\/\/bobimarket.pl\/#\/schema\/logo\/image\/\",\"url\":\"https:\/\/bobimarket.pl\/wp-content\/uploads\/2021\/11\/slogan.png\",\"contentUrl\":\"https:\/\/bobimarket.pl\/wp-content\/uploads\/2021\/11\/slogan.png\",\"width\":2000,\"height\":384,\"caption\":\"BOBIMARKET.pl\"},\"image\":{\"@id\":\"https:\/\/bobimarket.pl\/#\/schema\/logo\/image\/\"}}]}<\/script>\n<!-- \/ Yoast SEO plugin. -->","yoast_head_json":{"title":"M\u0141OTEK SPAWALNICZY SPR\u0118\u017bYNOWY R\u0118KOJE\u015a\u0106 SPR\u0118\u017bYNA 300g - BOBIMARKET.pl - Remontuj i urz\u0105dzaj z nami","robots":{"index":"index","follow":"follow","max-snippet":"max-snippet:-1","max-image-preview":"max-image-preview:large","max-video-preview":"max-video-preview:-1"},"canonical":"https:\/\/bobimarket.pl\/index.php\/produkt\/mlotek-spawalniczy-sprezynowy-rekojesc-sprezyna-300g\/","og_locale":"pl_PL","og_type":"article","og_title":"M\u0141OTEK SPAWALNICZY SPR\u0118\u017bYNOWY R\u0118KOJE\u015a\u0106 SPR\u0118\u017bYNA 300g - BOBIMARKET.pl - Remontuj i urz\u0105dzaj z nami","og_description":"M\u0141OTEK SPAWALNICZY SPR\u0118\u017bYNOWY R\u0118KOJE\u015a\u0106 SPR\u0118\u017bYNA 300g Informacje og\u00f3lne: Typ: spawalniczy Waga: 300g R\u0119koje\u015b\u0107: spr\u0119\u017cyna Materia\u0142: stal narz\u0119dziowa, strefowo utwardzana termicznie Spr\u0119\u017cyna zwi\u0119kszaj\u0105ca si\u0142\u0119 uderzenia Niezb\u0119dne narz\u0119dzie w Twojej skrzynce! Klasyczny m\u0142otek spawalniczy o wadze 300g. Narz\u0119dzie sprawdzi si\u0119 zar\u00f3wno w przydomowych warsztatach, jak i w podczas wykonywania profesjonalnych prac. Obuch m\u0142otka jest hartowany w formie     Czytaj wi\u0119cej \"M\u0141OTEK SPAWALNICZY SPR\u0118\u017bYNOWY R\u0118KOJE\u015a\u0106 SPR\u0118\u017bYNA 300g\"","og_url":"https:\/\/bobimarket.pl\/index.php\/produkt\/mlotek-spawalniczy-sprezynowy-rekojesc-sprezyna-300g\/","og_site_name":"BOBIMARKET.pl - Remontuj i urz\u0105dzaj z nami","article_modified_time":"2025-02-27T16:30:36+00:00","og_image":[{"url":"https:\/\/upload.cdn.baselinker.com\/products\/14476\/de60e98c34146aa089058a5793eaf5ab.jpg"}],"twitter_card":"summary_large_image","twitter_misc":{"Szacowany czas czytania":"1 minuta"},"schema":{"@context":"https:\/\/schema.org","@graph":[{"@type":"WebPage","@id":"https:\/\/bobimarket.pl\/index.php\/produkt\/mlotek-spawalniczy-sprezynowy-rekojesc-sprezyna-300g\/","url":"https:\/\/bobimarket.pl\/index.php\/produkt\/mlotek-spawalniczy-sprezynowy-rekojesc-sprezyna-300g\/","name":"M\u0141OTEK SPAWALNICZY SPR\u0118\u017bYNOWY R\u0118KOJE\u015a\u0106 SPR\u0118\u017bYNA 300g - BOBIMARKET.pl - Remontuj i urz\u0105dzaj z nami","isPartOf":{"@id":"https:\/\/bobimarket.pl\/#website"},"datePublished":"2023-08-30T12:05:51+00:00","dateModified":"2025-02-27T16:30:36+00:00","breadcrumb":{"@id":"https:\/\/bobimarket.pl\/index.php\/produkt\/mlotek-spawalniczy-sprezynowy-rekojesc-sprezyna-300g\/#breadcrumb"},"inLanguage":"pl-PL","potentialAction":[{"@type":"ReadAction","target":["https:\/\/bobimarket.pl\/index.php\/produkt\/mlotek-spawalniczy-sprezynowy-rekojesc-sprezyna-300g\/"]}]},{"@type":"BreadcrumbList","@id":"https:\/\/bobimarket.pl\/index.php\/produkt\/mlotek-spawalniczy-sprezynowy-rekojesc-sprezyna-300g\/#breadcrumb","itemListElement":[{"@type":"ListItem","position":1,"name":"Strona g\u0142\u00f3wna","item":"https:\/\/bobimarket.pl\/"},{"@type":"ListItem","position":2,"name":"Sklep","item":"https:\/\/bobimarket.pl\/index.php\/shop\/"},{"@type":"ListItem","position":3,"name":"M\u0141OTEK SPAWALNICZY SPR\u0118\u017bYNOWY R\u0118KOJE\u015a\u0106 SPR\u0118\u017bYNA 300g"}]},{"@type":"WebSite","@id":"https:\/\/bobimarket.pl\/#website","url":"https:\/\/bobimarket.pl\/","name":"BOBIMARKET.pl - Remontuj i urz\u0105dzaj z nami","description":"Remontuj i urz\u0105dzaj z nami","publisher":{"@id":"https:\/\/bobimarket.pl\/#organization"},"potentialAction":[{"@type":"SearchAction","target":{"@type":"EntryPoint","urlTemplate":"https:\/\/bobimarket.pl\/?s={search_term_string}"},"query-input":"required name=search_term_string"}],"inLanguage":"pl-PL"},{"@type":"Organization","@id":"https:\/\/bobimarket.pl\/#organization","name":"BOBIMARKET.pl","url":"https:\/\/bobimarket.pl\/","logo":{"@type":"ImageObject","inLanguage":"pl-PL","@id":"https:\/\/bobimarket.pl\/#\/schema\/logo\/image\/","url":"https:\/\/bobimarket.pl\/wp-content\/uploads\/2021\/11\/slogan.png","contentUrl":"https:\/\/bobimarket.pl\/wp-content\/uploads\/2021\/11\/slogan.png","width":2000,"height":384,"caption":"BOBIMARKET.pl"},"image":{"@id":"https:\/\/bobimarket.pl\/#\/schema\/logo\/image\/"}}]}},"_links":{"self":[{"href":"https:\/\/bobimarket.pl\/index.php\/wp-json\/wp\/v2\/product\/96916"}],"collection":[{"href":"https:\/\/bobimarket.pl\/index.php\/wp-json\/wp\/v2\/product"}],"about":[{"href":"https:\/\/bobimarket.pl\/index.php\/wp-json\/wp\/v2\/types\/product"}],"wp:featuredmedia":[{"embeddable":true,"href":"https:\/\/bobimarket.pl\/index.php\/wp-json\/wp\/v2\/media\/96914"}],"wp:attachment":[{"href":"https:\/\/bobimarket.pl\/index.php\/wp-json\/wp\/v2\/media?parent=96916"}],"wp:term":[{"taxonomy":"product_cat","embeddable":true,"href":"https:\/\/bobimarket.pl\/index.php\/wp-json\/wp\/v2\/product_cat?post=96916"},{"taxonomy":"product_tag","embeddable":true,"href":"https:\/\/bobimarket.pl\/index.php\/wp-json\/wp\/v2\/product_tag?post=96916"}],"curies":[{"name":"wp","href":"https:\/\/api.w.org\/{rel}","templated":true}]}}