{"id":96931,"date":"2023-08-30T12:06:30","date_gmt":"2023-08-30T12:06:30","guid":{"rendered":"https:\/\/bobimarket.pl\/index.php\/produkt\/wiertlo-do-metalu-3-8mm-hss-g-zestaw-5szt\/"},"modified":"2025-02-27T16:30:45","modified_gmt":"2025-02-27T16:30:45","slug":"wiertlo-do-metalu-3-8mm-hss-g-zestaw-5szt","status":"publish","type":"product","link":"https:\/\/bobimarket.pl\/index.php\/produkt\/wiertlo-do-metalu-3-8mm-hss-g-zestaw-5szt\/","title":{"rendered":"WIERT\u0141O DO METALU 3-8mm HSS-G ZESTAW 5szt."},"content":{"rendered":"<section class=\"section\">\n<div class=\"item item-12\">\n<section class=\"text-item\">\n<h2>WIERT\u0141O DO METALU 3-8mm HSS-G ZESTAW 5szt.<\/h2>\n<p><b>Informacje\u00a0og\u00f3lne:<\/b><\/p>\n<ul>\n<li>\u015arednica wiert\u0142a: <b>3,00 &#8211; 8,00\u00a0 mm<\/b><\/li>\n<li>Materia\u0142: <b>stali szybkotn\u0105cej<\/b><\/li>\n<li>Typ mocowania: <b>uchwyt cylindryczny\u00a0<\/b><\/li>\n<li>K\u0105t wierzcho\u0142ka: <b>118\u00b0<\/b><\/li>\n<\/ul>\n<h2>Zestaw zawiera 5 sztuk wierte\u0142 o r\u00f3\u017cnych \u015brednicach.<\/h2>\n<\/section><\/div>\n<\/section>\n<section class=\"section\">\n<div class=\"item item-12\">\n<section class=\"image-item\">\n            <img decoding=\"async\" src=\"https:\/\/upload.cdn.baselinker.com\/products\/14476\/d68b7b50a18ea0d928bfb50273803374.jpg\" \/><br \/>\n        <\/section>\n<\/p><\/div>\n<\/section>\n<section class=\"section\">\n<div class=\"item item-12\">\n<section class=\"text-item\">\n<h2>Praktyczny zestaw wierte\u0142 do metalu!<\/h2>\n<p>Zestaw wierte\u0142 do metalu sk\u0142adaj\u0105cy si\u0119 z 5 element\u00f3w. Poszczeg\u00f3lne wiert\u0142a wykonane\u00a0ze <b>stali szybkotn\u0105cej HS<\/b>\u00a0metod\u0105 podw\u00f3jnego szlifowania, co znacznie zwi\u0119ksza precyzj\u0119 i \u017cywotno\u015b\u0107 wiert\u0142a.\u00a0K\u0105t wierzcho\u0142ka wynosi 118\u00b0 i pozwala na bardzo szybkie\u00a0bardzo szybko zag\u0142ebia si\u0119 w obrabiany materia\u0142.\u00a0Wyposa\u017cone w <b>uchwyt cylindryczny<\/b> odpowiadaj\u0105cy \u015brednicy wiert\u0142a.\u00a0<\/p>\n<p><b>Zestaw zawiera wiert\u0142a o \u015brednicy:<\/b><\/p>\n<ul>\n<li>3,0 mm<\/li>\n<li>4,0 mm<\/li>\n<li>5,0 mm<\/li>\n<li>6,0 mm<\/li>\n<li>8,0 mm<\/li>\n<\/ul>\n<\/section><\/div>\n<\/section>\n<section class=\"section\">\n<div class=\"item item-12\">\n<section class=\"image-item\">\n            <img decoding=\"async\" src=\"https:\/\/upload.cdn.baselinker.com\/products\/14476\/daa086d4788a2be1a59247ba96ed27f2.jpg\" \/><br \/>\n        <\/section>\n<\/p><\/div>\n<\/section>\n<section class=\"section\">\n<div class=\"item item-12\">\n<section class=\"text-item\">\n<h2>\u2705Zastosowanie:\u00a0<\/h2>\n<p>Wiert\u0142o przeznaczone do obr\u00f3bki stali, mosi\u0105dzu i mied\u017a. Ca\u0142y komplet znajduje si\u0119 <b>w plastikowym organizerze<\/b>. Mo\u017cesz wi\u0119c przechowywa\u0107 je w bezpieczny spos\u00f3b.<\/p>\n<ul>\n<li>Szczelnie zamykane pude\u0142ko zapobiega gubieniu si\u0119 poszczeg\u00f3lnych element\u00f3w zestawu.<\/li>\n<li>Ponadto u\u0142atwia utrzymanie porz\u0105dku w warsztacie oraz pozwala na swobodne przenoszenie ca\u0142ego kompletu.<\/li>\n<\/ul>\n<\/section><\/div>\n<\/section>\n<section class=\"section\">\n<div class=\"item item-12\">\n<section class=\"image-item\">\n            <img decoding=\"async\" src=\"https:\/\/upload.cdn.baselinker.com\/products\/14476\/59a193653c272e1ca3ada860583631bb.jpg\" \/><br \/>\n        <\/section>\n<\/p><\/div>\n<\/section>\n","protected":false},"excerpt":{"rendered":"<p>WIERT\u0141O DO METALU 3-8mm HSS-G ZESTAW 5szt. Informacje\u00a0og\u00f3lne: \u015arednica wiert\u0142a: 3,00 &#8211; 8,00\u00a0 mm Materia\u0142: stali szybkotn\u0105cej Typ mocowania: uchwyt cylindryczny\u00a0 K\u0105t wierzcho\u0142ka: 118\u00b0 Zestaw zawiera 5 sztuk wierte\u0142 o r\u00f3\u017cnych \u015brednicach. Praktyczny zestaw wierte\u0142 do metalu! Zestaw wierte\u0142 do metalu sk\u0142adaj\u0105cy si\u0119 z 5 element\u00f3w. Poszczeg\u00f3lne wiert\u0142a wykonane\u00a0ze stali szybkotn\u0105cej HS\u00a0metod\u0105 podw\u00f3jnego szlifowania, co<br \/><a class=\"more-link\" href=\"https:\/\/bobimarket.pl\/index.php\/produkt\/wiertlo-do-metalu-3-8mm-hss-g-zestaw-5szt\/\"><br \/>\n        Czytaj wi\u0119cej<span class=\"screen-reader-text\"> &#8222;WIERT\u0141O DO METALU 3-8mm HSS-G ZESTAW 5szt.&#8221;<\/span><\/a><\/p>\n","protected":false},"featured_media":96924,"template":"","meta":[],"product_cat":[8108],"product_tag":[],"yoast_head":"<!-- This site is optimized with the Yoast SEO plugin v21.0 - https:\/\/yoast.com\/wordpress\/plugins\/seo\/ -->\n<title>WIERT\u0141O DO METALU 3-8mm HSS-G ZESTAW 5szt. - BOBIMARKET.pl - Remontuj i urz\u0105dzaj z nami<\/title>\n<meta name=\"robots\" content=\"index, follow, max-snippet:-1, max-image-preview:large, max-video-preview:-1\" \/>\n<link rel=\"canonical\" href=\"https:\/\/bobimarket.pl\/index.php\/produkt\/wiertlo-do-metalu-3-8mm-hss-g-zestaw-5szt\/\" \/>\n<meta property=\"og:locale\" content=\"pl_PL\" \/>\n<meta property=\"og:type\" content=\"article\" \/>\n<meta property=\"og:title\" content=\"WIERT\u0141O DO METALU 3-8mm HSS-G ZESTAW 5szt. - BOBIMARKET.pl - Remontuj i urz\u0105dzaj z nami\" \/>\n<meta property=\"og:description\" content=\"WIERT\u0141O DO METALU 3-8mm HSS-G ZESTAW 5szt. Informacje\u00a0og\u00f3lne: \u015arednica wiert\u0142a: 3,00 &#8211; 8,00\u00a0 mm Materia\u0142: stali szybkotn\u0105cej Typ mocowania: uchwyt cylindryczny\u00a0 K\u0105t wierzcho\u0142ka: 118\u00b0 Zestaw zawiera 5 sztuk wierte\u0142 o r\u00f3\u017cnych \u015brednicach. Praktyczny zestaw wierte\u0142 do metalu! Zestaw wierte\u0142 do metalu sk\u0142adaj\u0105cy si\u0119 z 5 element\u00f3w. Poszczeg\u00f3lne wiert\u0142a wykonane\u00a0ze stali szybkotn\u0105cej HS\u00a0metod\u0105 podw\u00f3jnego szlifowania, co     Czytaj wi\u0119cej &quot;WIERT\u0141O DO METALU 3-8mm HSS-G ZESTAW 5szt.&quot;\" \/>\n<meta property=\"og:url\" content=\"https:\/\/bobimarket.pl\/index.php\/produkt\/wiertlo-do-metalu-3-8mm-hss-g-zestaw-5szt\/\" \/>\n<meta property=\"og:site_name\" content=\"BOBIMARKET.pl - Remontuj i urz\u0105dzaj z nami\" \/>\n<meta property=\"article:modified_time\" content=\"2025-02-27T16:30:45+00:00\" \/>\n<meta property=\"og:image\" content=\"https:\/\/upload.cdn.baselinker.com\/products\/14476\/d68b7b50a18ea0d928bfb50273803374.jpg\" \/>\n<meta name=\"twitter:card\" content=\"summary_large_image\" \/>\n<meta name=\"twitter:label1\" content=\"Szacowany czas czytania\" \/>\n\t<meta name=\"twitter:data1\" content=\"1 minuta\" \/>\n<script type=\"application\/ld+json\" class=\"yoast-schema-graph\">{\"@context\":\"https:\/\/schema.org\",\"@graph\":[{\"@type\":\"WebPage\",\"@id\":\"https:\/\/bobimarket.pl\/index.php\/produkt\/wiertlo-do-metalu-3-8mm-hss-g-zestaw-5szt\/\",\"url\":\"https:\/\/bobimarket.pl\/index.php\/produkt\/wiertlo-do-metalu-3-8mm-hss-g-zestaw-5szt\/\",\"name\":\"WIERT\u0141O DO METALU 3-8mm HSS-G ZESTAW 5szt. - BOBIMARKET.pl - Remontuj i urz\u0105dzaj z nami\",\"isPartOf\":{\"@id\":\"https:\/\/bobimarket.pl\/#website\"},\"datePublished\":\"2023-08-30T12:06:30+00:00\",\"dateModified\":\"2025-02-27T16:30:45+00:00\",\"breadcrumb\":{\"@id\":\"https:\/\/bobimarket.pl\/index.php\/produkt\/wiertlo-do-metalu-3-8mm-hss-g-zestaw-5szt\/#breadcrumb\"},\"inLanguage\":\"pl-PL\",\"potentialAction\":[{\"@type\":\"ReadAction\",\"target\":[\"https:\/\/bobimarket.pl\/index.php\/produkt\/wiertlo-do-metalu-3-8mm-hss-g-zestaw-5szt\/\"]}]},{\"@type\":\"BreadcrumbList\",\"@id\":\"https:\/\/bobimarket.pl\/index.php\/produkt\/wiertlo-do-metalu-3-8mm-hss-g-zestaw-5szt\/#breadcrumb\",\"itemListElement\":[{\"@type\":\"ListItem\",\"position\":1,\"name\":\"Strona g\u0142\u00f3wna\",\"item\":\"https:\/\/bobimarket.pl\/\"},{\"@type\":\"ListItem\",\"position\":2,\"name\":\"Sklep\",\"item\":\"https:\/\/bobimarket.pl\/index.php\/shop\/\"},{\"@type\":\"ListItem\",\"position\":3,\"name\":\"WIERT\u0141O DO METALU 3-8mm HSS-G ZESTAW 5szt.\"}]},{\"@type\":\"WebSite\",\"@id\":\"https:\/\/bobimarket.pl\/#website\",\"url\":\"https:\/\/bobimarket.pl\/\",\"name\":\"BOBIMARKET.pl - Remontuj i urz\u0105dzaj z nami\",\"description\":\"Remontuj i urz\u0105dzaj z nami\",\"publisher\":{\"@id\":\"https:\/\/bobimarket.pl\/#organization\"},\"potentialAction\":[{\"@type\":\"SearchAction\",\"target\":{\"@type\":\"EntryPoint\",\"urlTemplate\":\"https:\/\/bobimarket.pl\/?s={search_term_string}\"},\"query-input\":\"required name=search_term_string\"}],\"inLanguage\":\"pl-PL\"},{\"@type\":\"Organization\",\"@id\":\"https:\/\/bobimarket.pl\/#organization\",\"name\":\"BOBIMARKET.pl\",\"url\":\"https:\/\/bobimarket.pl\/\",\"logo\":{\"@type\":\"ImageObject\",\"inLanguage\":\"pl-PL\",\"@id\":\"https:\/\/bobimarket.pl\/#\/schema\/logo\/image\/\",\"url\":\"https:\/\/bobimarket.pl\/wp-content\/uploads\/2021\/11\/slogan.png\",\"contentUrl\":\"https:\/\/bobimarket.pl\/wp-content\/uploads\/2021\/11\/slogan.png\",\"width\":2000,\"height\":384,\"caption\":\"BOBIMARKET.pl\"},\"image\":{\"@id\":\"https:\/\/bobimarket.pl\/#\/schema\/logo\/image\/\"}}]}<\/script>\n<!-- \/ Yoast SEO plugin. -->","yoast_head_json":{"title":"WIERT\u0141O DO METALU 3-8mm HSS-G ZESTAW 5szt. - BOBIMARKET.pl - Remontuj i urz\u0105dzaj z nami","robots":{"index":"index","follow":"follow","max-snippet":"max-snippet:-1","max-image-preview":"max-image-preview:large","max-video-preview":"max-video-preview:-1"},"canonical":"https:\/\/bobimarket.pl\/index.php\/produkt\/wiertlo-do-metalu-3-8mm-hss-g-zestaw-5szt\/","og_locale":"pl_PL","og_type":"article","og_title":"WIERT\u0141O DO METALU 3-8mm HSS-G ZESTAW 5szt. - BOBIMARKET.pl - Remontuj i urz\u0105dzaj z nami","og_description":"WIERT\u0141O DO METALU 3-8mm HSS-G ZESTAW 5szt. Informacje\u00a0og\u00f3lne: \u015arednica wiert\u0142a: 3,00 &#8211; 8,00\u00a0 mm Materia\u0142: stali szybkotn\u0105cej Typ mocowania: uchwyt cylindryczny\u00a0 K\u0105t wierzcho\u0142ka: 118\u00b0 Zestaw zawiera 5 sztuk wierte\u0142 o r\u00f3\u017cnych \u015brednicach. Praktyczny zestaw wierte\u0142 do metalu! Zestaw wierte\u0142 do metalu sk\u0142adaj\u0105cy si\u0119 z 5 element\u00f3w. Poszczeg\u00f3lne wiert\u0142a wykonane\u00a0ze stali szybkotn\u0105cej HS\u00a0metod\u0105 podw\u00f3jnego szlifowania, co     Czytaj wi\u0119cej \"WIERT\u0141O DO METALU 3-8mm HSS-G ZESTAW 5szt.\"","og_url":"https:\/\/bobimarket.pl\/index.php\/produkt\/wiertlo-do-metalu-3-8mm-hss-g-zestaw-5szt\/","og_site_name":"BOBIMARKET.pl - Remontuj i urz\u0105dzaj z nami","article_modified_time":"2025-02-27T16:30:45+00:00","og_image":[{"url":"https:\/\/upload.cdn.baselinker.com\/products\/14476\/d68b7b50a18ea0d928bfb50273803374.jpg"}],"twitter_card":"summary_large_image","twitter_misc":{"Szacowany czas czytania":"1 minuta"},"schema":{"@context":"https:\/\/schema.org","@graph":[{"@type":"WebPage","@id":"https:\/\/bobimarket.pl\/index.php\/produkt\/wiertlo-do-metalu-3-8mm-hss-g-zestaw-5szt\/","url":"https:\/\/bobimarket.pl\/index.php\/produkt\/wiertlo-do-metalu-3-8mm-hss-g-zestaw-5szt\/","name":"WIERT\u0141O DO METALU 3-8mm HSS-G ZESTAW 5szt. - BOBIMARKET.pl - Remontuj i urz\u0105dzaj z nami","isPartOf":{"@id":"https:\/\/bobimarket.pl\/#website"},"datePublished":"2023-08-30T12:06:30+00:00","dateModified":"2025-02-27T16:30:45+00:00","breadcrumb":{"@id":"https:\/\/bobimarket.pl\/index.php\/produkt\/wiertlo-do-metalu-3-8mm-hss-g-zestaw-5szt\/#breadcrumb"},"inLanguage":"pl-PL","potentialAction":[{"@type":"ReadAction","target":["https:\/\/bobimarket.pl\/index.php\/produkt\/wiertlo-do-metalu-3-8mm-hss-g-zestaw-5szt\/"]}]},{"@type":"BreadcrumbList","@id":"https:\/\/bobimarket.pl\/index.php\/produkt\/wiertlo-do-metalu-3-8mm-hss-g-zestaw-5szt\/#breadcrumb","itemListElement":[{"@type":"ListItem","position":1,"name":"Strona g\u0142\u00f3wna","item":"https:\/\/bobimarket.pl\/"},{"@type":"ListItem","position":2,"name":"Sklep","item":"https:\/\/bobimarket.pl\/index.php\/shop\/"},{"@type":"ListItem","position":3,"name":"WIERT\u0141O DO METALU 3-8mm HSS-G ZESTAW 5szt."}]},{"@type":"WebSite","@id":"https:\/\/bobimarket.pl\/#website","url":"https:\/\/bobimarket.pl\/","name":"BOBIMARKET.pl - Remontuj i urz\u0105dzaj z nami","description":"Remontuj i urz\u0105dzaj z nami","publisher":{"@id":"https:\/\/bobimarket.pl\/#organization"},"potentialAction":[{"@type":"SearchAction","target":{"@type":"EntryPoint","urlTemplate":"https:\/\/bobimarket.pl\/?s={search_term_string}"},"query-input":"required name=search_term_string"}],"inLanguage":"pl-PL"},{"@type":"Organization","@id":"https:\/\/bobimarket.pl\/#organization","name":"BOBIMARKET.pl","url":"https:\/\/bobimarket.pl\/","logo":{"@type":"ImageObject","inLanguage":"pl-PL","@id":"https:\/\/bobimarket.pl\/#\/schema\/logo\/image\/","url":"https:\/\/bobimarket.pl\/wp-content\/uploads\/2021\/11\/slogan.png","contentUrl":"https:\/\/bobimarket.pl\/wp-content\/uploads\/2021\/11\/slogan.png","width":2000,"height":384,"caption":"BOBIMARKET.pl"},"image":{"@id":"https:\/\/bobimarket.pl\/#\/schema\/logo\/image\/"}}]}},"_links":{"self":[{"href":"https:\/\/bobimarket.pl\/index.php\/wp-json\/wp\/v2\/product\/96931"}],"collection":[{"href":"https:\/\/bobimarket.pl\/index.php\/wp-json\/wp\/v2\/product"}],"about":[{"href":"https:\/\/bobimarket.pl\/index.php\/wp-json\/wp\/v2\/types\/product"}],"wp:featuredmedia":[{"embeddable":true,"href":"https:\/\/bobimarket.pl\/index.php\/wp-json\/wp\/v2\/media\/96924"}],"wp:attachment":[{"href":"https:\/\/bobimarket.pl\/index.php\/wp-json\/wp\/v2\/media?parent=96931"}],"wp:term":[{"taxonomy":"product_cat","embeddable":true,"href":"https:\/\/bobimarket.pl\/index.php\/wp-json\/wp\/v2\/product_cat?post=96931"},{"taxonomy":"product_tag","embeddable":true,"href":"https:\/\/bobimarket.pl\/index.php\/wp-json\/wp\/v2\/product_tag?post=96931"}],"curies":[{"name":"wp","href":"https:\/\/api.w.org\/{rel}","templated":true}]}}