{"id":96947,"date":"2023-08-30T12:07:25","date_gmt":"2023-08-30T12:07:25","guid":{"rendered":"https:\/\/bobimarket.pl\/index.php\/produkt\/kamizelka-odblaskowa-ostrzegawcza-robocza-bhp-xl\/"},"modified":"2025-02-27T16:31:04","modified_gmt":"2025-02-27T16:31:04","slug":"kamizelka-odblaskowa-ostrzegawcza-robocza-bhp-xl","status":"publish","type":"product","link":"https:\/\/bobimarket.pl\/index.php\/produkt\/kamizelka-odblaskowa-ostrzegawcza-robocza-bhp-xl\/","title":{"rendered":"KAMIZELKA ODBLASKOWA OSTRZEGAWCZA ROBOCZA BHP XL"},"content":{"rendered":"<section class=\"section\">\n<div class=\"item item-12\">\n<section class=\"text-item\">\n<h2>KAMIZELKA ODBLASKOWA OSTRZEGAWCZA ROBOCZA BHP<\/h2>\n<p><b>Informacje og\u00f3lne:<\/b><\/p>\n<ul>\n<li>Rodzaj: <b>kamizelka ostrzegawcza\u00a0<\/b><\/li>\n<li>Kolor: \u017c\u00f3\u0142ta<\/li>\n<li>Dwa pasy odblaskowe<\/li>\n<li>Zapinana na rzep<\/li>\n<li>Rozmiar: XL<\/li>\n<li>CE, EN ISO 20471<\/li>\n<\/ul>\n<\/section><\/div>\n<\/section>\n<section class=\"section\">\n<div class=\"item item-12\">\n<section class=\"image-item\">\n            <img decoding=\"async\" src=\"https:\/\/upload.cdn.baselinker.com\/products\/14476\/8f85581240f322fb09970a29aa0cd0d0.jpg\" \/><br \/>\n        <\/section>\n<\/p><\/div>\n<\/section>\n<section class=\"section\">\n<div class=\"item item-12\">\n<section class=\"text-item\">\n<h2>\u2705 Zadbaj o swoje bezpiecze\u0144stwo !<\/h2>\n<p>Klasyczna \u017c\u00f3\u0142ta kamizelka z odblaskowymi pasami. Kamizelka jest zapinana na rzepy. Dwa poziome pasy odblaskowe, z przodu i z ty\u0142u torsu, zapewniaj\u0105 skuteczno\u015b\u0107. Noszenie kamizelki przede wszystkim po zmroku znacznie podnosi bezpiecze\u0144stwo i nasz\u0105 widoczno\u015b\u0107 np. na drodze. Odzie\u017c ostrzegawcza przydatna jest r\u00f3wnie\u017c na placach budowy, gdzie r\u00f3wnie\u017c poprawia nasz\u0105 widoczno\u015b\u0107 i zapobiega potr\u0105ceniom przez maszyny budowlane tj. w\u00f3zki wid\u0142owe, d\u017awigi czy suwnice.<\/p>\n<ul>\n<li>Odblaskowa kamizelka <b>pozwala zachowa\u0107 bezpiecze\u0144stwo na drodze<\/b>. Sprawia, \u017ce jeste\u015bmy widoczni po zmroku, zmniejsza ryzyko potr\u0105cenia.<\/li>\n<li>Przyda si\u0119 podczas <b>prac budowlanych, aby podnie\u015b\u0107 bezpiecze\u0144stwo<\/b> w najniebezpieczniejszych sytuacjach i\u00a0niesprzyjaj\u0105cych warunkach pogodowych.<\/li>\n<li>\u0141atwo si\u0119 zak\u0142ada i <b>nie kr\u0119puje ruch\u00f3w<\/b>. Zajmuje ma\u0142o miejsca &#8211; mo\u017ce mie\u0107 j\u0105 zawsze przy sobie w plecaku lub aucie i zak\u0142ada\u0107, gdy jest potrzebna.\u00a0<\/li>\n<\/ul>\n<\/section><\/div>\n<\/section>\n<section class=\"section\">\n<div class=\"item item-12\">\n<section class=\"image-item\">\n            <img decoding=\"async\" src=\"https:\/\/upload.cdn.baselinker.com\/products\/14476\/c63c19747ad1e7a6dc9936788b6aaa02.jpg\" \/><br \/>\n        <\/section>\n<\/p><\/div>\n<\/section>\n<section class=\"section\">\n<div class=\"item item-12\">\n<section class=\"text-item\">\n<h2>\u2705 PAMI\u0118TAJ!\u00a0<\/h2>\n<p>Kamizelka odblaskowa znacznie poprawia bezpiecze\u0144stwo. Pieszy jest\u00a0widoczny ju\u017c z 130\u2013150m, dzi\u0119ki czemu kierowca ma <b>5 razy wi\u0119cej czasu na reakcj\u0119.<\/b> Kamizelka odblaskowa nie jest wymagana w wi\u0119kszo\u015bci sytuacji, ale <b>kieruj\u0105c si\u0119 zdrowym rozs\u0105dkiem zawsze warto j\u0105 mie\u0107<\/b> na wszelki wypadek i zadba\u0107 o bezpiecze\u0144stwo swoje i najbli\u017cszych!<\/p>\n<\/section><\/div>\n<\/section>\n","protected":false},"excerpt":{"rendered":"<p>KAMIZELKA ODBLASKOWA OSTRZEGAWCZA ROBOCZA BHP Informacje og\u00f3lne: Rodzaj: kamizelka ostrzegawcza\u00a0 Kolor: \u017c\u00f3\u0142ta Dwa pasy odblaskowe Zapinana na rzep Rozmiar: XL CE, EN ISO 20471 \u2705 Zadbaj o swoje bezpiecze\u0144stwo ! Klasyczna \u017c\u00f3\u0142ta kamizelka z odblaskowymi pasami. Kamizelka jest zapinana na rzepy. Dwa poziome pasy odblaskowe, z przodu i z ty\u0142u torsu, zapewniaj\u0105 skuteczno\u015b\u0107. Noszenie kamizelki<br \/><a class=\"more-link\" href=\"https:\/\/bobimarket.pl\/index.php\/produkt\/kamizelka-odblaskowa-ostrzegawcza-robocza-bhp-xl\/\"><br \/>\n        Czytaj wi\u0119cej<span class=\"screen-reader-text\"> &#8222;KAMIZELKA ODBLASKOWA OSTRZEGAWCZA ROBOCZA BHP XL&#8221;<\/span><\/a><\/p>\n","protected":false},"featured_media":96944,"template":"","meta":[],"product_cat":[8372],"product_tag":[],"yoast_head":"<!-- This site is optimized with the Yoast SEO plugin v21.0 - https:\/\/yoast.com\/wordpress\/plugins\/seo\/ -->\n<title>KAMIZELKA ODBLASKOWA OSTRZEGAWCZA ROBOCZA BHP XL - BOBIMARKET.pl - Remontuj i urz\u0105dzaj z nami<\/title>\n<meta name=\"robots\" content=\"index, follow, max-snippet:-1, max-image-preview:large, max-video-preview:-1\" \/>\n<link rel=\"canonical\" href=\"https:\/\/bobimarket.pl\/index.php\/produkt\/kamizelka-odblaskowa-ostrzegawcza-robocza-bhp-xl\/\" \/>\n<meta property=\"og:locale\" content=\"pl_PL\" \/>\n<meta property=\"og:type\" content=\"article\" \/>\n<meta property=\"og:title\" content=\"KAMIZELKA ODBLASKOWA OSTRZEGAWCZA ROBOCZA BHP XL - BOBIMARKET.pl - Remontuj i urz\u0105dzaj z nami\" \/>\n<meta property=\"og:description\" content=\"KAMIZELKA ODBLASKOWA OSTRZEGAWCZA ROBOCZA BHP Informacje og\u00f3lne: Rodzaj: kamizelka ostrzegawcza\u00a0 Kolor: \u017c\u00f3\u0142ta Dwa pasy odblaskowe Zapinana na rzep Rozmiar: XL CE, EN ISO 20471 \u2705 Zadbaj o swoje bezpiecze\u0144stwo ! Klasyczna \u017c\u00f3\u0142ta kamizelka z odblaskowymi pasami. Kamizelka jest zapinana na rzepy. Dwa poziome pasy odblaskowe, z przodu i z ty\u0142u torsu, zapewniaj\u0105 skuteczno\u015b\u0107. Noszenie kamizelki     Czytaj wi\u0119cej &quot;KAMIZELKA ODBLASKOWA OSTRZEGAWCZA ROBOCZA BHP XL&quot;\" \/>\n<meta property=\"og:url\" content=\"https:\/\/bobimarket.pl\/index.php\/produkt\/kamizelka-odblaskowa-ostrzegawcza-robocza-bhp-xl\/\" \/>\n<meta property=\"og:site_name\" content=\"BOBIMARKET.pl - Remontuj i urz\u0105dzaj z nami\" \/>\n<meta property=\"article:modified_time\" content=\"2025-02-27T16:31:04+00:00\" \/>\n<meta property=\"og:image\" content=\"https:\/\/upload.cdn.baselinker.com\/products\/14476\/8f85581240f322fb09970a29aa0cd0d0.jpg\" \/>\n<meta name=\"twitter:card\" content=\"summary_large_image\" \/>\n<meta name=\"twitter:label1\" content=\"Szacowany czas czytania\" \/>\n\t<meta name=\"twitter:data1\" content=\"1 minuta\" \/>\n<script type=\"application\/ld+json\" class=\"yoast-schema-graph\">{\"@context\":\"https:\/\/schema.org\",\"@graph\":[{\"@type\":\"WebPage\",\"@id\":\"https:\/\/bobimarket.pl\/index.php\/produkt\/kamizelka-odblaskowa-ostrzegawcza-robocza-bhp-xl\/\",\"url\":\"https:\/\/bobimarket.pl\/index.php\/produkt\/kamizelka-odblaskowa-ostrzegawcza-robocza-bhp-xl\/\",\"name\":\"KAMIZELKA ODBLASKOWA OSTRZEGAWCZA ROBOCZA BHP XL - BOBIMARKET.pl - Remontuj i urz\u0105dzaj z nami\",\"isPartOf\":{\"@id\":\"https:\/\/bobimarket.pl\/#website\"},\"datePublished\":\"2023-08-30T12:07:25+00:00\",\"dateModified\":\"2025-02-27T16:31:04+00:00\",\"breadcrumb\":{\"@id\":\"https:\/\/bobimarket.pl\/index.php\/produkt\/kamizelka-odblaskowa-ostrzegawcza-robocza-bhp-xl\/#breadcrumb\"},\"inLanguage\":\"pl-PL\",\"potentialAction\":[{\"@type\":\"ReadAction\",\"target\":[\"https:\/\/bobimarket.pl\/index.php\/produkt\/kamizelka-odblaskowa-ostrzegawcza-robocza-bhp-xl\/\"]}]},{\"@type\":\"BreadcrumbList\",\"@id\":\"https:\/\/bobimarket.pl\/index.php\/produkt\/kamizelka-odblaskowa-ostrzegawcza-robocza-bhp-xl\/#breadcrumb\",\"itemListElement\":[{\"@type\":\"ListItem\",\"position\":1,\"name\":\"Strona g\u0142\u00f3wna\",\"item\":\"https:\/\/bobimarket.pl\/\"},{\"@type\":\"ListItem\",\"position\":2,\"name\":\"Sklep\",\"item\":\"https:\/\/bobimarket.pl\/index.php\/shop\/\"},{\"@type\":\"ListItem\",\"position\":3,\"name\":\"KAMIZELKA ODBLASKOWA OSTRZEGAWCZA ROBOCZA BHP XL\"}]},{\"@type\":\"WebSite\",\"@id\":\"https:\/\/bobimarket.pl\/#website\",\"url\":\"https:\/\/bobimarket.pl\/\",\"name\":\"BOBIMARKET.pl - Remontuj i urz\u0105dzaj z nami\",\"description\":\"Remontuj i urz\u0105dzaj z nami\",\"publisher\":{\"@id\":\"https:\/\/bobimarket.pl\/#organization\"},\"potentialAction\":[{\"@type\":\"SearchAction\",\"target\":{\"@type\":\"EntryPoint\",\"urlTemplate\":\"https:\/\/bobimarket.pl\/?s={search_term_string}\"},\"query-input\":\"required name=search_term_string\"}],\"inLanguage\":\"pl-PL\"},{\"@type\":\"Organization\",\"@id\":\"https:\/\/bobimarket.pl\/#organization\",\"name\":\"BOBIMARKET.pl\",\"url\":\"https:\/\/bobimarket.pl\/\",\"logo\":{\"@type\":\"ImageObject\",\"inLanguage\":\"pl-PL\",\"@id\":\"https:\/\/bobimarket.pl\/#\/schema\/logo\/image\/\",\"url\":\"https:\/\/bobimarket.pl\/wp-content\/uploads\/2021\/11\/slogan.png\",\"contentUrl\":\"https:\/\/bobimarket.pl\/wp-content\/uploads\/2021\/11\/slogan.png\",\"width\":2000,\"height\":384,\"caption\":\"BOBIMARKET.pl\"},\"image\":{\"@id\":\"https:\/\/bobimarket.pl\/#\/schema\/logo\/image\/\"}}]}<\/script>\n<!-- \/ Yoast SEO plugin. -->","yoast_head_json":{"title":"KAMIZELKA ODBLASKOWA OSTRZEGAWCZA ROBOCZA BHP XL - BOBIMARKET.pl - Remontuj i urz\u0105dzaj z nami","robots":{"index":"index","follow":"follow","max-snippet":"max-snippet:-1","max-image-preview":"max-image-preview:large","max-video-preview":"max-video-preview:-1"},"canonical":"https:\/\/bobimarket.pl\/index.php\/produkt\/kamizelka-odblaskowa-ostrzegawcza-robocza-bhp-xl\/","og_locale":"pl_PL","og_type":"article","og_title":"KAMIZELKA ODBLASKOWA OSTRZEGAWCZA ROBOCZA BHP XL - BOBIMARKET.pl - Remontuj i urz\u0105dzaj z nami","og_description":"KAMIZELKA ODBLASKOWA OSTRZEGAWCZA ROBOCZA BHP Informacje og\u00f3lne: Rodzaj: kamizelka ostrzegawcza\u00a0 Kolor: \u017c\u00f3\u0142ta Dwa pasy odblaskowe Zapinana na rzep Rozmiar: XL CE, EN ISO 20471 \u2705 Zadbaj o swoje bezpiecze\u0144stwo ! Klasyczna \u017c\u00f3\u0142ta kamizelka z odblaskowymi pasami. Kamizelka jest zapinana na rzepy. Dwa poziome pasy odblaskowe, z przodu i z ty\u0142u torsu, zapewniaj\u0105 skuteczno\u015b\u0107. Noszenie kamizelki     Czytaj wi\u0119cej \"KAMIZELKA ODBLASKOWA OSTRZEGAWCZA ROBOCZA BHP XL\"","og_url":"https:\/\/bobimarket.pl\/index.php\/produkt\/kamizelka-odblaskowa-ostrzegawcza-robocza-bhp-xl\/","og_site_name":"BOBIMARKET.pl - Remontuj i urz\u0105dzaj z nami","article_modified_time":"2025-02-27T16:31:04+00:00","og_image":[{"url":"https:\/\/upload.cdn.baselinker.com\/products\/14476\/8f85581240f322fb09970a29aa0cd0d0.jpg"}],"twitter_card":"summary_large_image","twitter_misc":{"Szacowany czas czytania":"1 minuta"},"schema":{"@context":"https:\/\/schema.org","@graph":[{"@type":"WebPage","@id":"https:\/\/bobimarket.pl\/index.php\/produkt\/kamizelka-odblaskowa-ostrzegawcza-robocza-bhp-xl\/","url":"https:\/\/bobimarket.pl\/index.php\/produkt\/kamizelka-odblaskowa-ostrzegawcza-robocza-bhp-xl\/","name":"KAMIZELKA ODBLASKOWA OSTRZEGAWCZA ROBOCZA BHP XL - BOBIMARKET.pl - Remontuj i urz\u0105dzaj z nami","isPartOf":{"@id":"https:\/\/bobimarket.pl\/#website"},"datePublished":"2023-08-30T12:07:25+00:00","dateModified":"2025-02-27T16:31:04+00:00","breadcrumb":{"@id":"https:\/\/bobimarket.pl\/index.php\/produkt\/kamizelka-odblaskowa-ostrzegawcza-robocza-bhp-xl\/#breadcrumb"},"inLanguage":"pl-PL","potentialAction":[{"@type":"ReadAction","target":["https:\/\/bobimarket.pl\/index.php\/produkt\/kamizelka-odblaskowa-ostrzegawcza-robocza-bhp-xl\/"]}]},{"@type":"BreadcrumbList","@id":"https:\/\/bobimarket.pl\/index.php\/produkt\/kamizelka-odblaskowa-ostrzegawcza-robocza-bhp-xl\/#breadcrumb","itemListElement":[{"@type":"ListItem","position":1,"name":"Strona g\u0142\u00f3wna","item":"https:\/\/bobimarket.pl\/"},{"@type":"ListItem","position":2,"name":"Sklep","item":"https:\/\/bobimarket.pl\/index.php\/shop\/"},{"@type":"ListItem","position":3,"name":"KAMIZELKA ODBLASKOWA OSTRZEGAWCZA ROBOCZA BHP XL"}]},{"@type":"WebSite","@id":"https:\/\/bobimarket.pl\/#website","url":"https:\/\/bobimarket.pl\/","name":"BOBIMARKET.pl - Remontuj i urz\u0105dzaj z nami","description":"Remontuj i urz\u0105dzaj z nami","publisher":{"@id":"https:\/\/bobimarket.pl\/#organization"},"potentialAction":[{"@type":"SearchAction","target":{"@type":"EntryPoint","urlTemplate":"https:\/\/bobimarket.pl\/?s={search_term_string}"},"query-input":"required name=search_term_string"}],"inLanguage":"pl-PL"},{"@type":"Organization","@id":"https:\/\/bobimarket.pl\/#organization","name":"BOBIMARKET.pl","url":"https:\/\/bobimarket.pl\/","logo":{"@type":"ImageObject","inLanguage":"pl-PL","@id":"https:\/\/bobimarket.pl\/#\/schema\/logo\/image\/","url":"https:\/\/bobimarket.pl\/wp-content\/uploads\/2021\/11\/slogan.png","contentUrl":"https:\/\/bobimarket.pl\/wp-content\/uploads\/2021\/11\/slogan.png","width":2000,"height":384,"caption":"BOBIMARKET.pl"},"image":{"@id":"https:\/\/bobimarket.pl\/#\/schema\/logo\/image\/"}}]}},"_links":{"self":[{"href":"https:\/\/bobimarket.pl\/index.php\/wp-json\/wp\/v2\/product\/96947"}],"collection":[{"href":"https:\/\/bobimarket.pl\/index.php\/wp-json\/wp\/v2\/product"}],"about":[{"href":"https:\/\/bobimarket.pl\/index.php\/wp-json\/wp\/v2\/types\/product"}],"wp:featuredmedia":[{"embeddable":true,"href":"https:\/\/bobimarket.pl\/index.php\/wp-json\/wp\/v2\/media\/96944"}],"wp:attachment":[{"href":"https:\/\/bobimarket.pl\/index.php\/wp-json\/wp\/v2\/media?parent=96947"}],"wp:term":[{"taxonomy":"product_cat","embeddable":true,"href":"https:\/\/bobimarket.pl\/index.php\/wp-json\/wp\/v2\/product_cat?post=96947"},{"taxonomy":"product_tag","embeddable":true,"href":"https:\/\/bobimarket.pl\/index.php\/wp-json\/wp\/v2\/product_tag?post=96947"}],"curies":[{"name":"wp","href":"https:\/\/api.w.org\/{rel}","templated":true}]}}