{"id":96954,"date":"2023-08-30T12:07:42","date_gmt":"2023-08-30T12:07:42","guid":{"rendered":"https:\/\/bobimarket.pl\/index.php\/produkt\/zestaw-bitow-koncowek-ph2-nasadka-wiertlo-tytan-41\/"},"modified":"2025-02-27T16:31:08","modified_gmt":"2025-02-27T16:31:08","slug":"zestaw-bitow-koncowek-ph2-nasadka-wiertlo-tytan-41","status":"publish","type":"product","link":"https:\/\/bobimarket.pl\/index.php\/produkt\/zestaw-bitow-koncowek-ph2-nasadka-wiertlo-tytan-41\/","title":{"rendered":"ZESTAW BIT\u00d3W KO\u0143C\u00d3WEK PH2 NASADKA WIERT\u0141O TYTAN 41"},"content":{"rendered":"<section class=\"section\">\n<div class=\"item item-12\">\n<section class=\"text-item\">\n<h2><b>ZESTAW BIT\u00d3W KO\u0143C\u00d3WEK PH2 NASADKA WIERT\u0141O TYTAN 41<\/b><\/h2>\n<p><b>Informacje og\u00f3lne:<\/b><\/p>\n<ul>\n<li>Rodzaj: osprz\u0119t do elektronarz\u0119dzi<\/li>\n<li>Liczba element\u00f3w: 41 element\u00f3w<\/li>\n<li>Sk\u0142ad zestwu: wiert\u0142a do drewna, do metalu i do betonu, bity, walizka<\/li>\n<\/ul>\n<\/section><\/div>\n<\/section>\n<section class=\"section\">\n<div class=\"item item-12\">\n<section class=\"image-item\">\n            <img decoding=\"async\" src=\"https:\/\/upload.cdn.baselinker.com\/products\/14476\/c47994bcb3c5c9429292b06a2d3823ea.jpg\" \/><br \/>\n        <\/section>\n<\/p><\/div>\n<\/section>\n<section class=\"section\">\n<div class=\"item item-12\">\n<section class=\"text-item\">\n<h2>Praktyczny i solidny zestaw wierte\u0142 i bit\u00f3w!<\/h2>\n<p>Lubisz majsterkowa\u0107 lub wykonywa\u0107 drobne remonty? Je\u015bli tak, warto wyposa\u017cy\u0107 swoje stanowisko pracy w praktyczny zestaw osprz\u0119tu do elektronarz\u0119dzi. Komplet sk\u0142ada si\u0119 z r\u00f3\u017cnego rodzaju wierte\u0142 oraz bit\u00f3w. Ca\u0142o\u015b\u0107 jest szczeg\u00f3\u0142owo skompletowana i sprawia, \u017ce zestaw jest uniwersalny i sprawdzi si\u0119 jako element wyposa\u017cenia przybornika z narz\u0119dziami ka\u017cdego domowego majsterkowicza!<\/p>\n<p><b>\u2705\u00a0 W sk\u0142adz zestawu wchodz\u0105:<\/b><\/p>\n<ul>\n<li>11 sztuk wiert\u0142a do metalu o r\u00f3\u017cnych \u015bredcach\u00a0<\/li>\n<li>4 sztuki wiert\u0142a do drewna o r\u00f3\u017cnych \u015bredcach<\/li>\n<li>4 sztuki wiert\u0142a do betonu o r\u00f3\u017cnych \u015bredcach<\/li>\n<li>16 sztuk bit\u00f3w o r\u00f3\u017cnych ko\u0144c\u00f3wkach<\/li>\n<li>4 sztuki nasadek<\/li>\n<li>1 sztuke uchwytu magnetycznego o d\u0142ugo\u015bci 60 mm<\/li>\n<li>1 sztuke rozwiertaka<\/li>\n<\/ul>\n<p><b>\u2705 Ca\u0142o\u015b\u0107 umieszczono w wygodnym opakowaniu typu walizka!<\/b><\/p>\n<ul>\n<li>Szczelnie zamykane pude\u0142ko zapobiega gubieniu si\u0119 poszczeg\u00f3lnych element\u00f3w zestawu. Ka\u017cdy element ma wyznaczone miejsce.<\/li>\n<li>Ponadto u\u0142atwia utrzymanie porz\u0105dku w warsztacie oraz pozwala na swobodne przenoszenie ca\u0142ego kompletu.<\/li>\n<\/ul>\n<\/section><\/div>\n<\/section>\n<section class=\"section\">\n<div class=\"item item-12\">\n<section class=\"image-item\">\n            <img decoding=\"async\" src=\"https:\/\/upload.cdn.baselinker.com\/products\/14476\/9d276c6323b945902d5ffc7e541d9d17.jpg\" \/><br \/>\n        <\/section>\n<\/p><\/div>\n<\/section>\n<section class=\"section\">\n<div class=\"item item-12\">\n<section class=\"text-item\">\n<h2>Wiertla do matelu &#8211; 11 sztuk<\/h2>\n<p>Wiert\u0142a do metalu wykonane\u00a0ze <b>stali szybkotn\u0105cej <\/b>podw\u00f3jnie szlifowane. K\u0105t wierzcho\u0142ka wynosi 135\u00b0. Powierzchnia wiert\u0142a jest pokryta <b>warstw\u0105 azotku tytanu<\/b>, co wp\u0142ywa na zmniejszenie niebezpiecze\u0144stwo przywierania wi\u00f3r\u00f3w do wiert\u0142a oraz zwi\u0119ksza wydajno\u015b\u0107 wiercenia.<\/p>\n<p>\u2705 Wiert\u0142a nadaj\u0105 si\u0119 do pracy z wszelkimi materia\u0142ami stalowymi. Stosowany do wiercenia w:<\/p>\n<ul>\n<li>stali,<\/li>\n<li>stali nierdzewnej,<\/li>\n<li>metalach kolorowych<\/li>\n<li>i wiele innych.<\/li>\n<\/ul>\n<p>\u2705 \u015arednice wierte\u0142: 1,0 mm, 1,5 mm, 2,0 mm, 2,5 mm, 3,0 mm, 3,5 mm, 4,0 m, 4,5 mm, 5,0 mm, 6,0 mm, 6,5 mm<\/p>\n<\/section><\/div>\n<\/section>\n<section class=\"section\">\n<div class=\"item item-12\">\n<section class=\"image-item\">\n            <img decoding=\"async\" src=\"https:\/\/upload.cdn.baselinker.com\/products\/14476\/c47994bcb3c5c9429292b06a2d3823ea.jpg\" \/><br \/>\n        <\/section>\n<\/p><\/div>\n<\/section>\n<section class=\"section\">\n<div class=\"item item-12\">\n<section class=\"text-item\">\n<h2>Wiert\u0142a do drewna &#8211; 4 szt.<\/h2>\n<p>Solidne wiert\u0142a do drewna wykonane ze wysokiej jako\u015bci stali. Spiralny kszta\u0142t umo\u017cliwia szybkie i p\u0142ynne odprowadzanie wi\u00f3r\u00f3w.<b> Ostry wierzcho\u0142ek<\/b> umo\u017cliwia centryczne wiercenie bez wcze\u015bniejszego punktowania. Dodatkowo zapobiegaj\u0105 przesuwaniu si\u0119 narz\u0119dzia podczas pracy, oraz zapewniaj\u0105 czyst\u0105 kraw\u0119d\u017a wykonanego otworu.<\/p>\n<p>\u2705 Wiert\u0142a przeznaczone do obr\u00f3bki drewna i materia\u0142\u00f3w drewnopodobnych. Stosowne do wiercenia w materia\u0142ach tj.<\/p>\n<ul>\n<li>naturalne drewno mi\u0119kki i twarde,<\/li>\n<li>p\u0142yty laminowane<\/li>\n<li>sklejki<\/li>\n<li>inne materia\u0142y budowlane wykonane z drewna.<\/li>\n<\/ul>\n<p>\u2705 <b>\u015arednice wierte\u0142:<\/b> 4 mm, 5 mm, 6 mm, 8 mm<\/p>\n<\/section><\/div>\n<\/section>\n<section class=\"section\">\n<div class=\"item item-12\">\n<section class=\"image-item\">\n            <img decoding=\"async\" src=\"https:\/\/upload.cdn.baselinker.com\/products\/14476\/e7e853c20cf54165fb8cf76ff0bd4b7a.jpg\" \/><br \/>\n        <\/section>\n<\/p><\/div>\n<\/section>\n<section class=\"section\">\n<div class=\"item item-12\">\n<section class=\"text-item\">\n<h2>Wiert\u0142a do betonu &#8211; 4 szt.<\/h2>\n<p>Wiert\u0142o do betonu, pecjalnie skonstruowana <b>wk\u0142adka widiowa<\/b> sprawia, \u017ce wiert\u0142o charakteryzuje si\u0119 d\u0142u\u017csz\u0105 \u017cywotno\u015bci\u0105 i <b>wysok\u0105 wydajno\u015bci\u0105<\/b>.\u00a0 <b>Podw\u00f3jna spirala<\/b> wiert\u0142a przy\u015bpiesza odprowadzenie rozbitego materia\u0142u na zewn\u0105trz znacznie skracaj\u0105c czas potrzebny na wykonanie otworu.<\/p>\n<p>\u2705\u00a0Wiert\u0142o przeznaczone jest do obr\u00f3bki betonu i innych podobnych materia\u0142\u00f3w. Nadaje si\u0119 do kruszenia i <b>wiercenia w:<\/b><\/p>\n<ul>\n<li>cegle<\/li>\n<li>betonie<\/li>\n<li>granici<\/li>\n<li>lub kamieniach.<\/li>\n<\/ul>\n<p>\u2705 <b>\u015arednice wierte\u0142:<\/b> 4 mm, 5 mm, 6 mm, 8 mm<\/p>\n<\/section><\/div>\n<\/section>\n<section class=\"section\">\n<div class=\"item item-12\">\n<section class=\"image-item\">\n            <img decoding=\"async\" src=\"https:\/\/upload.cdn.baselinker.com\/products\/14476\/c47994bcb3c5c9429292b06a2d3823ea.jpg\" \/><br \/>\n        <\/section>\n<\/p><\/div>\n<\/section>\n<section class=\"section\">\n<div class=\"item item-12\">\n<section class=\"text-item\">\n<h2>Zestaw ko\u0144c\u00f3wek do wkr\u0119tak\u00f3w z akcesoriami<\/h2>\n<p>W komplecie znajduje sie r\u00f3wnie\u017c 16 sztuk bit\u00f3w, uchwyt magnetyczny, rozwiertak oraz 4 sztuki nasadek. Wymienne bity o r\u00f3\u017cnych rozmiarach i kszta\u0142tach\u00a0 kt\u00f3re b\u0119dziesz m\u00f3g\u0142 zamontowa\u0107 na uniwersalnym uchwycie pozwol\u0105 na szybki i sprawne wykonanie r\u00f3\u017cnego rodaju prac.<\/p>\n<p>Komplet zawiera 16 sztuk bit\u00f3w element\u00f3w. Znajdziesz w nich nast\u0119puj\u0105ce ko\u0144c\u00f3wki do wkr\u0119tak\u00f3w:<\/p>\n<ul>\n<li><b>bity p\u0142askie<\/b>: SL 4, SL 5, SL 6,<\/li>\n<li><b>bity krzy\u017cowe PH<\/b>:\u00a0 PH1, PH2, PH3<\/li>\n<li><b>bity krzy\u017cowe<\/b> <b>PZ:<\/b> PZ1. PZ2, PZ3<\/li>\n<li><b>bity sze\u015bciok\u0105tne:<\/b> H4, H5, H6<\/li>\n<li><b>bity torx<\/b>: T15, T20, T25, T30<\/li>\n<\/ul>\n<p><b>Dodatkowe elementy:<\/b><\/p>\n<ul>\n<li>nasadka magnetyczna 6mm, 8mm, 10 mm i 12 mm<\/li>\n<li>uchwyt magnetyczny 60 mm ( HEX)<\/li>\n<li>rozwiertak<\/li>\n<\/ul>\n<\/section><\/div>\n<\/section>\n","protected":false},"excerpt":{"rendered":"<p>ZESTAW BIT\u00d3W KO\u0143C\u00d3WEK PH2 NASADKA WIERT\u0141O TYTAN 41 Informacje og\u00f3lne: Rodzaj: osprz\u0119t do elektronarz\u0119dzi Liczba element\u00f3w: 41 element\u00f3w Sk\u0142ad zestwu: wiert\u0142a do drewna, do metalu i do betonu, bity, walizka Praktyczny i solidny zestaw wierte\u0142 i bit\u00f3w! Lubisz majsterkowa\u0107 lub wykonywa\u0107 drobne remonty? Je\u015bli tak, warto wyposa\u017cy\u0107 swoje stanowisko pracy w praktyczny zestaw osprz\u0119tu do<br \/><a class=\"more-link\" href=\"https:\/\/bobimarket.pl\/index.php\/produkt\/zestaw-bitow-koncowek-ph2-nasadka-wiertlo-tytan-41\/\"><br \/>\n        Czytaj wi\u0119cej<span class=\"screen-reader-text\"> &#8222;ZESTAW BIT\u00d3W KO\u0143C\u00d3WEK PH2 NASADKA WIERT\u0141O TYTAN 41&#8221;<\/span><\/a><\/p>\n","protected":false},"featured_media":96948,"template":"","meta":[],"product_cat":[8054],"product_tag":[],"yoast_head":"<!-- This site is optimized with the Yoast SEO plugin v21.0 - https:\/\/yoast.com\/wordpress\/plugins\/seo\/ -->\n<title>ZESTAW BIT\u00d3W KO\u0143C\u00d3WEK PH2 NASADKA WIERT\u0141O TYTAN 41 - BOBIMARKET.pl - Remontuj i urz\u0105dzaj z nami<\/title>\n<meta name=\"robots\" content=\"index, follow, max-snippet:-1, max-image-preview:large, max-video-preview:-1\" \/>\n<link rel=\"canonical\" href=\"https:\/\/bobimarket.pl\/index.php\/produkt\/zestaw-bitow-koncowek-ph2-nasadka-wiertlo-tytan-41\/\" \/>\n<meta property=\"og:locale\" content=\"pl_PL\" \/>\n<meta property=\"og:type\" content=\"article\" \/>\n<meta property=\"og:title\" content=\"ZESTAW BIT\u00d3W KO\u0143C\u00d3WEK PH2 NASADKA WIERT\u0141O TYTAN 41 - BOBIMARKET.pl - Remontuj i urz\u0105dzaj z nami\" \/>\n<meta property=\"og:description\" content=\"ZESTAW BIT\u00d3W KO\u0143C\u00d3WEK PH2 NASADKA WIERT\u0141O TYTAN 41 Informacje og\u00f3lne: Rodzaj: osprz\u0119t do elektronarz\u0119dzi Liczba element\u00f3w: 41 element\u00f3w Sk\u0142ad zestwu: wiert\u0142a do drewna, do metalu i do betonu, bity, walizka Praktyczny i solidny zestaw wierte\u0142 i bit\u00f3w! Lubisz majsterkowa\u0107 lub wykonywa\u0107 drobne remonty? Je\u015bli tak, warto wyposa\u017cy\u0107 swoje stanowisko pracy w praktyczny zestaw osprz\u0119tu do     Czytaj wi\u0119cej &quot;ZESTAW BIT\u00d3W KO\u0143C\u00d3WEK PH2 NASADKA WIERT\u0141O TYTAN 41&quot;\" \/>\n<meta property=\"og:url\" content=\"https:\/\/bobimarket.pl\/index.php\/produkt\/zestaw-bitow-koncowek-ph2-nasadka-wiertlo-tytan-41\/\" \/>\n<meta property=\"og:site_name\" content=\"BOBIMARKET.pl - Remontuj i urz\u0105dzaj z nami\" \/>\n<meta property=\"article:modified_time\" content=\"2025-02-27T16:31:08+00:00\" \/>\n<meta property=\"og:image\" content=\"https:\/\/upload.cdn.baselinker.com\/products\/14476\/c47994bcb3c5c9429292b06a2d3823ea.jpg\" \/>\n<meta name=\"twitter:card\" content=\"summary_large_image\" \/>\n<meta name=\"twitter:label1\" content=\"Szacowany czas czytania\" \/>\n\t<meta name=\"twitter:data1\" content=\"3 minuty\" \/>\n<script type=\"application\/ld+json\" class=\"yoast-schema-graph\">{\"@context\":\"https:\/\/schema.org\",\"@graph\":[{\"@type\":\"WebPage\",\"@id\":\"https:\/\/bobimarket.pl\/index.php\/produkt\/zestaw-bitow-koncowek-ph2-nasadka-wiertlo-tytan-41\/\",\"url\":\"https:\/\/bobimarket.pl\/index.php\/produkt\/zestaw-bitow-koncowek-ph2-nasadka-wiertlo-tytan-41\/\",\"name\":\"ZESTAW BIT\u00d3W KO\u0143C\u00d3WEK PH2 NASADKA WIERT\u0141O TYTAN 41 - BOBIMARKET.pl - Remontuj i urz\u0105dzaj z nami\",\"isPartOf\":{\"@id\":\"https:\/\/bobimarket.pl\/#website\"},\"datePublished\":\"2023-08-30T12:07:42+00:00\",\"dateModified\":\"2025-02-27T16:31:08+00:00\",\"breadcrumb\":{\"@id\":\"https:\/\/bobimarket.pl\/index.php\/produkt\/zestaw-bitow-koncowek-ph2-nasadka-wiertlo-tytan-41\/#breadcrumb\"},\"inLanguage\":\"pl-PL\",\"potentialAction\":[{\"@type\":\"ReadAction\",\"target\":[\"https:\/\/bobimarket.pl\/index.php\/produkt\/zestaw-bitow-koncowek-ph2-nasadka-wiertlo-tytan-41\/\"]}]},{\"@type\":\"BreadcrumbList\",\"@id\":\"https:\/\/bobimarket.pl\/index.php\/produkt\/zestaw-bitow-koncowek-ph2-nasadka-wiertlo-tytan-41\/#breadcrumb\",\"itemListElement\":[{\"@type\":\"ListItem\",\"position\":1,\"name\":\"Strona g\u0142\u00f3wna\",\"item\":\"https:\/\/bobimarket.pl\/\"},{\"@type\":\"ListItem\",\"position\":2,\"name\":\"Sklep\",\"item\":\"https:\/\/bobimarket.pl\/index.php\/shop\/\"},{\"@type\":\"ListItem\",\"position\":3,\"name\":\"ZESTAW BIT\u00d3W KO\u0143C\u00d3WEK PH2 NASADKA WIERT\u0141O TYTAN 41\"}]},{\"@type\":\"WebSite\",\"@id\":\"https:\/\/bobimarket.pl\/#website\",\"url\":\"https:\/\/bobimarket.pl\/\",\"name\":\"BOBIMARKET.pl - Remontuj i urz\u0105dzaj z nami\",\"description\":\"Remontuj i urz\u0105dzaj z nami\",\"publisher\":{\"@id\":\"https:\/\/bobimarket.pl\/#organization\"},\"potentialAction\":[{\"@type\":\"SearchAction\",\"target\":{\"@type\":\"EntryPoint\",\"urlTemplate\":\"https:\/\/bobimarket.pl\/?s={search_term_string}\"},\"query-input\":\"required name=search_term_string\"}],\"inLanguage\":\"pl-PL\"},{\"@type\":\"Organization\",\"@id\":\"https:\/\/bobimarket.pl\/#organization\",\"name\":\"BOBIMARKET.pl\",\"url\":\"https:\/\/bobimarket.pl\/\",\"logo\":{\"@type\":\"ImageObject\",\"inLanguage\":\"pl-PL\",\"@id\":\"https:\/\/bobimarket.pl\/#\/schema\/logo\/image\/\",\"url\":\"https:\/\/bobimarket.pl\/wp-content\/uploads\/2021\/11\/slogan.png\",\"contentUrl\":\"https:\/\/bobimarket.pl\/wp-content\/uploads\/2021\/11\/slogan.png\",\"width\":2000,\"height\":384,\"caption\":\"BOBIMARKET.pl\"},\"image\":{\"@id\":\"https:\/\/bobimarket.pl\/#\/schema\/logo\/image\/\"}}]}<\/script>\n<!-- \/ Yoast SEO plugin. -->","yoast_head_json":{"title":"ZESTAW BIT\u00d3W KO\u0143C\u00d3WEK PH2 NASADKA WIERT\u0141O TYTAN 41 - BOBIMARKET.pl - Remontuj i urz\u0105dzaj z nami","robots":{"index":"index","follow":"follow","max-snippet":"max-snippet:-1","max-image-preview":"max-image-preview:large","max-video-preview":"max-video-preview:-1"},"canonical":"https:\/\/bobimarket.pl\/index.php\/produkt\/zestaw-bitow-koncowek-ph2-nasadka-wiertlo-tytan-41\/","og_locale":"pl_PL","og_type":"article","og_title":"ZESTAW BIT\u00d3W KO\u0143C\u00d3WEK PH2 NASADKA WIERT\u0141O TYTAN 41 - BOBIMARKET.pl - Remontuj i urz\u0105dzaj z nami","og_description":"ZESTAW BIT\u00d3W KO\u0143C\u00d3WEK PH2 NASADKA WIERT\u0141O TYTAN 41 Informacje og\u00f3lne: Rodzaj: osprz\u0119t do elektronarz\u0119dzi Liczba element\u00f3w: 41 element\u00f3w Sk\u0142ad zestwu: wiert\u0142a do drewna, do metalu i do betonu, bity, walizka Praktyczny i solidny zestaw wierte\u0142 i bit\u00f3w! Lubisz majsterkowa\u0107 lub wykonywa\u0107 drobne remonty? Je\u015bli tak, warto wyposa\u017cy\u0107 swoje stanowisko pracy w praktyczny zestaw osprz\u0119tu do     Czytaj wi\u0119cej \"ZESTAW BIT\u00d3W KO\u0143C\u00d3WEK PH2 NASADKA WIERT\u0141O TYTAN 41\"","og_url":"https:\/\/bobimarket.pl\/index.php\/produkt\/zestaw-bitow-koncowek-ph2-nasadka-wiertlo-tytan-41\/","og_site_name":"BOBIMARKET.pl - Remontuj i urz\u0105dzaj z nami","article_modified_time":"2025-02-27T16:31:08+00:00","og_image":[{"url":"https:\/\/upload.cdn.baselinker.com\/products\/14476\/c47994bcb3c5c9429292b06a2d3823ea.jpg"}],"twitter_card":"summary_large_image","twitter_misc":{"Szacowany czas czytania":"3 minuty"},"schema":{"@context":"https:\/\/schema.org","@graph":[{"@type":"WebPage","@id":"https:\/\/bobimarket.pl\/index.php\/produkt\/zestaw-bitow-koncowek-ph2-nasadka-wiertlo-tytan-41\/","url":"https:\/\/bobimarket.pl\/index.php\/produkt\/zestaw-bitow-koncowek-ph2-nasadka-wiertlo-tytan-41\/","name":"ZESTAW BIT\u00d3W KO\u0143C\u00d3WEK PH2 NASADKA WIERT\u0141O TYTAN 41 - BOBIMARKET.pl - Remontuj i urz\u0105dzaj z nami","isPartOf":{"@id":"https:\/\/bobimarket.pl\/#website"},"datePublished":"2023-08-30T12:07:42+00:00","dateModified":"2025-02-27T16:31:08+00:00","breadcrumb":{"@id":"https:\/\/bobimarket.pl\/index.php\/produkt\/zestaw-bitow-koncowek-ph2-nasadka-wiertlo-tytan-41\/#breadcrumb"},"inLanguage":"pl-PL","potentialAction":[{"@type":"ReadAction","target":["https:\/\/bobimarket.pl\/index.php\/produkt\/zestaw-bitow-koncowek-ph2-nasadka-wiertlo-tytan-41\/"]}]},{"@type":"BreadcrumbList","@id":"https:\/\/bobimarket.pl\/index.php\/produkt\/zestaw-bitow-koncowek-ph2-nasadka-wiertlo-tytan-41\/#breadcrumb","itemListElement":[{"@type":"ListItem","position":1,"name":"Strona g\u0142\u00f3wna","item":"https:\/\/bobimarket.pl\/"},{"@type":"ListItem","position":2,"name":"Sklep","item":"https:\/\/bobimarket.pl\/index.php\/shop\/"},{"@type":"ListItem","position":3,"name":"ZESTAW BIT\u00d3W KO\u0143C\u00d3WEK PH2 NASADKA WIERT\u0141O TYTAN 41"}]},{"@type":"WebSite","@id":"https:\/\/bobimarket.pl\/#website","url":"https:\/\/bobimarket.pl\/","name":"BOBIMARKET.pl - Remontuj i urz\u0105dzaj z nami","description":"Remontuj i urz\u0105dzaj z nami","publisher":{"@id":"https:\/\/bobimarket.pl\/#organization"},"potentialAction":[{"@type":"SearchAction","target":{"@type":"EntryPoint","urlTemplate":"https:\/\/bobimarket.pl\/?s={search_term_string}"},"query-input":"required name=search_term_string"}],"inLanguage":"pl-PL"},{"@type":"Organization","@id":"https:\/\/bobimarket.pl\/#organization","name":"BOBIMARKET.pl","url":"https:\/\/bobimarket.pl\/","logo":{"@type":"ImageObject","inLanguage":"pl-PL","@id":"https:\/\/bobimarket.pl\/#\/schema\/logo\/image\/","url":"https:\/\/bobimarket.pl\/wp-content\/uploads\/2021\/11\/slogan.png","contentUrl":"https:\/\/bobimarket.pl\/wp-content\/uploads\/2021\/11\/slogan.png","width":2000,"height":384,"caption":"BOBIMARKET.pl"},"image":{"@id":"https:\/\/bobimarket.pl\/#\/schema\/logo\/image\/"}}]}},"_links":{"self":[{"href":"https:\/\/bobimarket.pl\/index.php\/wp-json\/wp\/v2\/product\/96954"}],"collection":[{"href":"https:\/\/bobimarket.pl\/index.php\/wp-json\/wp\/v2\/product"}],"about":[{"href":"https:\/\/bobimarket.pl\/index.php\/wp-json\/wp\/v2\/types\/product"}],"wp:featuredmedia":[{"embeddable":true,"href":"https:\/\/bobimarket.pl\/index.php\/wp-json\/wp\/v2\/media\/96948"}],"wp:attachment":[{"href":"https:\/\/bobimarket.pl\/index.php\/wp-json\/wp\/v2\/media?parent=96954"}],"wp:term":[{"taxonomy":"product_cat","embeddable":true,"href":"https:\/\/bobimarket.pl\/index.php\/wp-json\/wp\/v2\/product_cat?post=96954"},{"taxonomy":"product_tag","embeddable":true,"href":"https:\/\/bobimarket.pl\/index.php\/wp-json\/wp\/v2\/product_tag?post=96954"}],"curies":[{"name":"wp","href":"https:\/\/api.w.org\/{rel}","templated":true}]}}