{"id":96976,"date":"2023-08-30T12:09:13","date_gmt":"2023-08-30T12:09:13","guid":{"rendered":"https:\/\/bobimarket.pl\/index.php\/produkt\/motyka-stalowa-graca-motyczka-ogrodowa-150mm\/"},"modified":"2025-02-27T16:31:20","modified_gmt":"2025-02-27T16:31:20","slug":"motyka-stalowa-graca-motyczka-ogrodowa-150mm","status":"publish","type":"product","link":"https:\/\/bobimarket.pl\/index.php\/produkt\/motyka-stalowa-graca-motyczka-ogrodowa-150mm\/","title":{"rendered":"MOTYKA STALOWA GRACA MOTYCZKA OGRODOWA 150mm"},"content":{"rendered":"<section class=\"section\">\n<div class=\"item item-12\">\n<section class=\"text-item\">\n<h2>MOTYKA STALOWA GRACA MOTYCZKA OGRODOWA 150mm<\/h2>\n<p><b>Informacje og\u00f3lne:<\/b><\/p>\n<ul>\n<li>Szeroko\u015b\u0107 robocza: <b>150 mm<\/b><\/li>\n<li>\u015arednica otwory na trzonek:<b> ok. 2,5 cm <\/b><\/li>\n<li>Materia\u0142 cz\u0119\u015bci roboczej: <b>stal <\/b><\/li>\n<li>Motyka nie zawiera trzonka<\/li>\n<\/ul>\n<\/section><\/div>\n<\/section>\n<section class=\"section\">\n<div class=\"item item-12\">\n<section class=\"image-item\">\n            <img decoding=\"async\" src=\"https:\/\/upload.cdn.baselinker.com\/products\/14476\/106e60ffa78ba2606830b7b799017756.jpg\" \/><br \/>\n        <\/section>\n<\/p><\/div>\n<\/section>\n<section class=\"section\">\n<div class=\"item item-12\">\n<section class=\"text-item\">\n<h2>Idealna motyka do prac w ogrodzie o ka\u017cdej porze roku!<\/h2>\n<p>Praktyczna i solidna motyka,\u00a0 kt\u00f3ra przyda si\u0119 o ka\u017cdej porze roku. W sezonie letnim pomo\u017ce w przygotowaniu pod\u0142o\u017ca do sadzenia ro\u015blin, a w sezonie jesiennym sprawdzi si\u0119 do porz\u0105dkowania ogrodu. Narz\u0119dzie to jest przeznaczone g\u0142\u00f3wnie do niszczenia chwast\u00f3w i spulchniania gleby. Narz\u0119dzie mo\u017ce zosta\u0107 u\u017cyte podczas prac w ogrodzie, na dzia\u0142ce dzia\u0142ce lub w sadzie. Twoja praca b\u0119dzie przebiega\u0142a sprawnie i szybko.<\/p>\n<ul>\n<li><b>Wytrzyma\u0142a i solidna.<\/b> Motyka wykonana ze stali , co b\u0119dzie owocowa\u0142o d\u0142ugim okresem u\u017cytkowania. Narz\u0119dzie pos\u0142u\u017cy nie jeden, a kilka sezon\u00f3w.<\/li>\n<li>Dodatkowo <b>z \u0142atwo\u015bci\u0105 zamontujesz do niej uniwersalny trzonek<\/b>, kt\u00f3ry mo\u017cesz dobra\u0107 do swojego wzrostu i potrzeb.<\/li>\n<\/ul>\n<\/section><\/div>\n<\/section>\n<section class=\"section\">\n<div class=\"item item-12\">\n<section class=\"image-item\">\n            <img decoding=\"async\" src=\"https:\/\/upload.cdn.baselinker.com\/products\/14476\/5500ad383187d698faa2137cdd0fc6b2.jpg\" \/><br \/>\n        <\/section>\n<\/p><\/div>\n<\/section>\n<section class=\"section\">\n<div class=\"item item-12\">\n<section class=\"text-item\">\n<h1>Pomocnik przy pracach w ogrodzie!<\/h1>\n<p>\u2705 Z pomoc\u0105 narz\u0119dzia mo\u017cemy rozbi\u0107 twarde bry\u0142y ziemi. Ostre kraw\u0119dzie doskonale przecinaj\u0105 gleb\u0119, dzi\u0119ki czemu s<b>pulchnianie i plewienie staje si\u0119 o wiele \u0142atwiejsze.<\/b><\/p>\n<p>\u2705 Motyka pos\u0142u\u017cy Ci <b>do rozdrabniania ziemi <\/b>obok ro\u015blin, dzi\u0119ki czemu \u0142atwiej usuniesz niechciane chwast z grz\u0105dek i rabatek. Zadbasz o estetyczny wygl\u0105d Twojego ogrodu.<\/p>\n<p><b>\u2705\u00a0 <\/b>Narz\u0119dzie b\u0119dzie r\u00f3wnie\u017c pomocne podczas <b>wykopywania otwor\u00f3w w glebie<\/b>. Mo\u017ce s\u0142u\u017cy\u0107 do sadzenia i przesadzania r\u00f3\u017cnego rodzaju ro\u015blin.<\/p>\n<\/section><\/div>\n<\/section>\n<section class=\"section\">\n<div class=\"item item-12\">\n<section class=\"image-item\">\n            <img decoding=\"async\" src=\"https:\/\/upload.cdn.baselinker.com\/products\/14476\/e93449be0296323ebf5206fcab159f3b.jpg\" \/><br \/>\n        <\/section>\n<\/p><\/div>\n<\/section>\n","protected":false},"excerpt":{"rendered":"<p>MOTYKA STALOWA GRACA MOTYCZKA OGRODOWA 150mm Informacje og\u00f3lne: Szeroko\u015b\u0107 robocza: 150 mm \u015arednica otwory na trzonek: ok. 2,5 cm Materia\u0142 cz\u0119\u015bci roboczej: stal Motyka nie zawiera trzonka Idealna motyka do prac w ogrodzie o ka\u017cdej porze roku! Praktyczna i solidna motyka,\u00a0 kt\u00f3ra przyda si\u0119 o ka\u017cdej porze roku. W sezonie letnim pomo\u017ce w przygotowaniu pod\u0142o\u017ca<br \/><a class=\"more-link\" href=\"https:\/\/bobimarket.pl\/index.php\/produkt\/motyka-stalowa-graca-motyczka-ogrodowa-150mm\/\"><br \/>\n        Czytaj wi\u0119cej<span class=\"screen-reader-text\"> &#8222;MOTYKA STALOWA GRACA MOTYCZKA OGRODOWA 150mm&#8221;<\/span><\/a><\/p>\n","protected":false},"featured_media":96969,"template":"","meta":[],"product_cat":[8229],"product_tag":[],"yoast_head":"<!-- This site is optimized with the Yoast SEO plugin v21.0 - https:\/\/yoast.com\/wordpress\/plugins\/seo\/ -->\n<title>MOTYKA STALOWA GRACA MOTYCZKA OGRODOWA 150mm - BOBIMARKET.pl - Remontuj i urz\u0105dzaj z nami<\/title>\n<meta name=\"robots\" content=\"index, follow, max-snippet:-1, max-image-preview:large, max-video-preview:-1\" \/>\n<link rel=\"canonical\" href=\"https:\/\/bobimarket.pl\/index.php\/produkt\/motyka-stalowa-graca-motyczka-ogrodowa-150mm\/\" \/>\n<meta property=\"og:locale\" content=\"pl_PL\" \/>\n<meta property=\"og:type\" content=\"article\" \/>\n<meta property=\"og:title\" content=\"MOTYKA STALOWA GRACA MOTYCZKA OGRODOWA 150mm - BOBIMARKET.pl - Remontuj i urz\u0105dzaj z nami\" \/>\n<meta property=\"og:description\" content=\"MOTYKA STALOWA GRACA MOTYCZKA OGRODOWA 150mm Informacje og\u00f3lne: Szeroko\u015b\u0107 robocza: 150 mm \u015arednica otwory na trzonek: ok. 2,5 cm Materia\u0142 cz\u0119\u015bci roboczej: stal Motyka nie zawiera trzonka Idealna motyka do prac w ogrodzie o ka\u017cdej porze roku! Praktyczna i solidna motyka,\u00a0 kt\u00f3ra przyda si\u0119 o ka\u017cdej porze roku. W sezonie letnim pomo\u017ce w przygotowaniu pod\u0142o\u017ca     Czytaj wi\u0119cej &quot;MOTYKA STALOWA GRACA MOTYCZKA OGRODOWA 150mm&quot;\" \/>\n<meta property=\"og:url\" content=\"https:\/\/bobimarket.pl\/index.php\/produkt\/motyka-stalowa-graca-motyczka-ogrodowa-150mm\/\" \/>\n<meta property=\"og:site_name\" content=\"BOBIMARKET.pl - Remontuj i urz\u0105dzaj z nami\" \/>\n<meta property=\"article:modified_time\" content=\"2025-02-27T16:31:20+00:00\" \/>\n<meta property=\"og:image\" content=\"https:\/\/upload.cdn.baselinker.com\/products\/14476\/106e60ffa78ba2606830b7b799017756.jpg\" \/>\n<meta name=\"twitter:card\" content=\"summary_large_image\" \/>\n<meta name=\"twitter:label1\" content=\"Szacowany czas czytania\" \/>\n\t<meta name=\"twitter:data1\" content=\"1 minuta\" \/>\n<script type=\"application\/ld+json\" class=\"yoast-schema-graph\">{\"@context\":\"https:\/\/schema.org\",\"@graph\":[{\"@type\":\"WebPage\",\"@id\":\"https:\/\/bobimarket.pl\/index.php\/produkt\/motyka-stalowa-graca-motyczka-ogrodowa-150mm\/\",\"url\":\"https:\/\/bobimarket.pl\/index.php\/produkt\/motyka-stalowa-graca-motyczka-ogrodowa-150mm\/\",\"name\":\"MOTYKA STALOWA GRACA MOTYCZKA OGRODOWA 150mm - BOBIMARKET.pl - Remontuj i urz\u0105dzaj z nami\",\"isPartOf\":{\"@id\":\"https:\/\/bobimarket.pl\/#website\"},\"datePublished\":\"2023-08-30T12:09:13+00:00\",\"dateModified\":\"2025-02-27T16:31:20+00:00\",\"breadcrumb\":{\"@id\":\"https:\/\/bobimarket.pl\/index.php\/produkt\/motyka-stalowa-graca-motyczka-ogrodowa-150mm\/#breadcrumb\"},\"inLanguage\":\"pl-PL\",\"potentialAction\":[{\"@type\":\"ReadAction\",\"target\":[\"https:\/\/bobimarket.pl\/index.php\/produkt\/motyka-stalowa-graca-motyczka-ogrodowa-150mm\/\"]}]},{\"@type\":\"BreadcrumbList\",\"@id\":\"https:\/\/bobimarket.pl\/index.php\/produkt\/motyka-stalowa-graca-motyczka-ogrodowa-150mm\/#breadcrumb\",\"itemListElement\":[{\"@type\":\"ListItem\",\"position\":1,\"name\":\"Strona g\u0142\u00f3wna\",\"item\":\"https:\/\/bobimarket.pl\/\"},{\"@type\":\"ListItem\",\"position\":2,\"name\":\"Sklep\",\"item\":\"https:\/\/bobimarket.pl\/index.php\/shop\/\"},{\"@type\":\"ListItem\",\"position\":3,\"name\":\"MOTYKA STALOWA GRACA MOTYCZKA OGRODOWA 150mm\"}]},{\"@type\":\"WebSite\",\"@id\":\"https:\/\/bobimarket.pl\/#website\",\"url\":\"https:\/\/bobimarket.pl\/\",\"name\":\"BOBIMARKET.pl - Remontuj i urz\u0105dzaj z nami\",\"description\":\"Remontuj i urz\u0105dzaj z nami\",\"publisher\":{\"@id\":\"https:\/\/bobimarket.pl\/#organization\"},\"potentialAction\":[{\"@type\":\"SearchAction\",\"target\":{\"@type\":\"EntryPoint\",\"urlTemplate\":\"https:\/\/bobimarket.pl\/?s={search_term_string}\"},\"query-input\":\"required name=search_term_string\"}],\"inLanguage\":\"pl-PL\"},{\"@type\":\"Organization\",\"@id\":\"https:\/\/bobimarket.pl\/#organization\",\"name\":\"BOBIMARKET.pl\",\"url\":\"https:\/\/bobimarket.pl\/\",\"logo\":{\"@type\":\"ImageObject\",\"inLanguage\":\"pl-PL\",\"@id\":\"https:\/\/bobimarket.pl\/#\/schema\/logo\/image\/\",\"url\":\"https:\/\/bobimarket.pl\/wp-content\/uploads\/2021\/11\/slogan.png\",\"contentUrl\":\"https:\/\/bobimarket.pl\/wp-content\/uploads\/2021\/11\/slogan.png\",\"width\":2000,\"height\":384,\"caption\":\"BOBIMARKET.pl\"},\"image\":{\"@id\":\"https:\/\/bobimarket.pl\/#\/schema\/logo\/image\/\"}}]}<\/script>\n<!-- \/ Yoast SEO plugin. -->","yoast_head_json":{"title":"MOTYKA STALOWA GRACA MOTYCZKA OGRODOWA 150mm - BOBIMARKET.pl - Remontuj i urz\u0105dzaj z nami","robots":{"index":"index","follow":"follow","max-snippet":"max-snippet:-1","max-image-preview":"max-image-preview:large","max-video-preview":"max-video-preview:-1"},"canonical":"https:\/\/bobimarket.pl\/index.php\/produkt\/motyka-stalowa-graca-motyczka-ogrodowa-150mm\/","og_locale":"pl_PL","og_type":"article","og_title":"MOTYKA STALOWA GRACA MOTYCZKA OGRODOWA 150mm - BOBIMARKET.pl - Remontuj i urz\u0105dzaj z nami","og_description":"MOTYKA STALOWA GRACA MOTYCZKA OGRODOWA 150mm Informacje og\u00f3lne: Szeroko\u015b\u0107 robocza: 150 mm \u015arednica otwory na trzonek: ok. 2,5 cm Materia\u0142 cz\u0119\u015bci roboczej: stal Motyka nie zawiera trzonka Idealna motyka do prac w ogrodzie o ka\u017cdej porze roku! Praktyczna i solidna motyka,\u00a0 kt\u00f3ra przyda si\u0119 o ka\u017cdej porze roku. W sezonie letnim pomo\u017ce w przygotowaniu pod\u0142o\u017ca     Czytaj wi\u0119cej \"MOTYKA STALOWA GRACA MOTYCZKA OGRODOWA 150mm\"","og_url":"https:\/\/bobimarket.pl\/index.php\/produkt\/motyka-stalowa-graca-motyczka-ogrodowa-150mm\/","og_site_name":"BOBIMARKET.pl - Remontuj i urz\u0105dzaj z nami","article_modified_time":"2025-02-27T16:31:20+00:00","og_image":[{"url":"https:\/\/upload.cdn.baselinker.com\/products\/14476\/106e60ffa78ba2606830b7b799017756.jpg"}],"twitter_card":"summary_large_image","twitter_misc":{"Szacowany czas czytania":"1 minuta"},"schema":{"@context":"https:\/\/schema.org","@graph":[{"@type":"WebPage","@id":"https:\/\/bobimarket.pl\/index.php\/produkt\/motyka-stalowa-graca-motyczka-ogrodowa-150mm\/","url":"https:\/\/bobimarket.pl\/index.php\/produkt\/motyka-stalowa-graca-motyczka-ogrodowa-150mm\/","name":"MOTYKA STALOWA GRACA MOTYCZKA OGRODOWA 150mm - BOBIMARKET.pl - Remontuj i urz\u0105dzaj z nami","isPartOf":{"@id":"https:\/\/bobimarket.pl\/#website"},"datePublished":"2023-08-30T12:09:13+00:00","dateModified":"2025-02-27T16:31:20+00:00","breadcrumb":{"@id":"https:\/\/bobimarket.pl\/index.php\/produkt\/motyka-stalowa-graca-motyczka-ogrodowa-150mm\/#breadcrumb"},"inLanguage":"pl-PL","potentialAction":[{"@type":"ReadAction","target":["https:\/\/bobimarket.pl\/index.php\/produkt\/motyka-stalowa-graca-motyczka-ogrodowa-150mm\/"]}]},{"@type":"BreadcrumbList","@id":"https:\/\/bobimarket.pl\/index.php\/produkt\/motyka-stalowa-graca-motyczka-ogrodowa-150mm\/#breadcrumb","itemListElement":[{"@type":"ListItem","position":1,"name":"Strona g\u0142\u00f3wna","item":"https:\/\/bobimarket.pl\/"},{"@type":"ListItem","position":2,"name":"Sklep","item":"https:\/\/bobimarket.pl\/index.php\/shop\/"},{"@type":"ListItem","position":3,"name":"MOTYKA STALOWA GRACA MOTYCZKA OGRODOWA 150mm"}]},{"@type":"WebSite","@id":"https:\/\/bobimarket.pl\/#website","url":"https:\/\/bobimarket.pl\/","name":"BOBIMARKET.pl - Remontuj i urz\u0105dzaj z nami","description":"Remontuj i urz\u0105dzaj z nami","publisher":{"@id":"https:\/\/bobimarket.pl\/#organization"},"potentialAction":[{"@type":"SearchAction","target":{"@type":"EntryPoint","urlTemplate":"https:\/\/bobimarket.pl\/?s={search_term_string}"},"query-input":"required name=search_term_string"}],"inLanguage":"pl-PL"},{"@type":"Organization","@id":"https:\/\/bobimarket.pl\/#organization","name":"BOBIMARKET.pl","url":"https:\/\/bobimarket.pl\/","logo":{"@type":"ImageObject","inLanguage":"pl-PL","@id":"https:\/\/bobimarket.pl\/#\/schema\/logo\/image\/","url":"https:\/\/bobimarket.pl\/wp-content\/uploads\/2021\/11\/slogan.png","contentUrl":"https:\/\/bobimarket.pl\/wp-content\/uploads\/2021\/11\/slogan.png","width":2000,"height":384,"caption":"BOBIMARKET.pl"},"image":{"@id":"https:\/\/bobimarket.pl\/#\/schema\/logo\/image\/"}}]}},"_links":{"self":[{"href":"https:\/\/bobimarket.pl\/index.php\/wp-json\/wp\/v2\/product\/96976"}],"collection":[{"href":"https:\/\/bobimarket.pl\/index.php\/wp-json\/wp\/v2\/product"}],"about":[{"href":"https:\/\/bobimarket.pl\/index.php\/wp-json\/wp\/v2\/types\/product"}],"wp:featuredmedia":[{"embeddable":true,"href":"https:\/\/bobimarket.pl\/index.php\/wp-json\/wp\/v2\/media\/96969"}],"wp:attachment":[{"href":"https:\/\/bobimarket.pl\/index.php\/wp-json\/wp\/v2\/media?parent=96976"}],"wp:term":[{"taxonomy":"product_cat","embeddable":true,"href":"https:\/\/bobimarket.pl\/index.php\/wp-json\/wp\/v2\/product_cat?post=96976"},{"taxonomy":"product_tag","embeddable":true,"href":"https:\/\/bobimarket.pl\/index.php\/wp-json\/wp\/v2\/product_tag?post=96976"}],"curies":[{"name":"wp","href":"https:\/\/api.w.org\/{rel}","templated":true}]}}