{"id":97041,"date":"2023-08-30T12:13:13","date_gmt":"2023-08-30T12:13:13","guid":{"rendered":"https:\/\/bobimarket.pl\/index.php\/produkt\/szczotki-czyszczace-na-wiertarke-1-4-3-szt\/"},"modified":"2025-02-27T16:31:53","modified_gmt":"2025-02-27T16:31:53","slug":"szczotki-czyszczace-na-wiertarke-1-4-3-szt","status":"publish","type":"product","link":"https:\/\/bobimarket.pl\/index.php\/produkt\/szczotki-czyszczace-na-wiertarke-1-4-3-szt\/","title":{"rendered":"SZCZOTKI CZYSZCZ\u0104CE NA WIERTARK\u0118 1\/4 3 szt."},"content":{"rendered":"<section class=\"section\">\n<div class=\"item item-12\">\n<section class=\"text-item\">\n<h2>SZCZOTKI CZYSZCZ\u0104CE NA WIERTARK\u0118 1\/4 3 szt.<\/h2>\n<p><b>Dane techniczne:<\/b><\/p>\n<ul>\n<li>Mocowanie: <b>HEX 1\/4\u2033<\/b><\/li>\n<li>\u015arednica szczotek: 50 mm, 90 mm, 100 mm<\/li>\n<li>Max obroty: 800 RPM<\/li>\n<\/ul>\n<p><b>W sk\u0142ad zestawu wchodz\u0105:<\/b><\/p>\n<ul>\n<li>3\u00a0 szt. szczotek o r\u00f3\u017cnym kszta\u0142cie i \u015brednicy.<\/li>\n<\/ul>\n<\/section><\/div>\n<\/section>\n<section class=\"section\">\n<div class=\"item item-12\">\n<section class=\"image-item\">\n            <img decoding=\"async\" src=\"https:\/\/upload.cdn.baselinker.com\/products\/14476\/4acb8c27d1c7ee697c5621ea85a92534.jpg\" \/><br \/>\n        <\/section>\n<\/p><\/div>\n<\/section>\n<section class=\"section\">\n<div class=\"item item-12\">\n<section class=\"text-item\">\n<h2>Zestaw szczotek czyszcz\u0105cych, kt\u00f3ry u\u0142atwi Twoje \u017cycie!<\/h2>\n<p>Praktyczny zestaw szczotek, kt\u00f3ry umo\u017cliwia <b>bezpieczne czyszczenie i polerowanie powierzchni<\/b> bez uszkodze\u0144 i zarysowa\u0144. Szczotki wyposa\u017cono w uchwyt z<b> mocowaniem HEX<\/b>, kt\u00f3ry b\u0119dzie kompatybilny z wi\u0119kszo\u015bci\u0105 dost\u0119pnych na rynku wiertarek i wkr\u0119tarek. Zestaw ma <b>wszechstronne zastosowanie<\/b>, przyda si\u0119 nie tylko w warsztacie ale r\u00f3wnie\u017c w gospodarstwie domowym.<\/p>\n<ul>\n<li>Zr\u00f3\u017cnicowane ksztaty pozwalaj\u0105ce na <b>prac\u0119 na r\u00f3\u017cnych powierzchniach i w trudno dost\u0119pych miejscach. <\/b>Zestaw nadaje si\u0119 do stosowania zar\u00f3wno na mokrojak i na sucho.<\/li>\n<li>Czyszczenie za pomoc\u0105 szczotek znacznie przy\u015bpiesza prac\u0119. Sztywne w\u0142osie i podstawa \u00a0szczotek gwarantuje precyzyjne i komfortowe wykonanie prac<\/li>\n<li>Szczotki zako\u0144czone ko\u0144c\u00f3wk\u0105 HEX b\u0119d\u0105 wsp\u00f3\u0142pracowa\u0142y z wi\u0119kszo\u015bci\u0105 wkr\u0119tarek\/wiertarek.<\/li>\n<\/ul>\n<\/section><\/div>\n<\/section>\n<section class=\"section\">\n<div class=\"item item-12\">\n<section class=\"image-item\">\n            <img decoding=\"async\" src=\"https:\/\/upload.cdn.baselinker.com\/products\/14476\/0854485d457e41bad08557ea720ce1e2.jpg\" \/><br \/>\n        <\/section>\n<\/p><\/div>\n<\/section>\n<section class=\"section\">\n<div class=\"item item-12\">\n<section class=\"text-item\">\n<p><b>\u2705 Zastosowanie:<\/b><\/p>\n<p>Zestaw ma wszechstronne zastosowanie, przyda si\u0119 nie tylko w warsztacie, ale r\u00f3wnie\u017c w gospodarstwie domowym. Sprawdzi si\u0119 do czyszcznie szeroko poj\u0119tych powierzchni r\u00f3\u017cnego rodzaju tj.<\/p>\n<ul>\n<li>p\u0142ytek<\/li>\n<li>wszelkiego rodzaju fug<\/li>\n<li>zlewozmywak\u00f3w<\/li>\n<li>kuchenek gazowych<\/li>\n<li>armatury \u0142azienkowej tj. muszle, umywalki<\/li>\n<li>kabiny prysznicowej<\/li>\n<li>posadzek<\/li>\n<li>dywanik\u00f3w samochod\u00f3w<\/li>\n<li>felg<\/li>\n<li>r\u00f3\u017cnego rodzaju powierzchni pod\u0142ogi<\/li>\n<li>dywan\u00f3w<\/li>\n<li>toalety<\/li>\n<li>cegie\u0142<\/li>\n<li>nagrobk\u00f3w<\/li>\n<li>szafek<\/li>\n<li>lad<\/li>\n<li>linoleum<\/li>\n<\/ul>\n<\/section><\/div>\n<\/section>\n<section class=\"section\">\n<div class=\"item item-12\">\n<section class=\"image-item\">\n            <img decoding=\"async\" src=\"https:\/\/upload.cdn.baselinker.com\/products\/14476\/9819f846ac7eb103f091616d80ecec37.jpg\" \/><br \/>\n        <\/section>\n<\/p><\/div>\n<\/section>\n<section class=\"section\">\n<div class=\"item item-12\">\n<section class=\"image-item\">\n            <img decoding=\"async\" src=\"https:\/\/upload.cdn.baselinker.com\/products\/14476\/abb541fa6b3f800198448ed16e88f7ac.jpg\" \/><br \/>\n        <\/section>\n<\/p><\/div>\n<\/section>\n<section class=\"section\">\n<div class=\"item item-12\">\n<section class=\"image-item\">\n            <img decoding=\"async\" src=\"https:\/\/upload.cdn.baselinker.com\/products\/14476\/81e74d3f81d31d37e55fee37281ecc1f.jpg\" \/><br \/>\n        <\/section>\n<\/p><\/div>\n<\/section>\n","protected":false},"excerpt":{"rendered":"<p>SZCZOTKI CZYSZCZ\u0104CE NA WIERTARK\u0118 1\/4 3 szt. Dane techniczne: Mocowanie: HEX 1\/4\u2033 \u015arednica szczotek: 50 mm, 90 mm, 100 mm Max obroty: 800 RPM W sk\u0142ad zestawu wchodz\u0105: 3\u00a0 szt. szczotek o r\u00f3\u017cnym kszta\u0142cie i \u015brednicy. Zestaw szczotek czyszcz\u0105cych, kt\u00f3ry u\u0142atwi Twoje \u017cycie! Praktyczny zestaw szczotek, kt\u00f3ry umo\u017cliwia bezpieczne czyszczenie i polerowanie powierzchni bez uszkodze\u0144<br \/><a class=\"more-link\" href=\"https:\/\/bobimarket.pl\/index.php\/produkt\/szczotki-czyszczace-na-wiertarke-1-4-3-szt\/\"><br \/>\n        Czytaj wi\u0119cej<span class=\"screen-reader-text\"> &#8222;SZCZOTKI CZYSZCZ\u0104CE NA WIERTARK\u0118 1\/4 3 szt.&#8221;<\/span><\/a><\/p>\n","protected":false},"featured_media":97029,"template":"","meta":[],"product_cat":[8303],"product_tag":[],"yoast_head":"<!-- This site is optimized with the Yoast SEO plugin v21.0 - https:\/\/yoast.com\/wordpress\/plugins\/seo\/ -->\n<title>SZCZOTKI CZYSZCZ\u0104CE NA WIERTARK\u0118 1\/4 3 szt. - BOBIMARKET.pl - Remontuj i urz\u0105dzaj z nami<\/title>\n<meta name=\"robots\" content=\"index, follow, max-snippet:-1, max-image-preview:large, max-video-preview:-1\" \/>\n<link rel=\"canonical\" href=\"https:\/\/bobimarket.pl\/index.php\/produkt\/szczotki-czyszczace-na-wiertarke-1-4-3-szt\/\" \/>\n<meta property=\"og:locale\" content=\"pl_PL\" \/>\n<meta property=\"og:type\" content=\"article\" \/>\n<meta property=\"og:title\" content=\"SZCZOTKI CZYSZCZ\u0104CE NA WIERTARK\u0118 1\/4 3 szt. - BOBIMARKET.pl - Remontuj i urz\u0105dzaj z nami\" \/>\n<meta property=\"og:description\" content=\"SZCZOTKI CZYSZCZ\u0104CE NA WIERTARK\u0118 1\/4 3 szt. Dane techniczne: Mocowanie: HEX 1\/4\u2033 \u015arednica szczotek: 50 mm, 90 mm, 100 mm Max obroty: 800 RPM W sk\u0142ad zestawu wchodz\u0105: 3\u00a0 szt. szczotek o r\u00f3\u017cnym kszta\u0142cie i \u015brednicy. Zestaw szczotek czyszcz\u0105cych, kt\u00f3ry u\u0142atwi Twoje \u017cycie! Praktyczny zestaw szczotek, kt\u00f3ry umo\u017cliwia bezpieczne czyszczenie i polerowanie powierzchni bez uszkodze\u0144     Czytaj wi\u0119cej &quot;SZCZOTKI CZYSZCZ\u0104CE NA WIERTARK\u0118 1\/4 3 szt.&quot;\" \/>\n<meta property=\"og:url\" content=\"https:\/\/bobimarket.pl\/index.php\/produkt\/szczotki-czyszczace-na-wiertarke-1-4-3-szt\/\" \/>\n<meta property=\"og:site_name\" content=\"BOBIMARKET.pl - Remontuj i urz\u0105dzaj z nami\" \/>\n<meta property=\"article:modified_time\" content=\"2025-02-27T16:31:53+00:00\" \/>\n<meta property=\"og:image\" content=\"https:\/\/upload.cdn.baselinker.com\/products\/14476\/4acb8c27d1c7ee697c5621ea85a92534.jpg\" \/>\n<meta name=\"twitter:card\" content=\"summary_large_image\" \/>\n<meta name=\"twitter:label1\" content=\"Szacowany czas czytania\" \/>\n\t<meta name=\"twitter:data1\" content=\"1 minuta\" \/>\n<script type=\"application\/ld+json\" class=\"yoast-schema-graph\">{\"@context\":\"https:\/\/schema.org\",\"@graph\":[{\"@type\":\"WebPage\",\"@id\":\"https:\/\/bobimarket.pl\/index.php\/produkt\/szczotki-czyszczace-na-wiertarke-1-4-3-szt\/\",\"url\":\"https:\/\/bobimarket.pl\/index.php\/produkt\/szczotki-czyszczace-na-wiertarke-1-4-3-szt\/\",\"name\":\"SZCZOTKI CZYSZCZ\u0104CE NA WIERTARK\u0118 1\/4 3 szt. - BOBIMARKET.pl - Remontuj i urz\u0105dzaj z nami\",\"isPartOf\":{\"@id\":\"https:\/\/bobimarket.pl\/#website\"},\"datePublished\":\"2023-08-30T12:13:13+00:00\",\"dateModified\":\"2025-02-27T16:31:53+00:00\",\"breadcrumb\":{\"@id\":\"https:\/\/bobimarket.pl\/index.php\/produkt\/szczotki-czyszczace-na-wiertarke-1-4-3-szt\/#breadcrumb\"},\"inLanguage\":\"pl-PL\",\"potentialAction\":[{\"@type\":\"ReadAction\",\"target\":[\"https:\/\/bobimarket.pl\/index.php\/produkt\/szczotki-czyszczace-na-wiertarke-1-4-3-szt\/\"]}]},{\"@type\":\"BreadcrumbList\",\"@id\":\"https:\/\/bobimarket.pl\/index.php\/produkt\/szczotki-czyszczace-na-wiertarke-1-4-3-szt\/#breadcrumb\",\"itemListElement\":[{\"@type\":\"ListItem\",\"position\":1,\"name\":\"Strona g\u0142\u00f3wna\",\"item\":\"https:\/\/bobimarket.pl\/\"},{\"@type\":\"ListItem\",\"position\":2,\"name\":\"Sklep\",\"item\":\"https:\/\/bobimarket.pl\/index.php\/shop\/\"},{\"@type\":\"ListItem\",\"position\":3,\"name\":\"SZCZOTKI CZYSZCZ\u0104CE NA WIERTARK\u0118 1\/4 3 szt.\"}]},{\"@type\":\"WebSite\",\"@id\":\"https:\/\/bobimarket.pl\/#website\",\"url\":\"https:\/\/bobimarket.pl\/\",\"name\":\"BOBIMARKET.pl - Remontuj i urz\u0105dzaj z nami\",\"description\":\"Remontuj i urz\u0105dzaj z nami\",\"publisher\":{\"@id\":\"https:\/\/bobimarket.pl\/#organization\"},\"potentialAction\":[{\"@type\":\"SearchAction\",\"target\":{\"@type\":\"EntryPoint\",\"urlTemplate\":\"https:\/\/bobimarket.pl\/?s={search_term_string}\"},\"query-input\":\"required name=search_term_string\"}],\"inLanguage\":\"pl-PL\"},{\"@type\":\"Organization\",\"@id\":\"https:\/\/bobimarket.pl\/#organization\",\"name\":\"BOBIMARKET.pl\",\"url\":\"https:\/\/bobimarket.pl\/\",\"logo\":{\"@type\":\"ImageObject\",\"inLanguage\":\"pl-PL\",\"@id\":\"https:\/\/bobimarket.pl\/#\/schema\/logo\/image\/\",\"url\":\"https:\/\/bobimarket.pl\/wp-content\/uploads\/2021\/11\/slogan.png\",\"contentUrl\":\"https:\/\/bobimarket.pl\/wp-content\/uploads\/2021\/11\/slogan.png\",\"width\":2000,\"height\":384,\"caption\":\"BOBIMARKET.pl\"},\"image\":{\"@id\":\"https:\/\/bobimarket.pl\/#\/schema\/logo\/image\/\"}}]}<\/script>\n<!-- \/ Yoast SEO plugin. -->","yoast_head_json":{"title":"SZCZOTKI CZYSZCZ\u0104CE NA WIERTARK\u0118 1\/4 3 szt. - BOBIMARKET.pl - Remontuj i urz\u0105dzaj z nami","robots":{"index":"index","follow":"follow","max-snippet":"max-snippet:-1","max-image-preview":"max-image-preview:large","max-video-preview":"max-video-preview:-1"},"canonical":"https:\/\/bobimarket.pl\/index.php\/produkt\/szczotki-czyszczace-na-wiertarke-1-4-3-szt\/","og_locale":"pl_PL","og_type":"article","og_title":"SZCZOTKI CZYSZCZ\u0104CE NA WIERTARK\u0118 1\/4 3 szt. - BOBIMARKET.pl - Remontuj i urz\u0105dzaj z nami","og_description":"SZCZOTKI CZYSZCZ\u0104CE NA WIERTARK\u0118 1\/4 3 szt. Dane techniczne: Mocowanie: HEX 1\/4\u2033 \u015arednica szczotek: 50 mm, 90 mm, 100 mm Max obroty: 800 RPM W sk\u0142ad zestawu wchodz\u0105: 3\u00a0 szt. szczotek o r\u00f3\u017cnym kszta\u0142cie i \u015brednicy. Zestaw szczotek czyszcz\u0105cych, kt\u00f3ry u\u0142atwi Twoje \u017cycie! Praktyczny zestaw szczotek, kt\u00f3ry umo\u017cliwia bezpieczne czyszczenie i polerowanie powierzchni bez uszkodze\u0144     Czytaj wi\u0119cej \"SZCZOTKI CZYSZCZ\u0104CE NA WIERTARK\u0118 1\/4 3 szt.\"","og_url":"https:\/\/bobimarket.pl\/index.php\/produkt\/szczotki-czyszczace-na-wiertarke-1-4-3-szt\/","og_site_name":"BOBIMARKET.pl - Remontuj i urz\u0105dzaj z nami","article_modified_time":"2025-02-27T16:31:53+00:00","og_image":[{"url":"https:\/\/upload.cdn.baselinker.com\/products\/14476\/4acb8c27d1c7ee697c5621ea85a92534.jpg"}],"twitter_card":"summary_large_image","twitter_misc":{"Szacowany czas czytania":"1 minuta"},"schema":{"@context":"https:\/\/schema.org","@graph":[{"@type":"WebPage","@id":"https:\/\/bobimarket.pl\/index.php\/produkt\/szczotki-czyszczace-na-wiertarke-1-4-3-szt\/","url":"https:\/\/bobimarket.pl\/index.php\/produkt\/szczotki-czyszczace-na-wiertarke-1-4-3-szt\/","name":"SZCZOTKI CZYSZCZ\u0104CE NA WIERTARK\u0118 1\/4 3 szt. - BOBIMARKET.pl - Remontuj i urz\u0105dzaj z nami","isPartOf":{"@id":"https:\/\/bobimarket.pl\/#website"},"datePublished":"2023-08-30T12:13:13+00:00","dateModified":"2025-02-27T16:31:53+00:00","breadcrumb":{"@id":"https:\/\/bobimarket.pl\/index.php\/produkt\/szczotki-czyszczace-na-wiertarke-1-4-3-szt\/#breadcrumb"},"inLanguage":"pl-PL","potentialAction":[{"@type":"ReadAction","target":["https:\/\/bobimarket.pl\/index.php\/produkt\/szczotki-czyszczace-na-wiertarke-1-4-3-szt\/"]}]},{"@type":"BreadcrumbList","@id":"https:\/\/bobimarket.pl\/index.php\/produkt\/szczotki-czyszczace-na-wiertarke-1-4-3-szt\/#breadcrumb","itemListElement":[{"@type":"ListItem","position":1,"name":"Strona g\u0142\u00f3wna","item":"https:\/\/bobimarket.pl\/"},{"@type":"ListItem","position":2,"name":"Sklep","item":"https:\/\/bobimarket.pl\/index.php\/shop\/"},{"@type":"ListItem","position":3,"name":"SZCZOTKI CZYSZCZ\u0104CE NA WIERTARK\u0118 1\/4 3 szt."}]},{"@type":"WebSite","@id":"https:\/\/bobimarket.pl\/#website","url":"https:\/\/bobimarket.pl\/","name":"BOBIMARKET.pl - Remontuj i urz\u0105dzaj z nami","description":"Remontuj i urz\u0105dzaj z nami","publisher":{"@id":"https:\/\/bobimarket.pl\/#organization"},"potentialAction":[{"@type":"SearchAction","target":{"@type":"EntryPoint","urlTemplate":"https:\/\/bobimarket.pl\/?s={search_term_string}"},"query-input":"required name=search_term_string"}],"inLanguage":"pl-PL"},{"@type":"Organization","@id":"https:\/\/bobimarket.pl\/#organization","name":"BOBIMARKET.pl","url":"https:\/\/bobimarket.pl\/","logo":{"@type":"ImageObject","inLanguage":"pl-PL","@id":"https:\/\/bobimarket.pl\/#\/schema\/logo\/image\/","url":"https:\/\/bobimarket.pl\/wp-content\/uploads\/2021\/11\/slogan.png","contentUrl":"https:\/\/bobimarket.pl\/wp-content\/uploads\/2021\/11\/slogan.png","width":2000,"height":384,"caption":"BOBIMARKET.pl"},"image":{"@id":"https:\/\/bobimarket.pl\/#\/schema\/logo\/image\/"}}]}},"_links":{"self":[{"href":"https:\/\/bobimarket.pl\/index.php\/wp-json\/wp\/v2\/product\/97041"}],"collection":[{"href":"https:\/\/bobimarket.pl\/index.php\/wp-json\/wp\/v2\/product"}],"about":[{"href":"https:\/\/bobimarket.pl\/index.php\/wp-json\/wp\/v2\/types\/product"}],"wp:featuredmedia":[{"embeddable":true,"href":"https:\/\/bobimarket.pl\/index.php\/wp-json\/wp\/v2\/media\/97029"}],"wp:attachment":[{"href":"https:\/\/bobimarket.pl\/index.php\/wp-json\/wp\/v2\/media?parent=97041"}],"wp:term":[{"taxonomy":"product_cat","embeddable":true,"href":"https:\/\/bobimarket.pl\/index.php\/wp-json\/wp\/v2\/product_cat?post=97041"},{"taxonomy":"product_tag","embeddable":true,"href":"https:\/\/bobimarket.pl\/index.php\/wp-json\/wp\/v2\/product_tag?post=97041"}],"curies":[{"name":"wp","href":"https:\/\/api.w.org\/{rel}","templated":true}]}}