{"id":97072,"date":"2023-08-30T12:14:46","date_gmt":"2023-08-30T12:14:46","guid":{"rendered":"https:\/\/bobimarket.pl\/index.php\/produkt\/opaska-slimakowa-obejma-skrecana-14-27mm-5-szt\/"},"modified":"2026-02-18T14:22:07","modified_gmt":"2026-02-18T14:22:07","slug":"opaska-slimakowa-obejma-skrecana-14-27mm-5-szt","status":"publish","type":"product","link":"https:\/\/bobimarket.pl\/index.php\/produkt\/opaska-slimakowa-obejma-skrecana-14-27mm-5-szt\/","title":{"rendered":"OPASKA \u015aLIMAKOWA OBEJMA SKR\u0118CANA 14-27mm 5 szt."},"content":{"rendered":"<section class=\"section\">\n<div class=\"item item-12\">\n<section class=\"text-item\">\n<h2>OPASKA \u015aLIMAKOWA OBEJMA SKR\u0118CANA 14-27mm 5 szt.<\/h2>\n<p><b>Informacje og\u00f3lne:<\/b><\/p>\n<ul>\n<li>Rozmiar: <b>14-27 mm<\/b><\/li>\n<li>Rodzaj:<b> opaska \u015blimakowa <\/b><\/li>\n<li>Materia\u0142:<b> stal ocynkowana <\/b><\/li>\n<li>Ilo\u015b\u0107: <b>5 sztuka<\/b><\/li>\n<\/ul>\n<p><b>Praktyczny i funkcjonalny obejma, kt\u00f3ry u\u0142atwi Twoje \u017cycie!<\/b><\/p>\n<p>Popularna opaska \u015blimakowa. Solidnie wykonana, do produkcji u\u017cyto stali ocynkowanej. Obejma jest prosta i wygodna w monta\u017cu. Dodatkowo charakteryzuje si\u0119 <b>wytrzyma\u0142o\u015bci\u0105 mechaniczn\u0105 i termiczn\u0105.<\/b><\/p>\n<ul>\n<li>Przeznaczona do mocowania w wi\u0105zki przewod\u00f3w elektrycznych, kabli, w\u0119\u017cy, itp.<\/li>\n<\/ul>\n<\/section><\/div>\n<\/section>\n<section class=\"section\">\n<div class=\"item item-12\">\n<section class=\"image-item\">\n            <img decoding=\"async\" src=\"https:\/\/upload.cdn.baselinker.com\/products\/14476\/71ea131f6d995a36585ac62df18f1ced.jpg\" \/><br \/>\n        <\/section>\n<\/p><\/div>\n<\/section>\n<section class=\"section\">\n<div class=\"item item-6\">\n<section class=\"image-item\">\n            <img decoding=\"async\" src=\"https:\/\/upload.cdn.baselinker.com\/products\/14476\/0fef17f92bf36076927a73117bb39a17.jpg\" \/><br \/>\n        <\/section>\n<\/p><\/div>\n<div class=\"item item-6\">\n<section class=\"image-item\">\n            <img decoding=\"async\" src=\"https:\/\/upload.cdn.baselinker.com\/products\/14476\/0fce311fa8058d6242c0225dac84109f.jpg\" \/><br \/>\n        <\/section>\n<\/p><\/div>\n<\/section>\n","protected":false},"excerpt":{"rendered":"<p>OPASKA \u015aLIMAKOWA OBEJMA SKR\u0118CANA 14-27mm 5 szt. Informacje og\u00f3lne: Rozmiar: 14-27 mm Rodzaj: opaska \u015blimakowa Materia\u0142: stal ocynkowana Ilo\u015b\u0107: 5 sztuka Praktyczny i funkcjonalny obejma, kt\u00f3ry u\u0142atwi Twoje \u017cycie! Popularna opaska \u015blimakowa. Solidnie wykonana, do produkcji u\u017cyto stali ocynkowanej. Obejma jest prosta i wygodna w monta\u017cu. Dodatkowo charakteryzuje si\u0119 wytrzyma\u0142o\u015bci\u0105 mechaniczn\u0105 i termiczn\u0105. Przeznaczona do<br \/><a class=\"more-link\" href=\"https:\/\/bobimarket.pl\/index.php\/produkt\/opaska-slimakowa-obejma-skrecana-14-27mm-5-szt\/\"><br \/>\n        Czytaj wi\u0119cej<span class=\"screen-reader-text\"> &#8222;OPASKA \u015aLIMAKOWA OBEJMA SKR\u0118CANA 14-27mm 5 szt.&#8221;<\/span><\/a><\/p>\n","protected":false},"featured_media":97068,"template":"","meta":[],"product_cat":[8289],"product_tag":[],"yoast_head":"<!-- This site is optimized with the Yoast SEO plugin v21.0 - https:\/\/yoast.com\/wordpress\/plugins\/seo\/ -->\n<title>OPASKA \u015aLIMAKOWA OBEJMA SKR\u0118CANA 14-27mm 5 szt. - BOBIMARKET.pl - Remontuj i urz\u0105dzaj z nami<\/title>\n<meta name=\"robots\" content=\"index, follow, max-snippet:-1, max-image-preview:large, max-video-preview:-1\" \/>\n<link rel=\"canonical\" href=\"https:\/\/bobimarket.pl\/index.php\/produkt\/opaska-slimakowa-obejma-skrecana-14-27mm-5-szt\/\" \/>\n<meta property=\"og:locale\" content=\"pl_PL\" \/>\n<meta property=\"og:type\" content=\"article\" \/>\n<meta property=\"og:title\" content=\"OPASKA \u015aLIMAKOWA OBEJMA SKR\u0118CANA 14-27mm 5 szt. - BOBIMARKET.pl - Remontuj i urz\u0105dzaj z nami\" \/>\n<meta property=\"og:description\" content=\"OPASKA \u015aLIMAKOWA OBEJMA SKR\u0118CANA 14-27mm 5 szt. Informacje og\u00f3lne: Rozmiar: 14-27 mm Rodzaj: opaska \u015blimakowa Materia\u0142: stal ocynkowana Ilo\u015b\u0107: 5 sztuka Praktyczny i funkcjonalny obejma, kt\u00f3ry u\u0142atwi Twoje \u017cycie! Popularna opaska \u015blimakowa. Solidnie wykonana, do produkcji u\u017cyto stali ocynkowanej. Obejma jest prosta i wygodna w monta\u017cu. Dodatkowo charakteryzuje si\u0119 wytrzyma\u0142o\u015bci\u0105 mechaniczn\u0105 i termiczn\u0105. Przeznaczona do     Czytaj wi\u0119cej &quot;OPASKA \u015aLIMAKOWA OBEJMA SKR\u0118CANA 14-27mm 5 szt.&quot;\" \/>\n<meta property=\"og:url\" content=\"https:\/\/bobimarket.pl\/index.php\/produkt\/opaska-slimakowa-obejma-skrecana-14-27mm-5-szt\/\" \/>\n<meta property=\"og:site_name\" content=\"BOBIMARKET.pl - Remontuj i urz\u0105dzaj z nami\" \/>\n<meta property=\"article:modified_time\" content=\"2026-02-18T14:22:07+00:00\" \/>\n<meta property=\"og:image\" content=\"https:\/\/upload.cdn.baselinker.com\/products\/14476\/71ea131f6d995a36585ac62df18f1ced.jpg\" \/>\n<meta name=\"twitter:card\" content=\"summary_large_image\" \/>\n<script type=\"application\/ld+json\" class=\"yoast-schema-graph\">{\"@context\":\"https:\/\/schema.org\",\"@graph\":[{\"@type\":\"WebPage\",\"@id\":\"https:\/\/bobimarket.pl\/index.php\/produkt\/opaska-slimakowa-obejma-skrecana-14-27mm-5-szt\/\",\"url\":\"https:\/\/bobimarket.pl\/index.php\/produkt\/opaska-slimakowa-obejma-skrecana-14-27mm-5-szt\/\",\"name\":\"OPASKA \u015aLIMAKOWA OBEJMA SKR\u0118CANA 14-27mm 5 szt. - BOBIMARKET.pl - Remontuj i urz\u0105dzaj z nami\",\"isPartOf\":{\"@id\":\"https:\/\/bobimarket.pl\/#website\"},\"datePublished\":\"2023-08-30T12:14:46+00:00\",\"dateModified\":\"2026-02-18T14:22:07+00:00\",\"breadcrumb\":{\"@id\":\"https:\/\/bobimarket.pl\/index.php\/produkt\/opaska-slimakowa-obejma-skrecana-14-27mm-5-szt\/#breadcrumb\"},\"inLanguage\":\"pl-PL\",\"potentialAction\":[{\"@type\":\"ReadAction\",\"target\":[\"https:\/\/bobimarket.pl\/index.php\/produkt\/opaska-slimakowa-obejma-skrecana-14-27mm-5-szt\/\"]}]},{\"@type\":\"BreadcrumbList\",\"@id\":\"https:\/\/bobimarket.pl\/index.php\/produkt\/opaska-slimakowa-obejma-skrecana-14-27mm-5-szt\/#breadcrumb\",\"itemListElement\":[{\"@type\":\"ListItem\",\"position\":1,\"name\":\"Strona g\u0142\u00f3wna\",\"item\":\"https:\/\/bobimarket.pl\/\"},{\"@type\":\"ListItem\",\"position\":2,\"name\":\"Sklep\",\"item\":\"https:\/\/bobimarket.pl\/index.php\/shop\/\"},{\"@type\":\"ListItem\",\"position\":3,\"name\":\"OPASKA \u015aLIMAKOWA OBEJMA SKR\u0118CANA 14-27mm 5 szt.\"}]},{\"@type\":\"WebSite\",\"@id\":\"https:\/\/bobimarket.pl\/#website\",\"url\":\"https:\/\/bobimarket.pl\/\",\"name\":\"BOBIMARKET.pl - Remontuj i urz\u0105dzaj z nami\",\"description\":\"Remontuj i urz\u0105dzaj z nami\",\"publisher\":{\"@id\":\"https:\/\/bobimarket.pl\/#organization\"},\"potentialAction\":[{\"@type\":\"SearchAction\",\"target\":{\"@type\":\"EntryPoint\",\"urlTemplate\":\"https:\/\/bobimarket.pl\/?s={search_term_string}\"},\"query-input\":\"required name=search_term_string\"}],\"inLanguage\":\"pl-PL\"},{\"@type\":\"Organization\",\"@id\":\"https:\/\/bobimarket.pl\/#organization\",\"name\":\"BOBIMARKET.pl\",\"url\":\"https:\/\/bobimarket.pl\/\",\"logo\":{\"@type\":\"ImageObject\",\"inLanguage\":\"pl-PL\",\"@id\":\"https:\/\/bobimarket.pl\/#\/schema\/logo\/image\/\",\"url\":\"https:\/\/bobimarket.pl\/wp-content\/uploads\/2021\/11\/slogan.png\",\"contentUrl\":\"https:\/\/bobimarket.pl\/wp-content\/uploads\/2021\/11\/slogan.png\",\"width\":2000,\"height\":384,\"caption\":\"BOBIMARKET.pl\"},\"image\":{\"@id\":\"https:\/\/bobimarket.pl\/#\/schema\/logo\/image\/\"}}]}<\/script>\n<!-- \/ Yoast SEO plugin. -->","yoast_head_json":{"title":"OPASKA \u015aLIMAKOWA OBEJMA SKR\u0118CANA 14-27mm 5 szt. - BOBIMARKET.pl - Remontuj i urz\u0105dzaj z nami","robots":{"index":"index","follow":"follow","max-snippet":"max-snippet:-1","max-image-preview":"max-image-preview:large","max-video-preview":"max-video-preview:-1"},"canonical":"https:\/\/bobimarket.pl\/index.php\/produkt\/opaska-slimakowa-obejma-skrecana-14-27mm-5-szt\/","og_locale":"pl_PL","og_type":"article","og_title":"OPASKA \u015aLIMAKOWA OBEJMA SKR\u0118CANA 14-27mm 5 szt. - BOBIMARKET.pl - Remontuj i urz\u0105dzaj z nami","og_description":"OPASKA \u015aLIMAKOWA OBEJMA SKR\u0118CANA 14-27mm 5 szt. Informacje og\u00f3lne: Rozmiar: 14-27 mm Rodzaj: opaska \u015blimakowa Materia\u0142: stal ocynkowana Ilo\u015b\u0107: 5 sztuka Praktyczny i funkcjonalny obejma, kt\u00f3ry u\u0142atwi Twoje \u017cycie! Popularna opaska \u015blimakowa. Solidnie wykonana, do produkcji u\u017cyto stali ocynkowanej. Obejma jest prosta i wygodna w monta\u017cu. Dodatkowo charakteryzuje si\u0119 wytrzyma\u0142o\u015bci\u0105 mechaniczn\u0105 i termiczn\u0105. Przeznaczona do     Czytaj wi\u0119cej \"OPASKA \u015aLIMAKOWA OBEJMA SKR\u0118CANA 14-27mm 5 szt.\"","og_url":"https:\/\/bobimarket.pl\/index.php\/produkt\/opaska-slimakowa-obejma-skrecana-14-27mm-5-szt\/","og_site_name":"BOBIMARKET.pl - Remontuj i urz\u0105dzaj z nami","article_modified_time":"2026-02-18T14:22:07+00:00","og_image":[{"url":"https:\/\/upload.cdn.baselinker.com\/products\/14476\/71ea131f6d995a36585ac62df18f1ced.jpg"}],"twitter_card":"summary_large_image","schema":{"@context":"https:\/\/schema.org","@graph":[{"@type":"WebPage","@id":"https:\/\/bobimarket.pl\/index.php\/produkt\/opaska-slimakowa-obejma-skrecana-14-27mm-5-szt\/","url":"https:\/\/bobimarket.pl\/index.php\/produkt\/opaska-slimakowa-obejma-skrecana-14-27mm-5-szt\/","name":"OPASKA \u015aLIMAKOWA OBEJMA SKR\u0118CANA 14-27mm 5 szt. - BOBIMARKET.pl - Remontuj i urz\u0105dzaj z nami","isPartOf":{"@id":"https:\/\/bobimarket.pl\/#website"},"datePublished":"2023-08-30T12:14:46+00:00","dateModified":"2026-02-18T14:22:07+00:00","breadcrumb":{"@id":"https:\/\/bobimarket.pl\/index.php\/produkt\/opaska-slimakowa-obejma-skrecana-14-27mm-5-szt\/#breadcrumb"},"inLanguage":"pl-PL","potentialAction":[{"@type":"ReadAction","target":["https:\/\/bobimarket.pl\/index.php\/produkt\/opaska-slimakowa-obejma-skrecana-14-27mm-5-szt\/"]}]},{"@type":"BreadcrumbList","@id":"https:\/\/bobimarket.pl\/index.php\/produkt\/opaska-slimakowa-obejma-skrecana-14-27mm-5-szt\/#breadcrumb","itemListElement":[{"@type":"ListItem","position":1,"name":"Strona g\u0142\u00f3wna","item":"https:\/\/bobimarket.pl\/"},{"@type":"ListItem","position":2,"name":"Sklep","item":"https:\/\/bobimarket.pl\/index.php\/shop\/"},{"@type":"ListItem","position":3,"name":"OPASKA \u015aLIMAKOWA OBEJMA SKR\u0118CANA 14-27mm 5 szt."}]},{"@type":"WebSite","@id":"https:\/\/bobimarket.pl\/#website","url":"https:\/\/bobimarket.pl\/","name":"BOBIMARKET.pl - Remontuj i urz\u0105dzaj z nami","description":"Remontuj i urz\u0105dzaj z nami","publisher":{"@id":"https:\/\/bobimarket.pl\/#organization"},"potentialAction":[{"@type":"SearchAction","target":{"@type":"EntryPoint","urlTemplate":"https:\/\/bobimarket.pl\/?s={search_term_string}"},"query-input":"required name=search_term_string"}],"inLanguage":"pl-PL"},{"@type":"Organization","@id":"https:\/\/bobimarket.pl\/#organization","name":"BOBIMARKET.pl","url":"https:\/\/bobimarket.pl\/","logo":{"@type":"ImageObject","inLanguage":"pl-PL","@id":"https:\/\/bobimarket.pl\/#\/schema\/logo\/image\/","url":"https:\/\/bobimarket.pl\/wp-content\/uploads\/2021\/11\/slogan.png","contentUrl":"https:\/\/bobimarket.pl\/wp-content\/uploads\/2021\/11\/slogan.png","width":2000,"height":384,"caption":"BOBIMARKET.pl"},"image":{"@id":"https:\/\/bobimarket.pl\/#\/schema\/logo\/image\/"}}]}},"_links":{"self":[{"href":"https:\/\/bobimarket.pl\/index.php\/wp-json\/wp\/v2\/product\/97072"}],"collection":[{"href":"https:\/\/bobimarket.pl\/index.php\/wp-json\/wp\/v2\/product"}],"about":[{"href":"https:\/\/bobimarket.pl\/index.php\/wp-json\/wp\/v2\/types\/product"}],"wp:featuredmedia":[{"embeddable":true,"href":"https:\/\/bobimarket.pl\/index.php\/wp-json\/wp\/v2\/media\/97068"}],"wp:attachment":[{"href":"https:\/\/bobimarket.pl\/index.php\/wp-json\/wp\/v2\/media?parent=97072"}],"wp:term":[{"taxonomy":"product_cat","embeddable":true,"href":"https:\/\/bobimarket.pl\/index.php\/wp-json\/wp\/v2\/product_cat?post=97072"},{"taxonomy":"product_tag","embeddable":true,"href":"https:\/\/bobimarket.pl\/index.php\/wp-json\/wp\/v2\/product_tag?post=97072"}],"curies":[{"name":"wp","href":"https:\/\/api.w.org\/{rel}","templated":true}]}}