{"id":97083,"date":"2023-08-30T12:15:22","date_gmt":"2023-08-30T12:15:22","guid":{"rendered":"https:\/\/bobimarket.pl\/index.php\/produkt\/mlotek-ciesielski-dekarski-fiberglass-600g-2\/"},"modified":"2025-02-27T16:32:24","modified_gmt":"2025-02-27T16:32:24","slug":"mlotek-ciesielski-dekarski-fiberglass-600g-2","status":"publish","type":"product","link":"https:\/\/bobimarket.pl\/index.php\/produkt\/mlotek-ciesielski-dekarski-fiberglass-600g-2\/","title":{"rendered":"M\u0141OTEK CIESIELSKI DEKARSKI FIBERGLASS 600g"},"content":{"rendered":"<section class=\"section\">\n<div class=\"item item-12\">\n<section class=\"text-item\">\n<h2>M\u0141OTEK CIESIELSKI DEKARSKI FIBERGLASS 600g<\/h2>\n<p><b>Dane techniczne:<\/b><\/p>\n<ul>\n<li>Typ: <b>Ciesielski<\/b><\/li>\n<li>Waga: <b>600g<\/b><\/li>\n<li>D\u0142ugo\u015b\u0107 ca\u0142kowica: <b>33,3 cm<\/b><\/li>\n<li>D\u0142ugo\u015b\u0107 trzonu:<b> 18cm<\/b><\/li>\n<li>Wymiary g\u0142owicy:<b> 16 x 3 x 3 cm<\/b><\/li>\n<li>Twardo\u015b\u0107: <b>50-56HRC<\/b><\/li>\n<li>Produkt wykonany zgodnie z norm\u0105 <b>DIN1193, <\/b>TUV\/GS<\/li>\n<li>Materia\u0142 wykonania: <b>stal narz\u0119dziowa, kuta i hartowana powierzchniowo,<\/b><\/li>\n<li>R\u0119koje\u015b\u0107: antypo\u015blizgowa, tworzywo dwukomponentowe<\/li>\n<li>monolityczna konstrukcja<\/li>\n<li>Magnetyczne gniazdo na gw\u00f3\u017ad\u017a<\/li>\n<\/ul>\n<\/section><\/div>\n<\/section>\n<section class=\"section\">\n<div class=\"item item-12\">\n<section class=\"image-item\">\n            <img decoding=\"async\" src=\"--deleted-from-1--\" \/><br \/>\n        <\/section>\n<\/p><\/div>\n<\/section>\n<section class=\"section\">\n<div class=\"item item-12\">\n<section class=\"text-item\">\n<h2>Niezb\u0119dne narz\u0119dzie w Twojej skrzynce!<\/h2>\n<p>Klasyczny m\u0142otek <b>ciesielski\/dekarski.<\/b> Od m\u0142otka klasycznego r\u00f3\u017cni si\u0119 tym, \u017ce jego sto\u017ckowa cz\u0119\u015b\u0107 jest rozdwojona, a w g\u00f3rnej cz\u0119\u015bci obucha znajduje si\u0119 magnes oraz uchwyt u\u0142atwiaj\u0105cy rozpocz\u0119cie wbijania gwo\u017adzia. Ca\u0142o\u015b\u0107 narz\u0119dzia zosta\u0142a wykonana <b>z jednego, monolitycznego kawa\u0142ka stali<\/b>, kt\u00f3ry zosta\u0142 wyprofilowany do obecnego kszta\u0142tu oraz poddany kuciu (obuch) oraz obr\u00f3bce termicznej.<\/p>\n<ul>\n<li><b>Ergonomiczna r\u0119koje\u015b\u0107<\/b> zapewniaj\u0105ca komfort pracy ( dwukompozytow\u0105 r\u0119koje\u015b\u0107\u00a0 zabezpieczona dodatkowo przed zsuni\u0119ciem nitem).<\/li>\n<li>M\u0142otek dobrze trzyma si\u0119 d\u0142oni.<\/li>\n<li><b>Solidna i precyzyjna g\u0142owica<\/b>, zapewnia wydajn\u0105 i wygodn\u0105 prac\u0119.<\/li>\n<\/ul>\n<\/section><\/div>\n<\/section>\n<section class=\"section\">\n<div class=\"item item-12\">\n<section class=\"image-item\">\n            <img decoding=\"async\" src=\"https:\/\/upload.cdn.baselinker.com\/products\/14476\/88f4e87fd0f859d8969e3535af878e97.jpg\" \/><br \/>\n        <\/section>\n<\/p><\/div>\n<\/section>\n<section class=\"section\">\n<div class=\"item item-12\">\n<section class=\"text-item\">\n<p><b>Zastosowanie: <\/b><\/p>\n<p>M\u0142otek b\u0119dzie\u00a0 idealny zar\u00f3wno dla profesjonalist\u00f3w jak i amator\u00f3w. Jest profesjonalnym narzedziem przeznaczonym do typowych prac ciesielskich i dekarskich.<\/p>\n<p>\u2705 M\u0142otek nadaje si\u0119 do wbijania gwo\u017adzi, a dzi\u0119ki wbudowanemu w obuch magnesowi mo\u017cna to robi\u0107 jedn\u0105 r\u0119k\u0105.<\/p>\n<p>\u2705 Narz\u0119dzie to doskonale sprawdzi si\u0119 do szybkiego\u00a0 wyci\u0105gania gwo\u017adzi,\u00a0 kucia i\u00a0 podwa\u017cania element\u00f3w.<\/p>\n<p>\u2705 Charakterystyczny kszta\u0142t g\u0142owicy sprawi, \u017ce m\u0142otek b\u0119dzie niezb\u0119dnym narz\u0119dziem podczas np.<\/p>\n<ul>\n<li>\u0142amania\/kruszenia cegie\u0142<\/li>\n<li>pobijania twardych materia\u0142\u00f3w budowlanych<\/li>\n<\/ul>\n<\/section><\/div>\n<\/section>\n<section class=\"section\">\n<div class=\"item item-12\">\n<section class=\"image-item\">\n            <img decoding=\"async\" src=\"https:\/\/upload.cdn.baselinker.com\/products\/14476\/f0c99d78e73ccd8b3912ecb451607552.jpg\" \/><br \/>\n        <\/section>\n<\/p><\/div>\n<\/section>\n<section class=\"section\">\n<div class=\"item item-12\">\n<section class=\"image-item\">\n            <img decoding=\"async\" src=\"--deleted-from-2--\" \/><br \/>\n        <\/section>\n<\/p><\/div>\n<\/section>\n","protected":false},"excerpt":{"rendered":"<p>M\u0141OTEK CIESIELSKI DEKARSKI FIBERGLASS 600g Dane techniczne: Typ: Ciesielski Waga: 600g D\u0142ugo\u015b\u0107 ca\u0142kowica: 33,3 cm D\u0142ugo\u015b\u0107 trzonu: 18cm Wymiary g\u0142owicy: 16 x 3 x 3 cm Twardo\u015b\u0107: 50-56HRC Produkt wykonany zgodnie z norm\u0105 DIN1193, TUV\/GS Materia\u0142 wykonania: stal narz\u0119dziowa, kuta i hartowana powierzchniowo, R\u0119koje\u015b\u0107: antypo\u015blizgowa, tworzywo dwukomponentowe monolityczna konstrukcja Magnetyczne gniazdo na gw\u00f3\u017ad\u017a Niezb\u0119dne narz\u0119dzie<br \/><a class=\"more-link\" href=\"https:\/\/bobimarket.pl\/index.php\/produkt\/mlotek-ciesielski-dekarski-fiberglass-600g-2\/\"><br \/>\n        Czytaj wi\u0119cej<span class=\"screen-reader-text\"> &#8222;M\u0141OTEK CIESIELSKI DEKARSKI FIBERGLASS 600g&#8221;<\/span><\/a><\/p>\n","protected":false},"featured_media":97077,"template":"","meta":[],"product_cat":[8197],"product_tag":[],"yoast_head":"<!-- This site is optimized with the Yoast SEO plugin v21.0 - https:\/\/yoast.com\/wordpress\/plugins\/seo\/ -->\n<title>M\u0141OTEK CIESIELSKI DEKARSKI FIBERGLASS 600g - BOBIMARKET.pl - Remontuj i urz\u0105dzaj z nami<\/title>\n<meta name=\"robots\" content=\"index, follow, max-snippet:-1, max-image-preview:large, max-video-preview:-1\" \/>\n<link rel=\"canonical\" href=\"https:\/\/bobimarket.pl\/index.php\/produkt\/mlotek-ciesielski-dekarski-fiberglass-600g-2\/\" \/>\n<meta property=\"og:locale\" content=\"pl_PL\" \/>\n<meta property=\"og:type\" content=\"article\" \/>\n<meta property=\"og:title\" content=\"M\u0141OTEK CIESIELSKI DEKARSKI FIBERGLASS 600g - BOBIMARKET.pl - Remontuj i urz\u0105dzaj z nami\" \/>\n<meta property=\"og:description\" content=\"M\u0141OTEK CIESIELSKI DEKARSKI FIBERGLASS 600g Dane techniczne: Typ: Ciesielski Waga: 600g D\u0142ugo\u015b\u0107 ca\u0142kowica: 33,3 cm D\u0142ugo\u015b\u0107 trzonu: 18cm Wymiary g\u0142owicy: 16 x 3 x 3 cm Twardo\u015b\u0107: 50-56HRC Produkt wykonany zgodnie z norm\u0105 DIN1193, TUV\/GS Materia\u0142 wykonania: stal narz\u0119dziowa, kuta i hartowana powierzchniowo, R\u0119koje\u015b\u0107: antypo\u015blizgowa, tworzywo dwukomponentowe monolityczna konstrukcja Magnetyczne gniazdo na gw\u00f3\u017ad\u017a Niezb\u0119dne narz\u0119dzie     Czytaj wi\u0119cej &quot;M\u0141OTEK CIESIELSKI DEKARSKI FIBERGLASS 600g&quot;\" \/>\n<meta property=\"og:url\" content=\"https:\/\/bobimarket.pl\/index.php\/produkt\/mlotek-ciesielski-dekarski-fiberglass-600g-2\/\" \/>\n<meta property=\"og:site_name\" content=\"BOBIMARKET.pl - Remontuj i urz\u0105dzaj z nami\" \/>\n<meta property=\"article:modified_time\" content=\"2025-02-27T16:32:24+00:00\" \/>\n<meta property=\"og:image\" content=\"https:\/\/upload.cdn.baselinker.com\/products\/14476\/88f4e87fd0f859d8969e3535af878e97.jpg\" \/>\n<meta name=\"twitter:card\" content=\"summary_large_image\" \/>\n<meta name=\"twitter:label1\" content=\"Szacowany czas czytania\" \/>\n\t<meta name=\"twitter:data1\" content=\"1 minuta\" \/>\n<script type=\"application\/ld+json\" class=\"yoast-schema-graph\">{\"@context\":\"https:\/\/schema.org\",\"@graph\":[{\"@type\":\"WebPage\",\"@id\":\"https:\/\/bobimarket.pl\/index.php\/produkt\/mlotek-ciesielski-dekarski-fiberglass-600g-2\/\",\"url\":\"https:\/\/bobimarket.pl\/index.php\/produkt\/mlotek-ciesielski-dekarski-fiberglass-600g-2\/\",\"name\":\"M\u0141OTEK CIESIELSKI DEKARSKI FIBERGLASS 600g - BOBIMARKET.pl - Remontuj i urz\u0105dzaj z nami\",\"isPartOf\":{\"@id\":\"https:\/\/bobimarket.pl\/#website\"},\"datePublished\":\"2023-08-30T12:15:22+00:00\",\"dateModified\":\"2025-02-27T16:32:24+00:00\",\"breadcrumb\":{\"@id\":\"https:\/\/bobimarket.pl\/index.php\/produkt\/mlotek-ciesielski-dekarski-fiberglass-600g-2\/#breadcrumb\"},\"inLanguage\":\"pl-PL\",\"potentialAction\":[{\"@type\":\"ReadAction\",\"target\":[\"https:\/\/bobimarket.pl\/index.php\/produkt\/mlotek-ciesielski-dekarski-fiberglass-600g-2\/\"]}]},{\"@type\":\"BreadcrumbList\",\"@id\":\"https:\/\/bobimarket.pl\/index.php\/produkt\/mlotek-ciesielski-dekarski-fiberglass-600g-2\/#breadcrumb\",\"itemListElement\":[{\"@type\":\"ListItem\",\"position\":1,\"name\":\"Strona g\u0142\u00f3wna\",\"item\":\"https:\/\/bobimarket.pl\/\"},{\"@type\":\"ListItem\",\"position\":2,\"name\":\"Sklep\",\"item\":\"https:\/\/bobimarket.pl\/index.php\/shop\/\"},{\"@type\":\"ListItem\",\"position\":3,\"name\":\"M\u0141OTEK CIESIELSKI DEKARSKI FIBERGLASS 600g\"}]},{\"@type\":\"WebSite\",\"@id\":\"https:\/\/bobimarket.pl\/#website\",\"url\":\"https:\/\/bobimarket.pl\/\",\"name\":\"BOBIMARKET.pl - Remontuj i urz\u0105dzaj z nami\",\"description\":\"Remontuj i urz\u0105dzaj z nami\",\"publisher\":{\"@id\":\"https:\/\/bobimarket.pl\/#organization\"},\"potentialAction\":[{\"@type\":\"SearchAction\",\"target\":{\"@type\":\"EntryPoint\",\"urlTemplate\":\"https:\/\/bobimarket.pl\/?s={search_term_string}\"},\"query-input\":\"required name=search_term_string\"}],\"inLanguage\":\"pl-PL\"},{\"@type\":\"Organization\",\"@id\":\"https:\/\/bobimarket.pl\/#organization\",\"name\":\"BOBIMARKET.pl\",\"url\":\"https:\/\/bobimarket.pl\/\",\"logo\":{\"@type\":\"ImageObject\",\"inLanguage\":\"pl-PL\",\"@id\":\"https:\/\/bobimarket.pl\/#\/schema\/logo\/image\/\",\"url\":\"https:\/\/bobimarket.pl\/wp-content\/uploads\/2021\/11\/slogan.png\",\"contentUrl\":\"https:\/\/bobimarket.pl\/wp-content\/uploads\/2021\/11\/slogan.png\",\"width\":2000,\"height\":384,\"caption\":\"BOBIMARKET.pl\"},\"image\":{\"@id\":\"https:\/\/bobimarket.pl\/#\/schema\/logo\/image\/\"}}]}<\/script>\n<!-- \/ Yoast SEO plugin. -->","yoast_head_json":{"title":"M\u0141OTEK CIESIELSKI DEKARSKI FIBERGLASS 600g - BOBIMARKET.pl - Remontuj i urz\u0105dzaj z nami","robots":{"index":"index","follow":"follow","max-snippet":"max-snippet:-1","max-image-preview":"max-image-preview:large","max-video-preview":"max-video-preview:-1"},"canonical":"https:\/\/bobimarket.pl\/index.php\/produkt\/mlotek-ciesielski-dekarski-fiberglass-600g-2\/","og_locale":"pl_PL","og_type":"article","og_title":"M\u0141OTEK CIESIELSKI DEKARSKI FIBERGLASS 600g - BOBIMARKET.pl - Remontuj i urz\u0105dzaj z nami","og_description":"M\u0141OTEK CIESIELSKI DEKARSKI FIBERGLASS 600g Dane techniczne: Typ: Ciesielski Waga: 600g D\u0142ugo\u015b\u0107 ca\u0142kowica: 33,3 cm D\u0142ugo\u015b\u0107 trzonu: 18cm Wymiary g\u0142owicy: 16 x 3 x 3 cm Twardo\u015b\u0107: 50-56HRC Produkt wykonany zgodnie z norm\u0105 DIN1193, TUV\/GS Materia\u0142 wykonania: stal narz\u0119dziowa, kuta i hartowana powierzchniowo, R\u0119koje\u015b\u0107: antypo\u015blizgowa, tworzywo dwukomponentowe monolityczna konstrukcja Magnetyczne gniazdo na gw\u00f3\u017ad\u017a Niezb\u0119dne narz\u0119dzie     Czytaj wi\u0119cej \"M\u0141OTEK CIESIELSKI DEKARSKI FIBERGLASS 600g\"","og_url":"https:\/\/bobimarket.pl\/index.php\/produkt\/mlotek-ciesielski-dekarski-fiberglass-600g-2\/","og_site_name":"BOBIMARKET.pl - Remontuj i urz\u0105dzaj z nami","article_modified_time":"2025-02-27T16:32:24+00:00","og_image":[{"url":"https:\/\/upload.cdn.baselinker.com\/products\/14476\/88f4e87fd0f859d8969e3535af878e97.jpg"}],"twitter_card":"summary_large_image","twitter_misc":{"Szacowany czas czytania":"1 minuta"},"schema":{"@context":"https:\/\/schema.org","@graph":[{"@type":"WebPage","@id":"https:\/\/bobimarket.pl\/index.php\/produkt\/mlotek-ciesielski-dekarski-fiberglass-600g-2\/","url":"https:\/\/bobimarket.pl\/index.php\/produkt\/mlotek-ciesielski-dekarski-fiberglass-600g-2\/","name":"M\u0141OTEK CIESIELSKI DEKARSKI FIBERGLASS 600g - BOBIMARKET.pl - Remontuj i urz\u0105dzaj z nami","isPartOf":{"@id":"https:\/\/bobimarket.pl\/#website"},"datePublished":"2023-08-30T12:15:22+00:00","dateModified":"2025-02-27T16:32:24+00:00","breadcrumb":{"@id":"https:\/\/bobimarket.pl\/index.php\/produkt\/mlotek-ciesielski-dekarski-fiberglass-600g-2\/#breadcrumb"},"inLanguage":"pl-PL","potentialAction":[{"@type":"ReadAction","target":["https:\/\/bobimarket.pl\/index.php\/produkt\/mlotek-ciesielski-dekarski-fiberglass-600g-2\/"]}]},{"@type":"BreadcrumbList","@id":"https:\/\/bobimarket.pl\/index.php\/produkt\/mlotek-ciesielski-dekarski-fiberglass-600g-2\/#breadcrumb","itemListElement":[{"@type":"ListItem","position":1,"name":"Strona g\u0142\u00f3wna","item":"https:\/\/bobimarket.pl\/"},{"@type":"ListItem","position":2,"name":"Sklep","item":"https:\/\/bobimarket.pl\/index.php\/shop\/"},{"@type":"ListItem","position":3,"name":"M\u0141OTEK CIESIELSKI DEKARSKI FIBERGLASS 600g"}]},{"@type":"WebSite","@id":"https:\/\/bobimarket.pl\/#website","url":"https:\/\/bobimarket.pl\/","name":"BOBIMARKET.pl - Remontuj i urz\u0105dzaj z nami","description":"Remontuj i urz\u0105dzaj z nami","publisher":{"@id":"https:\/\/bobimarket.pl\/#organization"},"potentialAction":[{"@type":"SearchAction","target":{"@type":"EntryPoint","urlTemplate":"https:\/\/bobimarket.pl\/?s={search_term_string}"},"query-input":"required name=search_term_string"}],"inLanguage":"pl-PL"},{"@type":"Organization","@id":"https:\/\/bobimarket.pl\/#organization","name":"BOBIMARKET.pl","url":"https:\/\/bobimarket.pl\/","logo":{"@type":"ImageObject","inLanguage":"pl-PL","@id":"https:\/\/bobimarket.pl\/#\/schema\/logo\/image\/","url":"https:\/\/bobimarket.pl\/wp-content\/uploads\/2021\/11\/slogan.png","contentUrl":"https:\/\/bobimarket.pl\/wp-content\/uploads\/2021\/11\/slogan.png","width":2000,"height":384,"caption":"BOBIMARKET.pl"},"image":{"@id":"https:\/\/bobimarket.pl\/#\/schema\/logo\/image\/"}}]}},"_links":{"self":[{"href":"https:\/\/bobimarket.pl\/index.php\/wp-json\/wp\/v2\/product\/97083"}],"collection":[{"href":"https:\/\/bobimarket.pl\/index.php\/wp-json\/wp\/v2\/product"}],"about":[{"href":"https:\/\/bobimarket.pl\/index.php\/wp-json\/wp\/v2\/types\/product"}],"wp:featuredmedia":[{"embeddable":true,"href":"https:\/\/bobimarket.pl\/index.php\/wp-json\/wp\/v2\/media\/97077"}],"wp:attachment":[{"href":"https:\/\/bobimarket.pl\/index.php\/wp-json\/wp\/v2\/media?parent=97083"}],"wp:term":[{"taxonomy":"product_cat","embeddable":true,"href":"https:\/\/bobimarket.pl\/index.php\/wp-json\/wp\/v2\/product_cat?post=97083"},{"taxonomy":"product_tag","embeddable":true,"href":"https:\/\/bobimarket.pl\/index.php\/wp-json\/wp\/v2\/product_tag?post=97083"}],"curies":[{"name":"wp","href":"https:\/\/api.w.org\/{rel}","templated":true}]}}