{"id":97089,"date":"2023-08-30T12:15:39","date_gmt":"2023-08-30T12:15:39","guid":{"rendered":"https:\/\/bobimarket.pl\/index.php\/produkt\/wiertla-fazowniki-poglebiacze-metal-63-205mm-hss\/"},"modified":"2025-02-27T16:32:27","modified_gmt":"2025-02-27T16:32:27","slug":"wiertla-fazowniki-poglebiacze-metal-63-205mm-hss","status":"publish","type":"product","link":"https:\/\/bobimarket.pl\/index.php\/produkt\/wiertla-fazowniki-poglebiacze-metal-63-205mm-hss\/","title":{"rendered":"WIERT\u0141A FAZOWNIKI POG\u0141\u0118BIACZE METAL 6,3-20,5mm HSS"},"content":{"rendered":"<section class=\"section\">\n<div class=\"item item-12\">\n<section class=\"text-item\">\n<h2>WIERT\u0141A FAZOWNIKI POG\u0141\u0118BIACZE METAL 6,3-20,5mm HSS<\/h2>\n<p><b>Dane techniczne:<\/b><\/p>\n<ul>\n<li>\u015arednica wiert\u0142a: <b>6,3 mm, 8,3 mm, 10,4 mm, 12,4 mm, 16,5 mm, 20,5 mm<\/b><\/li>\n<li>K\u0105t wierzcho\u0142ka: <b>45<\/b><b>\u00b0<\/b><\/li>\n<li>Materia\u0142:<b> HSS ( stal szybkotn\u0105ca)<\/b><\/li>\n<li>Uchwyt: <b>cylindryczny (standardowy)<\/b><\/li>\n<li>Rodzaj wierte\u0142:<b> fazownik<\/b><\/li>\n<li>Zastosowanie: <b>do metalu <\/b><\/li>\n<li>Ilo\u015b\u0107 sztuk w zestawie:<b> 6<\/b><\/li>\n<\/ul>\n<\/section><\/div>\n<\/section>\n<section class=\"section\">\n<div class=\"item item-12\">\n<section class=\"image-item\">\n            <img decoding=\"async\" src=\"https:\/\/upload.cdn.baselinker.com\/products\/14476\/92a985f1ae2b3c772762f00b5e97bfd6.jpg\" \/><br \/>\n        <\/section>\n<\/p><\/div>\n<\/section>\n<section class=\"section\">\n<div class=\"item item-12\">\n<section class=\"text-item\">\n<p>Praktyczny zestaw <b>fazownik\u00f3w do metalu. <\/b>Te3-ostrzowe pog\u0142\u0119biacze wykonano ze stali szybkotn\u0105cej HSS, co b\u0119dzie owocowa\u0142o d\u0142ugim okresem u\u017cytkowania oraz skutecznym dzia\u0142aniem. Fazowniki wyposa\u017cono w st<b>andardowy uchwyt cylindryczny.\u00a0 <\/b>Komplet sk\u0142ada si\u0119 z 6 wierte\u0142 o \u015brednicy <b>6,3 mm, 8,3 mm, 10,4 mm, 12,4 mm, 16,5 mm, 20,5 mm<\/b>.\u00a0Przeznaczony do pog\u0142\u0119bienia i fazowania kraw\u0119dzi otworu.<\/p>\n<ul>\n<li><b>Wiert\u0142a charakteryzuj\u0105 si\u0119<\/b> ostro zako\u0144czonymi wierzcho\u0142kami co umo\u017cliwia szybkie i \u0142atwe fazowanie kraw\u0119dzi otwor\u00f3w.<\/li>\n<li><b>Uchwyt walcowy<\/b>\u00a0pozwala na stabilne trzymanie fazownika podczas pracy, co zwi\u0119ksza dok\u0142adno\u015b\u0107 i precyzj\u0119 fazowania.<\/li>\n<\/ul>\n<p><b>\u2705 Zastosowanie:<\/b><\/p>\n<ul>\n<li>Pog\u0142\u0119biacz doskonale nadaje si\u0119 do fazowania i gratowani.<\/li>\n<li>Do powi\u0119kszania lub innego kszta\u0142towania otwor\u00f3w<\/li>\n<\/ul>\n<\/section><\/div>\n<\/section>\n<section class=\"section\">\n<div class=\"item item-12\">\n<section class=\"image-item\">\n            <img decoding=\"async\" src=\"https:\/\/upload.cdn.baselinker.com\/products\/14476\/f68cb4660806bb1a78ac3d642925ba57.jpg\" \/><br \/>\n        <\/section>\n<\/p><\/div>\n<\/section>\n","protected":false},"excerpt":{"rendered":"<p>WIERT\u0141A FAZOWNIKI POG\u0141\u0118BIACZE METAL 6,3-20,5mm HSS Dane techniczne: \u015arednica wiert\u0142a: 6,3 mm, 8,3 mm, 10,4 mm, 12,4 mm, 16,5 mm, 20,5 mm K\u0105t wierzcho\u0142ka: 45\u00b0 Materia\u0142: HSS ( stal szybkotn\u0105ca) Uchwyt: cylindryczny (standardowy) Rodzaj wierte\u0142: fazownik Zastosowanie: do metalu Ilo\u015b\u0107 sztuk w zestawie: 6 Praktyczny zestaw fazownik\u00f3w do metalu. Te3-ostrzowe pog\u0142\u0119biacze wykonano ze stali szybkotn\u0105cej<br \/><a class=\"more-link\" href=\"https:\/\/bobimarket.pl\/index.php\/produkt\/wiertla-fazowniki-poglebiacze-metal-63-205mm-hss\/\"><br \/>\n        Czytaj wi\u0119cej<span class=\"screen-reader-text\"> &#8222;WIERT\u0141A FAZOWNIKI POG\u0141\u0118BIACZE METAL 6,3-20,5mm HSS&#8221;<\/span><\/a><\/p>\n","protected":false},"featured_media":97084,"template":"","meta":[],"product_cat":[8108],"product_tag":[],"yoast_head":"<!-- This site is optimized with the Yoast SEO plugin v21.0 - https:\/\/yoast.com\/wordpress\/plugins\/seo\/ -->\n<title>WIERT\u0141A FAZOWNIKI POG\u0141\u0118BIACZE METAL 6,3-20,5mm HSS - BOBIMARKET.pl - Remontuj i urz\u0105dzaj z nami<\/title>\n<meta name=\"robots\" content=\"index, follow, max-snippet:-1, max-image-preview:large, max-video-preview:-1\" \/>\n<link rel=\"canonical\" href=\"https:\/\/bobimarket.pl\/index.php\/produkt\/wiertla-fazowniki-poglebiacze-metal-63-205mm-hss\/\" \/>\n<meta property=\"og:locale\" content=\"pl_PL\" \/>\n<meta property=\"og:type\" content=\"article\" \/>\n<meta property=\"og:title\" content=\"WIERT\u0141A FAZOWNIKI POG\u0141\u0118BIACZE METAL 6,3-20,5mm HSS - BOBIMARKET.pl - Remontuj i urz\u0105dzaj z nami\" \/>\n<meta property=\"og:description\" content=\"WIERT\u0141A FAZOWNIKI POG\u0141\u0118BIACZE METAL 6,3-20,5mm HSS Dane techniczne: \u015arednica wiert\u0142a: 6,3 mm, 8,3 mm, 10,4 mm, 12,4 mm, 16,5 mm, 20,5 mm K\u0105t wierzcho\u0142ka: 45\u00b0 Materia\u0142: HSS ( stal szybkotn\u0105ca) Uchwyt: cylindryczny (standardowy) Rodzaj wierte\u0142: fazownik Zastosowanie: do metalu Ilo\u015b\u0107 sztuk w zestawie: 6 Praktyczny zestaw fazownik\u00f3w do metalu. Te3-ostrzowe pog\u0142\u0119biacze wykonano ze stali szybkotn\u0105cej     Czytaj wi\u0119cej &quot;WIERT\u0141A FAZOWNIKI POG\u0141\u0118BIACZE METAL 6,3-20,5mm HSS&quot;\" \/>\n<meta property=\"og:url\" content=\"https:\/\/bobimarket.pl\/index.php\/produkt\/wiertla-fazowniki-poglebiacze-metal-63-205mm-hss\/\" \/>\n<meta property=\"og:site_name\" content=\"BOBIMARKET.pl - Remontuj i urz\u0105dzaj z nami\" \/>\n<meta property=\"article:modified_time\" content=\"2025-02-27T16:32:27+00:00\" \/>\n<meta property=\"og:image\" content=\"https:\/\/upload.cdn.baselinker.com\/products\/14476\/92a985f1ae2b3c772762f00b5e97bfd6.jpg\" \/>\n<meta name=\"twitter:card\" content=\"summary_large_image\" \/>\n<meta name=\"twitter:label1\" content=\"Szacowany czas czytania\" \/>\n\t<meta name=\"twitter:data1\" content=\"1 minuta\" \/>\n<script type=\"application\/ld+json\" class=\"yoast-schema-graph\">{\"@context\":\"https:\/\/schema.org\",\"@graph\":[{\"@type\":\"WebPage\",\"@id\":\"https:\/\/bobimarket.pl\/index.php\/produkt\/wiertla-fazowniki-poglebiacze-metal-63-205mm-hss\/\",\"url\":\"https:\/\/bobimarket.pl\/index.php\/produkt\/wiertla-fazowniki-poglebiacze-metal-63-205mm-hss\/\",\"name\":\"WIERT\u0141A FAZOWNIKI POG\u0141\u0118BIACZE METAL 6,3-20,5mm HSS - BOBIMARKET.pl - Remontuj i urz\u0105dzaj z nami\",\"isPartOf\":{\"@id\":\"https:\/\/bobimarket.pl\/#website\"},\"datePublished\":\"2023-08-30T12:15:39+00:00\",\"dateModified\":\"2025-02-27T16:32:27+00:00\",\"breadcrumb\":{\"@id\":\"https:\/\/bobimarket.pl\/index.php\/produkt\/wiertla-fazowniki-poglebiacze-metal-63-205mm-hss\/#breadcrumb\"},\"inLanguage\":\"pl-PL\",\"potentialAction\":[{\"@type\":\"ReadAction\",\"target\":[\"https:\/\/bobimarket.pl\/index.php\/produkt\/wiertla-fazowniki-poglebiacze-metal-63-205mm-hss\/\"]}]},{\"@type\":\"BreadcrumbList\",\"@id\":\"https:\/\/bobimarket.pl\/index.php\/produkt\/wiertla-fazowniki-poglebiacze-metal-63-205mm-hss\/#breadcrumb\",\"itemListElement\":[{\"@type\":\"ListItem\",\"position\":1,\"name\":\"Strona g\u0142\u00f3wna\",\"item\":\"https:\/\/bobimarket.pl\/\"},{\"@type\":\"ListItem\",\"position\":2,\"name\":\"Sklep\",\"item\":\"https:\/\/bobimarket.pl\/index.php\/shop\/\"},{\"@type\":\"ListItem\",\"position\":3,\"name\":\"WIERT\u0141A FAZOWNIKI POG\u0141\u0118BIACZE METAL 6,3-20,5mm HSS\"}]},{\"@type\":\"WebSite\",\"@id\":\"https:\/\/bobimarket.pl\/#website\",\"url\":\"https:\/\/bobimarket.pl\/\",\"name\":\"BOBIMARKET.pl - Remontuj i urz\u0105dzaj z nami\",\"description\":\"Remontuj i urz\u0105dzaj z nami\",\"publisher\":{\"@id\":\"https:\/\/bobimarket.pl\/#organization\"},\"potentialAction\":[{\"@type\":\"SearchAction\",\"target\":{\"@type\":\"EntryPoint\",\"urlTemplate\":\"https:\/\/bobimarket.pl\/?s={search_term_string}\"},\"query-input\":\"required name=search_term_string\"}],\"inLanguage\":\"pl-PL\"},{\"@type\":\"Organization\",\"@id\":\"https:\/\/bobimarket.pl\/#organization\",\"name\":\"BOBIMARKET.pl\",\"url\":\"https:\/\/bobimarket.pl\/\",\"logo\":{\"@type\":\"ImageObject\",\"inLanguage\":\"pl-PL\",\"@id\":\"https:\/\/bobimarket.pl\/#\/schema\/logo\/image\/\",\"url\":\"https:\/\/bobimarket.pl\/wp-content\/uploads\/2021\/11\/slogan.png\",\"contentUrl\":\"https:\/\/bobimarket.pl\/wp-content\/uploads\/2021\/11\/slogan.png\",\"width\":2000,\"height\":384,\"caption\":\"BOBIMARKET.pl\"},\"image\":{\"@id\":\"https:\/\/bobimarket.pl\/#\/schema\/logo\/image\/\"}}]}<\/script>\n<!-- \/ Yoast SEO plugin. -->","yoast_head_json":{"title":"WIERT\u0141A FAZOWNIKI POG\u0141\u0118BIACZE METAL 6,3-20,5mm HSS - BOBIMARKET.pl - Remontuj i urz\u0105dzaj z nami","robots":{"index":"index","follow":"follow","max-snippet":"max-snippet:-1","max-image-preview":"max-image-preview:large","max-video-preview":"max-video-preview:-1"},"canonical":"https:\/\/bobimarket.pl\/index.php\/produkt\/wiertla-fazowniki-poglebiacze-metal-63-205mm-hss\/","og_locale":"pl_PL","og_type":"article","og_title":"WIERT\u0141A FAZOWNIKI POG\u0141\u0118BIACZE METAL 6,3-20,5mm HSS - BOBIMARKET.pl - Remontuj i urz\u0105dzaj z nami","og_description":"WIERT\u0141A FAZOWNIKI POG\u0141\u0118BIACZE METAL 6,3-20,5mm HSS Dane techniczne: \u015arednica wiert\u0142a: 6,3 mm, 8,3 mm, 10,4 mm, 12,4 mm, 16,5 mm, 20,5 mm K\u0105t wierzcho\u0142ka: 45\u00b0 Materia\u0142: HSS ( stal szybkotn\u0105ca) Uchwyt: cylindryczny (standardowy) Rodzaj wierte\u0142: fazownik Zastosowanie: do metalu Ilo\u015b\u0107 sztuk w zestawie: 6 Praktyczny zestaw fazownik\u00f3w do metalu. Te3-ostrzowe pog\u0142\u0119biacze wykonano ze stali szybkotn\u0105cej     Czytaj wi\u0119cej \"WIERT\u0141A FAZOWNIKI POG\u0141\u0118BIACZE METAL 6,3-20,5mm HSS\"","og_url":"https:\/\/bobimarket.pl\/index.php\/produkt\/wiertla-fazowniki-poglebiacze-metal-63-205mm-hss\/","og_site_name":"BOBIMARKET.pl - Remontuj i urz\u0105dzaj z nami","article_modified_time":"2025-02-27T16:32:27+00:00","og_image":[{"url":"https:\/\/upload.cdn.baselinker.com\/products\/14476\/92a985f1ae2b3c772762f00b5e97bfd6.jpg"}],"twitter_card":"summary_large_image","twitter_misc":{"Szacowany czas czytania":"1 minuta"},"schema":{"@context":"https:\/\/schema.org","@graph":[{"@type":"WebPage","@id":"https:\/\/bobimarket.pl\/index.php\/produkt\/wiertla-fazowniki-poglebiacze-metal-63-205mm-hss\/","url":"https:\/\/bobimarket.pl\/index.php\/produkt\/wiertla-fazowniki-poglebiacze-metal-63-205mm-hss\/","name":"WIERT\u0141A FAZOWNIKI POG\u0141\u0118BIACZE METAL 6,3-20,5mm HSS - BOBIMARKET.pl - Remontuj i urz\u0105dzaj z nami","isPartOf":{"@id":"https:\/\/bobimarket.pl\/#website"},"datePublished":"2023-08-30T12:15:39+00:00","dateModified":"2025-02-27T16:32:27+00:00","breadcrumb":{"@id":"https:\/\/bobimarket.pl\/index.php\/produkt\/wiertla-fazowniki-poglebiacze-metal-63-205mm-hss\/#breadcrumb"},"inLanguage":"pl-PL","potentialAction":[{"@type":"ReadAction","target":["https:\/\/bobimarket.pl\/index.php\/produkt\/wiertla-fazowniki-poglebiacze-metal-63-205mm-hss\/"]}]},{"@type":"BreadcrumbList","@id":"https:\/\/bobimarket.pl\/index.php\/produkt\/wiertla-fazowniki-poglebiacze-metal-63-205mm-hss\/#breadcrumb","itemListElement":[{"@type":"ListItem","position":1,"name":"Strona g\u0142\u00f3wna","item":"https:\/\/bobimarket.pl\/"},{"@type":"ListItem","position":2,"name":"Sklep","item":"https:\/\/bobimarket.pl\/index.php\/shop\/"},{"@type":"ListItem","position":3,"name":"WIERT\u0141A FAZOWNIKI POG\u0141\u0118BIACZE METAL 6,3-20,5mm HSS"}]},{"@type":"WebSite","@id":"https:\/\/bobimarket.pl\/#website","url":"https:\/\/bobimarket.pl\/","name":"BOBIMARKET.pl - Remontuj i urz\u0105dzaj z nami","description":"Remontuj i urz\u0105dzaj z nami","publisher":{"@id":"https:\/\/bobimarket.pl\/#organization"},"potentialAction":[{"@type":"SearchAction","target":{"@type":"EntryPoint","urlTemplate":"https:\/\/bobimarket.pl\/?s={search_term_string}"},"query-input":"required name=search_term_string"}],"inLanguage":"pl-PL"},{"@type":"Organization","@id":"https:\/\/bobimarket.pl\/#organization","name":"BOBIMARKET.pl","url":"https:\/\/bobimarket.pl\/","logo":{"@type":"ImageObject","inLanguage":"pl-PL","@id":"https:\/\/bobimarket.pl\/#\/schema\/logo\/image\/","url":"https:\/\/bobimarket.pl\/wp-content\/uploads\/2021\/11\/slogan.png","contentUrl":"https:\/\/bobimarket.pl\/wp-content\/uploads\/2021\/11\/slogan.png","width":2000,"height":384,"caption":"BOBIMARKET.pl"},"image":{"@id":"https:\/\/bobimarket.pl\/#\/schema\/logo\/image\/"}}]}},"_links":{"self":[{"href":"https:\/\/bobimarket.pl\/index.php\/wp-json\/wp\/v2\/product\/97089"}],"collection":[{"href":"https:\/\/bobimarket.pl\/index.php\/wp-json\/wp\/v2\/product"}],"about":[{"href":"https:\/\/bobimarket.pl\/index.php\/wp-json\/wp\/v2\/types\/product"}],"wp:featuredmedia":[{"embeddable":true,"href":"https:\/\/bobimarket.pl\/index.php\/wp-json\/wp\/v2\/media\/97084"}],"wp:attachment":[{"href":"https:\/\/bobimarket.pl\/index.php\/wp-json\/wp\/v2\/media?parent=97089"}],"wp:term":[{"taxonomy":"product_cat","embeddable":true,"href":"https:\/\/bobimarket.pl\/index.php\/wp-json\/wp\/v2\/product_cat?post=97089"},{"taxonomy":"product_tag","embeddable":true,"href":"https:\/\/bobimarket.pl\/index.php\/wp-json\/wp\/v2\/product_tag?post=97089"}],"curies":[{"name":"wp","href":"https:\/\/api.w.org\/{rel}","templated":true}]}}