{"id":97094,"date":"2023-08-30T12:15:51","date_gmt":"2023-08-30T12:15:51","guid":{"rendered":"https:\/\/bobimarket.pl\/index.php\/produkt\/wkretak-uchwyt-t-z-wymiennymi-bitami-9-el-bit\/"},"modified":"2025-02-27T16:58:20","modified_gmt":"2025-02-27T16:58:20","slug":"wkretak-uchwyt-t-z-wymiennymi-bitami-9-el-bit","status":"publish","type":"product","link":"https:\/\/bobimarket.pl\/index.php\/produkt\/wkretak-uchwyt-t-z-wymiennymi-bitami-9-el-bit\/","title":{"rendered":"WKR\u0118TAK UCHWYT T Z WYMIENNYMI BITAMI 9 el. BIT"},"content":{"rendered":"<section class=\"section\">\n<div class=\"item item-12\">\n<section class=\"text-item\">\n<h2>WKR\u0118TAK UCHWYT T Z WYMIENNYMI BITAMI 9 el. BIT<\/h2>\n<p><b>Dane techniczne:<\/b><\/p>\n<ul>\n<li>Materia\u0142: stal chromowo-wanadowa<\/li>\n<li>Twardo\u015b\u0107: 51-54 HRC<\/li>\n<li>D\u0142ugo\u015b\u0107 bit\u00f3w: 25 mm<\/li>\n<li>Typ ko\u0144c\u00f3wki: SL, PH, PZ, T<\/li>\n<\/ul>\n<p><b>Zestaw sk\u0142ada si\u0119 z 9 element\u00f3w:<\/b><\/p>\n<ul>\n<li>1 szt. &#8211; wkr\u0119tak z uchwytem w kszta\u0142cie litery T<\/li>\n<li>8 szt. bit\u00f3w<\/li>\n<\/ul>\n<\/section><\/div>\n<\/section>\n<section class=\"section\">\n<div class=\"item item-12\">\n<section class=\"image-item\">\n            <img decoding=\"async\" src=\"https:\/\/upload.cdn.baselinker.com\/products\/14476\/01ec2cacb455de8d54c0eff039384478.jpg\"><br \/>\n        <\/section>\n<\/p><\/div>\n<\/section>\n<section class=\"section\">\n<div class=\"item item-12\">\n<section class=\"text-item\">\n<h2>Praktyczny element wyposa\u017cenia Twojej skrzynki narz\u0119dziowej!<\/h2>\n<p>Wkr\u0119tak typu T z wymiennymi bitami. Grot wykonany ze <b>stali chromowo-wanadowej<\/b>, kt\u00f3ra zapewnia narz\u0119dziu trwa\u0142o\u015b\u0107 i wytrzyma\u0142o\u015b\u0107.\u00a0Wkr\u0119tak przeznaczony jest do monta\u017cu i demonta\u017cu po\u0142\u0105cze\u0144 gwintowych, dodatkowo wyposa\u017cony w uchwyt do nasadek 1,4&#8243;. Komplet zawiera 8 r\u00f3\u017cnych bit\u00f3w.<\/p>\n<ul>\n<li>Uchwyt\u00a0 w kszta\u0142cie litery T z otworem do zawieszenia przydatny jest do pracy z zastosowaniem si\u0142y.<\/li>\n<li>R\u0105czk\u0119 dodatkowo wykonano z solidnego tworzywa, zapewnia komfort pracy.\u00a0<\/li>\n<\/ul>\n<p>\u2705 Rozmiar bit\u00f3w do\u0142\u0105czonych do wkr\u0119taka:<\/p>\n<ul>\n<li><b>bity p\u0142askie<\/b>: SL5 i SL6<\/li>\n<li><b>bity krzy\u017cowe<\/b>: PH1 i PH2<\/li>\n<li><b>bity krzy\u017cowe<\/b>: PZ1 i PZ2<\/li>\n<li><b>bity torx<\/b>: T15, T20<\/li>\n<\/ul>\n<\/section><\/div>\n<\/section>\n<section class=\"section\">\n<div class=\"item item-12\">\n<section class=\"image-item\">\n            <img decoding=\"async\" src=\"https:\/\/upload.cdn.baselinker.com\/products\/14476\/fbb0b2e5d7c3e86baace7ecd86312112.jpg\"><br \/>\n        <\/section>\n<\/p><\/div>\n<\/section>\n<section class=\"section\">\n<div class=\"item item-12\">\n<section class=\"text-item\">\n<p><b>\u2705 Zastosowanie:<\/b><\/p>\n<p>Narz\u0119dzie b\u0119dzie przydatne zar\u00f3wno dla profesjonalist\u00f3w jak i majsterkowicz\u00f3w. Sprawdzi si\u0119 w warsztatach samochodowych lub podczas domowych napraw. Pomo\u017ce\u00a0 w wyci\u0105ganiu drobnych element\u00f3w z trudno dost\u0119pnych miejscach.\u00a0<\/p>\n<\/section><\/div>\n<\/section>\n<section class=\"section\">\n<div class=\"item item-12\">\n<section class=\"image-item\">\n            <img decoding=\"async\" src=\"https:\/\/upload.cdn.baselinker.com\/products\/14476\/cd38e57d07a57657bfe4035ab8e10c68.jpg\"><br \/>\n        <\/section>\n<\/p><\/div>\n<\/section>\n","protected":false},"excerpt":{"rendered":"<p>WKR\u0118TAK UCHWYT T Z WYMIENNYMI BITAMI 9 el. BIT Dane techniczne: Materia\u0142: stal chromowo-wanadowa Twardo\u015b\u0107: 51-54 HRC D\u0142ugo\u015b\u0107 bit\u00f3w: 25 mm Typ ko\u0144c\u00f3wki: SL, PH, PZ, T Zestaw sk\u0142ada si\u0119 z 9 element\u00f3w: 1 szt. &#8211; wkr\u0119tak z uchwytem w kszta\u0142cie litery T 8 szt. bit\u00f3w Praktyczny element wyposa\u017cenia Twojej skrzynki narz\u0119dziowej! Wkr\u0119tak typu T<br \/><a class=\"more-link\" href=\"https:\/\/bobimarket.pl\/index.php\/produkt\/wkretak-uchwyt-t-z-wymiennymi-bitami-9-el-bit\/\"><br \/>\n        Czytaj wi\u0119cej<span class=\"screen-reader-text\"> &#8222;WKR\u0118TAK UCHWYT T Z WYMIENNYMI BITAMI 9 el. BIT&#8221;<\/span><\/a><\/p>\n","protected":false},"featured_media":97090,"template":"","meta":[],"product_cat":[8071],"product_tag":[],"yoast_head":"<!-- This site is optimized with the Yoast SEO plugin v21.0 - https:\/\/yoast.com\/wordpress\/plugins\/seo\/ -->\n<title>WKR\u0118TAK UCHWYT T Z WYMIENNYMI BITAMI 9 el. BIT - BOBIMARKET.pl - Remontuj i urz\u0105dzaj z nami<\/title>\n<meta name=\"robots\" content=\"index, follow, max-snippet:-1, max-image-preview:large, max-video-preview:-1\" \/>\n<link rel=\"canonical\" href=\"https:\/\/bobimarket.pl\/index.php\/produkt\/wkretak-uchwyt-t-z-wymiennymi-bitami-9-el-bit\/\" \/>\n<meta property=\"og:locale\" content=\"pl_PL\" \/>\n<meta property=\"og:type\" content=\"article\" \/>\n<meta property=\"og:title\" content=\"WKR\u0118TAK UCHWYT T Z WYMIENNYMI BITAMI 9 el. BIT - BOBIMARKET.pl - Remontuj i urz\u0105dzaj z nami\" \/>\n<meta property=\"og:description\" content=\"WKR\u0118TAK UCHWYT T Z WYMIENNYMI BITAMI 9 el. BIT Dane techniczne: Materia\u0142: stal chromowo-wanadowa Twardo\u015b\u0107: 51-54 HRC D\u0142ugo\u015b\u0107 bit\u00f3w: 25 mm Typ ko\u0144c\u00f3wki: SL, PH, PZ, T Zestaw sk\u0142ada si\u0119 z 9 element\u00f3w: 1 szt. &#8211; wkr\u0119tak z uchwytem w kszta\u0142cie litery T 8 szt. bit\u00f3w Praktyczny element wyposa\u017cenia Twojej skrzynki narz\u0119dziowej! Wkr\u0119tak typu T     Czytaj wi\u0119cej &quot;WKR\u0118TAK UCHWYT T Z WYMIENNYMI BITAMI 9 el. BIT&quot;\" \/>\n<meta property=\"og:url\" content=\"https:\/\/bobimarket.pl\/index.php\/produkt\/wkretak-uchwyt-t-z-wymiennymi-bitami-9-el-bit\/\" \/>\n<meta property=\"og:site_name\" content=\"BOBIMARKET.pl - Remontuj i urz\u0105dzaj z nami\" \/>\n<meta property=\"article:modified_time\" content=\"2025-02-27T16:58:20+00:00\" \/>\n<meta property=\"og:image\" content=\"https:\/\/upload.cdn.baselinker.com\/products\/14476\/01ec2cacb455de8d54c0eff039384478.jpg\" \/>\n<meta name=\"twitter:card\" content=\"summary_large_image\" \/>\n<meta name=\"twitter:label1\" content=\"Szacowany czas czytania\" \/>\n\t<meta name=\"twitter:data1\" content=\"1 minuta\" \/>\n<script type=\"application\/ld+json\" class=\"yoast-schema-graph\">{\"@context\":\"https:\/\/schema.org\",\"@graph\":[{\"@type\":\"WebPage\",\"@id\":\"https:\/\/bobimarket.pl\/index.php\/produkt\/wkretak-uchwyt-t-z-wymiennymi-bitami-9-el-bit\/\",\"url\":\"https:\/\/bobimarket.pl\/index.php\/produkt\/wkretak-uchwyt-t-z-wymiennymi-bitami-9-el-bit\/\",\"name\":\"WKR\u0118TAK UCHWYT T Z WYMIENNYMI BITAMI 9 el. BIT - BOBIMARKET.pl - Remontuj i urz\u0105dzaj z nami\",\"isPartOf\":{\"@id\":\"https:\/\/bobimarket.pl\/#website\"},\"datePublished\":\"2023-08-30T12:15:51+00:00\",\"dateModified\":\"2025-02-27T16:58:20+00:00\",\"breadcrumb\":{\"@id\":\"https:\/\/bobimarket.pl\/index.php\/produkt\/wkretak-uchwyt-t-z-wymiennymi-bitami-9-el-bit\/#breadcrumb\"},\"inLanguage\":\"pl-PL\",\"potentialAction\":[{\"@type\":\"ReadAction\",\"target\":[\"https:\/\/bobimarket.pl\/index.php\/produkt\/wkretak-uchwyt-t-z-wymiennymi-bitami-9-el-bit\/\"]}]},{\"@type\":\"BreadcrumbList\",\"@id\":\"https:\/\/bobimarket.pl\/index.php\/produkt\/wkretak-uchwyt-t-z-wymiennymi-bitami-9-el-bit\/#breadcrumb\",\"itemListElement\":[{\"@type\":\"ListItem\",\"position\":1,\"name\":\"Strona g\u0142\u00f3wna\",\"item\":\"https:\/\/bobimarket.pl\/\"},{\"@type\":\"ListItem\",\"position\":2,\"name\":\"Sklep\",\"item\":\"https:\/\/bobimarket.pl\/index.php\/shop\/\"},{\"@type\":\"ListItem\",\"position\":3,\"name\":\"WKR\u0118TAK UCHWYT T Z WYMIENNYMI BITAMI 9 el. BIT\"}]},{\"@type\":\"WebSite\",\"@id\":\"https:\/\/bobimarket.pl\/#website\",\"url\":\"https:\/\/bobimarket.pl\/\",\"name\":\"BOBIMARKET.pl - Remontuj i urz\u0105dzaj z nami\",\"description\":\"Remontuj i urz\u0105dzaj z nami\",\"publisher\":{\"@id\":\"https:\/\/bobimarket.pl\/#organization\"},\"potentialAction\":[{\"@type\":\"SearchAction\",\"target\":{\"@type\":\"EntryPoint\",\"urlTemplate\":\"https:\/\/bobimarket.pl\/?s={search_term_string}\"},\"query-input\":\"required name=search_term_string\"}],\"inLanguage\":\"pl-PL\"},{\"@type\":\"Organization\",\"@id\":\"https:\/\/bobimarket.pl\/#organization\",\"name\":\"BOBIMARKET.pl\",\"url\":\"https:\/\/bobimarket.pl\/\",\"logo\":{\"@type\":\"ImageObject\",\"inLanguage\":\"pl-PL\",\"@id\":\"https:\/\/bobimarket.pl\/#\/schema\/logo\/image\/\",\"url\":\"https:\/\/bobimarket.pl\/wp-content\/uploads\/2021\/11\/slogan.png\",\"contentUrl\":\"https:\/\/bobimarket.pl\/wp-content\/uploads\/2021\/11\/slogan.png\",\"width\":2000,\"height\":384,\"caption\":\"BOBIMARKET.pl\"},\"image\":{\"@id\":\"https:\/\/bobimarket.pl\/#\/schema\/logo\/image\/\"}}]}<\/script>\n<!-- \/ Yoast SEO plugin. -->","yoast_head_json":{"title":"WKR\u0118TAK UCHWYT T Z WYMIENNYMI BITAMI 9 el. BIT - BOBIMARKET.pl - Remontuj i urz\u0105dzaj z nami","robots":{"index":"index","follow":"follow","max-snippet":"max-snippet:-1","max-image-preview":"max-image-preview:large","max-video-preview":"max-video-preview:-1"},"canonical":"https:\/\/bobimarket.pl\/index.php\/produkt\/wkretak-uchwyt-t-z-wymiennymi-bitami-9-el-bit\/","og_locale":"pl_PL","og_type":"article","og_title":"WKR\u0118TAK UCHWYT T Z WYMIENNYMI BITAMI 9 el. BIT - BOBIMARKET.pl - Remontuj i urz\u0105dzaj z nami","og_description":"WKR\u0118TAK UCHWYT T Z WYMIENNYMI BITAMI 9 el. BIT Dane techniczne: Materia\u0142: stal chromowo-wanadowa Twardo\u015b\u0107: 51-54 HRC D\u0142ugo\u015b\u0107 bit\u00f3w: 25 mm Typ ko\u0144c\u00f3wki: SL, PH, PZ, T Zestaw sk\u0142ada si\u0119 z 9 element\u00f3w: 1 szt. &#8211; wkr\u0119tak z uchwytem w kszta\u0142cie litery T 8 szt. bit\u00f3w Praktyczny element wyposa\u017cenia Twojej skrzynki narz\u0119dziowej! Wkr\u0119tak typu T     Czytaj wi\u0119cej \"WKR\u0118TAK UCHWYT T Z WYMIENNYMI BITAMI 9 el. BIT\"","og_url":"https:\/\/bobimarket.pl\/index.php\/produkt\/wkretak-uchwyt-t-z-wymiennymi-bitami-9-el-bit\/","og_site_name":"BOBIMARKET.pl - Remontuj i urz\u0105dzaj z nami","article_modified_time":"2025-02-27T16:58:20+00:00","og_image":[{"url":"https:\/\/upload.cdn.baselinker.com\/products\/14476\/01ec2cacb455de8d54c0eff039384478.jpg"}],"twitter_card":"summary_large_image","twitter_misc":{"Szacowany czas czytania":"1 minuta"},"schema":{"@context":"https:\/\/schema.org","@graph":[{"@type":"WebPage","@id":"https:\/\/bobimarket.pl\/index.php\/produkt\/wkretak-uchwyt-t-z-wymiennymi-bitami-9-el-bit\/","url":"https:\/\/bobimarket.pl\/index.php\/produkt\/wkretak-uchwyt-t-z-wymiennymi-bitami-9-el-bit\/","name":"WKR\u0118TAK UCHWYT T Z WYMIENNYMI BITAMI 9 el. BIT - BOBIMARKET.pl - Remontuj i urz\u0105dzaj z nami","isPartOf":{"@id":"https:\/\/bobimarket.pl\/#website"},"datePublished":"2023-08-30T12:15:51+00:00","dateModified":"2025-02-27T16:58:20+00:00","breadcrumb":{"@id":"https:\/\/bobimarket.pl\/index.php\/produkt\/wkretak-uchwyt-t-z-wymiennymi-bitami-9-el-bit\/#breadcrumb"},"inLanguage":"pl-PL","potentialAction":[{"@type":"ReadAction","target":["https:\/\/bobimarket.pl\/index.php\/produkt\/wkretak-uchwyt-t-z-wymiennymi-bitami-9-el-bit\/"]}]},{"@type":"BreadcrumbList","@id":"https:\/\/bobimarket.pl\/index.php\/produkt\/wkretak-uchwyt-t-z-wymiennymi-bitami-9-el-bit\/#breadcrumb","itemListElement":[{"@type":"ListItem","position":1,"name":"Strona g\u0142\u00f3wna","item":"https:\/\/bobimarket.pl\/"},{"@type":"ListItem","position":2,"name":"Sklep","item":"https:\/\/bobimarket.pl\/index.php\/shop\/"},{"@type":"ListItem","position":3,"name":"WKR\u0118TAK UCHWYT T Z WYMIENNYMI BITAMI 9 el. BIT"}]},{"@type":"WebSite","@id":"https:\/\/bobimarket.pl\/#website","url":"https:\/\/bobimarket.pl\/","name":"BOBIMARKET.pl - Remontuj i urz\u0105dzaj z nami","description":"Remontuj i urz\u0105dzaj z nami","publisher":{"@id":"https:\/\/bobimarket.pl\/#organization"},"potentialAction":[{"@type":"SearchAction","target":{"@type":"EntryPoint","urlTemplate":"https:\/\/bobimarket.pl\/?s={search_term_string}"},"query-input":"required name=search_term_string"}],"inLanguage":"pl-PL"},{"@type":"Organization","@id":"https:\/\/bobimarket.pl\/#organization","name":"BOBIMARKET.pl","url":"https:\/\/bobimarket.pl\/","logo":{"@type":"ImageObject","inLanguage":"pl-PL","@id":"https:\/\/bobimarket.pl\/#\/schema\/logo\/image\/","url":"https:\/\/bobimarket.pl\/wp-content\/uploads\/2021\/11\/slogan.png","contentUrl":"https:\/\/bobimarket.pl\/wp-content\/uploads\/2021\/11\/slogan.png","width":2000,"height":384,"caption":"BOBIMARKET.pl"},"image":{"@id":"https:\/\/bobimarket.pl\/#\/schema\/logo\/image\/"}}]}},"_links":{"self":[{"href":"https:\/\/bobimarket.pl\/index.php\/wp-json\/wp\/v2\/product\/97094"}],"collection":[{"href":"https:\/\/bobimarket.pl\/index.php\/wp-json\/wp\/v2\/product"}],"about":[{"href":"https:\/\/bobimarket.pl\/index.php\/wp-json\/wp\/v2\/types\/product"}],"wp:featuredmedia":[{"embeddable":true,"href":"https:\/\/bobimarket.pl\/index.php\/wp-json\/wp\/v2\/media\/97090"}],"wp:attachment":[{"href":"https:\/\/bobimarket.pl\/index.php\/wp-json\/wp\/v2\/media?parent=97094"}],"wp:term":[{"taxonomy":"product_cat","embeddable":true,"href":"https:\/\/bobimarket.pl\/index.php\/wp-json\/wp\/v2\/product_cat?post=97094"},{"taxonomy":"product_tag","embeddable":true,"href":"https:\/\/bobimarket.pl\/index.php\/wp-json\/wp\/v2\/product_tag?post=97094"}],"curies":[{"name":"wp","href":"https:\/\/api.w.org\/{rel}","templated":true}]}}