{"id":97097,"date":"2023-08-30T12:16:01","date_gmt":"2023-08-30T12:16:01","guid":{"rendered":"https:\/\/bobimarket.pl\/index.php\/produkt\/palnik-do-kuchenki-turystycznej-przenosny-3-8l\/"},"modified":"2026-02-18T14:22:07","modified_gmt":"2026-02-18T14:22:07","slug":"palnik-do-kuchenki-turystycznej-przenosny-3-8l","status":"publish","type":"product","link":"https:\/\/bobimarket.pl\/index.php\/produkt\/palnik-do-kuchenki-turystycznej-przenosny-3-8l\/","title":{"rendered":"PALNIK DO KUCHENKI TURYSTYCZNEJ PRZENO\u015aNY 3\/8&#8243;L"},"content":{"rendered":"<section class=\"section\">\n<div class=\"item item-12\">\n<section class=\"text-item\">\n<h2>PALNIK DO KUCHENKI TURYSTYCZNEJ PRZENO\u015aNY 3\/8&#8243;L<\/h2>\n<p><b>Informacje og\u00f3lne:<\/b><\/p>\n<ul>\n<li>\u015arednica gwintu: <b>3\/8&#8243;L<\/b><\/li>\n<li>Materia\u0142: <b>mosi\u0105dz<\/b><\/li>\n<li>Typ paliwa: <b>mieszanina butanu i propanu<\/b><\/li>\n<\/ul>\n<\/section><\/div>\n<\/section>\n<section class=\"section\">\n<div class=\"item item-12\">\n<section class=\"image-item\">\n            <img decoding=\"async\" src=\"https:\/\/upload.cdn.baselinker.com\/products\/14476\/9588543c79c95dba75fed86cfe366c25.jpg\" \/><br \/>\n        <\/section>\n<\/p><\/div>\n<\/section>\n<section class=\"section\">\n<div class=\"item item-12\">\n<section class=\"text-item\">\n<h2>Lekki, niezwykle prosty i wygodny w u\u017cytkowaniu palnik gazowy!<\/h2>\n<p>Przeno\u015bny palnik turystyczna <b>montowany w kuchenek turystycznych.<\/b> Wykonany z mosi\u0105dzu, co b\u0119dzie owocowa\u0142o d\u0142ugim okresem u\u017cytkowania. Mosi\u0105dz jest odporny uszkodzenia mechaniczne oraz na zmienne warunki atmosferyczne. Palnik do kuchenki idealnie sprawdzi si\u0119<b> podczas turystycznych wycieczek lub biwak\u00f3w.<\/b> Umo\u017cliwia przyrz\u0105dzenie ciep\u0142ego posi\u0142ki w plenerze.<\/p>\n<ul>\n<li><b>Niewielki rozmiar sprawia<\/b>, \u017ce palnik jest \u0142atwa w transporcie. Mo\u017cna go \u0142atwo przenosi\u0107 z miejsca na miejsce i zabiera\u0107 ze sob\u0105 na r\u00f3\u017cnego rodzaju wyjazdy,\u00a0 kempingi itp.<\/li>\n<li>Palnik z powodzeniem <b>zamontujesz samodzielnie,<\/b> nie potrzebujesz do tego dodatkowych lub skomplikowanych narz\u0119dzi. Przyrz\u0105dzenie posi\u0142ku na \u0142onie natury odb\u0119dzie si\u0119 w sprawny i komfortowy spos\u00f3b.<\/li>\n<\/ul>\n<\/section><\/div>\n<\/section>\n<section class=\"section\">\n<div class=\"item item-12\">\n<section class=\"image-item\">\n            <img decoding=\"async\" src=\"https:\/\/upload.cdn.baselinker.com\/products\/14476\/4f7f448bee7a174191f435c34f022098.jpg\" \/><br \/>\n        <\/section>\n<\/p><\/div>\n<\/section>\n","protected":false},"excerpt":{"rendered":"<p>PALNIK DO KUCHENKI TURYSTYCZNEJ PRZENO\u015aNY 3\/8&#8243;L Informacje og\u00f3lne: \u015arednica gwintu: 3\/8&#8243;L Materia\u0142: mosi\u0105dz Typ paliwa: mieszanina butanu i propanu Lekki, niezwykle prosty i wygodny w u\u017cytkowaniu palnik gazowy! Przeno\u015bny palnik turystyczna montowany w kuchenek turystycznych. Wykonany z mosi\u0105dzu, co b\u0119dzie owocowa\u0142o d\u0142ugim okresem u\u017cytkowania. Mosi\u0105dz jest odporny uszkodzenia mechaniczne oraz na zmienne warunki atmosferyczne. Palnik<br \/><a class=\"more-link\" href=\"https:\/\/bobimarket.pl\/index.php\/produkt\/palnik-do-kuchenki-turystycznej-przenosny-3-8l\/\"><br \/>\n        Czytaj wi\u0119cej<span class=\"screen-reader-text\"> &#8222;PALNIK DO KUCHENKI TURYSTYCZNEJ PRZENO\u015aNY 3\/8&#8243;L&#8221;<\/span><\/a><\/p>\n","protected":false},"featured_media":97095,"template":"","meta":[],"product_cat":[8153],"product_tag":[],"yoast_head":"<!-- This site is optimized with the Yoast SEO plugin v21.0 - https:\/\/yoast.com\/wordpress\/plugins\/seo\/ -->\n<title>PALNIK DO KUCHENKI TURYSTYCZNEJ PRZENO\u015aNY 3\/8&quot;L - BOBIMARKET.pl - Remontuj i urz\u0105dzaj z nami<\/title>\n<meta name=\"robots\" content=\"index, follow, max-snippet:-1, max-image-preview:large, max-video-preview:-1\" \/>\n<link rel=\"canonical\" href=\"https:\/\/bobimarket.pl\/index.php\/produkt\/palnik-do-kuchenki-turystycznej-przenosny-3-8l\/\" \/>\n<meta property=\"og:locale\" content=\"pl_PL\" \/>\n<meta property=\"og:type\" content=\"article\" \/>\n<meta property=\"og:title\" content=\"PALNIK DO KUCHENKI TURYSTYCZNEJ PRZENO\u015aNY 3\/8&quot;L - BOBIMARKET.pl - Remontuj i urz\u0105dzaj z nami\" \/>\n<meta property=\"og:description\" content=\"PALNIK DO KUCHENKI TURYSTYCZNEJ PRZENO\u015aNY 3\/8&#8243;L Informacje og\u00f3lne: \u015arednica gwintu: 3\/8&#8243;L Materia\u0142: mosi\u0105dz Typ paliwa: mieszanina butanu i propanu Lekki, niezwykle prosty i wygodny w u\u017cytkowaniu palnik gazowy! Przeno\u015bny palnik turystyczna montowany w kuchenek turystycznych. Wykonany z mosi\u0105dzu, co b\u0119dzie owocowa\u0142o d\u0142ugim okresem u\u017cytkowania. Mosi\u0105dz jest odporny uszkodzenia mechaniczne oraz na zmienne warunki atmosferyczne. Palnik     Czytaj wi\u0119cej &quot;PALNIK DO KUCHENKI TURYSTYCZNEJ PRZENO\u015aNY 3\/8&#8243;L&quot;\" \/>\n<meta property=\"og:url\" content=\"https:\/\/bobimarket.pl\/index.php\/produkt\/palnik-do-kuchenki-turystycznej-przenosny-3-8l\/\" \/>\n<meta property=\"og:site_name\" content=\"BOBIMARKET.pl - Remontuj i urz\u0105dzaj z nami\" \/>\n<meta property=\"article:modified_time\" content=\"2026-02-18T14:22:07+00:00\" \/>\n<meta property=\"og:image\" content=\"https:\/\/upload.cdn.baselinker.com\/products\/14476\/9588543c79c95dba75fed86cfe366c25.jpg\" \/>\n<meta name=\"twitter:card\" content=\"summary_large_image\" \/>\n<meta name=\"twitter:label1\" content=\"Szacowany czas czytania\" \/>\n\t<meta name=\"twitter:data1\" content=\"1 minuta\" \/>\n<script type=\"application\/ld+json\" class=\"yoast-schema-graph\">{\"@context\":\"https:\/\/schema.org\",\"@graph\":[{\"@type\":\"WebPage\",\"@id\":\"https:\/\/bobimarket.pl\/index.php\/produkt\/palnik-do-kuchenki-turystycznej-przenosny-3-8l\/\",\"url\":\"https:\/\/bobimarket.pl\/index.php\/produkt\/palnik-do-kuchenki-turystycznej-przenosny-3-8l\/\",\"name\":\"PALNIK DO KUCHENKI TURYSTYCZNEJ PRZENO\u015aNY 3\/8\\\"L - BOBIMARKET.pl - Remontuj i urz\u0105dzaj z nami\",\"isPartOf\":{\"@id\":\"https:\/\/bobimarket.pl\/#website\"},\"datePublished\":\"2023-08-30T12:16:01+00:00\",\"dateModified\":\"2026-02-18T14:22:07+00:00\",\"breadcrumb\":{\"@id\":\"https:\/\/bobimarket.pl\/index.php\/produkt\/palnik-do-kuchenki-turystycznej-przenosny-3-8l\/#breadcrumb\"},\"inLanguage\":\"pl-PL\",\"potentialAction\":[{\"@type\":\"ReadAction\",\"target\":[\"https:\/\/bobimarket.pl\/index.php\/produkt\/palnik-do-kuchenki-turystycznej-przenosny-3-8l\/\"]}]},{\"@type\":\"BreadcrumbList\",\"@id\":\"https:\/\/bobimarket.pl\/index.php\/produkt\/palnik-do-kuchenki-turystycznej-przenosny-3-8l\/#breadcrumb\",\"itemListElement\":[{\"@type\":\"ListItem\",\"position\":1,\"name\":\"Strona g\u0142\u00f3wna\",\"item\":\"https:\/\/bobimarket.pl\/\"},{\"@type\":\"ListItem\",\"position\":2,\"name\":\"Sklep\",\"item\":\"https:\/\/bobimarket.pl\/index.php\/shop\/\"},{\"@type\":\"ListItem\",\"position\":3,\"name\":\"PALNIK DO KUCHENKI TURYSTYCZNEJ PRZENO\u015aNY 3\/8&#8243;L\"}]},{\"@type\":\"WebSite\",\"@id\":\"https:\/\/bobimarket.pl\/#website\",\"url\":\"https:\/\/bobimarket.pl\/\",\"name\":\"BOBIMARKET.pl - Remontuj i urz\u0105dzaj z nami\",\"description\":\"Remontuj i urz\u0105dzaj z nami\",\"publisher\":{\"@id\":\"https:\/\/bobimarket.pl\/#organization\"},\"potentialAction\":[{\"@type\":\"SearchAction\",\"target\":{\"@type\":\"EntryPoint\",\"urlTemplate\":\"https:\/\/bobimarket.pl\/?s={search_term_string}\"},\"query-input\":\"required name=search_term_string\"}],\"inLanguage\":\"pl-PL\"},{\"@type\":\"Organization\",\"@id\":\"https:\/\/bobimarket.pl\/#organization\",\"name\":\"BOBIMARKET.pl\",\"url\":\"https:\/\/bobimarket.pl\/\",\"logo\":{\"@type\":\"ImageObject\",\"inLanguage\":\"pl-PL\",\"@id\":\"https:\/\/bobimarket.pl\/#\/schema\/logo\/image\/\",\"url\":\"https:\/\/bobimarket.pl\/wp-content\/uploads\/2021\/11\/slogan.png\",\"contentUrl\":\"https:\/\/bobimarket.pl\/wp-content\/uploads\/2021\/11\/slogan.png\",\"width\":2000,\"height\":384,\"caption\":\"BOBIMARKET.pl\"},\"image\":{\"@id\":\"https:\/\/bobimarket.pl\/#\/schema\/logo\/image\/\"}}]}<\/script>\n<!-- \/ Yoast SEO plugin. -->","yoast_head_json":{"title":"PALNIK DO KUCHENKI TURYSTYCZNEJ PRZENO\u015aNY 3\/8\"L - BOBIMARKET.pl - Remontuj i urz\u0105dzaj z nami","robots":{"index":"index","follow":"follow","max-snippet":"max-snippet:-1","max-image-preview":"max-image-preview:large","max-video-preview":"max-video-preview:-1"},"canonical":"https:\/\/bobimarket.pl\/index.php\/produkt\/palnik-do-kuchenki-turystycznej-przenosny-3-8l\/","og_locale":"pl_PL","og_type":"article","og_title":"PALNIK DO KUCHENKI TURYSTYCZNEJ PRZENO\u015aNY 3\/8\"L - BOBIMARKET.pl - Remontuj i urz\u0105dzaj z nami","og_description":"PALNIK DO KUCHENKI TURYSTYCZNEJ PRZENO\u015aNY 3\/8&#8243;L Informacje og\u00f3lne: \u015arednica gwintu: 3\/8&#8243;L Materia\u0142: mosi\u0105dz Typ paliwa: mieszanina butanu i propanu Lekki, niezwykle prosty i wygodny w u\u017cytkowaniu palnik gazowy! Przeno\u015bny palnik turystyczna montowany w kuchenek turystycznych. Wykonany z mosi\u0105dzu, co b\u0119dzie owocowa\u0142o d\u0142ugim okresem u\u017cytkowania. Mosi\u0105dz jest odporny uszkodzenia mechaniczne oraz na zmienne warunki atmosferyczne. Palnik     Czytaj wi\u0119cej \"PALNIK DO KUCHENKI TURYSTYCZNEJ PRZENO\u015aNY 3\/8&#8243;L\"","og_url":"https:\/\/bobimarket.pl\/index.php\/produkt\/palnik-do-kuchenki-turystycznej-przenosny-3-8l\/","og_site_name":"BOBIMARKET.pl - Remontuj i urz\u0105dzaj z nami","article_modified_time":"2026-02-18T14:22:07+00:00","og_image":[{"url":"https:\/\/upload.cdn.baselinker.com\/products\/14476\/9588543c79c95dba75fed86cfe366c25.jpg"}],"twitter_card":"summary_large_image","twitter_misc":{"Szacowany czas czytania":"1 minuta"},"schema":{"@context":"https:\/\/schema.org","@graph":[{"@type":"WebPage","@id":"https:\/\/bobimarket.pl\/index.php\/produkt\/palnik-do-kuchenki-turystycznej-przenosny-3-8l\/","url":"https:\/\/bobimarket.pl\/index.php\/produkt\/palnik-do-kuchenki-turystycznej-przenosny-3-8l\/","name":"PALNIK DO KUCHENKI TURYSTYCZNEJ PRZENO\u015aNY 3\/8\"L - BOBIMARKET.pl - Remontuj i urz\u0105dzaj z nami","isPartOf":{"@id":"https:\/\/bobimarket.pl\/#website"},"datePublished":"2023-08-30T12:16:01+00:00","dateModified":"2026-02-18T14:22:07+00:00","breadcrumb":{"@id":"https:\/\/bobimarket.pl\/index.php\/produkt\/palnik-do-kuchenki-turystycznej-przenosny-3-8l\/#breadcrumb"},"inLanguage":"pl-PL","potentialAction":[{"@type":"ReadAction","target":["https:\/\/bobimarket.pl\/index.php\/produkt\/palnik-do-kuchenki-turystycznej-przenosny-3-8l\/"]}]},{"@type":"BreadcrumbList","@id":"https:\/\/bobimarket.pl\/index.php\/produkt\/palnik-do-kuchenki-turystycznej-przenosny-3-8l\/#breadcrumb","itemListElement":[{"@type":"ListItem","position":1,"name":"Strona g\u0142\u00f3wna","item":"https:\/\/bobimarket.pl\/"},{"@type":"ListItem","position":2,"name":"Sklep","item":"https:\/\/bobimarket.pl\/index.php\/shop\/"},{"@type":"ListItem","position":3,"name":"PALNIK DO KUCHENKI TURYSTYCZNEJ PRZENO\u015aNY 3\/8&#8243;L"}]},{"@type":"WebSite","@id":"https:\/\/bobimarket.pl\/#website","url":"https:\/\/bobimarket.pl\/","name":"BOBIMARKET.pl - Remontuj i urz\u0105dzaj z nami","description":"Remontuj i urz\u0105dzaj z nami","publisher":{"@id":"https:\/\/bobimarket.pl\/#organization"},"potentialAction":[{"@type":"SearchAction","target":{"@type":"EntryPoint","urlTemplate":"https:\/\/bobimarket.pl\/?s={search_term_string}"},"query-input":"required name=search_term_string"}],"inLanguage":"pl-PL"},{"@type":"Organization","@id":"https:\/\/bobimarket.pl\/#organization","name":"BOBIMARKET.pl","url":"https:\/\/bobimarket.pl\/","logo":{"@type":"ImageObject","inLanguage":"pl-PL","@id":"https:\/\/bobimarket.pl\/#\/schema\/logo\/image\/","url":"https:\/\/bobimarket.pl\/wp-content\/uploads\/2021\/11\/slogan.png","contentUrl":"https:\/\/bobimarket.pl\/wp-content\/uploads\/2021\/11\/slogan.png","width":2000,"height":384,"caption":"BOBIMARKET.pl"},"image":{"@id":"https:\/\/bobimarket.pl\/#\/schema\/logo\/image\/"}}]}},"_links":{"self":[{"href":"https:\/\/bobimarket.pl\/index.php\/wp-json\/wp\/v2\/product\/97097"}],"collection":[{"href":"https:\/\/bobimarket.pl\/index.php\/wp-json\/wp\/v2\/product"}],"about":[{"href":"https:\/\/bobimarket.pl\/index.php\/wp-json\/wp\/v2\/types\/product"}],"wp:featuredmedia":[{"embeddable":true,"href":"https:\/\/bobimarket.pl\/index.php\/wp-json\/wp\/v2\/media\/97095"}],"wp:attachment":[{"href":"https:\/\/bobimarket.pl\/index.php\/wp-json\/wp\/v2\/media?parent=97097"}],"wp:term":[{"taxonomy":"product_cat","embeddable":true,"href":"https:\/\/bobimarket.pl\/index.php\/wp-json\/wp\/v2\/product_cat?post=97097"},{"taxonomy":"product_tag","embeddable":true,"href":"https:\/\/bobimarket.pl\/index.php\/wp-json\/wp\/v2\/product_tag?post=97097"}],"curies":[{"name":"wp","href":"https:\/\/api.w.org\/{rel}","templated":true}]}}