{"id":97104,"date":"2023-08-30T12:16:23","date_gmt":"2023-08-30T12:16:23","guid":{"rendered":"https:\/\/bobimarket.pl\/index.php\/produkt\/dluto-dluta-polokragle-drewna-14-18-24-38-mm-zestaw\/"},"modified":"2026-01-02T11:48:11","modified_gmt":"2026-01-02T11:48:11","slug":"dluto-dluta-polokragle-drewna-14-18-24-38-mm-zestaw","status":"publish","type":"product","link":"https:\/\/bobimarket.pl\/index.php\/produkt\/dluto-dluta-polokragle-drewna-14-18-24-38-mm-zestaw\/","title":{"rendered":"D\u0141UTO D\u0141UTA P\u00d3\u0141OKR\u0104G\u0141E DREWNA 14\/18\/24\/38 mm ZESTAW"},"content":{"rendered":"<section class=\"section\">\n<div class=\"item item-12\">\n<section class=\"text-item\">\n<h2>D\u0141UTO D\u0141UTA P\u00d3\u0141OKR\u0104G\u0141E DREWNA 14\/18\/24\/38 mm ZESTAW<\/h2>\n<p><b>Dane techniczne:<\/b><\/p>\n<ul>\n<li>Rodzaj: <b>stolarskie <\/b><\/li>\n<li>Szeroko\u015b\u0107:<b> 14 mm, 18 mm, 24 mm, 38 mm <\/b><\/li>\n<li>D\u0142ugo\u015b\u0107 brzeszczotu: <b>ok<\/b>. <b>130 mm<\/b><\/li>\n<li>Materia\u0142: <b>stal chromowo-wanadowa, tworzywo<\/b><\/li>\n<li>Zastosowanie:<b> do drewno <\/b><\/li>\n<li>Zestaw zawiera\u00a0 4 szt.<\/li>\n<\/ul>\n<\/section><\/div>\n<\/section>\n<section class=\"section\">\n<div class=\"item item-12\">\n<section class=\"image-item\">\n            <img decoding=\"async\" src=\"https:\/\/upload.cdn.baselinker.com\/products\/14476\/177b74a44968f324a8d33d9ea403e06f.jpg\"><br \/>\n        <\/section>\n<\/p><\/div>\n<\/section>\n<section class=\"section\">\n<div class=\"item item-12\">\n<section class=\"text-item\">\n<h2>D\u0142uta do rze\u017abienia w drewnie!<\/h2>\n<p>Zestaw d\u0142ut do drewna sk\u0142adaj\u0105cy si\u0119 z 4 element\u00f3w. Trzon poszczeg\u00f3lnych narz\u0119dzi wykonano<b> ze stali chromowo-wanadowej.<\/b> Stal ta posiada szereg w\u0142a\u015bciwo\u015bci, kt\u00f3re b\u0119d\u0105 owocowa\u0142y d\u0142ugim okresem u\u017cytkowania zestawu. Przede wszystkim jest odporna na korozje i \u015bcieranie.\u00a0D\u0142uta wyposa\u017cone r\u00f3wnie\u017c w wygodny <b>ergonomiczny uchwyt<\/b>, kt\u00f3re zapewnia komfort pracy i pozwala na \u0142atwe operowanie narz\u0119dziem. Solidna r\u0119koje\u015b\u0107 jest wytrzyma\u0142a na uderzenia, a dodatkowo jest zako\u0144czona metalowym podbijakiem<\/p>\n<ul>\n<li><b>Cz\u0119\u015b\u0107 robocza zosta\u0142a precyzyjnie oszlifowana<\/b> ( do maksymalnej ostro\u015bci). Narz\u0119dzie jest od razu po zakupie gotowe do pracy, w razie potrzeby mo\u017cna je r\u00f3wnie\u017c ponownie naostrzy\u0107.<\/li>\n<li>Zestaw znajduje si\u0119 <b>w wygodnym materia\u0142owym futerale<\/b>. D\u0142uta mo\u017cesz wi\u0119c przechowywa\u0107 w bezpieczny spos\u00f3b. Organizer zapobiega gubieniu si\u0119 poszczeg\u00f3lnych element\u00f3w zestawu. Ponadto u\u0142atwia utrzymanie porz\u0105dku w warsztacie oraz pozwala na swobodne przenoszenie ca\u0142ego kompletu.<\/li>\n<\/ul>\n<\/section><\/div>\n<\/section>\n<section class=\"section\">\n<div class=\"item item-12\">\n<section class=\"image-item\">\n            <img decoding=\"async\" src=\"https:\/\/upload.cdn.baselinker.com\/products\/14476\/722cdf6dbc19a3df4a3c42214603f767.jpg\"><br \/>\n        <\/section>\n<\/p><\/div>\n<\/section>\n<section class=\"section\">\n<div class=\"item item-12\">\n<section class=\"text-item\">\n<p><b>\u2705<\/b><b> Zastosowanie:<\/b><\/p>\n<p>D\u0142uta przeznaczone s\u0105 do obr\u00f3bki r\u00f3\u017cnego rodzaju drewna. Doskonale sprawdz\u0105 si\u0119 w zak\u0142adach stolarskich. Jednak swojej zastosowanie znajd\u0105 r\u00f3wnie\u017c w przydomowych warsztatach.<\/p>\n<ul>\n<li>D\u0142uta s\u0105 naostrzone i <b>gotowe do pracy.<\/b><\/li>\n<li>Umo\u017cliwi\u0105 <b>formowanie drewna<\/b> i materia\u0142\u00f3w drewnopodobnych<\/li>\n<li>Zestaw zawiera<b> 4 element\u00f3w posiadaj\u0105cych r\u00f3\u017cne parametry techniczne<\/b>, co pozwala na dopasowanie go do w\u0142asnych potrzeb.<\/li>\n<\/ul>\n<p><b>\u2705 <\/b><b>W sk\u0142ad zestawu wchodz\u0105 d\u0142uta o szeroko\u015bci:<\/b><\/p>\n<ul>\n<li>14 mm<\/li>\n<li>18 mm<\/li>\n<li>24 mm<\/li>\n<li>38 mm<\/li>\n<\/ul>\n<\/section><\/div>\n<\/section>\n","protected":false},"excerpt":{"rendered":"<p>D\u0141UTO D\u0141UTA P\u00d3\u0141OKR\u0104G\u0141E DREWNA 14\/18\/24\/38 mm ZESTAW Dane techniczne: Rodzaj: stolarskie Szeroko\u015b\u0107: 14 mm, 18 mm, 24 mm, 38 mm D\u0142ugo\u015b\u0107 brzeszczotu: ok. 130 mm Materia\u0142: stal chromowo-wanadowa, tworzywo Zastosowanie: do drewno Zestaw zawiera\u00a0 4 szt. D\u0142uta do rze\u017abienia w drewnie! Zestaw d\u0142ut do drewna sk\u0142adaj\u0105cy si\u0119 z 4 element\u00f3w. Trzon poszczeg\u00f3lnych narz\u0119dzi wykonano ze<br \/><a class=\"more-link\" href=\"https:\/\/bobimarket.pl\/index.php\/produkt\/dluto-dluta-polokragle-drewna-14-18-24-38-mm-zestaw\/\"><br \/>\n        Czytaj wi\u0119cej<span class=\"screen-reader-text\"> &#8222;D\u0141UTO D\u0141UTA P\u00d3\u0141OKR\u0104G\u0141E DREWNA 14\/18\/24\/38 mm ZESTAW&#8221;<\/span><\/a><\/p>\n","protected":false},"featured_media":97101,"template":"","meta":[],"product_cat":[8197],"product_tag":[],"yoast_head":"<!-- This site is optimized with the Yoast SEO plugin v21.0 - https:\/\/yoast.com\/wordpress\/plugins\/seo\/ -->\n<title>D\u0141UTO D\u0141UTA P\u00d3\u0141OKR\u0104G\u0141E DREWNA 14\/18\/24\/38 mm ZESTAW - BOBIMARKET.pl - Remontuj i urz\u0105dzaj z nami<\/title>\n<meta name=\"robots\" content=\"index, follow, max-snippet:-1, max-image-preview:large, max-video-preview:-1\" \/>\n<link rel=\"canonical\" href=\"https:\/\/bobimarket.pl\/index.php\/produkt\/dluto-dluta-polokragle-drewna-14-18-24-38-mm-zestaw\/\" \/>\n<meta property=\"og:locale\" content=\"pl_PL\" \/>\n<meta property=\"og:type\" content=\"article\" \/>\n<meta property=\"og:title\" content=\"D\u0141UTO D\u0141UTA P\u00d3\u0141OKR\u0104G\u0141E DREWNA 14\/18\/24\/38 mm ZESTAW - BOBIMARKET.pl - Remontuj i urz\u0105dzaj z nami\" \/>\n<meta property=\"og:description\" content=\"D\u0141UTO D\u0141UTA P\u00d3\u0141OKR\u0104G\u0141E DREWNA 14\/18\/24\/38 mm ZESTAW Dane techniczne: Rodzaj: stolarskie Szeroko\u015b\u0107: 14 mm, 18 mm, 24 mm, 38 mm D\u0142ugo\u015b\u0107 brzeszczotu: ok. 130 mm Materia\u0142: stal chromowo-wanadowa, tworzywo Zastosowanie: do drewno Zestaw zawiera\u00a0 4 szt. D\u0142uta do rze\u017abienia w drewnie! Zestaw d\u0142ut do drewna sk\u0142adaj\u0105cy si\u0119 z 4 element\u00f3w. Trzon poszczeg\u00f3lnych narz\u0119dzi wykonano ze     Czytaj wi\u0119cej &quot;D\u0141UTO D\u0141UTA P\u00d3\u0141OKR\u0104G\u0141E DREWNA 14\/18\/24\/38 mm ZESTAW&quot;\" \/>\n<meta property=\"og:url\" content=\"https:\/\/bobimarket.pl\/index.php\/produkt\/dluto-dluta-polokragle-drewna-14-18-24-38-mm-zestaw\/\" \/>\n<meta property=\"og:site_name\" content=\"BOBIMARKET.pl - Remontuj i urz\u0105dzaj z nami\" \/>\n<meta property=\"article:modified_time\" content=\"2026-01-02T11:48:11+00:00\" \/>\n<meta property=\"og:image\" content=\"https:\/\/upload.cdn.baselinker.com\/products\/14476\/177b74a44968f324a8d33d9ea403e06f.jpg\" \/>\n<meta name=\"twitter:card\" content=\"summary_large_image\" \/>\n<meta name=\"twitter:label1\" content=\"Szacowany czas czytania\" \/>\n\t<meta name=\"twitter:data1\" content=\"1 minuta\" \/>\n<script type=\"application\/ld+json\" class=\"yoast-schema-graph\">{\"@context\":\"https:\/\/schema.org\",\"@graph\":[{\"@type\":\"WebPage\",\"@id\":\"https:\/\/bobimarket.pl\/index.php\/produkt\/dluto-dluta-polokragle-drewna-14-18-24-38-mm-zestaw\/\",\"url\":\"https:\/\/bobimarket.pl\/index.php\/produkt\/dluto-dluta-polokragle-drewna-14-18-24-38-mm-zestaw\/\",\"name\":\"D\u0141UTO D\u0141UTA P\u00d3\u0141OKR\u0104G\u0141E DREWNA 14\/18\/24\/38 mm ZESTAW - BOBIMARKET.pl - Remontuj i urz\u0105dzaj z nami\",\"isPartOf\":{\"@id\":\"https:\/\/bobimarket.pl\/#website\"},\"datePublished\":\"2023-08-30T12:16:23+00:00\",\"dateModified\":\"2026-01-02T11:48:11+00:00\",\"breadcrumb\":{\"@id\":\"https:\/\/bobimarket.pl\/index.php\/produkt\/dluto-dluta-polokragle-drewna-14-18-24-38-mm-zestaw\/#breadcrumb\"},\"inLanguage\":\"pl-PL\",\"potentialAction\":[{\"@type\":\"ReadAction\",\"target\":[\"https:\/\/bobimarket.pl\/index.php\/produkt\/dluto-dluta-polokragle-drewna-14-18-24-38-mm-zestaw\/\"]}]},{\"@type\":\"BreadcrumbList\",\"@id\":\"https:\/\/bobimarket.pl\/index.php\/produkt\/dluto-dluta-polokragle-drewna-14-18-24-38-mm-zestaw\/#breadcrumb\",\"itemListElement\":[{\"@type\":\"ListItem\",\"position\":1,\"name\":\"Strona g\u0142\u00f3wna\",\"item\":\"https:\/\/bobimarket.pl\/\"},{\"@type\":\"ListItem\",\"position\":2,\"name\":\"Sklep\",\"item\":\"https:\/\/bobimarket.pl\/index.php\/shop\/\"},{\"@type\":\"ListItem\",\"position\":3,\"name\":\"D\u0141UTO D\u0141UTA P\u00d3\u0141OKR\u0104G\u0141E DREWNA 14\/18\/24\/38 mm ZESTAW\"}]},{\"@type\":\"WebSite\",\"@id\":\"https:\/\/bobimarket.pl\/#website\",\"url\":\"https:\/\/bobimarket.pl\/\",\"name\":\"BOBIMARKET.pl - Remontuj i urz\u0105dzaj z nami\",\"description\":\"Remontuj i urz\u0105dzaj z nami\",\"publisher\":{\"@id\":\"https:\/\/bobimarket.pl\/#organization\"},\"potentialAction\":[{\"@type\":\"SearchAction\",\"target\":{\"@type\":\"EntryPoint\",\"urlTemplate\":\"https:\/\/bobimarket.pl\/?s={search_term_string}\"},\"query-input\":\"required name=search_term_string\"}],\"inLanguage\":\"pl-PL\"},{\"@type\":\"Organization\",\"@id\":\"https:\/\/bobimarket.pl\/#organization\",\"name\":\"BOBIMARKET.pl\",\"url\":\"https:\/\/bobimarket.pl\/\",\"logo\":{\"@type\":\"ImageObject\",\"inLanguage\":\"pl-PL\",\"@id\":\"https:\/\/bobimarket.pl\/#\/schema\/logo\/image\/\",\"url\":\"https:\/\/bobimarket.pl\/wp-content\/uploads\/2021\/11\/slogan.png\",\"contentUrl\":\"https:\/\/bobimarket.pl\/wp-content\/uploads\/2021\/11\/slogan.png\",\"width\":2000,\"height\":384,\"caption\":\"BOBIMARKET.pl\"},\"image\":{\"@id\":\"https:\/\/bobimarket.pl\/#\/schema\/logo\/image\/\"}}]}<\/script>\n<!-- \/ Yoast SEO plugin. -->","yoast_head_json":{"title":"D\u0141UTO D\u0141UTA P\u00d3\u0141OKR\u0104G\u0141E DREWNA 14\/18\/24\/38 mm ZESTAW - BOBIMARKET.pl - Remontuj i urz\u0105dzaj z nami","robots":{"index":"index","follow":"follow","max-snippet":"max-snippet:-1","max-image-preview":"max-image-preview:large","max-video-preview":"max-video-preview:-1"},"canonical":"https:\/\/bobimarket.pl\/index.php\/produkt\/dluto-dluta-polokragle-drewna-14-18-24-38-mm-zestaw\/","og_locale":"pl_PL","og_type":"article","og_title":"D\u0141UTO D\u0141UTA P\u00d3\u0141OKR\u0104G\u0141E DREWNA 14\/18\/24\/38 mm ZESTAW - BOBIMARKET.pl - Remontuj i urz\u0105dzaj z nami","og_description":"D\u0141UTO D\u0141UTA P\u00d3\u0141OKR\u0104G\u0141E DREWNA 14\/18\/24\/38 mm ZESTAW Dane techniczne: Rodzaj: stolarskie Szeroko\u015b\u0107: 14 mm, 18 mm, 24 mm, 38 mm D\u0142ugo\u015b\u0107 brzeszczotu: ok. 130 mm Materia\u0142: stal chromowo-wanadowa, tworzywo Zastosowanie: do drewno Zestaw zawiera\u00a0 4 szt. D\u0142uta do rze\u017abienia w drewnie! Zestaw d\u0142ut do drewna sk\u0142adaj\u0105cy si\u0119 z 4 element\u00f3w. Trzon poszczeg\u00f3lnych narz\u0119dzi wykonano ze     Czytaj wi\u0119cej \"D\u0141UTO D\u0141UTA P\u00d3\u0141OKR\u0104G\u0141E DREWNA 14\/18\/24\/38 mm ZESTAW\"","og_url":"https:\/\/bobimarket.pl\/index.php\/produkt\/dluto-dluta-polokragle-drewna-14-18-24-38-mm-zestaw\/","og_site_name":"BOBIMARKET.pl - Remontuj i urz\u0105dzaj z nami","article_modified_time":"2026-01-02T11:48:11+00:00","og_image":[{"url":"https:\/\/upload.cdn.baselinker.com\/products\/14476\/177b74a44968f324a8d33d9ea403e06f.jpg"}],"twitter_card":"summary_large_image","twitter_misc":{"Szacowany czas czytania":"1 minuta"},"schema":{"@context":"https:\/\/schema.org","@graph":[{"@type":"WebPage","@id":"https:\/\/bobimarket.pl\/index.php\/produkt\/dluto-dluta-polokragle-drewna-14-18-24-38-mm-zestaw\/","url":"https:\/\/bobimarket.pl\/index.php\/produkt\/dluto-dluta-polokragle-drewna-14-18-24-38-mm-zestaw\/","name":"D\u0141UTO D\u0141UTA P\u00d3\u0141OKR\u0104G\u0141E DREWNA 14\/18\/24\/38 mm ZESTAW - BOBIMARKET.pl - Remontuj i urz\u0105dzaj z nami","isPartOf":{"@id":"https:\/\/bobimarket.pl\/#website"},"datePublished":"2023-08-30T12:16:23+00:00","dateModified":"2026-01-02T11:48:11+00:00","breadcrumb":{"@id":"https:\/\/bobimarket.pl\/index.php\/produkt\/dluto-dluta-polokragle-drewna-14-18-24-38-mm-zestaw\/#breadcrumb"},"inLanguage":"pl-PL","potentialAction":[{"@type":"ReadAction","target":["https:\/\/bobimarket.pl\/index.php\/produkt\/dluto-dluta-polokragle-drewna-14-18-24-38-mm-zestaw\/"]}]},{"@type":"BreadcrumbList","@id":"https:\/\/bobimarket.pl\/index.php\/produkt\/dluto-dluta-polokragle-drewna-14-18-24-38-mm-zestaw\/#breadcrumb","itemListElement":[{"@type":"ListItem","position":1,"name":"Strona g\u0142\u00f3wna","item":"https:\/\/bobimarket.pl\/"},{"@type":"ListItem","position":2,"name":"Sklep","item":"https:\/\/bobimarket.pl\/index.php\/shop\/"},{"@type":"ListItem","position":3,"name":"D\u0141UTO D\u0141UTA P\u00d3\u0141OKR\u0104G\u0141E DREWNA 14\/18\/24\/38 mm ZESTAW"}]},{"@type":"WebSite","@id":"https:\/\/bobimarket.pl\/#website","url":"https:\/\/bobimarket.pl\/","name":"BOBIMARKET.pl - Remontuj i urz\u0105dzaj z nami","description":"Remontuj i urz\u0105dzaj z nami","publisher":{"@id":"https:\/\/bobimarket.pl\/#organization"},"potentialAction":[{"@type":"SearchAction","target":{"@type":"EntryPoint","urlTemplate":"https:\/\/bobimarket.pl\/?s={search_term_string}"},"query-input":"required name=search_term_string"}],"inLanguage":"pl-PL"},{"@type":"Organization","@id":"https:\/\/bobimarket.pl\/#organization","name":"BOBIMARKET.pl","url":"https:\/\/bobimarket.pl\/","logo":{"@type":"ImageObject","inLanguage":"pl-PL","@id":"https:\/\/bobimarket.pl\/#\/schema\/logo\/image\/","url":"https:\/\/bobimarket.pl\/wp-content\/uploads\/2021\/11\/slogan.png","contentUrl":"https:\/\/bobimarket.pl\/wp-content\/uploads\/2021\/11\/slogan.png","width":2000,"height":384,"caption":"BOBIMARKET.pl"},"image":{"@id":"https:\/\/bobimarket.pl\/#\/schema\/logo\/image\/"}}]}},"_links":{"self":[{"href":"https:\/\/bobimarket.pl\/index.php\/wp-json\/wp\/v2\/product\/97104"}],"collection":[{"href":"https:\/\/bobimarket.pl\/index.php\/wp-json\/wp\/v2\/product"}],"about":[{"href":"https:\/\/bobimarket.pl\/index.php\/wp-json\/wp\/v2\/types\/product"}],"wp:featuredmedia":[{"embeddable":true,"href":"https:\/\/bobimarket.pl\/index.php\/wp-json\/wp\/v2\/media\/97101"}],"wp:attachment":[{"href":"https:\/\/bobimarket.pl\/index.php\/wp-json\/wp\/v2\/media?parent=97104"}],"wp:term":[{"taxonomy":"product_cat","embeddable":true,"href":"https:\/\/bobimarket.pl\/index.php\/wp-json\/wp\/v2\/product_cat?post=97104"},{"taxonomy":"product_tag","embeddable":true,"href":"https:\/\/bobimarket.pl\/index.php\/wp-json\/wp\/v2\/product_tag?post=97104"}],"curies":[{"name":"wp","href":"https:\/\/api.w.org\/{rel}","templated":true}]}}