{"id":97107,"date":"2023-08-30T12:16:32","date_gmt":"2023-08-30T12:16:32","guid":{"rendered":"https:\/\/bobimarket.pl\/index.php\/produkt\/pilka-pila-do-metalu-ramka-brzeszczoty\/"},"modified":"2025-02-27T16:32:53","modified_gmt":"2025-02-27T16:32:53","slug":"pilka-pila-do-metalu-ramka-brzeszczoty","status":"publish","type":"product","link":"https:\/\/bobimarket.pl\/index.php\/produkt\/pilka-pila-do-metalu-ramka-brzeszczoty\/","title":{"rendered":"PI\u0141KA PI\u0141A DO METALU RAMKA + BRZESZCZOTY"},"content":{"rendered":"<section class=\"section\">\n<div class=\"item item-12\">\n<section class=\"text-item\">\n<h2>PI\u0141KA PI\u0141A DO METALU RAMKA + BRZESZCZOT<\/h2>\n<p><b>Dane techniczne:<\/b><\/p>\n<ul>\n<li>D\u0142ugo\u015b\u0107 wymiennych brzszczot\u00f3w: <b>150 mm<\/b><\/li>\n<li>D\u0142ugo\u015b\u0107 wymiennej pi\u0142ki: <b>210 mm<\/b><\/li>\n<li>D\u0142ugo\u015bc pi\u0142ki ramki:<b> 250 mm<\/b><\/li>\n<li>Przeznaczenie: <b>do metalu,drewna, PVC<\/b><\/li>\n<\/ul>\n<p><b>Zestaw sk\u0142ada si\u0119 z:<\/b><\/p>\n<ul>\n<li>1 szt. pi\u0142ka ramka<\/li>\n<li>5 szt. wymiennych brzeszczot\u00f3w<\/li>\n<li>2 szt. wymienna pi\u0142ka<\/li>\n<\/ul>\n<\/section><\/div>\n<\/section>\n<section class=\"section\">\n<div class=\"item item-12\">\n<section class=\"image-item\">\n            <img decoding=\"async\" src=\"https:\/\/upload.cdn.baselinker.com\/products\/14476\/745e21e057e09b6b443f91861179886b.jpg\" \/><br \/>\n        <\/section>\n<\/p><\/div>\n<\/section>\n<section class=\"section\">\n<div class=\"item item-12\">\n<section class=\"text-item\">\n<h2>Praktyczny i przydatny element wyposa\u017cenia twojego warsztatu!<\/h2>\n<p>Solidna mini pi\u0142a ramka w zestawie z brzeszczotami i wymienn\u0105 pi\u0142k\u0105. <b>Specjalna konstrukcja<\/b> sprawia, \u017ce narz\u0119dzie jest sztywne i lekkie. Zapewnia to maksymaln\u0105 kontrol\u0119 i u\u0142awia ci\u0119cie. <b>Zamkni\u0119ta r\u0119koje\u015b\u0107<\/b> z uchwytem z tworzywa zapewnia bezpiecze\u0144stwo i komfort pracy. Chroni d\u0142o\u0144 przed przypadkowym zranieniem podczas wykonywania prac. Ponadto narz\u0119dzie dobrze trzyma si\u0119 w d\u0142oni i nie wy\u015blizguje si\u0119.\u00a0<\/p>\n<ul>\n<li>Pi\u0142ka jest praktyczna i funkcjonalna. Mo\u017cn\u0105 j\u0105 wykorzysta\u0107 <b>na dwa sposoby: jako klasyczn\u0105 pi\u0142k\u0119 ramk\u0119<\/b>, do kt\u00f3re montuje si\u0119 brzeszczot lub jako <b>pi\u0142k\u0119 z ostrzem<\/b> o d\u0142ugo\u015bci 160 mm. Wymiana ostrzy jest prosty i intuicyjny.<\/li>\n<\/ul>\n<\/section><\/div>\n<\/section>\n<section class=\"section\">\n<div class=\"item item-12\">\n<section class=\"image-item\">\n            <img decoding=\"async\" src=\"https:\/\/upload.cdn.baselinker.com\/products\/14476\/745e21e057e09b6b443f91861179886b.jpg\" \/><br \/>\n        <\/section>\n<\/p><\/div>\n<\/section>\n<section class=\"section\">\n<div class=\"item item-12\">\n<section class=\"text-item\">\n<p><b>\u2705 Zastosowanie:<\/b><\/p>\n<p>Pi\u0142ka ramka to przydatne narz\u0119dzie ka\u017cdego domowego majsterkowicza. Ta<b> mini pi\u0142a do metalu<\/b> doskonale sprawdzi si\u0119 podczas wykonywania wszelkich prac budowlanych i warsztatowych. Jej niewielkie rozmiary sprawi\u0105, \u017ce w \u0142atwo\u015bci\u0105 wykonasz bardziej precyzyjne prace. Zestaw zawiera wymienne brzeszczoty.<\/p>\n<ul>\n<li>Przeznaczony do ci\u0119cia rur, pr\u0119t\u00f3w kabli itp.<\/li>\n<li>Do obr\u00f3bki element\u00f3w stalowych, metali kolorowych, blachy, drewna i PVC<\/li>\n<\/ul>\n<\/section><\/div>\n<\/section>\n","protected":false},"excerpt":{"rendered":"<p>PI\u0141KA PI\u0141A DO METALU RAMKA + BRZESZCZOT Dane techniczne: D\u0142ugo\u015b\u0107 wymiennych brzszczot\u00f3w: 150 mm D\u0142ugo\u015b\u0107 wymiennej pi\u0142ki: 210 mm D\u0142ugo\u015bc pi\u0142ki ramki: 250 mm Przeznaczenie: do metalu,drewna, PVC Zestaw sk\u0142ada si\u0119 z: 1 szt. pi\u0142ka ramka 5 szt. wymiennych brzeszczot\u00f3w 2 szt. wymienna pi\u0142ka Praktyczny i przydatny element wyposa\u017cenia twojego warsztatu! Solidna mini pi\u0142a ramka<br \/><a class=\"more-link\" href=\"https:\/\/bobimarket.pl\/index.php\/produkt\/pilka-pila-do-metalu-ramka-brzeszczoty\/\"><br \/>\n        Czytaj wi\u0119cej<span class=\"screen-reader-text\"> &#8222;PI\u0141KA PI\u0141A DO METALU RAMKA + BRZESZCZOTY&#8221;<\/span><\/a><\/p>\n","protected":false},"featured_media":97105,"template":"","meta":[],"product_cat":[8190],"product_tag":[],"yoast_head":"<!-- This site is optimized with the Yoast SEO plugin v21.0 - https:\/\/yoast.com\/wordpress\/plugins\/seo\/ -->\n<title>PI\u0141KA PI\u0141A DO METALU RAMKA + BRZESZCZOTY - BOBIMARKET.pl - Remontuj i urz\u0105dzaj z nami<\/title>\n<meta name=\"robots\" content=\"index, follow, max-snippet:-1, max-image-preview:large, max-video-preview:-1\" \/>\n<link rel=\"canonical\" href=\"https:\/\/bobimarket.pl\/index.php\/produkt\/pilka-pila-do-metalu-ramka-brzeszczoty\/\" \/>\n<meta property=\"og:locale\" content=\"pl_PL\" \/>\n<meta property=\"og:type\" content=\"article\" \/>\n<meta property=\"og:title\" content=\"PI\u0141KA PI\u0141A DO METALU RAMKA + BRZESZCZOTY - BOBIMARKET.pl - Remontuj i urz\u0105dzaj z nami\" \/>\n<meta property=\"og:description\" content=\"PI\u0141KA PI\u0141A DO METALU RAMKA + BRZESZCZOT Dane techniczne: D\u0142ugo\u015b\u0107 wymiennych brzszczot\u00f3w: 150 mm D\u0142ugo\u015b\u0107 wymiennej pi\u0142ki: 210 mm D\u0142ugo\u015bc pi\u0142ki ramki: 250 mm Przeznaczenie: do metalu,drewna, PVC Zestaw sk\u0142ada si\u0119 z: 1 szt. pi\u0142ka ramka 5 szt. wymiennych brzeszczot\u00f3w 2 szt. wymienna pi\u0142ka Praktyczny i przydatny element wyposa\u017cenia twojego warsztatu! Solidna mini pi\u0142a ramka     Czytaj wi\u0119cej &quot;PI\u0141KA PI\u0141A DO METALU RAMKA + BRZESZCZOTY&quot;\" \/>\n<meta property=\"og:url\" content=\"https:\/\/bobimarket.pl\/index.php\/produkt\/pilka-pila-do-metalu-ramka-brzeszczoty\/\" \/>\n<meta property=\"og:site_name\" content=\"BOBIMARKET.pl - Remontuj i urz\u0105dzaj z nami\" \/>\n<meta property=\"article:modified_time\" content=\"2025-02-27T16:32:53+00:00\" \/>\n<meta property=\"og:image\" content=\"https:\/\/upload.cdn.baselinker.com\/products\/14476\/745e21e057e09b6b443f91861179886b.jpg\" \/>\n<meta name=\"twitter:card\" content=\"summary_large_image\" \/>\n<meta name=\"twitter:label1\" content=\"Szacowany czas czytania\" \/>\n\t<meta name=\"twitter:data1\" content=\"1 minuta\" \/>\n<script type=\"application\/ld+json\" class=\"yoast-schema-graph\">{\"@context\":\"https:\/\/schema.org\",\"@graph\":[{\"@type\":\"WebPage\",\"@id\":\"https:\/\/bobimarket.pl\/index.php\/produkt\/pilka-pila-do-metalu-ramka-brzeszczoty\/\",\"url\":\"https:\/\/bobimarket.pl\/index.php\/produkt\/pilka-pila-do-metalu-ramka-brzeszczoty\/\",\"name\":\"PI\u0141KA PI\u0141A DO METALU RAMKA + BRZESZCZOTY - BOBIMARKET.pl - Remontuj i urz\u0105dzaj z nami\",\"isPartOf\":{\"@id\":\"https:\/\/bobimarket.pl\/#website\"},\"datePublished\":\"2023-08-30T12:16:32+00:00\",\"dateModified\":\"2025-02-27T16:32:53+00:00\",\"breadcrumb\":{\"@id\":\"https:\/\/bobimarket.pl\/index.php\/produkt\/pilka-pila-do-metalu-ramka-brzeszczoty\/#breadcrumb\"},\"inLanguage\":\"pl-PL\",\"potentialAction\":[{\"@type\":\"ReadAction\",\"target\":[\"https:\/\/bobimarket.pl\/index.php\/produkt\/pilka-pila-do-metalu-ramka-brzeszczoty\/\"]}]},{\"@type\":\"BreadcrumbList\",\"@id\":\"https:\/\/bobimarket.pl\/index.php\/produkt\/pilka-pila-do-metalu-ramka-brzeszczoty\/#breadcrumb\",\"itemListElement\":[{\"@type\":\"ListItem\",\"position\":1,\"name\":\"Strona g\u0142\u00f3wna\",\"item\":\"https:\/\/bobimarket.pl\/\"},{\"@type\":\"ListItem\",\"position\":2,\"name\":\"Sklep\",\"item\":\"https:\/\/bobimarket.pl\/index.php\/shop\/\"},{\"@type\":\"ListItem\",\"position\":3,\"name\":\"PI\u0141KA PI\u0141A DO METALU RAMKA + BRZESZCZOTY\"}]},{\"@type\":\"WebSite\",\"@id\":\"https:\/\/bobimarket.pl\/#website\",\"url\":\"https:\/\/bobimarket.pl\/\",\"name\":\"BOBIMARKET.pl - Remontuj i urz\u0105dzaj z nami\",\"description\":\"Remontuj i urz\u0105dzaj z nami\",\"publisher\":{\"@id\":\"https:\/\/bobimarket.pl\/#organization\"},\"potentialAction\":[{\"@type\":\"SearchAction\",\"target\":{\"@type\":\"EntryPoint\",\"urlTemplate\":\"https:\/\/bobimarket.pl\/?s={search_term_string}\"},\"query-input\":\"required name=search_term_string\"}],\"inLanguage\":\"pl-PL\"},{\"@type\":\"Organization\",\"@id\":\"https:\/\/bobimarket.pl\/#organization\",\"name\":\"BOBIMARKET.pl\",\"url\":\"https:\/\/bobimarket.pl\/\",\"logo\":{\"@type\":\"ImageObject\",\"inLanguage\":\"pl-PL\",\"@id\":\"https:\/\/bobimarket.pl\/#\/schema\/logo\/image\/\",\"url\":\"https:\/\/bobimarket.pl\/wp-content\/uploads\/2021\/11\/slogan.png\",\"contentUrl\":\"https:\/\/bobimarket.pl\/wp-content\/uploads\/2021\/11\/slogan.png\",\"width\":2000,\"height\":384,\"caption\":\"BOBIMARKET.pl\"},\"image\":{\"@id\":\"https:\/\/bobimarket.pl\/#\/schema\/logo\/image\/\"}}]}<\/script>\n<!-- \/ Yoast SEO plugin. -->","yoast_head_json":{"title":"PI\u0141KA PI\u0141A DO METALU RAMKA + BRZESZCZOTY - BOBIMARKET.pl - Remontuj i urz\u0105dzaj z nami","robots":{"index":"index","follow":"follow","max-snippet":"max-snippet:-1","max-image-preview":"max-image-preview:large","max-video-preview":"max-video-preview:-1"},"canonical":"https:\/\/bobimarket.pl\/index.php\/produkt\/pilka-pila-do-metalu-ramka-brzeszczoty\/","og_locale":"pl_PL","og_type":"article","og_title":"PI\u0141KA PI\u0141A DO METALU RAMKA + BRZESZCZOTY - BOBIMARKET.pl - Remontuj i urz\u0105dzaj z nami","og_description":"PI\u0141KA PI\u0141A DO METALU RAMKA + BRZESZCZOT Dane techniczne: D\u0142ugo\u015b\u0107 wymiennych brzszczot\u00f3w: 150 mm D\u0142ugo\u015b\u0107 wymiennej pi\u0142ki: 210 mm D\u0142ugo\u015bc pi\u0142ki ramki: 250 mm Przeznaczenie: do metalu,drewna, PVC Zestaw sk\u0142ada si\u0119 z: 1 szt. pi\u0142ka ramka 5 szt. wymiennych brzeszczot\u00f3w 2 szt. wymienna pi\u0142ka Praktyczny i przydatny element wyposa\u017cenia twojego warsztatu! Solidna mini pi\u0142a ramka     Czytaj wi\u0119cej \"PI\u0141KA PI\u0141A DO METALU RAMKA + BRZESZCZOTY\"","og_url":"https:\/\/bobimarket.pl\/index.php\/produkt\/pilka-pila-do-metalu-ramka-brzeszczoty\/","og_site_name":"BOBIMARKET.pl - Remontuj i urz\u0105dzaj z nami","article_modified_time":"2025-02-27T16:32:53+00:00","og_image":[{"url":"https:\/\/upload.cdn.baselinker.com\/products\/14476\/745e21e057e09b6b443f91861179886b.jpg"}],"twitter_card":"summary_large_image","twitter_misc":{"Szacowany czas czytania":"1 minuta"},"schema":{"@context":"https:\/\/schema.org","@graph":[{"@type":"WebPage","@id":"https:\/\/bobimarket.pl\/index.php\/produkt\/pilka-pila-do-metalu-ramka-brzeszczoty\/","url":"https:\/\/bobimarket.pl\/index.php\/produkt\/pilka-pila-do-metalu-ramka-brzeszczoty\/","name":"PI\u0141KA PI\u0141A DO METALU RAMKA + BRZESZCZOTY - BOBIMARKET.pl - Remontuj i urz\u0105dzaj z nami","isPartOf":{"@id":"https:\/\/bobimarket.pl\/#website"},"datePublished":"2023-08-30T12:16:32+00:00","dateModified":"2025-02-27T16:32:53+00:00","breadcrumb":{"@id":"https:\/\/bobimarket.pl\/index.php\/produkt\/pilka-pila-do-metalu-ramka-brzeszczoty\/#breadcrumb"},"inLanguage":"pl-PL","potentialAction":[{"@type":"ReadAction","target":["https:\/\/bobimarket.pl\/index.php\/produkt\/pilka-pila-do-metalu-ramka-brzeszczoty\/"]}]},{"@type":"BreadcrumbList","@id":"https:\/\/bobimarket.pl\/index.php\/produkt\/pilka-pila-do-metalu-ramka-brzeszczoty\/#breadcrumb","itemListElement":[{"@type":"ListItem","position":1,"name":"Strona g\u0142\u00f3wna","item":"https:\/\/bobimarket.pl\/"},{"@type":"ListItem","position":2,"name":"Sklep","item":"https:\/\/bobimarket.pl\/index.php\/shop\/"},{"@type":"ListItem","position":3,"name":"PI\u0141KA PI\u0141A DO METALU RAMKA + BRZESZCZOTY"}]},{"@type":"WebSite","@id":"https:\/\/bobimarket.pl\/#website","url":"https:\/\/bobimarket.pl\/","name":"BOBIMARKET.pl - Remontuj i urz\u0105dzaj z nami","description":"Remontuj i urz\u0105dzaj z nami","publisher":{"@id":"https:\/\/bobimarket.pl\/#organization"},"potentialAction":[{"@type":"SearchAction","target":{"@type":"EntryPoint","urlTemplate":"https:\/\/bobimarket.pl\/?s={search_term_string}"},"query-input":"required name=search_term_string"}],"inLanguage":"pl-PL"},{"@type":"Organization","@id":"https:\/\/bobimarket.pl\/#organization","name":"BOBIMARKET.pl","url":"https:\/\/bobimarket.pl\/","logo":{"@type":"ImageObject","inLanguage":"pl-PL","@id":"https:\/\/bobimarket.pl\/#\/schema\/logo\/image\/","url":"https:\/\/bobimarket.pl\/wp-content\/uploads\/2021\/11\/slogan.png","contentUrl":"https:\/\/bobimarket.pl\/wp-content\/uploads\/2021\/11\/slogan.png","width":2000,"height":384,"caption":"BOBIMARKET.pl"},"image":{"@id":"https:\/\/bobimarket.pl\/#\/schema\/logo\/image\/"}}]}},"_links":{"self":[{"href":"https:\/\/bobimarket.pl\/index.php\/wp-json\/wp\/v2\/product\/97107"}],"collection":[{"href":"https:\/\/bobimarket.pl\/index.php\/wp-json\/wp\/v2\/product"}],"about":[{"href":"https:\/\/bobimarket.pl\/index.php\/wp-json\/wp\/v2\/types\/product"}],"wp:featuredmedia":[{"embeddable":true,"href":"https:\/\/bobimarket.pl\/index.php\/wp-json\/wp\/v2\/media\/97105"}],"wp:attachment":[{"href":"https:\/\/bobimarket.pl\/index.php\/wp-json\/wp\/v2\/media?parent=97107"}],"wp:term":[{"taxonomy":"product_cat","embeddable":true,"href":"https:\/\/bobimarket.pl\/index.php\/wp-json\/wp\/v2\/product_cat?post=97107"},{"taxonomy":"product_tag","embeddable":true,"href":"https:\/\/bobimarket.pl\/index.php\/wp-json\/wp\/v2\/product_tag?post=97107"}],"curies":[{"name":"wp","href":"https:\/\/api.w.org\/{rel}","templated":true}]}}