{"id":97119,"date":"2023-08-30T12:17:18","date_gmt":"2023-08-30T12:17:18","guid":{"rendered":"https:\/\/bobimarket.pl\/index.php\/produkt\/pojemnik-kasetka-na-leki-pudelko-organizer\/"},"modified":"2025-02-27T16:33:05","modified_gmt":"2025-02-27T16:33:05","slug":"pojemnik-kasetka-na-leki-pudelko-organizer","status":"publish","type":"product","link":"https:\/\/bobimarket.pl\/index.php\/produkt\/pojemnik-kasetka-na-leki-pudelko-organizer\/","title":{"rendered":"POJEMNIK KASETKA NA LEKI PUDE\u0141KO ORGANIZER"},"content":{"rendered":"<section class=\"section\">\n<div class=\"item item-12\">\n<section class=\"text-item\">\n<h2>POJEMNIK KASETKA NA LEKI PUDE\u0141KO ORGANIZER 7 DNI<\/h2>\n<p><b>Informacje og\u00f3lne:<\/b><\/p>\n<ul>\n<li>Szeroko\u015b\u0107:<b> 6,7 cm<\/b><\/li>\n<li>D\u0142ugo\u015b\u0107:<b> 10,5 cm<\/b><\/li>\n<li>Wysoko\u015b\u0107:<b> 1,8 cm <\/b><\/li>\n<li>Materia\u0142: <b>tworzywo<\/b><\/li>\n<li>Ilo\u015b\u0107 szufladek: <b>7 sztuk<\/b><\/li>\n<\/ul>\n<h2>UWAGA!<\/h2>\n<ul>\n<li>Nazwy dni tygodnia umieszczonych na pude\u0142eczku w j\u0119zyku angielskim i j\u0119zyku Braille&#8217;a!<\/li>\n<li>Aktualni na stanie kasetka w kolorze bia\u0142ym z prze\u017aroczysta g\u00f3r\u0105!<\/li>\n<\/ul>\n<\/section><\/div>\n<\/section>\n<section class=\"section\">\n<div class=\"item item-12\">\n<section class=\"image-item\">\n            <img decoding=\"async\" src=\"https:\/\/upload.cdn.baselinker.com\/products\/14476\/e03d0b334fe5c053d913770bda75e363.jpg\"><br \/>\n        <\/section>\n<\/p><\/div>\n<\/section>\n<section class=\"section\">\n<div class=\"item item-12\">\n<section class=\"text-item\">\n<h2>Kompaktowy pojemnik do przechowywania lek\u00f3w!<\/h2>\n<p>Niewielki, ale bardzo przydatny pojemnik na leki, kt\u00f3ry b\u0119dzie idealny szczeg\u00f3lnie dla tych <b>os\u00f3b, kt\u00f3re regularnie przyjmuj\u0105 leki raz na dob\u0119.<\/b> Organizer zosta\u0142 podzielony na <b>7 przegr\u00f3dek<\/b>, kt\u00f3re zosta\u0142y opisane dniami tygodnia ( w j\u0119zyku angielskim). Z jego pomoc\u0105 posegregujesz lekarstwa i przygotujesz za\u017cywanych przez Ciebie tabletki na ca\u0142y tydzie\u0144.<\/p>\n<ul>\n<li>Pojemnik zosta\u0142 wykonany zosta\u0142 z <b>lekkiego i wytrwa\u0142ego materia\u0142u,<\/b> a poszczeg\u00f3lne szufladki zamykane s\u0105 na wygodny zatrzask.<\/li>\n<li><b>U\u0142atwia pami\u0119tanie o za\u017cyciu leku<\/b> i pozwala na \u0142atw\u0105 kontrol\u0119, czy lek zosta\u0142 za\u017cyty.<\/li>\n<li>Kasetka ma <b>niewielki wymiar,<\/b> dlatego mo\u017cesz mie\u0107 j\u0105 zawsze przy sobie. Zmie\u015bci si\u0119 do torebki lub plecaka.<\/li>\n<li>Produkt nada si\u0119 do u\u017cytku domowego, w szpitalach b\u0105d\u017a w r\u00f3\u017cnych zak\u0142adach opieku\u0144czo leczniczych.<\/li>\n<\/ul>\n<\/section><\/div>\n<\/section>\n<section class=\"section\">\n<div class=\"item item-12\">\n<section class=\"image-item\">\n            <img decoding=\"async\" src=\"https:\/\/upload.cdn.baselinker.com\/products\/14476\/ba400fd58a7b5799d72b855a13a3c1d9.png\"><br \/>\n        <\/section>\n<\/p><\/div>\n<\/section>\n<section class=\"section\">\n<div class=\"item item-12\">\n<section class=\"text-item\">\n<p><b>\u2705 Pomocne akcesorium do porcjowania lek\u00f3w!<\/b><\/p>\n<p>Zakup kasetki nie to nie tylko <b>wygodne ale r\u00f3wnie\u017c bezpieczne rozwi\u0105zanie.<\/b> Przechowuj\u0105c lekarstwa w specjalnym tygodniowym pojemniku zwi\u0119kszamy nasz\u0105 kontrol\u0119 nad za\u017cywanymi lekami. U\u0142atwia ona grupowanie i dozowanie medykament\u00f3w.<\/p>\n<ul>\n<li><b>Unikamy ryzyko<\/b> przyj\u0119cia podw\u00f3jnej porcji lub pomini\u0119cia dawki.<\/li>\n<li><b>\u015awietne rozwi\u0105zanie dla os\u00f3b starszych<\/b>, kt\u00f3rzy s\u0105 zmuszeni do regularnego przyjmowania okre\u015blonych lek\u00f3w i mog\u0105 mie\u0107 problem z ich porcjowaniem.<\/li>\n<li>Dla os\u00f3b, kt\u00f3re ceni\u0105 sobie <b>wygodne i praktyczne rozwi\u0105zania<\/b>. Mo\u017cesz w \u0142atwy spos\u00f3b przygotowa\u0107 leki na ca\u0142y tydzie\u0144 i mie\u0107 kasetk\u0119 zawsze przy sobie.<\/li>\n<\/ul>\n<\/section><\/div>\n<\/section>\n","protected":false},"excerpt":{"rendered":"<p>POJEMNIK KASETKA NA LEKI PUDE\u0141KO ORGANIZER 7 DNI Informacje og\u00f3lne: Szeroko\u015b\u0107: 6,7 cm D\u0142ugo\u015b\u0107: 10,5 cm Wysoko\u015b\u0107: 1,8 cm Materia\u0142: tworzywo Ilo\u015b\u0107 szufladek: 7 sztuk UWAGA! Nazwy dni tygodnia umieszczonych na pude\u0142eczku w j\u0119zyku angielskim i j\u0119zyku Braille&#8217;a! Aktualni na stanie kasetka w kolorze bia\u0142ym z prze\u017aroczysta g\u00f3r\u0105! Kompaktowy pojemnik do przechowywania lek\u00f3w! Niewielki, ale<br \/><a class=\"more-link\" href=\"https:\/\/bobimarket.pl\/index.php\/produkt\/pojemnik-kasetka-na-leki-pudelko-organizer\/\"><br \/>\n        Czytaj wi\u0119cej<span class=\"screen-reader-text\"> &#8222;POJEMNIK KASETKA NA LEKI PUDE\u0141KO ORGANIZER&#8221;<\/span><\/a><\/p>\n","protected":false},"featured_media":97117,"template":"","meta":[],"product_cat":[8141],"product_tag":[],"yoast_head":"<!-- This site is optimized with the Yoast SEO plugin v21.0 - https:\/\/yoast.com\/wordpress\/plugins\/seo\/ -->\n<title>POJEMNIK KASETKA NA LEKI PUDE\u0141KO ORGANIZER - BOBIMARKET.pl - Remontuj i urz\u0105dzaj z nami<\/title>\n<meta name=\"robots\" content=\"index, follow, max-snippet:-1, max-image-preview:large, max-video-preview:-1\" \/>\n<link rel=\"canonical\" href=\"https:\/\/bobimarket.pl\/index.php\/produkt\/pojemnik-kasetka-na-leki-pudelko-organizer\/\" \/>\n<meta property=\"og:locale\" content=\"pl_PL\" \/>\n<meta property=\"og:type\" content=\"article\" \/>\n<meta property=\"og:title\" content=\"POJEMNIK KASETKA NA LEKI PUDE\u0141KO ORGANIZER - BOBIMARKET.pl - Remontuj i urz\u0105dzaj z nami\" \/>\n<meta property=\"og:description\" content=\"POJEMNIK KASETKA NA LEKI PUDE\u0141KO ORGANIZER 7 DNI Informacje og\u00f3lne: Szeroko\u015b\u0107: 6,7 cm D\u0142ugo\u015b\u0107: 10,5 cm Wysoko\u015b\u0107: 1,8 cm Materia\u0142: tworzywo Ilo\u015b\u0107 szufladek: 7 sztuk UWAGA! Nazwy dni tygodnia umieszczonych na pude\u0142eczku w j\u0119zyku angielskim i j\u0119zyku Braille&#8217;a! Aktualni na stanie kasetka w kolorze bia\u0142ym z prze\u017aroczysta g\u00f3r\u0105! Kompaktowy pojemnik do przechowywania lek\u00f3w! Niewielki, ale     Czytaj wi\u0119cej &quot;POJEMNIK KASETKA NA LEKI PUDE\u0141KO ORGANIZER&quot;\" \/>\n<meta property=\"og:url\" content=\"https:\/\/bobimarket.pl\/index.php\/produkt\/pojemnik-kasetka-na-leki-pudelko-organizer\/\" \/>\n<meta property=\"og:site_name\" content=\"BOBIMARKET.pl - Remontuj i urz\u0105dzaj z nami\" \/>\n<meta property=\"article:modified_time\" content=\"2025-02-27T16:33:05+00:00\" \/>\n<meta property=\"og:image\" content=\"https:\/\/upload.cdn.baselinker.com\/products\/14476\/e03d0b334fe5c053d913770bda75e363.jpg\" \/>\n<meta name=\"twitter:card\" content=\"summary_large_image\" \/>\n<meta name=\"twitter:label1\" content=\"Szacowany czas czytania\" \/>\n\t<meta name=\"twitter:data1\" content=\"1 minuta\" \/>\n<script type=\"application\/ld+json\" class=\"yoast-schema-graph\">{\"@context\":\"https:\/\/schema.org\",\"@graph\":[{\"@type\":\"WebPage\",\"@id\":\"https:\/\/bobimarket.pl\/index.php\/produkt\/pojemnik-kasetka-na-leki-pudelko-organizer\/\",\"url\":\"https:\/\/bobimarket.pl\/index.php\/produkt\/pojemnik-kasetka-na-leki-pudelko-organizer\/\",\"name\":\"POJEMNIK KASETKA NA LEKI PUDE\u0141KO ORGANIZER - BOBIMARKET.pl - Remontuj i urz\u0105dzaj z nami\",\"isPartOf\":{\"@id\":\"https:\/\/bobimarket.pl\/#website\"},\"datePublished\":\"2023-08-30T12:17:18+00:00\",\"dateModified\":\"2025-02-27T16:33:05+00:00\",\"breadcrumb\":{\"@id\":\"https:\/\/bobimarket.pl\/index.php\/produkt\/pojemnik-kasetka-na-leki-pudelko-organizer\/#breadcrumb\"},\"inLanguage\":\"pl-PL\",\"potentialAction\":[{\"@type\":\"ReadAction\",\"target\":[\"https:\/\/bobimarket.pl\/index.php\/produkt\/pojemnik-kasetka-na-leki-pudelko-organizer\/\"]}]},{\"@type\":\"BreadcrumbList\",\"@id\":\"https:\/\/bobimarket.pl\/index.php\/produkt\/pojemnik-kasetka-na-leki-pudelko-organizer\/#breadcrumb\",\"itemListElement\":[{\"@type\":\"ListItem\",\"position\":1,\"name\":\"Strona g\u0142\u00f3wna\",\"item\":\"https:\/\/bobimarket.pl\/\"},{\"@type\":\"ListItem\",\"position\":2,\"name\":\"Sklep\",\"item\":\"https:\/\/bobimarket.pl\/index.php\/shop\/\"},{\"@type\":\"ListItem\",\"position\":3,\"name\":\"POJEMNIK KASETKA NA LEKI PUDE\u0141KO ORGANIZER\"}]},{\"@type\":\"WebSite\",\"@id\":\"https:\/\/bobimarket.pl\/#website\",\"url\":\"https:\/\/bobimarket.pl\/\",\"name\":\"BOBIMARKET.pl - Remontuj i urz\u0105dzaj z nami\",\"description\":\"Remontuj i urz\u0105dzaj z nami\",\"publisher\":{\"@id\":\"https:\/\/bobimarket.pl\/#organization\"},\"potentialAction\":[{\"@type\":\"SearchAction\",\"target\":{\"@type\":\"EntryPoint\",\"urlTemplate\":\"https:\/\/bobimarket.pl\/?s={search_term_string}\"},\"query-input\":\"required name=search_term_string\"}],\"inLanguage\":\"pl-PL\"},{\"@type\":\"Organization\",\"@id\":\"https:\/\/bobimarket.pl\/#organization\",\"name\":\"BOBIMARKET.pl\",\"url\":\"https:\/\/bobimarket.pl\/\",\"logo\":{\"@type\":\"ImageObject\",\"inLanguage\":\"pl-PL\",\"@id\":\"https:\/\/bobimarket.pl\/#\/schema\/logo\/image\/\",\"url\":\"https:\/\/bobimarket.pl\/wp-content\/uploads\/2021\/11\/slogan.png\",\"contentUrl\":\"https:\/\/bobimarket.pl\/wp-content\/uploads\/2021\/11\/slogan.png\",\"width\":2000,\"height\":384,\"caption\":\"BOBIMARKET.pl\"},\"image\":{\"@id\":\"https:\/\/bobimarket.pl\/#\/schema\/logo\/image\/\"}}]}<\/script>\n<!-- \/ Yoast SEO plugin. -->","yoast_head_json":{"title":"POJEMNIK KASETKA NA LEKI PUDE\u0141KO ORGANIZER - BOBIMARKET.pl - Remontuj i urz\u0105dzaj z nami","robots":{"index":"index","follow":"follow","max-snippet":"max-snippet:-1","max-image-preview":"max-image-preview:large","max-video-preview":"max-video-preview:-1"},"canonical":"https:\/\/bobimarket.pl\/index.php\/produkt\/pojemnik-kasetka-na-leki-pudelko-organizer\/","og_locale":"pl_PL","og_type":"article","og_title":"POJEMNIK KASETKA NA LEKI PUDE\u0141KO ORGANIZER - BOBIMARKET.pl - Remontuj i urz\u0105dzaj z nami","og_description":"POJEMNIK KASETKA NA LEKI PUDE\u0141KO ORGANIZER 7 DNI Informacje og\u00f3lne: Szeroko\u015b\u0107: 6,7 cm D\u0142ugo\u015b\u0107: 10,5 cm Wysoko\u015b\u0107: 1,8 cm Materia\u0142: tworzywo Ilo\u015b\u0107 szufladek: 7 sztuk UWAGA! Nazwy dni tygodnia umieszczonych na pude\u0142eczku w j\u0119zyku angielskim i j\u0119zyku Braille&#8217;a! Aktualni na stanie kasetka w kolorze bia\u0142ym z prze\u017aroczysta g\u00f3r\u0105! Kompaktowy pojemnik do przechowywania lek\u00f3w! Niewielki, ale     Czytaj wi\u0119cej \"POJEMNIK KASETKA NA LEKI PUDE\u0141KO ORGANIZER\"","og_url":"https:\/\/bobimarket.pl\/index.php\/produkt\/pojemnik-kasetka-na-leki-pudelko-organizer\/","og_site_name":"BOBIMARKET.pl - Remontuj i urz\u0105dzaj z nami","article_modified_time":"2025-02-27T16:33:05+00:00","og_image":[{"url":"https:\/\/upload.cdn.baselinker.com\/products\/14476\/e03d0b334fe5c053d913770bda75e363.jpg"}],"twitter_card":"summary_large_image","twitter_misc":{"Szacowany czas czytania":"1 minuta"},"schema":{"@context":"https:\/\/schema.org","@graph":[{"@type":"WebPage","@id":"https:\/\/bobimarket.pl\/index.php\/produkt\/pojemnik-kasetka-na-leki-pudelko-organizer\/","url":"https:\/\/bobimarket.pl\/index.php\/produkt\/pojemnik-kasetka-na-leki-pudelko-organizer\/","name":"POJEMNIK KASETKA NA LEKI PUDE\u0141KO ORGANIZER - BOBIMARKET.pl - Remontuj i urz\u0105dzaj z nami","isPartOf":{"@id":"https:\/\/bobimarket.pl\/#website"},"datePublished":"2023-08-30T12:17:18+00:00","dateModified":"2025-02-27T16:33:05+00:00","breadcrumb":{"@id":"https:\/\/bobimarket.pl\/index.php\/produkt\/pojemnik-kasetka-na-leki-pudelko-organizer\/#breadcrumb"},"inLanguage":"pl-PL","potentialAction":[{"@type":"ReadAction","target":["https:\/\/bobimarket.pl\/index.php\/produkt\/pojemnik-kasetka-na-leki-pudelko-organizer\/"]}]},{"@type":"BreadcrumbList","@id":"https:\/\/bobimarket.pl\/index.php\/produkt\/pojemnik-kasetka-na-leki-pudelko-organizer\/#breadcrumb","itemListElement":[{"@type":"ListItem","position":1,"name":"Strona g\u0142\u00f3wna","item":"https:\/\/bobimarket.pl\/"},{"@type":"ListItem","position":2,"name":"Sklep","item":"https:\/\/bobimarket.pl\/index.php\/shop\/"},{"@type":"ListItem","position":3,"name":"POJEMNIK KASETKA NA LEKI PUDE\u0141KO ORGANIZER"}]},{"@type":"WebSite","@id":"https:\/\/bobimarket.pl\/#website","url":"https:\/\/bobimarket.pl\/","name":"BOBIMARKET.pl - Remontuj i urz\u0105dzaj z nami","description":"Remontuj i urz\u0105dzaj z nami","publisher":{"@id":"https:\/\/bobimarket.pl\/#organization"},"potentialAction":[{"@type":"SearchAction","target":{"@type":"EntryPoint","urlTemplate":"https:\/\/bobimarket.pl\/?s={search_term_string}"},"query-input":"required name=search_term_string"}],"inLanguage":"pl-PL"},{"@type":"Organization","@id":"https:\/\/bobimarket.pl\/#organization","name":"BOBIMARKET.pl","url":"https:\/\/bobimarket.pl\/","logo":{"@type":"ImageObject","inLanguage":"pl-PL","@id":"https:\/\/bobimarket.pl\/#\/schema\/logo\/image\/","url":"https:\/\/bobimarket.pl\/wp-content\/uploads\/2021\/11\/slogan.png","contentUrl":"https:\/\/bobimarket.pl\/wp-content\/uploads\/2021\/11\/slogan.png","width":2000,"height":384,"caption":"BOBIMARKET.pl"},"image":{"@id":"https:\/\/bobimarket.pl\/#\/schema\/logo\/image\/"}}]}},"_links":{"self":[{"href":"https:\/\/bobimarket.pl\/index.php\/wp-json\/wp\/v2\/product\/97119"}],"collection":[{"href":"https:\/\/bobimarket.pl\/index.php\/wp-json\/wp\/v2\/product"}],"about":[{"href":"https:\/\/bobimarket.pl\/index.php\/wp-json\/wp\/v2\/types\/product"}],"wp:featuredmedia":[{"embeddable":true,"href":"https:\/\/bobimarket.pl\/index.php\/wp-json\/wp\/v2\/media\/97117"}],"wp:attachment":[{"href":"https:\/\/bobimarket.pl\/index.php\/wp-json\/wp\/v2\/media?parent=97119"}],"wp:term":[{"taxonomy":"product_cat","embeddable":true,"href":"https:\/\/bobimarket.pl\/index.php\/wp-json\/wp\/v2\/product_cat?post=97119"},{"taxonomy":"product_tag","embeddable":true,"href":"https:\/\/bobimarket.pl\/index.php\/wp-json\/wp\/v2\/product_tag?post=97119"}],"curies":[{"name":"wp","href":"https:\/\/api.w.org\/{rel}","templated":true}]}}