{"id":97122,"date":"2023-08-30T12:17:27","date_gmt":"2023-08-30T12:17:27","guid":{"rendered":"https:\/\/bobimarket.pl\/index.php\/produkt\/butelka-bidon-na-wode-dla-dzieci-free-bpa-300ml\/"},"modified":"2025-02-27T16:33:10","modified_gmt":"2025-02-27T16:33:10","slug":"butelka-bidon-na-wode-dla-dzieci-free-bpa-300ml","status":"publish","type":"product","link":"https:\/\/bobimarket.pl\/index.php\/produkt\/butelka-bidon-na-wode-dla-dzieci-free-bpa-300ml\/","title":{"rendered":"BUTELKA BIDON NA WOD\u0118 DLA DZIECI Free BPA 300ml"},"content":{"rendered":"<section class=\"section\">\n<div class=\"item item-12\">\n<section class=\"text-item\">\n<h2>BUTELKA BIDON NA WOD\u0118 DLA DZIECI Free BPA 300ml<\/h2>\n<p><b>Informacje og\u00f3lne: <\/b><\/p>\n<ul>\n<li>Wysoko\u015b\u0107: <b>15 cm<\/b><\/li>\n<li>\u015arednica dna: <b>5,5cm<\/b><\/li>\n<li>Pojemno\u015b\u0107: <b>500 ml<\/b><\/li>\n<li>Materia\u0142:<b> tworzywo <\/b><\/li>\n<li><b>BPA FREE<\/b><\/li>\n<\/ul>\n<\/section><\/div>\n<\/section>\n<section class=\"section\">\n<div class=\"item item-12\">\n<section class=\"image-item\">\n            <img decoding=\"async\" src=\"https:\/\/upload.cdn.baselinker.com\/products\/14476\/6c30ab08ca3720af495b196d0e93e355.jpg\" \/><br \/>\n        <\/section>\n<\/p><\/div>\n<\/section>\n<section class=\"section\">\n<div class=\"item item-12\">\n<section class=\"text-item\">\n<h2>Zadbaj o zdrowie i wygod\u0119 Twojego dziecka!<\/h2>\n<p>Urocza butelka na wod\u0119 o pojemno\u015bci <b>300 ml idealna dla ka\u017cdego malucha<\/b>. Pomo\u017ce Twojemu dziecku w wypiciu odpowiedniej ilo\u015bci wody w ci\u0105gu dnia! Wykorzystany do produkcji materia\u0142 nie zawiera szkodliwych zwi\u0105zk\u00f3w chemicznych <b>(BPA FREE!)<\/b>. Kolorowy nadruk na butelce na pewno przypadnie do gusty Twojemu dziecku i sprawi, \u017ce najm\u0142odsi b\u0119d\u0105 ch\u0119tnie korzysta\u0107 z bidonu.<\/p>\n<ul>\n<li><b>Wielorazowa butelka<\/b> to bardzo dobry zamiennik dla jednorazowych butelek plastikowych. Nape\u0142nij j\u0105 wod\u0105 lub innym napojem i zadbaj o to, aby Twoje dziecko wypi\u0142a w ci\u0105gu dnia odpowiedni\u0105 ilo\u015b\u0107 p\u0142yn\u00f3w.<\/li>\n<li>Dziecko mo\u017ce go ze sob\u0105<b> zabra\u0107 do przedszkola<\/b>. Drugie \u015bniadanie w towarzystwie napoju z ciekawego bidonu z nadrukiem b\u0119dzie smakowa\u0142o wyj\u0105tkowo.<\/li>\n<li>Butelka \u015bwietnie nada si\u0119 r\u00f3wnie\u017c w <b>domu czy podczas wyjazd\u00f3w lub wyj\u015b\u0107 na plac zabaw czy spacer.<\/b><\/li>\n<\/ul>\n<\/section><\/div>\n<\/section>\n<section class=\"section\">\n<div class=\"item item-12\">\n<section class=\"image-item\">\n            <img decoding=\"async\" src=\"https:\/\/upload.cdn.baselinker.com\/products\/14476\/e2fe88e399e39efe6b654ff642f0bf5c.jpg\" \/><br \/>\n        <\/section>\n<\/p><\/div>\n<\/section>\n<section class=\"section\">\n<div class=\"item item-12\">\n<section class=\"text-item\">\n<h2>\u2705 Jeszcze wi\u0119cej zalet!<\/h2>\n<ul>\n<li><b>\u0141atwy mechanizm otwierania i wygodny ustnik<\/b> do picia. Nakr\u0119tka gwarantuje zachowanie higieny ustnika. Dziecko bez problemu b\u0119dzie mog\u0142o samo otworzy\u0107 bidon i napi\u0107 si\u0119, gdy tylko b\u0119dzie spragnione.<\/li>\n<li><b>Optymalna wielko\u015b\u0107 i kszta\u0142t<\/b> sprawiaj\u0105, \u017ce butelk\u0119 mo\u017cna ze sob\u0105 wsz\u0119dzie zabra\u0107. Dziecko nie b\u0119dzie mia\u0142o problemu z jej trzymaniem, ani przenoszeniem. Kubek idealnie wpasuj si\u0119 w ma\u0142e d\u0142onie.<\/li>\n<\/ul>\n<\/section><\/div>\n<\/section>\n<section class=\"section\">\n<div class=\"item item-12\">\n<section class=\"image-item\">\n            <img decoding=\"async\" src=\"https:\/\/upload.cdn.baselinker.com\/products\/14476\/e2fe88e399e39efe6b654ff642f0bf5c.jpg\" \/><br \/>\n        <\/section>\n<\/p><\/div>\n<\/section>\n<section class=\"section\">\n<div class=\"item item-12\">\n<section class=\"text-item\">\n<h2>\u2705 Proste i zarazem funkcjonalne rozwi\u0105zanie!<\/h2>\n<ul>\n<li>Estetyczne wykonania i kolorowy wz\u00f3r sprawiaj\u0105, \u017ce pokocha go ka\u017cdy maluch!<\/li>\n<li>Bidon sprawdzi si\u0119 u dzieci aktywnych fizycznie. Mo\u017cna go zabra\u0107 ze sob\u0105 na plac zabaw, wycieczki rowerowe lub spacer!<\/li>\n<li>Dzieci b\u0119d\u0105 mog\u0142y zabra\u0107 butelk\u0119 ze sob\u0105 do szko\u0142y lub przedszkola! Przyda si\u0119 r\u00f3wnie\u017c w domu.<\/li>\n<\/ul>\n<\/section><\/div>\n<\/section>\n","protected":false},"excerpt":{"rendered":"<p>BUTELKA BIDON NA WOD\u0118 DLA DZIECI Free BPA 300ml Informacje og\u00f3lne: Wysoko\u015b\u0107: 15 cm \u015arednica dna: 5,5cm Pojemno\u015b\u0107: 500 ml Materia\u0142: tworzywo BPA FREE Zadbaj o zdrowie i wygod\u0119 Twojego dziecka! Urocza butelka na wod\u0119 o pojemno\u015bci 300 ml idealna dla ka\u017cdego malucha. Pomo\u017ce Twojemu dziecku w wypiciu odpowiedniej ilo\u015bci wody w ci\u0105gu dnia! Wykorzystany<br \/><a class=\"more-link\" href=\"https:\/\/bobimarket.pl\/index.php\/produkt\/butelka-bidon-na-wode-dla-dzieci-free-bpa-300ml\/\"><br \/>\n        Czytaj wi\u0119cej<span class=\"screen-reader-text\"> &#8222;BUTELKA BIDON NA WOD\u0118 DLA DZIECI Free BPA 300ml&#8221;<\/span><\/a><\/p>\n","protected":false},"featured_media":97120,"template":"","meta":[],"product_cat":[8381],"product_tag":[],"yoast_head":"<!-- This site is optimized with the Yoast SEO plugin v21.0 - https:\/\/yoast.com\/wordpress\/plugins\/seo\/ -->\n<title>BUTELKA BIDON NA WOD\u0118 DLA DZIECI Free BPA 300ml - BOBIMARKET.pl - Remontuj i urz\u0105dzaj z nami<\/title>\n<meta name=\"robots\" content=\"index, follow, max-snippet:-1, max-image-preview:large, max-video-preview:-1\" \/>\n<link rel=\"canonical\" href=\"https:\/\/bobimarket.pl\/index.php\/produkt\/butelka-bidon-na-wode-dla-dzieci-free-bpa-300ml\/\" \/>\n<meta property=\"og:locale\" content=\"pl_PL\" \/>\n<meta property=\"og:type\" content=\"article\" \/>\n<meta property=\"og:title\" content=\"BUTELKA BIDON NA WOD\u0118 DLA DZIECI Free BPA 300ml - BOBIMARKET.pl - Remontuj i urz\u0105dzaj z nami\" \/>\n<meta property=\"og:description\" content=\"BUTELKA BIDON NA WOD\u0118 DLA DZIECI Free BPA 300ml Informacje og\u00f3lne: Wysoko\u015b\u0107: 15 cm \u015arednica dna: 5,5cm Pojemno\u015b\u0107: 500 ml Materia\u0142: tworzywo BPA FREE Zadbaj o zdrowie i wygod\u0119 Twojego dziecka! Urocza butelka na wod\u0119 o pojemno\u015bci 300 ml idealna dla ka\u017cdego malucha. Pomo\u017ce Twojemu dziecku w wypiciu odpowiedniej ilo\u015bci wody w ci\u0105gu dnia! Wykorzystany     Czytaj wi\u0119cej &quot;BUTELKA BIDON NA WOD\u0118 DLA DZIECI Free BPA 300ml&quot;\" \/>\n<meta property=\"og:url\" content=\"https:\/\/bobimarket.pl\/index.php\/produkt\/butelka-bidon-na-wode-dla-dzieci-free-bpa-300ml\/\" \/>\n<meta property=\"og:site_name\" content=\"BOBIMARKET.pl - Remontuj i urz\u0105dzaj z nami\" \/>\n<meta property=\"article:modified_time\" content=\"2025-02-27T16:33:10+00:00\" \/>\n<meta property=\"og:image\" content=\"https:\/\/upload.cdn.baselinker.com\/products\/14476\/6c30ab08ca3720af495b196d0e93e355.jpg\" \/>\n<meta name=\"twitter:card\" content=\"summary_large_image\" \/>\n<meta name=\"twitter:label1\" content=\"Szacowany czas czytania\" \/>\n\t<meta name=\"twitter:data1\" content=\"2 minuty\" \/>\n<script type=\"application\/ld+json\" class=\"yoast-schema-graph\">{\"@context\":\"https:\/\/schema.org\",\"@graph\":[{\"@type\":\"WebPage\",\"@id\":\"https:\/\/bobimarket.pl\/index.php\/produkt\/butelka-bidon-na-wode-dla-dzieci-free-bpa-300ml\/\",\"url\":\"https:\/\/bobimarket.pl\/index.php\/produkt\/butelka-bidon-na-wode-dla-dzieci-free-bpa-300ml\/\",\"name\":\"BUTELKA BIDON NA WOD\u0118 DLA DZIECI Free BPA 300ml - BOBIMARKET.pl - Remontuj i urz\u0105dzaj z nami\",\"isPartOf\":{\"@id\":\"https:\/\/bobimarket.pl\/#website\"},\"datePublished\":\"2023-08-30T12:17:27+00:00\",\"dateModified\":\"2025-02-27T16:33:10+00:00\",\"breadcrumb\":{\"@id\":\"https:\/\/bobimarket.pl\/index.php\/produkt\/butelka-bidon-na-wode-dla-dzieci-free-bpa-300ml\/#breadcrumb\"},\"inLanguage\":\"pl-PL\",\"potentialAction\":[{\"@type\":\"ReadAction\",\"target\":[\"https:\/\/bobimarket.pl\/index.php\/produkt\/butelka-bidon-na-wode-dla-dzieci-free-bpa-300ml\/\"]}]},{\"@type\":\"BreadcrumbList\",\"@id\":\"https:\/\/bobimarket.pl\/index.php\/produkt\/butelka-bidon-na-wode-dla-dzieci-free-bpa-300ml\/#breadcrumb\",\"itemListElement\":[{\"@type\":\"ListItem\",\"position\":1,\"name\":\"Strona g\u0142\u00f3wna\",\"item\":\"https:\/\/bobimarket.pl\/\"},{\"@type\":\"ListItem\",\"position\":2,\"name\":\"Sklep\",\"item\":\"https:\/\/bobimarket.pl\/index.php\/shop\/\"},{\"@type\":\"ListItem\",\"position\":3,\"name\":\"BUTELKA BIDON NA WOD\u0118 DLA DZIECI Free BPA 300ml\"}]},{\"@type\":\"WebSite\",\"@id\":\"https:\/\/bobimarket.pl\/#website\",\"url\":\"https:\/\/bobimarket.pl\/\",\"name\":\"BOBIMARKET.pl - Remontuj i urz\u0105dzaj z nami\",\"description\":\"Remontuj i urz\u0105dzaj z nami\",\"publisher\":{\"@id\":\"https:\/\/bobimarket.pl\/#organization\"},\"potentialAction\":[{\"@type\":\"SearchAction\",\"target\":{\"@type\":\"EntryPoint\",\"urlTemplate\":\"https:\/\/bobimarket.pl\/?s={search_term_string}\"},\"query-input\":\"required name=search_term_string\"}],\"inLanguage\":\"pl-PL\"},{\"@type\":\"Organization\",\"@id\":\"https:\/\/bobimarket.pl\/#organization\",\"name\":\"BOBIMARKET.pl\",\"url\":\"https:\/\/bobimarket.pl\/\",\"logo\":{\"@type\":\"ImageObject\",\"inLanguage\":\"pl-PL\",\"@id\":\"https:\/\/bobimarket.pl\/#\/schema\/logo\/image\/\",\"url\":\"https:\/\/bobimarket.pl\/wp-content\/uploads\/2021\/11\/slogan.png\",\"contentUrl\":\"https:\/\/bobimarket.pl\/wp-content\/uploads\/2021\/11\/slogan.png\",\"width\":2000,\"height\":384,\"caption\":\"BOBIMARKET.pl\"},\"image\":{\"@id\":\"https:\/\/bobimarket.pl\/#\/schema\/logo\/image\/\"}}]}<\/script>\n<!-- \/ Yoast SEO plugin. -->","yoast_head_json":{"title":"BUTELKA BIDON NA WOD\u0118 DLA DZIECI Free BPA 300ml - BOBIMARKET.pl - Remontuj i urz\u0105dzaj z nami","robots":{"index":"index","follow":"follow","max-snippet":"max-snippet:-1","max-image-preview":"max-image-preview:large","max-video-preview":"max-video-preview:-1"},"canonical":"https:\/\/bobimarket.pl\/index.php\/produkt\/butelka-bidon-na-wode-dla-dzieci-free-bpa-300ml\/","og_locale":"pl_PL","og_type":"article","og_title":"BUTELKA BIDON NA WOD\u0118 DLA DZIECI Free BPA 300ml - BOBIMARKET.pl - Remontuj i urz\u0105dzaj z nami","og_description":"BUTELKA BIDON NA WOD\u0118 DLA DZIECI Free BPA 300ml Informacje og\u00f3lne: Wysoko\u015b\u0107: 15 cm \u015arednica dna: 5,5cm Pojemno\u015b\u0107: 500 ml Materia\u0142: tworzywo BPA FREE Zadbaj o zdrowie i wygod\u0119 Twojego dziecka! Urocza butelka na wod\u0119 o pojemno\u015bci 300 ml idealna dla ka\u017cdego malucha. Pomo\u017ce Twojemu dziecku w wypiciu odpowiedniej ilo\u015bci wody w ci\u0105gu dnia! Wykorzystany     Czytaj wi\u0119cej \"BUTELKA BIDON NA WOD\u0118 DLA DZIECI Free BPA 300ml\"","og_url":"https:\/\/bobimarket.pl\/index.php\/produkt\/butelka-bidon-na-wode-dla-dzieci-free-bpa-300ml\/","og_site_name":"BOBIMARKET.pl - Remontuj i urz\u0105dzaj z nami","article_modified_time":"2025-02-27T16:33:10+00:00","og_image":[{"url":"https:\/\/upload.cdn.baselinker.com\/products\/14476\/6c30ab08ca3720af495b196d0e93e355.jpg"}],"twitter_card":"summary_large_image","twitter_misc":{"Szacowany czas czytania":"2 minuty"},"schema":{"@context":"https:\/\/schema.org","@graph":[{"@type":"WebPage","@id":"https:\/\/bobimarket.pl\/index.php\/produkt\/butelka-bidon-na-wode-dla-dzieci-free-bpa-300ml\/","url":"https:\/\/bobimarket.pl\/index.php\/produkt\/butelka-bidon-na-wode-dla-dzieci-free-bpa-300ml\/","name":"BUTELKA BIDON NA WOD\u0118 DLA DZIECI Free BPA 300ml - BOBIMARKET.pl - Remontuj i urz\u0105dzaj z nami","isPartOf":{"@id":"https:\/\/bobimarket.pl\/#website"},"datePublished":"2023-08-30T12:17:27+00:00","dateModified":"2025-02-27T16:33:10+00:00","breadcrumb":{"@id":"https:\/\/bobimarket.pl\/index.php\/produkt\/butelka-bidon-na-wode-dla-dzieci-free-bpa-300ml\/#breadcrumb"},"inLanguage":"pl-PL","potentialAction":[{"@type":"ReadAction","target":["https:\/\/bobimarket.pl\/index.php\/produkt\/butelka-bidon-na-wode-dla-dzieci-free-bpa-300ml\/"]}]},{"@type":"BreadcrumbList","@id":"https:\/\/bobimarket.pl\/index.php\/produkt\/butelka-bidon-na-wode-dla-dzieci-free-bpa-300ml\/#breadcrumb","itemListElement":[{"@type":"ListItem","position":1,"name":"Strona g\u0142\u00f3wna","item":"https:\/\/bobimarket.pl\/"},{"@type":"ListItem","position":2,"name":"Sklep","item":"https:\/\/bobimarket.pl\/index.php\/shop\/"},{"@type":"ListItem","position":3,"name":"BUTELKA BIDON NA WOD\u0118 DLA DZIECI Free BPA 300ml"}]},{"@type":"WebSite","@id":"https:\/\/bobimarket.pl\/#website","url":"https:\/\/bobimarket.pl\/","name":"BOBIMARKET.pl - Remontuj i urz\u0105dzaj z nami","description":"Remontuj i urz\u0105dzaj z nami","publisher":{"@id":"https:\/\/bobimarket.pl\/#organization"},"potentialAction":[{"@type":"SearchAction","target":{"@type":"EntryPoint","urlTemplate":"https:\/\/bobimarket.pl\/?s={search_term_string}"},"query-input":"required name=search_term_string"}],"inLanguage":"pl-PL"},{"@type":"Organization","@id":"https:\/\/bobimarket.pl\/#organization","name":"BOBIMARKET.pl","url":"https:\/\/bobimarket.pl\/","logo":{"@type":"ImageObject","inLanguage":"pl-PL","@id":"https:\/\/bobimarket.pl\/#\/schema\/logo\/image\/","url":"https:\/\/bobimarket.pl\/wp-content\/uploads\/2021\/11\/slogan.png","contentUrl":"https:\/\/bobimarket.pl\/wp-content\/uploads\/2021\/11\/slogan.png","width":2000,"height":384,"caption":"BOBIMARKET.pl"},"image":{"@id":"https:\/\/bobimarket.pl\/#\/schema\/logo\/image\/"}}]}},"_links":{"self":[{"href":"https:\/\/bobimarket.pl\/index.php\/wp-json\/wp\/v2\/product\/97122"}],"collection":[{"href":"https:\/\/bobimarket.pl\/index.php\/wp-json\/wp\/v2\/product"}],"about":[{"href":"https:\/\/bobimarket.pl\/index.php\/wp-json\/wp\/v2\/types\/product"}],"wp:featuredmedia":[{"embeddable":true,"href":"https:\/\/bobimarket.pl\/index.php\/wp-json\/wp\/v2\/media\/97120"}],"wp:attachment":[{"href":"https:\/\/bobimarket.pl\/index.php\/wp-json\/wp\/v2\/media?parent=97122"}],"wp:term":[{"taxonomy":"product_cat","embeddable":true,"href":"https:\/\/bobimarket.pl\/index.php\/wp-json\/wp\/v2\/product_cat?post=97122"},{"taxonomy":"product_tag","embeddable":true,"href":"https:\/\/bobimarket.pl\/index.php\/wp-json\/wp\/v2\/product_tag?post=97122"}],"curies":[{"name":"wp","href":"https:\/\/api.w.org\/{rel}","templated":true}]}}