{"id":97128,"date":"2023-08-30T12:18:17","date_gmt":"2023-08-30T12:18:17","guid":{"rendered":"https:\/\/bobimarket.pl\/index.php\/produkt\/pojemnik-kubek-na-jogurt-musli-z-lyzeczka-600-ml-3\/"},"modified":"2025-02-27T16:33:14","modified_gmt":"2025-02-27T16:33:14","slug":"pojemnik-kubek-na-jogurt-musli-z-lyzeczka-600-ml-3","status":"publish","type":"product","link":"https:\/\/bobimarket.pl\/index.php\/produkt\/pojemnik-kubek-na-jogurt-musli-z-lyzeczka-600-ml-3\/","title":{"rendered":"POJEMNIK KUBEK NA JOGURT MUSLI Z \u0141Y\u017bECZK\u0104 600 ml"},"content":{"rendered":"<section class=\"section\">\n<div class=\"item item-12\">\n<section class=\"text-item\">\n<h2>POJEMNIK KUBEK NA JOGURT MUSLI Z \u0141Y\u017bECZK\u0104 600 ml<\/h2>\n<p><b>Informacje og\u00f3lne: <\/b><\/p>\n<ul>\n<li>Pojemno\u015b\u0107:<b> 600 ml<\/b><\/li>\n<li>Wysoko\u015b\u0107: <b>17,5 cm<\/b><\/li>\n<li>\u015arednica podstawy: <b>6,7 cm<\/b><\/li>\n<li>\u015arednica w najszerszym miejscu: <b>9 cm<\/b><\/li>\n<li>Nie zawiera\u00a0bisfenol <b>(BPA FREE)<\/b><\/li>\n<\/ul>\n<p>\u2705 Pojemnik sk\u0142ada si\u0119 z nast\u0119puj\u0105cych element\u00f3w:<\/p>\n<ul>\n<li>kubka<\/li>\n<li>zakr\u0119tki<\/li>\n<li>\u0142y\u017ceczki<\/li>\n<li>miski na dodatki ( np. p\u0142atki, owoce, dresingi do sa\u0142atki).<\/li>\n<\/ul>\n<\/section><\/div>\n<\/section>\n<section class=\"section\">\n<div class=\"item item-12\">\n<section class=\"image-item\">\n            <img decoding=\"async\" src=\"https:\/\/upload.cdn.baselinker.com\/products\/14476\/439ce3f4f6a24685fc581b2701b0f029.jpg\" \/><br \/>\n        <\/section>\n<\/p><\/div>\n<\/section>\n<section class=\"section\">\n<div class=\"item item-12\">\n<section class=\"text-item\">\n<h2>Praktyczny kubek do przechowywania \u017cywno\u015bci, kt\u00f3ry mo\u017cna wsz\u0119dzie ze sob\u0105 zabra\u0107!<\/h2>\n<p>Pojemnik na \u017cywno\u015b\u0107 o wszechstronnym zastosowaniu. Jego ogromn\u0105 zalet\u0105 s\u0105<b> dwie przegrody,<\/b> kt\u00f3re pozwalaj\u0105 na przechowywanie zbilansowanego i r\u00f3\u017cnorodnego posi\u0142ku, co wa\u017cne nie przecieka mi\u0119dzy sekcjami. Pojemnik doskonale<b> sprawdzi si\u0119 zar\u00f3wno u dzieci jak i doros\u0142ych. <\/b>Dobrze le\u017cy w d\u0142oni i jest lekki.<\/p>\n<ul>\n<li>Pojemnik wykonano z <b>wytrzyma\u0142ego tworzywa<\/b>, co b\u0119dzie owocowa\u0142o d\u0142ugim okresem u\u017cytkowania. Ponadto do produkcji u\u017cyto materia\u0142y, kt\u00f3re nie zawieraj\u0105 szkodliwych zwi\u0105zk\u00f3w chemicznych <b>(BPA FREE)!<\/b><\/li>\n<\/ul>\n<\/section><\/div>\n<\/section>\n<section class=\"section\">\n<div class=\"item item-12\">\n<section class=\"image-item\">\n            <img decoding=\"async\" src=\"https:\/\/upload.cdn.baselinker.com\/products\/14476\/b6f3616b3969ef10ec5c18a111cb54d1.jpg\" \/><br \/>\n        <\/section>\n<\/p><\/div>\n<\/section>\n<section class=\"section\">\n<div class=\"item item-12\">\n<section class=\"text-item\">\n<h2>Nie obawiaj si\u0119, \u017ce pojemnik b\u0119dzie sta\u0142 bezu\u017cytecznie!<\/h2>\n<p>\u015awietnie nadaje si\u0119 do artyku\u0142\u00f3w sypkich, ale nie tylko. Pojemnik jest dwupoziomowy, \u0142atwo mo\u017cemy oddzieli\u0107 dodatki od jogurtu. Mo\u017cna do niego <b>spakowa\u0107 pe\u0142nowarto\u015bciowe drugie \u015bniadanie<\/b> dla dziecka do szko\u0142y, ale nie tylko.<\/p>\n<ul>\n<li>Idealny <b>do musli lub granoli po\u0142\u0105czonej z ulubionym jogurtem.<\/b> Oddzielny pojemnik na p\u0142atki zbo\u017cowe sprawi, \u017ce wybrane przez Ciebie p\u0142atki i owoce b\u0119d\u0105 \u0142adne i \u015bwie\u017ce. Dodatki nie b\u0119d\u0105 rozmok\u0142e, gdy nadejdzie pora na przerw\u0119 na lunch.<\/li>\n<li>\u015awietny dla os\u00f3b prowadz\u0105cych<b> zdrowy tryb \u017cycia lub przygotowuj\u0105cych swoje posi\u0142ki w domu.\u00a0<\/b> Ciesz si\u0119 \u015bwie\u017cym muesli lub sa\u0142atk\u0105\u00a0 w pracy, podczas uprawiania sportu, na wycieczce lub w szkole.<\/li>\n<\/ul>\n<\/section><\/div>\n<\/section>\n<section class=\"section\">\n<div class=\"item item-12\">\n<section class=\"image-item\">\n            <img decoding=\"async\" src=\"https:\/\/upload.cdn.baselinker.com\/products\/14476\/f9222bc263a0b7b907716b78f0d65a78.jpg\" \/><br \/>\n        <\/section>\n<\/p><\/div>\n<\/section>\n<section class=\"section\">\n<div class=\"item item-12\">\n<section class=\"text-item\">\n<p>\u2705 <b>Pojemnik jest dwupoziomowy<\/b>, \u0142atwo mo\u017cemy oddzieli\u0107 dodatki od jogurtu czy sk\u0142adniki sa\u0142atek. Kubek\u00a0 pozwala na przechowywanie zbilansowanego i r\u00f3\u017cnorodnego posi\u0142ku. Pojemnik doskonale sprawdzi si\u0119 zar\u00f3wno u dzieci jak i doros\u0142ych.<\/p>\n<p>\u2705 Do kubka do\u0142\u0105czona jest<b> \u0142y\u017ceczka<\/b>, jest ona mocowana do zakr\u0119tki. \u0141y\u017ceczka znajduje si\u0119 w etui, co zabezpiecza j\u0105 podczas transportu i zwi\u0119ksza higien\u0119. \u0141y\u017ceczka mo\u017ce pe\u0142ni\u0107 r\u00f3wnie\u017c <b>funkcj\u0119 widelca<\/b> ( na ko\u0144cu posiada ma\u0142e z\u0105bki).<\/p>\n<p>\u2705 <b>Mo\u017cna go ze sob\u0105 zabra\u0107 do:<\/b><\/p>\n<ul>\n<li>szko\u0142y<\/li>\n<li>pracy<\/li>\n<li>na uczelni\u0119<\/li>\n<li>na wycieczk\u0119<\/li>\n<li>i gdzie tylko chcesz.<\/li>\n<\/ul>\n<\/section><\/div>\n<\/section>\n","protected":false},"excerpt":{"rendered":"<p>POJEMNIK KUBEK NA JOGURT MUSLI Z \u0141Y\u017bECZK\u0104 600 ml Informacje og\u00f3lne: Pojemno\u015b\u0107: 600 ml Wysoko\u015b\u0107: 17,5 cm \u015arednica podstawy: 6,7 cm \u015arednica w najszerszym miejscu: 9 cm Nie zawiera\u00a0bisfenol (BPA FREE) \u2705 Pojemnik sk\u0142ada si\u0119 z nast\u0119puj\u0105cych element\u00f3w: kubka zakr\u0119tki \u0142y\u017ceczki miski na dodatki ( np. p\u0142atki, owoce, dresingi do sa\u0142atki). Praktyczny kubek do przechowywania<br \/><a class=\"more-link\" href=\"https:\/\/bobimarket.pl\/index.php\/produkt\/pojemnik-kubek-na-jogurt-musli-z-lyzeczka-600-ml-3\/\"><br \/>\n        Czytaj wi\u0119cej<span class=\"screen-reader-text\"> &#8222;POJEMNIK KUBEK NA JOGURT MUSLI Z \u0141Y\u017bECZK\u0104 600 ml&#8221;<\/span><\/a><\/p>\n","protected":false},"featured_media":97123,"template":"","meta":[],"product_cat":[8070],"product_tag":[],"yoast_head":"<!-- This site is optimized with the Yoast SEO plugin v21.0 - https:\/\/yoast.com\/wordpress\/plugins\/seo\/ -->\n<title>POJEMNIK KUBEK NA JOGURT MUSLI Z \u0141Y\u017bECZK\u0104 600 ml - BOBIMARKET.pl - Remontuj i urz\u0105dzaj z nami<\/title>\n<meta name=\"robots\" content=\"index, follow, max-snippet:-1, max-image-preview:large, max-video-preview:-1\" \/>\n<link rel=\"canonical\" href=\"https:\/\/bobimarket.pl\/index.php\/produkt\/pojemnik-kubek-na-jogurt-musli-z-lyzeczka-600-ml-3\/\" \/>\n<meta property=\"og:locale\" content=\"pl_PL\" \/>\n<meta property=\"og:type\" content=\"article\" \/>\n<meta property=\"og:title\" content=\"POJEMNIK KUBEK NA JOGURT MUSLI Z \u0141Y\u017bECZK\u0104 600 ml - BOBIMARKET.pl - Remontuj i urz\u0105dzaj z nami\" \/>\n<meta property=\"og:description\" content=\"POJEMNIK KUBEK NA JOGURT MUSLI Z \u0141Y\u017bECZK\u0104 600 ml Informacje og\u00f3lne: Pojemno\u015b\u0107: 600 ml Wysoko\u015b\u0107: 17,5 cm \u015arednica podstawy: 6,7 cm \u015arednica w najszerszym miejscu: 9 cm Nie zawiera\u00a0bisfenol (BPA FREE) \u2705 Pojemnik sk\u0142ada si\u0119 z nast\u0119puj\u0105cych element\u00f3w: kubka zakr\u0119tki \u0142y\u017ceczki miski na dodatki ( np. p\u0142atki, owoce, dresingi do sa\u0142atki). Praktyczny kubek do przechowywania     Czytaj wi\u0119cej &quot;POJEMNIK KUBEK NA JOGURT MUSLI Z \u0141Y\u017bECZK\u0104 600 ml&quot;\" \/>\n<meta property=\"og:url\" content=\"https:\/\/bobimarket.pl\/index.php\/produkt\/pojemnik-kubek-na-jogurt-musli-z-lyzeczka-600-ml-3\/\" \/>\n<meta property=\"og:site_name\" content=\"BOBIMARKET.pl - Remontuj i urz\u0105dzaj z nami\" \/>\n<meta property=\"article:modified_time\" content=\"2025-02-27T16:33:14+00:00\" \/>\n<meta property=\"og:image\" content=\"https:\/\/upload.cdn.baselinker.com\/products\/14476\/439ce3f4f6a24685fc581b2701b0f029.jpg\" \/>\n<meta name=\"twitter:card\" content=\"summary_large_image\" \/>\n<meta name=\"twitter:label1\" content=\"Szacowany czas czytania\" \/>\n\t<meta name=\"twitter:data1\" content=\"2 minuty\" \/>\n<script type=\"application\/ld+json\" class=\"yoast-schema-graph\">{\"@context\":\"https:\/\/schema.org\",\"@graph\":[{\"@type\":\"WebPage\",\"@id\":\"https:\/\/bobimarket.pl\/index.php\/produkt\/pojemnik-kubek-na-jogurt-musli-z-lyzeczka-600-ml-3\/\",\"url\":\"https:\/\/bobimarket.pl\/index.php\/produkt\/pojemnik-kubek-na-jogurt-musli-z-lyzeczka-600-ml-3\/\",\"name\":\"POJEMNIK KUBEK NA JOGURT MUSLI Z \u0141Y\u017bECZK\u0104 600 ml - BOBIMARKET.pl - Remontuj i urz\u0105dzaj z nami\",\"isPartOf\":{\"@id\":\"https:\/\/bobimarket.pl\/#website\"},\"datePublished\":\"2023-08-30T12:18:17+00:00\",\"dateModified\":\"2025-02-27T16:33:14+00:00\",\"breadcrumb\":{\"@id\":\"https:\/\/bobimarket.pl\/index.php\/produkt\/pojemnik-kubek-na-jogurt-musli-z-lyzeczka-600-ml-3\/#breadcrumb\"},\"inLanguage\":\"pl-PL\",\"potentialAction\":[{\"@type\":\"ReadAction\",\"target\":[\"https:\/\/bobimarket.pl\/index.php\/produkt\/pojemnik-kubek-na-jogurt-musli-z-lyzeczka-600-ml-3\/\"]}]},{\"@type\":\"BreadcrumbList\",\"@id\":\"https:\/\/bobimarket.pl\/index.php\/produkt\/pojemnik-kubek-na-jogurt-musli-z-lyzeczka-600-ml-3\/#breadcrumb\",\"itemListElement\":[{\"@type\":\"ListItem\",\"position\":1,\"name\":\"Strona g\u0142\u00f3wna\",\"item\":\"https:\/\/bobimarket.pl\/\"},{\"@type\":\"ListItem\",\"position\":2,\"name\":\"Sklep\",\"item\":\"https:\/\/bobimarket.pl\/index.php\/shop\/\"},{\"@type\":\"ListItem\",\"position\":3,\"name\":\"POJEMNIK KUBEK NA JOGURT MUSLI Z \u0141Y\u017bECZK\u0104 600 ml\"}]},{\"@type\":\"WebSite\",\"@id\":\"https:\/\/bobimarket.pl\/#website\",\"url\":\"https:\/\/bobimarket.pl\/\",\"name\":\"BOBIMARKET.pl - Remontuj i urz\u0105dzaj z nami\",\"description\":\"Remontuj i urz\u0105dzaj z nami\",\"publisher\":{\"@id\":\"https:\/\/bobimarket.pl\/#organization\"},\"potentialAction\":[{\"@type\":\"SearchAction\",\"target\":{\"@type\":\"EntryPoint\",\"urlTemplate\":\"https:\/\/bobimarket.pl\/?s={search_term_string}\"},\"query-input\":\"required name=search_term_string\"}],\"inLanguage\":\"pl-PL\"},{\"@type\":\"Organization\",\"@id\":\"https:\/\/bobimarket.pl\/#organization\",\"name\":\"BOBIMARKET.pl\",\"url\":\"https:\/\/bobimarket.pl\/\",\"logo\":{\"@type\":\"ImageObject\",\"inLanguage\":\"pl-PL\",\"@id\":\"https:\/\/bobimarket.pl\/#\/schema\/logo\/image\/\",\"url\":\"https:\/\/bobimarket.pl\/wp-content\/uploads\/2021\/11\/slogan.png\",\"contentUrl\":\"https:\/\/bobimarket.pl\/wp-content\/uploads\/2021\/11\/slogan.png\",\"width\":2000,\"height\":384,\"caption\":\"BOBIMARKET.pl\"},\"image\":{\"@id\":\"https:\/\/bobimarket.pl\/#\/schema\/logo\/image\/\"}}]}<\/script>\n<!-- \/ Yoast SEO plugin. -->","yoast_head_json":{"title":"POJEMNIK KUBEK NA JOGURT MUSLI Z \u0141Y\u017bECZK\u0104 600 ml - BOBIMARKET.pl - Remontuj i urz\u0105dzaj z nami","robots":{"index":"index","follow":"follow","max-snippet":"max-snippet:-1","max-image-preview":"max-image-preview:large","max-video-preview":"max-video-preview:-1"},"canonical":"https:\/\/bobimarket.pl\/index.php\/produkt\/pojemnik-kubek-na-jogurt-musli-z-lyzeczka-600-ml-3\/","og_locale":"pl_PL","og_type":"article","og_title":"POJEMNIK KUBEK NA JOGURT MUSLI Z \u0141Y\u017bECZK\u0104 600 ml - BOBIMARKET.pl - Remontuj i urz\u0105dzaj z nami","og_description":"POJEMNIK KUBEK NA JOGURT MUSLI Z \u0141Y\u017bECZK\u0104 600 ml Informacje og\u00f3lne: Pojemno\u015b\u0107: 600 ml Wysoko\u015b\u0107: 17,5 cm \u015arednica podstawy: 6,7 cm \u015arednica w najszerszym miejscu: 9 cm Nie zawiera\u00a0bisfenol (BPA FREE) \u2705 Pojemnik sk\u0142ada si\u0119 z nast\u0119puj\u0105cych element\u00f3w: kubka zakr\u0119tki \u0142y\u017ceczki miski na dodatki ( np. p\u0142atki, owoce, dresingi do sa\u0142atki). Praktyczny kubek do przechowywania     Czytaj wi\u0119cej \"POJEMNIK KUBEK NA JOGURT MUSLI Z \u0141Y\u017bECZK\u0104 600 ml\"","og_url":"https:\/\/bobimarket.pl\/index.php\/produkt\/pojemnik-kubek-na-jogurt-musli-z-lyzeczka-600-ml-3\/","og_site_name":"BOBIMARKET.pl - Remontuj i urz\u0105dzaj z nami","article_modified_time":"2025-02-27T16:33:14+00:00","og_image":[{"url":"https:\/\/upload.cdn.baselinker.com\/products\/14476\/439ce3f4f6a24685fc581b2701b0f029.jpg"}],"twitter_card":"summary_large_image","twitter_misc":{"Szacowany czas czytania":"2 minuty"},"schema":{"@context":"https:\/\/schema.org","@graph":[{"@type":"WebPage","@id":"https:\/\/bobimarket.pl\/index.php\/produkt\/pojemnik-kubek-na-jogurt-musli-z-lyzeczka-600-ml-3\/","url":"https:\/\/bobimarket.pl\/index.php\/produkt\/pojemnik-kubek-na-jogurt-musli-z-lyzeczka-600-ml-3\/","name":"POJEMNIK KUBEK NA JOGURT MUSLI Z \u0141Y\u017bECZK\u0104 600 ml - BOBIMARKET.pl - Remontuj i urz\u0105dzaj z nami","isPartOf":{"@id":"https:\/\/bobimarket.pl\/#website"},"datePublished":"2023-08-30T12:18:17+00:00","dateModified":"2025-02-27T16:33:14+00:00","breadcrumb":{"@id":"https:\/\/bobimarket.pl\/index.php\/produkt\/pojemnik-kubek-na-jogurt-musli-z-lyzeczka-600-ml-3\/#breadcrumb"},"inLanguage":"pl-PL","potentialAction":[{"@type":"ReadAction","target":["https:\/\/bobimarket.pl\/index.php\/produkt\/pojemnik-kubek-na-jogurt-musli-z-lyzeczka-600-ml-3\/"]}]},{"@type":"BreadcrumbList","@id":"https:\/\/bobimarket.pl\/index.php\/produkt\/pojemnik-kubek-na-jogurt-musli-z-lyzeczka-600-ml-3\/#breadcrumb","itemListElement":[{"@type":"ListItem","position":1,"name":"Strona g\u0142\u00f3wna","item":"https:\/\/bobimarket.pl\/"},{"@type":"ListItem","position":2,"name":"Sklep","item":"https:\/\/bobimarket.pl\/index.php\/shop\/"},{"@type":"ListItem","position":3,"name":"POJEMNIK KUBEK NA JOGURT MUSLI Z \u0141Y\u017bECZK\u0104 600 ml"}]},{"@type":"WebSite","@id":"https:\/\/bobimarket.pl\/#website","url":"https:\/\/bobimarket.pl\/","name":"BOBIMARKET.pl - Remontuj i urz\u0105dzaj z nami","description":"Remontuj i urz\u0105dzaj z nami","publisher":{"@id":"https:\/\/bobimarket.pl\/#organization"},"potentialAction":[{"@type":"SearchAction","target":{"@type":"EntryPoint","urlTemplate":"https:\/\/bobimarket.pl\/?s={search_term_string}"},"query-input":"required name=search_term_string"}],"inLanguage":"pl-PL"},{"@type":"Organization","@id":"https:\/\/bobimarket.pl\/#organization","name":"BOBIMARKET.pl","url":"https:\/\/bobimarket.pl\/","logo":{"@type":"ImageObject","inLanguage":"pl-PL","@id":"https:\/\/bobimarket.pl\/#\/schema\/logo\/image\/","url":"https:\/\/bobimarket.pl\/wp-content\/uploads\/2021\/11\/slogan.png","contentUrl":"https:\/\/bobimarket.pl\/wp-content\/uploads\/2021\/11\/slogan.png","width":2000,"height":384,"caption":"BOBIMARKET.pl"},"image":{"@id":"https:\/\/bobimarket.pl\/#\/schema\/logo\/image\/"}}]}},"_links":{"self":[{"href":"https:\/\/bobimarket.pl\/index.php\/wp-json\/wp\/v2\/product\/97128"}],"collection":[{"href":"https:\/\/bobimarket.pl\/index.php\/wp-json\/wp\/v2\/product"}],"about":[{"href":"https:\/\/bobimarket.pl\/index.php\/wp-json\/wp\/v2\/types\/product"}],"wp:featuredmedia":[{"embeddable":true,"href":"https:\/\/bobimarket.pl\/index.php\/wp-json\/wp\/v2\/media\/97123"}],"wp:attachment":[{"href":"https:\/\/bobimarket.pl\/index.php\/wp-json\/wp\/v2\/media?parent=97128"}],"wp:term":[{"taxonomy":"product_cat","embeddable":true,"href":"https:\/\/bobimarket.pl\/index.php\/wp-json\/wp\/v2\/product_cat?post=97128"},{"taxonomy":"product_tag","embeddable":true,"href":"https:\/\/bobimarket.pl\/index.php\/wp-json\/wp\/v2\/product_tag?post=97128"}],"curies":[{"name":"wp","href":"https:\/\/api.w.org\/{rel}","templated":true}]}}