{"id":97145,"date":"2023-08-30T12:19:36","date_gmt":"2023-08-30T12:19:36","guid":{"rendered":"https:\/\/bobimarket.pl\/index.php\/produkt\/sloik-pojemnik-na-przyprawy-przetwory-z-zakretka-12szt\/"},"modified":"2025-02-27T16:33:27","modified_gmt":"2025-02-27T16:33:27","slug":"sloik-pojemnik-na-przyprawy-przetwory-z-zakretka-12szt","status":"publish","type":"product","link":"https:\/\/bobimarket.pl\/index.php\/produkt\/sloik-pojemnik-na-przyprawy-przetwory-z-zakretka-12szt\/","title":{"rendered":"S\u0141OIK POJEMNIK NA PRZYPRAWY PRZETWORY Z ZAKR\u0118TK\u0104 12szt."},"content":{"rendered":"<section class=\"section\">\n<div class=\"item item-12\">\n<section class=\"text-item\">\n<h2>S\u0141OIK POJEMNIK NA PRZYPRAWY PRZETWORY Z ZAKR\u0118TK\u0104 12szt.<\/h2>\n<p><b>Informacje og\u00f3lne: <\/b><\/p>\n<ul>\n<li>Pojemno\u015b\u0107:<b> 110ml<\/b><\/li>\n<li>Wysoko\u015b\u0107 ca\u0142kowita: <b>8,5cm<\/b><\/li>\n<li>Szeroko\u015b\u0107 max: <b>5,2cm <\/b><\/li>\n<li>\u015arednica otworu: <b>3,6cm<\/b><\/li>\n<li>Materia\u0142: szk\u0142o,metal<\/li>\n<\/ul>\n<h2>Jeden s\u0142oik&#8230;wiele zastosowa\u0144!!<\/h2>\n<\/section><\/div>\n<\/section>\n<section class=\"section\">\n<div class=\"item item-12\">\n<section class=\"image-item\">\n            <img decoding=\"async\" src=\"https:\/\/upload.cdn.baselinker.com\/products\/14476\/858efd4676ddda4ce351eb9ff97ff952.jpg\" \/><br \/>\n        <\/section>\n<\/p><\/div>\n<\/section>\n<section class=\"section\">\n<div class=\"item item-12\">\n<section class=\"text-item\">\n<h2>Zoorganizuj swoj\u0105 kuchni i zadbaj o porz\u0105dek!<\/h2>\n<p>Komplet 12 stuk sze\u015bciok\u0105tnych s\u0142oiczk\u00f3w z metalow\u0105 zakr\u0119tk\u0105. S\u0142oiczki o pojemno\u015bci\u00a0 <b>110 ml idealnie sprawdz\u0105 si\u0119 na przyprawy lub przetwory\u00a0 <\/b>Pojemnik posiada zakr\u0119tke w srebnym kolorze i wype\u0142niny kolorowymi przyprawami b\u0119dzie pi\u0119knie prezentowa\u0142 si\u0119 na blacie kuchennym.<\/p>\n<ul>\n<li>S\u0142oiczek \u015bwietnie nadaj\u0119 si\u0119 na <b>przetwory, przyprawy<\/b> i inne artyku\u0142y spo\u017cywcze.<\/li>\n<li>Nape\u0142niony domow\u0105 konfitur\u0105 mo\u017ce by\u0107 s\u0142odkim <b>upominkiem<\/b> dla najbli\u017cszych.<\/li>\n<li>Nadaje si\u0119 do pasteryzacji na<b> sucho i na mokro<\/b>.<\/li>\n<li>\u00a0S\u0142oik mo\u017ce r\u00f3wnie\u017c pos\u0142u\u017cy\u0107 jako oryginalna <b>dekoracja<\/b>.<\/li>\n<\/ul>\n<\/section><\/div>\n<\/section>\n<section class=\"section\">\n<div class=\"item item-12\">\n<section class=\"image-item\">\n            <img decoding=\"async\" src=\"https:\/\/upload.cdn.baselinker.com\/products\/14476\/0ac2704765abf0e8deaa765ce5461eed.jpg\" \/><br \/>\n        <\/section>\n<\/p><\/div>\n<\/section>\n<section class=\"section\">\n<div class=\"item item-12\">\n<section class=\"text-item\">\n<p>\u2705 Posiadaj\u0105 zamkni\u0119cie na zakr\u0119tk\u0119. \u0141atwo si\u0119 zamykaj\u0105 i otwieraj\u0105!<\/p>\n<p>\u2705 Po wype\u0142nieniu kolorowymi przyprawami pojemniki nabieraj\u0105 ciekawego charakteru.<\/p>\n<p>\u2705 Kilka pojemnik\u00f3w <b>mo\u017cna uk\u0142ada\u0107 pi\u0119towo<\/b> i zaoszcz\u0119dzi\u0107 miejsce.<\/p>\n<p>\u2705 Maj\u0105\u00a0<b>prze\u017aroczyste \u015bcianki,<\/b> co pozwala szybko podejrze\u0107, co znajduje si\u0119 w \u015brodku. Widzimy r\u00f3wnie\u017c dok\u0142adn\u0105 ilo\u015b\u0107 zawarto\u015bci pojemnika.<\/p>\n<\/section><\/div>\n<\/section>\n<section class=\"section\">\n<div class=\"item item-12\">\n<section class=\"image-item\">\n            <img decoding=\"async\" src=\"https:\/\/upload.cdn.baselinker.com\/products\/14476\/6a7d6fcc27df4f048de13e499a3ec09e.jpg\" \/><br \/>\n        <\/section>\n<\/p><\/div>\n<\/section>\n<section class=\"section\">\n<div class=\"item item-12\">\n<section class=\"image-item\">\n            <img decoding=\"async\" src=\"https:\/\/upload.cdn.baselinker.com\/products\/14476\/07989d0483e45b45b7ccea3e8c0ebf70.jpg\" \/><br \/>\n        <\/section>\n<\/p><\/div>\n<\/section>\n","protected":false},"excerpt":{"rendered":"<p>S\u0141OIK POJEMNIK NA PRZYPRAWY PRZETWORY Z ZAKR\u0118TK\u0104 12szt. Informacje og\u00f3lne: Pojemno\u015b\u0107: 110ml Wysoko\u015b\u0107 ca\u0142kowita: 8,5cm Szeroko\u015b\u0107 max: 5,2cm \u015arednica otworu: 3,6cm Materia\u0142: szk\u0142o,metal Jeden s\u0142oik&#8230;wiele zastosowa\u0144!! Zoorganizuj swoj\u0105 kuchni i zadbaj o porz\u0105dek! Komplet 12 stuk sze\u015bciok\u0105tnych s\u0142oiczk\u00f3w z metalow\u0105 zakr\u0119tk\u0105. S\u0142oiczki o pojemno\u015bci\u00a0 110 ml idealnie sprawdz\u0105 si\u0119 na przyprawy lub przetwory\u00a0 Pojemnik posiada<br \/><a class=\"more-link\" href=\"https:\/\/bobimarket.pl\/index.php\/produkt\/sloik-pojemnik-na-przyprawy-przetwory-z-zakretka-12szt\/\"><br \/>\n        Czytaj wi\u0119cej<span class=\"screen-reader-text\"> &#8222;S\u0141OIK POJEMNIK NA PRZYPRAWY PRZETWORY Z ZAKR\u0118TK\u0104 12szt.&#8221;<\/span><\/a><\/p>\n","protected":false},"featured_media":97139,"template":"","meta":[],"product_cat":[8070],"product_tag":[],"yoast_head":"<!-- This site is optimized with the Yoast SEO plugin v21.0 - https:\/\/yoast.com\/wordpress\/plugins\/seo\/ -->\n<title>S\u0141OIK POJEMNIK NA PRZYPRAWY PRZETWORY Z ZAKR\u0118TK\u0104 12szt. - BOBIMARKET.pl - Remontuj i urz\u0105dzaj z nami<\/title>\n<meta name=\"robots\" content=\"index, follow, max-snippet:-1, max-image-preview:large, max-video-preview:-1\" \/>\n<link rel=\"canonical\" href=\"https:\/\/bobimarket.pl\/index.php\/produkt\/sloik-pojemnik-na-przyprawy-przetwory-z-zakretka-12szt\/\" \/>\n<meta property=\"og:locale\" content=\"pl_PL\" \/>\n<meta property=\"og:type\" content=\"article\" \/>\n<meta property=\"og:title\" content=\"S\u0141OIK POJEMNIK NA PRZYPRAWY PRZETWORY Z ZAKR\u0118TK\u0104 12szt. - BOBIMARKET.pl - Remontuj i urz\u0105dzaj z nami\" \/>\n<meta property=\"og:description\" content=\"S\u0141OIK POJEMNIK NA PRZYPRAWY PRZETWORY Z ZAKR\u0118TK\u0104 12szt. Informacje og\u00f3lne: Pojemno\u015b\u0107: 110ml Wysoko\u015b\u0107 ca\u0142kowita: 8,5cm Szeroko\u015b\u0107 max: 5,2cm \u015arednica otworu: 3,6cm Materia\u0142: szk\u0142o,metal Jeden s\u0142oik&#8230;wiele zastosowa\u0144!! Zoorganizuj swoj\u0105 kuchni i zadbaj o porz\u0105dek! Komplet 12 stuk sze\u015bciok\u0105tnych s\u0142oiczk\u00f3w z metalow\u0105 zakr\u0119tk\u0105. S\u0142oiczki o pojemno\u015bci\u00a0 110 ml idealnie sprawdz\u0105 si\u0119 na przyprawy lub przetwory\u00a0 Pojemnik posiada     Czytaj wi\u0119cej &quot;S\u0141OIK POJEMNIK NA PRZYPRAWY PRZETWORY Z ZAKR\u0118TK\u0104 12szt.&quot;\" \/>\n<meta property=\"og:url\" content=\"https:\/\/bobimarket.pl\/index.php\/produkt\/sloik-pojemnik-na-przyprawy-przetwory-z-zakretka-12szt\/\" \/>\n<meta property=\"og:site_name\" content=\"BOBIMARKET.pl - Remontuj i urz\u0105dzaj z nami\" \/>\n<meta property=\"article:modified_time\" content=\"2025-02-27T16:33:27+00:00\" \/>\n<meta property=\"og:image\" content=\"https:\/\/upload.cdn.baselinker.com\/products\/14476\/858efd4676ddda4ce351eb9ff97ff952.jpg\" \/>\n<meta name=\"twitter:card\" content=\"summary_large_image\" \/>\n<meta name=\"twitter:label1\" content=\"Szacowany czas czytania\" \/>\n\t<meta name=\"twitter:data1\" content=\"1 minuta\" \/>\n<script type=\"application\/ld+json\" class=\"yoast-schema-graph\">{\"@context\":\"https:\/\/schema.org\",\"@graph\":[{\"@type\":\"WebPage\",\"@id\":\"https:\/\/bobimarket.pl\/index.php\/produkt\/sloik-pojemnik-na-przyprawy-przetwory-z-zakretka-12szt\/\",\"url\":\"https:\/\/bobimarket.pl\/index.php\/produkt\/sloik-pojemnik-na-przyprawy-przetwory-z-zakretka-12szt\/\",\"name\":\"S\u0141OIK POJEMNIK NA PRZYPRAWY PRZETWORY Z ZAKR\u0118TK\u0104 12szt. - BOBIMARKET.pl - Remontuj i urz\u0105dzaj z nami\",\"isPartOf\":{\"@id\":\"https:\/\/bobimarket.pl\/#website\"},\"datePublished\":\"2023-08-30T12:19:36+00:00\",\"dateModified\":\"2025-02-27T16:33:27+00:00\",\"breadcrumb\":{\"@id\":\"https:\/\/bobimarket.pl\/index.php\/produkt\/sloik-pojemnik-na-przyprawy-przetwory-z-zakretka-12szt\/#breadcrumb\"},\"inLanguage\":\"pl-PL\",\"potentialAction\":[{\"@type\":\"ReadAction\",\"target\":[\"https:\/\/bobimarket.pl\/index.php\/produkt\/sloik-pojemnik-na-przyprawy-przetwory-z-zakretka-12szt\/\"]}]},{\"@type\":\"BreadcrumbList\",\"@id\":\"https:\/\/bobimarket.pl\/index.php\/produkt\/sloik-pojemnik-na-przyprawy-przetwory-z-zakretka-12szt\/#breadcrumb\",\"itemListElement\":[{\"@type\":\"ListItem\",\"position\":1,\"name\":\"Strona g\u0142\u00f3wna\",\"item\":\"https:\/\/bobimarket.pl\/\"},{\"@type\":\"ListItem\",\"position\":2,\"name\":\"Sklep\",\"item\":\"https:\/\/bobimarket.pl\/index.php\/shop\/\"},{\"@type\":\"ListItem\",\"position\":3,\"name\":\"S\u0141OIK POJEMNIK NA PRZYPRAWY PRZETWORY Z ZAKR\u0118TK\u0104 12szt.\"}]},{\"@type\":\"WebSite\",\"@id\":\"https:\/\/bobimarket.pl\/#website\",\"url\":\"https:\/\/bobimarket.pl\/\",\"name\":\"BOBIMARKET.pl - Remontuj i urz\u0105dzaj z nami\",\"description\":\"Remontuj i urz\u0105dzaj z nami\",\"publisher\":{\"@id\":\"https:\/\/bobimarket.pl\/#organization\"},\"potentialAction\":[{\"@type\":\"SearchAction\",\"target\":{\"@type\":\"EntryPoint\",\"urlTemplate\":\"https:\/\/bobimarket.pl\/?s={search_term_string}\"},\"query-input\":\"required name=search_term_string\"}],\"inLanguage\":\"pl-PL\"},{\"@type\":\"Organization\",\"@id\":\"https:\/\/bobimarket.pl\/#organization\",\"name\":\"BOBIMARKET.pl\",\"url\":\"https:\/\/bobimarket.pl\/\",\"logo\":{\"@type\":\"ImageObject\",\"inLanguage\":\"pl-PL\",\"@id\":\"https:\/\/bobimarket.pl\/#\/schema\/logo\/image\/\",\"url\":\"https:\/\/bobimarket.pl\/wp-content\/uploads\/2021\/11\/slogan.png\",\"contentUrl\":\"https:\/\/bobimarket.pl\/wp-content\/uploads\/2021\/11\/slogan.png\",\"width\":2000,\"height\":384,\"caption\":\"BOBIMARKET.pl\"},\"image\":{\"@id\":\"https:\/\/bobimarket.pl\/#\/schema\/logo\/image\/\"}}]}<\/script>\n<!-- \/ Yoast SEO plugin. -->","yoast_head_json":{"title":"S\u0141OIK POJEMNIK NA PRZYPRAWY PRZETWORY Z ZAKR\u0118TK\u0104 12szt. - BOBIMARKET.pl - Remontuj i urz\u0105dzaj z nami","robots":{"index":"index","follow":"follow","max-snippet":"max-snippet:-1","max-image-preview":"max-image-preview:large","max-video-preview":"max-video-preview:-1"},"canonical":"https:\/\/bobimarket.pl\/index.php\/produkt\/sloik-pojemnik-na-przyprawy-przetwory-z-zakretka-12szt\/","og_locale":"pl_PL","og_type":"article","og_title":"S\u0141OIK POJEMNIK NA PRZYPRAWY PRZETWORY Z ZAKR\u0118TK\u0104 12szt. - BOBIMARKET.pl - Remontuj i urz\u0105dzaj z nami","og_description":"S\u0141OIK POJEMNIK NA PRZYPRAWY PRZETWORY Z ZAKR\u0118TK\u0104 12szt. Informacje og\u00f3lne: Pojemno\u015b\u0107: 110ml Wysoko\u015b\u0107 ca\u0142kowita: 8,5cm Szeroko\u015b\u0107 max: 5,2cm \u015arednica otworu: 3,6cm Materia\u0142: szk\u0142o,metal Jeden s\u0142oik&#8230;wiele zastosowa\u0144!! Zoorganizuj swoj\u0105 kuchni i zadbaj o porz\u0105dek! Komplet 12 stuk sze\u015bciok\u0105tnych s\u0142oiczk\u00f3w z metalow\u0105 zakr\u0119tk\u0105. S\u0142oiczki o pojemno\u015bci\u00a0 110 ml idealnie sprawdz\u0105 si\u0119 na przyprawy lub przetwory\u00a0 Pojemnik posiada     Czytaj wi\u0119cej \"S\u0141OIK POJEMNIK NA PRZYPRAWY PRZETWORY Z ZAKR\u0118TK\u0104 12szt.\"","og_url":"https:\/\/bobimarket.pl\/index.php\/produkt\/sloik-pojemnik-na-przyprawy-przetwory-z-zakretka-12szt\/","og_site_name":"BOBIMARKET.pl - Remontuj i urz\u0105dzaj z nami","article_modified_time":"2025-02-27T16:33:27+00:00","og_image":[{"url":"https:\/\/upload.cdn.baselinker.com\/products\/14476\/858efd4676ddda4ce351eb9ff97ff952.jpg"}],"twitter_card":"summary_large_image","twitter_misc":{"Szacowany czas czytania":"1 minuta"},"schema":{"@context":"https:\/\/schema.org","@graph":[{"@type":"WebPage","@id":"https:\/\/bobimarket.pl\/index.php\/produkt\/sloik-pojemnik-na-przyprawy-przetwory-z-zakretka-12szt\/","url":"https:\/\/bobimarket.pl\/index.php\/produkt\/sloik-pojemnik-na-przyprawy-przetwory-z-zakretka-12szt\/","name":"S\u0141OIK POJEMNIK NA PRZYPRAWY PRZETWORY Z ZAKR\u0118TK\u0104 12szt. - BOBIMARKET.pl - Remontuj i urz\u0105dzaj z nami","isPartOf":{"@id":"https:\/\/bobimarket.pl\/#website"},"datePublished":"2023-08-30T12:19:36+00:00","dateModified":"2025-02-27T16:33:27+00:00","breadcrumb":{"@id":"https:\/\/bobimarket.pl\/index.php\/produkt\/sloik-pojemnik-na-przyprawy-przetwory-z-zakretka-12szt\/#breadcrumb"},"inLanguage":"pl-PL","potentialAction":[{"@type":"ReadAction","target":["https:\/\/bobimarket.pl\/index.php\/produkt\/sloik-pojemnik-na-przyprawy-przetwory-z-zakretka-12szt\/"]}]},{"@type":"BreadcrumbList","@id":"https:\/\/bobimarket.pl\/index.php\/produkt\/sloik-pojemnik-na-przyprawy-przetwory-z-zakretka-12szt\/#breadcrumb","itemListElement":[{"@type":"ListItem","position":1,"name":"Strona g\u0142\u00f3wna","item":"https:\/\/bobimarket.pl\/"},{"@type":"ListItem","position":2,"name":"Sklep","item":"https:\/\/bobimarket.pl\/index.php\/shop\/"},{"@type":"ListItem","position":3,"name":"S\u0141OIK POJEMNIK NA PRZYPRAWY PRZETWORY Z ZAKR\u0118TK\u0104 12szt."}]},{"@type":"WebSite","@id":"https:\/\/bobimarket.pl\/#website","url":"https:\/\/bobimarket.pl\/","name":"BOBIMARKET.pl - Remontuj i urz\u0105dzaj z nami","description":"Remontuj i urz\u0105dzaj z nami","publisher":{"@id":"https:\/\/bobimarket.pl\/#organization"},"potentialAction":[{"@type":"SearchAction","target":{"@type":"EntryPoint","urlTemplate":"https:\/\/bobimarket.pl\/?s={search_term_string}"},"query-input":"required name=search_term_string"}],"inLanguage":"pl-PL"},{"@type":"Organization","@id":"https:\/\/bobimarket.pl\/#organization","name":"BOBIMARKET.pl","url":"https:\/\/bobimarket.pl\/","logo":{"@type":"ImageObject","inLanguage":"pl-PL","@id":"https:\/\/bobimarket.pl\/#\/schema\/logo\/image\/","url":"https:\/\/bobimarket.pl\/wp-content\/uploads\/2021\/11\/slogan.png","contentUrl":"https:\/\/bobimarket.pl\/wp-content\/uploads\/2021\/11\/slogan.png","width":2000,"height":384,"caption":"BOBIMARKET.pl"},"image":{"@id":"https:\/\/bobimarket.pl\/#\/schema\/logo\/image\/"}}]}},"_links":{"self":[{"href":"https:\/\/bobimarket.pl\/index.php\/wp-json\/wp\/v2\/product\/97145"}],"collection":[{"href":"https:\/\/bobimarket.pl\/index.php\/wp-json\/wp\/v2\/product"}],"about":[{"href":"https:\/\/bobimarket.pl\/index.php\/wp-json\/wp\/v2\/types\/product"}],"wp:featuredmedia":[{"embeddable":true,"href":"https:\/\/bobimarket.pl\/index.php\/wp-json\/wp\/v2\/media\/97139"}],"wp:attachment":[{"href":"https:\/\/bobimarket.pl\/index.php\/wp-json\/wp\/v2\/media?parent=97145"}],"wp:term":[{"taxonomy":"product_cat","embeddable":true,"href":"https:\/\/bobimarket.pl\/index.php\/wp-json\/wp\/v2\/product_cat?post=97145"},{"taxonomy":"product_tag","embeddable":true,"href":"https:\/\/bobimarket.pl\/index.php\/wp-json\/wp\/v2\/product_tag?post=97145"}],"curies":[{"name":"wp","href":"https:\/\/api.w.org\/{rel}","templated":true}]}}