{"id":97157,"date":"2023-08-30T12:21:10","date_gmt":"2023-08-30T12:21:10","guid":{"rendered":"https:\/\/bobimarket.pl\/index.php\/produkt\/etykieta-znacznik-do-roslin-ozodba-na-piku-5\/"},"modified":"2025-02-27T16:33:43","modified_gmt":"2025-02-27T16:33:43","slug":"etykieta-znacznik-do-roslin-ozodba-na-piku-5","status":"publish","type":"product","link":"https:\/\/bobimarket.pl\/index.php\/produkt\/etykieta-znacznik-do-roslin-ozodba-na-piku-5\/","title":{"rendered":"ETYKIETA ZNACZNIK DO RO\u015aLIN OZODBA NA PIKU"},"content":{"rendered":"<section class=\"section\">\n<div class=\"item item-12\">\n<section class=\"text-item\">\n<h2>ETYKIETA ZNACZNIK DO RO\u015aLIN MARCHEW NA PIKU<\/h2>\n<p><b>Informacje og\u00f3lne:\u00a0<\/b><\/p>\n<ul>\n<li>Materia\u0142: metal<\/li>\n<li>D\u0142ugo\u015b\u0107 pr\u0119ta: <b>50 cm<\/b><\/li>\n<li>Wz\u00f3r: pomidor<\/li>\n<\/ul>\n<p>Aukcja dotyczy <b>1 sztuki ozdoby<\/b>!<\/p>\n<h2>Koniecznie sprawd\u017a pozosta\u0142e aukcje, gdzie znajdziesz inne wzory ozd\u00f3b!<\/h2>\n<\/section><\/div>\n<\/section>\n<section class=\"section\">\n<div class=\"item item-12\">\n<section class=\"image-item\">\n            <img decoding=\"async\" src=\"https:\/\/upload.cdn.baselinker.com\/products\/14476\/97030c57ecdc919f7b650530e21bcfbb.jpg\" \/><br \/>\n        <\/section>\n<\/p><\/div>\n<\/section>\n<section class=\"section\">\n<div class=\"item item-12\">\n<section class=\"text-item\">\n<h1>Udekoruj sw\u00f3j warzywniak!<\/h1>\n<p>Pi\u0119kna dekoracja, kt\u00f3ra cieszy oko i jest niew\u0105tpliwie oryginalnym sposobem na upi\u0119kszenie grz\u0105dek z warzywami. Kolorowe ozdoba w kszta\u0142cie warzywa na piku, kt\u00f3re przypomina prawdziw\u0105 ro\u015blin\u0119. Doskonale wkomponuj\u0105 si\u0119 w otoczenie i stanie si\u0119 integralna cz\u0119\u015bci\u0105 ogrodu.<\/p>\n<p><b>\u2705\u00a0 Ozdoba jest \u0142atwa w monta\u017cu.<\/b><\/p>\n<p>Warzywo zosta\u0142o przymocowane do pr\u0119ta, kt\u00f3ry wystarczy wbi\u0107 w ziemie. Z \u0142atwo\u015bci\u0105, gdy tylko zapragniemy umie\u015bci\u0107 ozdob\u0119 w innym miejscu mo\u017cemy j\u0105 wyj\u0105c i przesun\u0105\u0107.<\/p>\n<p><b>\u2705\u00a0 Zachwyca bajkowym wygl\u0105dem\u00a0<\/b><\/p>\n<p>Ozdoba z pewno\u015bci\u0105 idealnie wkomponuje si\u0119 w dowolnie wybrane miejsce w Twoim ogr\u00f3dku lub w doniczce umieszczonej na tarasie. Jest kolorowa i \u0142adnie si\u0119 prezentuje.<\/p>\n<\/section><\/div>\n<\/section>\n<section class=\"section\">\n<div class=\"item item-12\">\n<section class=\"image-item\">\n            <img decoding=\"async\" src=\"https:\/\/upload.cdn.baselinker.com\/products\/14476\/4208a0c7b9ea74714d4f3b5c9845b4b6.jpg\" \/><br \/>\n        <\/section>\n<\/p><\/div>\n<\/section>\n<section class=\"section\">\n<div class=\"item item-12\">\n<section class=\"text-item\">\n<p><b>\u2705 <\/b>Oryginalna ozdoba na piku stanowi ciekaw\u0105 alternartyw\u0119 dla klasycznych znacznik\u00f3w czy tabliczek. Zlokalizuj konkretne warzywo w Twoim ogrodzie za pomoc\u0105 kolorowej ozdoby.<\/p>\n<p>\u2705 Idealna dla najm\u0142odszych ogrodnik\u00f3w. Je\u017celi maluch ma sw\u00f3j w\u0142asny ogr\u00f3dek b\u0119dzie m\u00f3g\u0142 zaznaczy\u0107 w ten spos\u00f3b zasadzone warzywo i z niecierpliwo\u015bci\u0105 czeka\u0107, a\u017c pojawi si\u0119 na grz\u0105dce.<\/p>\n<\/section><\/div>\n<\/section>\n<section class=\"section\">\n<div class=\"item item-12\">\n<section class=\"image-item\">\n            <img decoding=\"async\" src=\"https:\/\/upload.cdn.baselinker.com\/products\/14476\/97030c57ecdc919f7b650530e21bcfbb.jpg\" \/><br \/>\n        <\/section>\n<\/p><\/div>\n<\/section>\n","protected":false},"excerpt":{"rendered":"<p><\/p>\n","protected":false},"featured_media":97155,"template":"","meta":[],"product_cat":[8098],"product_tag":[],"yoast_head":"<!-- This site is optimized with the Yoast SEO plugin v21.0 - https:\/\/yoast.com\/wordpress\/plugins\/seo\/ -->\n<title>ETYKIETA ZNACZNIK DO RO\u015aLIN OZODBA NA PIKU - BOBIMARKET.pl - Remontuj i urz\u0105dzaj z nami<\/title>\n<meta name=\"robots\" content=\"index, follow, max-snippet:-1, max-image-preview:large, max-video-preview:-1\" \/>\n<link rel=\"canonical\" href=\"https:\/\/bobimarket.pl\/index.php\/produkt\/etykieta-znacznik-do-roslin-ozodba-na-piku-5\/\" \/>\n<meta property=\"og:locale\" content=\"pl_PL\" \/>\n<meta property=\"og:type\" content=\"article\" \/>\n<meta property=\"og:title\" content=\"ETYKIETA ZNACZNIK DO RO\u015aLIN OZODBA NA PIKU - BOBIMARKET.pl - Remontuj i urz\u0105dzaj z nami\" \/>\n<meta property=\"og:url\" content=\"https:\/\/bobimarket.pl\/index.php\/produkt\/etykieta-znacznik-do-roslin-ozodba-na-piku-5\/\" \/>\n<meta property=\"og:site_name\" content=\"BOBIMARKET.pl - Remontuj i urz\u0105dzaj z nami\" \/>\n<meta property=\"article:modified_time\" content=\"2025-02-27T16:33:43+00:00\" \/>\n<meta property=\"og:image\" content=\"https:\/\/upload.cdn.baselinker.com\/products\/14476\/97030c57ecdc919f7b650530e21bcfbb.jpg\" \/>\n<meta name=\"twitter:card\" content=\"summary_large_image\" \/>\n<meta name=\"twitter:label1\" content=\"Szacowany czas czytania\" \/>\n\t<meta name=\"twitter:data1\" content=\"1 minuta\" \/>\n<script type=\"application\/ld+json\" class=\"yoast-schema-graph\">{\"@context\":\"https:\/\/schema.org\",\"@graph\":[{\"@type\":\"WebPage\",\"@id\":\"https:\/\/bobimarket.pl\/index.php\/produkt\/etykieta-znacznik-do-roslin-ozodba-na-piku-5\/\",\"url\":\"https:\/\/bobimarket.pl\/index.php\/produkt\/etykieta-znacznik-do-roslin-ozodba-na-piku-5\/\",\"name\":\"ETYKIETA ZNACZNIK DO RO\u015aLIN OZODBA NA PIKU - BOBIMARKET.pl - Remontuj i urz\u0105dzaj z nami\",\"isPartOf\":{\"@id\":\"https:\/\/bobimarket.pl\/#website\"},\"datePublished\":\"2023-08-30T12:21:10+00:00\",\"dateModified\":\"2025-02-27T16:33:43+00:00\",\"breadcrumb\":{\"@id\":\"https:\/\/bobimarket.pl\/index.php\/produkt\/etykieta-znacznik-do-roslin-ozodba-na-piku-5\/#breadcrumb\"},\"inLanguage\":\"pl-PL\",\"potentialAction\":[{\"@type\":\"ReadAction\",\"target\":[\"https:\/\/bobimarket.pl\/index.php\/produkt\/etykieta-znacznik-do-roslin-ozodba-na-piku-5\/\"]}]},{\"@type\":\"BreadcrumbList\",\"@id\":\"https:\/\/bobimarket.pl\/index.php\/produkt\/etykieta-znacznik-do-roslin-ozodba-na-piku-5\/#breadcrumb\",\"itemListElement\":[{\"@type\":\"ListItem\",\"position\":1,\"name\":\"Strona g\u0142\u00f3wna\",\"item\":\"https:\/\/bobimarket.pl\/\"},{\"@type\":\"ListItem\",\"position\":2,\"name\":\"Sklep\",\"item\":\"https:\/\/bobimarket.pl\/index.php\/shop\/\"},{\"@type\":\"ListItem\",\"position\":3,\"name\":\"ETYKIETA ZNACZNIK DO RO\u015aLIN OZODBA NA PIKU\"}]},{\"@type\":\"WebSite\",\"@id\":\"https:\/\/bobimarket.pl\/#website\",\"url\":\"https:\/\/bobimarket.pl\/\",\"name\":\"BOBIMARKET.pl - Remontuj i urz\u0105dzaj z nami\",\"description\":\"Remontuj i urz\u0105dzaj z nami\",\"publisher\":{\"@id\":\"https:\/\/bobimarket.pl\/#organization\"},\"potentialAction\":[{\"@type\":\"SearchAction\",\"target\":{\"@type\":\"EntryPoint\",\"urlTemplate\":\"https:\/\/bobimarket.pl\/?s={search_term_string}\"},\"query-input\":\"required name=search_term_string\"}],\"inLanguage\":\"pl-PL\"},{\"@type\":\"Organization\",\"@id\":\"https:\/\/bobimarket.pl\/#organization\",\"name\":\"BOBIMARKET.pl\",\"url\":\"https:\/\/bobimarket.pl\/\",\"logo\":{\"@type\":\"ImageObject\",\"inLanguage\":\"pl-PL\",\"@id\":\"https:\/\/bobimarket.pl\/#\/schema\/logo\/image\/\",\"url\":\"https:\/\/bobimarket.pl\/wp-content\/uploads\/2021\/11\/slogan.png\",\"contentUrl\":\"https:\/\/bobimarket.pl\/wp-content\/uploads\/2021\/11\/slogan.png\",\"width\":2000,\"height\":384,\"caption\":\"BOBIMARKET.pl\"},\"image\":{\"@id\":\"https:\/\/bobimarket.pl\/#\/schema\/logo\/image\/\"}}]}<\/script>\n<!-- \/ Yoast SEO plugin. -->","yoast_head_json":{"title":"ETYKIETA ZNACZNIK DO RO\u015aLIN OZODBA NA PIKU - BOBIMARKET.pl - Remontuj i urz\u0105dzaj z nami","robots":{"index":"index","follow":"follow","max-snippet":"max-snippet:-1","max-image-preview":"max-image-preview:large","max-video-preview":"max-video-preview:-1"},"canonical":"https:\/\/bobimarket.pl\/index.php\/produkt\/etykieta-znacznik-do-roslin-ozodba-na-piku-5\/","og_locale":"pl_PL","og_type":"article","og_title":"ETYKIETA ZNACZNIK DO RO\u015aLIN OZODBA NA PIKU - BOBIMARKET.pl - Remontuj i urz\u0105dzaj z nami","og_url":"https:\/\/bobimarket.pl\/index.php\/produkt\/etykieta-znacznik-do-roslin-ozodba-na-piku-5\/","og_site_name":"BOBIMARKET.pl - Remontuj i urz\u0105dzaj z nami","article_modified_time":"2025-02-27T16:33:43+00:00","og_image":[{"url":"https:\/\/upload.cdn.baselinker.com\/products\/14476\/97030c57ecdc919f7b650530e21bcfbb.jpg"}],"twitter_card":"summary_large_image","twitter_misc":{"Szacowany czas czytania":"1 minuta"},"schema":{"@context":"https:\/\/schema.org","@graph":[{"@type":"WebPage","@id":"https:\/\/bobimarket.pl\/index.php\/produkt\/etykieta-znacznik-do-roslin-ozodba-na-piku-5\/","url":"https:\/\/bobimarket.pl\/index.php\/produkt\/etykieta-znacznik-do-roslin-ozodba-na-piku-5\/","name":"ETYKIETA ZNACZNIK DO RO\u015aLIN OZODBA NA PIKU - BOBIMARKET.pl - Remontuj i urz\u0105dzaj z nami","isPartOf":{"@id":"https:\/\/bobimarket.pl\/#website"},"datePublished":"2023-08-30T12:21:10+00:00","dateModified":"2025-02-27T16:33:43+00:00","breadcrumb":{"@id":"https:\/\/bobimarket.pl\/index.php\/produkt\/etykieta-znacznik-do-roslin-ozodba-na-piku-5\/#breadcrumb"},"inLanguage":"pl-PL","potentialAction":[{"@type":"ReadAction","target":["https:\/\/bobimarket.pl\/index.php\/produkt\/etykieta-znacznik-do-roslin-ozodba-na-piku-5\/"]}]},{"@type":"BreadcrumbList","@id":"https:\/\/bobimarket.pl\/index.php\/produkt\/etykieta-znacznik-do-roslin-ozodba-na-piku-5\/#breadcrumb","itemListElement":[{"@type":"ListItem","position":1,"name":"Strona g\u0142\u00f3wna","item":"https:\/\/bobimarket.pl\/"},{"@type":"ListItem","position":2,"name":"Sklep","item":"https:\/\/bobimarket.pl\/index.php\/shop\/"},{"@type":"ListItem","position":3,"name":"ETYKIETA ZNACZNIK DO RO\u015aLIN OZODBA NA PIKU"}]},{"@type":"WebSite","@id":"https:\/\/bobimarket.pl\/#website","url":"https:\/\/bobimarket.pl\/","name":"BOBIMARKET.pl - Remontuj i urz\u0105dzaj z nami","description":"Remontuj i urz\u0105dzaj z nami","publisher":{"@id":"https:\/\/bobimarket.pl\/#organization"},"potentialAction":[{"@type":"SearchAction","target":{"@type":"EntryPoint","urlTemplate":"https:\/\/bobimarket.pl\/?s={search_term_string}"},"query-input":"required name=search_term_string"}],"inLanguage":"pl-PL"},{"@type":"Organization","@id":"https:\/\/bobimarket.pl\/#organization","name":"BOBIMARKET.pl","url":"https:\/\/bobimarket.pl\/","logo":{"@type":"ImageObject","inLanguage":"pl-PL","@id":"https:\/\/bobimarket.pl\/#\/schema\/logo\/image\/","url":"https:\/\/bobimarket.pl\/wp-content\/uploads\/2021\/11\/slogan.png","contentUrl":"https:\/\/bobimarket.pl\/wp-content\/uploads\/2021\/11\/slogan.png","width":2000,"height":384,"caption":"BOBIMARKET.pl"},"image":{"@id":"https:\/\/bobimarket.pl\/#\/schema\/logo\/image\/"}}]}},"_links":{"self":[{"href":"https:\/\/bobimarket.pl\/index.php\/wp-json\/wp\/v2\/product\/97157"}],"collection":[{"href":"https:\/\/bobimarket.pl\/index.php\/wp-json\/wp\/v2\/product"}],"about":[{"href":"https:\/\/bobimarket.pl\/index.php\/wp-json\/wp\/v2\/types\/product"}],"wp:featuredmedia":[{"embeddable":true,"href":"https:\/\/bobimarket.pl\/index.php\/wp-json\/wp\/v2\/media\/97155"}],"wp:attachment":[{"href":"https:\/\/bobimarket.pl\/index.php\/wp-json\/wp\/v2\/media?parent=97157"}],"wp:term":[{"taxonomy":"product_cat","embeddable":true,"href":"https:\/\/bobimarket.pl\/index.php\/wp-json\/wp\/v2\/product_cat?post=97157"},{"taxonomy":"product_tag","embeddable":true,"href":"https:\/\/bobimarket.pl\/index.php\/wp-json\/wp\/v2\/product_tag?post=97157"}],"curies":[{"name":"wp","href":"https:\/\/api.w.org\/{rel}","templated":true}]}}