{"id":97174,"date":"2023-08-30T12:21:50","date_gmt":"2023-08-30T12:21:50","guid":{"rendered":"https:\/\/bobimarket.pl\/index.php\/produkt\/basen-dmuchany-basenik-ogrodowy-dla-dzieci-102x25cm\/"},"modified":"2025-02-27T16:33:52","modified_gmt":"2025-02-27T16:33:52","slug":"basen-dmuchany-basenik-ogrodowy-dla-dzieci-102x25cm","status":"publish","type":"product","link":"https:\/\/bobimarket.pl\/index.php\/produkt\/basen-dmuchany-basenik-ogrodowy-dla-dzieci-102x25cm\/","title":{"rendered":"BASEN DMUCHANY BASENIK OGRODOWY DLA DZIECI 102x25cm"},"content":{"rendered":"<section class=\"section\">\n<div class=\"item item-12\">\n<section class=\"text-item\">\n<h2>BASEN DMUCHANY BASENIK OGRODOWY DLA DZIECI 102x25cm<\/h2>\n<p><b>Informacje og\u00f3lne:<\/b><\/p>\n<ul>\n<li>\u015arednica: <b>102 cm<\/b><\/li>\n<li>Wysoko\u015b\u0107: <b>25 cm<\/b><\/li>\n<li>Pojemno\u015b\u0107 wodna: <b>101 l (27 gal.) <\/b><\/li>\n<li>Materia\u0142: <b>PCV<\/b><\/li>\n<li>Kszta\u0142t zbiornika: <b>okr\u0105g\u0142y, 3 r\u00f3wne ko\u0142a<\/b><\/li>\n<li>Marka: BESTWAY<\/li>\n<\/ul>\n<p><b>Zastaw zawiera:\u00a0<\/b><\/p>\n<ul>\n<li>Dmuchany okr\u0105g\u0142y basen<\/li>\n<li>\u0141atk\u0119 naprawcz\u0105<\/li>\n<\/ul>\n<\/section><\/div>\n<\/section>\n<section class=\"section\">\n<div class=\"item item-12\">\n<section class=\"image-item\">\n            <img decoding=\"async\" src=\"https:\/\/upload.cdn.baselinker.com\/products\/14476\/4637cd7443ca64d7baf2af72fe3dc885.jpg\" \/><br \/>\n        <\/section>\n<\/p><\/div>\n<\/section>\n<section class=\"section\">\n<div class=\"item item-12\">\n<section class=\"text-item\">\n<h2>Basen doskona\u0142y na upalne, letnie dni!<\/h2>\n<p>Idealny wyb\u00f3r dla wszystkich, kt\u00f3rzy potrzebuj\u0105 niezawodnego basenu dla maluch\u00f3w! Doskonale sprawdzi si\u0119 podczas upalnych, letnich dni!najlepszy wub\u00f3r dla najm\u0142odszych mi\u0142o\u015bnik\u00f3w wodnych zabawa. Do \u015bwietnej zabawy wystarczy niewielka ilo\u015b\u0107 wody, s\u0142o\u0144ce i dobry humor!<\/p>\n<ul>\n<li>Gwarantuje\u00a0<b>dobr\u0105 zabaw\u0119<\/b>\u00a0i mile sp\u0119dzony czas! Pozwala jeszcze bardziej nacieszy\u0107 si\u0119 czasem sp\u0119dzonym nad wod\u0105!<\/li>\n<li>Pozwoli <b>wygodnie odpocz\u0105\u0107 <\/b>Twoim dzieciom i w pe\u0142ni wykorzysta\u0107 wakacyjn\u0105, s\u0142oneczn\u0105 pogod\u0119.\u00a0<\/li>\n<li>Najm\u0142odsi mi\u0142o\u015bnicy wodnych zabaw b\u0119d\u0105 si\u0119 \u015bwietnie bawi\u0107 i <b>aktywnie sp\u0119dz\u0105 czas<\/b> na \u015bwie\u017cym powietrzu.\u00a0<\/li>\n<li>\u015awietny spos\u00f3b na<b> ucieczk\u0119 przed upa\u0142em<\/b> w letnie dni.\u00a0<\/li>\n<\/ul>\n<\/section><\/div>\n<\/section>\n<section class=\"section\">\n<div class=\"item item-12\">\n<section class=\"image-item\">\n            <img decoding=\"async\" src=\"https:\/\/upload.cdn.baselinker.com\/products\/14476\/45340a059b8c61dc465aa55d930b5475.jpg\" \/><br \/>\n        <\/section>\n<\/p><\/div>\n<\/section>\n<section class=\"section\">\n<div class=\"item item-12\">\n<section class=\"text-item\">\n<h2>\u2705 Jako\u015b\u0107 i wytrzyma\u0142o\u015b\u0107<\/h2>\n<ul>\n<li><b>Solidnie wykonany<\/b> dmuchany basen, kt\u00f3ry pos\u0142u\u017cy Ci\u00a0przez kilka sezon\u00f3w.\u00a0 Wyprodukowano z wytrzyma\u0142ego tworzywa PCV.\u00a0<\/li>\n<li>Ma mocn\u0105 i<b> trwa\u0142\u0105 konstrukcj\u0119<\/b>.\u00a0Posiadaj\u0105 zawory bezpiecze\u0144stwa, kt\u00f3re blokuj\u0105 wydostanie si\u0119 powietrza. Zbudowany z trzech jednakowych pier\u015bcieni.<\/li>\n<li><b>Komfort i wygoda<\/b> u\u017cytkowania zar\u00f3wno dla dziecka jak i rodzica.<\/li>\n<\/ul>\n<h2>\u2705 Praktyczny i komfortowy<\/h2>\n<ul>\n<li>Na wypadek drobnych uszkodze\u0144 do basenu ogrodowego do\u0142\u0105czono<b>\u00a0zestaw naprawczy.\u00a0<\/b>\u0141atka pozwoli na szybk\u0105 napraw\u0119 drobnych uszkodze\u0144. Wystarczy dok\u0142adnie oczy\u015bci\u0107 i osuszy\u0107 naprawion\u0105 powierzchni\u0119 i przyklei\u0107 \u0142atk\u0119.\u00a0<\/li>\n<li>Kszta\u0142t i wielko\u015b\u0107 basenu sprawiaj\u0105, \u017ce mo\u017cna go roz\u0142o\u017cy\u0107 w ogrodzie lub tarasie.\u00a0<\/li>\n<li>Basen po z\u0142o\u017ceniu<b> zajmuje ma\u0142o miejsca<\/b> i jest \u0142atwy do przechowywania.\u00a0<\/li>\n<\/ul>\n<\/section><\/div>\n<\/section>\n<section class=\"section\">\n<div class=\"item item-12\">\n<section class=\"image-item\">\n            <img decoding=\"async\" src=\"https:\/\/upload.cdn.baselinker.com\/products\/14476\/97e2aaeb4156c1af308d1c2769ea8fd7.jpg\" \/><br \/>\n        <\/section>\n<\/p><\/div>\n<\/section>\n<section class=\"section\">\n<div class=\"item item-12\">\n<section class=\"text-item\">\n<h2>Basen jest bardzo \u0142atwy w monta\u017cu. Roz\u0142o\u017cysz go w trzech prostych krokach.<\/h2>\n<p>Nale\u017cy roz\u0142o\u017cy\u0107 basen na r\u00f3wnym pod\u0142o\u017cu, napompowa\u0107 i\u00a0 wype\u0142ni\u0107 zbiornik wod\u0105. Zaleca si\u0119, aby basen by\u0142 wype\u0142niony w 80 %. Do instalacji basenu nie s\u0105 potrzebne \u017cadne dodatkowe narz\u0119dzia.\u00a0<\/p>\n<p>\u2757 <b>Pami\u0119taj <\/b>\u2757<\/p>\n<p>Basen powinien by\u0107 roz\u0142o\u017cony na r\u00f3wnej powierzchni. Unikaj pochy\u0142ego terenu z wystaj\u0105cymi korzeniami i\u00a0 nier\u00f3wno\u015bciami, kt\u00f3re mog\u0142yby uszkodzi\u0107 dno zbiornika.\u00a0<\/p>\n<\/section><\/div>\n<\/section>\n<section class=\"section\">\n<div class=\"item item-12\">\n<section class=\"image-item\">\n            <img decoding=\"async\" src=\"https:\/\/upload.cdn.baselinker.com\/products\/14476\/3065b11cf9c304e8d6b7e48dfe654399.jpg\" \/><br \/>\n        <\/section>\n<\/p><\/div>\n<\/section>\n<section class=\"section\">\n<div class=\"item item-12\">\n<section class=\"text-item\">\n<h2>\u2705 Wakacyjny hit!\u00a0Idealny do p\u0142ywania, zabawy i wylegiwania si\u0119!<\/h2>\n<ul>\n<li>Twoje dzieci zapomn\u0105 o nudzie. Basen zach\u0119ci je\u00a0 do aktywnego sp\u0119dzania czasu!<\/li>\n<li>Najm\u0142odszym pomo\u017ce oswoi\u0107 si\u0119 z wod\u0105 i pos\u0142u\u017cy do nauki p\u0142ywania.\u00a0<\/li>\n<li>Kolorowy wz\u00f3r rozbudza ciekawo\u015b\u0107 i zach\u0119ca co zabawy!<\/li>\n<\/ul>\n<\/section><\/div>\n<\/section>\n<section class=\"section\">\n<div class=\"item item-12\">\n<section class=\"image-item\">\n            <img decoding=\"async\" src=\"https:\/\/upload.cdn.baselinker.com\/products\/14476\/4637cd7443ca64d7baf2af72fe3dc885.jpg\" \/><br \/>\n        <\/section>\n<\/p><\/div>\n<\/section>\n<section class=\"section\">\n<div class=\"item item-12\">\n<section class=\"text-item\">\n<h2>\u2705 Nie czekaj! Ju\u017c dzisiaj zam\u00f3w sw\u00f3j basen i ciesz si\u0119 wakacyjnym czasem!<\/h2>\n<ul>\n<li>Wysoka jako\u015b\u0107.\u00a0Wytrzyma\u0142y, wykonany z mocnego tworzywa.<\/li>\n<li>\u0141atwy monta\u017c. Roz\u0142o\u017ceniu basenu zajmuje kilka minut.\u00a0<\/li>\n<li>Idealny do p\u0142ywania, odpoczynku i zabawy.<\/li>\n<li>Do\u0142\u0105czony zestaw naprawczy.<\/li>\n<\/ul>\n<\/section><\/div>\n<\/section>\n<section class=\"section\">\n<div class=\"item item-12\">\n<section class=\"text-item\">\n<h2>Na naszych pozosta\u0142ych aukcjach znajdziesz k\u00f3\u0142ka, materace,pi\u0142ki i p\u0142ywaczki. \u00a0Te pla\u017cowe akcesoria razem stworz\u0105\u00a0 idealny wakacyjny zestaw i sprawi\u0105, b\u0119dziesz si\u0119 \u015bwietnie bawi\u0142 tego lata !!!<\/h2>\n<\/section><\/div>\n<\/section>\n","protected":false},"excerpt":{"rendered":"<p>BASEN DMUCHANY BASENIK OGRODOWY DLA DZIECI 102x25cm Informacje og\u00f3lne: \u015arednica: 102 cm Wysoko\u015b\u0107: 25 cm Pojemno\u015b\u0107 wodna: 101 l (27 gal.) Materia\u0142: PCV Kszta\u0142t zbiornika: okr\u0105g\u0142y, 3 r\u00f3wne ko\u0142a Marka: BESTWAY Zastaw zawiera:\u00a0 Dmuchany okr\u0105g\u0142y basen \u0141atk\u0119 naprawcz\u0105 Basen doskona\u0142y na upalne, letnie dni! Idealny wyb\u00f3r dla wszystkich, kt\u00f3rzy potrzebuj\u0105 niezawodnego basenu dla maluch\u00f3w! Doskonale<br \/><a class=\"more-link\" href=\"https:\/\/bobimarket.pl\/index.php\/produkt\/basen-dmuchany-basenik-ogrodowy-dla-dzieci-102x25cm\/\"><br \/>\n        Czytaj wi\u0119cej<span class=\"screen-reader-text\"> &#8222;BASEN DMUCHANY BASENIK OGRODOWY DLA DZIECI 102x25cm&#8221;<\/span><\/a><\/p>\n","protected":false},"featured_media":97166,"template":"","meta":[],"product_cat":[8106],"product_tag":[],"yoast_head":"<!-- This site is optimized with the Yoast SEO plugin v21.0 - https:\/\/yoast.com\/wordpress\/plugins\/seo\/ -->\n<title>BASEN DMUCHANY BASENIK OGRODOWY DLA DZIECI 102x25cm - BOBIMARKET.pl - Remontuj i urz\u0105dzaj z nami<\/title>\n<meta name=\"robots\" content=\"index, follow, max-snippet:-1, max-image-preview:large, max-video-preview:-1\" \/>\n<link rel=\"canonical\" href=\"https:\/\/bobimarket.pl\/index.php\/produkt\/basen-dmuchany-basenik-ogrodowy-dla-dzieci-102x25cm\/\" \/>\n<meta property=\"og:locale\" content=\"pl_PL\" \/>\n<meta property=\"og:type\" content=\"article\" \/>\n<meta property=\"og:title\" content=\"BASEN DMUCHANY BASENIK OGRODOWY DLA DZIECI 102x25cm - BOBIMARKET.pl - Remontuj i urz\u0105dzaj z nami\" \/>\n<meta property=\"og:description\" content=\"BASEN DMUCHANY BASENIK OGRODOWY DLA DZIECI 102x25cm Informacje og\u00f3lne: \u015arednica: 102 cm Wysoko\u015b\u0107: 25 cm Pojemno\u015b\u0107 wodna: 101 l (27 gal.) Materia\u0142: PCV Kszta\u0142t zbiornika: okr\u0105g\u0142y, 3 r\u00f3wne ko\u0142a Marka: BESTWAY Zastaw zawiera:\u00a0 Dmuchany okr\u0105g\u0142y basen \u0141atk\u0119 naprawcz\u0105 Basen doskona\u0142y na upalne, letnie dni! Idealny wyb\u00f3r dla wszystkich, kt\u00f3rzy potrzebuj\u0105 niezawodnego basenu dla maluch\u00f3w! Doskonale     Czytaj wi\u0119cej &quot;BASEN DMUCHANY BASENIK OGRODOWY DLA DZIECI 102x25cm&quot;\" \/>\n<meta property=\"og:url\" content=\"https:\/\/bobimarket.pl\/index.php\/produkt\/basen-dmuchany-basenik-ogrodowy-dla-dzieci-102x25cm\/\" \/>\n<meta property=\"og:site_name\" content=\"BOBIMARKET.pl - Remontuj i urz\u0105dzaj z nami\" \/>\n<meta property=\"article:modified_time\" content=\"2025-02-27T16:33:52+00:00\" \/>\n<meta property=\"og:image\" content=\"https:\/\/upload.cdn.baselinker.com\/products\/14476\/4637cd7443ca64d7baf2af72fe3dc885.jpg\" \/>\n<meta name=\"twitter:card\" content=\"summary_large_image\" \/>\n<meta name=\"twitter:label1\" content=\"Szacowany czas czytania\" \/>\n\t<meta name=\"twitter:data1\" content=\"2 minuty\" \/>\n<script type=\"application\/ld+json\" class=\"yoast-schema-graph\">{\"@context\":\"https:\/\/schema.org\",\"@graph\":[{\"@type\":\"WebPage\",\"@id\":\"https:\/\/bobimarket.pl\/index.php\/produkt\/basen-dmuchany-basenik-ogrodowy-dla-dzieci-102x25cm\/\",\"url\":\"https:\/\/bobimarket.pl\/index.php\/produkt\/basen-dmuchany-basenik-ogrodowy-dla-dzieci-102x25cm\/\",\"name\":\"BASEN DMUCHANY BASENIK OGRODOWY DLA DZIECI 102x25cm - BOBIMARKET.pl - Remontuj i urz\u0105dzaj z nami\",\"isPartOf\":{\"@id\":\"https:\/\/bobimarket.pl\/#website\"},\"datePublished\":\"2023-08-30T12:21:50+00:00\",\"dateModified\":\"2025-02-27T16:33:52+00:00\",\"breadcrumb\":{\"@id\":\"https:\/\/bobimarket.pl\/index.php\/produkt\/basen-dmuchany-basenik-ogrodowy-dla-dzieci-102x25cm\/#breadcrumb\"},\"inLanguage\":\"pl-PL\",\"potentialAction\":[{\"@type\":\"ReadAction\",\"target\":[\"https:\/\/bobimarket.pl\/index.php\/produkt\/basen-dmuchany-basenik-ogrodowy-dla-dzieci-102x25cm\/\"]}]},{\"@type\":\"BreadcrumbList\",\"@id\":\"https:\/\/bobimarket.pl\/index.php\/produkt\/basen-dmuchany-basenik-ogrodowy-dla-dzieci-102x25cm\/#breadcrumb\",\"itemListElement\":[{\"@type\":\"ListItem\",\"position\":1,\"name\":\"Strona g\u0142\u00f3wna\",\"item\":\"https:\/\/bobimarket.pl\/\"},{\"@type\":\"ListItem\",\"position\":2,\"name\":\"Sklep\",\"item\":\"https:\/\/bobimarket.pl\/index.php\/shop\/\"},{\"@type\":\"ListItem\",\"position\":3,\"name\":\"BASEN DMUCHANY BASENIK OGRODOWY DLA DZIECI 102x25cm\"}]},{\"@type\":\"WebSite\",\"@id\":\"https:\/\/bobimarket.pl\/#website\",\"url\":\"https:\/\/bobimarket.pl\/\",\"name\":\"BOBIMARKET.pl - Remontuj i urz\u0105dzaj z nami\",\"description\":\"Remontuj i urz\u0105dzaj z nami\",\"publisher\":{\"@id\":\"https:\/\/bobimarket.pl\/#organization\"},\"potentialAction\":[{\"@type\":\"SearchAction\",\"target\":{\"@type\":\"EntryPoint\",\"urlTemplate\":\"https:\/\/bobimarket.pl\/?s={search_term_string}\"},\"query-input\":\"required name=search_term_string\"}],\"inLanguage\":\"pl-PL\"},{\"@type\":\"Organization\",\"@id\":\"https:\/\/bobimarket.pl\/#organization\",\"name\":\"BOBIMARKET.pl\",\"url\":\"https:\/\/bobimarket.pl\/\",\"logo\":{\"@type\":\"ImageObject\",\"inLanguage\":\"pl-PL\",\"@id\":\"https:\/\/bobimarket.pl\/#\/schema\/logo\/image\/\",\"url\":\"https:\/\/bobimarket.pl\/wp-content\/uploads\/2021\/11\/slogan.png\",\"contentUrl\":\"https:\/\/bobimarket.pl\/wp-content\/uploads\/2021\/11\/slogan.png\",\"width\":2000,\"height\":384,\"caption\":\"BOBIMARKET.pl\"},\"image\":{\"@id\":\"https:\/\/bobimarket.pl\/#\/schema\/logo\/image\/\"}}]}<\/script>\n<!-- \/ Yoast SEO plugin. -->","yoast_head_json":{"title":"BASEN DMUCHANY BASENIK OGRODOWY DLA DZIECI 102x25cm - BOBIMARKET.pl - Remontuj i urz\u0105dzaj z nami","robots":{"index":"index","follow":"follow","max-snippet":"max-snippet:-1","max-image-preview":"max-image-preview:large","max-video-preview":"max-video-preview:-1"},"canonical":"https:\/\/bobimarket.pl\/index.php\/produkt\/basen-dmuchany-basenik-ogrodowy-dla-dzieci-102x25cm\/","og_locale":"pl_PL","og_type":"article","og_title":"BASEN DMUCHANY BASENIK OGRODOWY DLA DZIECI 102x25cm - BOBIMARKET.pl - Remontuj i urz\u0105dzaj z nami","og_description":"BASEN DMUCHANY BASENIK OGRODOWY DLA DZIECI 102x25cm Informacje og\u00f3lne: \u015arednica: 102 cm Wysoko\u015b\u0107: 25 cm Pojemno\u015b\u0107 wodna: 101 l (27 gal.) Materia\u0142: PCV Kszta\u0142t zbiornika: okr\u0105g\u0142y, 3 r\u00f3wne ko\u0142a Marka: BESTWAY Zastaw zawiera:\u00a0 Dmuchany okr\u0105g\u0142y basen \u0141atk\u0119 naprawcz\u0105 Basen doskona\u0142y na upalne, letnie dni! Idealny wyb\u00f3r dla wszystkich, kt\u00f3rzy potrzebuj\u0105 niezawodnego basenu dla maluch\u00f3w! Doskonale     Czytaj wi\u0119cej \"BASEN DMUCHANY BASENIK OGRODOWY DLA DZIECI 102x25cm\"","og_url":"https:\/\/bobimarket.pl\/index.php\/produkt\/basen-dmuchany-basenik-ogrodowy-dla-dzieci-102x25cm\/","og_site_name":"BOBIMARKET.pl - Remontuj i urz\u0105dzaj z nami","article_modified_time":"2025-02-27T16:33:52+00:00","og_image":[{"url":"https:\/\/upload.cdn.baselinker.com\/products\/14476\/4637cd7443ca64d7baf2af72fe3dc885.jpg"}],"twitter_card":"summary_large_image","twitter_misc":{"Szacowany czas czytania":"2 minuty"},"schema":{"@context":"https:\/\/schema.org","@graph":[{"@type":"WebPage","@id":"https:\/\/bobimarket.pl\/index.php\/produkt\/basen-dmuchany-basenik-ogrodowy-dla-dzieci-102x25cm\/","url":"https:\/\/bobimarket.pl\/index.php\/produkt\/basen-dmuchany-basenik-ogrodowy-dla-dzieci-102x25cm\/","name":"BASEN DMUCHANY BASENIK OGRODOWY DLA DZIECI 102x25cm - BOBIMARKET.pl - Remontuj i urz\u0105dzaj z nami","isPartOf":{"@id":"https:\/\/bobimarket.pl\/#website"},"datePublished":"2023-08-30T12:21:50+00:00","dateModified":"2025-02-27T16:33:52+00:00","breadcrumb":{"@id":"https:\/\/bobimarket.pl\/index.php\/produkt\/basen-dmuchany-basenik-ogrodowy-dla-dzieci-102x25cm\/#breadcrumb"},"inLanguage":"pl-PL","potentialAction":[{"@type":"ReadAction","target":["https:\/\/bobimarket.pl\/index.php\/produkt\/basen-dmuchany-basenik-ogrodowy-dla-dzieci-102x25cm\/"]}]},{"@type":"BreadcrumbList","@id":"https:\/\/bobimarket.pl\/index.php\/produkt\/basen-dmuchany-basenik-ogrodowy-dla-dzieci-102x25cm\/#breadcrumb","itemListElement":[{"@type":"ListItem","position":1,"name":"Strona g\u0142\u00f3wna","item":"https:\/\/bobimarket.pl\/"},{"@type":"ListItem","position":2,"name":"Sklep","item":"https:\/\/bobimarket.pl\/index.php\/shop\/"},{"@type":"ListItem","position":3,"name":"BASEN DMUCHANY BASENIK OGRODOWY DLA DZIECI 102x25cm"}]},{"@type":"WebSite","@id":"https:\/\/bobimarket.pl\/#website","url":"https:\/\/bobimarket.pl\/","name":"BOBIMARKET.pl - Remontuj i urz\u0105dzaj z nami","description":"Remontuj i urz\u0105dzaj z nami","publisher":{"@id":"https:\/\/bobimarket.pl\/#organization"},"potentialAction":[{"@type":"SearchAction","target":{"@type":"EntryPoint","urlTemplate":"https:\/\/bobimarket.pl\/?s={search_term_string}"},"query-input":"required name=search_term_string"}],"inLanguage":"pl-PL"},{"@type":"Organization","@id":"https:\/\/bobimarket.pl\/#organization","name":"BOBIMARKET.pl","url":"https:\/\/bobimarket.pl\/","logo":{"@type":"ImageObject","inLanguage":"pl-PL","@id":"https:\/\/bobimarket.pl\/#\/schema\/logo\/image\/","url":"https:\/\/bobimarket.pl\/wp-content\/uploads\/2021\/11\/slogan.png","contentUrl":"https:\/\/bobimarket.pl\/wp-content\/uploads\/2021\/11\/slogan.png","width":2000,"height":384,"caption":"BOBIMARKET.pl"},"image":{"@id":"https:\/\/bobimarket.pl\/#\/schema\/logo\/image\/"}}]}},"_links":{"self":[{"href":"https:\/\/bobimarket.pl\/index.php\/wp-json\/wp\/v2\/product\/97174"}],"collection":[{"href":"https:\/\/bobimarket.pl\/index.php\/wp-json\/wp\/v2\/product"}],"about":[{"href":"https:\/\/bobimarket.pl\/index.php\/wp-json\/wp\/v2\/types\/product"}],"wp:featuredmedia":[{"embeddable":true,"href":"https:\/\/bobimarket.pl\/index.php\/wp-json\/wp\/v2\/media\/97166"}],"wp:attachment":[{"href":"https:\/\/bobimarket.pl\/index.php\/wp-json\/wp\/v2\/media?parent=97174"}],"wp:term":[{"taxonomy":"product_cat","embeddable":true,"href":"https:\/\/bobimarket.pl\/index.php\/wp-json\/wp\/v2\/product_cat?post=97174"},{"taxonomy":"product_tag","embeddable":true,"href":"https:\/\/bobimarket.pl\/index.php\/wp-json\/wp\/v2\/product_tag?post=97174"}],"curies":[{"name":"wp","href":"https:\/\/api.w.org\/{rel}","templated":true}]}}