{"id":97192,"date":"2023-08-30T12:22:36","date_gmt":"2023-08-30T12:22:36","guid":{"rendered":"https:\/\/bobimarket.pl\/index.php\/produkt\/kubek-termiczny-nakladka-do-pracy-szkoly-350ml\/"},"modified":"2025-02-27T16:34:03","modified_gmt":"2025-02-27T16:34:03","slug":"kubek-termiczny-nakladka-do-pracy-szkoly-350ml","status":"publish","type":"product","link":"https:\/\/bobimarket.pl\/index.php\/produkt\/kubek-termiczny-nakladka-do-pracy-szkoly-350ml\/","title":{"rendered":"KUBEK TERMICZNY NAK\u0141ADKA DO PRACY SZKO\u0141Y 350ml"},"content":{"rendered":"<section class=\"section\">\n<div class=\"item item-12\">\n<section class=\"text-item\">\n<h2>KUBEK TERMICZNY NAK\u0141ADKA DO PRACY SZKO\u0141Y 350ml<\/h2>\n<p><b>Informacje og\u00f3lne:<\/b><\/p>\n<ul>\n<li>Pojemno\u015b\u0107: <b>350ml<\/b><\/li>\n<li>Materia\u0142: <b>stal nierdzewna<\/b><\/li>\n<li>Typ: k<b>ubek termiczny<\/b><\/li>\n<li><b>Antypo\u015blizgowa <\/b>silikonowa opaska<\/li>\n<li><b>Elegancki i praktyczny<\/b><\/li>\n<\/ul>\n<\/section><\/div>\n<\/section>\n<section class=\"section\">\n<div class=\"item item-12\">\n<section class=\"image-item\"><img decoding=\"async\" src=\"https:\/\/upload.cdn.baselinker.com\/products\/14476\/0452587874b67f4eba6319c5343096d7.jpg\"><\/section>\n<\/p><\/div>\n<\/section>\n<section class=\"section\">\n<div class=\"item item-12\">\n<section class=\"text-item\">\n<h2>Praktyczny kubek termiczny, kt\u00f3ry mo\u017cna wsz\u0119dzie ze sob\u0105 zabra\u0107!<\/h2>\n<p>Wielozadaniowa kubek nierdzewny doskonale sprawdzi si\u0119 w kr\u00f3tkiej podr\u00f3\u017cy jak i w <b>codziennym u\u017cytku. Przyda si\u0119 r\u00f3wnie\u017c w drodze &#8211; mo\u017cesz go swobodnie zabra\u0107<\/b> do pracy lub szko\u0142y. Kubek ma stonowan\u0105 kolorystyk\u0119 &#8211; b\u0119dzie idealny zar\u00f3wno dla kobiet i m\u0119\u017aczyn. Kubek termiczny doskonale sprawdzi si\u0119 fanom ciep\u0142ych napoi, kt\u00f3rzy <b>lubi\u0105 mie\u0107 pod r\u0119k\u0105 herbat\u0119 lub kaw\u0119.<\/b><\/p>\n<ul>\n<li>Termos wykonany z <b>wysokiej jako\u015bci materia\u0142\u00f3w<\/b>, jest niezwykle praktyczny ale r\u00f3wnie\u017c zapobiega nadmiernej utracie ciep\u0142a.<\/li>\n<li>Butelka posiada <b>szczeln\u0105 nakr\u0119tk\u0119 i <\/b><b>gumow\u0105 uszczelk\u0119, <\/b>kt\u00f3ra chroni przed przeciekaniem i sprawia, \u017ce produkt jest <b>szczelny<\/b>.<\/li>\n<\/ul>\n<\/section><\/div>\n<\/section>\n<section class=\"section\">\n<div class=\"item item-12\">\n<section class=\"image-item\"><img decoding=\"async\" src=\"https:\/\/upload.cdn.baselinker.com\/products\/14476\/0452587874b67f4eba6319c5343096d7.jpg\"><\/section>\n<\/p><\/div>\n<\/section>\n","protected":false},"excerpt":{"rendered":"<p>KUBEK TERMICZNY NAK\u0141ADKA DO PRACY SZKO\u0141Y 350ml Informacje og\u00f3lne: Pojemno\u015b\u0107: 350ml Materia\u0142: stal nierdzewna Typ: kubek termiczny Antypo\u015blizgowa silikonowa opaska Elegancki i praktyczny Praktyczny kubek termiczny, kt\u00f3ry mo\u017cna wsz\u0119dzie ze sob\u0105 zabra\u0107! Wielozadaniowa kubek nierdzewny doskonale sprawdzi si\u0119 w kr\u00f3tkiej podr\u00f3\u017cy jak i w codziennym u\u017cytku. Przyda si\u0119 r\u00f3wnie\u017c w drodze &#8211; mo\u017cesz go swobodnie<br \/><a class=\"more-link\" href=\"https:\/\/bobimarket.pl\/index.php\/produkt\/kubek-termiczny-nakladka-do-pracy-szkoly-350ml\/\"><br \/>\n        Czytaj wi\u0119cej<span class=\"screen-reader-text\"> &#8222;KUBEK TERMICZNY NAK\u0141ADKA DO PRACY SZKO\u0141Y 350ml&#8221;<\/span><\/a><\/p>\n","protected":false},"featured_media":97191,"template":"","meta":[],"product_cat":[8382],"product_tag":[],"yoast_head":"<!-- This site is optimized with the Yoast SEO plugin v21.0 - https:\/\/yoast.com\/wordpress\/plugins\/seo\/ -->\n<title>KUBEK TERMICZNY NAK\u0141ADKA DO PRACY SZKO\u0141Y 350ml - BOBIMARKET.pl - Remontuj i urz\u0105dzaj z nami<\/title>\n<meta name=\"robots\" content=\"index, follow, max-snippet:-1, max-image-preview:large, max-video-preview:-1\" \/>\n<link rel=\"canonical\" href=\"https:\/\/bobimarket.pl\/index.php\/produkt\/kubek-termiczny-nakladka-do-pracy-szkoly-350ml\/\" \/>\n<meta property=\"og:locale\" content=\"pl_PL\" \/>\n<meta property=\"og:type\" content=\"article\" \/>\n<meta property=\"og:title\" content=\"KUBEK TERMICZNY NAK\u0141ADKA DO PRACY SZKO\u0141Y 350ml - BOBIMARKET.pl - Remontuj i urz\u0105dzaj z nami\" \/>\n<meta property=\"og:description\" content=\"KUBEK TERMICZNY NAK\u0141ADKA DO PRACY SZKO\u0141Y 350ml Informacje og\u00f3lne: Pojemno\u015b\u0107: 350ml Materia\u0142: stal nierdzewna Typ: kubek termiczny Antypo\u015blizgowa silikonowa opaska Elegancki i praktyczny Praktyczny kubek termiczny, kt\u00f3ry mo\u017cna wsz\u0119dzie ze sob\u0105 zabra\u0107! Wielozadaniowa kubek nierdzewny doskonale sprawdzi si\u0119 w kr\u00f3tkiej podr\u00f3\u017cy jak i w codziennym u\u017cytku. Przyda si\u0119 r\u00f3wnie\u017c w drodze &#8211; mo\u017cesz go swobodnie     Czytaj wi\u0119cej &quot;KUBEK TERMICZNY NAK\u0141ADKA DO PRACY SZKO\u0141Y 350ml&quot;\" \/>\n<meta property=\"og:url\" content=\"https:\/\/bobimarket.pl\/index.php\/produkt\/kubek-termiczny-nakladka-do-pracy-szkoly-350ml\/\" \/>\n<meta property=\"og:site_name\" content=\"BOBIMARKET.pl - Remontuj i urz\u0105dzaj z nami\" \/>\n<meta property=\"article:modified_time\" content=\"2025-02-27T16:34:03+00:00\" \/>\n<meta property=\"og:image\" content=\"https:\/\/upload.cdn.baselinker.com\/products\/14476\/0452587874b67f4eba6319c5343096d7.jpg\" \/>\n<meta name=\"twitter:card\" content=\"summary_large_image\" \/>\n<meta name=\"twitter:label1\" content=\"Szacowany czas czytania\" \/>\n\t<meta name=\"twitter:data1\" content=\"1 minuta\" \/>\n<script type=\"application\/ld+json\" class=\"yoast-schema-graph\">{\"@context\":\"https:\/\/schema.org\",\"@graph\":[{\"@type\":\"WebPage\",\"@id\":\"https:\/\/bobimarket.pl\/index.php\/produkt\/kubek-termiczny-nakladka-do-pracy-szkoly-350ml\/\",\"url\":\"https:\/\/bobimarket.pl\/index.php\/produkt\/kubek-termiczny-nakladka-do-pracy-szkoly-350ml\/\",\"name\":\"KUBEK TERMICZNY NAK\u0141ADKA DO PRACY SZKO\u0141Y 350ml - BOBIMARKET.pl - Remontuj i urz\u0105dzaj z nami\",\"isPartOf\":{\"@id\":\"https:\/\/bobimarket.pl\/#website\"},\"datePublished\":\"2023-08-30T12:22:36+00:00\",\"dateModified\":\"2025-02-27T16:34:03+00:00\",\"breadcrumb\":{\"@id\":\"https:\/\/bobimarket.pl\/index.php\/produkt\/kubek-termiczny-nakladka-do-pracy-szkoly-350ml\/#breadcrumb\"},\"inLanguage\":\"pl-PL\",\"potentialAction\":[{\"@type\":\"ReadAction\",\"target\":[\"https:\/\/bobimarket.pl\/index.php\/produkt\/kubek-termiczny-nakladka-do-pracy-szkoly-350ml\/\"]}]},{\"@type\":\"BreadcrumbList\",\"@id\":\"https:\/\/bobimarket.pl\/index.php\/produkt\/kubek-termiczny-nakladka-do-pracy-szkoly-350ml\/#breadcrumb\",\"itemListElement\":[{\"@type\":\"ListItem\",\"position\":1,\"name\":\"Strona g\u0142\u00f3wna\",\"item\":\"https:\/\/bobimarket.pl\/\"},{\"@type\":\"ListItem\",\"position\":2,\"name\":\"Sklep\",\"item\":\"https:\/\/bobimarket.pl\/index.php\/shop\/\"},{\"@type\":\"ListItem\",\"position\":3,\"name\":\"KUBEK TERMICZNY NAK\u0141ADKA DO PRACY SZKO\u0141Y 350ml\"}]},{\"@type\":\"WebSite\",\"@id\":\"https:\/\/bobimarket.pl\/#website\",\"url\":\"https:\/\/bobimarket.pl\/\",\"name\":\"BOBIMARKET.pl - Remontuj i urz\u0105dzaj z nami\",\"description\":\"Remontuj i urz\u0105dzaj z nami\",\"publisher\":{\"@id\":\"https:\/\/bobimarket.pl\/#organization\"},\"potentialAction\":[{\"@type\":\"SearchAction\",\"target\":{\"@type\":\"EntryPoint\",\"urlTemplate\":\"https:\/\/bobimarket.pl\/?s={search_term_string}\"},\"query-input\":\"required name=search_term_string\"}],\"inLanguage\":\"pl-PL\"},{\"@type\":\"Organization\",\"@id\":\"https:\/\/bobimarket.pl\/#organization\",\"name\":\"BOBIMARKET.pl\",\"url\":\"https:\/\/bobimarket.pl\/\",\"logo\":{\"@type\":\"ImageObject\",\"inLanguage\":\"pl-PL\",\"@id\":\"https:\/\/bobimarket.pl\/#\/schema\/logo\/image\/\",\"url\":\"https:\/\/bobimarket.pl\/wp-content\/uploads\/2021\/11\/slogan.png\",\"contentUrl\":\"https:\/\/bobimarket.pl\/wp-content\/uploads\/2021\/11\/slogan.png\",\"width\":2000,\"height\":384,\"caption\":\"BOBIMARKET.pl\"},\"image\":{\"@id\":\"https:\/\/bobimarket.pl\/#\/schema\/logo\/image\/\"}}]}<\/script>\n<!-- \/ Yoast SEO plugin. -->","yoast_head_json":{"title":"KUBEK TERMICZNY NAK\u0141ADKA DO PRACY SZKO\u0141Y 350ml - BOBIMARKET.pl - Remontuj i urz\u0105dzaj z nami","robots":{"index":"index","follow":"follow","max-snippet":"max-snippet:-1","max-image-preview":"max-image-preview:large","max-video-preview":"max-video-preview:-1"},"canonical":"https:\/\/bobimarket.pl\/index.php\/produkt\/kubek-termiczny-nakladka-do-pracy-szkoly-350ml\/","og_locale":"pl_PL","og_type":"article","og_title":"KUBEK TERMICZNY NAK\u0141ADKA DO PRACY SZKO\u0141Y 350ml - BOBIMARKET.pl - Remontuj i urz\u0105dzaj z nami","og_description":"KUBEK TERMICZNY NAK\u0141ADKA DO PRACY SZKO\u0141Y 350ml Informacje og\u00f3lne: Pojemno\u015b\u0107: 350ml Materia\u0142: stal nierdzewna Typ: kubek termiczny Antypo\u015blizgowa silikonowa opaska Elegancki i praktyczny Praktyczny kubek termiczny, kt\u00f3ry mo\u017cna wsz\u0119dzie ze sob\u0105 zabra\u0107! Wielozadaniowa kubek nierdzewny doskonale sprawdzi si\u0119 w kr\u00f3tkiej podr\u00f3\u017cy jak i w codziennym u\u017cytku. Przyda si\u0119 r\u00f3wnie\u017c w drodze &#8211; mo\u017cesz go swobodnie     Czytaj wi\u0119cej \"KUBEK TERMICZNY NAK\u0141ADKA DO PRACY SZKO\u0141Y 350ml\"","og_url":"https:\/\/bobimarket.pl\/index.php\/produkt\/kubek-termiczny-nakladka-do-pracy-szkoly-350ml\/","og_site_name":"BOBIMARKET.pl - Remontuj i urz\u0105dzaj z nami","article_modified_time":"2025-02-27T16:34:03+00:00","og_image":[{"url":"https:\/\/upload.cdn.baselinker.com\/products\/14476\/0452587874b67f4eba6319c5343096d7.jpg"}],"twitter_card":"summary_large_image","twitter_misc":{"Szacowany czas czytania":"1 minuta"},"schema":{"@context":"https:\/\/schema.org","@graph":[{"@type":"WebPage","@id":"https:\/\/bobimarket.pl\/index.php\/produkt\/kubek-termiczny-nakladka-do-pracy-szkoly-350ml\/","url":"https:\/\/bobimarket.pl\/index.php\/produkt\/kubek-termiczny-nakladka-do-pracy-szkoly-350ml\/","name":"KUBEK TERMICZNY NAK\u0141ADKA DO PRACY SZKO\u0141Y 350ml - BOBIMARKET.pl - Remontuj i urz\u0105dzaj z nami","isPartOf":{"@id":"https:\/\/bobimarket.pl\/#website"},"datePublished":"2023-08-30T12:22:36+00:00","dateModified":"2025-02-27T16:34:03+00:00","breadcrumb":{"@id":"https:\/\/bobimarket.pl\/index.php\/produkt\/kubek-termiczny-nakladka-do-pracy-szkoly-350ml\/#breadcrumb"},"inLanguage":"pl-PL","potentialAction":[{"@type":"ReadAction","target":["https:\/\/bobimarket.pl\/index.php\/produkt\/kubek-termiczny-nakladka-do-pracy-szkoly-350ml\/"]}]},{"@type":"BreadcrumbList","@id":"https:\/\/bobimarket.pl\/index.php\/produkt\/kubek-termiczny-nakladka-do-pracy-szkoly-350ml\/#breadcrumb","itemListElement":[{"@type":"ListItem","position":1,"name":"Strona g\u0142\u00f3wna","item":"https:\/\/bobimarket.pl\/"},{"@type":"ListItem","position":2,"name":"Sklep","item":"https:\/\/bobimarket.pl\/index.php\/shop\/"},{"@type":"ListItem","position":3,"name":"KUBEK TERMICZNY NAK\u0141ADKA DO PRACY SZKO\u0141Y 350ml"}]},{"@type":"WebSite","@id":"https:\/\/bobimarket.pl\/#website","url":"https:\/\/bobimarket.pl\/","name":"BOBIMARKET.pl - Remontuj i urz\u0105dzaj z nami","description":"Remontuj i urz\u0105dzaj z nami","publisher":{"@id":"https:\/\/bobimarket.pl\/#organization"},"potentialAction":[{"@type":"SearchAction","target":{"@type":"EntryPoint","urlTemplate":"https:\/\/bobimarket.pl\/?s={search_term_string}"},"query-input":"required name=search_term_string"}],"inLanguage":"pl-PL"},{"@type":"Organization","@id":"https:\/\/bobimarket.pl\/#organization","name":"BOBIMARKET.pl","url":"https:\/\/bobimarket.pl\/","logo":{"@type":"ImageObject","inLanguage":"pl-PL","@id":"https:\/\/bobimarket.pl\/#\/schema\/logo\/image\/","url":"https:\/\/bobimarket.pl\/wp-content\/uploads\/2021\/11\/slogan.png","contentUrl":"https:\/\/bobimarket.pl\/wp-content\/uploads\/2021\/11\/slogan.png","width":2000,"height":384,"caption":"BOBIMARKET.pl"},"image":{"@id":"https:\/\/bobimarket.pl\/#\/schema\/logo\/image\/"}}]}},"_links":{"self":[{"href":"https:\/\/bobimarket.pl\/index.php\/wp-json\/wp\/v2\/product\/97192"}],"collection":[{"href":"https:\/\/bobimarket.pl\/index.php\/wp-json\/wp\/v2\/product"}],"about":[{"href":"https:\/\/bobimarket.pl\/index.php\/wp-json\/wp\/v2\/types\/product"}],"wp:featuredmedia":[{"embeddable":true,"href":"https:\/\/bobimarket.pl\/index.php\/wp-json\/wp\/v2\/media\/97191"}],"wp:attachment":[{"href":"https:\/\/bobimarket.pl\/index.php\/wp-json\/wp\/v2\/media?parent=97192"}],"wp:term":[{"taxonomy":"product_cat","embeddable":true,"href":"https:\/\/bobimarket.pl\/index.php\/wp-json\/wp\/v2\/product_cat?post=97192"},{"taxonomy":"product_tag","embeddable":true,"href":"https:\/\/bobimarket.pl\/index.php\/wp-json\/wp\/v2\/product_tag?post=97192"}],"curies":[{"name":"wp","href":"https:\/\/api.w.org\/{rel}","templated":true}]}}