{"id":97195,"date":"2023-08-30T12:22:53","date_gmt":"2023-08-30T12:22:53","guid":{"rendered":"https:\/\/bobimarket.pl\/index.php\/produkt\/suszarka-na-pranie-skladana-ogrodowa\/"},"modified":"2025-02-27T16:34:07","modified_gmt":"2025-02-27T16:34:07","slug":"suszarka-na-pranie-skladana-ogrodowa","status":"publish","type":"product","link":"https:\/\/bobimarket.pl\/index.php\/produkt\/suszarka-na-pranie-skladana-ogrodowa\/","title":{"rendered":"SUSZARKA NA PRANIE SK\u0141ADANA OGRODOWA"},"content":{"rendered":"<section class=\"section\">\n<div class=\"item item-12\">\n<section class=\"text-item\">\n<h1>SUSZARKA NA PRANIE SK\u0141ADANA OGRODOWA<\/h1>\n<p><b>Informacje og\u00f3lne:<\/b><\/p>\n<ul>\n<li>Wymiary:&nbsp;<b>180 x 56 x 103\/84 cm<\/b><\/li>\n<li>Powierzchnia robocza :&nbsp;<b>18m<\/b><\/li>\n<li><b>2 k\u00f3\u0142ka<\/b><\/li>\n<li><b>\u017belazne i aluminiowe rurki<\/b><\/li>\n<li><b>Na kaloryfer, balkon<\/b><\/li>\n<li><b>Sk\u0142adana<\/b><\/li>\n<\/ul>\n<\/section><\/div>\n<\/section>\n<section class=\"section\">\n<div class=\"item item-12\">\n<section class=\"image-item\"><img decoding=\"async\" src=\"https:\/\/upload.cdn.baselinker.com\/products\/14476\/01b54b37535be7ee8dacfae474710828.jpg\"><\/section>\n<\/p><\/div>\n<\/section>\n<section class=\"section\">\n<div class=\"item item-12\">\n<section class=\"text-item\">\n<h2>DU\u017bA SUSZARKA NA PRAWNIE &#8211; POWIERZCHNIA ROBOCZA 18m<\/h2>\n<p>Suszarka na pranie to ogromne udogodnienie dla wszystkich. Wysoka jako\u015b materia\u0142\u00f3w zastosowana do produkcji b\u0119dzie owocowa\u0107 d\u0142ugim okresem u\u017cytkowania. Suszarka charakteryzuje si\u0119 odporno\u015b\u0107 na warunki atmosferyczne i korozj\u0119. Suszarka wyr\u00f3\u017cni\u0105 si\u0119 du\u017c\u0105 powierzchni\u0105 robocz\u0105.<\/p>\n<ul>\n<li>Mo\u017ce s\u0142u\u017cy\u0107 idealnie jako suszarka na pranie do ogrodu, na balkon czy do domu.<\/li>\n<\/ul>\n<\/section><\/div>\n<\/section>\n<section class=\"section\">\n<div class=\"item item-6\">\n<section class=\"image-item\"><img decoding=\"async\" src=\"https:\/\/upload.cdn.baselinker.com\/products\/14476\/01b54b37535be7ee8dacfae474710828.jpg\"><\/section>\n<\/p><\/div>\n<div class=\"item item-6\">\n<section class=\"text-item\">\n<p>\u2705 K\u00f3\u0142ka u\u0142atwiaj\u0105ce przenoszenie suszarki<\/p>\n<p>\u2705 Wygodne sk\u0142adane ramiona suszarki<\/p>\n<p>\u2705 Blokada ramion<\/p>\n<p>\u2705 Du\u017ca powierzchnia robocza<\/p>\n<\/section><\/div>\n<\/section>\n","protected":false},"excerpt":{"rendered":"<p>SUSZARKA NA PRANIE SK\u0141ADANA OGRODOWA Informacje og\u00f3lne: Wymiary:&nbsp;180 x 56 x 103\/84 cm Powierzchnia robocza :&nbsp;18m 2 k\u00f3\u0142ka \u017belazne i aluminiowe rurki Na kaloryfer, balkon Sk\u0142adana DU\u017bA SUSZARKA NA PRAWNIE &#8211; POWIERZCHNIA ROBOCZA 18m Suszarka na pranie to ogromne udogodnienie dla wszystkich. Wysoka jako\u015b materia\u0142\u00f3w zastosowana do produkcji b\u0119dzie owocowa\u0107 d\u0142ugim okresem u\u017cytkowania. Suszarka charakteryzuje<br \/><a class=\"more-link\" href=\"https:\/\/bobimarket.pl\/index.php\/produkt\/suszarka-na-pranie-skladana-ogrodowa\/\"><br \/>\n        Czytaj wi\u0119cej<span class=\"screen-reader-text\"> &#8222;SUSZARKA NA PRANIE SK\u0141ADANA OGRODOWA&#8221;<\/span><\/a><\/p>\n","protected":false},"featured_media":97193,"template":"","meta":[],"product_cat":[8276],"product_tag":[],"yoast_head":"<!-- This site is optimized with the Yoast SEO plugin v21.0 - https:\/\/yoast.com\/wordpress\/plugins\/seo\/ -->\n<title>SUSZARKA NA PRANIE SK\u0141ADANA OGRODOWA - BOBIMARKET.pl - Remontuj i urz\u0105dzaj z nami<\/title>\n<meta name=\"robots\" content=\"index, follow, max-snippet:-1, max-image-preview:large, max-video-preview:-1\" \/>\n<link rel=\"canonical\" href=\"https:\/\/bobimarket.pl\/index.php\/produkt\/suszarka-na-pranie-skladana-ogrodowa\/\" \/>\n<meta property=\"og:locale\" content=\"pl_PL\" \/>\n<meta property=\"og:type\" content=\"article\" \/>\n<meta property=\"og:title\" content=\"SUSZARKA NA PRANIE SK\u0141ADANA OGRODOWA - BOBIMARKET.pl - Remontuj i urz\u0105dzaj z nami\" \/>\n<meta property=\"og:description\" content=\"SUSZARKA NA PRANIE SK\u0141ADANA OGRODOWA Informacje og\u00f3lne: Wymiary:&nbsp;180 x 56 x 103\/84 cm Powierzchnia robocza :&nbsp;18m 2 k\u00f3\u0142ka \u017belazne i aluminiowe rurki Na kaloryfer, balkon Sk\u0142adana DU\u017bA SUSZARKA NA PRAWNIE &#8211; POWIERZCHNIA ROBOCZA 18m Suszarka na pranie to ogromne udogodnienie dla wszystkich. Wysoka jako\u015b materia\u0142\u00f3w zastosowana do produkcji b\u0119dzie owocowa\u0107 d\u0142ugim okresem u\u017cytkowania. Suszarka charakteryzuje     Czytaj wi\u0119cej &quot;SUSZARKA NA PRANIE SK\u0141ADANA OGRODOWA&quot;\" \/>\n<meta property=\"og:url\" content=\"https:\/\/bobimarket.pl\/index.php\/produkt\/suszarka-na-pranie-skladana-ogrodowa\/\" \/>\n<meta property=\"og:site_name\" content=\"BOBIMARKET.pl - Remontuj i urz\u0105dzaj z nami\" \/>\n<meta property=\"article:modified_time\" content=\"2025-02-27T16:34:07+00:00\" \/>\n<meta property=\"og:image\" content=\"https:\/\/upload.cdn.baselinker.com\/products\/14476\/01b54b37535be7ee8dacfae474710828.jpg\" \/>\n<meta name=\"twitter:card\" content=\"summary_large_image\" \/>\n<meta name=\"twitter:label1\" content=\"Szacowany czas czytania\" \/>\n\t<meta name=\"twitter:data1\" content=\"1 minuta\" \/>\n<script type=\"application\/ld+json\" class=\"yoast-schema-graph\">{\"@context\":\"https:\/\/schema.org\",\"@graph\":[{\"@type\":\"WebPage\",\"@id\":\"https:\/\/bobimarket.pl\/index.php\/produkt\/suszarka-na-pranie-skladana-ogrodowa\/\",\"url\":\"https:\/\/bobimarket.pl\/index.php\/produkt\/suszarka-na-pranie-skladana-ogrodowa\/\",\"name\":\"SUSZARKA NA PRANIE SK\u0141ADANA OGRODOWA - BOBIMARKET.pl - Remontuj i urz\u0105dzaj z nami\",\"isPartOf\":{\"@id\":\"https:\/\/bobimarket.pl\/#website\"},\"datePublished\":\"2023-08-30T12:22:53+00:00\",\"dateModified\":\"2025-02-27T16:34:07+00:00\",\"breadcrumb\":{\"@id\":\"https:\/\/bobimarket.pl\/index.php\/produkt\/suszarka-na-pranie-skladana-ogrodowa\/#breadcrumb\"},\"inLanguage\":\"pl-PL\",\"potentialAction\":[{\"@type\":\"ReadAction\",\"target\":[\"https:\/\/bobimarket.pl\/index.php\/produkt\/suszarka-na-pranie-skladana-ogrodowa\/\"]}]},{\"@type\":\"BreadcrumbList\",\"@id\":\"https:\/\/bobimarket.pl\/index.php\/produkt\/suszarka-na-pranie-skladana-ogrodowa\/#breadcrumb\",\"itemListElement\":[{\"@type\":\"ListItem\",\"position\":1,\"name\":\"Strona g\u0142\u00f3wna\",\"item\":\"https:\/\/bobimarket.pl\/\"},{\"@type\":\"ListItem\",\"position\":2,\"name\":\"Sklep\",\"item\":\"https:\/\/bobimarket.pl\/index.php\/shop\/\"},{\"@type\":\"ListItem\",\"position\":3,\"name\":\"SUSZARKA NA PRANIE SK\u0141ADANA OGRODOWA\"}]},{\"@type\":\"WebSite\",\"@id\":\"https:\/\/bobimarket.pl\/#website\",\"url\":\"https:\/\/bobimarket.pl\/\",\"name\":\"BOBIMARKET.pl - Remontuj i urz\u0105dzaj z nami\",\"description\":\"Remontuj i urz\u0105dzaj z nami\",\"publisher\":{\"@id\":\"https:\/\/bobimarket.pl\/#organization\"},\"potentialAction\":[{\"@type\":\"SearchAction\",\"target\":{\"@type\":\"EntryPoint\",\"urlTemplate\":\"https:\/\/bobimarket.pl\/?s={search_term_string}\"},\"query-input\":\"required name=search_term_string\"}],\"inLanguage\":\"pl-PL\"},{\"@type\":\"Organization\",\"@id\":\"https:\/\/bobimarket.pl\/#organization\",\"name\":\"BOBIMARKET.pl\",\"url\":\"https:\/\/bobimarket.pl\/\",\"logo\":{\"@type\":\"ImageObject\",\"inLanguage\":\"pl-PL\",\"@id\":\"https:\/\/bobimarket.pl\/#\/schema\/logo\/image\/\",\"url\":\"https:\/\/bobimarket.pl\/wp-content\/uploads\/2021\/11\/slogan.png\",\"contentUrl\":\"https:\/\/bobimarket.pl\/wp-content\/uploads\/2021\/11\/slogan.png\",\"width\":2000,\"height\":384,\"caption\":\"BOBIMARKET.pl\"},\"image\":{\"@id\":\"https:\/\/bobimarket.pl\/#\/schema\/logo\/image\/\"}}]}<\/script>\n<!-- \/ Yoast SEO plugin. -->","yoast_head_json":{"title":"SUSZARKA NA PRANIE SK\u0141ADANA OGRODOWA - BOBIMARKET.pl - Remontuj i urz\u0105dzaj z nami","robots":{"index":"index","follow":"follow","max-snippet":"max-snippet:-1","max-image-preview":"max-image-preview:large","max-video-preview":"max-video-preview:-1"},"canonical":"https:\/\/bobimarket.pl\/index.php\/produkt\/suszarka-na-pranie-skladana-ogrodowa\/","og_locale":"pl_PL","og_type":"article","og_title":"SUSZARKA NA PRANIE SK\u0141ADANA OGRODOWA - BOBIMARKET.pl - Remontuj i urz\u0105dzaj z nami","og_description":"SUSZARKA NA PRANIE SK\u0141ADANA OGRODOWA Informacje og\u00f3lne: Wymiary:&nbsp;180 x 56 x 103\/84 cm Powierzchnia robocza :&nbsp;18m 2 k\u00f3\u0142ka \u017belazne i aluminiowe rurki Na kaloryfer, balkon Sk\u0142adana DU\u017bA SUSZARKA NA PRAWNIE &#8211; POWIERZCHNIA ROBOCZA 18m Suszarka na pranie to ogromne udogodnienie dla wszystkich. Wysoka jako\u015b materia\u0142\u00f3w zastosowana do produkcji b\u0119dzie owocowa\u0107 d\u0142ugim okresem u\u017cytkowania. Suszarka charakteryzuje     Czytaj wi\u0119cej \"SUSZARKA NA PRANIE SK\u0141ADANA OGRODOWA\"","og_url":"https:\/\/bobimarket.pl\/index.php\/produkt\/suszarka-na-pranie-skladana-ogrodowa\/","og_site_name":"BOBIMARKET.pl - Remontuj i urz\u0105dzaj z nami","article_modified_time":"2025-02-27T16:34:07+00:00","og_image":[{"url":"https:\/\/upload.cdn.baselinker.com\/products\/14476\/01b54b37535be7ee8dacfae474710828.jpg"}],"twitter_card":"summary_large_image","twitter_misc":{"Szacowany czas czytania":"1 minuta"},"schema":{"@context":"https:\/\/schema.org","@graph":[{"@type":"WebPage","@id":"https:\/\/bobimarket.pl\/index.php\/produkt\/suszarka-na-pranie-skladana-ogrodowa\/","url":"https:\/\/bobimarket.pl\/index.php\/produkt\/suszarka-na-pranie-skladana-ogrodowa\/","name":"SUSZARKA NA PRANIE SK\u0141ADANA OGRODOWA - BOBIMARKET.pl - Remontuj i urz\u0105dzaj z nami","isPartOf":{"@id":"https:\/\/bobimarket.pl\/#website"},"datePublished":"2023-08-30T12:22:53+00:00","dateModified":"2025-02-27T16:34:07+00:00","breadcrumb":{"@id":"https:\/\/bobimarket.pl\/index.php\/produkt\/suszarka-na-pranie-skladana-ogrodowa\/#breadcrumb"},"inLanguage":"pl-PL","potentialAction":[{"@type":"ReadAction","target":["https:\/\/bobimarket.pl\/index.php\/produkt\/suszarka-na-pranie-skladana-ogrodowa\/"]}]},{"@type":"BreadcrumbList","@id":"https:\/\/bobimarket.pl\/index.php\/produkt\/suszarka-na-pranie-skladana-ogrodowa\/#breadcrumb","itemListElement":[{"@type":"ListItem","position":1,"name":"Strona g\u0142\u00f3wna","item":"https:\/\/bobimarket.pl\/"},{"@type":"ListItem","position":2,"name":"Sklep","item":"https:\/\/bobimarket.pl\/index.php\/shop\/"},{"@type":"ListItem","position":3,"name":"SUSZARKA NA PRANIE SK\u0141ADANA OGRODOWA"}]},{"@type":"WebSite","@id":"https:\/\/bobimarket.pl\/#website","url":"https:\/\/bobimarket.pl\/","name":"BOBIMARKET.pl - Remontuj i urz\u0105dzaj z nami","description":"Remontuj i urz\u0105dzaj z nami","publisher":{"@id":"https:\/\/bobimarket.pl\/#organization"},"potentialAction":[{"@type":"SearchAction","target":{"@type":"EntryPoint","urlTemplate":"https:\/\/bobimarket.pl\/?s={search_term_string}"},"query-input":"required name=search_term_string"}],"inLanguage":"pl-PL"},{"@type":"Organization","@id":"https:\/\/bobimarket.pl\/#organization","name":"BOBIMARKET.pl","url":"https:\/\/bobimarket.pl\/","logo":{"@type":"ImageObject","inLanguage":"pl-PL","@id":"https:\/\/bobimarket.pl\/#\/schema\/logo\/image\/","url":"https:\/\/bobimarket.pl\/wp-content\/uploads\/2021\/11\/slogan.png","contentUrl":"https:\/\/bobimarket.pl\/wp-content\/uploads\/2021\/11\/slogan.png","width":2000,"height":384,"caption":"BOBIMARKET.pl"},"image":{"@id":"https:\/\/bobimarket.pl\/#\/schema\/logo\/image\/"}}]}},"_links":{"self":[{"href":"https:\/\/bobimarket.pl\/index.php\/wp-json\/wp\/v2\/product\/97195"}],"collection":[{"href":"https:\/\/bobimarket.pl\/index.php\/wp-json\/wp\/v2\/product"}],"about":[{"href":"https:\/\/bobimarket.pl\/index.php\/wp-json\/wp\/v2\/types\/product"}],"wp:featuredmedia":[{"embeddable":true,"href":"https:\/\/bobimarket.pl\/index.php\/wp-json\/wp\/v2\/media\/97193"}],"wp:attachment":[{"href":"https:\/\/bobimarket.pl\/index.php\/wp-json\/wp\/v2\/media?parent=97195"}],"wp:term":[{"taxonomy":"product_cat","embeddable":true,"href":"https:\/\/bobimarket.pl\/index.php\/wp-json\/wp\/v2\/product_cat?post=97195"},{"taxonomy":"product_tag","embeddable":true,"href":"https:\/\/bobimarket.pl\/index.php\/wp-json\/wp\/v2\/product_tag?post=97195"}],"curies":[{"name":"wp","href":"https:\/\/api.w.org\/{rel}","templated":true}]}}