{"id":97197,"date":"2023-08-30T12:23:00","date_gmt":"2023-08-30T12:23:00","guid":{"rendered":"https:\/\/bobimarket.pl\/index.php\/produkt\/tarka-szatkownica-4-stronna-stal-nierdzewna-17-cm\/"},"modified":"2025-02-27T16:34:11","modified_gmt":"2025-02-27T16:34:11","slug":"tarka-szatkownica-4-stronna-stal-nierdzewna-17-cm","status":"publish","type":"product","link":"https:\/\/bobimarket.pl\/index.php\/produkt\/tarka-szatkownica-4-stronna-stal-nierdzewna-17-cm\/","title":{"rendered":"TARKA SZATKOWNICA 4 STRONNA STAL NIERDZEWNA 17 cm"},"content":{"rendered":"<section class=\"section\">\n<div class=\"item item-12\">\n<section class=\"text-item\">\n<h2>TARKA SZATKOWNICA 4 STRONNA STAL NIERDZEWNA 17 cm<\/h2>\n<p><b>Informacje og\u00f3lne:<\/b><\/p>\n<ul>\n<li>Materia\u0142:<b> stal nierdzewna<\/b><\/li>\n<li>Wysoko\u015b\u0107:<b> 17 cm<\/b><\/li>\n<li>Wymiary dna:<b> 9&#215;6,5 cm <\/b><\/li>\n<li>Rodzaj: <b>4 stronna tarka <\/b><\/li>\n<\/ul>\n<\/section><\/div>\n<\/section>\n<section class=\"section\">\n<div class=\"item item-12\">\n<section class=\"image-item\">\n            <img decoding=\"async\" src=\"https:\/\/upload.cdn.baselinker.com\/products\/14476\/9777adf82ec2eeb2b4cfbdb83449ae89.jpg\" \/><br \/>\n        <\/section>\n<\/p><\/div>\n<\/section>\n<section class=\"section\">\n<div class=\"item item-12\">\n<section class=\"text-item\">\n<h2>Klasyczna tarka, niezb\u0119dny element wyposa\u017cenia Twojej kuchni!<\/h2>\n<p>Praktyczna sze\u015bciostronna tarka wykonana z stali nierdzewnej. Tarka, to element wyposa\u017cenia kuchni, kt\u00f3ry na pewno <b>u\u0142atwi przyrz\u0105dzanie posi\u0142k\u00f3w lub pieczenie ciast<\/b>. Posiada 4 rodzaj\u00f3w otwor\u00f3w, dzi\u0119ki kt\u00f3rym gotowanie stanie si\u0119 \u0142atwiejsze i przyjemniejsze. Wybierz odpowiedni\u0105 stron\u0119 tarki i zetrzyj warzywa i owoce na wybran\u0105 grubo\u015b\u0107.<\/p>\n<p>\u2705<b> 4 rodzaje powierzchni tr\u0105cych<\/b> do szatkowania warzyw, \u015bcierania owoc\u00f3w, sera, czekolady lub innych podobnych produkt\u00f3w<\/p>\n<p>\u2705 Tarka posiada<b> wygodny uchwyt<\/b>, kt\u00f3ry gwarantuje komfort podczas pracy tark\u0105.<\/p>\n<p>\u2705 Silikonowa podstawka <b>zapewnia bezpieczn\u0105 prac\u0119<\/b>, tarka nie \u015blizga si\u0119 po blacie !!!<\/p>\n<\/section><\/div>\n<\/section>\n<section class=\"section\">\n<div class=\"item item-12\">\n<section class=\"image-item\">\n            <img decoding=\"async\" src=\"https:\/\/upload.cdn.baselinker.com\/products\/14476\/9777adf82ec2eeb2b4cfbdb83449ae89.jpg\" \/><br \/>\n        <\/section>\n<\/p><\/div>\n<\/section>\n","protected":false},"excerpt":{"rendered":"<p>TARKA SZATKOWNICA 4 STRONNA STAL NIERDZEWNA 17 cm Informacje og\u00f3lne: Materia\u0142: stal nierdzewna Wysoko\u015b\u0107: 17 cm Wymiary dna: 9&#215;6,5 cm Rodzaj: 4 stronna tarka Klasyczna tarka, niezb\u0119dny element wyposa\u017cenia Twojej kuchni! Praktyczna sze\u015bciostronna tarka wykonana z stali nierdzewnej. Tarka, to element wyposa\u017cenia kuchni, kt\u00f3ry na pewno u\u0142atwi przyrz\u0105dzanie posi\u0142k\u00f3w lub pieczenie ciast. Posiada 4 rodzaj\u00f3w<br \/><a class=\"more-link\" href=\"https:\/\/bobimarket.pl\/index.php\/produkt\/tarka-szatkownica-4-stronna-stal-nierdzewna-17-cm\/\"><br \/>\n        Czytaj wi\u0119cej<span class=\"screen-reader-text\"> &#8222;TARKA SZATKOWNICA 4 STRONNA STAL NIERDZEWNA 17 cm&#8221;<\/span><\/a><\/p>\n","protected":false},"featured_media":97196,"template":"","meta":[],"product_cat":[8383],"product_tag":[],"yoast_head":"<!-- This site is optimized with the Yoast SEO plugin v21.0 - https:\/\/yoast.com\/wordpress\/plugins\/seo\/ -->\n<title>TARKA SZATKOWNICA 4 STRONNA STAL NIERDZEWNA 17 cm - BOBIMARKET.pl - Remontuj i urz\u0105dzaj z nami<\/title>\n<meta name=\"robots\" content=\"index, follow, max-snippet:-1, max-image-preview:large, max-video-preview:-1\" \/>\n<link rel=\"canonical\" href=\"https:\/\/bobimarket.pl\/index.php\/produkt\/tarka-szatkownica-4-stronna-stal-nierdzewna-17-cm\/\" \/>\n<meta property=\"og:locale\" content=\"pl_PL\" \/>\n<meta property=\"og:type\" content=\"article\" \/>\n<meta property=\"og:title\" content=\"TARKA SZATKOWNICA 4 STRONNA STAL NIERDZEWNA 17 cm - BOBIMARKET.pl - Remontuj i urz\u0105dzaj z nami\" \/>\n<meta property=\"og:description\" content=\"TARKA SZATKOWNICA 4 STRONNA STAL NIERDZEWNA 17 cm Informacje og\u00f3lne: Materia\u0142: stal nierdzewna Wysoko\u015b\u0107: 17 cm Wymiary dna: 9&#215;6,5 cm Rodzaj: 4 stronna tarka Klasyczna tarka, niezb\u0119dny element wyposa\u017cenia Twojej kuchni! Praktyczna sze\u015bciostronna tarka wykonana z stali nierdzewnej. Tarka, to element wyposa\u017cenia kuchni, kt\u00f3ry na pewno u\u0142atwi przyrz\u0105dzanie posi\u0142k\u00f3w lub pieczenie ciast. Posiada 4 rodzaj\u00f3w     Czytaj wi\u0119cej &quot;TARKA SZATKOWNICA 4 STRONNA STAL NIERDZEWNA 17 cm&quot;\" \/>\n<meta property=\"og:url\" content=\"https:\/\/bobimarket.pl\/index.php\/produkt\/tarka-szatkownica-4-stronna-stal-nierdzewna-17-cm\/\" \/>\n<meta property=\"og:site_name\" content=\"BOBIMARKET.pl - Remontuj i urz\u0105dzaj z nami\" \/>\n<meta property=\"article:modified_time\" content=\"2025-02-27T16:34:11+00:00\" \/>\n<meta property=\"og:image\" content=\"https:\/\/upload.cdn.baselinker.com\/products\/14476\/9777adf82ec2eeb2b4cfbdb83449ae89.jpg\" \/>\n<meta name=\"twitter:card\" content=\"summary_large_image\" \/>\n<meta name=\"twitter:label1\" content=\"Szacowany czas czytania\" \/>\n\t<meta name=\"twitter:data1\" content=\"1 minuta\" \/>\n<script type=\"application\/ld+json\" class=\"yoast-schema-graph\">{\"@context\":\"https:\/\/schema.org\",\"@graph\":[{\"@type\":\"WebPage\",\"@id\":\"https:\/\/bobimarket.pl\/index.php\/produkt\/tarka-szatkownica-4-stronna-stal-nierdzewna-17-cm\/\",\"url\":\"https:\/\/bobimarket.pl\/index.php\/produkt\/tarka-szatkownica-4-stronna-stal-nierdzewna-17-cm\/\",\"name\":\"TARKA SZATKOWNICA 4 STRONNA STAL NIERDZEWNA 17 cm - BOBIMARKET.pl - Remontuj i urz\u0105dzaj z nami\",\"isPartOf\":{\"@id\":\"https:\/\/bobimarket.pl\/#website\"},\"datePublished\":\"2023-08-30T12:23:00+00:00\",\"dateModified\":\"2025-02-27T16:34:11+00:00\",\"breadcrumb\":{\"@id\":\"https:\/\/bobimarket.pl\/index.php\/produkt\/tarka-szatkownica-4-stronna-stal-nierdzewna-17-cm\/#breadcrumb\"},\"inLanguage\":\"pl-PL\",\"potentialAction\":[{\"@type\":\"ReadAction\",\"target\":[\"https:\/\/bobimarket.pl\/index.php\/produkt\/tarka-szatkownica-4-stronna-stal-nierdzewna-17-cm\/\"]}]},{\"@type\":\"BreadcrumbList\",\"@id\":\"https:\/\/bobimarket.pl\/index.php\/produkt\/tarka-szatkownica-4-stronna-stal-nierdzewna-17-cm\/#breadcrumb\",\"itemListElement\":[{\"@type\":\"ListItem\",\"position\":1,\"name\":\"Strona g\u0142\u00f3wna\",\"item\":\"https:\/\/bobimarket.pl\/\"},{\"@type\":\"ListItem\",\"position\":2,\"name\":\"Sklep\",\"item\":\"https:\/\/bobimarket.pl\/index.php\/shop\/\"},{\"@type\":\"ListItem\",\"position\":3,\"name\":\"TARKA SZATKOWNICA 4 STRONNA STAL NIERDZEWNA 17 cm\"}]},{\"@type\":\"WebSite\",\"@id\":\"https:\/\/bobimarket.pl\/#website\",\"url\":\"https:\/\/bobimarket.pl\/\",\"name\":\"BOBIMARKET.pl - Remontuj i urz\u0105dzaj z nami\",\"description\":\"Remontuj i urz\u0105dzaj z nami\",\"publisher\":{\"@id\":\"https:\/\/bobimarket.pl\/#organization\"},\"potentialAction\":[{\"@type\":\"SearchAction\",\"target\":{\"@type\":\"EntryPoint\",\"urlTemplate\":\"https:\/\/bobimarket.pl\/?s={search_term_string}\"},\"query-input\":\"required name=search_term_string\"}],\"inLanguage\":\"pl-PL\"},{\"@type\":\"Organization\",\"@id\":\"https:\/\/bobimarket.pl\/#organization\",\"name\":\"BOBIMARKET.pl\",\"url\":\"https:\/\/bobimarket.pl\/\",\"logo\":{\"@type\":\"ImageObject\",\"inLanguage\":\"pl-PL\",\"@id\":\"https:\/\/bobimarket.pl\/#\/schema\/logo\/image\/\",\"url\":\"https:\/\/bobimarket.pl\/wp-content\/uploads\/2021\/11\/slogan.png\",\"contentUrl\":\"https:\/\/bobimarket.pl\/wp-content\/uploads\/2021\/11\/slogan.png\",\"width\":2000,\"height\":384,\"caption\":\"BOBIMARKET.pl\"},\"image\":{\"@id\":\"https:\/\/bobimarket.pl\/#\/schema\/logo\/image\/\"}}]}<\/script>\n<!-- \/ Yoast SEO plugin. -->","yoast_head_json":{"title":"TARKA SZATKOWNICA 4 STRONNA STAL NIERDZEWNA 17 cm - BOBIMARKET.pl - Remontuj i urz\u0105dzaj z nami","robots":{"index":"index","follow":"follow","max-snippet":"max-snippet:-1","max-image-preview":"max-image-preview:large","max-video-preview":"max-video-preview:-1"},"canonical":"https:\/\/bobimarket.pl\/index.php\/produkt\/tarka-szatkownica-4-stronna-stal-nierdzewna-17-cm\/","og_locale":"pl_PL","og_type":"article","og_title":"TARKA SZATKOWNICA 4 STRONNA STAL NIERDZEWNA 17 cm - BOBIMARKET.pl - Remontuj i urz\u0105dzaj z nami","og_description":"TARKA SZATKOWNICA 4 STRONNA STAL NIERDZEWNA 17 cm Informacje og\u00f3lne: Materia\u0142: stal nierdzewna Wysoko\u015b\u0107: 17 cm Wymiary dna: 9&#215;6,5 cm Rodzaj: 4 stronna tarka Klasyczna tarka, niezb\u0119dny element wyposa\u017cenia Twojej kuchni! Praktyczna sze\u015bciostronna tarka wykonana z stali nierdzewnej. Tarka, to element wyposa\u017cenia kuchni, kt\u00f3ry na pewno u\u0142atwi przyrz\u0105dzanie posi\u0142k\u00f3w lub pieczenie ciast. Posiada 4 rodzaj\u00f3w     Czytaj wi\u0119cej \"TARKA SZATKOWNICA 4 STRONNA STAL NIERDZEWNA 17 cm\"","og_url":"https:\/\/bobimarket.pl\/index.php\/produkt\/tarka-szatkownica-4-stronna-stal-nierdzewna-17-cm\/","og_site_name":"BOBIMARKET.pl - Remontuj i urz\u0105dzaj z nami","article_modified_time":"2025-02-27T16:34:11+00:00","og_image":[{"url":"https:\/\/upload.cdn.baselinker.com\/products\/14476\/9777adf82ec2eeb2b4cfbdb83449ae89.jpg"}],"twitter_card":"summary_large_image","twitter_misc":{"Szacowany czas czytania":"1 minuta"},"schema":{"@context":"https:\/\/schema.org","@graph":[{"@type":"WebPage","@id":"https:\/\/bobimarket.pl\/index.php\/produkt\/tarka-szatkownica-4-stronna-stal-nierdzewna-17-cm\/","url":"https:\/\/bobimarket.pl\/index.php\/produkt\/tarka-szatkownica-4-stronna-stal-nierdzewna-17-cm\/","name":"TARKA SZATKOWNICA 4 STRONNA STAL NIERDZEWNA 17 cm - BOBIMARKET.pl - Remontuj i urz\u0105dzaj z nami","isPartOf":{"@id":"https:\/\/bobimarket.pl\/#website"},"datePublished":"2023-08-30T12:23:00+00:00","dateModified":"2025-02-27T16:34:11+00:00","breadcrumb":{"@id":"https:\/\/bobimarket.pl\/index.php\/produkt\/tarka-szatkownica-4-stronna-stal-nierdzewna-17-cm\/#breadcrumb"},"inLanguage":"pl-PL","potentialAction":[{"@type":"ReadAction","target":["https:\/\/bobimarket.pl\/index.php\/produkt\/tarka-szatkownica-4-stronna-stal-nierdzewna-17-cm\/"]}]},{"@type":"BreadcrumbList","@id":"https:\/\/bobimarket.pl\/index.php\/produkt\/tarka-szatkownica-4-stronna-stal-nierdzewna-17-cm\/#breadcrumb","itemListElement":[{"@type":"ListItem","position":1,"name":"Strona g\u0142\u00f3wna","item":"https:\/\/bobimarket.pl\/"},{"@type":"ListItem","position":2,"name":"Sklep","item":"https:\/\/bobimarket.pl\/index.php\/shop\/"},{"@type":"ListItem","position":3,"name":"TARKA SZATKOWNICA 4 STRONNA STAL NIERDZEWNA 17 cm"}]},{"@type":"WebSite","@id":"https:\/\/bobimarket.pl\/#website","url":"https:\/\/bobimarket.pl\/","name":"BOBIMARKET.pl - Remontuj i urz\u0105dzaj z nami","description":"Remontuj i urz\u0105dzaj z nami","publisher":{"@id":"https:\/\/bobimarket.pl\/#organization"},"potentialAction":[{"@type":"SearchAction","target":{"@type":"EntryPoint","urlTemplate":"https:\/\/bobimarket.pl\/?s={search_term_string}"},"query-input":"required name=search_term_string"}],"inLanguage":"pl-PL"},{"@type":"Organization","@id":"https:\/\/bobimarket.pl\/#organization","name":"BOBIMARKET.pl","url":"https:\/\/bobimarket.pl\/","logo":{"@type":"ImageObject","inLanguage":"pl-PL","@id":"https:\/\/bobimarket.pl\/#\/schema\/logo\/image\/","url":"https:\/\/bobimarket.pl\/wp-content\/uploads\/2021\/11\/slogan.png","contentUrl":"https:\/\/bobimarket.pl\/wp-content\/uploads\/2021\/11\/slogan.png","width":2000,"height":384,"caption":"BOBIMARKET.pl"},"image":{"@id":"https:\/\/bobimarket.pl\/#\/schema\/logo\/image\/"}}]}},"_links":{"self":[{"href":"https:\/\/bobimarket.pl\/index.php\/wp-json\/wp\/v2\/product\/97197"}],"collection":[{"href":"https:\/\/bobimarket.pl\/index.php\/wp-json\/wp\/v2\/product"}],"about":[{"href":"https:\/\/bobimarket.pl\/index.php\/wp-json\/wp\/v2\/types\/product"}],"wp:featuredmedia":[{"embeddable":true,"href":"https:\/\/bobimarket.pl\/index.php\/wp-json\/wp\/v2\/media\/97196"}],"wp:attachment":[{"href":"https:\/\/bobimarket.pl\/index.php\/wp-json\/wp\/v2\/media?parent=97197"}],"wp:term":[{"taxonomy":"product_cat","embeddable":true,"href":"https:\/\/bobimarket.pl\/index.php\/wp-json\/wp\/v2\/product_cat?post=97197"},{"taxonomy":"product_tag","embeddable":true,"href":"https:\/\/bobimarket.pl\/index.php\/wp-json\/wp\/v2\/product_tag?post=97197"}],"curies":[{"name":"wp","href":"https:\/\/api.w.org\/{rel}","templated":true}]}}