{"id":97216,"date":"2023-08-30T12:24:10","date_gmt":"2023-08-30T12:24:10","guid":{"rendered":"https:\/\/bobimarket.pl\/index.php\/produkt\/agrocover-50ml-zwalcza-mszyce-przedziorki-roslin\/"},"modified":"2025-02-27T16:34:19","modified_gmt":"2025-02-27T16:34:19","slug":"agrocover-50ml-zwalcza-mszyce-przedziorki-roslin","status":"publish","type":"product","link":"https:\/\/bobimarket.pl\/index.php\/produkt\/agrocover-50ml-zwalcza-mszyce-przedziorki-roslin\/","title":{"rendered":"AGROCOVER 50ML ZWALCZA MSZYCE PRZ\u0118DZIORKI RO\u015aLIN"},"content":{"rendered":"<section class=\"section\">\n<div class=\"item item-12\">\n<section class=\"image-item\">\n            <img decoding=\"async\" src=\"https:\/\/upload.cdn.baselinker.com\/products\/14476\/36d8c8efbe1bfe1839ce369c2c65b16f.jpg\" \/><br \/>\n        <\/section>\n<\/p><\/div>\n<\/section>\n<section class=\"section\">\n<div class=\"item item-12\">\n<section class=\"text-item\">\n<h2>AGROCOVER 50ML ZWALCZA MSZYCE PRZ\u0118DZIORKI RO\u015aLIN<\/h2>\n<p><b>Informacje og\u00f3lne:<\/b><\/p>\n<ul>\n<li>Pojemno\u015b\u0107: <b>50 ml<\/b><\/li>\n<li>Rodzaj: <b>koncentrat<\/b><\/li>\n<li>Substancja aktywna:<b> o<\/b><b>lej rydzowy<\/b><\/li>\n<li>Przeznaczenie: <b>zwalcza mszyce, prz\u0119dziorki, czerwce i\u00a0inne szkodniki ro\u015blin<\/b><\/li>\n<li>Dawkowanie:<b> 50 ml preparatu na 5 l wody <\/b><\/li>\n<li>Mo\u017cna stosowa\u0107 przed zbiorem<\/li>\n<li>Odporny na zmywanie przez deszcz<\/li>\n<\/ul>\n<\/section><\/div>\n<\/section>\n<section class=\"section\">\n<div class=\"item item-12\">\n<section class=\"image-item\">\n            <img decoding=\"async\" src=\"https:\/\/upload.cdn.baselinker.com\/products\/14476\/a49a27ab74c99f4b8efde8d14d0da0af.jpg\" \/><br \/>\n        <\/section>\n<\/p><\/div>\n<\/section>\n<section class=\"section\">\n<div class=\"item item-12\">\n<section class=\"text-item\">\n<h1>Praktyczne informacje dotycz\u0105ce stosowanie preparatu<\/h1>\n<p>\u2705 AGROCOVER to gotowy do\u00a0u\u017cycia <b>roztw\u00f3r na\u00a0bazie oleju rydzowego<\/b>, kt\u00f3rego zadaniem jest eliminowanie szkodliwych owad\u00f3w i\u00a0roztoczy. Regularnie stosowany (np. co\u00a07-10 dni) ma <b>wp\u0142yw na\u00a0ograniczenie wyst\u0119powania szkodnik\u00f3w\u00a0<\/b>i nie powoduje powstawania populacji szkodnik\u00f3w odpornych.<\/p>\n<p><b>U\u017cywany do zwalczania:<\/b><\/p>\n<ul>\n<li>mszyc (w tym bawe\u0142nice!)<\/li>\n<li>prz\u0119dziork\u00f3w<\/li>\n<li>misecznik\u00f3w<\/li>\n<li>m\u0105czlik\u00f3w<\/li>\n<li>wciornastk\u00f3w<\/li>\n<li>miod\u00f3wek<\/li>\n<li>czerwc\u00f3w (miseczniki, tarczniki, we\u0142nowce)<\/li>\n<li>oraz form zimuj\u0105cych niekt\u00f3rych szkodnik\u00f3w.<\/li>\n<\/ul>\n<h2>UWAGA\u2757 Preparat mo\u017cna stosowa\u0107 przez ca\u0142y rok ( od stycznia do grudnia).<\/h2>\n<\/section><\/div>\n<\/section>\n<section class=\"section\">\n<div class=\"item item-12\">\n<section class=\"image-item\">\n            <img decoding=\"async\" src=\"https:\/\/upload.cdn.baselinker.com\/products\/14476\/2116d23568e1bbd93626aed29eafe585.jpg\" \/><br \/>\n        <\/section>\n<\/p><\/div>\n<\/section>\n<section class=\"section\">\n<div class=\"item item-12\">\n<section class=\"text-item\">\n<h2>\u2705 Jak dzia\u0142a preparat:<\/h2>\n<p>Do\u00a0stosowania w\u00a0uprawach <b>ro\u015blin sadowniczych, warzywniczych, ozdobnych oraz zi\u00f3\u0142. <\/b>Ciecz u\u017cytkowa naniesiona na\u00a0ro\u015bliny pokrywa szkodniki cienk\u0105, lepk\u0105 pow\u0142ok\u0119. Powsta\u0142a pow\u0142oka <b>hamuje funkcje \u017cyciowe szkodnik\u00f3w<\/b>, w tym oddychanie, poruszanie i\u00a0\u017cerowanie. W konsekwencji, po kilku dniach owad ginie. Preparat mo\u017cna stosowa\u0107<b> przez ca\u0142y rok.<\/b><\/p>\n<p><b>DAWKOWANIE: 50 ml koncentrat\u00f3w na 5L wody<\/b><\/p>\n<ol>\n<li>Preparat wyst\u0119puje w formie koncentratu nale\u017cy wi\u0119c przygotowa\u0107 odpowiedni\u0105 roztw\u00f3r. Przed u\u017cyciem odpowiedni\u0105 dawk\u0119 rozcie\u0144cz z wod\u0105.<\/li>\n<li>\u015arodek stosuj za pomoc\u0105 opryskiwacza.<b> Spryskaj miejsca wyst\u0119powania szkodnik\u00f3w<\/b>, zwracaj\u0105c szczeg\u00f3ln\u0105 uwag\u0119 na spodni\u0105 cz\u0119\u015b\u0107 li\u015bci.<\/li>\n<li>\u015arodek dla lepszych efekt\u00f3w powinien by\u0107 stosowany regularnie.<\/li>\n<\/ol>\n<\/section><\/div>\n<\/section>\n<section class=\"section\">\n<div class=\"item item-12\">\n<section class=\"image-item\">\n            <img decoding=\"async\" src=\"https:\/\/upload.cdn.baselinker.com\/products\/14476\/833c1ef63761d69e322bc2287aa6b66b.jpg\" \/><br \/>\n        <\/section>\n<\/p><\/div>\n<\/section>\n<section class=\"section\">\n<div class=\"item item-12\">\n<section class=\"text-item\">\n<h1>Zadbaj o swoje ro\u015bliny i zwalcz szkodniki ro\u015blin!<\/h1>\n<p>Agrocover to \u015brodek przeznaczony <b>do fizycznego eliminowania szkodliwych owad\u00f3w i\u00a0roztoczy<\/b> tj.mszyce, prz\u0119dziorki, czerwce. Jest to <b>produkt naturalny<\/b>, w formie koncentratu na bazie oleju rydzowego. Dzia\u0142a poprzez odci\u0119cie owada od\u00a0powietrza. Preparat stosuje si\u0119 do\u00a0ochrony ro\u015blin ozdobnych, warzywnych i\u00a0owocowych, kt\u00f3re s\u0105\u00a0 uprawianych w\u00a0domu, na\u00a0balkonie lub w\u00a0ogrodzie. Mo\u017ce by\u0107 dodatkowo u\u017cywany do\u00a0<b>zabezpieczenia ro\u015blin iglastych przed br\u0105zowieniem<\/b> w\u00a0okresie przedwio\u015bnia.<\/p>\n<p>\u2705 Wyprodukowany <b>na bazie oleju rydzowego.<\/b> Jest bezpieczny dla ludzi, zwierz\u0105t i \u015brodowiska.\u00a0<\/p>\n<p>\u2705 Specjalna formu\u0142a powoduje, i\u017c jest<b> oporny na zmywanie przez deszcz.<\/b><\/p>\n<p>\u2705<b> Brak okresu karencji.\u00a0<\/b>Opryskiwane nim owoce i warzywa mo\u017cna spo\u017cywa\u0107 bezpo\u015brednio po wykonaniu oprysku.<\/p>\n<p>\u2705 <b>Brak okresu prewencji<\/b>. Preparat mo\u017ce by\u0107 stosowany w\u00a0trakcie ca\u0142ego okresu wegetacji, poniewa\u017c nie\u00a0jest szkodliwy dla\u00a0ro\u015blin oraz pszcz\u00f3\u0142.<\/p>\n<\/section><\/div>\n<\/section>\n<section class=\"section\">\n<div class=\"item item-6\">\n<section class=\"image-item\">\n            <img decoding=\"async\" src=\"https:\/\/upload.cdn.baselinker.com\/products\/14476\/bdf89f37bb146e5136fbe6b5def401b8.jpg\" \/><br \/>\n        <\/section>\n<\/p><\/div>\n<div class=\"item item-6\">\n<section class=\"image-item\">\n            <img decoding=\"async\" src=\"https:\/\/upload.cdn.baselinker.com\/products\/14476\/1b69328105e4a347df792d92a2b805c3.jpg\" \/><br \/>\n        <\/section>\n<\/p><\/div>\n<\/section>\n<section class=\"section\">\n<div class=\"item item-6\">\n<section class=\"text-item\">\n<h1>Agrocover zwalcza mszyce, prz\u0119dziorki, czerwce i\u00a0inne szkodniki ro\u015blin!<\/h1>\n<p><b>\u2705 EKOLOGICZNY<\/b><\/p>\n<p>Naturalny produkt na bazie oleju rydzowego, gotowy do u\u017cycia.\u00a0Zawiera substancj\u0119 aktywn\u0105, kt\u00f3ra s\u0142u\u017cy do ochrony ro\u015blin przed szkodnikami ro\u015blin. Jest <b>ca\u0142kowicie oboj\u0119tny dla po\u017cytecznych owad\u00f3w i ssak\u00f3w.<\/b> Nie niszczy i\u00a0nie zak\u0142\u00f3ca r\u00f3wnowagi biologicznej. Jest <b>przyjazny dla \u015brodowiska<\/b><\/p>\n<p><b>\u2705 SKUTECZNY<\/b><\/p>\n<p>Fizycznie <b>eliminuje szkodliwe owady i roztocza<\/b> poprzez hamowanie ich funkcji \u017cyciowych. Nie wywo\u0142uje odporno\u015bci szkodnik\u00f3w, dlatego mo\u017cna wykonywa\u0107 dowoln\u0105 ilo\u015b\u0107 zabieg\u00f3w w\u00a0sezonie, bez naprzemiennego u\u017cywania innych \u015brodk\u00f3w.<\/p>\n<p><b>\u2705 BEZPIECZNY W U\u017bYCIU<\/b><\/p>\n<p><b>Nie wymaga okresu karencji<\/b> ( mo\u017cna stosowa\u0107 przed zbiorem owoc\u00f3w i warzyw) <b>oraz okresu prewencji<\/b> (jest bezpieczny dla po\u017cytecznych owad\u00f3w, w\u00a0tym pszcz\u00f3\u0142).<\/p>\n<\/section><\/div>\n<div class=\"item item-6\">\n<section class=\"image-item\">\n            <img decoding=\"async\" src=\"https:\/\/upload.cdn.baselinker.com\/products\/14476\/0d5cd1c0939ad9c42f7a7f5f0f14fe5f.jpg\" \/><br \/>\n        <\/section>\n<\/p><\/div>\n<\/section>\n<section class=\"section\">\n<div class=\"item item-12\">\n<section class=\"image-item\">\n            <img decoding=\"async\" src=\"https:\/\/upload.cdn.baselinker.com\/products\/14476\/55d2ee55e1a9e25395a410b2b81f378c.jpg\" \/><br \/>\n        <\/section>\n<\/p><\/div>\n<\/section>\n","protected":false},"excerpt":{"rendered":"<p>Ze \u015brodk\u00f3w ochrony ro\u015blin nale\u017cy korzysta\u0107 z zachowaniem bezpiecze\u0144stwa. Przed ka\u017cdym u\u017cyciem przeczytaj informacje zamieszczone w etykiecie i informacje dotycz\u0105ce produktu. Zapoznaj si\u0119 z zagro\u017ceniami i post\u0119puj zgodnie ze \u015brodkami ostro\u017cno\u015bci wymienionymi w etykiecie. Nabycia \u015brodk\u00f3w ochrony ro\u015blin mog\u0105 dokonywa\u0107 jedynie osoby pe\u0142noletnie i posiadaj\u0105ce kwalifikacje wymagane od os\u00f3b nabywaj\u0105cych \u015brodki ochrony ro\u015blin okre\u015blone w artykule 28 ustawy z dnia 8 marca 2013 r. o \u015brodkach ochrony ro\u015blin ( Dz. U. z 2017, poz. 50 z p\u00f3\u017a\u0144. zm.).<\/p>\n","protected":false},"featured_media":97204,"template":"","meta":[],"product_cat":[8388],"product_tag":[],"yoast_head":"<!-- This site is optimized with the Yoast SEO plugin v21.0 - https:\/\/yoast.com\/wordpress\/plugins\/seo\/ -->\n<title>AGROCOVER 50ML ZWALCZA MSZYCE PRZ\u0118DZIORKI RO\u015aLIN - BOBIMARKET.pl - Remontuj i urz\u0105dzaj z nami<\/title>\n<meta name=\"robots\" content=\"index, follow, max-snippet:-1, max-image-preview:large, max-video-preview:-1\" \/>\n<link rel=\"canonical\" href=\"https:\/\/bobimarket.pl\/index.php\/produkt\/agrocover-50ml-zwalcza-mszyce-przedziorki-roslin\/\" \/>\n<meta property=\"og:locale\" content=\"pl_PL\" \/>\n<meta property=\"og:type\" content=\"article\" \/>\n<meta property=\"og:title\" content=\"AGROCOVER 50ML ZWALCZA MSZYCE PRZ\u0118DZIORKI RO\u015aLIN - BOBIMARKET.pl - Remontuj i urz\u0105dzaj z nami\" \/>\n<meta property=\"og:description\" content=\"Ze \u015brodk\u00f3w ochrony ro\u015blin nale\u017cy korzysta\u0107 z zachowaniem bezpiecze\u0144stwa. Przed ka\u017cdym u\u017cyciem przeczytaj informacje zamieszczone w etykiecie i informacje dotycz\u0105ce produktu. Zapoznaj si\u0119 z zagro\u017ceniami i post\u0119puj zgodnie ze \u015brodkami ostro\u017cno\u015bci wymienionymi w etykiecie. Nabycia \u015brodk\u00f3w ochrony ro\u015blin mog\u0105 dokonywa\u0107 jedynie osoby pe\u0142noletnie i posiadaj\u0105ce kwalifikacje wymagane od os\u00f3b nabywaj\u0105cych \u015brodki ochrony ro\u015blin okre\u015blone w artykule 28 ustawy z dnia 8 marca 2013 r. o \u015brodkach ochrony ro\u015blin ( Dz. U. z 2017, poz. 50 z p\u00f3\u017a\u0144. zm.).\" \/>\n<meta property=\"og:url\" content=\"https:\/\/bobimarket.pl\/index.php\/produkt\/agrocover-50ml-zwalcza-mszyce-przedziorki-roslin\/\" \/>\n<meta property=\"og:site_name\" content=\"BOBIMARKET.pl - Remontuj i urz\u0105dzaj z nami\" \/>\n<meta property=\"article:modified_time\" content=\"2025-02-27T16:34:19+00:00\" \/>\n<meta property=\"og:image\" content=\"https:\/\/upload.cdn.baselinker.com\/products\/14476\/36d8c8efbe1bfe1839ce369c2c65b16f.jpg\" \/>\n<meta name=\"twitter:card\" content=\"summary_large_image\" \/>\n<meta name=\"twitter:label1\" content=\"Szacowany czas czytania\" \/>\n\t<meta name=\"twitter:data1\" content=\"3 minuty\" \/>\n<script type=\"application\/ld+json\" class=\"yoast-schema-graph\">{\"@context\":\"https:\/\/schema.org\",\"@graph\":[{\"@type\":\"WebPage\",\"@id\":\"https:\/\/bobimarket.pl\/index.php\/produkt\/agrocover-50ml-zwalcza-mszyce-przedziorki-roslin\/\",\"url\":\"https:\/\/bobimarket.pl\/index.php\/produkt\/agrocover-50ml-zwalcza-mszyce-przedziorki-roslin\/\",\"name\":\"AGROCOVER 50ML ZWALCZA MSZYCE PRZ\u0118DZIORKI RO\u015aLIN - BOBIMARKET.pl - Remontuj i urz\u0105dzaj z nami\",\"isPartOf\":{\"@id\":\"https:\/\/bobimarket.pl\/#website\"},\"datePublished\":\"2023-08-30T12:24:10+00:00\",\"dateModified\":\"2025-02-27T16:34:19+00:00\",\"breadcrumb\":{\"@id\":\"https:\/\/bobimarket.pl\/index.php\/produkt\/agrocover-50ml-zwalcza-mszyce-przedziorki-roslin\/#breadcrumb\"},\"inLanguage\":\"pl-PL\",\"potentialAction\":[{\"@type\":\"ReadAction\",\"target\":[\"https:\/\/bobimarket.pl\/index.php\/produkt\/agrocover-50ml-zwalcza-mszyce-przedziorki-roslin\/\"]}]},{\"@type\":\"BreadcrumbList\",\"@id\":\"https:\/\/bobimarket.pl\/index.php\/produkt\/agrocover-50ml-zwalcza-mszyce-przedziorki-roslin\/#breadcrumb\",\"itemListElement\":[{\"@type\":\"ListItem\",\"position\":1,\"name\":\"Strona g\u0142\u00f3wna\",\"item\":\"https:\/\/bobimarket.pl\/\"},{\"@type\":\"ListItem\",\"position\":2,\"name\":\"Sklep\",\"item\":\"https:\/\/bobimarket.pl\/index.php\/shop\/\"},{\"@type\":\"ListItem\",\"position\":3,\"name\":\"AGROCOVER 50ML ZWALCZA MSZYCE PRZ\u0118DZIORKI RO\u015aLIN\"}]},{\"@type\":\"WebSite\",\"@id\":\"https:\/\/bobimarket.pl\/#website\",\"url\":\"https:\/\/bobimarket.pl\/\",\"name\":\"BOBIMARKET.pl - Remontuj i urz\u0105dzaj z nami\",\"description\":\"Remontuj i urz\u0105dzaj z nami\",\"publisher\":{\"@id\":\"https:\/\/bobimarket.pl\/#organization\"},\"potentialAction\":[{\"@type\":\"SearchAction\",\"target\":{\"@type\":\"EntryPoint\",\"urlTemplate\":\"https:\/\/bobimarket.pl\/?s={search_term_string}\"},\"query-input\":\"required name=search_term_string\"}],\"inLanguage\":\"pl-PL\"},{\"@type\":\"Organization\",\"@id\":\"https:\/\/bobimarket.pl\/#organization\",\"name\":\"BOBIMARKET.pl\",\"url\":\"https:\/\/bobimarket.pl\/\",\"logo\":{\"@type\":\"ImageObject\",\"inLanguage\":\"pl-PL\",\"@id\":\"https:\/\/bobimarket.pl\/#\/schema\/logo\/image\/\",\"url\":\"https:\/\/bobimarket.pl\/wp-content\/uploads\/2021\/11\/slogan.png\",\"contentUrl\":\"https:\/\/bobimarket.pl\/wp-content\/uploads\/2021\/11\/slogan.png\",\"width\":2000,\"height\":384,\"caption\":\"BOBIMARKET.pl\"},\"image\":{\"@id\":\"https:\/\/bobimarket.pl\/#\/schema\/logo\/image\/\"}}]}<\/script>\n<!-- \/ Yoast SEO plugin. -->","yoast_head_json":{"title":"AGROCOVER 50ML ZWALCZA MSZYCE PRZ\u0118DZIORKI RO\u015aLIN - BOBIMARKET.pl - Remontuj i urz\u0105dzaj z nami","robots":{"index":"index","follow":"follow","max-snippet":"max-snippet:-1","max-image-preview":"max-image-preview:large","max-video-preview":"max-video-preview:-1"},"canonical":"https:\/\/bobimarket.pl\/index.php\/produkt\/agrocover-50ml-zwalcza-mszyce-przedziorki-roslin\/","og_locale":"pl_PL","og_type":"article","og_title":"AGROCOVER 50ML ZWALCZA MSZYCE PRZ\u0118DZIORKI RO\u015aLIN - BOBIMARKET.pl - Remontuj i urz\u0105dzaj z nami","og_description":"Ze \u015brodk\u00f3w ochrony ro\u015blin nale\u017cy korzysta\u0107 z zachowaniem bezpiecze\u0144stwa. Przed ka\u017cdym u\u017cyciem przeczytaj informacje zamieszczone w etykiecie i informacje dotycz\u0105ce produktu. Zapoznaj si\u0119 z zagro\u017ceniami i post\u0119puj zgodnie ze \u015brodkami ostro\u017cno\u015bci wymienionymi w etykiecie. Nabycia \u015brodk\u00f3w ochrony ro\u015blin mog\u0105 dokonywa\u0107 jedynie osoby pe\u0142noletnie i posiadaj\u0105ce kwalifikacje wymagane od os\u00f3b nabywaj\u0105cych \u015brodki ochrony ro\u015blin okre\u015blone w artykule 28 ustawy z dnia 8 marca 2013 r. o \u015brodkach ochrony ro\u015blin ( Dz. U. z 2017, poz. 50 z p\u00f3\u017a\u0144. zm.).","og_url":"https:\/\/bobimarket.pl\/index.php\/produkt\/agrocover-50ml-zwalcza-mszyce-przedziorki-roslin\/","og_site_name":"BOBIMARKET.pl - Remontuj i urz\u0105dzaj z nami","article_modified_time":"2025-02-27T16:34:19+00:00","og_image":[{"url":"https:\/\/upload.cdn.baselinker.com\/products\/14476\/36d8c8efbe1bfe1839ce369c2c65b16f.jpg"}],"twitter_card":"summary_large_image","twitter_misc":{"Szacowany czas czytania":"3 minuty"},"schema":{"@context":"https:\/\/schema.org","@graph":[{"@type":"WebPage","@id":"https:\/\/bobimarket.pl\/index.php\/produkt\/agrocover-50ml-zwalcza-mszyce-przedziorki-roslin\/","url":"https:\/\/bobimarket.pl\/index.php\/produkt\/agrocover-50ml-zwalcza-mszyce-przedziorki-roslin\/","name":"AGROCOVER 50ML ZWALCZA MSZYCE PRZ\u0118DZIORKI RO\u015aLIN - BOBIMARKET.pl - Remontuj i urz\u0105dzaj z nami","isPartOf":{"@id":"https:\/\/bobimarket.pl\/#website"},"datePublished":"2023-08-30T12:24:10+00:00","dateModified":"2025-02-27T16:34:19+00:00","breadcrumb":{"@id":"https:\/\/bobimarket.pl\/index.php\/produkt\/agrocover-50ml-zwalcza-mszyce-przedziorki-roslin\/#breadcrumb"},"inLanguage":"pl-PL","potentialAction":[{"@type":"ReadAction","target":["https:\/\/bobimarket.pl\/index.php\/produkt\/agrocover-50ml-zwalcza-mszyce-przedziorki-roslin\/"]}]},{"@type":"BreadcrumbList","@id":"https:\/\/bobimarket.pl\/index.php\/produkt\/agrocover-50ml-zwalcza-mszyce-przedziorki-roslin\/#breadcrumb","itemListElement":[{"@type":"ListItem","position":1,"name":"Strona g\u0142\u00f3wna","item":"https:\/\/bobimarket.pl\/"},{"@type":"ListItem","position":2,"name":"Sklep","item":"https:\/\/bobimarket.pl\/index.php\/shop\/"},{"@type":"ListItem","position":3,"name":"AGROCOVER 50ML ZWALCZA MSZYCE PRZ\u0118DZIORKI RO\u015aLIN"}]},{"@type":"WebSite","@id":"https:\/\/bobimarket.pl\/#website","url":"https:\/\/bobimarket.pl\/","name":"BOBIMARKET.pl - Remontuj i urz\u0105dzaj z nami","description":"Remontuj i urz\u0105dzaj z nami","publisher":{"@id":"https:\/\/bobimarket.pl\/#organization"},"potentialAction":[{"@type":"SearchAction","target":{"@type":"EntryPoint","urlTemplate":"https:\/\/bobimarket.pl\/?s={search_term_string}"},"query-input":"required name=search_term_string"}],"inLanguage":"pl-PL"},{"@type":"Organization","@id":"https:\/\/bobimarket.pl\/#organization","name":"BOBIMARKET.pl","url":"https:\/\/bobimarket.pl\/","logo":{"@type":"ImageObject","inLanguage":"pl-PL","@id":"https:\/\/bobimarket.pl\/#\/schema\/logo\/image\/","url":"https:\/\/bobimarket.pl\/wp-content\/uploads\/2021\/11\/slogan.png","contentUrl":"https:\/\/bobimarket.pl\/wp-content\/uploads\/2021\/11\/slogan.png","width":2000,"height":384,"caption":"BOBIMARKET.pl"},"image":{"@id":"https:\/\/bobimarket.pl\/#\/schema\/logo\/image\/"}}]}},"_links":{"self":[{"href":"https:\/\/bobimarket.pl\/index.php\/wp-json\/wp\/v2\/product\/97216"}],"collection":[{"href":"https:\/\/bobimarket.pl\/index.php\/wp-json\/wp\/v2\/product"}],"about":[{"href":"https:\/\/bobimarket.pl\/index.php\/wp-json\/wp\/v2\/types\/product"}],"wp:featuredmedia":[{"embeddable":true,"href":"https:\/\/bobimarket.pl\/index.php\/wp-json\/wp\/v2\/media\/97204"}],"wp:attachment":[{"href":"https:\/\/bobimarket.pl\/index.php\/wp-json\/wp\/v2\/media?parent=97216"}],"wp:term":[{"taxonomy":"product_cat","embeddable":true,"href":"https:\/\/bobimarket.pl\/index.php\/wp-json\/wp\/v2\/product_cat?post=97216"},{"taxonomy":"product_tag","embeddable":true,"href":"https:\/\/bobimarket.pl\/index.php\/wp-json\/wp\/v2\/product_tag?post=97216"}],"curies":[{"name":"wp","href":"https:\/\/api.w.org\/{rel}","templated":true}]}}