{"id":97229,"date":"2023-08-30T12:24:56","date_gmt":"2023-08-30T12:24:56","guid":{"rendered":"https:\/\/bobimarket.pl\/index.php\/produkt\/emulpar-940-eko-oprysk-na-szkodniki-mszyce-warzyw\/"},"modified":"2025-02-27T16:34:23","modified_gmt":"2025-02-27T16:34:23","slug":"emulpar-940-eko-oprysk-na-szkodniki-mszyce-warzyw","status":"publish","type":"product","link":"https:\/\/bobimarket.pl\/index.php\/produkt\/emulpar-940-eko-oprysk-na-szkodniki-mszyce-warzyw\/","title":{"rendered":"EMULPAR 940 EKO OPRYSK NA SZKODNIKI MSZYCE WARZYW"},"content":{"rendered":"<section class=\"section\">\n<div class=\"item item-12\">\n<section class=\"image-item\">\n            <img decoding=\"async\" src=\"https:\/\/upload.cdn.baselinker.com\/products\/14476\/d29ae09e57cea11ad4e399490f1c0023.jpg\" \/><br \/>\n        <\/section>\n<\/p><\/div>\n<\/section>\n<section class=\"section\">\n<div class=\"item item-12\">\n<section class=\"text-item\">\n<h2>EMULPAR 940 EKO OPRYSK NA SZKODNIKI MSZYCE WARZYW<\/h2>\n<p><b>Informacje og\u00f3lne:<\/b><\/p>\n<ul>\n<li>Pojemno\u015b\u0107: <b>30 ml<\/b><\/li>\n<li>Substancja aktywna:<b> o<\/b><b>lej rydzowy<\/b><\/li>\n<li>Przeznaczenie: <b>mszyce, prz\u0119dziorki, miseczniki<\/b><\/li>\n<li>Dawkowanie:<b> 30 ml preparatu na 3 l wody <\/b><\/li>\n<li>Mo\u017cna stosowa\u0107 przed zbiorem<\/li>\n<li>Do stosowania w formie oprysku<\/li>\n<li>Nietoksyczny, bezpieczny dla \u015brodowiska, ludzi i zwierz\u0105t<\/li>\n<\/ul>\n<\/section><\/div>\n<\/section>\n<section class=\"section\">\n<div class=\"item item-12\">\n<section class=\"image-item\">\n            <img decoding=\"async\" src=\"https:\/\/upload.cdn.baselinker.com\/products\/14476\/e78db3a870345e39a175e89dd8e93f13.jpg\" \/><br \/>\n        <\/section>\n<\/p><\/div>\n<\/section>\n<section class=\"section\">\n<div class=\"item item-12\">\n<section class=\"text-item\">\n<h1>Praktyczne informacje dotycz\u0105ce stosowanie preparatu<\/h1>\n<p>\u2705 EMULPAR to preparat<b> na\u00a0bazie oleju rydzowego<\/b>, kt\u00f3rego g\u0142\u00f3wny zadaniem jest eliminowanie szkodliwych owad\u00f3w i\u00a0roztoczy dodatkowo zabezpiecza ro\u015bliny iglaste przed br\u0105zowieniem wczesnowiosennym i p\u00f3\u017anozimowym. Zwalcza szkodnikami tj:<\/p>\n<ul>\n<li>mszyc<\/li>\n<li>prz\u0119dziork\u00f3w<\/li>\n<li>misecznik\u00f3w<\/li>\n<li>m\u0105czlik\u00f3w<\/li>\n<li>wciornastk\u00f3w<\/li>\n<li>miod\u00f3wek<\/li>\n<li>czerwc\u00f3w (miseczniki, tarczniki, we\u0142nowce)<\/li>\n<li>oraz form zimuj\u0105cych niekt\u00f3rych szkodnik\u00f3w.<\/li>\n<\/ul>\n<h2>UWAGA\u2757 Produkt mo\u017ce by\u0107 stosowany od lutego do listopada.\u00a0<\/h2>\n<\/section><\/div>\n<\/section>\n<section class=\"section\">\n<div class=\"item item-12\">\n<section class=\"image-item\">\n            <img decoding=\"async\" src=\"https:\/\/upload.cdn.baselinker.com\/products\/14476\/e707e156b8ea472b559fe1b90462abdb.png\" \/><br \/>\n        <\/section>\n<\/p><\/div>\n<\/section>\n<section class=\"section\">\n<div class=\"item item-12\">\n<section class=\"text-item\">\n<h2>\u2705 Jak dzia\u0142a preparat:<\/h2>\n<ul>\n<li>Ciecz u\u017cytkowa naniesiona na\u00a0ro\u015bliny pokrywa szkodniki cienk\u0105, lepk\u0105 pow\u0142ok\u0119. Powsta\u0142a pow\u0142oka <b>hamuje funkcje \u017cyciowe szkodnik\u00f3w<\/b>, w tym oddychanie, poruszanie i\u00a0\u017cerowanie, co prowadzi do ich \u015bmierci.<\/li>\n<li>Natomiast je\u017celi spryskamy nim iglaki to olej zawarty w preparacie tworzy na p\u0119dach iglak\u00f3w delikatn\u0105 os\u0142on\u0119, dzi\u0119ki kt\u00f3rej ograniczane jest wyparowywanie wody w igie\u0142 i <b>zapobiegnie usychaniu ich ga\u0142\u0105zek.<\/b><\/li>\n<\/ul>\n<h2>\u2705 Dawkowanie:<\/h2>\n<p>Opryskiwanie:<b> 10 ml\u00a0na\u00a01 l\u00a0wody.10 ml\u00a0na\u00a01 l\u00a0wody<\/b> (dawka taka sama dla drzew i krzew\u00f3w owocowych, zi\u00f3\u0142 i warzyw)<\/p>\n<h2>\u2705 Spos\u00f3b stosowania<\/h2>\n<p>Do\u00a0stosowania w\u00a0uprawach <b>ro\u015blin sadowniczych, warzywniczych, ozdobnych oraz zi\u00f3\u0142. <\/b>Roztw\u00f3r rozprowadza si\u0119 ju\u017c po wykryciu obecno\u015bci szkodnik\u00f3w lub zapobiegawczo w celu ochrony ro\u015bliny przez ca\u0142y okres wzrostu i rozwoju ro\u015blin.<\/p>\n<ol>\n<li>Preparat wyst\u0119puje w formie koncentratu nale\u017cy wi\u0119c przygotowa\u0107 odpowiedni\u0105 roztw\u00f3r. Przed u\u017cyciem odpowiedni\u0105 dawk\u0119 rozcie\u0144cz z wod\u0105.<\/li>\n<li>\u015arodek stosuj za pomoc\u0105 opryskiwacza.<b> Spryskaj miejsca wyst\u0119powania szkodnik\u00f3w<\/b>, zwracaj\u0105c szczeg\u00f3ln\u0105 uwag\u0119 na spodni\u0105 cz\u0119\u015b\u0107 li\u015bci.<\/li>\n<li>\u015arodek dla lepszych efekt\u00f3w powinien by\u0107 stosowany regularnie.<\/li>\n<\/ol>\n<\/section><\/div>\n<\/section>\n<section class=\"section\">\n<div class=\"item item-12\">\n<section class=\"image-item\">\n            <img decoding=\"async\" src=\"https:\/\/upload.cdn.baselinker.com\/products\/14476\/83c9599ca8cecb7f39aa690a1b3bf613.jpg\" \/><br \/>\n        <\/section>\n<\/p><\/div>\n<\/section>\n<section class=\"section\">\n<div class=\"item item-12\">\n<section class=\"text-item\">\n<h2>Zadbaj o swoje ro\u015bliny i zwalcz szkodniki ro\u015blin!<\/h2>\n<p>Emulpar to \u015brodek przeznaczony <b>do mechanicznego eliminowania szkodliwych owad\u00f3w i\u00a0roztoczy<\/b> tj. mszyce, prz\u0119dziorki, miseczniki. Jest to <b>produkt naturalny<\/b>, w formie koncentratu na bazie oleju rydzowego. Preparat stosuje si\u0119 do\u00a0ochrony ro\u015blin ozdobnych, warzywnych i\u00a0owocowych, kt\u00f3re s\u0105\u00a0 uprawianych w\u00a0domu, na\u00a0balkonie lub w\u00a0ogrodzie. Przeznaczony do stosowania w formie oprysku ochronnego lub prewencyjnie przez ca\u0142y okres wzrostu i rozwoju ro\u015blin.<\/p>\n<p>\u2705<b> Drzewa i krzewy owocowe<\/b> &#8211; preparat zwalcza mszyce, prz\u0119dziorki, szpeciele, miseczniki, eliminowanie form zimuj\u0105cych szkodnik\u00f3w<\/p>\n<p><b>\u2705 Warzywa polowe i pod os\u0142onami<\/b> &#8211; mszyce, prz\u0119dziorki, ograniczanie liczebno\u015bci wciornastk\u00f3w i\u00a0m\u0105czlika szklarniowego<\/p>\n<p><b>\u2705 Ro\u015bliny ozdobne<\/b> &#8211; mszyce, prz\u0119dziorki, miseczniki, ograniczenie liczebno\u015bci wciornastk\u00f3w, we\u0142nowc\u00f3w i\u00a0m\u0105czlika szklarniowego<\/p>\n<p><b>\u2705 Zio\u0142a<\/b> &#8211; mszyce, prz\u0119dziorki<\/p>\n<\/section><\/div>\n<\/section>\n<section class=\"section\">\n<div class=\"item item-6\">\n<section class=\"image-item\">\n            <img decoding=\"async\" src=\"https:\/\/upload.cdn.baselinker.com\/products\/14476\/6ee9589bb7480dd5a013762599cee6e8.jpg\" \/><br \/>\n        <\/section>\n<\/p><\/div>\n<div class=\"item item-6\">\n<section class=\"image-item\">\n            <img decoding=\"async\" src=\"https:\/\/upload.cdn.baselinker.com\/products\/14476\/1f64167c64d3486752a57aca2af6cb32.jpg\" \/><br \/>\n        <\/section>\n<\/p><\/div>\n<\/section>\n<section class=\"section\">\n<div class=\"item item-6\">\n<section class=\"text-item\">\n<h2>Preparat zwalcza mszyce, prz\u0119dziorki, miseczniki i inne szkodniki!<\/h2>\n<p><b>\u2705 EKOLOGICZNY<\/b><\/p>\n<p>Naturalny produkt na bazie oleju rydzowego, gotowy do u\u017cycia.\u00a0Zawiera substancj\u0119 aktywn\u0105, kt\u00f3ra s\u0142u\u017cy do ochrony ro\u015blin przed szkodnikami ro\u015blin. Jest ca\u0142kowicie oboj\u0119tny dla po\u017cytecznych owad\u00f3w i ssak\u00f3w. Nie niszczy i\u00a0nie zak\u0142\u00f3ca r\u00f3wnowagi biologicznej. Jest przyjazny dla \u015brodowiska<\/p>\n<p><b>\u2705 SKUTECZNY<\/b><\/p>\n<p>Fizycznie eliminuje szkodliwe owady i roztocza poprzez hamowanie ich funkcji \u017cyciowych. Nie wywo\u0142uje odporno\u015bci szkodnik\u00f3w, dlatego mo\u017cna wykonywa\u0107 dowoln\u0105 ilo\u015b\u0107 zabieg\u00f3w w\u00a0sezonie, bez naprzemiennego u\u017cywania innych \u015brodk\u00f3w.<\/p>\n<p><b>\u2705 BEZPIECZNY W U\u017bYCIU<\/b><\/p>\n<p>Nie wymaga okresu karencji ( mo\u017cna stosowa\u0107 przed zbiorem owoc\u00f3w i warzyw) oraz okresu prewencji (jest bezpieczny dla po\u017cytecznych owad\u00f3w, w\u00a0tym pszcz\u00f3\u0142).<\/p>\n<\/section><\/div>\n<div class=\"item item-6\">\n<section class=\"image-item\">\n            <img decoding=\"async\" src=\"https:\/\/upload.cdn.baselinker.com\/products\/14476\/05b3355554e84989d99ed9c63cb56624.jpg\" \/><br \/>\n        <\/section>\n<\/p><\/div>\n<\/section>\n<section class=\"section\">\n<div class=\"item item-12\">\n<section class=\"image-item\">\n            <img decoding=\"async\" src=\"https:\/\/upload.cdn.baselinker.com\/products\/14476\/e71df9071fa268183fdbad70729b700a.jpg\" \/><br \/>\n        <\/section>\n<\/p><\/div>\n<\/section>\n","protected":false},"excerpt":{"rendered":"<p>Ze \u015brodk\u00f3w ochrony ro\u015blin nale\u017cy korzysta\u0107 z zachowaniem bezpiecze\u0144stwa. Przed ka\u017cdym u\u017cyciem przeczytaj informacje zamieszczone w etykiecie i informacje dotycz\u0105ce produktu. Zapoznaj si\u0119 z zagro\u017ceniami i post\u0119puj zgodnie ze \u015brodkami ostro\u017cno\u015bci wymienionymi w etykiecie. Nabycia \u015brodk\u00f3w ochrony ro\u015blin mog\u0105 dokonywa\u0107 jedynie osoby pe\u0142noletnie i posiadaj\u0105ce kwalifikacje wymagane od os\u00f3b nabywaj\u0105cych \u015brodki ochrony ro\u015blin okre\u015blone w artykule 28 ustawy z dnia 8 marca 2013 r. o \u015brodkach ochrony ro\u015blin ( Dz. U. z 2017, poz. 50 z p\u00f3\u017a\u0144. zm.).<\/p>\n<p><\/p>\n","protected":false},"featured_media":97217,"template":"","meta":[],"product_cat":[8388],"product_tag":[],"yoast_head":"<!-- This site is optimized with the Yoast SEO plugin v21.0 - https:\/\/yoast.com\/wordpress\/plugins\/seo\/ -->\n<title>EMULPAR 940 EKO OPRYSK NA SZKODNIKI MSZYCE WARZYW - BOBIMARKET.pl - Remontuj i urz\u0105dzaj z nami<\/title>\n<meta name=\"robots\" content=\"index, follow, max-snippet:-1, max-image-preview:large, max-video-preview:-1\" \/>\n<link rel=\"canonical\" href=\"https:\/\/bobimarket.pl\/index.php\/produkt\/emulpar-940-eko-oprysk-na-szkodniki-mszyce-warzyw\/\" \/>\n<meta property=\"og:locale\" content=\"pl_PL\" \/>\n<meta property=\"og:type\" content=\"article\" \/>\n<meta property=\"og:title\" content=\"EMULPAR 940 EKO OPRYSK NA SZKODNIKI MSZYCE WARZYW - BOBIMARKET.pl - Remontuj i urz\u0105dzaj z nami\" \/>\n<meta property=\"og:description\" content=\"Ze \u015brodk\u00f3w ochrony ro\u015blin nale\u017cy korzysta\u0107 z zachowaniem bezpiecze\u0144stwa. Przed ka\u017cdym u\u017cyciem przeczytaj informacje zamieszczone w etykiecie i informacje dotycz\u0105ce produktu. Zapoznaj si\u0119 z zagro\u017ceniami i post\u0119puj zgodnie ze \u015brodkami ostro\u017cno\u015bci wymienionymi w etykiecie. Nabycia \u015brodk\u00f3w ochrony ro\u015blin mog\u0105 dokonywa\u0107 jedynie osoby pe\u0142noletnie i posiadaj\u0105ce kwalifikacje wymagane od os\u00f3b nabywaj\u0105cych \u015brodki ochrony ro\u015blin okre\u015blone w artykule 28 ustawy z dnia 8 marca 2013 r. o \u015brodkach ochrony ro\u015blin ( Dz. U. z 2017, poz. 50 z p\u00f3\u017a\u0144. zm.).\" \/>\n<meta property=\"og:url\" content=\"https:\/\/bobimarket.pl\/index.php\/produkt\/emulpar-940-eko-oprysk-na-szkodniki-mszyce-warzyw\/\" \/>\n<meta property=\"og:site_name\" content=\"BOBIMARKET.pl - Remontuj i urz\u0105dzaj z nami\" \/>\n<meta property=\"article:modified_time\" content=\"2025-02-27T16:34:23+00:00\" \/>\n<meta property=\"og:image\" content=\"https:\/\/upload.cdn.baselinker.com\/products\/14476\/d29ae09e57cea11ad4e399490f1c0023.jpg\" \/>\n<meta name=\"twitter:card\" content=\"summary_large_image\" \/>\n<meta name=\"twitter:label1\" content=\"Szacowany czas czytania\" \/>\n\t<meta name=\"twitter:data1\" content=\"3 minuty\" \/>\n<script type=\"application\/ld+json\" class=\"yoast-schema-graph\">{\"@context\":\"https:\/\/schema.org\",\"@graph\":[{\"@type\":\"WebPage\",\"@id\":\"https:\/\/bobimarket.pl\/index.php\/produkt\/emulpar-940-eko-oprysk-na-szkodniki-mszyce-warzyw\/\",\"url\":\"https:\/\/bobimarket.pl\/index.php\/produkt\/emulpar-940-eko-oprysk-na-szkodniki-mszyce-warzyw\/\",\"name\":\"EMULPAR 940 EKO OPRYSK NA SZKODNIKI MSZYCE WARZYW - BOBIMARKET.pl - Remontuj i urz\u0105dzaj z nami\",\"isPartOf\":{\"@id\":\"https:\/\/bobimarket.pl\/#website\"},\"datePublished\":\"2023-08-30T12:24:56+00:00\",\"dateModified\":\"2025-02-27T16:34:23+00:00\",\"breadcrumb\":{\"@id\":\"https:\/\/bobimarket.pl\/index.php\/produkt\/emulpar-940-eko-oprysk-na-szkodniki-mszyce-warzyw\/#breadcrumb\"},\"inLanguage\":\"pl-PL\",\"potentialAction\":[{\"@type\":\"ReadAction\",\"target\":[\"https:\/\/bobimarket.pl\/index.php\/produkt\/emulpar-940-eko-oprysk-na-szkodniki-mszyce-warzyw\/\"]}]},{\"@type\":\"BreadcrumbList\",\"@id\":\"https:\/\/bobimarket.pl\/index.php\/produkt\/emulpar-940-eko-oprysk-na-szkodniki-mszyce-warzyw\/#breadcrumb\",\"itemListElement\":[{\"@type\":\"ListItem\",\"position\":1,\"name\":\"Strona g\u0142\u00f3wna\",\"item\":\"https:\/\/bobimarket.pl\/\"},{\"@type\":\"ListItem\",\"position\":2,\"name\":\"Sklep\",\"item\":\"https:\/\/bobimarket.pl\/index.php\/shop\/\"},{\"@type\":\"ListItem\",\"position\":3,\"name\":\"EMULPAR 940 EKO OPRYSK NA SZKODNIKI MSZYCE WARZYW\"}]},{\"@type\":\"WebSite\",\"@id\":\"https:\/\/bobimarket.pl\/#website\",\"url\":\"https:\/\/bobimarket.pl\/\",\"name\":\"BOBIMARKET.pl - Remontuj i urz\u0105dzaj z nami\",\"description\":\"Remontuj i urz\u0105dzaj z nami\",\"publisher\":{\"@id\":\"https:\/\/bobimarket.pl\/#organization\"},\"potentialAction\":[{\"@type\":\"SearchAction\",\"target\":{\"@type\":\"EntryPoint\",\"urlTemplate\":\"https:\/\/bobimarket.pl\/?s={search_term_string}\"},\"query-input\":\"required name=search_term_string\"}],\"inLanguage\":\"pl-PL\"},{\"@type\":\"Organization\",\"@id\":\"https:\/\/bobimarket.pl\/#organization\",\"name\":\"BOBIMARKET.pl\",\"url\":\"https:\/\/bobimarket.pl\/\",\"logo\":{\"@type\":\"ImageObject\",\"inLanguage\":\"pl-PL\",\"@id\":\"https:\/\/bobimarket.pl\/#\/schema\/logo\/image\/\",\"url\":\"https:\/\/bobimarket.pl\/wp-content\/uploads\/2021\/11\/slogan.png\",\"contentUrl\":\"https:\/\/bobimarket.pl\/wp-content\/uploads\/2021\/11\/slogan.png\",\"width\":2000,\"height\":384,\"caption\":\"BOBIMARKET.pl\"},\"image\":{\"@id\":\"https:\/\/bobimarket.pl\/#\/schema\/logo\/image\/\"}}]}<\/script>\n<!-- \/ Yoast SEO plugin. -->","yoast_head_json":{"title":"EMULPAR 940 EKO OPRYSK NA SZKODNIKI MSZYCE WARZYW - BOBIMARKET.pl - Remontuj i urz\u0105dzaj z nami","robots":{"index":"index","follow":"follow","max-snippet":"max-snippet:-1","max-image-preview":"max-image-preview:large","max-video-preview":"max-video-preview:-1"},"canonical":"https:\/\/bobimarket.pl\/index.php\/produkt\/emulpar-940-eko-oprysk-na-szkodniki-mszyce-warzyw\/","og_locale":"pl_PL","og_type":"article","og_title":"EMULPAR 940 EKO OPRYSK NA SZKODNIKI MSZYCE WARZYW - BOBIMARKET.pl - Remontuj i urz\u0105dzaj z nami","og_description":"Ze \u015brodk\u00f3w ochrony ro\u015blin nale\u017cy korzysta\u0107 z zachowaniem bezpiecze\u0144stwa. Przed ka\u017cdym u\u017cyciem przeczytaj informacje zamieszczone w etykiecie i informacje dotycz\u0105ce produktu. Zapoznaj si\u0119 z zagro\u017ceniami i post\u0119puj zgodnie ze \u015brodkami ostro\u017cno\u015bci wymienionymi w etykiecie. Nabycia \u015brodk\u00f3w ochrony ro\u015blin mog\u0105 dokonywa\u0107 jedynie osoby pe\u0142noletnie i posiadaj\u0105ce kwalifikacje wymagane od os\u00f3b nabywaj\u0105cych \u015brodki ochrony ro\u015blin okre\u015blone w artykule 28 ustawy z dnia 8 marca 2013 r. o \u015brodkach ochrony ro\u015blin ( Dz. U. z 2017, poz. 50 z p\u00f3\u017a\u0144. zm.).","og_url":"https:\/\/bobimarket.pl\/index.php\/produkt\/emulpar-940-eko-oprysk-na-szkodniki-mszyce-warzyw\/","og_site_name":"BOBIMARKET.pl - Remontuj i urz\u0105dzaj z nami","article_modified_time":"2025-02-27T16:34:23+00:00","og_image":[{"url":"https:\/\/upload.cdn.baselinker.com\/products\/14476\/d29ae09e57cea11ad4e399490f1c0023.jpg"}],"twitter_card":"summary_large_image","twitter_misc":{"Szacowany czas czytania":"3 minuty"},"schema":{"@context":"https:\/\/schema.org","@graph":[{"@type":"WebPage","@id":"https:\/\/bobimarket.pl\/index.php\/produkt\/emulpar-940-eko-oprysk-na-szkodniki-mszyce-warzyw\/","url":"https:\/\/bobimarket.pl\/index.php\/produkt\/emulpar-940-eko-oprysk-na-szkodniki-mszyce-warzyw\/","name":"EMULPAR 940 EKO OPRYSK NA SZKODNIKI MSZYCE WARZYW - BOBIMARKET.pl - Remontuj i urz\u0105dzaj z nami","isPartOf":{"@id":"https:\/\/bobimarket.pl\/#website"},"datePublished":"2023-08-30T12:24:56+00:00","dateModified":"2025-02-27T16:34:23+00:00","breadcrumb":{"@id":"https:\/\/bobimarket.pl\/index.php\/produkt\/emulpar-940-eko-oprysk-na-szkodniki-mszyce-warzyw\/#breadcrumb"},"inLanguage":"pl-PL","potentialAction":[{"@type":"ReadAction","target":["https:\/\/bobimarket.pl\/index.php\/produkt\/emulpar-940-eko-oprysk-na-szkodniki-mszyce-warzyw\/"]}]},{"@type":"BreadcrumbList","@id":"https:\/\/bobimarket.pl\/index.php\/produkt\/emulpar-940-eko-oprysk-na-szkodniki-mszyce-warzyw\/#breadcrumb","itemListElement":[{"@type":"ListItem","position":1,"name":"Strona g\u0142\u00f3wna","item":"https:\/\/bobimarket.pl\/"},{"@type":"ListItem","position":2,"name":"Sklep","item":"https:\/\/bobimarket.pl\/index.php\/shop\/"},{"@type":"ListItem","position":3,"name":"EMULPAR 940 EKO OPRYSK NA SZKODNIKI MSZYCE WARZYW"}]},{"@type":"WebSite","@id":"https:\/\/bobimarket.pl\/#website","url":"https:\/\/bobimarket.pl\/","name":"BOBIMARKET.pl - Remontuj i urz\u0105dzaj z nami","description":"Remontuj i urz\u0105dzaj z nami","publisher":{"@id":"https:\/\/bobimarket.pl\/#organization"},"potentialAction":[{"@type":"SearchAction","target":{"@type":"EntryPoint","urlTemplate":"https:\/\/bobimarket.pl\/?s={search_term_string}"},"query-input":"required name=search_term_string"}],"inLanguage":"pl-PL"},{"@type":"Organization","@id":"https:\/\/bobimarket.pl\/#organization","name":"BOBIMARKET.pl","url":"https:\/\/bobimarket.pl\/","logo":{"@type":"ImageObject","inLanguage":"pl-PL","@id":"https:\/\/bobimarket.pl\/#\/schema\/logo\/image\/","url":"https:\/\/bobimarket.pl\/wp-content\/uploads\/2021\/11\/slogan.png","contentUrl":"https:\/\/bobimarket.pl\/wp-content\/uploads\/2021\/11\/slogan.png","width":2000,"height":384,"caption":"BOBIMARKET.pl"},"image":{"@id":"https:\/\/bobimarket.pl\/#\/schema\/logo\/image\/"}}]}},"_links":{"self":[{"href":"https:\/\/bobimarket.pl\/index.php\/wp-json\/wp\/v2\/product\/97229"}],"collection":[{"href":"https:\/\/bobimarket.pl\/index.php\/wp-json\/wp\/v2\/product"}],"about":[{"href":"https:\/\/bobimarket.pl\/index.php\/wp-json\/wp\/v2\/types\/product"}],"wp:featuredmedia":[{"embeddable":true,"href":"https:\/\/bobimarket.pl\/index.php\/wp-json\/wp\/v2\/media\/97217"}],"wp:attachment":[{"href":"https:\/\/bobimarket.pl\/index.php\/wp-json\/wp\/v2\/media?parent=97229"}],"wp:term":[{"taxonomy":"product_cat","embeddable":true,"href":"https:\/\/bobimarket.pl\/index.php\/wp-json\/wp\/v2\/product_cat?post=97229"},{"taxonomy":"product_tag","embeddable":true,"href":"https:\/\/bobimarket.pl\/index.php\/wp-json\/wp\/v2\/product_tag?post=97229"}],"curies":[{"name":"wp","href":"https:\/\/api.w.org\/{rel}","templated":true}]}}