{"id":97257,"date":"2023-08-30T12:26:39","date_gmt":"2023-08-30T12:26:39","guid":{"rendered":"https:\/\/bobimarket.pl\/index.php\/produkt\/pokrzywa-stymulator-wzrostu-koncentrat-1l-target\/"},"modified":"2025-02-27T16:34:35","modified_gmt":"2025-02-27T16:34:35","slug":"pokrzywa-stymulator-wzrostu-koncentrat-1l-target","status":"publish","type":"product","link":"https:\/\/bobimarket.pl\/index.php\/produkt\/pokrzywa-stymulator-wzrostu-koncentrat-1l-target\/","title":{"rendered":"POKRZYWA STYMULATOR WZROSTU KONCENTRAT 1L TARGET"},"content":{"rendered":"<section class=\"section\">\n<div class=\"item item-12\">\n<section class=\"image-item\">\n            <img decoding=\"async\" src=\"https:\/\/upload.cdn.baselinker.com\/products\/14476\/1f4f6bbac96ea474d261c81930c1df73.jpg\" \/><br \/>\n        <\/section>\n<\/p><\/div>\n<\/section>\n<section class=\"section\">\n<div class=\"item item-12\">\n<section class=\"text-item\">\n<h2><b>POKRZYWA STYMULATOR WZROSTU KONCENTRAT 1L TARGET<\/b><\/h2>\n<p><b>Informacje og\u00f3lne:<\/b><\/p>\n<ul>\n<li>Pojemno\u015b\u0107: <b>1L<\/b><\/li>\n<li>Przeznaczenie: <b>stymulator wzrostu stymuluje i\u00a0wzmacnia ca\u0142\u0105 ro\u015blin\u0119<\/b><\/li>\n<li>Do stosowania w formie oprysku lub do podlewania<\/li>\n<li>Do stosowania przez ca\u0142y okres wegetacji<\/li>\n<li>Produkt biodegradowalny<\/li>\n<\/ul>\n<\/section><\/div>\n<\/section>\n<section class=\"section\">\n<div class=\"item item-12\">\n<section class=\"image-item\">\n            <img decoding=\"async\" src=\"https:\/\/upload.cdn.baselinker.com\/products\/14476\/ea8d89eb8c5610e34eb08ca72eaa51c9.jpg\" \/><br \/>\n        <\/section>\n<\/p><\/div>\n<\/section>\n<section class=\"section\">\n<div class=\"item item-12\">\n<section class=\"text-item\">\n<h1>Praktyczne informacje dotycz\u0105ce stosowanie preparatu<\/h1>\n<p>Preparat ma za zadanie stymulowa\u0107 i\u00a0wzmacnia\u0107 ca\u0142\u0105 ro\u015blin\u0119. Jest to naturalny wodny roztw\u00f3r sfermentowanego wyci\u0105gu z pokrzywy. \u015arodek mo\u017ce by\u0107 stosowane na dwa sposoby w formie oprysku lub podczas podlewania ro\u015blin.<\/p>\n<h2>Podlewanie ro\u015blin<\/h2>\n<p>\u2705 Odpowiedni\u0105 ilo\u015b\u0107 preparatu nale\u017cy rozcie\u0144czy\u0107 w wodzie. Przygotowanym roztworem nale\u017cy podla\u0107 ro\u015blin\u0119. Dla lepszego efektu \u015brodek powinien by\u0107 stosowany regularnie. Podlewa\u0107 do\u00a010\u201314 dni, pierwsze podlanie bezpo\u015brednio po\u00a0sadzeniu ro\u015blin.<\/p>\n<p><b>\u2705 Dawkowanie:<\/b> 50\u2013100 ml\u00a0\u015brodka rozcie\u0144czy\u0107 w\u00a01 litrze wody, w\u00a0zale\u017cno\u015bci od\u00a0wielko\u015bci ro\u015blin. Zalecana ilo\u015b\u0107 cieczy u\u017cytkowej: 50\u2013100 ml\u00a0na\u00a0ro\u015blin\u0119, w\u00a0zale\u017cno\u015bci od\u00a0wielko\u015bci ro\u015blin.<\/p>\n<h2>Opryskiwanie ro\u015blin<\/h2>\n<p>\u2705 Preparat wyst\u0119puje w\u00a0formie koncentratu. Przed u\u017cyciem odpowiedni\u0105 dawk\u0119 powinno si\u0119 rozcie\u0144czy\u0107 z\u00a0wod\u0105. \u015arodek nale\u017cy zastosowa\u0107 za\u00a0pomoc\u0105 opryskiwacza. Zabieg wykonywa\u0107 co\u00a010-14 dni\u00a0przez ca\u0142y okres wegetacji.<\/p>\n<p><b>\u2705 Dawkowanie:<\/b> 25\u201350 ml\u00a0\u015brodka rozcie\u0144czy\u0107 w\u00a01 litrze wody. Zalecana ilo\u015b\u0107 cieczy u\u017cytkowej: 5-10 litr\u00f3w na\u00a0100 m2, w\u00a0zale\u017cno\u015bci od\u00a0wielko\u015bci i\u00a0zag\u0119szczenia ro\u015blin.<\/p>\n<p><b>UWAGA\u2757 <\/b>Preparat mo\u017ce by\u0107 stosowany od marca do wrzesnia.\u00a0<\/p>\n<\/section><\/div>\n<\/section>\n<section class=\"section\">\n<div class=\"item item-12\">\n<section class=\"image-item\">\n            <img decoding=\"async\" src=\"https:\/\/upload.cdn.baselinker.com\/products\/14476\/9037c84bb6ca46d0d65ed912a35f7f06.jpg\" \/><br \/>\n        <\/section>\n<\/p><\/div>\n<\/section>\n<section class=\"section\">\n<div class=\"item item-12\">\n<section class=\"text-item\">\n<h2>Zadbaj o swoje ro\u015bliny i ich odpowiedni\u0105 piel\u0119gnacj\u0119!<\/h2>\n<p>Pokrzywa stymulator wzrostu to<b> naturalny wodny roztw\u00f3r sfermentowanego wyci\u0105gu z pokrzywy<\/b>. Preparat w postaci koncentratu &#8211; nale\u017cy go przed u\u017cyciem rozcie\u0144czy\u0107 z wod\u0105 wed\u0142ug zalecanej dawki. \u015arodek mo\u017ce by\u0107 stosowania przez ca\u0142y okres wegetacji. Dodatkowo preparat nie posiada okresu karencji (plony mo\u017cna spo\u017cywa\u0107 bezpo\u015brednio po wykonaniu oprysku).<\/p>\n<p>\u2705 <b>Dzia\u0142a stymuluj\u0105co na wzrost<\/b>, rozw\u00f3j oraz kwitnienie i plonowanie ro\u015blin.<\/p>\n<p>\u2705 Wp\u0142ywa<b> pozytywnie na proces ukorzeniania<\/b> si\u0119 sadzonek oraz wzmacnia odporno\u015b\u0107 ro\u015blin.<\/p>\n<p>\u2705 Dzia\u0142a r\u00f3wnie\u017c <b>zapobiegawczo w ochronie ro\u015blin<\/b> przed chorobami grzybowymi oraz interwencyjnie do zwalczania szkodnik\u00f3w np. mszyc, m\u0105czniaka, zaraza xieniaka i inne.<\/p>\n<p>\u2705 Mo\u017cna go stosowa\u0107<b> w uprawie drzew i krzew\u00f3w owocowych, warzyw oraz ro\u015blin ozdobnych.<\/b><\/p>\n<\/section><\/div>\n<\/section>\n<section class=\"section\">\n<div class=\"item item-12\">\n<section class=\"image-item\">\n            <img decoding=\"async\" src=\"https:\/\/upload.cdn.baselinker.com\/products\/14476\/f48a9bcb9111c9521dfed02d97ef94ec.jpg\" \/><br \/>\n        <\/section>\n<\/p><\/div>\n<\/section>\n<section class=\"section\">\n<div class=\"item item-12\">\n<section class=\"text-item\">\n<h2>Najlepsze rozwi\u0105zanie dla Twoich ro\u015blin!<\/h2>\n<p>\u2705 Naturalny wodny roztw\u00f3r sfermentowanego wyci\u0105gu z pokrzywy wzmacniaj\u0105cy odporno\u015b\u0107 i witalno\u015b\u0107 ro\u015bliny.<\/p>\n<p>\u2705 Mo\u017cna stosowa\u0107 przed zbiorem owoc\u00f3w i warzyw, brak okresu karencji<\/p>\n<p>\u2705 Do stosowania przez ca\u0142y okres wegetacji,\u00a0 po sporz\u0105dzeniu roztwory mo\u017cna wykona\u0107 oprysk lub podla\u0107 ro\u015bliny.<\/p>\n<\/section><\/div>\n<\/section>\n<section class=\"section\">\n<div class=\"item item-12\">\n<section class=\"image-item\">\n            <img decoding=\"async\" src=\"https:\/\/upload.cdn.baselinker.com\/products\/14476\/239248b4f256ec26e7ea2f0abc298d6e.jpg\" \/><br \/>\n        <\/section>\n<\/p><\/div>\n<\/section>\n","protected":false},"excerpt":{"rendered":"<p>Ze \u015brodk\u00f3w ochrony ro\u015blin nale\u017cy korzysta\u0107 z zachowaniem bezpiecze\u0144stwa. Przed ka\u017cdym u\u017cyciem przeczytaj informacje zamieszczone w etykiecie i informacje dotycz\u0105ce produktu. Zapoznaj si\u0119 z zagro\u017ceniami i post\u0119puj zgodnie ze \u015brodkami ostro\u017cno\u015bci wymienionymi w etykiecie. Nabycia \u015brodk\u00f3w ochrony ro\u015blin mog\u0105 dokonywa\u0107 jedynie osoby pe\u0142noletnie i posiadaj\u0105ce kwalifikacje wymagane od os\u00f3b nabywaj\u0105cych \u015brodki ochrony ro\u015blin okre\u015blone w artykule 28 ustawy z dnia 8 marca 2013 r. o \u015brodkach ochrony ro\u015blin ( Dz. U. z 2017, poz. 50 z p\u00f3\u017a\u0144. zm.).<\/p>\n","protected":false},"featured_media":97249,"template":"","meta":[],"product_cat":[8388],"product_tag":[],"yoast_head":"<!-- This site is optimized with the Yoast SEO plugin v21.0 - https:\/\/yoast.com\/wordpress\/plugins\/seo\/ -->\n<title>POKRZYWA STYMULATOR WZROSTU KONCENTRAT 1L TARGET - BOBIMARKET.pl - Remontuj i urz\u0105dzaj z nami<\/title>\n<meta name=\"robots\" content=\"index, follow, max-snippet:-1, max-image-preview:large, max-video-preview:-1\" \/>\n<link rel=\"canonical\" href=\"https:\/\/bobimarket.pl\/index.php\/produkt\/pokrzywa-stymulator-wzrostu-koncentrat-1l-target\/\" \/>\n<meta property=\"og:locale\" content=\"pl_PL\" \/>\n<meta property=\"og:type\" content=\"article\" \/>\n<meta property=\"og:title\" content=\"POKRZYWA STYMULATOR WZROSTU KONCENTRAT 1L TARGET - BOBIMARKET.pl - Remontuj i urz\u0105dzaj z nami\" \/>\n<meta property=\"og:description\" content=\"Ze \u015brodk\u00f3w ochrony ro\u015blin nale\u017cy korzysta\u0107 z zachowaniem bezpiecze\u0144stwa. Przed ka\u017cdym u\u017cyciem przeczytaj informacje zamieszczone w etykiecie i informacje dotycz\u0105ce produktu. Zapoznaj si\u0119 z zagro\u017ceniami i post\u0119puj zgodnie ze \u015brodkami ostro\u017cno\u015bci wymienionymi w etykiecie. Nabycia \u015brodk\u00f3w ochrony ro\u015blin mog\u0105 dokonywa\u0107 jedynie osoby pe\u0142noletnie i posiadaj\u0105ce kwalifikacje wymagane od os\u00f3b nabywaj\u0105cych \u015brodki ochrony ro\u015blin okre\u015blone w artykule 28 ustawy z dnia 8 marca 2013 r. o \u015brodkach ochrony ro\u015blin ( Dz. U. z 2017, poz. 50 z p\u00f3\u017a\u0144. zm.).\" \/>\n<meta property=\"og:url\" content=\"https:\/\/bobimarket.pl\/index.php\/produkt\/pokrzywa-stymulator-wzrostu-koncentrat-1l-target\/\" \/>\n<meta property=\"og:site_name\" content=\"BOBIMARKET.pl - Remontuj i urz\u0105dzaj z nami\" \/>\n<meta property=\"article:modified_time\" content=\"2025-02-27T16:34:35+00:00\" \/>\n<meta property=\"og:image\" content=\"https:\/\/upload.cdn.baselinker.com\/products\/14476\/1f4f6bbac96ea474d261c81930c1df73.jpg\" \/>\n<meta name=\"twitter:card\" content=\"summary_large_image\" \/>\n<meta name=\"twitter:label1\" content=\"Szacowany czas czytania\" \/>\n\t<meta name=\"twitter:data1\" content=\"2 minuty\" \/>\n<script type=\"application\/ld+json\" class=\"yoast-schema-graph\">{\"@context\":\"https:\/\/schema.org\",\"@graph\":[{\"@type\":\"WebPage\",\"@id\":\"https:\/\/bobimarket.pl\/index.php\/produkt\/pokrzywa-stymulator-wzrostu-koncentrat-1l-target\/\",\"url\":\"https:\/\/bobimarket.pl\/index.php\/produkt\/pokrzywa-stymulator-wzrostu-koncentrat-1l-target\/\",\"name\":\"POKRZYWA STYMULATOR WZROSTU KONCENTRAT 1L TARGET - BOBIMARKET.pl - Remontuj i urz\u0105dzaj z nami\",\"isPartOf\":{\"@id\":\"https:\/\/bobimarket.pl\/#website\"},\"datePublished\":\"2023-08-30T12:26:39+00:00\",\"dateModified\":\"2025-02-27T16:34:35+00:00\",\"breadcrumb\":{\"@id\":\"https:\/\/bobimarket.pl\/index.php\/produkt\/pokrzywa-stymulator-wzrostu-koncentrat-1l-target\/#breadcrumb\"},\"inLanguage\":\"pl-PL\",\"potentialAction\":[{\"@type\":\"ReadAction\",\"target\":[\"https:\/\/bobimarket.pl\/index.php\/produkt\/pokrzywa-stymulator-wzrostu-koncentrat-1l-target\/\"]}]},{\"@type\":\"BreadcrumbList\",\"@id\":\"https:\/\/bobimarket.pl\/index.php\/produkt\/pokrzywa-stymulator-wzrostu-koncentrat-1l-target\/#breadcrumb\",\"itemListElement\":[{\"@type\":\"ListItem\",\"position\":1,\"name\":\"Strona g\u0142\u00f3wna\",\"item\":\"https:\/\/bobimarket.pl\/\"},{\"@type\":\"ListItem\",\"position\":2,\"name\":\"Sklep\",\"item\":\"https:\/\/bobimarket.pl\/index.php\/shop\/\"},{\"@type\":\"ListItem\",\"position\":3,\"name\":\"POKRZYWA STYMULATOR WZROSTU KONCENTRAT 1L TARGET\"}]},{\"@type\":\"WebSite\",\"@id\":\"https:\/\/bobimarket.pl\/#website\",\"url\":\"https:\/\/bobimarket.pl\/\",\"name\":\"BOBIMARKET.pl - Remontuj i urz\u0105dzaj z nami\",\"description\":\"Remontuj i urz\u0105dzaj z nami\",\"publisher\":{\"@id\":\"https:\/\/bobimarket.pl\/#organization\"},\"potentialAction\":[{\"@type\":\"SearchAction\",\"target\":{\"@type\":\"EntryPoint\",\"urlTemplate\":\"https:\/\/bobimarket.pl\/?s={search_term_string}\"},\"query-input\":\"required name=search_term_string\"}],\"inLanguage\":\"pl-PL\"},{\"@type\":\"Organization\",\"@id\":\"https:\/\/bobimarket.pl\/#organization\",\"name\":\"BOBIMARKET.pl\",\"url\":\"https:\/\/bobimarket.pl\/\",\"logo\":{\"@type\":\"ImageObject\",\"inLanguage\":\"pl-PL\",\"@id\":\"https:\/\/bobimarket.pl\/#\/schema\/logo\/image\/\",\"url\":\"https:\/\/bobimarket.pl\/wp-content\/uploads\/2021\/11\/slogan.png\",\"contentUrl\":\"https:\/\/bobimarket.pl\/wp-content\/uploads\/2021\/11\/slogan.png\",\"width\":2000,\"height\":384,\"caption\":\"BOBIMARKET.pl\"},\"image\":{\"@id\":\"https:\/\/bobimarket.pl\/#\/schema\/logo\/image\/\"}}]}<\/script>\n<!-- \/ Yoast SEO plugin. -->","yoast_head_json":{"title":"POKRZYWA STYMULATOR WZROSTU KONCENTRAT 1L TARGET - BOBIMARKET.pl - Remontuj i urz\u0105dzaj z nami","robots":{"index":"index","follow":"follow","max-snippet":"max-snippet:-1","max-image-preview":"max-image-preview:large","max-video-preview":"max-video-preview:-1"},"canonical":"https:\/\/bobimarket.pl\/index.php\/produkt\/pokrzywa-stymulator-wzrostu-koncentrat-1l-target\/","og_locale":"pl_PL","og_type":"article","og_title":"POKRZYWA STYMULATOR WZROSTU KONCENTRAT 1L TARGET - BOBIMARKET.pl - Remontuj i urz\u0105dzaj z nami","og_description":"Ze \u015brodk\u00f3w ochrony ro\u015blin nale\u017cy korzysta\u0107 z zachowaniem bezpiecze\u0144stwa. Przed ka\u017cdym u\u017cyciem przeczytaj informacje zamieszczone w etykiecie i informacje dotycz\u0105ce produktu. Zapoznaj si\u0119 z zagro\u017ceniami i post\u0119puj zgodnie ze \u015brodkami ostro\u017cno\u015bci wymienionymi w etykiecie. Nabycia \u015brodk\u00f3w ochrony ro\u015blin mog\u0105 dokonywa\u0107 jedynie osoby pe\u0142noletnie i posiadaj\u0105ce kwalifikacje wymagane od os\u00f3b nabywaj\u0105cych \u015brodki ochrony ro\u015blin okre\u015blone w artykule 28 ustawy z dnia 8 marca 2013 r. o \u015brodkach ochrony ro\u015blin ( Dz. U. z 2017, poz. 50 z p\u00f3\u017a\u0144. zm.).","og_url":"https:\/\/bobimarket.pl\/index.php\/produkt\/pokrzywa-stymulator-wzrostu-koncentrat-1l-target\/","og_site_name":"BOBIMARKET.pl - Remontuj i urz\u0105dzaj z nami","article_modified_time":"2025-02-27T16:34:35+00:00","og_image":[{"url":"https:\/\/upload.cdn.baselinker.com\/products\/14476\/1f4f6bbac96ea474d261c81930c1df73.jpg"}],"twitter_card":"summary_large_image","twitter_misc":{"Szacowany czas czytania":"2 minuty"},"schema":{"@context":"https:\/\/schema.org","@graph":[{"@type":"WebPage","@id":"https:\/\/bobimarket.pl\/index.php\/produkt\/pokrzywa-stymulator-wzrostu-koncentrat-1l-target\/","url":"https:\/\/bobimarket.pl\/index.php\/produkt\/pokrzywa-stymulator-wzrostu-koncentrat-1l-target\/","name":"POKRZYWA STYMULATOR WZROSTU KONCENTRAT 1L TARGET - BOBIMARKET.pl - Remontuj i urz\u0105dzaj z nami","isPartOf":{"@id":"https:\/\/bobimarket.pl\/#website"},"datePublished":"2023-08-30T12:26:39+00:00","dateModified":"2025-02-27T16:34:35+00:00","breadcrumb":{"@id":"https:\/\/bobimarket.pl\/index.php\/produkt\/pokrzywa-stymulator-wzrostu-koncentrat-1l-target\/#breadcrumb"},"inLanguage":"pl-PL","potentialAction":[{"@type":"ReadAction","target":["https:\/\/bobimarket.pl\/index.php\/produkt\/pokrzywa-stymulator-wzrostu-koncentrat-1l-target\/"]}]},{"@type":"BreadcrumbList","@id":"https:\/\/bobimarket.pl\/index.php\/produkt\/pokrzywa-stymulator-wzrostu-koncentrat-1l-target\/#breadcrumb","itemListElement":[{"@type":"ListItem","position":1,"name":"Strona g\u0142\u00f3wna","item":"https:\/\/bobimarket.pl\/"},{"@type":"ListItem","position":2,"name":"Sklep","item":"https:\/\/bobimarket.pl\/index.php\/shop\/"},{"@type":"ListItem","position":3,"name":"POKRZYWA STYMULATOR WZROSTU KONCENTRAT 1L TARGET"}]},{"@type":"WebSite","@id":"https:\/\/bobimarket.pl\/#website","url":"https:\/\/bobimarket.pl\/","name":"BOBIMARKET.pl - Remontuj i urz\u0105dzaj z nami","description":"Remontuj i urz\u0105dzaj z nami","publisher":{"@id":"https:\/\/bobimarket.pl\/#organization"},"potentialAction":[{"@type":"SearchAction","target":{"@type":"EntryPoint","urlTemplate":"https:\/\/bobimarket.pl\/?s={search_term_string}"},"query-input":"required name=search_term_string"}],"inLanguage":"pl-PL"},{"@type":"Organization","@id":"https:\/\/bobimarket.pl\/#organization","name":"BOBIMARKET.pl","url":"https:\/\/bobimarket.pl\/","logo":{"@type":"ImageObject","inLanguage":"pl-PL","@id":"https:\/\/bobimarket.pl\/#\/schema\/logo\/image\/","url":"https:\/\/bobimarket.pl\/wp-content\/uploads\/2021\/11\/slogan.png","contentUrl":"https:\/\/bobimarket.pl\/wp-content\/uploads\/2021\/11\/slogan.png","width":2000,"height":384,"caption":"BOBIMARKET.pl"},"image":{"@id":"https:\/\/bobimarket.pl\/#\/schema\/logo\/image\/"}}]}},"_links":{"self":[{"href":"https:\/\/bobimarket.pl\/index.php\/wp-json\/wp\/v2\/product\/97257"}],"collection":[{"href":"https:\/\/bobimarket.pl\/index.php\/wp-json\/wp\/v2\/product"}],"about":[{"href":"https:\/\/bobimarket.pl\/index.php\/wp-json\/wp\/v2\/types\/product"}],"wp:featuredmedia":[{"embeddable":true,"href":"https:\/\/bobimarket.pl\/index.php\/wp-json\/wp\/v2\/media\/97249"}],"wp:attachment":[{"href":"https:\/\/bobimarket.pl\/index.php\/wp-json\/wp\/v2\/media?parent=97257"}],"wp:term":[{"taxonomy":"product_cat","embeddable":true,"href":"https:\/\/bobimarket.pl\/index.php\/wp-json\/wp\/v2\/product_cat?post=97257"},{"taxonomy":"product_tag","embeddable":true,"href":"https:\/\/bobimarket.pl\/index.php\/wp-json\/wp\/v2\/product_tag?post=97257"}],"curies":[{"name":"wp","href":"https:\/\/api.w.org\/{rel}","templated":true}]}}