{"id":97275,"date":"2023-08-30T12:27:54","date_gmt":"2023-08-30T12:27:54","guid":{"rendered":"https:\/\/bobimarket.pl\/index.php\/produkt\/biosept-active-odpornosc-roslin-balkonowe-iglaki\/"},"modified":"2025-02-27T16:34:43","modified_gmt":"2025-02-27T16:34:43","slug":"biosept-active-odpornosc-roslin-balkonowe-iglaki","status":"publish","type":"product","link":"https:\/\/bobimarket.pl\/index.php\/produkt\/biosept-active-odpornosc-roslin-balkonowe-iglaki\/","title":{"rendered":"BIOSEPT ACTIVE ODPORNO\u015a\u0106 RO\u015aLIN BALKONOWE IGLAKI"},"content":{"rendered":"<section class=\"section\">\n<div class=\"item item-12\">\n<section class=\"image-item\">\n            <img decoding=\"async\" src=\"https:\/\/upload.cdn.baselinker.com\/products\/14476\/028bff8d85ded52f1dc57edcbf044dde.jpg\" \/><br \/>\n        <\/section>\n<\/p><\/div>\n<\/section>\n<section class=\"section\">\n<div class=\"item item-12\">\n<section class=\"text-item\">\n<h2><b>BIOSEPT ACTIVE ODPORNO\u015a\u0106 RO\u015aLIN BALKONOWE IGLAKI<\/b><\/h2>\n<p><b>Informacje og\u00f3lne:<\/b><\/p>\n<ul>\n<li>Pojemno\u015b\u0107: <b>750 ml<\/b><\/li>\n<li>Przeznaczenie: <b>stymuluje odporno\u015b\u0107 i\u00a0witalno\u015b\u0107 ro\u015blin domowych<\/b><\/li>\n<li>Produkt na bazie ekstraktu z grejpfruta<\/li>\n<li>Bezpieczny dla ludzi, zwierz\u0105t i owad\u00f3w zapylaj\u0105cych<\/li>\n<\/ul>\n<\/section><\/div>\n<\/section>\n<section class=\"section\">\n<div class=\"item item-12\">\n<section class=\"image-item\">\n            <img decoding=\"async\" src=\"https:\/\/upload.cdn.baselinker.com\/products\/14476\/f32c8cb6cce8989334146b79fb9a1658.png\" \/><br \/>\n        <\/section>\n<\/p><\/div>\n<\/section>\n<section class=\"section\">\n<div class=\"item item-12\">\n<section class=\"text-item\">\n<h1>Praktyczne informacje dotycz\u0105ce stosowanie preparatu<\/h1>\n<p>\u2705 Preparat jest<b> gotowy do u\u017cycia, nale\u017cy go stosowa\u0107 w formie oprysku<\/b>. Ro\u015bliny powinno si\u0119 dok\u0142adnie spryska\u0107 roztworem. Spryska\u0107 nale\u017cy li\u015bcie od g\u00f3ry i spodu, \u0142odygi oraz wierzchni\u0105 warstw\u0119 pod\u0142o\u017ca. Mo\u017cna by\u0107 u\u017cywany przez ca\u0142y okres wegetacyjny ro\u015blin. Mo\u017ce zosta\u0107 wykorzystany prewencyjnie w\u00a0 celu ochrony ro\u015blin przed patogenami grzybowymi oraz interwencyjnie. Sprawdzi si\u0119 r\u00f3wnie\u017c w momencie zauwa\u017cenia objaw\u00f3w choroby.<\/p>\n<p>\u2705 Polecany jest do stosowania w celu ochrony ro\u015blin przed takimi chorobami grzybowymi jak:<\/p>\n<ul>\n<li>plamisto\u015b\u0107 li\u015bci i kwiat\u00f3w<\/li>\n<li>szara ple\u015b\u0144<\/li>\n<li>fuzarioza<\/li>\n<li>zgorzel<\/li>\n<li>m\u0105czniak prawdziwy<\/li>\n<li>m\u0105czniak rzekomy<\/li>\n<li>zaraza ziemniaka<\/li>\n<li>kanciasta plamisto\u015b\u0107<\/li>\n<li>alternarioza<\/li>\n<li>fytoftoroza<\/li>\n<li>rdza<\/li>\n<\/ul>\n<\/section><\/div>\n<\/section>\n<section class=\"section\">\n<div class=\"item item-12\">\n<section class=\"image-item\">\n            <img decoding=\"async\" src=\"https:\/\/upload.cdn.baselinker.com\/products\/14476\/f3ae8f372ea484984ca1bb76c261b445.png\" \/><br \/>\n        <\/section>\n<\/p><\/div>\n<\/section>\n<section class=\"section\">\n<div class=\"item item-12\">\n<section class=\"text-item\">\n<h2>Zadbaj o swoje ro\u015bliny ozdobne, warzywne i\u00a0owocowe oraz zio\u0142a<\/h2>\n<p>Biosept Activ to roztw\u00f3r na bazie ekstraktu z grejpfruta, kt\u00f3ry ma <b>za zadanie wzmacnia\u0107 oporno\u015b\u0107 ro\u015blin i stymulowa\u0107 ich rozw\u00f3j.<\/b> Gotowy do u\u017cycia roztw\u00f3r poprawia ukorzenianie i wp\u0142ywa na lepsz\u0105 kondycj\u0119 ro\u015blin bujniejsze kwitnienie.<\/p>\n<p>\u2705 Preparat <b>ma szerokie zastosowanie <\/b>i na pewno sprawdzi si\u0119 w Twoim domu. Przyda si\u0119 w uprawie ro\u015blin ozdobnych, warzywnych i owocowych uprawianych w domu, na balkonie czy w ogrodzie.<\/p>\n<p>\u2705 Sk\u0142ad produktu opiera si\u0119 <b>na bazie ekstraktu z grejpfruta<\/b>, \u015brodek jest wi\u0119c bezpieczny dla domownik\u00f3w, w pe\u0142ni naturalny i nietoksyczny.<\/p>\n<\/section><\/div>\n<\/section>\n<section class=\"section\">\n<div class=\"item item-12\">\n<section class=\"image-item\">\n            <img decoding=\"async\" src=\"https:\/\/upload.cdn.baselinker.com\/products\/14476\/6caf339ff444c54db7b85e893706c7b8.jpg\" \/><br \/>\n        <\/section>\n<\/p><\/div>\n<\/section>\n<section class=\"section\">\n<div class=\"item item-12\">\n<section class=\"text-item\">\n<h2>Najlepsze rozwi\u0105zanie dla Twoich ro\u015blin!<\/h2>\n<p>\u2705 Poprawia ukorzenianie i wp\u0142ywa na ich lepsz\u0105 kondycj\u0119, bujniejsze kwitnienie.<\/p>\n<p>\u2705 Polecany jest do stosowania w celu ochrony ro\u015blin przed takimi chorobami grzybowymi.<\/p>\n<p>\u2705 Mo\u017cna go stosowa\u0107 przez ca\u0142y okres wegetacyjny ro\u015blin, zar\u00f3wno prewencyjnie.<\/p>\n<p>\u2705 Bezpieczny dla ludzi, zwierz\u0105t i owad\u00f3w zapylaj\u0105cych.<\/p>\n<\/section><\/div>\n<\/section>\n<section class=\"section\">\n<div class=\"item item-12\">\n<section class=\"image-item\">\n            <img decoding=\"async\" src=\"https:\/\/upload.cdn.baselinker.com\/products\/14476\/2a861b6bca6f2f8b2160348117f1d134.jpg\" \/><br \/>\n        <\/section>\n<\/p><\/div>\n<\/section>\n","protected":false},"excerpt":{"rendered":"<p>Ze \u015brodk\u00f3w ochrony ro\u015blin nale\u017cy korzysta\u0107 z zachowaniem bezpiecze\u0144stwa. Przed ka\u017cdym u\u017cyciem przeczytaj informacje zamieszczone w etykiecie i informacje dotycz\u0105ce produktu. Zapoznaj si\u0119 z zagro\u017ceniami i post\u0119puj zgodnie ze \u015brodkami ostro\u017cno\u015bci wymienionymi w etykiecie. Nabycia \u015brodk\u00f3w ochrony ro\u015blin mog\u0105 dokonywa\u0107 jedynie osoby pe\u0142noletnie i posiadaj\u0105ce kwalifikacje wymagane od os\u00f3b nabywaj\u0105cych \u015brodki ochrony ro\u015blin okre\u015blone w artykule 28 ustawy z dnia 8 marca 2013 r. o \u015brodkach ochrony ro\u015blin ( Dz. U. z 2017, poz. 50 z p\u00f3\u017a\u0144. zm.).<\/p>\n","protected":false},"featured_media":97266,"template":"","meta":[],"product_cat":[8388],"product_tag":[],"yoast_head":"<!-- This site is optimized with the Yoast SEO plugin v21.0 - https:\/\/yoast.com\/wordpress\/plugins\/seo\/ -->\n<title>BIOSEPT ACTIVE ODPORNO\u015a\u0106 RO\u015aLIN BALKONOWE IGLAKI - BOBIMARKET.pl - Remontuj i urz\u0105dzaj z nami<\/title>\n<meta name=\"robots\" content=\"index, follow, max-snippet:-1, max-image-preview:large, max-video-preview:-1\" \/>\n<link rel=\"canonical\" href=\"https:\/\/bobimarket.pl\/index.php\/produkt\/biosept-active-odpornosc-roslin-balkonowe-iglaki\/\" \/>\n<meta property=\"og:locale\" content=\"pl_PL\" \/>\n<meta property=\"og:type\" content=\"article\" \/>\n<meta property=\"og:title\" content=\"BIOSEPT ACTIVE ODPORNO\u015a\u0106 RO\u015aLIN BALKONOWE IGLAKI - BOBIMARKET.pl - Remontuj i urz\u0105dzaj z nami\" \/>\n<meta property=\"og:description\" content=\"Ze \u015brodk\u00f3w ochrony ro\u015blin nale\u017cy korzysta\u0107 z zachowaniem bezpiecze\u0144stwa. Przed ka\u017cdym u\u017cyciem przeczytaj informacje zamieszczone w etykiecie i informacje dotycz\u0105ce produktu. Zapoznaj si\u0119 z zagro\u017ceniami i post\u0119puj zgodnie ze \u015brodkami ostro\u017cno\u015bci wymienionymi w etykiecie. Nabycia \u015brodk\u00f3w ochrony ro\u015blin mog\u0105 dokonywa\u0107 jedynie osoby pe\u0142noletnie i posiadaj\u0105ce kwalifikacje wymagane od os\u00f3b nabywaj\u0105cych \u015brodki ochrony ro\u015blin okre\u015blone w artykule 28 ustawy z dnia 8 marca 2013 r. o \u015brodkach ochrony ro\u015blin ( Dz. U. z 2017, poz. 50 z p\u00f3\u017a\u0144. zm.).\" \/>\n<meta property=\"og:url\" content=\"https:\/\/bobimarket.pl\/index.php\/produkt\/biosept-active-odpornosc-roslin-balkonowe-iglaki\/\" \/>\n<meta property=\"og:site_name\" content=\"BOBIMARKET.pl - Remontuj i urz\u0105dzaj z nami\" \/>\n<meta property=\"article:modified_time\" content=\"2025-02-27T16:34:43+00:00\" \/>\n<meta property=\"og:image\" content=\"https:\/\/upload.cdn.baselinker.com\/products\/14476\/028bff8d85ded52f1dc57edcbf044dde.jpg\" \/>\n<meta name=\"twitter:card\" content=\"summary_large_image\" \/>\n<meta name=\"twitter:label1\" content=\"Szacowany czas czytania\" \/>\n\t<meta name=\"twitter:data1\" content=\"2 minuty\" \/>\n<script type=\"application\/ld+json\" class=\"yoast-schema-graph\">{\"@context\":\"https:\/\/schema.org\",\"@graph\":[{\"@type\":\"WebPage\",\"@id\":\"https:\/\/bobimarket.pl\/index.php\/produkt\/biosept-active-odpornosc-roslin-balkonowe-iglaki\/\",\"url\":\"https:\/\/bobimarket.pl\/index.php\/produkt\/biosept-active-odpornosc-roslin-balkonowe-iglaki\/\",\"name\":\"BIOSEPT ACTIVE ODPORNO\u015a\u0106 RO\u015aLIN BALKONOWE IGLAKI - BOBIMARKET.pl - Remontuj i urz\u0105dzaj z nami\",\"isPartOf\":{\"@id\":\"https:\/\/bobimarket.pl\/#website\"},\"datePublished\":\"2023-08-30T12:27:54+00:00\",\"dateModified\":\"2025-02-27T16:34:43+00:00\",\"breadcrumb\":{\"@id\":\"https:\/\/bobimarket.pl\/index.php\/produkt\/biosept-active-odpornosc-roslin-balkonowe-iglaki\/#breadcrumb\"},\"inLanguage\":\"pl-PL\",\"potentialAction\":[{\"@type\":\"ReadAction\",\"target\":[\"https:\/\/bobimarket.pl\/index.php\/produkt\/biosept-active-odpornosc-roslin-balkonowe-iglaki\/\"]}]},{\"@type\":\"BreadcrumbList\",\"@id\":\"https:\/\/bobimarket.pl\/index.php\/produkt\/biosept-active-odpornosc-roslin-balkonowe-iglaki\/#breadcrumb\",\"itemListElement\":[{\"@type\":\"ListItem\",\"position\":1,\"name\":\"Strona g\u0142\u00f3wna\",\"item\":\"https:\/\/bobimarket.pl\/\"},{\"@type\":\"ListItem\",\"position\":2,\"name\":\"Sklep\",\"item\":\"https:\/\/bobimarket.pl\/index.php\/shop\/\"},{\"@type\":\"ListItem\",\"position\":3,\"name\":\"BIOSEPT ACTIVE ODPORNO\u015a\u0106 RO\u015aLIN BALKONOWE IGLAKI\"}]},{\"@type\":\"WebSite\",\"@id\":\"https:\/\/bobimarket.pl\/#website\",\"url\":\"https:\/\/bobimarket.pl\/\",\"name\":\"BOBIMARKET.pl - Remontuj i urz\u0105dzaj z nami\",\"description\":\"Remontuj i urz\u0105dzaj z nami\",\"publisher\":{\"@id\":\"https:\/\/bobimarket.pl\/#organization\"},\"potentialAction\":[{\"@type\":\"SearchAction\",\"target\":{\"@type\":\"EntryPoint\",\"urlTemplate\":\"https:\/\/bobimarket.pl\/?s={search_term_string}\"},\"query-input\":\"required name=search_term_string\"}],\"inLanguage\":\"pl-PL\"},{\"@type\":\"Organization\",\"@id\":\"https:\/\/bobimarket.pl\/#organization\",\"name\":\"BOBIMARKET.pl\",\"url\":\"https:\/\/bobimarket.pl\/\",\"logo\":{\"@type\":\"ImageObject\",\"inLanguage\":\"pl-PL\",\"@id\":\"https:\/\/bobimarket.pl\/#\/schema\/logo\/image\/\",\"url\":\"https:\/\/bobimarket.pl\/wp-content\/uploads\/2021\/11\/slogan.png\",\"contentUrl\":\"https:\/\/bobimarket.pl\/wp-content\/uploads\/2021\/11\/slogan.png\",\"width\":2000,\"height\":384,\"caption\":\"BOBIMARKET.pl\"},\"image\":{\"@id\":\"https:\/\/bobimarket.pl\/#\/schema\/logo\/image\/\"}}]}<\/script>\n<!-- \/ Yoast SEO plugin. -->","yoast_head_json":{"title":"BIOSEPT ACTIVE ODPORNO\u015a\u0106 RO\u015aLIN BALKONOWE IGLAKI - BOBIMARKET.pl - Remontuj i urz\u0105dzaj z nami","robots":{"index":"index","follow":"follow","max-snippet":"max-snippet:-1","max-image-preview":"max-image-preview:large","max-video-preview":"max-video-preview:-1"},"canonical":"https:\/\/bobimarket.pl\/index.php\/produkt\/biosept-active-odpornosc-roslin-balkonowe-iglaki\/","og_locale":"pl_PL","og_type":"article","og_title":"BIOSEPT ACTIVE ODPORNO\u015a\u0106 RO\u015aLIN BALKONOWE IGLAKI - BOBIMARKET.pl - Remontuj i urz\u0105dzaj z nami","og_description":"Ze \u015brodk\u00f3w ochrony ro\u015blin nale\u017cy korzysta\u0107 z zachowaniem bezpiecze\u0144stwa. Przed ka\u017cdym u\u017cyciem przeczytaj informacje zamieszczone w etykiecie i informacje dotycz\u0105ce produktu. Zapoznaj si\u0119 z zagro\u017ceniami i post\u0119puj zgodnie ze \u015brodkami ostro\u017cno\u015bci wymienionymi w etykiecie. Nabycia \u015brodk\u00f3w ochrony ro\u015blin mog\u0105 dokonywa\u0107 jedynie osoby pe\u0142noletnie i posiadaj\u0105ce kwalifikacje wymagane od os\u00f3b nabywaj\u0105cych \u015brodki ochrony ro\u015blin okre\u015blone w artykule 28 ustawy z dnia 8 marca 2013 r. o \u015brodkach ochrony ro\u015blin ( Dz. U. z 2017, poz. 50 z p\u00f3\u017a\u0144. zm.).","og_url":"https:\/\/bobimarket.pl\/index.php\/produkt\/biosept-active-odpornosc-roslin-balkonowe-iglaki\/","og_site_name":"BOBIMARKET.pl - Remontuj i urz\u0105dzaj z nami","article_modified_time":"2025-02-27T16:34:43+00:00","og_image":[{"url":"https:\/\/upload.cdn.baselinker.com\/products\/14476\/028bff8d85ded52f1dc57edcbf044dde.jpg"}],"twitter_card":"summary_large_image","twitter_misc":{"Szacowany czas czytania":"2 minuty"},"schema":{"@context":"https:\/\/schema.org","@graph":[{"@type":"WebPage","@id":"https:\/\/bobimarket.pl\/index.php\/produkt\/biosept-active-odpornosc-roslin-balkonowe-iglaki\/","url":"https:\/\/bobimarket.pl\/index.php\/produkt\/biosept-active-odpornosc-roslin-balkonowe-iglaki\/","name":"BIOSEPT ACTIVE ODPORNO\u015a\u0106 RO\u015aLIN BALKONOWE IGLAKI - BOBIMARKET.pl - Remontuj i urz\u0105dzaj z nami","isPartOf":{"@id":"https:\/\/bobimarket.pl\/#website"},"datePublished":"2023-08-30T12:27:54+00:00","dateModified":"2025-02-27T16:34:43+00:00","breadcrumb":{"@id":"https:\/\/bobimarket.pl\/index.php\/produkt\/biosept-active-odpornosc-roslin-balkonowe-iglaki\/#breadcrumb"},"inLanguage":"pl-PL","potentialAction":[{"@type":"ReadAction","target":["https:\/\/bobimarket.pl\/index.php\/produkt\/biosept-active-odpornosc-roslin-balkonowe-iglaki\/"]}]},{"@type":"BreadcrumbList","@id":"https:\/\/bobimarket.pl\/index.php\/produkt\/biosept-active-odpornosc-roslin-balkonowe-iglaki\/#breadcrumb","itemListElement":[{"@type":"ListItem","position":1,"name":"Strona g\u0142\u00f3wna","item":"https:\/\/bobimarket.pl\/"},{"@type":"ListItem","position":2,"name":"Sklep","item":"https:\/\/bobimarket.pl\/index.php\/shop\/"},{"@type":"ListItem","position":3,"name":"BIOSEPT ACTIVE ODPORNO\u015a\u0106 RO\u015aLIN BALKONOWE IGLAKI"}]},{"@type":"WebSite","@id":"https:\/\/bobimarket.pl\/#website","url":"https:\/\/bobimarket.pl\/","name":"BOBIMARKET.pl - Remontuj i urz\u0105dzaj z nami","description":"Remontuj i urz\u0105dzaj z nami","publisher":{"@id":"https:\/\/bobimarket.pl\/#organization"},"potentialAction":[{"@type":"SearchAction","target":{"@type":"EntryPoint","urlTemplate":"https:\/\/bobimarket.pl\/?s={search_term_string}"},"query-input":"required name=search_term_string"}],"inLanguage":"pl-PL"},{"@type":"Organization","@id":"https:\/\/bobimarket.pl\/#organization","name":"BOBIMARKET.pl","url":"https:\/\/bobimarket.pl\/","logo":{"@type":"ImageObject","inLanguage":"pl-PL","@id":"https:\/\/bobimarket.pl\/#\/schema\/logo\/image\/","url":"https:\/\/bobimarket.pl\/wp-content\/uploads\/2021\/11\/slogan.png","contentUrl":"https:\/\/bobimarket.pl\/wp-content\/uploads\/2021\/11\/slogan.png","width":2000,"height":384,"caption":"BOBIMARKET.pl"},"image":{"@id":"https:\/\/bobimarket.pl\/#\/schema\/logo\/image\/"}}]}},"_links":{"self":[{"href":"https:\/\/bobimarket.pl\/index.php\/wp-json\/wp\/v2\/product\/97275"}],"collection":[{"href":"https:\/\/bobimarket.pl\/index.php\/wp-json\/wp\/v2\/product"}],"about":[{"href":"https:\/\/bobimarket.pl\/index.php\/wp-json\/wp\/v2\/types\/product"}],"wp:featuredmedia":[{"embeddable":true,"href":"https:\/\/bobimarket.pl\/index.php\/wp-json\/wp\/v2\/media\/97266"}],"wp:attachment":[{"href":"https:\/\/bobimarket.pl\/index.php\/wp-json\/wp\/v2\/media?parent=97275"}],"wp:term":[{"taxonomy":"product_cat","embeddable":true,"href":"https:\/\/bobimarket.pl\/index.php\/wp-json\/wp\/v2\/product_cat?post=97275"},{"taxonomy":"product_tag","embeddable":true,"href":"https:\/\/bobimarket.pl\/index.php\/wp-json\/wp\/v2\/product_tag?post=97275"}],"curies":[{"name":"wp","href":"https:\/\/api.w.org\/{rel}","templated":true}]}}