{"id":97292,"date":"2023-08-30T12:28:54","date_gmt":"2023-08-30T12:28:54","guid":{"rendered":"https:\/\/bobimarket.pl\/index.php\/produkt\/zolte-tablice-lepowe-na-mszyce-maczliki-ziemiorki\/"},"modified":"2025-02-27T16:34:50","modified_gmt":"2025-02-27T16:34:50","slug":"zolte-tablice-lepowe-na-mszyce-maczliki-ziemiorki","status":"publish","type":"product","link":"https:\/\/bobimarket.pl\/index.php\/produkt\/zolte-tablice-lepowe-na-mszyce-maczliki-ziemiorki\/","title":{"rendered":"\u017b\u00d3\u0141TE TABLICE LEPOWE NA MSZYCE M\u0104CZLIKI ZIEMI\u00d3RKI"},"content":{"rendered":"<section class=\"section\">\n<div class=\"item item-12\">\n<section class=\"image-item\">\n            <img decoding=\"async\" src=\"https:\/\/upload.cdn.baselinker.com\/products\/14476\/fb379f472a8e8d446cbc9519226e9f31.jpg\" \/><br \/>\n        <\/section>\n<\/p><\/div>\n<\/section>\n<section class=\"section\">\n<div class=\"item item-12\">\n<section class=\"text-item\">\n<h2><b>\u017b\u00d3\u0141TE TABLICE LEPOWE NA MSZYCE M\u0104CZLIKI ZIEMI\u00d3RKI<\/b><\/h2>\n<p><b>Informacje og\u00f3lne: <\/b><\/p>\n<ul>\n<li>Ilo\u015b\u0107 sztuk w opakowaniu: 10 szt.<\/li>\n<li>obustronnie powlekane klejem<\/li>\n<li>Do u\u017cytku domowego<\/li>\n<li>Zestaw zawiera patyczki do monta\u017cu<\/li>\n<li>Przeznaczenie: monitoruj\u0105 wyst\u0119powanie szkodnik\u00f3w kwiat\u00f3w domowych i balkonowych<\/li>\n<\/ul>\n<\/section><\/div>\n<\/section>\n<section class=\"section\">\n<div class=\"item item-12\">\n<section class=\"image-item\">\n            <img decoding=\"async\" src=\"https:\/\/upload.cdn.baselinker.com\/products\/14476\/b76fda24dc88a05d184bcc1d2f720097.jpg\" \/><br \/>\n        <\/section>\n<\/p><\/div>\n<\/section>\n<section class=\"section\">\n<div class=\"item item-12\">\n<section class=\"text-item\">\n<h2>\u2705 Jak to dzia\u0142a:<\/h2>\n<p>Tabliczka z obydwu stron jest pokryta klejem i s\u0142u\u017cy do monitorowania. Je\u017celi pojawi\u0105 si\u0119 na niej owady to sygna\u0142, aby zacz\u0105\u0107 dzia\u0142a\u0107 w celu zwalczenia szkodnik\u00f3w. Tablice powinno zosta\u0107 umieszczone si\u0119 w doniczce przed pojawieniem si\u0119 szkodnika. Aby by\u0142a skuteczna nale\u017cy j\u0105 umie\u015bci\u0107 nad\u00a0wierzcho\u0142kami ro\u015blin. Tabliczki dodatkowo powinny by\u0107 rozmieszczone tak, aby\u00a0w\u00a0maksymalnym stopniu zabezpieczy\u0107 ro\u015blin\u0119 przed przyklejaniem si\u0119 do\u00a0arkusza &#8211;\u00a0li\u015bci, \u0142odygi, kwiat\u00f3w.<\/p>\n<h2>\u2705 Spos\u00f3b u\u017cycia:<\/h2>\n<p>1. Oderwij pojedynczy lep i z obu stron zerwij z niego papier ochronny.<\/p>\n<p>2. Lep w\u0142\u00f3\u017c w szczelin\u0119 na ko\u0144cu uchwytu.<\/p>\n<p>3. Uchwyt z lepem wbij w pod\u0142o\u017ce w doniczce lub skrzynce balkonowej.<\/p>\n<p><b>WA\u017bNE\u2757<\/b> Wymieni\u0107 po zape\u0142nieniu owadami. Stosowa\u0107 1-2 lepy na doniczk\u0119 lub 2-4 lepy na skrzynk\u0119 balkonow\u0105.<\/p>\n<\/section><\/div>\n<\/section>\n<section class=\"section\">\n<div class=\"item item-12\">\n<section class=\"image-item\">\n            <img decoding=\"async\" src=\"https:\/\/upload.cdn.baselinker.com\/products\/14476\/03a1f8a4470573e7cc3771bd7d8f1748.png\" \/><br \/>\n        <\/section>\n<\/p><\/div>\n<\/section>\n<section class=\"section\">\n<div class=\"item item-12\">\n<section class=\"text-item\">\n<h2>Zadbaj o swoje ro\u015bliny doniczkowe i zaopatrz si\u0119 w tablice lepowe!<\/h2>\n<p>Tablice lepowe przeznaczone s\u0105 do stosowania w celu ochrony ro\u015blin ozdobnych uprawianych w domu czy na balkonie. \u017b\u00f3\u0142ty kolor przyci\u0105ga swoj\u0105 barw\u0105, a powierzchnia pokryta mocnym klejem od\u0142awia szkodniki. S\u0142u\u017c\u0105 do monitorowania szkodnik\u00f3w ro\u015blin domowych i balkonowych przez ich od\u0142awianie.<\/p>\n<p>\u2705\u00a0 Wykazuj\u0105<b> du\u017c\u0105 skuteczno\u015b\u0107 wabienia wielu gatunk\u00f3w szkodliwych owad\u00f3w <\/b>takich jak:<\/p>\n<ul>\n<li>ziemi\u00f3rki,<\/li>\n<li>mszyce<\/li>\n<li>czy m\u0105czliki.<\/li>\n<\/ul>\n<p>\u2705 Mog\u0105 by\u0107 stosowane <b>do ochrony kwiat\u00f3w domowych i balkonowych np.<\/b>:<\/p>\n<ul>\n<li>surfinii<\/li>\n<li>pelargonii<\/li>\n<li>juk<\/li>\n<li>zamiokulkas\u00f3w<\/li>\n<li>begonii<\/li>\n<\/ul>\n<\/section><\/div>\n<\/section>\n<section class=\"section\">\n<div class=\"item item-12\">\n<section class=\"image-item\">\n            <img decoding=\"async\" src=\"https:\/\/upload.cdn.baselinker.com\/products\/14476\/f74227a0b0bc7b0a5a18bcbc30a2f907.jpg\" \/><br \/>\n        <\/section>\n<\/p><\/div>\n<\/section>\n<section class=\"section\">\n<div class=\"item item-12\">\n<section class=\"text-item\">\n<h2>Najlepsze rozwi\u0105zanie dla Twoich ro\u015blin!<\/h2>\n<p>\u2705 Mieszanka dostosowana do polskich warunk\u00f3w klimatycznych.<\/p>\n<p>\u2705 Tabliczki nie zawieraj\u0105 \u017cadnych szkodliwych substancji chemicznych.<\/p>\n<p>\u2705 Wykazuj\u0105 du\u017c\u0105 skuteczno\u015b\u0107 wabienia wielu gatunk\u00f3w szkodliwych owad\u00f3w<\/p>\n<\/section><\/div>\n<\/section>\n<section class=\"section\">\n<div class=\"item item-12\">\n<section class=\"image-item\">\n            <img decoding=\"async\" src=\"https:\/\/upload.cdn.baselinker.com\/products\/14476\/4ccb89fd6d294af82cd7c1e2a6eb459c.png\" \/><br \/>\n        <\/section>\n<\/p><\/div>\n<\/section>\n","protected":false},"excerpt":{"rendered":"<p>Ze \u015brodk\u00f3w ochrony ro\u015blin nale\u017cy korzysta\u0107 z zachowaniem bezpiecze\u0144stwa. Przed ka\u017cdym u\u017cyciem przeczytaj informacje zamieszczone w etykiecie i informacje dotycz\u0105ce produktu. Zapoznaj si\u0119 z zagro\u017ceniami i post\u0119puj zgodnie ze \u015brodkami ostro\u017cno\u015bci wymienionymi w etykiecie. Nabycia \u015brodk\u00f3w ochrony ro\u015blin mog\u0105 dokonywa\u0107 jedynie osoby pe\u0142noletnie i posiadaj\u0105ce kwalifikacje wymagane od os\u00f3b nabywaj\u0105cych \u015brodki ochrony ro\u015blin okre\u015blone w artykule 28 ustawy z dnia 8 marca 2013 r. o \u015brodkach ochrony ro\u015blin ( Dz. U. z 2017, poz. 50 z p\u00f3\u017a\u0144. zm.).<\/p>\n","protected":false},"featured_media":97285,"template":"","meta":[],"product_cat":[8388],"product_tag":[],"yoast_head":"<!-- This site is optimized with the Yoast SEO plugin v21.0 - https:\/\/yoast.com\/wordpress\/plugins\/seo\/ -->\n<title>\u017b\u00d3\u0141TE TABLICE LEPOWE NA MSZYCE M\u0104CZLIKI ZIEMI\u00d3RKI - BOBIMARKET.pl - Remontuj i urz\u0105dzaj z nami<\/title>\n<meta name=\"robots\" content=\"index, follow, max-snippet:-1, max-image-preview:large, max-video-preview:-1\" \/>\n<link rel=\"canonical\" href=\"https:\/\/bobimarket.pl\/index.php\/produkt\/zolte-tablice-lepowe-na-mszyce-maczliki-ziemiorki\/\" \/>\n<meta property=\"og:locale\" content=\"pl_PL\" \/>\n<meta property=\"og:type\" content=\"article\" \/>\n<meta property=\"og:title\" content=\"\u017b\u00d3\u0141TE TABLICE LEPOWE NA MSZYCE M\u0104CZLIKI ZIEMI\u00d3RKI - BOBIMARKET.pl - Remontuj i urz\u0105dzaj z nami\" \/>\n<meta property=\"og:description\" content=\"Ze \u015brodk\u00f3w ochrony ro\u015blin nale\u017cy korzysta\u0107 z zachowaniem bezpiecze\u0144stwa. Przed ka\u017cdym u\u017cyciem przeczytaj informacje zamieszczone w etykiecie i informacje dotycz\u0105ce produktu. Zapoznaj si\u0119 z zagro\u017ceniami i post\u0119puj zgodnie ze \u015brodkami ostro\u017cno\u015bci wymienionymi w etykiecie. Nabycia \u015brodk\u00f3w ochrony ro\u015blin mog\u0105 dokonywa\u0107 jedynie osoby pe\u0142noletnie i posiadaj\u0105ce kwalifikacje wymagane od os\u00f3b nabywaj\u0105cych \u015brodki ochrony ro\u015blin okre\u015blone w artykule 28 ustawy z dnia 8 marca 2013 r. o \u015brodkach ochrony ro\u015blin ( Dz. U. z 2017, poz. 50 z p\u00f3\u017a\u0144. zm.).\" \/>\n<meta property=\"og:url\" content=\"https:\/\/bobimarket.pl\/index.php\/produkt\/zolte-tablice-lepowe-na-mszyce-maczliki-ziemiorki\/\" \/>\n<meta property=\"og:site_name\" content=\"BOBIMARKET.pl - Remontuj i urz\u0105dzaj z nami\" \/>\n<meta property=\"article:modified_time\" content=\"2025-02-27T16:34:50+00:00\" \/>\n<meta property=\"og:image\" content=\"https:\/\/upload.cdn.baselinker.com\/products\/14476\/fb379f472a8e8d446cbc9519226e9f31.jpg\" \/>\n<meta name=\"twitter:card\" content=\"summary_large_image\" \/>\n<meta name=\"twitter:label1\" content=\"Szacowany czas czytania\" \/>\n\t<meta name=\"twitter:data1\" content=\"1 minuta\" \/>\n<script type=\"application\/ld+json\" class=\"yoast-schema-graph\">{\"@context\":\"https:\/\/schema.org\",\"@graph\":[{\"@type\":\"WebPage\",\"@id\":\"https:\/\/bobimarket.pl\/index.php\/produkt\/zolte-tablice-lepowe-na-mszyce-maczliki-ziemiorki\/\",\"url\":\"https:\/\/bobimarket.pl\/index.php\/produkt\/zolte-tablice-lepowe-na-mszyce-maczliki-ziemiorki\/\",\"name\":\"\u017b\u00d3\u0141TE TABLICE LEPOWE NA MSZYCE M\u0104CZLIKI ZIEMI\u00d3RKI - BOBIMARKET.pl - Remontuj i urz\u0105dzaj z nami\",\"isPartOf\":{\"@id\":\"https:\/\/bobimarket.pl\/#website\"},\"datePublished\":\"2023-08-30T12:28:54+00:00\",\"dateModified\":\"2025-02-27T16:34:50+00:00\",\"breadcrumb\":{\"@id\":\"https:\/\/bobimarket.pl\/index.php\/produkt\/zolte-tablice-lepowe-na-mszyce-maczliki-ziemiorki\/#breadcrumb\"},\"inLanguage\":\"pl-PL\",\"potentialAction\":[{\"@type\":\"ReadAction\",\"target\":[\"https:\/\/bobimarket.pl\/index.php\/produkt\/zolte-tablice-lepowe-na-mszyce-maczliki-ziemiorki\/\"]}]},{\"@type\":\"BreadcrumbList\",\"@id\":\"https:\/\/bobimarket.pl\/index.php\/produkt\/zolte-tablice-lepowe-na-mszyce-maczliki-ziemiorki\/#breadcrumb\",\"itemListElement\":[{\"@type\":\"ListItem\",\"position\":1,\"name\":\"Strona g\u0142\u00f3wna\",\"item\":\"https:\/\/bobimarket.pl\/\"},{\"@type\":\"ListItem\",\"position\":2,\"name\":\"Sklep\",\"item\":\"https:\/\/bobimarket.pl\/index.php\/shop\/\"},{\"@type\":\"ListItem\",\"position\":3,\"name\":\"\u017b\u00d3\u0141TE TABLICE LEPOWE NA MSZYCE M\u0104CZLIKI ZIEMI\u00d3RKI\"}]},{\"@type\":\"WebSite\",\"@id\":\"https:\/\/bobimarket.pl\/#website\",\"url\":\"https:\/\/bobimarket.pl\/\",\"name\":\"BOBIMARKET.pl - Remontuj i urz\u0105dzaj z nami\",\"description\":\"Remontuj i urz\u0105dzaj z nami\",\"publisher\":{\"@id\":\"https:\/\/bobimarket.pl\/#organization\"},\"potentialAction\":[{\"@type\":\"SearchAction\",\"target\":{\"@type\":\"EntryPoint\",\"urlTemplate\":\"https:\/\/bobimarket.pl\/?s={search_term_string}\"},\"query-input\":\"required name=search_term_string\"}],\"inLanguage\":\"pl-PL\"},{\"@type\":\"Organization\",\"@id\":\"https:\/\/bobimarket.pl\/#organization\",\"name\":\"BOBIMARKET.pl\",\"url\":\"https:\/\/bobimarket.pl\/\",\"logo\":{\"@type\":\"ImageObject\",\"inLanguage\":\"pl-PL\",\"@id\":\"https:\/\/bobimarket.pl\/#\/schema\/logo\/image\/\",\"url\":\"https:\/\/bobimarket.pl\/wp-content\/uploads\/2021\/11\/slogan.png\",\"contentUrl\":\"https:\/\/bobimarket.pl\/wp-content\/uploads\/2021\/11\/slogan.png\",\"width\":2000,\"height\":384,\"caption\":\"BOBIMARKET.pl\"},\"image\":{\"@id\":\"https:\/\/bobimarket.pl\/#\/schema\/logo\/image\/\"}}]}<\/script>\n<!-- \/ Yoast SEO plugin. -->","yoast_head_json":{"title":"\u017b\u00d3\u0141TE TABLICE LEPOWE NA MSZYCE M\u0104CZLIKI ZIEMI\u00d3RKI - BOBIMARKET.pl - Remontuj i urz\u0105dzaj z nami","robots":{"index":"index","follow":"follow","max-snippet":"max-snippet:-1","max-image-preview":"max-image-preview:large","max-video-preview":"max-video-preview:-1"},"canonical":"https:\/\/bobimarket.pl\/index.php\/produkt\/zolte-tablice-lepowe-na-mszyce-maczliki-ziemiorki\/","og_locale":"pl_PL","og_type":"article","og_title":"\u017b\u00d3\u0141TE TABLICE LEPOWE NA MSZYCE M\u0104CZLIKI ZIEMI\u00d3RKI - BOBIMARKET.pl - Remontuj i urz\u0105dzaj z nami","og_description":"Ze \u015brodk\u00f3w ochrony ro\u015blin nale\u017cy korzysta\u0107 z zachowaniem bezpiecze\u0144stwa. Przed ka\u017cdym u\u017cyciem przeczytaj informacje zamieszczone w etykiecie i informacje dotycz\u0105ce produktu. Zapoznaj si\u0119 z zagro\u017ceniami i post\u0119puj zgodnie ze \u015brodkami ostro\u017cno\u015bci wymienionymi w etykiecie. Nabycia \u015brodk\u00f3w ochrony ro\u015blin mog\u0105 dokonywa\u0107 jedynie osoby pe\u0142noletnie i posiadaj\u0105ce kwalifikacje wymagane od os\u00f3b nabywaj\u0105cych \u015brodki ochrony ro\u015blin okre\u015blone w artykule 28 ustawy z dnia 8 marca 2013 r. o \u015brodkach ochrony ro\u015blin ( Dz. U. z 2017, poz. 50 z p\u00f3\u017a\u0144. zm.).","og_url":"https:\/\/bobimarket.pl\/index.php\/produkt\/zolte-tablice-lepowe-na-mszyce-maczliki-ziemiorki\/","og_site_name":"BOBIMARKET.pl - Remontuj i urz\u0105dzaj z nami","article_modified_time":"2025-02-27T16:34:50+00:00","og_image":[{"url":"https:\/\/upload.cdn.baselinker.com\/products\/14476\/fb379f472a8e8d446cbc9519226e9f31.jpg"}],"twitter_card":"summary_large_image","twitter_misc":{"Szacowany czas czytania":"1 minuta"},"schema":{"@context":"https:\/\/schema.org","@graph":[{"@type":"WebPage","@id":"https:\/\/bobimarket.pl\/index.php\/produkt\/zolte-tablice-lepowe-na-mszyce-maczliki-ziemiorki\/","url":"https:\/\/bobimarket.pl\/index.php\/produkt\/zolte-tablice-lepowe-na-mszyce-maczliki-ziemiorki\/","name":"\u017b\u00d3\u0141TE TABLICE LEPOWE NA MSZYCE M\u0104CZLIKI ZIEMI\u00d3RKI - BOBIMARKET.pl - Remontuj i urz\u0105dzaj z nami","isPartOf":{"@id":"https:\/\/bobimarket.pl\/#website"},"datePublished":"2023-08-30T12:28:54+00:00","dateModified":"2025-02-27T16:34:50+00:00","breadcrumb":{"@id":"https:\/\/bobimarket.pl\/index.php\/produkt\/zolte-tablice-lepowe-na-mszyce-maczliki-ziemiorki\/#breadcrumb"},"inLanguage":"pl-PL","potentialAction":[{"@type":"ReadAction","target":["https:\/\/bobimarket.pl\/index.php\/produkt\/zolte-tablice-lepowe-na-mszyce-maczliki-ziemiorki\/"]}]},{"@type":"BreadcrumbList","@id":"https:\/\/bobimarket.pl\/index.php\/produkt\/zolte-tablice-lepowe-na-mszyce-maczliki-ziemiorki\/#breadcrumb","itemListElement":[{"@type":"ListItem","position":1,"name":"Strona g\u0142\u00f3wna","item":"https:\/\/bobimarket.pl\/"},{"@type":"ListItem","position":2,"name":"Sklep","item":"https:\/\/bobimarket.pl\/index.php\/shop\/"},{"@type":"ListItem","position":3,"name":"\u017b\u00d3\u0141TE TABLICE LEPOWE NA MSZYCE M\u0104CZLIKI ZIEMI\u00d3RKI"}]},{"@type":"WebSite","@id":"https:\/\/bobimarket.pl\/#website","url":"https:\/\/bobimarket.pl\/","name":"BOBIMARKET.pl - Remontuj i urz\u0105dzaj z nami","description":"Remontuj i urz\u0105dzaj z nami","publisher":{"@id":"https:\/\/bobimarket.pl\/#organization"},"potentialAction":[{"@type":"SearchAction","target":{"@type":"EntryPoint","urlTemplate":"https:\/\/bobimarket.pl\/?s={search_term_string}"},"query-input":"required name=search_term_string"}],"inLanguage":"pl-PL"},{"@type":"Organization","@id":"https:\/\/bobimarket.pl\/#organization","name":"BOBIMARKET.pl","url":"https:\/\/bobimarket.pl\/","logo":{"@type":"ImageObject","inLanguage":"pl-PL","@id":"https:\/\/bobimarket.pl\/#\/schema\/logo\/image\/","url":"https:\/\/bobimarket.pl\/wp-content\/uploads\/2021\/11\/slogan.png","contentUrl":"https:\/\/bobimarket.pl\/wp-content\/uploads\/2021\/11\/slogan.png","width":2000,"height":384,"caption":"BOBIMARKET.pl"},"image":{"@id":"https:\/\/bobimarket.pl\/#\/schema\/logo\/image\/"}}]}},"_links":{"self":[{"href":"https:\/\/bobimarket.pl\/index.php\/wp-json\/wp\/v2\/product\/97292"}],"collection":[{"href":"https:\/\/bobimarket.pl\/index.php\/wp-json\/wp\/v2\/product"}],"about":[{"href":"https:\/\/bobimarket.pl\/index.php\/wp-json\/wp\/v2\/types\/product"}],"wp:featuredmedia":[{"embeddable":true,"href":"https:\/\/bobimarket.pl\/index.php\/wp-json\/wp\/v2\/media\/97285"}],"wp:attachment":[{"href":"https:\/\/bobimarket.pl\/index.php\/wp-json\/wp\/v2\/media?parent=97292"}],"wp:term":[{"taxonomy":"product_cat","embeddable":true,"href":"https:\/\/bobimarket.pl\/index.php\/wp-json\/wp\/v2\/product_cat?post=97292"},{"taxonomy":"product_tag","embeddable":true,"href":"https:\/\/bobimarket.pl\/index.php\/wp-json\/wp\/v2\/product_tag?post=97292"}],"curies":[{"name":"wp","href":"https:\/\/api.w.org\/{rel}","templated":true}]}}