{"id":97300,"date":"2023-08-30T12:29:25","date_gmt":"2023-08-30T12:29:25","guid":{"rendered":"https:\/\/bobimarket.pl\/index.php\/produkt\/nawoz-do-pomidorow-warzyw-w-plynie-ekologiczny-1l\/"},"modified":"2025-02-27T16:34:54","modified_gmt":"2025-02-27T16:34:54","slug":"nawoz-do-pomidorow-warzyw-w-plynie-ekologiczny-1l","status":"publish","type":"product","link":"https:\/\/bobimarket.pl\/index.php\/produkt\/nawoz-do-pomidorow-warzyw-w-plynie-ekologiczny-1l\/","title":{"rendered":"NAW\u00d3Z DO POMIDOR\u00d3W WARZYW W P\u0141YNIE EKOLOGICZNY 1L"},"content":{"rendered":"<section class=\"section\">\n<div class=\"item item-12\">\n<section class=\"image-item\">\n            <img decoding=\"async\" src=\"https:\/\/upload.cdn.baselinker.com\/products\/14476\/b3b66df8cf90f6d56368f4dc510aba12.jpg\" \/><br \/>\n        <\/section>\n<\/p><\/div>\n<\/section>\n<section class=\"section\">\n<div class=\"item item-12\">\n<section class=\"text-item\">\n<h2>NAW\u00d3Z DO POMIDOR\u00d3W WARZYW W P\u0141YNIE EKOLOGICZNY 1L<\/h2>\n<p><b>Informacje og\u00f3lne:<\/b><\/p>\n<ul>\n<li>Pojemno\u015b\u0107:<b> 1 L<\/b><\/li>\n<li>Przeznaczenie: <b>naw\u00f3z w p\u0142ynie do warzyw <\/b><\/li>\n<li>Sk\u0142ad: <b>100% sk\u0142ad pochodzenia ro\u015blinnego<\/b><\/li>\n<li>Wymaga przygotowanie cieczy u\u017cytkowej<\/li>\n<li>Zawiera mikroelementy<\/li>\n<\/ul>\n<\/section><\/div>\n<\/section>\n<section class=\"section\">\n<div class=\"item item-12\">\n<section class=\"image-item\">\n            <img decoding=\"async\" src=\"https:\/\/upload.cdn.baselinker.com\/products\/14476\/68da51bb9f284bff6817b1f0bc071a6f.jpg\" \/><br \/>\n        <\/section>\n<\/p><\/div>\n<\/section>\n<section class=\"section\">\n<div class=\"item item-12\">\n<section class=\"text-item\">\n<h1>Praktyczne informacje dotycz\u0105ce stosowanie preparatu<\/h1>\n<p><b>\u2705 Jak to dzia\u0142a:<\/b><\/p>\n<p>Stosowanie nawozu wp\u0142ywa pozytywnie na uprawiane warzywa. Preparat <b>poprawia w\u0142a\u015bciwo\u015bci gleby, u\u017cy\u017ania j\u0105 i pobudza do \u017cycia mikroorganizmy glebowe.<\/b> Naw\u00f3z sprawia, \u017ce pomidory i og\u00f3rki maj\u0105 obfite plonowanie i charakteryzuj\u0105 si\u0119 wysok\u0105 jako\u015b\u0107 zbior\u00f3w. Ponadto zastosowanie preparatu w trakcie wegetacji sprawia, \u017ce dobrze od\u017cywiona<b> ro\u015blina zwi\u0119ksza swoj\u0105 odporno\u015b\u0107 na choroby.<\/b><\/p>\n<p><b>\u2705 Dawkowanie i spos\u00f3b u\u017cycia:<\/b><\/p>\n<ul>\n<li>Nale\u017cy rozcie\u0144czy\u0107 preparat w dawce 10 ml na 1 l wody. Tak przygotowanym roztworem nale\u017cy obficie podla\u0107 ro\u015bliny.<\/li>\n<li>Ilo\u015b\u0107 roztwory b\u0119dzie zale\u017ca\u0142a od wielko\u015bci ro\u015blin, pogody oraz wymaga\u0144.<\/li>\n<li>Zaleca si\u0119 stosowa\u0107 naw\u00f3z co ok. 2-3 tygodnie w okresie od marca do pa\u017adziernika.<\/li>\n<\/ul>\n<\/section><\/div>\n<\/section>\n<section class=\"section\">\n<div class=\"item item-12\">\n<section class=\"image-item\">\n            <img decoding=\"async\" src=\"https:\/\/upload.cdn.baselinker.com\/products\/14476\/f111d6a578c68c74125d69f4f2e6d66c.jpg\" \/><br \/>\n        <\/section>\n<\/p><\/div>\n<\/section>\n<section class=\"section\">\n<div class=\"item item-12\">\n<section class=\"text-item\">\n<h2>Zadbaj o swoje warzywa i zastosuj ekologiczny naw\u00f3z!<\/h2>\n<p>Chcesz, aby Twoje warzywa <b>by\u0142y smaczne, zdrowe i obficie zaowocowa\u0142y<\/b> to mamy dla Ciebie \u015bwietne rozwi\u0105zanie. W pe\u0142ni naturalny i ekologiczny naw\u00f3z uzyskany z produkcji \u017cywno\u015bci oraz paszy. Sk\u0142ad produktu jest <b>w 100% pochodzenia ro\u015blinnego<\/b>, dzi\u0119ki temu zawiera du\u017ce ilo\u015bci substancji organicznej, cennej dla uprawianych ro\u015blin. Mocno skoncentrowana forma nawozu sprawia, \u017ce jest <b>on bardzo wydajny i wystarcza na wiele nawo\u017ce\u0144.<\/b><\/p>\n<p><b>\u2705 BEZPIECZNY <\/b><\/p>\n<ul>\n<li>Naturalny sk\u0142ad nie stanowi zagro\u017cenia dla \u015brodowiska, ludzi i zwierz\u0105t.<\/li>\n<\/ul>\n<p><b>\u2705 EKOLOGICZNY <\/b><\/p>\n<ul>\n<li>Produktu jest w 100% pochodzenia ro\u015blinnego<b>, <\/b>a butelka wykonana jest w 100% z materia\u0142\u00f3w z recyklingu.<\/li>\n<\/ul>\n<p><b>\u2705 WYDAJNY <\/b><\/p>\n<ul>\n<li>Skoncentrowana forma nazwoy sprawia, \u017ce produkt jest super wydajny.<\/li>\n<\/ul>\n<\/section><\/div>\n<\/section>\n<section class=\"section\">\n<div class=\"item item-12\">\n<section class=\"image-item\">\n            <img decoding=\"async\" src=\"https:\/\/upload.cdn.baselinker.com\/products\/14476\/3eae11d6359bedb83aa5bfe72f7757a4.png\" \/><br \/>\n        <\/section>\n<\/p><\/div>\n<\/section>\n","protected":false},"excerpt":{"rendered":"<p>Ze \u015brodk\u00f3w ochrony ro\u015blin nale\u017cy korzysta\u0107 z zachowaniem bezpiecze\u0144stwa. Przed ka\u017cdym u\u017cyciem przeczytaj informacje zamieszczone w etykiecie i informacje dotycz\u0105ce produktu. Zapoznaj si\u0119 z zagro\u017ceniami i post\u0119puj zgodnie ze \u015brodkami ostro\u017cno\u015bci wymienionymi w etykiecie. Nabycia \u015brodk\u00f3w ochrony ro\u015blin mog\u0105 dokonywa\u0107 jedynie osoby pe\u0142noletnie i posiadaj\u0105ce kwalifikacje wymagane od os\u00f3b nabywaj\u0105cych \u015brodki ochrony ro\u015blin okre\u015blone w artykule 28 ustawy z dnia 8 marca 2013 r. o \u015brodkach ochrony ro\u015blin ( Dz. U. z 2017, poz. 50 z p\u00f3\u017a\u0144. zm.).<\/p>\n","protected":false},"featured_media":97293,"template":"","meta":[],"product_cat":[8388],"product_tag":[],"yoast_head":"<!-- This site is optimized with the Yoast SEO plugin v21.0 - https:\/\/yoast.com\/wordpress\/plugins\/seo\/ -->\n<title>NAW\u00d3Z DO POMIDOR\u00d3W WARZYW W P\u0141YNIE EKOLOGICZNY 1L - BOBIMARKET.pl - Remontuj i urz\u0105dzaj z nami<\/title>\n<meta name=\"robots\" content=\"index, follow, max-snippet:-1, max-image-preview:large, max-video-preview:-1\" \/>\n<link rel=\"canonical\" href=\"https:\/\/bobimarket.pl\/index.php\/produkt\/nawoz-do-pomidorow-warzyw-w-plynie-ekologiczny-1l\/\" \/>\n<meta property=\"og:locale\" content=\"pl_PL\" \/>\n<meta property=\"og:type\" content=\"article\" \/>\n<meta property=\"og:title\" content=\"NAW\u00d3Z DO POMIDOR\u00d3W WARZYW W P\u0141YNIE EKOLOGICZNY 1L - BOBIMARKET.pl - Remontuj i urz\u0105dzaj z nami\" \/>\n<meta property=\"og:description\" content=\"Ze \u015brodk\u00f3w ochrony ro\u015blin nale\u017cy korzysta\u0107 z zachowaniem bezpiecze\u0144stwa. Przed ka\u017cdym u\u017cyciem przeczytaj informacje zamieszczone w etykiecie i informacje dotycz\u0105ce produktu. Zapoznaj si\u0119 z zagro\u017ceniami i post\u0119puj zgodnie ze \u015brodkami ostro\u017cno\u015bci wymienionymi w etykiecie. Nabycia \u015brodk\u00f3w ochrony ro\u015blin mog\u0105 dokonywa\u0107 jedynie osoby pe\u0142noletnie i posiadaj\u0105ce kwalifikacje wymagane od os\u00f3b nabywaj\u0105cych \u015brodki ochrony ro\u015blin okre\u015blone w artykule 28 ustawy z dnia 8 marca 2013 r. o \u015brodkach ochrony ro\u015blin ( Dz. U. z 2017, poz. 50 z p\u00f3\u017a\u0144. zm.).\" \/>\n<meta property=\"og:url\" content=\"https:\/\/bobimarket.pl\/index.php\/produkt\/nawoz-do-pomidorow-warzyw-w-plynie-ekologiczny-1l\/\" \/>\n<meta property=\"og:site_name\" content=\"BOBIMARKET.pl - Remontuj i urz\u0105dzaj z nami\" \/>\n<meta property=\"article:modified_time\" content=\"2025-02-27T16:34:54+00:00\" \/>\n<meta property=\"og:image\" content=\"https:\/\/upload.cdn.baselinker.com\/products\/14476\/b3b66df8cf90f6d56368f4dc510aba12.jpg\" \/>\n<meta name=\"twitter:card\" content=\"summary_large_image\" \/>\n<meta name=\"twitter:label1\" content=\"Szacowany czas czytania\" \/>\n\t<meta name=\"twitter:data1\" content=\"1 minuta\" \/>\n<script type=\"application\/ld+json\" class=\"yoast-schema-graph\">{\"@context\":\"https:\/\/schema.org\",\"@graph\":[{\"@type\":\"WebPage\",\"@id\":\"https:\/\/bobimarket.pl\/index.php\/produkt\/nawoz-do-pomidorow-warzyw-w-plynie-ekologiczny-1l\/\",\"url\":\"https:\/\/bobimarket.pl\/index.php\/produkt\/nawoz-do-pomidorow-warzyw-w-plynie-ekologiczny-1l\/\",\"name\":\"NAW\u00d3Z DO POMIDOR\u00d3W WARZYW W P\u0141YNIE EKOLOGICZNY 1L - BOBIMARKET.pl - Remontuj i urz\u0105dzaj z nami\",\"isPartOf\":{\"@id\":\"https:\/\/bobimarket.pl\/#website\"},\"datePublished\":\"2023-08-30T12:29:25+00:00\",\"dateModified\":\"2025-02-27T16:34:54+00:00\",\"breadcrumb\":{\"@id\":\"https:\/\/bobimarket.pl\/index.php\/produkt\/nawoz-do-pomidorow-warzyw-w-plynie-ekologiczny-1l\/#breadcrumb\"},\"inLanguage\":\"pl-PL\",\"potentialAction\":[{\"@type\":\"ReadAction\",\"target\":[\"https:\/\/bobimarket.pl\/index.php\/produkt\/nawoz-do-pomidorow-warzyw-w-plynie-ekologiczny-1l\/\"]}]},{\"@type\":\"BreadcrumbList\",\"@id\":\"https:\/\/bobimarket.pl\/index.php\/produkt\/nawoz-do-pomidorow-warzyw-w-plynie-ekologiczny-1l\/#breadcrumb\",\"itemListElement\":[{\"@type\":\"ListItem\",\"position\":1,\"name\":\"Strona g\u0142\u00f3wna\",\"item\":\"https:\/\/bobimarket.pl\/\"},{\"@type\":\"ListItem\",\"position\":2,\"name\":\"Sklep\",\"item\":\"https:\/\/bobimarket.pl\/index.php\/shop\/\"},{\"@type\":\"ListItem\",\"position\":3,\"name\":\"NAW\u00d3Z DO POMIDOR\u00d3W WARZYW W P\u0141YNIE EKOLOGICZNY 1L\"}]},{\"@type\":\"WebSite\",\"@id\":\"https:\/\/bobimarket.pl\/#website\",\"url\":\"https:\/\/bobimarket.pl\/\",\"name\":\"BOBIMARKET.pl - Remontuj i urz\u0105dzaj z nami\",\"description\":\"Remontuj i urz\u0105dzaj z nami\",\"publisher\":{\"@id\":\"https:\/\/bobimarket.pl\/#organization\"},\"potentialAction\":[{\"@type\":\"SearchAction\",\"target\":{\"@type\":\"EntryPoint\",\"urlTemplate\":\"https:\/\/bobimarket.pl\/?s={search_term_string}\"},\"query-input\":\"required name=search_term_string\"}],\"inLanguage\":\"pl-PL\"},{\"@type\":\"Organization\",\"@id\":\"https:\/\/bobimarket.pl\/#organization\",\"name\":\"BOBIMARKET.pl\",\"url\":\"https:\/\/bobimarket.pl\/\",\"logo\":{\"@type\":\"ImageObject\",\"inLanguage\":\"pl-PL\",\"@id\":\"https:\/\/bobimarket.pl\/#\/schema\/logo\/image\/\",\"url\":\"https:\/\/bobimarket.pl\/wp-content\/uploads\/2021\/11\/slogan.png\",\"contentUrl\":\"https:\/\/bobimarket.pl\/wp-content\/uploads\/2021\/11\/slogan.png\",\"width\":2000,\"height\":384,\"caption\":\"BOBIMARKET.pl\"},\"image\":{\"@id\":\"https:\/\/bobimarket.pl\/#\/schema\/logo\/image\/\"}}]}<\/script>\n<!-- \/ Yoast SEO plugin. -->","yoast_head_json":{"title":"NAW\u00d3Z DO POMIDOR\u00d3W WARZYW W P\u0141YNIE EKOLOGICZNY 1L - BOBIMARKET.pl - Remontuj i urz\u0105dzaj z nami","robots":{"index":"index","follow":"follow","max-snippet":"max-snippet:-1","max-image-preview":"max-image-preview:large","max-video-preview":"max-video-preview:-1"},"canonical":"https:\/\/bobimarket.pl\/index.php\/produkt\/nawoz-do-pomidorow-warzyw-w-plynie-ekologiczny-1l\/","og_locale":"pl_PL","og_type":"article","og_title":"NAW\u00d3Z DO POMIDOR\u00d3W WARZYW W P\u0141YNIE EKOLOGICZNY 1L - BOBIMARKET.pl - Remontuj i urz\u0105dzaj z nami","og_description":"Ze \u015brodk\u00f3w ochrony ro\u015blin nale\u017cy korzysta\u0107 z zachowaniem bezpiecze\u0144stwa. Przed ka\u017cdym u\u017cyciem przeczytaj informacje zamieszczone w etykiecie i informacje dotycz\u0105ce produktu. Zapoznaj si\u0119 z zagro\u017ceniami i post\u0119puj zgodnie ze \u015brodkami ostro\u017cno\u015bci wymienionymi w etykiecie. Nabycia \u015brodk\u00f3w ochrony ro\u015blin mog\u0105 dokonywa\u0107 jedynie osoby pe\u0142noletnie i posiadaj\u0105ce kwalifikacje wymagane od os\u00f3b nabywaj\u0105cych \u015brodki ochrony ro\u015blin okre\u015blone w artykule 28 ustawy z dnia 8 marca 2013 r. o \u015brodkach ochrony ro\u015blin ( Dz. U. z 2017, poz. 50 z p\u00f3\u017a\u0144. zm.).","og_url":"https:\/\/bobimarket.pl\/index.php\/produkt\/nawoz-do-pomidorow-warzyw-w-plynie-ekologiczny-1l\/","og_site_name":"BOBIMARKET.pl - Remontuj i urz\u0105dzaj z nami","article_modified_time":"2025-02-27T16:34:54+00:00","og_image":[{"url":"https:\/\/upload.cdn.baselinker.com\/products\/14476\/b3b66df8cf90f6d56368f4dc510aba12.jpg"}],"twitter_card":"summary_large_image","twitter_misc":{"Szacowany czas czytania":"1 minuta"},"schema":{"@context":"https:\/\/schema.org","@graph":[{"@type":"WebPage","@id":"https:\/\/bobimarket.pl\/index.php\/produkt\/nawoz-do-pomidorow-warzyw-w-plynie-ekologiczny-1l\/","url":"https:\/\/bobimarket.pl\/index.php\/produkt\/nawoz-do-pomidorow-warzyw-w-plynie-ekologiczny-1l\/","name":"NAW\u00d3Z DO POMIDOR\u00d3W WARZYW W P\u0141YNIE EKOLOGICZNY 1L - BOBIMARKET.pl - Remontuj i urz\u0105dzaj z nami","isPartOf":{"@id":"https:\/\/bobimarket.pl\/#website"},"datePublished":"2023-08-30T12:29:25+00:00","dateModified":"2025-02-27T16:34:54+00:00","breadcrumb":{"@id":"https:\/\/bobimarket.pl\/index.php\/produkt\/nawoz-do-pomidorow-warzyw-w-plynie-ekologiczny-1l\/#breadcrumb"},"inLanguage":"pl-PL","potentialAction":[{"@type":"ReadAction","target":["https:\/\/bobimarket.pl\/index.php\/produkt\/nawoz-do-pomidorow-warzyw-w-plynie-ekologiczny-1l\/"]}]},{"@type":"BreadcrumbList","@id":"https:\/\/bobimarket.pl\/index.php\/produkt\/nawoz-do-pomidorow-warzyw-w-plynie-ekologiczny-1l\/#breadcrumb","itemListElement":[{"@type":"ListItem","position":1,"name":"Strona g\u0142\u00f3wna","item":"https:\/\/bobimarket.pl\/"},{"@type":"ListItem","position":2,"name":"Sklep","item":"https:\/\/bobimarket.pl\/index.php\/shop\/"},{"@type":"ListItem","position":3,"name":"NAW\u00d3Z DO POMIDOR\u00d3W WARZYW W P\u0141YNIE EKOLOGICZNY 1L"}]},{"@type":"WebSite","@id":"https:\/\/bobimarket.pl\/#website","url":"https:\/\/bobimarket.pl\/","name":"BOBIMARKET.pl - Remontuj i urz\u0105dzaj z nami","description":"Remontuj i urz\u0105dzaj z nami","publisher":{"@id":"https:\/\/bobimarket.pl\/#organization"},"potentialAction":[{"@type":"SearchAction","target":{"@type":"EntryPoint","urlTemplate":"https:\/\/bobimarket.pl\/?s={search_term_string}"},"query-input":"required name=search_term_string"}],"inLanguage":"pl-PL"},{"@type":"Organization","@id":"https:\/\/bobimarket.pl\/#organization","name":"BOBIMARKET.pl","url":"https:\/\/bobimarket.pl\/","logo":{"@type":"ImageObject","inLanguage":"pl-PL","@id":"https:\/\/bobimarket.pl\/#\/schema\/logo\/image\/","url":"https:\/\/bobimarket.pl\/wp-content\/uploads\/2021\/11\/slogan.png","contentUrl":"https:\/\/bobimarket.pl\/wp-content\/uploads\/2021\/11\/slogan.png","width":2000,"height":384,"caption":"BOBIMARKET.pl"},"image":{"@id":"https:\/\/bobimarket.pl\/#\/schema\/logo\/image\/"}}]}},"_links":{"self":[{"href":"https:\/\/bobimarket.pl\/index.php\/wp-json\/wp\/v2\/product\/97300"}],"collection":[{"href":"https:\/\/bobimarket.pl\/index.php\/wp-json\/wp\/v2\/product"}],"about":[{"href":"https:\/\/bobimarket.pl\/index.php\/wp-json\/wp\/v2\/types\/product"}],"wp:featuredmedia":[{"embeddable":true,"href":"https:\/\/bobimarket.pl\/index.php\/wp-json\/wp\/v2\/media\/97293"}],"wp:attachment":[{"href":"https:\/\/bobimarket.pl\/index.php\/wp-json\/wp\/v2\/media?parent=97300"}],"wp:term":[{"taxonomy":"product_cat","embeddable":true,"href":"https:\/\/bobimarket.pl\/index.php\/wp-json\/wp\/v2\/product_cat?post=97300"},{"taxonomy":"product_tag","embeddable":true,"href":"https:\/\/bobimarket.pl\/index.php\/wp-json\/wp\/v2\/product_tag?post=97300"}],"curies":[{"name":"wp","href":"https:\/\/api.w.org\/{rel}","templated":true}]}}