{"id":97379,"date":"2023-08-30T12:33:37","date_gmt":"2023-08-30T12:33:37","guid":{"rendered":"https:\/\/bobimarket.pl\/index.php\/produkt\/maczka-bazaltowa-8-kg-wzmacnia-rosliny-target\/"},"modified":"2025-02-27T16:35:31","modified_gmt":"2025-02-27T16:35:31","slug":"maczka-bazaltowa-8-kg-wzmacnia-rosliny-target","status":"publish","type":"product","link":"https:\/\/bobimarket.pl\/index.php\/produkt\/maczka-bazaltowa-8-kg-wzmacnia-rosliny-target\/","title":{"rendered":"M\u0104CZKA BAZALTOWA 8 KG WZMACNIA RO\u015aLINY TARGET"},"content":{"rendered":"<section class=\"section\">\n<div class=\"item item-12\">\n<section class=\"image-item\">\n            <img decoding=\"async\" src=\"https:\/\/upload.cdn.baselinker.com\/products\/14476\/3c05a041acd4400603872c83d9e5a19e.jpg\" \/><br \/>\n        <\/section>\n<\/p><\/div>\n<\/section>\n<section class=\"section\">\n<div class=\"item item-12\">\n<section class=\"text-item\">\n<h2><b>M\u0104CZKA BAZALTOWA 8 KG WZMACNIA RO\u015aLINY TARGET<\/b><\/h2>\n<p><b>Informacje og\u00f3lne:<\/b><\/p>\n<ul>\n<li>Pojemno\u015b\u0107: <b>8 kg<\/b><\/li>\n<li>Przeznaczenie: <b>mechaniczna bariera na \u015blimaki<\/b><\/li>\n<li>Bogata w mikroelementy, dodatek do kompostu<\/li>\n<li>Produkt gotowy do bezpo\u015bredniego u\u017cycia<\/li>\n<li>Produkt stosuje si\u0119 przez posypanie<\/li>\n<\/ul>\n<\/section><\/div>\n<\/section>\n<section class=\"section\">\n<div class=\"item item-12\">\n<section class=\"image-item\">\n            <img decoding=\"async\" src=\"https:\/\/upload.cdn.baselinker.com\/products\/14476\/384b5f001a1598b581284abbfa19c475.png\" \/><br \/>\n        <\/section>\n<\/p><\/div>\n<\/section>\n<section class=\"section\">\n<div class=\"item item-12\">\n<section class=\"text-item\">\n<h1>Kiedy sprawdzi si\u0119 m\u0105czka bazaltowa ?<\/h1>\n<p><b>\u2705 Ochrona przed \u015blimakami ( ro\u015bliny ozdobne, drzewa i krzewy owocowe, warzywa, trawniki)<\/b><\/p>\n<ul>\n<li>Spos\u00f3b u\u017cycia: w okresie intensywnego \u017cerowania \u015blimak\u00f3w zaleca si\u0119 obsypanie grz\u0105dek w celu stworzenia zapory utrudniaj\u0105cej przej\u015bcie. Z 1kg m\u0105czki uzyskamy zwykle 3-4m ochronnej bariery. Zabiegi zaleca si\u0119 powtarza\u0107 po intensywnych opadach deszczu.<\/li>\n<\/ul>\n<p><b>\u2705 Zwalczanie chorob grzybowych (ro\u015bliny ozdobne, drzewa i krzewy owocowe, warzywa, trawniki)<\/b><\/p>\n<ul>\n<li>Spos\u00f3b u\u017cycia: w okresie intensywnego wzrostu i du\u017cego zagro\u017cenia ze strony chor\u00f3b grzybowych zabiegi zaleca si\u0119 powtarza\u0107 najlepiej co tydzie\u0144. Do opylania stosuje si\u0119 1-2 kg m\u0105czki na 100 m2.<\/li>\n<\/ul>\n<p><b>\u2705 Zwalczanie szkodnik\u00f3w ro\u015blin (ro\u015bliny ozdobne, drzewa i krzewy owocowe, warzywa, trawniki)<\/b><\/p>\n<ul>\n<li>Spos\u00f3b u\u017cycia: w okresie intensywnego wzrostu i du\u017cego zagro\u017cenia ze strony szkodnik\u00f3w zabiegi zaleca si\u0119 powtarza\u0107 najlepiej co tydzie\u0144. Do opylania stosuje si\u0119 1-2 kg m\u0105czki na 100 m2.<\/li>\n<\/ul>\n<p><b>\u2705 Nawo\u017cenie przy niedoborze sk\u0142adnik\u00f3w pokarmowych (ro\u015bliny ozdobne, drzewa i krzewy owocowe, warzywa, trawniki)<\/b><\/p>\n<ul>\n<li>Spos\u00f3b u\u017cycia: zastosowana dawka produktu zale\u017cy od jako\u015bci gleby i rodzaju uprawy. Przeci\u0119tnie w ogrodach na urodzajnych glebach wystarczy 2-3kg na 100m2 ogrodu. Przed za\u0142o\u017ceniem trawnika i do pierwszego nawo\u017cenia na glebach bardzo ubogich mo\u017cna dawk\u0119 zwi\u0119kszy\u0107 do 1,5-3kg na 10m2 uprawy. W uprawach sadowniczych zaleca si\u0119 dawkowa\u0107 10-15kg m\u0105czki bazaltowej na 100m2.<\/li>\n<\/ul>\n<\/section><\/div>\n<\/section>\n<section class=\"section\">\n<div class=\"item item-12\">\n<section class=\"image-item\">\n            <img decoding=\"async\" src=\"https:\/\/upload.cdn.baselinker.com\/products\/14476\/22354ba59a316924900d1a389992b7f1.jpg\" \/><br \/>\n        <\/section>\n<\/p><\/div>\n<\/section>\n<section class=\"section\">\n<div class=\"item item-12\">\n<section class=\"text-item\">\n<h2>M\u0105czka bazaltowa &#8211; idealne rozwi\u0105zanie do\u00a0ogrodu!<\/h2>\n<p>M\u0105czka bazaltowa to naturalna bariera na szkodniki. Produkt ze wzgl\u0119du na naturalne pochodzenie z powodzeniem mo\u017ce by\u0107 stosowana w uprawach ekologicznych. Produkt jest nietoksyczny dla ro\u015blin i bezpieczny dla ludzi, poniewa\u017c nie posiada okresu karencji ( opsypane ni\u0105\u00a0 owoce i warzywa mo\u017cna spo\u017cywa\u0107 bezpo\u015brednio po zastosowaniu preparatu).<\/p>\n<p>\u2705 W swoim <b>sk\u0142adzie zawiera szereg niezb\u0119dnych makro- oraz mikroelement\u00f3w<\/b> potrzebnych ro\u015blinom do \u017cycia.<\/p>\n<ol>\n<li>Najwa\u017cniejsze zwi\u0105zki bazaltu to tlenek krzemu, czyli tzw. krzemionka (oko\u0142o 50%), tlenek glinu (oko\u0142o 20%) oraz tlenek \u017celaza (5-10%).<\/li>\n<li>Ponadto bazalt zawiera wiele cennych makro- i mikroelement\u00f3w (magnez, wap\u0144, s\u00f3d, potas, mangan, tytan, fosfor, siarka, bor, chrom, mied\u017a, cynk, molibden, kobalt czy jod.<\/li>\n<li>M\u0105czka bazaltowa ma zasadowy odczyn (pH powy\u017cej 7).<\/li>\n<\/ol>\n<\/section><\/div>\n<\/section>\n<section class=\"section\">\n<div class=\"item item-12\">\n<section class=\"image-item\">\n            <img decoding=\"async\" src=\"https:\/\/upload.cdn.baselinker.com\/products\/14476\/af7271c1b141b5cfd301a1e8fd93791a.jpg\" \/><br \/>\n        <\/section>\n<\/p><\/div>\n<\/section>\n<section class=\"section\">\n<div class=\"item item-12\">\n<section class=\"text-item\">\n<h1>Praktyczne informacje dotycz\u0105ce preparatu<\/h1>\n<p>\u2705 M\u0105czka jest niezwykle <b>pomocna w nawo\u017ceniu gleb mocno wyeksploatowanych i nieurodzajnych.<\/b> Doskonale uzupe\u0142nia nawozy organiczne (np. obornik, biohumus czy kompost) oraz przyspiesza proces kompostowania.<\/p>\n<p>\u2705 Opr\u00f3cz swoich niesamowitych w\u0142a\u015bciwo\u015bci od\u017cywczych dla ro\u015blin, m\u0105czka bazaltowa <b>spe\u0142nia tak\u017ce rol\u0119 ochronn\u0105.<\/b> Opylanie ro\u015blin m\u0105czk\u0105 bazaltow\u0105 w znacz\u0105cy spos\u00f3b przyczynia si\u0119 do ograniczenia wyst\u0119powania szkodnik\u00f3w i chor\u00f3b ro\u015blin.<\/p>\n<p>\u2705 To ekologiczna <b>metoda walki z patogenami ro\u015blin stosowana w ogrodnictwie,<\/b> bez \u015brodk\u00f3w chemicznych, preparat\u00f3w owadob\u00f3jczych czy grzybob\u00f3jczych.<\/p>\n<p>\u2705 M\u0105czka bazaltowa doskonale nadaje si\u0119 tak\u017ce <b>do zaprawiania nasion i cebulek<\/b>. Stosowana podczas przesadzania stanowi doskona\u0142y naw\u00f3z startowy.<\/p>\n<p>\u2705 Warto tak\u017ce zastosowa\u0107 produkt do piaskowania trawnika (zabieg zalecany na ci\u0119\u017ckich i nieprzepuszczalnych glebach). Dzi\u0119ki prawid\u0142owo przeprowadzonemu zabiegowi poprawia si\u0119 przepuszczalno\u015b\u0107 gleby i jej struktura. Trawnik staje si\u0119 g\u0119stszy i bardziej elastyczny dzi\u0119ki powstawaniu nowych korzeni, roz\u0142og\u00f3w i p\u0119d\u00f3w.<\/p>\n<\/section><\/div>\n<\/section>\n<section class=\"section\">\n<div class=\"item item-12\">\n<section class=\"image-item\">\n            <img decoding=\"async\" src=\"https:\/\/upload.cdn.baselinker.com\/products\/14476\/279f089962ed380bf6afa4b3fe5614a6.png\" \/><br \/>\n        <\/section>\n<\/p><\/div>\n<\/section>\n","protected":false},"excerpt":{"rendered":"<p>Ze \u015brodk\u00f3w ochrony ro\u015blin nale\u017cy korzysta\u0107 z zachowaniem bezpiecze\u0144stwa. Przed ka\u017cdym u\u017cyciem przeczytaj informacje zamieszczone w etykiecie i informacje dotycz\u0105ce produktu. Zapoznaj si\u0119 z zagro\u017ceniami i post\u0119puj zgodnie ze \u015brodkami ostro\u017cno\u015bci wymienionymi w etykiecie. Nabycia \u015brodk\u00f3w ochrony ro\u015blin mog\u0105 dokonywa\u0107 jedynie osoby pe\u0142noletnie i posiadaj\u0105ce kwalifikacje wymagane od os\u00f3b nabywaj\u0105cych \u015brodki ochrony ro\u015blin okre\u015blone w artykule 28 ustawy z dnia 8 marca 2013 r. o \u015brodkach ochrony ro\u015blin ( Dz. U. z 2017, poz. 50 z p\u00f3\u017a\u0144. zm.).<\/p>\n","protected":false},"featured_media":97371,"template":"","meta":[],"product_cat":[8388],"product_tag":[],"yoast_head":"<!-- This site is optimized with the Yoast SEO plugin v21.0 - https:\/\/yoast.com\/wordpress\/plugins\/seo\/ -->\n<title>M\u0104CZKA BAZALTOWA 8 KG WZMACNIA RO\u015aLINY TARGET - BOBIMARKET.pl - Remontuj i urz\u0105dzaj z nami<\/title>\n<meta name=\"robots\" content=\"index, follow, max-snippet:-1, max-image-preview:large, max-video-preview:-1\" \/>\n<link rel=\"canonical\" href=\"https:\/\/bobimarket.pl\/index.php\/produkt\/maczka-bazaltowa-8-kg-wzmacnia-rosliny-target\/\" \/>\n<meta property=\"og:locale\" content=\"pl_PL\" \/>\n<meta property=\"og:type\" content=\"article\" \/>\n<meta property=\"og:title\" content=\"M\u0104CZKA BAZALTOWA 8 KG WZMACNIA RO\u015aLINY TARGET - BOBIMARKET.pl - Remontuj i urz\u0105dzaj z nami\" \/>\n<meta property=\"og:description\" content=\"Ze \u015brodk\u00f3w ochrony ro\u015blin nale\u017cy korzysta\u0107 z zachowaniem bezpiecze\u0144stwa. Przed ka\u017cdym u\u017cyciem przeczytaj informacje zamieszczone w etykiecie i informacje dotycz\u0105ce produktu. Zapoznaj si\u0119 z zagro\u017ceniami i post\u0119puj zgodnie ze \u015brodkami ostro\u017cno\u015bci wymienionymi w etykiecie. Nabycia \u015brodk\u00f3w ochrony ro\u015blin mog\u0105 dokonywa\u0107 jedynie osoby pe\u0142noletnie i posiadaj\u0105ce kwalifikacje wymagane od os\u00f3b nabywaj\u0105cych \u015brodki ochrony ro\u015blin okre\u015blone w artykule 28 ustawy z dnia 8 marca 2013 r. o \u015brodkach ochrony ro\u015blin ( Dz. U. z 2017, poz. 50 z p\u00f3\u017a\u0144. zm.).\" \/>\n<meta property=\"og:url\" content=\"https:\/\/bobimarket.pl\/index.php\/produkt\/maczka-bazaltowa-8-kg-wzmacnia-rosliny-target\/\" \/>\n<meta property=\"og:site_name\" content=\"BOBIMARKET.pl - Remontuj i urz\u0105dzaj z nami\" \/>\n<meta property=\"article:modified_time\" content=\"2025-02-27T16:35:31+00:00\" \/>\n<meta property=\"og:image\" content=\"https:\/\/upload.cdn.baselinker.com\/products\/14476\/3c05a041acd4400603872c83d9e5a19e.jpg\" \/>\n<meta name=\"twitter:card\" content=\"summary_large_image\" \/>\n<meta name=\"twitter:label1\" content=\"Szacowany czas czytania\" \/>\n\t<meta name=\"twitter:data1\" content=\"3 minuty\" \/>\n<script type=\"application\/ld+json\" class=\"yoast-schema-graph\">{\"@context\":\"https:\/\/schema.org\",\"@graph\":[{\"@type\":\"WebPage\",\"@id\":\"https:\/\/bobimarket.pl\/index.php\/produkt\/maczka-bazaltowa-8-kg-wzmacnia-rosliny-target\/\",\"url\":\"https:\/\/bobimarket.pl\/index.php\/produkt\/maczka-bazaltowa-8-kg-wzmacnia-rosliny-target\/\",\"name\":\"M\u0104CZKA BAZALTOWA 8 KG WZMACNIA RO\u015aLINY TARGET - BOBIMARKET.pl - Remontuj i urz\u0105dzaj z nami\",\"isPartOf\":{\"@id\":\"https:\/\/bobimarket.pl\/#website\"},\"datePublished\":\"2023-08-30T12:33:37+00:00\",\"dateModified\":\"2025-02-27T16:35:31+00:00\",\"breadcrumb\":{\"@id\":\"https:\/\/bobimarket.pl\/index.php\/produkt\/maczka-bazaltowa-8-kg-wzmacnia-rosliny-target\/#breadcrumb\"},\"inLanguage\":\"pl-PL\",\"potentialAction\":[{\"@type\":\"ReadAction\",\"target\":[\"https:\/\/bobimarket.pl\/index.php\/produkt\/maczka-bazaltowa-8-kg-wzmacnia-rosliny-target\/\"]}]},{\"@type\":\"BreadcrumbList\",\"@id\":\"https:\/\/bobimarket.pl\/index.php\/produkt\/maczka-bazaltowa-8-kg-wzmacnia-rosliny-target\/#breadcrumb\",\"itemListElement\":[{\"@type\":\"ListItem\",\"position\":1,\"name\":\"Strona g\u0142\u00f3wna\",\"item\":\"https:\/\/bobimarket.pl\/\"},{\"@type\":\"ListItem\",\"position\":2,\"name\":\"Sklep\",\"item\":\"https:\/\/bobimarket.pl\/index.php\/shop\/\"},{\"@type\":\"ListItem\",\"position\":3,\"name\":\"M\u0104CZKA BAZALTOWA 8 KG WZMACNIA RO\u015aLINY TARGET\"}]},{\"@type\":\"WebSite\",\"@id\":\"https:\/\/bobimarket.pl\/#website\",\"url\":\"https:\/\/bobimarket.pl\/\",\"name\":\"BOBIMARKET.pl - Remontuj i urz\u0105dzaj z nami\",\"description\":\"Remontuj i urz\u0105dzaj z nami\",\"publisher\":{\"@id\":\"https:\/\/bobimarket.pl\/#organization\"},\"potentialAction\":[{\"@type\":\"SearchAction\",\"target\":{\"@type\":\"EntryPoint\",\"urlTemplate\":\"https:\/\/bobimarket.pl\/?s={search_term_string}\"},\"query-input\":\"required name=search_term_string\"}],\"inLanguage\":\"pl-PL\"},{\"@type\":\"Organization\",\"@id\":\"https:\/\/bobimarket.pl\/#organization\",\"name\":\"BOBIMARKET.pl\",\"url\":\"https:\/\/bobimarket.pl\/\",\"logo\":{\"@type\":\"ImageObject\",\"inLanguage\":\"pl-PL\",\"@id\":\"https:\/\/bobimarket.pl\/#\/schema\/logo\/image\/\",\"url\":\"https:\/\/bobimarket.pl\/wp-content\/uploads\/2021\/11\/slogan.png\",\"contentUrl\":\"https:\/\/bobimarket.pl\/wp-content\/uploads\/2021\/11\/slogan.png\",\"width\":2000,\"height\":384,\"caption\":\"BOBIMARKET.pl\"},\"image\":{\"@id\":\"https:\/\/bobimarket.pl\/#\/schema\/logo\/image\/\"}}]}<\/script>\n<!-- \/ Yoast SEO plugin. -->","yoast_head_json":{"title":"M\u0104CZKA BAZALTOWA 8 KG WZMACNIA RO\u015aLINY TARGET - BOBIMARKET.pl - Remontuj i urz\u0105dzaj z nami","robots":{"index":"index","follow":"follow","max-snippet":"max-snippet:-1","max-image-preview":"max-image-preview:large","max-video-preview":"max-video-preview:-1"},"canonical":"https:\/\/bobimarket.pl\/index.php\/produkt\/maczka-bazaltowa-8-kg-wzmacnia-rosliny-target\/","og_locale":"pl_PL","og_type":"article","og_title":"M\u0104CZKA BAZALTOWA 8 KG WZMACNIA RO\u015aLINY TARGET - BOBIMARKET.pl - Remontuj i urz\u0105dzaj z nami","og_description":"Ze \u015brodk\u00f3w ochrony ro\u015blin nale\u017cy korzysta\u0107 z zachowaniem bezpiecze\u0144stwa. Przed ka\u017cdym u\u017cyciem przeczytaj informacje zamieszczone w etykiecie i informacje dotycz\u0105ce produktu. Zapoznaj si\u0119 z zagro\u017ceniami i post\u0119puj zgodnie ze \u015brodkami ostro\u017cno\u015bci wymienionymi w etykiecie. Nabycia \u015brodk\u00f3w ochrony ro\u015blin mog\u0105 dokonywa\u0107 jedynie osoby pe\u0142noletnie i posiadaj\u0105ce kwalifikacje wymagane od os\u00f3b nabywaj\u0105cych \u015brodki ochrony ro\u015blin okre\u015blone w artykule 28 ustawy z dnia 8 marca 2013 r. o \u015brodkach ochrony ro\u015blin ( Dz. U. z 2017, poz. 50 z p\u00f3\u017a\u0144. zm.).","og_url":"https:\/\/bobimarket.pl\/index.php\/produkt\/maczka-bazaltowa-8-kg-wzmacnia-rosliny-target\/","og_site_name":"BOBIMARKET.pl - Remontuj i urz\u0105dzaj z nami","article_modified_time":"2025-02-27T16:35:31+00:00","og_image":[{"url":"https:\/\/upload.cdn.baselinker.com\/products\/14476\/3c05a041acd4400603872c83d9e5a19e.jpg"}],"twitter_card":"summary_large_image","twitter_misc":{"Szacowany czas czytania":"3 minuty"},"schema":{"@context":"https:\/\/schema.org","@graph":[{"@type":"WebPage","@id":"https:\/\/bobimarket.pl\/index.php\/produkt\/maczka-bazaltowa-8-kg-wzmacnia-rosliny-target\/","url":"https:\/\/bobimarket.pl\/index.php\/produkt\/maczka-bazaltowa-8-kg-wzmacnia-rosliny-target\/","name":"M\u0104CZKA BAZALTOWA 8 KG WZMACNIA RO\u015aLINY TARGET - BOBIMARKET.pl - Remontuj i urz\u0105dzaj z nami","isPartOf":{"@id":"https:\/\/bobimarket.pl\/#website"},"datePublished":"2023-08-30T12:33:37+00:00","dateModified":"2025-02-27T16:35:31+00:00","breadcrumb":{"@id":"https:\/\/bobimarket.pl\/index.php\/produkt\/maczka-bazaltowa-8-kg-wzmacnia-rosliny-target\/#breadcrumb"},"inLanguage":"pl-PL","potentialAction":[{"@type":"ReadAction","target":["https:\/\/bobimarket.pl\/index.php\/produkt\/maczka-bazaltowa-8-kg-wzmacnia-rosliny-target\/"]}]},{"@type":"BreadcrumbList","@id":"https:\/\/bobimarket.pl\/index.php\/produkt\/maczka-bazaltowa-8-kg-wzmacnia-rosliny-target\/#breadcrumb","itemListElement":[{"@type":"ListItem","position":1,"name":"Strona g\u0142\u00f3wna","item":"https:\/\/bobimarket.pl\/"},{"@type":"ListItem","position":2,"name":"Sklep","item":"https:\/\/bobimarket.pl\/index.php\/shop\/"},{"@type":"ListItem","position":3,"name":"M\u0104CZKA BAZALTOWA 8 KG WZMACNIA RO\u015aLINY TARGET"}]},{"@type":"WebSite","@id":"https:\/\/bobimarket.pl\/#website","url":"https:\/\/bobimarket.pl\/","name":"BOBIMARKET.pl - Remontuj i urz\u0105dzaj z nami","description":"Remontuj i urz\u0105dzaj z nami","publisher":{"@id":"https:\/\/bobimarket.pl\/#organization"},"potentialAction":[{"@type":"SearchAction","target":{"@type":"EntryPoint","urlTemplate":"https:\/\/bobimarket.pl\/?s={search_term_string}"},"query-input":"required name=search_term_string"}],"inLanguage":"pl-PL"},{"@type":"Organization","@id":"https:\/\/bobimarket.pl\/#organization","name":"BOBIMARKET.pl","url":"https:\/\/bobimarket.pl\/","logo":{"@type":"ImageObject","inLanguage":"pl-PL","@id":"https:\/\/bobimarket.pl\/#\/schema\/logo\/image\/","url":"https:\/\/bobimarket.pl\/wp-content\/uploads\/2021\/11\/slogan.png","contentUrl":"https:\/\/bobimarket.pl\/wp-content\/uploads\/2021\/11\/slogan.png","width":2000,"height":384,"caption":"BOBIMARKET.pl"},"image":{"@id":"https:\/\/bobimarket.pl\/#\/schema\/logo\/image\/"}}]}},"_links":{"self":[{"href":"https:\/\/bobimarket.pl\/index.php\/wp-json\/wp\/v2\/product\/97379"}],"collection":[{"href":"https:\/\/bobimarket.pl\/index.php\/wp-json\/wp\/v2\/product"}],"about":[{"href":"https:\/\/bobimarket.pl\/index.php\/wp-json\/wp\/v2\/types\/product"}],"wp:featuredmedia":[{"embeddable":true,"href":"https:\/\/bobimarket.pl\/index.php\/wp-json\/wp\/v2\/media\/97371"}],"wp:attachment":[{"href":"https:\/\/bobimarket.pl\/index.php\/wp-json\/wp\/v2\/media?parent=97379"}],"wp:term":[{"taxonomy":"product_cat","embeddable":true,"href":"https:\/\/bobimarket.pl\/index.php\/wp-json\/wp\/v2\/product_cat?post=97379"},{"taxonomy":"product_tag","embeddable":true,"href":"https:\/\/bobimarket.pl\/index.php\/wp-json\/wp\/v2\/product_tag?post=97379"}],"curies":[{"name":"wp","href":"https:\/\/api.w.org\/{rel}","templated":true}]}}