{"id":97442,"date":"2023-08-30T12:37:09","date_gmt":"2023-08-30T12:37:09","guid":{"rendered":"https:\/\/bobimarket.pl\/index.php\/produkt\/nawoz-do-drzew-i-krzewow-owocowych-1kg-target-eko\/"},"modified":"2025-02-27T16:35:59","modified_gmt":"2025-02-27T16:35:59","slug":"nawoz-do-drzew-i-krzewow-owocowych-1kg-target-eko","status":"publish","type":"product","link":"https:\/\/bobimarket.pl\/index.php\/produkt\/nawoz-do-drzew-i-krzewow-owocowych-1kg-target-eko\/","title":{"rendered":"NAW\u00d3Z DO DRZEW I KRZEW\u00d3W OWOCOWYCH 1KG TARGET EKO"},"content":{"rendered":"<section class=\"section\">\n<div class=\"item item-12\">\n<section class=\"image-item\">\n            <img decoding=\"async\" src=\"https:\/\/upload.cdn.baselinker.com\/products\/14476\/a18132b0ccea49de1013d4130c94b47b.jpg\" \/><br \/>\n        <\/section>\n<\/p><\/div>\n<\/section>\n<section class=\"section\">\n<div class=\"item item-12\">\n<section class=\"text-item\">\n<h2><b>NAW\u00d3Z DO DRZEW I KRZEW\u00d3W OWOCOWYCH 1KG TARGET EKO<\/b><\/h2>\n<p><b>Informacje og\u00f3lne:<\/b><\/p>\n<ul>\n<li>Pojemno\u015b\u0107:<b> 1 kg<\/b><\/li>\n<li>Przeznaczenie: <b>naw\u00f3z do drzew i\u00a0krzew\u00f3w owocowych<\/b><\/li>\n<li>Sk\u0142ad: <b>100% sk\u0142ad pochodzenia ro\u015blinnego<\/b><\/li>\n<li>Zawiera substancje organiczne<\/li>\n<li>Stosowa\u0107 przez posypanie<\/li>\n<\/ul>\n<\/section><\/div>\n<\/section>\n<section class=\"section\">\n<div class=\"item item-12\">\n<section class=\"image-item\">\n            <img decoding=\"async\" src=\"https:\/\/upload.cdn.baselinker.com\/products\/14476\/41e73fcc5e7da9e8c1d111b04a11a3bb.jpg\" \/><br \/>\n        <\/section>\n<\/p><\/div>\n<\/section>\n<section class=\"section\">\n<div class=\"item item-12\">\n<section class=\"text-item\">\n<h1>Praktyczne informacje dotycz\u0105ce stosowanie preparatu<\/h1>\n<p><b>\u2705 Jak to dzia\u0142a:<\/b><\/p>\n<p>Naw\u00f3z jest przeznaczony do zasilania drzew i krzew\u00f3w owocowych.. Zawiera w swoim sk\u0142adzie aktywne biologiczne substancje, kt\u00f3re stymuluj\u0105 prawid\u0142owy wzrost i plonowanie. Dobrze od\u017cywiona ro\u015blina jest odporniejsza na atak chor\u00f3b czy szkodnik\u00f3w. Prawid\u0142owo rosn\u0105ce i rozwijaj\u0105ce si\u0119 warzywa s\u0105 tak\u017ce bardziej wytrzyma\u0142e na niskie, zimowe temperatury.<\/p>\n<ul>\n<li>Produkt nie uszkadza m\u0142odych sadzonek i ro\u015blin i mo\u017ce by\u0107 stosowany przez ca\u0142y okres wegetacyjny.<\/li>\n<li>Trwale u\u017cy\u017ania gleb\u0119, zatrzymuje wilgo\u0107, dostarcza pr\u00f3chnicy i wzbogaca ziemi\u0119 w \u017cycie biologiczne.<\/li>\n<\/ul>\n<p><b>\u2705 Dawkowanie <\/b><\/p>\n<ul>\n<li>Sadzenie (drzewa i\u00a0krzewy owocowe): 200-250g\/m2<\/li>\n<li>Nawo\u017cenie podtrzymuj\u0105ce (drzewa owocowe): 200-300g\/m2<\/li>\n<li>Nawo\u017cenie podtrzymuj\u0105ce (krzewy owocowe): 100-150g\/m2<\/li>\n<\/ul>\n<p><b>\u2705 S<\/b><b>pos\u00f3b u\u017cycia:<\/b><\/p>\n<ol>\n<li>Dawk\u0119 nawozu r\u00f3wnomiernie rozsypa\u0107 wok\u00f3\u0142 ro\u015bliny.<\/li>\n<li>Lekko przegrabi\u0107 z\u00a0wierzchni\u0105 warstw\u0105 gleby.<\/li>\n<li>Po\u00a0zastosowaniu obficie podla\u0107 wod\u0105.<\/li>\n<\/ol>\n<\/section><\/div>\n<\/section>\n<section class=\"section\">\n<div class=\"item item-12\">\n<section class=\"image-item\">\n            <img decoding=\"async\" src=\"https:\/\/upload.cdn.baselinker.com\/products\/14476\/55e21c1e5000b6c549df0cc52d6eac60.jpg\" \/><br \/>\n        <\/section>\n<\/p><\/div>\n<\/section>\n<section class=\"section\">\n<div class=\"item item-12\">\n<section class=\"text-item\">\n<h2>Zadbaj o swoje owoce i zastosuj ekologiczny naw\u00f3z!<\/h2>\n<p>Chcesz, aby Twoje<b> drzewka i krzewy owocowe by\u0142y smaczne i obficie zaowocowa\u0142y<\/b> to mamy dla Ciebie \u015bwietne rozwi\u0105zanie. W pe\u0142ni ekologiczny naw\u00f3z wielosk\u0142adnikowy. Sk\u0142ad produktu jest w<b> 100% pochodzenia ro\u015blinnego<\/b>. Stanowi doskona\u0142e \u017ar\u00f3d\u0142o materii organicznej pochodzenia naturalnego. Dodatkowo zawiera sk\u0142adniki pokarmowe takie jak azot, fosfor czy potas.<\/p>\n<ul>\n<li>Preparat jest bezpieczny i nie stwarza zagro\u017cenia przenawo\u017ceniem, niezale\u017cnie od zastosowanej dawki.<\/li>\n<li>Naw\u00f3z zakwalifikowany jako naw\u00f3z ekologiczny wg IUNG: NE\/385\/2017<\/li>\n<\/ul>\n<\/section><\/div>\n<\/section>\n<section class=\"section\">\n<div class=\"item item-12\">\n<section class=\"image-item\">\n            <img decoding=\"async\" src=\"https:\/\/upload.cdn.baselinker.com\/products\/14476\/b90ebbfa8b6138d79715f2df19953be2.jpg\" \/><br \/>\n        <\/section>\n<\/p><\/div>\n<\/section>\n","protected":false},"excerpt":{"rendered":"<p>Ze \u015brodk\u00f3w ochrony ro\u015blin nale\u017cy korzysta\u0107 z zachowaniem bezpiecze\u0144stwa. Przed ka\u017cdym u\u017cyciem przeczytaj informacje zamieszczone w etykiecie i informacje dotycz\u0105ce produktu. Zapoznaj si\u0119 z zagro\u017ceniami i post\u0119puj zgodnie ze \u015brodkami ostro\u017cno\u015bci wymienionymi w etykiecie. Nabycia \u015brodk\u00f3w ochrony ro\u015blin mog\u0105 dokonywa\u0107 jedynie osoby pe\u0142noletnie i posiadaj\u0105ce kwalifikacje wymagane od os\u00f3b nabywaj\u0105cych \u015brodki ochrony ro\u015blin okre\u015blone w artykule 28 ustawy z dnia 8 marca 2013 r. o \u015brodkach ochrony ro\u015blin ( Dz. U. z 2017, poz. 50 z p\u00f3\u017a\u0144. zm.).<\/p>\n","protected":false},"featured_media":97434,"template":"","meta":[],"product_cat":[8388],"product_tag":[],"yoast_head":"<!-- This site is optimized with the Yoast SEO plugin v21.0 - https:\/\/yoast.com\/wordpress\/plugins\/seo\/ -->\n<title>NAW\u00d3Z DO DRZEW I KRZEW\u00d3W OWOCOWYCH 1KG TARGET EKO - BOBIMARKET.pl - Remontuj i urz\u0105dzaj z nami<\/title>\n<meta name=\"robots\" content=\"index, follow, max-snippet:-1, max-image-preview:large, max-video-preview:-1\" \/>\n<link rel=\"canonical\" href=\"https:\/\/bobimarket.pl\/index.php\/produkt\/nawoz-do-drzew-i-krzewow-owocowych-1kg-target-eko\/\" \/>\n<meta property=\"og:locale\" content=\"pl_PL\" \/>\n<meta property=\"og:type\" content=\"article\" \/>\n<meta property=\"og:title\" content=\"NAW\u00d3Z DO DRZEW I KRZEW\u00d3W OWOCOWYCH 1KG TARGET EKO - BOBIMARKET.pl - Remontuj i urz\u0105dzaj z nami\" \/>\n<meta property=\"og:description\" content=\"Ze \u015brodk\u00f3w ochrony ro\u015blin nale\u017cy korzysta\u0107 z zachowaniem bezpiecze\u0144stwa. Przed ka\u017cdym u\u017cyciem przeczytaj informacje zamieszczone w etykiecie i informacje dotycz\u0105ce produktu. Zapoznaj si\u0119 z zagro\u017ceniami i post\u0119puj zgodnie ze \u015brodkami ostro\u017cno\u015bci wymienionymi w etykiecie. Nabycia \u015brodk\u00f3w ochrony ro\u015blin mog\u0105 dokonywa\u0107 jedynie osoby pe\u0142noletnie i posiadaj\u0105ce kwalifikacje wymagane od os\u00f3b nabywaj\u0105cych \u015brodki ochrony ro\u015blin okre\u015blone w artykule 28 ustawy z dnia 8 marca 2013 r. o \u015brodkach ochrony ro\u015blin ( Dz. U. z 2017, poz. 50 z p\u00f3\u017a\u0144. zm.).\" \/>\n<meta property=\"og:url\" content=\"https:\/\/bobimarket.pl\/index.php\/produkt\/nawoz-do-drzew-i-krzewow-owocowych-1kg-target-eko\/\" \/>\n<meta property=\"og:site_name\" content=\"BOBIMARKET.pl - Remontuj i urz\u0105dzaj z nami\" \/>\n<meta property=\"article:modified_time\" content=\"2025-02-27T16:35:59+00:00\" \/>\n<meta property=\"og:image\" content=\"https:\/\/upload.cdn.baselinker.com\/products\/14476\/a18132b0ccea49de1013d4130c94b47b.jpg\" \/>\n<meta name=\"twitter:card\" content=\"summary_large_image\" \/>\n<meta name=\"twitter:label1\" content=\"Szacowany czas czytania\" \/>\n\t<meta name=\"twitter:data1\" content=\"1 minuta\" \/>\n<script type=\"application\/ld+json\" class=\"yoast-schema-graph\">{\"@context\":\"https:\/\/schema.org\",\"@graph\":[{\"@type\":\"WebPage\",\"@id\":\"https:\/\/bobimarket.pl\/index.php\/produkt\/nawoz-do-drzew-i-krzewow-owocowych-1kg-target-eko\/\",\"url\":\"https:\/\/bobimarket.pl\/index.php\/produkt\/nawoz-do-drzew-i-krzewow-owocowych-1kg-target-eko\/\",\"name\":\"NAW\u00d3Z DO DRZEW I KRZEW\u00d3W OWOCOWYCH 1KG TARGET EKO - BOBIMARKET.pl - Remontuj i urz\u0105dzaj z nami\",\"isPartOf\":{\"@id\":\"https:\/\/bobimarket.pl\/#website\"},\"datePublished\":\"2023-08-30T12:37:09+00:00\",\"dateModified\":\"2025-02-27T16:35:59+00:00\",\"breadcrumb\":{\"@id\":\"https:\/\/bobimarket.pl\/index.php\/produkt\/nawoz-do-drzew-i-krzewow-owocowych-1kg-target-eko\/#breadcrumb\"},\"inLanguage\":\"pl-PL\",\"potentialAction\":[{\"@type\":\"ReadAction\",\"target\":[\"https:\/\/bobimarket.pl\/index.php\/produkt\/nawoz-do-drzew-i-krzewow-owocowych-1kg-target-eko\/\"]}]},{\"@type\":\"BreadcrumbList\",\"@id\":\"https:\/\/bobimarket.pl\/index.php\/produkt\/nawoz-do-drzew-i-krzewow-owocowych-1kg-target-eko\/#breadcrumb\",\"itemListElement\":[{\"@type\":\"ListItem\",\"position\":1,\"name\":\"Strona g\u0142\u00f3wna\",\"item\":\"https:\/\/bobimarket.pl\/\"},{\"@type\":\"ListItem\",\"position\":2,\"name\":\"Sklep\",\"item\":\"https:\/\/bobimarket.pl\/index.php\/shop\/\"},{\"@type\":\"ListItem\",\"position\":3,\"name\":\"NAW\u00d3Z DO DRZEW I KRZEW\u00d3W OWOCOWYCH 1KG TARGET EKO\"}]},{\"@type\":\"WebSite\",\"@id\":\"https:\/\/bobimarket.pl\/#website\",\"url\":\"https:\/\/bobimarket.pl\/\",\"name\":\"BOBIMARKET.pl - Remontuj i urz\u0105dzaj z nami\",\"description\":\"Remontuj i urz\u0105dzaj z nami\",\"publisher\":{\"@id\":\"https:\/\/bobimarket.pl\/#organization\"},\"potentialAction\":[{\"@type\":\"SearchAction\",\"target\":{\"@type\":\"EntryPoint\",\"urlTemplate\":\"https:\/\/bobimarket.pl\/?s={search_term_string}\"},\"query-input\":\"required name=search_term_string\"}],\"inLanguage\":\"pl-PL\"},{\"@type\":\"Organization\",\"@id\":\"https:\/\/bobimarket.pl\/#organization\",\"name\":\"BOBIMARKET.pl\",\"url\":\"https:\/\/bobimarket.pl\/\",\"logo\":{\"@type\":\"ImageObject\",\"inLanguage\":\"pl-PL\",\"@id\":\"https:\/\/bobimarket.pl\/#\/schema\/logo\/image\/\",\"url\":\"https:\/\/bobimarket.pl\/wp-content\/uploads\/2021\/11\/slogan.png\",\"contentUrl\":\"https:\/\/bobimarket.pl\/wp-content\/uploads\/2021\/11\/slogan.png\",\"width\":2000,\"height\":384,\"caption\":\"BOBIMARKET.pl\"},\"image\":{\"@id\":\"https:\/\/bobimarket.pl\/#\/schema\/logo\/image\/\"}}]}<\/script>\n<!-- \/ Yoast SEO plugin. -->","yoast_head_json":{"title":"NAW\u00d3Z DO DRZEW I KRZEW\u00d3W OWOCOWYCH 1KG TARGET EKO - BOBIMARKET.pl - Remontuj i urz\u0105dzaj z nami","robots":{"index":"index","follow":"follow","max-snippet":"max-snippet:-1","max-image-preview":"max-image-preview:large","max-video-preview":"max-video-preview:-1"},"canonical":"https:\/\/bobimarket.pl\/index.php\/produkt\/nawoz-do-drzew-i-krzewow-owocowych-1kg-target-eko\/","og_locale":"pl_PL","og_type":"article","og_title":"NAW\u00d3Z DO DRZEW I KRZEW\u00d3W OWOCOWYCH 1KG TARGET EKO - BOBIMARKET.pl - Remontuj i urz\u0105dzaj z nami","og_description":"Ze \u015brodk\u00f3w ochrony ro\u015blin nale\u017cy korzysta\u0107 z zachowaniem bezpiecze\u0144stwa. Przed ka\u017cdym u\u017cyciem przeczytaj informacje zamieszczone w etykiecie i informacje dotycz\u0105ce produktu. Zapoznaj si\u0119 z zagro\u017ceniami i post\u0119puj zgodnie ze \u015brodkami ostro\u017cno\u015bci wymienionymi w etykiecie. Nabycia \u015brodk\u00f3w ochrony ro\u015blin mog\u0105 dokonywa\u0107 jedynie osoby pe\u0142noletnie i posiadaj\u0105ce kwalifikacje wymagane od os\u00f3b nabywaj\u0105cych \u015brodki ochrony ro\u015blin okre\u015blone w artykule 28 ustawy z dnia 8 marca 2013 r. o \u015brodkach ochrony ro\u015blin ( Dz. U. z 2017, poz. 50 z p\u00f3\u017a\u0144. zm.).","og_url":"https:\/\/bobimarket.pl\/index.php\/produkt\/nawoz-do-drzew-i-krzewow-owocowych-1kg-target-eko\/","og_site_name":"BOBIMARKET.pl - Remontuj i urz\u0105dzaj z nami","article_modified_time":"2025-02-27T16:35:59+00:00","og_image":[{"url":"https:\/\/upload.cdn.baselinker.com\/products\/14476\/a18132b0ccea49de1013d4130c94b47b.jpg"}],"twitter_card":"summary_large_image","twitter_misc":{"Szacowany czas czytania":"1 minuta"},"schema":{"@context":"https:\/\/schema.org","@graph":[{"@type":"WebPage","@id":"https:\/\/bobimarket.pl\/index.php\/produkt\/nawoz-do-drzew-i-krzewow-owocowych-1kg-target-eko\/","url":"https:\/\/bobimarket.pl\/index.php\/produkt\/nawoz-do-drzew-i-krzewow-owocowych-1kg-target-eko\/","name":"NAW\u00d3Z DO DRZEW I KRZEW\u00d3W OWOCOWYCH 1KG TARGET EKO - BOBIMARKET.pl - Remontuj i urz\u0105dzaj z nami","isPartOf":{"@id":"https:\/\/bobimarket.pl\/#website"},"datePublished":"2023-08-30T12:37:09+00:00","dateModified":"2025-02-27T16:35:59+00:00","breadcrumb":{"@id":"https:\/\/bobimarket.pl\/index.php\/produkt\/nawoz-do-drzew-i-krzewow-owocowych-1kg-target-eko\/#breadcrumb"},"inLanguage":"pl-PL","potentialAction":[{"@type":"ReadAction","target":["https:\/\/bobimarket.pl\/index.php\/produkt\/nawoz-do-drzew-i-krzewow-owocowych-1kg-target-eko\/"]}]},{"@type":"BreadcrumbList","@id":"https:\/\/bobimarket.pl\/index.php\/produkt\/nawoz-do-drzew-i-krzewow-owocowych-1kg-target-eko\/#breadcrumb","itemListElement":[{"@type":"ListItem","position":1,"name":"Strona g\u0142\u00f3wna","item":"https:\/\/bobimarket.pl\/"},{"@type":"ListItem","position":2,"name":"Sklep","item":"https:\/\/bobimarket.pl\/index.php\/shop\/"},{"@type":"ListItem","position":3,"name":"NAW\u00d3Z DO DRZEW I KRZEW\u00d3W OWOCOWYCH 1KG TARGET EKO"}]},{"@type":"WebSite","@id":"https:\/\/bobimarket.pl\/#website","url":"https:\/\/bobimarket.pl\/","name":"BOBIMARKET.pl - Remontuj i urz\u0105dzaj z nami","description":"Remontuj i urz\u0105dzaj z nami","publisher":{"@id":"https:\/\/bobimarket.pl\/#organization"},"potentialAction":[{"@type":"SearchAction","target":{"@type":"EntryPoint","urlTemplate":"https:\/\/bobimarket.pl\/?s={search_term_string}"},"query-input":"required name=search_term_string"}],"inLanguage":"pl-PL"},{"@type":"Organization","@id":"https:\/\/bobimarket.pl\/#organization","name":"BOBIMARKET.pl","url":"https:\/\/bobimarket.pl\/","logo":{"@type":"ImageObject","inLanguage":"pl-PL","@id":"https:\/\/bobimarket.pl\/#\/schema\/logo\/image\/","url":"https:\/\/bobimarket.pl\/wp-content\/uploads\/2021\/11\/slogan.png","contentUrl":"https:\/\/bobimarket.pl\/wp-content\/uploads\/2021\/11\/slogan.png","width":2000,"height":384,"caption":"BOBIMARKET.pl"},"image":{"@id":"https:\/\/bobimarket.pl\/#\/schema\/logo\/image\/"}}]}},"_links":{"self":[{"href":"https:\/\/bobimarket.pl\/index.php\/wp-json\/wp\/v2\/product\/97442"}],"collection":[{"href":"https:\/\/bobimarket.pl\/index.php\/wp-json\/wp\/v2\/product"}],"about":[{"href":"https:\/\/bobimarket.pl\/index.php\/wp-json\/wp\/v2\/types\/product"}],"wp:featuredmedia":[{"embeddable":true,"href":"https:\/\/bobimarket.pl\/index.php\/wp-json\/wp\/v2\/media\/97434"}],"wp:attachment":[{"href":"https:\/\/bobimarket.pl\/index.php\/wp-json\/wp\/v2\/media?parent=97442"}],"wp:term":[{"taxonomy":"product_cat","embeddable":true,"href":"https:\/\/bobimarket.pl\/index.php\/wp-json\/wp\/v2\/product_cat?post=97442"},{"taxonomy":"product_tag","embeddable":true,"href":"https:\/\/bobimarket.pl\/index.php\/wp-json\/wp\/v2\/product_tag?post=97442"}],"curies":[{"name":"wp","href":"https:\/\/api.w.org\/{rel}","templated":true}]}}