{"id":97460,"date":"2023-08-30T12:38:09","date_gmt":"2023-08-30T12:38:09","guid":{"rendered":"https:\/\/bobimarket.pl\/index.php\/produkt\/nawoz-do-powojnikow-i-pnaczy-mikroskladniki-1kg\/"},"modified":"2025-02-27T16:36:07","modified_gmt":"2025-02-27T16:36:07","slug":"nawoz-do-powojnikow-i-pnaczy-mikroskladniki-1kg","status":"publish","type":"product","link":"https:\/\/bobimarket.pl\/index.php\/produkt\/nawoz-do-powojnikow-i-pnaczy-mikroskladniki-1kg\/","title":{"rendered":"NAW\u00d3Z DO POWOJNIK\u00d3W i PN\u0104CZY MIKROSK\u0141ADNIKI 1kg"},"content":{"rendered":"<section class=\"section\">\n<div class=\"item item-12\">\n<section class=\"image-item\">\n            <img decoding=\"async\" src=\"https:\/\/upload.cdn.baselinker.com\/products\/14476\/4c3b81af0dad4298d10a20b76a04332a.jpg\" \/><br \/>\n        <\/section>\n<\/p><\/div>\n<\/section>\n<section class=\"section\">\n<div class=\"item item-12\">\n<section class=\"text-item\">\n<h2>NAW\u00d3Z DO POWOJNIK\u00d3W i PN\u0104CZY MIKROSK\u0141ADNIKI 1kg<\/h2>\n<p><b>Informacje og\u00f3lne:<\/b><\/p>\n<ul>\n<li>Pojemno\u015b\u0107: <b>1 kg<\/b><\/li>\n<li>Rodzaj:<b> naw\u00f3z<\/b> <b>do\u00a0powojnik\u00f3w i\u00a0pn\u0105czy<\/b><\/li>\n<li>Produkt stosuje si\u0119 poprzez posypywanie<\/li>\n<li>Wielosk\u0142adnikowy naw\u00f3z mineralny<\/li>\n<li>Zawiera mikroelementy<\/li>\n<\/ul>\n<\/section><\/div>\n<\/section>\n<section class=\"section\">\n<div class=\"item item-12\">\n<section class=\"image-item\">\n            <img decoding=\"async\" src=\"https:\/\/upload.cdn.baselinker.com\/products\/14476\/ef7e4c0216d25b243b1d6f579d7c3e36.jpg\" \/><br \/>\n        <\/section>\n<\/p><\/div>\n<\/section>\n<section class=\"section\">\n<div class=\"item item-12\">\n<section class=\"text-item\">\n<h1>Praktyczne informacje dotycz\u0105ce stosowanie preparatu<\/h1>\n<p><b>Jak dzia\u0142a naw\u00f3z ?<\/b><\/p>\n<p>\u2705 Optymalny sk\u0142ad nawozu powoduje, \u017ce ro\u015blina otrzymuje tylko <b>potrzebn\u0105 i\u00a0wystarczaj\u0105c\u0105 ilo\u015b\u0107 sk\u0142adnik\u00f3w pokarmowych<\/b>. Dobrze od\u017cywiona ro\u015blina jest odporniejsza na\u00a0dzia\u0142anie szkodnik\u00f3w czy\u00a0chor\u00f3b.<\/p>\n<p>\u2705 W\u00a0swoim sk\u0142adzie ma\u00a0du\u017c\u0105 zawarto\u015b\u0107 potasu, kt\u00f3ry wp\u0142ywa na\u00a0<b>obfite kwitnienie i\u00a0odporno\u015b\u0107 ro\u015blin <\/b>oraz magnezu, kt\u00f3ry gwarantuje soczy\u015bcie zielone li\u015bcie.<\/p>\n<p>\u2705 Powoduje <b>szybki wzrost pn\u0105czy<\/b> i\u00a0ich\u00a0prawid\u0142owy rozw\u00f3j.<\/p>\n<\/section><\/div>\n<\/section>\n<section class=\"section\">\n<div class=\"item item-12\">\n<section class=\"image-item\">\n            <img decoding=\"async\" src=\"https:\/\/upload.cdn.baselinker.com\/products\/14476\/bc6d1c9e8c4bd6dbb237102203d29c87.jpg\" \/><br \/>\n        <\/section>\n<\/p><\/div>\n<\/section>\n<section class=\"section\">\n<div class=\"item item-12\">\n<section class=\"text-item\">\n<p>\u2705 <b>Dawkowanie nawozu<\/b><\/p>\n<p>50 g\u00a0na\u00a0\u015bredniej wielko\u015bci krzew lub\u00a01 m2 pod\u0142o\u017ca (w opakowaniu znajduje si\u0119 miarka z\u00a0dwoma poziomami: 25 g\u00a0i\u00a050 g)<\/p>\n<p>\u2705<b> Kiedy stosowa\u0107 naw\u00f3z ?<\/b><\/p>\n<p>Naw\u00f3z mo\u017ce by\u0107 stosowany od kwietnia do wrze\u015bnia.<\/p>\n<p><b>\u2705 Jak\u00a0u\u017cy\u0107 nawozu ? <\/b><\/p>\n<ol>\n<li>Odmierzy\u0107 zalecan\u0105 dawk\u0119 przy u\u017cyciu miarki<\/li>\n<li>R\u00f3wnomiernie rozprowadzi\u0107 naw\u00f3z wok\u00f3\u0142 ro\u015bliny.<\/li>\n<li>Wymiesza\u0107 dok\u0142adnie granulat z\u00a0g\u00f3rn\u0105 warstw\u0105 ziemi.<\/li>\n<li>Podla\u0107 ro\u015blin\u0119, aby\u00a0uaktywni\u0107 substancje zawarte w\u00a0nawozie.<\/li>\n<\/ol>\n<\/section><\/div>\n<\/section>\n<section class=\"section\">\n<div class=\"item item-12\">\n<section class=\"image-item\">\n            <img decoding=\"async\" src=\"https:\/\/upload.cdn.baselinker.com\/products\/14476\/ff5980ace3796ff8e7cff4ae71d70159.jpg\" \/><br \/>\n        <\/section>\n<\/p><\/div>\n<\/section>\n<section class=\"section\">\n<div class=\"item item-12\">\n<section class=\"text-item\">\n<h2>Bujne i pi\u0119knie wybarwione r\u00f3\u017ce w Twoim ogrodzie!<\/h2>\n<p>Je\u017celi chcesz, aby w Twoim ogrodzie zakwit\u0142y pi\u0119kne powojniki mamy dla Ciebie \u015bwietne rozwi\u0105zanie! Idealnie skomponowany naw\u00f3z wielosk\u0142adnikowy, kt\u00f3ry jest gotowy do u\u017cycia. Zapewnia <b>bujne i\u00a0obfite kwitnienie<\/b> kwiat\u00f3w oraz\u00a0 charakteryzuje si\u0119 <b>kompleksowym dzia\u0142aniem.<\/b><\/p>\n<p>\u2705 Naw\u00f3z zawiera podstawowe<b> sk\u0142adniki pokarmowe:<\/b><\/p>\n<ul>\n<li>azot<\/li>\n<li>fosfor<\/li>\n<li>potas<\/li>\n<li>magnez i\u00a0siark\u0119<\/li>\n<li>oraz mikrosk\u0142adniki takie jak: bor, mied\u017a, \u017celazo, mangan i\u00a0cynk<\/li>\n<\/ul>\n<\/section><\/div>\n<\/section>\n<section class=\"section\">\n<div class=\"item item-12\">\n<section class=\"image-item\">\n            <img decoding=\"async\" src=\"https:\/\/upload.cdn.baselinker.com\/products\/14476\/05838dbc58d41f51cafdcf894ceada14.jpg\" \/><br \/>\n        <\/section>\n<\/p><\/div>\n<\/section>\n","protected":false},"excerpt":{"rendered":"<p>Ze \u015brodk\u00f3w ochrony ro\u015blin nale\u017cy korzysta\u0107 z zachowaniem bezpiecze\u0144stwa. Przed ka\u017cdym u\u017cyciem przeczytaj informacje zamieszczone w etykiecie i informacje dotycz\u0105ce produktu. Zapoznaj si\u0119 z zagro\u017ceniami i post\u0119puj zgodnie ze \u015brodkami ostro\u017cno\u015bci wymienionymi w etykiecie. Nabycia \u015brodk\u00f3w ochrony ro\u015blin mog\u0105 dokonywa\u0107 jedynie osoby pe\u0142noletnie i posiadaj\u0105ce kwalifikacje wymagane od os\u00f3b nabywaj\u0105cych \u015brodki ochrony ro\u015blin okre\u015blone w artykule 28 ustawy z dnia 8 marca 2013 r. o \u015brodkach ochrony ro\u015blin ( Dz. U. z 2017, poz. 50 z p\u00f3\u017a\u0144. zm.).<\/p>\n","protected":false},"featured_media":97452,"template":"","meta":[],"product_cat":[8388],"product_tag":[],"yoast_head":"<!-- This site is optimized with the Yoast SEO plugin v21.0 - https:\/\/yoast.com\/wordpress\/plugins\/seo\/ -->\n<title>NAW\u00d3Z DO POWOJNIK\u00d3W i PN\u0104CZY MIKROSK\u0141ADNIKI 1kg - BOBIMARKET.pl - Remontuj i urz\u0105dzaj z nami<\/title>\n<meta name=\"robots\" content=\"index, follow, max-snippet:-1, max-image-preview:large, max-video-preview:-1\" \/>\n<link rel=\"canonical\" href=\"https:\/\/bobimarket.pl\/index.php\/produkt\/nawoz-do-powojnikow-i-pnaczy-mikroskladniki-1kg\/\" \/>\n<meta property=\"og:locale\" content=\"pl_PL\" \/>\n<meta property=\"og:type\" content=\"article\" \/>\n<meta property=\"og:title\" content=\"NAW\u00d3Z DO POWOJNIK\u00d3W i PN\u0104CZY MIKROSK\u0141ADNIKI 1kg - BOBIMARKET.pl - Remontuj i urz\u0105dzaj z nami\" \/>\n<meta property=\"og:description\" content=\"Ze \u015brodk\u00f3w ochrony ro\u015blin nale\u017cy korzysta\u0107 z zachowaniem bezpiecze\u0144stwa. Przed ka\u017cdym u\u017cyciem przeczytaj informacje zamieszczone w etykiecie i informacje dotycz\u0105ce produktu. Zapoznaj si\u0119 z zagro\u017ceniami i post\u0119puj zgodnie ze \u015brodkami ostro\u017cno\u015bci wymienionymi w etykiecie. Nabycia \u015brodk\u00f3w ochrony ro\u015blin mog\u0105 dokonywa\u0107 jedynie osoby pe\u0142noletnie i posiadaj\u0105ce kwalifikacje wymagane od os\u00f3b nabywaj\u0105cych \u015brodki ochrony ro\u015blin okre\u015blone w artykule 28 ustawy z dnia 8 marca 2013 r. o \u015brodkach ochrony ro\u015blin ( Dz. U. z 2017, poz. 50 z p\u00f3\u017a\u0144. zm.).\" \/>\n<meta property=\"og:url\" content=\"https:\/\/bobimarket.pl\/index.php\/produkt\/nawoz-do-powojnikow-i-pnaczy-mikroskladniki-1kg\/\" \/>\n<meta property=\"og:site_name\" content=\"BOBIMARKET.pl - Remontuj i urz\u0105dzaj z nami\" \/>\n<meta property=\"article:modified_time\" content=\"2025-02-27T16:36:07+00:00\" \/>\n<meta property=\"og:image\" content=\"https:\/\/upload.cdn.baselinker.com\/products\/14476\/4c3b81af0dad4298d10a20b76a04332a.jpg\" \/>\n<meta name=\"twitter:card\" content=\"summary_large_image\" \/>\n<meta name=\"twitter:label1\" content=\"Szacowany czas czytania\" \/>\n\t<meta name=\"twitter:data1\" content=\"1 minuta\" \/>\n<script type=\"application\/ld+json\" class=\"yoast-schema-graph\">{\"@context\":\"https:\/\/schema.org\",\"@graph\":[{\"@type\":\"WebPage\",\"@id\":\"https:\/\/bobimarket.pl\/index.php\/produkt\/nawoz-do-powojnikow-i-pnaczy-mikroskladniki-1kg\/\",\"url\":\"https:\/\/bobimarket.pl\/index.php\/produkt\/nawoz-do-powojnikow-i-pnaczy-mikroskladniki-1kg\/\",\"name\":\"NAW\u00d3Z DO POWOJNIK\u00d3W i PN\u0104CZY MIKROSK\u0141ADNIKI 1kg - BOBIMARKET.pl - Remontuj i urz\u0105dzaj z nami\",\"isPartOf\":{\"@id\":\"https:\/\/bobimarket.pl\/#website\"},\"datePublished\":\"2023-08-30T12:38:09+00:00\",\"dateModified\":\"2025-02-27T16:36:07+00:00\",\"breadcrumb\":{\"@id\":\"https:\/\/bobimarket.pl\/index.php\/produkt\/nawoz-do-powojnikow-i-pnaczy-mikroskladniki-1kg\/#breadcrumb\"},\"inLanguage\":\"pl-PL\",\"potentialAction\":[{\"@type\":\"ReadAction\",\"target\":[\"https:\/\/bobimarket.pl\/index.php\/produkt\/nawoz-do-powojnikow-i-pnaczy-mikroskladniki-1kg\/\"]}]},{\"@type\":\"BreadcrumbList\",\"@id\":\"https:\/\/bobimarket.pl\/index.php\/produkt\/nawoz-do-powojnikow-i-pnaczy-mikroskladniki-1kg\/#breadcrumb\",\"itemListElement\":[{\"@type\":\"ListItem\",\"position\":1,\"name\":\"Strona g\u0142\u00f3wna\",\"item\":\"https:\/\/bobimarket.pl\/\"},{\"@type\":\"ListItem\",\"position\":2,\"name\":\"Sklep\",\"item\":\"https:\/\/bobimarket.pl\/index.php\/shop\/\"},{\"@type\":\"ListItem\",\"position\":3,\"name\":\"NAW\u00d3Z DO POWOJNIK\u00d3W i PN\u0104CZY MIKROSK\u0141ADNIKI 1kg\"}]},{\"@type\":\"WebSite\",\"@id\":\"https:\/\/bobimarket.pl\/#website\",\"url\":\"https:\/\/bobimarket.pl\/\",\"name\":\"BOBIMARKET.pl - Remontuj i urz\u0105dzaj z nami\",\"description\":\"Remontuj i urz\u0105dzaj z nami\",\"publisher\":{\"@id\":\"https:\/\/bobimarket.pl\/#organization\"},\"potentialAction\":[{\"@type\":\"SearchAction\",\"target\":{\"@type\":\"EntryPoint\",\"urlTemplate\":\"https:\/\/bobimarket.pl\/?s={search_term_string}\"},\"query-input\":\"required name=search_term_string\"}],\"inLanguage\":\"pl-PL\"},{\"@type\":\"Organization\",\"@id\":\"https:\/\/bobimarket.pl\/#organization\",\"name\":\"BOBIMARKET.pl\",\"url\":\"https:\/\/bobimarket.pl\/\",\"logo\":{\"@type\":\"ImageObject\",\"inLanguage\":\"pl-PL\",\"@id\":\"https:\/\/bobimarket.pl\/#\/schema\/logo\/image\/\",\"url\":\"https:\/\/bobimarket.pl\/wp-content\/uploads\/2021\/11\/slogan.png\",\"contentUrl\":\"https:\/\/bobimarket.pl\/wp-content\/uploads\/2021\/11\/slogan.png\",\"width\":2000,\"height\":384,\"caption\":\"BOBIMARKET.pl\"},\"image\":{\"@id\":\"https:\/\/bobimarket.pl\/#\/schema\/logo\/image\/\"}}]}<\/script>\n<!-- \/ Yoast SEO plugin. -->","yoast_head_json":{"title":"NAW\u00d3Z DO POWOJNIK\u00d3W i PN\u0104CZY MIKROSK\u0141ADNIKI 1kg - BOBIMARKET.pl - Remontuj i urz\u0105dzaj z nami","robots":{"index":"index","follow":"follow","max-snippet":"max-snippet:-1","max-image-preview":"max-image-preview:large","max-video-preview":"max-video-preview:-1"},"canonical":"https:\/\/bobimarket.pl\/index.php\/produkt\/nawoz-do-powojnikow-i-pnaczy-mikroskladniki-1kg\/","og_locale":"pl_PL","og_type":"article","og_title":"NAW\u00d3Z DO POWOJNIK\u00d3W i PN\u0104CZY MIKROSK\u0141ADNIKI 1kg - BOBIMARKET.pl - Remontuj i urz\u0105dzaj z nami","og_description":"Ze \u015brodk\u00f3w ochrony ro\u015blin nale\u017cy korzysta\u0107 z zachowaniem bezpiecze\u0144stwa. Przed ka\u017cdym u\u017cyciem przeczytaj informacje zamieszczone w etykiecie i informacje dotycz\u0105ce produktu. Zapoznaj si\u0119 z zagro\u017ceniami i post\u0119puj zgodnie ze \u015brodkami ostro\u017cno\u015bci wymienionymi w etykiecie. Nabycia \u015brodk\u00f3w ochrony ro\u015blin mog\u0105 dokonywa\u0107 jedynie osoby pe\u0142noletnie i posiadaj\u0105ce kwalifikacje wymagane od os\u00f3b nabywaj\u0105cych \u015brodki ochrony ro\u015blin okre\u015blone w artykule 28 ustawy z dnia 8 marca 2013 r. o \u015brodkach ochrony ro\u015blin ( Dz. U. z 2017, poz. 50 z p\u00f3\u017a\u0144. zm.).","og_url":"https:\/\/bobimarket.pl\/index.php\/produkt\/nawoz-do-powojnikow-i-pnaczy-mikroskladniki-1kg\/","og_site_name":"BOBIMARKET.pl - Remontuj i urz\u0105dzaj z nami","article_modified_time":"2025-02-27T16:36:07+00:00","og_image":[{"url":"https:\/\/upload.cdn.baselinker.com\/products\/14476\/4c3b81af0dad4298d10a20b76a04332a.jpg"}],"twitter_card":"summary_large_image","twitter_misc":{"Szacowany czas czytania":"1 minuta"},"schema":{"@context":"https:\/\/schema.org","@graph":[{"@type":"WebPage","@id":"https:\/\/bobimarket.pl\/index.php\/produkt\/nawoz-do-powojnikow-i-pnaczy-mikroskladniki-1kg\/","url":"https:\/\/bobimarket.pl\/index.php\/produkt\/nawoz-do-powojnikow-i-pnaczy-mikroskladniki-1kg\/","name":"NAW\u00d3Z DO POWOJNIK\u00d3W i PN\u0104CZY MIKROSK\u0141ADNIKI 1kg - BOBIMARKET.pl - Remontuj i urz\u0105dzaj z nami","isPartOf":{"@id":"https:\/\/bobimarket.pl\/#website"},"datePublished":"2023-08-30T12:38:09+00:00","dateModified":"2025-02-27T16:36:07+00:00","breadcrumb":{"@id":"https:\/\/bobimarket.pl\/index.php\/produkt\/nawoz-do-powojnikow-i-pnaczy-mikroskladniki-1kg\/#breadcrumb"},"inLanguage":"pl-PL","potentialAction":[{"@type":"ReadAction","target":["https:\/\/bobimarket.pl\/index.php\/produkt\/nawoz-do-powojnikow-i-pnaczy-mikroskladniki-1kg\/"]}]},{"@type":"BreadcrumbList","@id":"https:\/\/bobimarket.pl\/index.php\/produkt\/nawoz-do-powojnikow-i-pnaczy-mikroskladniki-1kg\/#breadcrumb","itemListElement":[{"@type":"ListItem","position":1,"name":"Strona g\u0142\u00f3wna","item":"https:\/\/bobimarket.pl\/"},{"@type":"ListItem","position":2,"name":"Sklep","item":"https:\/\/bobimarket.pl\/index.php\/shop\/"},{"@type":"ListItem","position":3,"name":"NAW\u00d3Z DO POWOJNIK\u00d3W i PN\u0104CZY MIKROSK\u0141ADNIKI 1kg"}]},{"@type":"WebSite","@id":"https:\/\/bobimarket.pl\/#website","url":"https:\/\/bobimarket.pl\/","name":"BOBIMARKET.pl - Remontuj i urz\u0105dzaj z nami","description":"Remontuj i urz\u0105dzaj z nami","publisher":{"@id":"https:\/\/bobimarket.pl\/#organization"},"potentialAction":[{"@type":"SearchAction","target":{"@type":"EntryPoint","urlTemplate":"https:\/\/bobimarket.pl\/?s={search_term_string}"},"query-input":"required name=search_term_string"}],"inLanguage":"pl-PL"},{"@type":"Organization","@id":"https:\/\/bobimarket.pl\/#organization","name":"BOBIMARKET.pl","url":"https:\/\/bobimarket.pl\/","logo":{"@type":"ImageObject","inLanguage":"pl-PL","@id":"https:\/\/bobimarket.pl\/#\/schema\/logo\/image\/","url":"https:\/\/bobimarket.pl\/wp-content\/uploads\/2021\/11\/slogan.png","contentUrl":"https:\/\/bobimarket.pl\/wp-content\/uploads\/2021\/11\/slogan.png","width":2000,"height":384,"caption":"BOBIMARKET.pl"},"image":{"@id":"https:\/\/bobimarket.pl\/#\/schema\/logo\/image\/"}}]}},"_links":{"self":[{"href":"https:\/\/bobimarket.pl\/index.php\/wp-json\/wp\/v2\/product\/97460"}],"collection":[{"href":"https:\/\/bobimarket.pl\/index.php\/wp-json\/wp\/v2\/product"}],"about":[{"href":"https:\/\/bobimarket.pl\/index.php\/wp-json\/wp\/v2\/types\/product"}],"wp:featuredmedia":[{"embeddable":true,"href":"https:\/\/bobimarket.pl\/index.php\/wp-json\/wp\/v2\/media\/97452"}],"wp:attachment":[{"href":"https:\/\/bobimarket.pl\/index.php\/wp-json\/wp\/v2\/media?parent=97460"}],"wp:term":[{"taxonomy":"product_cat","embeddable":true,"href":"https:\/\/bobimarket.pl\/index.php\/wp-json\/wp\/v2\/product_cat?post=97460"},{"taxonomy":"product_tag","embeddable":true,"href":"https:\/\/bobimarket.pl\/index.php\/wp-json\/wp\/v2\/product_tag?post=97460"}],"curies":[{"name":"wp","href":"https:\/\/api.w.org\/{rel}","templated":true}]}}