{"id":97467,"date":"2023-08-30T12:38:45","date_gmt":"2023-08-30T12:38:45","guid":{"rendered":"https:\/\/bobimarket.pl\/index.php\/produkt\/spray-preparat-srodek-na-mrowki-mocny-bros-500ml\/"},"modified":"2025-02-27T16:36:11","modified_gmt":"2025-02-27T16:36:11","slug":"spray-preparat-srodek-na-mrowki-mocny-bros-500ml","status":"publish","type":"product","link":"https:\/\/bobimarket.pl\/index.php\/produkt\/spray-preparat-srodek-na-mrowki-mocny-bros-500ml\/","title":{"rendered":"SPRAY PREPARAT \u015aRODEK NA MR\u00d3WKI MOCNY BROS 500ml"},"content":{"rendered":"<section class=\"section\">\n<div class=\"item item-12\">\n<section class=\"text-item\">\n<h2><b>SPRAY PREPARAT \u015aRODEK NA MR\u00d3WKI MOCNY BROS 500ml<\/b><\/h2>\n<p><b>Informacje og\u00f3lne:<\/b><\/p>\n<ul>\n<li>Pojemno\u015b\u0107: <b>500 ml<\/b><\/li>\n<li>Przeznaczenie: <b>preparat do zwalczania mr\u00f3wek<\/b><\/li>\n<li>Technologia mikrokapsu\u0142ek<\/li>\n<li>Likwiduje gniazda mr\u00f3wek<\/li>\n<li>Dzia\u0142a do 3 miesi\u0119cy<\/li>\n<\/ul>\n<p><b>WA\u017bNE\u2757<\/b> Produkt\u00f3w biob\u00f3jczych nale\u017cy u\u017cywa\u0107 z zachowaniem \u015brodk\u00f3w ostro\u017cno\u015bci. Przed ka\u017cdym u\u017cyciem nale\u017cy przeczyta\u0107 etykiet\u0119 i informacje dotycz\u0105ce produktu.<\/p>\n<\/section><\/div>\n<\/section>\n<section class=\"section\">\n<div class=\"item item-12\">\n<section class=\"image-item\">\n            <img decoding=\"async\" src=\"https:\/\/upload.cdn.baselinker.com\/products\/14476\/c50f93624b592334b98218dbc387c278.jpg\"><br \/>\n        <\/section>\n<\/p><\/div>\n<\/section>\n<section class=\"section\">\n<div class=\"item item-12\">\n<section class=\"text-item\">\n<h1>Pozb\u0105d\u017a si\u0119 mr\u00f3wek w domu lub na podw\u00f3rku!<\/h1>\n<p>Skuteczny i gotowy do u\u017cycia preparat<b> przeznaczony do zwalczania mr\u00f3wek,<\/b> kt\u00f3ry charakteryzuje si\u0119 d\u0142ugotrwa\u0142ym dzia\u0142anie. Mo\u017ce zosta\u0107 u\u017cyty w domu, na tarasie lub podje\u017adzie. Preparat\u00a0 w\u00a0 postaci mikrokapsu\u0142ek zapewnia skuteczne dzia\u0142anie. Cho\u0107 mr\u00f3wki to po\u017cyteczne stworzenia, to nieraz mog\u0105 &#8222;zaj\u015b\u0107 za sk\u00f3r\u0119&#8221; i musimy zmierzy\u0107 si\u0119 z problemem. Preparat pomo\u017ce w pozbyciu si\u0119 k\u0142opot\u00f3w z mr\u00f3wkami.<\/p>\n<p><b>\u2705 <\/b><b>Jak dzia\u0142a preparat ?<\/b><\/p>\n<p>W momencie kontaktu owada z preparatem mikrokapsu\u0142ki przyczepiaj\u0105\u00a0 si\u0119\u00a0 do\u00a0 jego\u00a0 cia\u0142a\u00a0 i\u00a0 przenoszone\u00a0 s\u0105\u00a0 do\u00a0 gniazda\u00a0 lub\u00a0 na\u00a0 inne osobniki,\u00a0 kt\u00f3re\u00a0 nie\u00a0 mia\u0142y\u00a0 bezpo\u015bredniego\u00a0 kontaktu\u00a0 z\u00a0 zabezpieczon\u0105 powierzchni\u0105.\u00a0 Taki\u00a0 spos\u00f3b\u00a0 dzia\u0142ania\u00a0<b> (tzw.\u00a0 \u201eefekt\u00a0 domino\u201d)\u00a0 <\/b>umo\u017cliwia likwidacj\u0119\u00a0 ca\u0142ej\u00a0\u00a0 populacji\u00a0\u00a0 owad\u00f3w. Uwalniaj\u0105ca\u00a0\u00a0 si\u0119\u00a0\u00a0 z\u00a0\u00a0 mikrokapsu\u0142ek substancja aktywna przedostaje si\u0119 do uk\u0142adu pokarmowego oraz przenika przez pancerzyk i zabija szkodniki.<\/p>\n<p><b>\u2705 Jak stosowa\u0107 preparat ?<\/b><\/p>\n<ol>\n<li>Wstrz\u0105sn\u0105\u0107 przed u\u017cyciem.<\/li>\n<li>Z odleg\u0142o\u015bci 2-30 cm r\u00f3wnomiernie opryskiwa\u0107 miejsca wyst\u0119powania owad\u00f3w.<\/li>\n<\/ol>\n<p><b>Wskaz\u00f3wka!<\/b><\/p>\n<ul>\n<li>Spryskaj listwy pod\u0142ogowe, miejsca za kuchenk\u0105 itd. do ich zwil\u017cenia (ok. 50 ml\/m2).<\/li>\n<li>Powierzchnie porowate opryskiwa\u0107 obficie, a\u017c do ich silnego zwil\u017cenia (ok. 75 ml\/m2).<\/li>\n<\/ul>\n<\/section><\/div>\n<\/section>\n<section class=\"section\">\n<div class=\"item item-12\">\n<section class=\"image-item\">\n            <img decoding=\"async\" src=\"https:\/\/upload.cdn.baselinker.com\/products\/14476\/032a44a35133800a5b6ce82c79d1faea.jpg\"><br \/>\n        <\/section>\n<\/p><\/div>\n<\/section>\n<section class=\"section\">\n<div class=\"item item-6\">\n<section class=\"text-item\">\n<p><b>\u2705 SKUTECZNO\u015a\u0106<\/b><\/p>\n<p>Nowoczesna posta\u0107 preparatu umo\u017cliwia likwidacj\u0119 ca\u0142ej populacji mr\u00f3wek.<\/p>\n<p><b>\u2705 D\u0141UGOTRWA\u0141E DZIA\u0141ANIE<\/b><\/p>\n<p>Efekt owadob\u00f3jczy utrzymuje si\u0119 przez kilka miesi\u0119cy.<\/p>\n<p><b>\u2705 WIELOFUNKCYJNY <\/b><\/p>\n<p>Preparat mo\u017cna stosowania w domu, na tarasie, podje\u017adzie itp.<\/p>\n<\/section><\/div>\n<div class=\"item item-6\">\n<section class=\"image-item\">\n            <img decoding=\"async\" src=\"https:\/\/upload.cdn.baselinker.com\/products\/14476\/f9853c98703b6cbc026c02cd2c8fe672.jpg\"><br \/>\n        <\/section>\n<\/p><\/div>\n<\/section>\n","protected":false},"excerpt":{"rendered":"<p>SPRAY PREPARAT \u015aRODEK NA MR\u00d3WKI MOCNY BROS 500ml Informacje og\u00f3lne: Pojemno\u015b\u0107: 500 ml Przeznaczenie: preparat do zwalczania mr\u00f3wek Technologia mikrokapsu\u0142ek Likwiduje gniazda mr\u00f3wek Dzia\u0142a do 3 miesi\u0119cy WA\u017bNE\u2757 Produkt\u00f3w biob\u00f3jczych nale\u017cy u\u017cywa\u0107 z zachowaniem \u015brodk\u00f3w ostro\u017cno\u015bci. Przed ka\u017cdym u\u017cyciem nale\u017cy przeczyta\u0107 etykiet\u0119 i informacje dotycz\u0105ce produktu. Pozb\u0105d\u017a si\u0119 mr\u00f3wek w domu lub na podw\u00f3rku! Skuteczny<br \/><a class=\"more-link\" href=\"https:\/\/bobimarket.pl\/index.php\/produkt\/spray-preparat-srodek-na-mrowki-mocny-bros-500ml\/\"><br \/>\n        Czytaj wi\u0119cej<span class=\"screen-reader-text\"> &#8222;SPRAY PREPARAT \u015aRODEK NA MR\u00d3WKI MOCNY BROS 500ml&#8221;<\/span><\/a><\/p>\n","protected":false},"featured_media":97461,"template":"","meta":[],"product_cat":[8388],"product_tag":[],"yoast_head":"<!-- This site is optimized with the Yoast SEO plugin v21.0 - https:\/\/yoast.com\/wordpress\/plugins\/seo\/ -->\n<title>SPRAY PREPARAT \u015aRODEK NA MR\u00d3WKI MOCNY BROS 500ml - BOBIMARKET.pl - Remontuj i urz\u0105dzaj z nami<\/title>\n<meta name=\"robots\" content=\"index, follow, max-snippet:-1, max-image-preview:large, max-video-preview:-1\" \/>\n<link rel=\"canonical\" href=\"https:\/\/bobimarket.pl\/index.php\/produkt\/spray-preparat-srodek-na-mrowki-mocny-bros-500ml\/\" \/>\n<meta property=\"og:locale\" content=\"pl_PL\" \/>\n<meta property=\"og:type\" content=\"article\" \/>\n<meta property=\"og:title\" content=\"SPRAY PREPARAT \u015aRODEK NA MR\u00d3WKI MOCNY BROS 500ml - BOBIMARKET.pl - Remontuj i urz\u0105dzaj z nami\" \/>\n<meta property=\"og:description\" content=\"SPRAY PREPARAT \u015aRODEK NA MR\u00d3WKI MOCNY BROS 500ml Informacje og\u00f3lne: Pojemno\u015b\u0107: 500 ml Przeznaczenie: preparat do zwalczania mr\u00f3wek Technologia mikrokapsu\u0142ek Likwiduje gniazda mr\u00f3wek Dzia\u0142a do 3 miesi\u0119cy WA\u017bNE\u2757 Produkt\u00f3w biob\u00f3jczych nale\u017cy u\u017cywa\u0107 z zachowaniem \u015brodk\u00f3w ostro\u017cno\u015bci. Przed ka\u017cdym u\u017cyciem nale\u017cy przeczyta\u0107 etykiet\u0119 i informacje dotycz\u0105ce produktu. Pozb\u0105d\u017a si\u0119 mr\u00f3wek w domu lub na podw\u00f3rku! Skuteczny     Czytaj wi\u0119cej &quot;SPRAY PREPARAT \u015aRODEK NA MR\u00d3WKI MOCNY BROS 500ml&quot;\" \/>\n<meta property=\"og:url\" content=\"https:\/\/bobimarket.pl\/index.php\/produkt\/spray-preparat-srodek-na-mrowki-mocny-bros-500ml\/\" \/>\n<meta property=\"og:site_name\" content=\"BOBIMARKET.pl - Remontuj i urz\u0105dzaj z nami\" \/>\n<meta property=\"article:modified_time\" content=\"2025-02-27T16:36:11+00:00\" \/>\n<meta property=\"og:image\" content=\"https:\/\/upload.cdn.baselinker.com\/products\/14476\/c50f93624b592334b98218dbc387c278.jpg\" \/>\n<meta name=\"twitter:card\" content=\"summary_large_image\" \/>\n<meta name=\"twitter:label1\" content=\"Szacowany czas czytania\" \/>\n\t<meta name=\"twitter:data1\" content=\"2 minuty\" \/>\n<script type=\"application\/ld+json\" class=\"yoast-schema-graph\">{\"@context\":\"https:\/\/schema.org\",\"@graph\":[{\"@type\":\"WebPage\",\"@id\":\"https:\/\/bobimarket.pl\/index.php\/produkt\/spray-preparat-srodek-na-mrowki-mocny-bros-500ml\/\",\"url\":\"https:\/\/bobimarket.pl\/index.php\/produkt\/spray-preparat-srodek-na-mrowki-mocny-bros-500ml\/\",\"name\":\"SPRAY PREPARAT \u015aRODEK NA MR\u00d3WKI MOCNY BROS 500ml - BOBIMARKET.pl - Remontuj i urz\u0105dzaj z nami\",\"isPartOf\":{\"@id\":\"https:\/\/bobimarket.pl\/#website\"},\"datePublished\":\"2023-08-30T12:38:45+00:00\",\"dateModified\":\"2025-02-27T16:36:11+00:00\",\"breadcrumb\":{\"@id\":\"https:\/\/bobimarket.pl\/index.php\/produkt\/spray-preparat-srodek-na-mrowki-mocny-bros-500ml\/#breadcrumb\"},\"inLanguage\":\"pl-PL\",\"potentialAction\":[{\"@type\":\"ReadAction\",\"target\":[\"https:\/\/bobimarket.pl\/index.php\/produkt\/spray-preparat-srodek-na-mrowki-mocny-bros-500ml\/\"]}]},{\"@type\":\"BreadcrumbList\",\"@id\":\"https:\/\/bobimarket.pl\/index.php\/produkt\/spray-preparat-srodek-na-mrowki-mocny-bros-500ml\/#breadcrumb\",\"itemListElement\":[{\"@type\":\"ListItem\",\"position\":1,\"name\":\"Strona g\u0142\u00f3wna\",\"item\":\"https:\/\/bobimarket.pl\/\"},{\"@type\":\"ListItem\",\"position\":2,\"name\":\"Sklep\",\"item\":\"https:\/\/bobimarket.pl\/index.php\/shop\/\"},{\"@type\":\"ListItem\",\"position\":3,\"name\":\"SPRAY PREPARAT \u015aRODEK NA MR\u00d3WKI MOCNY BROS 500ml\"}]},{\"@type\":\"WebSite\",\"@id\":\"https:\/\/bobimarket.pl\/#website\",\"url\":\"https:\/\/bobimarket.pl\/\",\"name\":\"BOBIMARKET.pl - Remontuj i urz\u0105dzaj z nami\",\"description\":\"Remontuj i urz\u0105dzaj z nami\",\"publisher\":{\"@id\":\"https:\/\/bobimarket.pl\/#organization\"},\"potentialAction\":[{\"@type\":\"SearchAction\",\"target\":{\"@type\":\"EntryPoint\",\"urlTemplate\":\"https:\/\/bobimarket.pl\/?s={search_term_string}\"},\"query-input\":\"required name=search_term_string\"}],\"inLanguage\":\"pl-PL\"},{\"@type\":\"Organization\",\"@id\":\"https:\/\/bobimarket.pl\/#organization\",\"name\":\"BOBIMARKET.pl\",\"url\":\"https:\/\/bobimarket.pl\/\",\"logo\":{\"@type\":\"ImageObject\",\"inLanguage\":\"pl-PL\",\"@id\":\"https:\/\/bobimarket.pl\/#\/schema\/logo\/image\/\",\"url\":\"https:\/\/bobimarket.pl\/wp-content\/uploads\/2021\/11\/slogan.png\",\"contentUrl\":\"https:\/\/bobimarket.pl\/wp-content\/uploads\/2021\/11\/slogan.png\",\"width\":2000,\"height\":384,\"caption\":\"BOBIMARKET.pl\"},\"image\":{\"@id\":\"https:\/\/bobimarket.pl\/#\/schema\/logo\/image\/\"}}]}<\/script>\n<!-- \/ Yoast SEO plugin. -->","yoast_head_json":{"title":"SPRAY PREPARAT \u015aRODEK NA MR\u00d3WKI MOCNY BROS 500ml - BOBIMARKET.pl - Remontuj i urz\u0105dzaj z nami","robots":{"index":"index","follow":"follow","max-snippet":"max-snippet:-1","max-image-preview":"max-image-preview:large","max-video-preview":"max-video-preview:-1"},"canonical":"https:\/\/bobimarket.pl\/index.php\/produkt\/spray-preparat-srodek-na-mrowki-mocny-bros-500ml\/","og_locale":"pl_PL","og_type":"article","og_title":"SPRAY PREPARAT \u015aRODEK NA MR\u00d3WKI MOCNY BROS 500ml - BOBIMARKET.pl - Remontuj i urz\u0105dzaj z nami","og_description":"SPRAY PREPARAT \u015aRODEK NA MR\u00d3WKI MOCNY BROS 500ml Informacje og\u00f3lne: Pojemno\u015b\u0107: 500 ml Przeznaczenie: preparat do zwalczania mr\u00f3wek Technologia mikrokapsu\u0142ek Likwiduje gniazda mr\u00f3wek Dzia\u0142a do 3 miesi\u0119cy WA\u017bNE\u2757 Produkt\u00f3w biob\u00f3jczych nale\u017cy u\u017cywa\u0107 z zachowaniem \u015brodk\u00f3w ostro\u017cno\u015bci. Przed ka\u017cdym u\u017cyciem nale\u017cy przeczyta\u0107 etykiet\u0119 i informacje dotycz\u0105ce produktu. Pozb\u0105d\u017a si\u0119 mr\u00f3wek w domu lub na podw\u00f3rku! Skuteczny     Czytaj wi\u0119cej \"SPRAY PREPARAT \u015aRODEK NA MR\u00d3WKI MOCNY BROS 500ml\"","og_url":"https:\/\/bobimarket.pl\/index.php\/produkt\/spray-preparat-srodek-na-mrowki-mocny-bros-500ml\/","og_site_name":"BOBIMARKET.pl - Remontuj i urz\u0105dzaj z nami","article_modified_time":"2025-02-27T16:36:11+00:00","og_image":[{"url":"https:\/\/upload.cdn.baselinker.com\/products\/14476\/c50f93624b592334b98218dbc387c278.jpg"}],"twitter_card":"summary_large_image","twitter_misc":{"Szacowany czas czytania":"2 minuty"},"schema":{"@context":"https:\/\/schema.org","@graph":[{"@type":"WebPage","@id":"https:\/\/bobimarket.pl\/index.php\/produkt\/spray-preparat-srodek-na-mrowki-mocny-bros-500ml\/","url":"https:\/\/bobimarket.pl\/index.php\/produkt\/spray-preparat-srodek-na-mrowki-mocny-bros-500ml\/","name":"SPRAY PREPARAT \u015aRODEK NA MR\u00d3WKI MOCNY BROS 500ml - BOBIMARKET.pl - Remontuj i urz\u0105dzaj z nami","isPartOf":{"@id":"https:\/\/bobimarket.pl\/#website"},"datePublished":"2023-08-30T12:38:45+00:00","dateModified":"2025-02-27T16:36:11+00:00","breadcrumb":{"@id":"https:\/\/bobimarket.pl\/index.php\/produkt\/spray-preparat-srodek-na-mrowki-mocny-bros-500ml\/#breadcrumb"},"inLanguage":"pl-PL","potentialAction":[{"@type":"ReadAction","target":["https:\/\/bobimarket.pl\/index.php\/produkt\/spray-preparat-srodek-na-mrowki-mocny-bros-500ml\/"]}]},{"@type":"BreadcrumbList","@id":"https:\/\/bobimarket.pl\/index.php\/produkt\/spray-preparat-srodek-na-mrowki-mocny-bros-500ml\/#breadcrumb","itemListElement":[{"@type":"ListItem","position":1,"name":"Strona g\u0142\u00f3wna","item":"https:\/\/bobimarket.pl\/"},{"@type":"ListItem","position":2,"name":"Sklep","item":"https:\/\/bobimarket.pl\/index.php\/shop\/"},{"@type":"ListItem","position":3,"name":"SPRAY PREPARAT \u015aRODEK NA MR\u00d3WKI MOCNY BROS 500ml"}]},{"@type":"WebSite","@id":"https:\/\/bobimarket.pl\/#website","url":"https:\/\/bobimarket.pl\/","name":"BOBIMARKET.pl - Remontuj i urz\u0105dzaj z nami","description":"Remontuj i urz\u0105dzaj z nami","publisher":{"@id":"https:\/\/bobimarket.pl\/#organization"},"potentialAction":[{"@type":"SearchAction","target":{"@type":"EntryPoint","urlTemplate":"https:\/\/bobimarket.pl\/?s={search_term_string}"},"query-input":"required name=search_term_string"}],"inLanguage":"pl-PL"},{"@type":"Organization","@id":"https:\/\/bobimarket.pl\/#organization","name":"BOBIMARKET.pl","url":"https:\/\/bobimarket.pl\/","logo":{"@type":"ImageObject","inLanguage":"pl-PL","@id":"https:\/\/bobimarket.pl\/#\/schema\/logo\/image\/","url":"https:\/\/bobimarket.pl\/wp-content\/uploads\/2021\/11\/slogan.png","contentUrl":"https:\/\/bobimarket.pl\/wp-content\/uploads\/2021\/11\/slogan.png","width":2000,"height":384,"caption":"BOBIMARKET.pl"},"image":{"@id":"https:\/\/bobimarket.pl\/#\/schema\/logo\/image\/"}}]}},"_links":{"self":[{"href":"https:\/\/bobimarket.pl\/index.php\/wp-json\/wp\/v2\/product\/97467"}],"collection":[{"href":"https:\/\/bobimarket.pl\/index.php\/wp-json\/wp\/v2\/product"}],"about":[{"href":"https:\/\/bobimarket.pl\/index.php\/wp-json\/wp\/v2\/types\/product"}],"wp:featuredmedia":[{"embeddable":true,"href":"https:\/\/bobimarket.pl\/index.php\/wp-json\/wp\/v2\/media\/97461"}],"wp:attachment":[{"href":"https:\/\/bobimarket.pl\/index.php\/wp-json\/wp\/v2\/media?parent=97467"}],"wp:term":[{"taxonomy":"product_cat","embeddable":true,"href":"https:\/\/bobimarket.pl\/index.php\/wp-json\/wp\/v2\/product_cat?post=97467"},{"taxonomy":"product_tag","embeddable":true,"href":"https:\/\/bobimarket.pl\/index.php\/wp-json\/wp\/v2\/product_tag?post=97467"}],"curies":[{"name":"wp","href":"https:\/\/api.w.org\/{rel}","templated":true}]}}