{"id":97484,"date":"2023-08-30T12:40:23","date_gmt":"2023-08-30T12:40:23","guid":{"rendered":"https:\/\/bobimarket.pl\/index.php\/produkt\/plyn-na-komary-i-kleszcze-100ml-do-7h-ochrony-bros\/"},"modified":"2025-02-27T16:36:19","modified_gmt":"2025-02-27T16:36:19","slug":"plyn-na-komary-i-kleszcze-100ml-do-7h-ochrony-bros","status":"publish","type":"product","link":"https:\/\/bobimarket.pl\/index.php\/produkt\/plyn-na-komary-i-kleszcze-100ml-do-7h-ochrony-bros\/","title":{"rendered":"P\u0141YN NA KOMARY I KLESZCZE 100ml DO 7h OCHRONY BROS"},"content":{"rendered":"<section class=\"section\">\n<div class=\"item item-12\">\n<section class=\"text-item\">\n<h2>P\u0141YN NA KOMARY I KLESZCZE 100ml DO 7h OCHRONY BROS<\/h2>\n<p><b>Informacje og\u00f3lne:<\/b><\/p>\n<ul>\n<li>Pojemno\u015b\u0107: <b>100 ml<\/b><\/li>\n<li>Przeznaczenie:<b> do ochrony przed uk\u0105szeniami komar\u00f3w i kleszczy <\/b><\/li>\n<\/ul>\n<p><b>WA\u017bNE \u2757<\/b> Produkt\u00f3w biob\u00f3jczych nale\u017cy u\u017cywa\u0107 z zachowaniem \u015brodk\u00f3w ostro\u017cno\u015bci. Przed ka\u017cdym u\u017cyciem nale\u017cy przeczyta\u0107 etykiet\u0119 i informacje dotycz\u0105ce produktu.<\/p>\n<\/section><\/div>\n<\/section>\n<section class=\"section\">\n<div class=\"item item-12\">\n<section class=\"image-item\">\n            <img decoding=\"async\" src=\"https:\/\/upload.cdn.baselinker.com\/products\/14476\/ed6d43e9451c6857a022d465ea223fba.jpg\" \/><br \/>\n        <\/section>\n<\/p><\/div>\n<\/section>\n<section class=\"section\">\n<div class=\"item item-12\">\n<section class=\"text-item\">\n<h2>Zadbaj o siebie i ochro\u0144 do przez uk\u0105szeniami komar\u00f3w i kleszczy !<\/h2>\n<p>Skuteczny p\u0142yn na komary i kleszcze marki BROS. Jego podstawowym zadaniem jest Odstraszanie\u00a0 komar\u00f3w\u00a0 kleszczy i\u00a0 innych owad\u00f3w\u00a0 k\u0142uj\u0105cych.\u00a0 Wykazuje\u00a0 d\u0142ugotrwa\u0142e dzia\u0142anie.\u00a0\u00a0 Zabezpieczaj\u0105c\u00a0\u00a0 przed\u00a0\u00a0 uk\u0105szeniami,\u00a0\u00a0 chroni\u00a0\u00a0 r\u00f3wnie\u017c\u00a0\u00a0 przed chorobami\u00a0 przenoszonymi\u00a0 przez\u00a0 owady:\u00a0 kleszczowym\u00a0 zapaleniem\u00a0 opon m\u00f3zgowych, borelioz\u0105 itp.<\/p>\n<ul>\n<li>P\u0142yn skutecznie odstrasza komary pospolite do 7 h, kleszcze do 4 h i meszki do 8 h<\/li>\n<\/ul>\n<p><b>\u2705 Spos\u00f3b u\u017cycia:<\/b><\/p>\n<ol>\n<li>Przed u\u017cyciem wstrz\u0105sn\u0105\u0107.<\/li>\n<li>Miejsca nara\u017cone na uk\u0105szenia spryska\u0107 z odleg\u0142o\u015bci 15 cm.<\/li>\n<\/ol>\n<p>WSKAZ\u00d3WKA\u2757\u00a0 Na twarz i szyj\u0119 nanie\u015b\u0107 produkt po\u015brednio -spryska\u0107 d\u0142o\u0144, a nast\u0119pnie rozsmarowa\u0107. Ograniczy\u0107 stosowanie do dw\u00f3ch aplikacji dziennie. Produkt wy\u0142\u0105cznie do u\u017cytku zewn\u0119trznego.<\/p>\n<\/section><\/div>\n<\/section>\n<section class=\"section\">\n<div class=\"item item-6\">\n<section class=\"image-item\">\n            <img decoding=\"async\" src=\"https:\/\/upload.cdn.baselinker.com\/products\/14476\/5c435dfdf7891a026d9de71a697e0bb9.jpg\" \/><br \/>\n        <\/section>\n<\/p><\/div>\n<div class=\"item item-6\">\n<section class=\"image-item\">\n            <img decoding=\"async\" src=\"https:\/\/upload.cdn.baselinker.com\/products\/14476\/f30d6e3e5d5a044010365556b2a5dd0d.jpg\" \/><br \/>\n        <\/section>\n<\/p><\/div>\n<\/section>\n<section class=\"section\">\n<div class=\"item item-12\">\n<section class=\"text-item\">\n<h2>Ochro\u0144 siebie i swoj\u0105 rodzin\u0119 przed natr\u0119tnymi owadami i kleszczami!<\/h2>\n<\/section><\/div>\n<\/section>\n","protected":false},"excerpt":{"rendered":"<p>P\u0141YN NA KOMARY I KLESZCZE 100ml DO 7h OCHRONY BROS Informacje og\u00f3lne: Pojemno\u015b\u0107: 100 ml Przeznaczenie: do ochrony przed uk\u0105szeniami komar\u00f3w i kleszczy WA\u017bNE \u2757 Produkt\u00f3w biob\u00f3jczych nale\u017cy u\u017cywa\u0107 z zachowaniem \u015brodk\u00f3w ostro\u017cno\u015bci. Przed ka\u017cdym u\u017cyciem nale\u017cy przeczyta\u0107 etykiet\u0119 i informacje dotycz\u0105ce produktu. Zadbaj o siebie i ochro\u0144 do przez uk\u0105szeniami komar\u00f3w i kleszczy !<br \/><a class=\"more-link\" href=\"https:\/\/bobimarket.pl\/index.php\/produkt\/plyn-na-komary-i-kleszcze-100ml-do-7h-ochrony-bros\/\"><br \/>\n        Czytaj wi\u0119cej<span class=\"screen-reader-text\"> &#8222;P\u0141YN NA KOMARY I KLESZCZE 100ml DO 7h OCHRONY BROS&#8221;<\/span><\/a><\/p>\n","protected":false},"featured_media":97477,"template":"","meta":[],"product_cat":[8388],"product_tag":[],"yoast_head":"<!-- This site is optimized with the Yoast SEO plugin v21.0 - https:\/\/yoast.com\/wordpress\/plugins\/seo\/ -->\n<title>P\u0141YN NA KOMARY I KLESZCZE 100ml DO 7h OCHRONY BROS - BOBIMARKET.pl - Remontuj i urz\u0105dzaj z nami<\/title>\n<meta name=\"robots\" content=\"index, follow, max-snippet:-1, max-image-preview:large, max-video-preview:-1\" \/>\n<link rel=\"canonical\" href=\"https:\/\/bobimarket.pl\/index.php\/produkt\/plyn-na-komary-i-kleszcze-100ml-do-7h-ochrony-bros\/\" \/>\n<meta property=\"og:locale\" content=\"pl_PL\" \/>\n<meta property=\"og:type\" content=\"article\" \/>\n<meta property=\"og:title\" content=\"P\u0141YN NA KOMARY I KLESZCZE 100ml DO 7h OCHRONY BROS - BOBIMARKET.pl - Remontuj i urz\u0105dzaj z nami\" \/>\n<meta property=\"og:description\" content=\"P\u0141YN NA KOMARY I KLESZCZE 100ml DO 7h OCHRONY BROS Informacje og\u00f3lne: Pojemno\u015b\u0107: 100 ml Przeznaczenie: do ochrony przed uk\u0105szeniami komar\u00f3w i kleszczy WA\u017bNE \u2757 Produkt\u00f3w biob\u00f3jczych nale\u017cy u\u017cywa\u0107 z zachowaniem \u015brodk\u00f3w ostro\u017cno\u015bci. Przed ka\u017cdym u\u017cyciem nale\u017cy przeczyta\u0107 etykiet\u0119 i informacje dotycz\u0105ce produktu. Zadbaj o siebie i ochro\u0144 do przez uk\u0105szeniami komar\u00f3w i kleszczy !     Czytaj wi\u0119cej &quot;P\u0141YN NA KOMARY I KLESZCZE 100ml DO 7h OCHRONY BROS&quot;\" \/>\n<meta property=\"og:url\" content=\"https:\/\/bobimarket.pl\/index.php\/produkt\/plyn-na-komary-i-kleszcze-100ml-do-7h-ochrony-bros\/\" \/>\n<meta property=\"og:site_name\" content=\"BOBIMARKET.pl - Remontuj i urz\u0105dzaj z nami\" \/>\n<meta property=\"article:modified_time\" content=\"2025-02-27T16:36:19+00:00\" \/>\n<meta property=\"og:image\" content=\"https:\/\/upload.cdn.baselinker.com\/products\/14476\/ed6d43e9451c6857a022d465ea223fba.jpg\" \/>\n<meta name=\"twitter:card\" content=\"summary_large_image\" \/>\n<meta name=\"twitter:label1\" content=\"Szacowany czas czytania\" \/>\n\t<meta name=\"twitter:data1\" content=\"1 minuta\" \/>\n<script type=\"application\/ld+json\" class=\"yoast-schema-graph\">{\"@context\":\"https:\/\/schema.org\",\"@graph\":[{\"@type\":\"WebPage\",\"@id\":\"https:\/\/bobimarket.pl\/index.php\/produkt\/plyn-na-komary-i-kleszcze-100ml-do-7h-ochrony-bros\/\",\"url\":\"https:\/\/bobimarket.pl\/index.php\/produkt\/plyn-na-komary-i-kleszcze-100ml-do-7h-ochrony-bros\/\",\"name\":\"P\u0141YN NA KOMARY I KLESZCZE 100ml DO 7h OCHRONY BROS - BOBIMARKET.pl - Remontuj i urz\u0105dzaj z nami\",\"isPartOf\":{\"@id\":\"https:\/\/bobimarket.pl\/#website\"},\"datePublished\":\"2023-08-30T12:40:23+00:00\",\"dateModified\":\"2025-02-27T16:36:19+00:00\",\"breadcrumb\":{\"@id\":\"https:\/\/bobimarket.pl\/index.php\/produkt\/plyn-na-komary-i-kleszcze-100ml-do-7h-ochrony-bros\/#breadcrumb\"},\"inLanguage\":\"pl-PL\",\"potentialAction\":[{\"@type\":\"ReadAction\",\"target\":[\"https:\/\/bobimarket.pl\/index.php\/produkt\/plyn-na-komary-i-kleszcze-100ml-do-7h-ochrony-bros\/\"]}]},{\"@type\":\"BreadcrumbList\",\"@id\":\"https:\/\/bobimarket.pl\/index.php\/produkt\/plyn-na-komary-i-kleszcze-100ml-do-7h-ochrony-bros\/#breadcrumb\",\"itemListElement\":[{\"@type\":\"ListItem\",\"position\":1,\"name\":\"Strona g\u0142\u00f3wna\",\"item\":\"https:\/\/bobimarket.pl\/\"},{\"@type\":\"ListItem\",\"position\":2,\"name\":\"Sklep\",\"item\":\"https:\/\/bobimarket.pl\/index.php\/shop\/\"},{\"@type\":\"ListItem\",\"position\":3,\"name\":\"P\u0141YN NA KOMARY I KLESZCZE 100ml DO 7h OCHRONY BROS\"}]},{\"@type\":\"WebSite\",\"@id\":\"https:\/\/bobimarket.pl\/#website\",\"url\":\"https:\/\/bobimarket.pl\/\",\"name\":\"BOBIMARKET.pl - Remontuj i urz\u0105dzaj z nami\",\"description\":\"Remontuj i urz\u0105dzaj z nami\",\"publisher\":{\"@id\":\"https:\/\/bobimarket.pl\/#organization\"},\"potentialAction\":[{\"@type\":\"SearchAction\",\"target\":{\"@type\":\"EntryPoint\",\"urlTemplate\":\"https:\/\/bobimarket.pl\/?s={search_term_string}\"},\"query-input\":\"required name=search_term_string\"}],\"inLanguage\":\"pl-PL\"},{\"@type\":\"Organization\",\"@id\":\"https:\/\/bobimarket.pl\/#organization\",\"name\":\"BOBIMARKET.pl\",\"url\":\"https:\/\/bobimarket.pl\/\",\"logo\":{\"@type\":\"ImageObject\",\"inLanguage\":\"pl-PL\",\"@id\":\"https:\/\/bobimarket.pl\/#\/schema\/logo\/image\/\",\"url\":\"https:\/\/bobimarket.pl\/wp-content\/uploads\/2021\/11\/slogan.png\",\"contentUrl\":\"https:\/\/bobimarket.pl\/wp-content\/uploads\/2021\/11\/slogan.png\",\"width\":2000,\"height\":384,\"caption\":\"BOBIMARKET.pl\"},\"image\":{\"@id\":\"https:\/\/bobimarket.pl\/#\/schema\/logo\/image\/\"}}]}<\/script>\n<!-- \/ Yoast SEO plugin. -->","yoast_head_json":{"title":"P\u0141YN NA KOMARY I KLESZCZE 100ml DO 7h OCHRONY BROS - BOBIMARKET.pl - Remontuj i urz\u0105dzaj z nami","robots":{"index":"index","follow":"follow","max-snippet":"max-snippet:-1","max-image-preview":"max-image-preview:large","max-video-preview":"max-video-preview:-1"},"canonical":"https:\/\/bobimarket.pl\/index.php\/produkt\/plyn-na-komary-i-kleszcze-100ml-do-7h-ochrony-bros\/","og_locale":"pl_PL","og_type":"article","og_title":"P\u0141YN NA KOMARY I KLESZCZE 100ml DO 7h OCHRONY BROS - BOBIMARKET.pl - Remontuj i urz\u0105dzaj z nami","og_description":"P\u0141YN NA KOMARY I KLESZCZE 100ml DO 7h OCHRONY BROS Informacje og\u00f3lne: Pojemno\u015b\u0107: 100 ml Przeznaczenie: do ochrony przed uk\u0105szeniami komar\u00f3w i kleszczy WA\u017bNE \u2757 Produkt\u00f3w biob\u00f3jczych nale\u017cy u\u017cywa\u0107 z zachowaniem \u015brodk\u00f3w ostro\u017cno\u015bci. Przed ka\u017cdym u\u017cyciem nale\u017cy przeczyta\u0107 etykiet\u0119 i informacje dotycz\u0105ce produktu. Zadbaj o siebie i ochro\u0144 do przez uk\u0105szeniami komar\u00f3w i kleszczy !     Czytaj wi\u0119cej \"P\u0141YN NA KOMARY I KLESZCZE 100ml DO 7h OCHRONY BROS\"","og_url":"https:\/\/bobimarket.pl\/index.php\/produkt\/plyn-na-komary-i-kleszcze-100ml-do-7h-ochrony-bros\/","og_site_name":"BOBIMARKET.pl - Remontuj i urz\u0105dzaj z nami","article_modified_time":"2025-02-27T16:36:19+00:00","og_image":[{"url":"https:\/\/upload.cdn.baselinker.com\/products\/14476\/ed6d43e9451c6857a022d465ea223fba.jpg"}],"twitter_card":"summary_large_image","twitter_misc":{"Szacowany czas czytania":"1 minuta"},"schema":{"@context":"https:\/\/schema.org","@graph":[{"@type":"WebPage","@id":"https:\/\/bobimarket.pl\/index.php\/produkt\/plyn-na-komary-i-kleszcze-100ml-do-7h-ochrony-bros\/","url":"https:\/\/bobimarket.pl\/index.php\/produkt\/plyn-na-komary-i-kleszcze-100ml-do-7h-ochrony-bros\/","name":"P\u0141YN NA KOMARY I KLESZCZE 100ml DO 7h OCHRONY BROS - BOBIMARKET.pl - Remontuj i urz\u0105dzaj z nami","isPartOf":{"@id":"https:\/\/bobimarket.pl\/#website"},"datePublished":"2023-08-30T12:40:23+00:00","dateModified":"2025-02-27T16:36:19+00:00","breadcrumb":{"@id":"https:\/\/bobimarket.pl\/index.php\/produkt\/plyn-na-komary-i-kleszcze-100ml-do-7h-ochrony-bros\/#breadcrumb"},"inLanguage":"pl-PL","potentialAction":[{"@type":"ReadAction","target":["https:\/\/bobimarket.pl\/index.php\/produkt\/plyn-na-komary-i-kleszcze-100ml-do-7h-ochrony-bros\/"]}]},{"@type":"BreadcrumbList","@id":"https:\/\/bobimarket.pl\/index.php\/produkt\/plyn-na-komary-i-kleszcze-100ml-do-7h-ochrony-bros\/#breadcrumb","itemListElement":[{"@type":"ListItem","position":1,"name":"Strona g\u0142\u00f3wna","item":"https:\/\/bobimarket.pl\/"},{"@type":"ListItem","position":2,"name":"Sklep","item":"https:\/\/bobimarket.pl\/index.php\/shop\/"},{"@type":"ListItem","position":3,"name":"P\u0141YN NA KOMARY I KLESZCZE 100ml DO 7h OCHRONY BROS"}]},{"@type":"WebSite","@id":"https:\/\/bobimarket.pl\/#website","url":"https:\/\/bobimarket.pl\/","name":"BOBIMARKET.pl - Remontuj i urz\u0105dzaj z nami","description":"Remontuj i urz\u0105dzaj z nami","publisher":{"@id":"https:\/\/bobimarket.pl\/#organization"},"potentialAction":[{"@type":"SearchAction","target":{"@type":"EntryPoint","urlTemplate":"https:\/\/bobimarket.pl\/?s={search_term_string}"},"query-input":"required name=search_term_string"}],"inLanguage":"pl-PL"},{"@type":"Organization","@id":"https:\/\/bobimarket.pl\/#organization","name":"BOBIMARKET.pl","url":"https:\/\/bobimarket.pl\/","logo":{"@type":"ImageObject","inLanguage":"pl-PL","@id":"https:\/\/bobimarket.pl\/#\/schema\/logo\/image\/","url":"https:\/\/bobimarket.pl\/wp-content\/uploads\/2021\/11\/slogan.png","contentUrl":"https:\/\/bobimarket.pl\/wp-content\/uploads\/2021\/11\/slogan.png","width":2000,"height":384,"caption":"BOBIMARKET.pl"},"image":{"@id":"https:\/\/bobimarket.pl\/#\/schema\/logo\/image\/"}}]}},"_links":{"self":[{"href":"https:\/\/bobimarket.pl\/index.php\/wp-json\/wp\/v2\/product\/97484"}],"collection":[{"href":"https:\/\/bobimarket.pl\/index.php\/wp-json\/wp\/v2\/product"}],"about":[{"href":"https:\/\/bobimarket.pl\/index.php\/wp-json\/wp\/v2\/types\/product"}],"wp:featuredmedia":[{"embeddable":true,"href":"https:\/\/bobimarket.pl\/index.php\/wp-json\/wp\/v2\/media\/97477"}],"wp:attachment":[{"href":"https:\/\/bobimarket.pl\/index.php\/wp-json\/wp\/v2\/media?parent=97484"}],"wp:term":[{"taxonomy":"product_cat","embeddable":true,"href":"https:\/\/bobimarket.pl\/index.php\/wp-json\/wp\/v2\/product_cat?post=97484"},{"taxonomy":"product_tag","embeddable":true,"href":"https:\/\/bobimarket.pl\/index.php\/wp-json\/wp\/v2\/product_tag?post=97484"}],"curies":[{"name":"wp","href":"https:\/\/api.w.org\/{rel}","templated":true}]}}